{"id":14054,"date":"2021-03-19T12:33:31","date_gmt":"2021-03-19T22:33:31","guid":{"rendered":"https:\/\/www.service-public.pf\/sau\/?page_id=14054"},"modified":"2024-07-25T15:07:53","modified_gmt":"2024-07-26T01:07:53","slug":"pga-de-hiva-oa-2","status":"publish","type":"page","link":"https:\/\/www.service-public.pf\/dca\/pga-de-hiva-oa-2\/","title":{"rendered":"PGA de Hiva Oa"},"content":{"rendered":"<div class=\"fusion-fullwidth fullwidth-box fusion-builder-row-1 fusion-flex-container nonhundred-percent-fullwidth non-hundred-percent-height-scrolling\" style=\"--awb-border-radius-top-left:0px;--awb-border-radius-top-right:0px;--awb-border-radius-bottom-right:0px;--awb-border-radius-bottom-left:0px;--awb-background-image:linear-gradient(180deg, rgba(255,255,255,0) 0%,rgba(0,0,0,0.01) 100%);--awb-flex-wrap:wrap;\" ><div class=\"fusion-builder-row fusion-row fusion-flex-align-items-flex-start fusion-flex-content-wrap\" style=\"max-width:104%;margin-left: calc(-4% \/ 2 );margin-right: calc(-4% \/ 2 );\"><div class=\"fusion-layout-column fusion_builder_column fusion-builder-column-0 fusion_builder_column_1_1 1_1 fusion-flex-column\" style=\"--awb-padding-left:50px;--awb-bg-size:cover;--awb-width-large:100%;--awb-margin-top-large:0px;--awb-spacing-right-large:1.92%;--awb-margin-bottom-large:0px;--awb-spacing-left-large:1.92%;--awb-width-medium:100%;--awb-spacing-right-medium:1.92%;--awb-spacing-left-medium:1.92%;--awb-width-small:100%;--awb-spacing-right-small:1.92%;--awb-spacing-left-small:1.92%;\"><div class=\"fusion-column-wrapper fusion-flex-justify-content-flex-start fusion-content-layout-column\"><div class=\"fusion-text fusion-text-1\"><div class=\"cartouche\">\n<h2>PGA DE HIVA OA<\/h2>\n<\/div>\n<div class=\"chapo\">\n<p>\u00a0\u00bb <a href=\"https:\/\/www.service-public.pf\/sau\/wp-content\/uploads\/sites\/26\/2021\/03\/Arrete-n730-CM-du-06-mai-2009-JOPF-36NS-du-5-juin-2009.pdf\" target=\"_blank\" rel=\"noopener noreferrer\">Arr\u00eat\u00e9 N730 CM Du 06 Mai 2009 JOPF 36NS Du 5 Juin 2009<\/a><\/p>\n<p>\u00bb\u00a0<strong>Liste des pi\u00e8ces<\/strong><\/p>\n<blockquote>\n<ul class=\"spip\">\n<li><a href=\"https:\/\/www.service-public.pf\/sau\/wp-content\/uploads\/sites\/26\/2021\/03\/323-1a-Zonage-Atuona-5000e.pdf\" target=\"_blank\" rel=\"noopener noreferrer\">323 1a Zonage Atuona 5000\u00e8me<\/a><\/li>\n<li><a href=\"https:\/\/www.service-public.pf\/sau\/wp-content\/uploads\/sites\/26\/2021\/03\/323-1b-ER-Atuona-5000e.pdf\" target=\"_blank\" rel=\"noopener noreferrer\">323 1b ER Atuona 5000\u00e8me<\/a><\/li>\n<li><a href=\"https:\/\/www.service-public.pf\/sau\/wp-content\/uploads\/sites\/26\/2021\/03\/323-2a-Zonage-Puamau-5000e.pdf\" target=\"_blank\" rel=\"noopener noreferrer\">323 2a Zonage Puamau 5000\u00e8me<\/a><\/li>\n<li><a href=\"https:\/\/www.service-public.pf\/sau\/wp-content\/uploads\/sites\/26\/2021\/03\/323-2c-Zonage-vallees-au-nord-5000e.pdf\" target=\"_blank\" rel=\"noopener noreferrer\">323 2c Zonage Vall\u00e9es Au Nord 5000\u00e8me<\/a><\/li>\n<li><a href=\"https:\/\/www.service-public.pf\/sau\/wp-content\/uploads\/sites\/26\/2021\/03\/323-Zonage-Commune-80000e.pdf\" target=\"_blank\" rel=\"noopener noreferrer\">323 Zonage Commune 80000\u00e8me<\/a><\/li>\n<\/ul>\n<\/blockquote>\n<p>\u00bb\u00a0Carte interactive du PGA de Hiva Oa : en cours de r\u00e9alisation<\/p>\n<p>\u00bb\u00a0<strong>Les documents<\/strong><\/p>\n<blockquote>\n<ul class=\"spip\">\n<li>En format papier sont consultables \u00e0 la Direction de la Construction et de l&rsquo;Am\u00e9nagement et \u00e0 la mairie.<\/li>\n<li>Les fichiers au format PDF peuvent \u00e9galement vous \u00eatre remis \u00e0 la Direction de la Construction et de l&rsquo;Am\u00e9nagement ou \u00e0 la mairie de Hiva Oa<\/li>\n<\/ul>\n<\/blockquote>\n<p>Pour toute information compl\u00e9mentaire, veuillez contacter la mairie de Hiva Oa<\/p>\n<\/div>\n<\/div><\/div><\/div><\/div><\/div>\n","protected":false},"excerpt":{"rendered":"","protected":false},"author":46,"featured_media":0,"parent":0,"menu_order":0,"comment_status":"closed","ping_status":"closed","template":"","meta":{"_seopress_robots_primary_cat":"","_seopress_titles_title":"","_seopress_titles_desc":"","_seopress_robots_index":"","footnotes":""},"class_list":["post-14054","page","type-page","status-publish","hentry"],"_links":{"self":[{"href":"https:\/\/www.service-public.pf\/dca\/wp-json\/wp\/v2\/pages\/14054","targetHints":{"allow":["GET"]}}],"collection":[{"href":"https:\/\/www.service-public.pf\/dca\/wp-json\/wp\/v2\/pages"}],"about":[{"href":"https:\/\/www.service-public.pf\/dca\/wp-json\/wp\/v2\/types\/page"}],"author":[{"embeddable":true,"href":"https:\/\/www.service-public.pf\/dca\/wp-json\/wp\/v2\/users\/46"}],"replies":[{"embeddable":true,"href":"https:\/\/www.service-public.pf\/dca\/wp-json\/wp\/v2\/comments?post=14054"}],"version-history":[{"count":1,"href":"https:\/\/www.service-public.pf\/dca\/wp-json\/wp\/v2\/pages\/14054\/revisions"}],"predecessor-version":[{"id":16654,"href":"https:\/\/www.service-public.pf\/dca\/wp-json\/wp\/v2\/pages\/14054\/revisions\/16654"}],"wp:attachment":[{"href":"https:\/\/www.service-public.pf\/dca\/wp-json\/wp\/v2\/media?parent=14054"}],"curies":[{"name":"wp","href":"https:\/\/api.w.org\/{rel}","templated":true}]}}