{"id":14322,"date":"2021-04-13T09:17:57","date_gmt":"2021-04-13T19:17:57","guid":{"rendered":"https:\/\/www.service-public.pf\/sau\/?page_id=14322"},"modified":"2023-08-24T09:25:21","modified_gmt":"2023-08-24T19:25:21","slug":"sage","status":"publish","type":"page","link":"https:\/\/www.service-public.pf\/dca\/sage\/","title":{"rendered":"SAGE"},"content":{"rendered":"<p><div class=\"fusion-fullwidth fullwidth-box fusion-builder-row-1 nonhundred-percent-fullwidth non-hundred-percent-height-scrolling fusion-equal-height-columns\" style=\"--awb-border-radius-top-left:0px;--awb-border-radius-top-right:0px;--awb-border-radius-bottom-right:0px;--awb-border-radius-bottom-left:0px;--awb-margin-top:0px;--awb-background-image:linear-gradient(180deg, rgba(255,255,255,0) 0%,rgba(0,0,0,0.01) 100%);--awb-flex-wrap:wrap;\" ><div class=\"fusion-builder-row fusion-row\"><div class=\"fusion-layout-column fusion_builder_column fusion-builder-column-0 fusion_builder_column_1_1 1_1 fusion-one-full fusion-column-first fusion-column-last fusion-column-no-min-height fusion-animated\" style=\"--awb-padding-top:0px;--awb-padding-right:0px;--awb-padding-bottom:0px;--awb-padding-left:0px;--awb-bg-size:cover;--awb-margin-bottom:0px;\" data-animationType=\"slideInRight\" data-animationDuration=\"0.7\" data-animationOffset=\"top-into-view\"><div class=\"fusion-column-wrapper fusion-column-has-shadow fusion-flex-column-wrapper-legacy\"><div class=\"fusion-text fusion-text-1 fusion-text-no-margin\" style=\"--awb-content-alignment:center;--awb-font-size:20px;--awb-margin-right:0px;--awb-margin-bottom:0px;--awb-margin-left:0px;\"><h1 style=\"text-align: center;background-color: #01d758;padding-left: 20px\"><strong>SCHEMA D\u2019AM\u00c9NAGEMENT G\u00c9N\u00c9RAL DE LA POLYN\u00c9SIE FRAN\u00c7AISE<\/strong><\/h1>\n<\/div><div class=\"fusion-clearfix\"><\/div><\/div><\/div><div class=\"fusion-layout-column fusion_builder_column fusion-builder-column-1 fusion_builder_column_1_1 1_1 fusion-one-full fusion-column-first fusion-column-last\" style=\"--awb-bg-size:cover;\"><div class=\"fusion-column-wrapper fusion-column-has-shadow fusion-flex-column-wrapper-legacy\"><div class=\"fusion-text fusion-text-2 fusion-text-no-margin\" style=\"--awb-content-alignment:center;--awb-font-size:20px;--awb-margin-right:0px;--awb-margin-bottom:0px;--awb-margin-left:0px;\"><h3><span style=\"font-size: 18pt\">Le comit\u00e9 de pilotage charg\u00e9 du suivi du SAGE s&rsquo;est r\u00e9uni le 18 janvier 2023 pour examiner un premier bilan d&rsquo;ex\u00e9cution deux ann\u00e9es apr\u00e8s son adoption. Le document ci-dessous pr\u00e9sente sous forme synth\u00e9tique les indicateurs de suivi du SAGE, qui seront actualis\u00e9s chaque ann\u00e9e d\u00e9sormais, afin de mesurer les effets du SAGE au regard des objectifs strat\u00e9giques pos\u00e9s.<br \/><\/span><\/h3>\n<\/div><div style=\"text-align:center;\"><div style=\"margin:50px 0px 4px;\"><\/div><iframe src=\"\/\/v.calameo.com\/?bkcode=007280607e2dcfeeb78e0\" width=\"100%\" height=\"650px\" frameborder=\"0\" scrolling=\"no\" allowtransparency allowfullscreen><\/iframe><div style=\"margin:0x 0px 0px;\"><div class=\"fusion-clearfix\"><\/div><\/div><\/div><\/div><\/div><div class=\"fusion-fullwidth fullwidth-box fusion-builder-row-2 nonhundred-percent-fullwidth non-hundred-percent-height-scrolling\" style=\"--awb-border-radius-top-left:0px;--awb-border-radius-top-right:0px;--awb-border-radius-bottom-right:0px;--awb-border-radius-bottom-left:0px;--awb-background-image:linear-gradient(180deg, rgba(255,255,255,0) 0%,rgba(0,0,0,0.01) 100%);--awb-flex-wrap:wrap;\" ><div class=\"fusion-builder-row fusion-row\"><div class=\"fusion-layout-column fusion_builder_column fusion-builder-column-2 fusion_builder_column_1_1 1_1 fusion-one-full fusion-column-first fusion-column-last\" style=\"--awb-bg-size:cover;--awb-margin-bottom:0px;\"><div class=\"fusion-column-wrapper fusion-flex-column-wrapper-legacy\"><div class=\"fusion-text fusion-text-3\"><blockquote>\n<h1 class=\"fusion-responsive-typography-calculated\" style=\"line-height: 1.4\" data-fontsize=\"34\" data-lineheight=\"47.6px\">SAGE adopt\u00e9<\/h1>\n<p>Par loi du pays n\u00b0 2020-10 LP\/APF du 6 juillet 2020 portant approbation du sch\u00e9ma d&rsquo;am\u00e9nagement g\u00e9n\u00e9ral de la Polyn\u00e9sie fran\u00e7aise (SAGE)<\/p>\n<ul>\n<li style=\"list-style-type: none\">\n<ul class=\"txt\">\n<li class=\"texte\"><a href=\"https:\/\/www.service-public.pf\/sau\/wp-content\/uploads\/sites\/26\/2021\/04\/COPIL-FINAL_131219.compressed.pdf\" target=\"_blank\" rel=\"noopener\">Comit\u00e9 de pilotage du 13 d\u00e9cembre 2019<\/a><\/li>\n<li class=\"texte\"><a href=\"https:\/\/www.service-public.pf\/sau\/wp-content\/uploads\/sites\/26\/2021\/04\/2019.451-Avis-CESEC-sur-SAGE.pdf\" target=\"_blank\" rel=\"noopener\">Avis CESEC<\/a><\/li>\n<li><a href=\"https:\/\/www.service-public.pf\/sau\/wp-content\/uploads\/sites\/26\/2021\/04\/Rapport-SAGE-definitif-GYD-signe.pdf\" target=\"_blank\" rel=\"noopener\">Rapport de synth\u00e8se de la commission d&rsquo;enqu\u00eate<\/a><\/li>\n<li><a title=\"Voir la brochure en langue fran\u00e7aise\" href=\"https:\/\/www.service-public.pf\/sau\/wp-content\/uploads\/sites\/26\/2021\/04\/0.0-AVIS-ENQUETE-PUBLIQUE-SAGE-FRANCAIS.compressed.pdf\" target=\"_blank\" rel=\"noopener\">Avis d\u2019enqu\u00eate publique en fran\u00e7ais<\/a><\/li>\n<li><a href=\"https:\/\/www.service-public.pf\/sau\/wp-content\/uploads\/sites\/26\/2021\/04\/0.0-AVIS-ENQUETE-PUBLIQUE-SAGE-TAHITIEN.compressed.pdf\" target=\"_blank\" rel=\"noopener\"> Avis d\u2019enqu\u00eate publique en tahitien<\/a><\/li>\n<\/ul>\n<\/li>\n<li>\n<h1 class=\"fusion-responsive-typography-calculated\" style=\"line-height: 1.4\" data-fontsize=\"34\" data-lineheight=\"47.6px\">Livre 1<\/h1>\n<ul class=\"txt\">\n<li><a title=\"Consulter le Livre 1, au format PDF\" href=\"https:\/\/www.service-public.pf\/dca\/wp-content\/uploads\/sites\/26\/2023\/08\/64e5572245b59.pdf\" target=\"_blank\" rel=\"noopener\">Rapport de pr\u00e9sentation du SAGE<\/a><\/li>\n<\/ul>\n<\/li>\n<li>\n<h1 class=\"fusion-responsive-typography-calculated\" style=\"line-height: 1.4\" data-fontsize=\"34\" data-lineheight=\"47.6px\">Livre 2<\/h1>\n<h2 class=\"fusion-responsive-typography-calculated\" style=\"line-height: 1.5\" data-fontsize=\"24\" data-lineheight=\"36px\">Projet d\u2019am\u00e9nagement et de d\u00e9veloppement durable (PADD) comprenant :<\/h2>\n<ul>\n<li><a title=\"Consulter le Livre 2 - PADD du Fenua, au format PDF\" href=\"https:\/\/www.service-public.pf\/dca\/wp-content\/uploads\/sites\/26\/2023\/08\/64e557af69e57.pdf\" target=\"_blank\" rel=\"noopener\"> Le PADD du Fenua<\/a> et son organisation territoriale ainsi que :<\/li>\n<li><a title=\"Consulter le Livre 2 - sch\u00e9ma de l\u2019archipel des \u00eeles-du-Vent, au format PDF\" href=\"https:\/\/www.service-public.pf\/dca\/wp-content\/uploads\/sites\/26\/2023\/08\/64e558205fc8f.pdf\" target=\"_blank\" rel=\"noopener\">Le sch\u00e9ma de l\u2019archipel des \u00eeles-du-Vent<\/a> : document d\u2019orientation g\u00e9n\u00e9rale (DOG), sch\u00e9ma d\u2019implantation des \u00e9quipements d\u2019int\u00e9r\u00eat territorial et trame verte et bleue (TVB)<\/li>\n<li><a title=\"Consulter le Livre 2 - sch\u00e9ma de l\u2019archipel des \u00eeles-sous-le-Vent, au format PDF\" href=\"https:\/\/www.service-public.pf\/dca\/wp-content\/uploads\/sites\/26\/2023\/08\/64e558821aef3.pdf\" target=\"_blank\" rel=\"noopener\">Le sch\u00e9ma de l\u2019archipel des Iles-sous-le-Vent<\/a> : document d\u2019orientation g\u00e9n\u00e9rale (DOG), sch\u00e9ma d\u2019implantation des \u00e9quipements d\u2019int\u00e9r\u00eat territorial et trame verte et bleue (TVB) ;<\/li>\n<li><a title=\"Consulter le Livre 2 - sch\u00e9ma de l\u2019archipel des \u00eeles Australes, au format PDF\" href=\"https:\/\/www.service-public.pf\/dca\/wp-content\/uploads\/sites\/26\/2023\/08\/64e5590c3f0cb.pdf\" target=\"_blank\" rel=\"noopener\">Le sch\u00e9ma de l\u2019archipel des Australes<\/a> : document d\u2019orientation g\u00e9n\u00e9rale (DOG), sch\u00e9ma d\u2019implantation des \u00e9quipements d\u2019int\u00e9r\u00eat territorial et trame verte et bleue (TVB) ;<\/li>\n<li><a title=\"Consulter le Livre 2 - sch\u00e9ma de l\u2019archipel des \u00eeles Marquises, au format PDF\" href=\"https:\/\/www.service-public.pf\/dca\/wp-content\/uploads\/sites\/26\/2023\/08\/64e55955a18c5.pdf\" target=\"_blank\" rel=\"noopener\">Le sch\u00e9ma de l\u2019archipel des Marquises<\/a> : document d\u2019orientation g\u00e9n\u00e9rale (DOG), sch\u00e9ma d\u2019implantation des \u00e9quipements d\u2019int\u00e9r\u00eat territorial et trame verte et bleue (TVB) ;<\/li>\n<li><a title=\"Consulter le Livre 2 - sch\u00e9ma de l\u2019archipel des Tuamotu-Gambier, au format PDF\" href=\"https:\/\/www.service-public.pf\/dca\/wp-content\/uploads\/sites\/26\/2023\/08\/64e558cdc6e1b.pdf\" target=\"_blank\" rel=\"noopener\">Le sch\u00e9ma de l\u2019archipel des Tuamotu et Gambier<\/a> : document d\u2019orientation g\u00e9n\u00e9rale (DOG), sch\u00e9ma d\u2019implantation des \u00e9quipements d\u2019int\u00e9r\u00eat territorial et trame verte et bleue (TVB) ;<\/li>\n<li><a title=\"Voir la note gouvernance\" href=\"https:\/\/www.service-public.pf\/sau\/wp-content\/uploads\/sites\/26\/2021\/04\/3.1-NOTE-GOUVERNANCE.pdf\" target=\"_blank\" rel=\"noopener\">Note gouvernance<\/a><\/li>\n<li><a title=\"Voir la note suivi d'\u00e9valuation\" href=\"https:\/\/www.service-public.pf\/sau\/wp-content\/uploads\/sites\/26\/2021\/04\/3.2-NOTE-SUIVI-EVALUATION.pdf\" target=\"_blank\" rel=\"noopener\">Note suivi d&rsquo;\u00e9valuation<\/a><\/li>\n<\/ul>\n<\/li>\n<\/ul>\n<\/blockquote>\n<\/div><div class=\"fusion-clearfix\"><\/div><\/div><\/div><\/div><\/div><div class=\"fusion-fullwidth fullwidth-box fusion-builder-row-3 nonhundred-percent-fullwidth non-hundred-percent-height-scrolling\" style=\"--awb-border-radius-top-left:0px;--awb-border-radius-top-right:0px;--awb-border-radius-bottom-right:0px;--awb-border-radius-bottom-left:0px;--awb-background-image:linear-gradient(180deg, rgba(255,255,255,0) 0%,rgba(0,0,0,0.01) 100%);--awb-flex-wrap:wrap;\" ><div class=\"fusion-builder-row fusion-row\"><div class=\"fusion-layout-column fusion_builder_column fusion-builder-column-3 fusion_builder_column_1_2 1_2 fusion-one-half fusion-column-first\" style=\"--awb-bg-size:cover;--awb-margin-bottom:0px;width:48%; margin-right: 4%;\"><div class=\"fusion-column-wrapper fusion-flex-column-wrapper-legacy\"><div class=\"fusion-text fusion-text-4\"><blockquote>\n<ul>\n<li>\n<h1 class=\"fusion-responsive-typography-calculated\" style=\"line-height: 1.4\" data-fontsize=\"34\" data-lineheight=\"47.6px\">Cartographies<\/h1>\n<ul>\n<li>\n<h2 class=\"fusion-responsive-typography-calculated\" style=\"line-height: 1.5\" data-fontsize=\"24\" data-lineheight=\"36px\">\u00c9tat des lieux<\/h2>\n<p><strong> de la Polyn\u00e9sie et de ses archipels :<\/strong><\/p>\n<ul class=\"txt\">\n<li><a title=\"Consulter le Livre 2 - Diagnostic Fenua, au format PDF\" href=\"https:\/\/www.service-public.pf\/sau\/wp-content\/uploads\/sites\/26\/2021\/04\/1.01-DIAGNOSTIC-FENUA.compressed.pdf\" target=\"_blank\" rel=\"noopener\">FENUA<\/a><\/li>\n<li><a title=\"Consulter le Livre 2 - Diagnostic IDV, au format PDF\" href=\"https:\/\/drive.google.com\/file\/d\/1tDhb0z786xNk4fAHbI7-xG9KJqEQU3KJ\/view?usp=sharing\" target=\"_blank\" rel=\"noopener\">\u00ceLES DU VENT<\/a><\/li>\n<li><a title=\"Consulter le Livre 2 - Diagnostic ISLV, au format PDF\" href=\"https:\/\/www.service-public.pf\/sau\/wp-content\/uploads\/sites\/26\/2021\/04\/1.03-DIAGNOSTIC-ISLV.compressed.pdf\" target=\"_blank\" rel=\"noopener\">\u00ceLES SOUS LE VENT<\/a><\/li>\n<li><a title=\"Consulter le Livre 2 - Diagnostic TG, au format PDF\" href=\"https:\/\/www.service-public.pf\/sau\/wp-content\/uploads\/sites\/26\/2021\/04\/1.04-DIAGNOSTIC-TG.compressed.pdf\" target=\"_blank\" rel=\"noopener\">TUAMOTU GAMBIER<\/a><\/li>\n<li><a title=\"Consulter le Livre 2 - Diagnostic Australes, au format PDF\" href=\"https:\/\/www.service-public.pf\/sau\/wp-content\/uploads\/sites\/26\/2021\/04\/1.05-DIAGNOSTIC-AUSTRALES.compressed.pdf\" target=\"_blank\" rel=\"noopener\">\u00ceLES AUSTRALES<\/a><\/li>\n<li><a title=\"Consulter le Livre 2 - Diagnostic Marquises, au format PDF\" href=\"https:\/\/www.service-public.pf\/sau\/wp-content\/uploads\/sites\/26\/2021\/04\/1.06-DIAGNOSTIC-MARQUISES.compressed.pdf\" target=\"_blank\" rel=\"noopener\">\u00ceLES MARQUISES<\/a><\/li>\n<\/ul>\n<\/li>\n<li>\n<h2 class=\"fusion-responsive-typography-calculated\" style=\"line-height: 1.5\" data-fontsize=\"24\" data-lineheight=\"36px\">Analyse des forces et faiblesses<\/h2>\n<p><strong> de la Polyn\u00e9sie et de ses archipels :<\/strong><\/p>\n<ul class=\"txt\">\n<li><a title=\"Consulter les Forces et faiblesses du Fenua, au format PDF\" href=\"\/Users\/Administrateur\/Documents\/html\/OLD\/html\/ep\/SAGE\/sage-sept19\/1.07%20FORCES%20FAIBLESSES%20FENUA.compressed.pdf\" target=\"_blank\" rel=\"noopener\">FENUA<\/a><\/li>\n<li><a title=\"Consulter les Forces et faiblesses des IDV, au format PDF\" href=\"https:\/\/www.service-public.pf\/sau\/wp-content\/uploads\/sites\/26\/2021\/04\/1.08-FORCES-FAIBLESSES-IDV.compressed.pdf\" target=\"_blank\" rel=\"noopener\">\u00ceLES DU VENT<\/a><\/li>\n<li><a title=\"Consulter les Forces et faiblesses des ISLV, au format PDF\" href=\"\/Users\/Administrateur\/Documents\/html\/OLD\/html\/ep\/SAGE\/sage-sept19\/1.09%20FORCES%20FAIBLESSES%20ISLV.compressed.pdf\" target=\"_blank\" rel=\"noopener\">\u00ceLES SOUS LE VENT<\/a><\/li>\n<li><a title=\"Consulter les Forces et faiblesses des TG, au format PDF\" href=\"https:\/\/www.service-public.pf\/sau\/wp-content\/uploads\/sites\/26\/2021\/04\/1.10-FORCES-FAIBLESSES-TG.compressed.pdf\" target=\"_blank\" rel=\"noopener\">TUAMOTU GAMBIER<\/a><\/li>\n<li><a title=\"Consulter les Forces et faiblesses des \u00edles Australes, au format PDF\" href=\"\/Users\/Administrateur\/Documents\/html\/OLD\/html\/ep\/SAGE\/sage-sept19\/1.11%20FORCES%20FAIBLESSES%20AUSTRALES.compressed.pdf\" target=\"_blank\" rel=\"noopener\">\u00ceLES AUSTRALES<\/a><\/li>\n<li><a title=\"Consulter les Forces et faiblesses des \u00edles Marquises, au format PDF\" href=\"\/Users\/Administrateur\/Documents\/html\/OLD\/html\/ep\/SAGE\/sage-sept19\/1.12%20FORCES%20FAIBLESSES%20MARQUISES.compressed.pdf\" target=\"_blank\" rel=\"noopener\">\u00ceLES MARQUISES<\/a><\/li>\n<\/ul>\n<\/li>\n<li>\n<h2 class=\"fusion-responsive-typography-calculated\" style=\"line-height: 1.5\" data-fontsize=\"24\" data-lineheight=\"36px\">Enjeux et d\u00e9fis prioritaires<\/h2>\n<ul class=\"txt\">\n<li><a title=\"Consulter les Enjeux et d\u00e9fis du Fenua, au format PDF\" href=\"https:\/\/www.service-public.pf\/sau\/wp-content\/uploads\/sites\/26\/2021\/04\/1.13-ENJEUX-DEFIS-FENUA.compressed.pdf\" target=\"_blank\" rel=\"noopener\"> FENUA<\/a><\/li>\n<li><a title=\"Consulter les Enjeux et d\u00e9fis des IDV, au format PDF\" href=\"https:\/\/www.service-public.pf\/sau\/wp-content\/uploads\/sites\/26\/2021\/04\/1.14-ENJEUX-DEFIS-IDV.compressed.pdf\" target=\"_blank\" rel=\"noopener\">\u00ceLES DU VENT<\/a><\/li>\n<li><a title=\"Consulter les Enjeux et d\u00e9fis des ISLV, au format PDF\" href=\"https:\/\/www.service-public.pf\/sau\/wp-content\/uploads\/sites\/26\/2021\/04\/1.15-ENJEUX-DEFIS-ISLV.compressed.pdf\" target=\"_blank\" rel=\"noopener\">\u00ceLES SOUS LE VENT<\/a><\/li>\n<li><a title=\"Consulter les Enjeux et d\u00e9fis des TG, au format PDF\" href=\"https:\/\/www.service-public.pf\/sau\/wp-content\/uploads\/sites\/26\/2021\/04\/1.16-ENJEUX-DEFIS-TG.compressed.pdf\" target=\"_blank\" rel=\"noopener\">TUAMOTU GAMBIER<\/a><\/li>\n<li><a title=\"Consulter les Enjeux et d\u00e9fis des Australes, au format PDF\" href=\"https:\/\/www.service-public.pf\/sau\/wp-content\/uploads\/sites\/26\/2021\/04\/1.17-ENJEUX-DEFIS-AUSTRALES.compressed.pdf\" target=\"_blank\" rel=\"noopener\">\u00ceLES AUSTRALES<\/a><\/li>\n<li><a title=\"Consulter les Enjeux et d\u00e9fis des Marquises, au format PDF\" href=\"\/Users\/Administrateur\/Documents\/html\/OLD\/html\/ep\/SAGE\/sage-sept19\/1.18%20ENJEUX%20DEFIS%20MARQUISES.compressed.pdf\" target=\"_blank\" rel=\"noopener\">\u00ceLES MARQUISES<\/a><\/li>\n<\/ul>\n<\/li>\n<li>\n<h2 class=\"fusion-responsive-typography-calculated\" style=\"line-height: 1.5\" data-fontsize=\"24\" data-lineheight=\"36px\">Les trois sc\u00e9narii<\/h2>\n<p><strong>de d\u00e9veloppement prospectif pour le Fenua :<\/strong><\/p>\n<ul class=\"txt\">\n<li><a title=\"Consulter le sc\u00e9nario 1, au format PDF\" href=\"https:\/\/www.service-public.pf\/sau\/wp-content\/uploads\/sites\/26\/2021\/04\/2.01-SCENARIO-1.compressed.pdf\" target=\"_blank\" rel=\"noopener\">Sc\u00e9nario 1<\/a><\/li>\n<li><a title=\"Consulter le sc\u00e9nario 2, au format PDF\" href=\"https:\/\/www.service-public.pf\/sau\/wp-content\/uploads\/sites\/26\/2021\/04\/2.02-SCENARIO-2.compressed.pdf\" target=\"_blank\" rel=\"noopener\">Sc\u00e9nario 2<\/a><\/li>\n<li><a title=\"Consulter le sc\u00e9nario 3, au format PDF\" href=\"https:\/\/www.service-public.pf\/sau\/wp-content\/uploads\/sites\/26\/2021\/04\/2.03-SCENARIO-3.compressed.pdf\" target=\"_blank\" rel=\"noopener\">Sc\u00e9nario 3<\/a><\/li>\n<li><a title=\"Consulter la omparaison des sc\u00e9narii, au format PDF\" href=\"https:\/\/www.service-public.pf\/sau\/wp-content\/uploads\/sites\/26\/2021\/04\/2.04-COMPARAISON-SCENARII.compressed.pdf\" target=\"_blank\" rel=\"noopener\">Comparaison des sc\u00e9narii<\/a><\/li>\n<\/ul>\n<\/li>\n<\/ul>\n<\/li>\n<\/ul>\n<\/blockquote>\n<\/div><div class=\"fusion-clearfix\"><\/div><\/div><\/div><div class=\"fusion-layout-column fusion_builder_column fusion-builder-column-4 fusion_builder_column_1_2 1_2 fusion-one-half fusion-column-last\" style=\"--awb-bg-size:cover;width:48%;\"><div class=\"fusion-column-wrapper fusion-column-has-shadow fusion-flex-column-wrapper-legacy\"><div class=\"fusion-text fusion-text-5\"><blockquote>\n<ul>\n<li class=\"fusion-responsive-typography-calculated\" style=\"line-height: 1.5\" data-fontsize=\"24\" data-lineheight=\"36px\">\n<h2><strong>Sch\u00e9ma <span style=\"font-size: 18pt\">d\u2019organisation<\/span> territoriale<\/strong><\/h2>\n<\/li>\n<li style=\"list-style-type: none\">\n<ul>\n<li style=\"list-style-type: none\">\n<ul class=\"txt\">\n<li><a title=\"Consulter le sc\u00e9nario de r\u00e9f\u00e9rence, au format PDF\" href=\"https:\/\/drive.google.com\/file\/d\/1hil2YCcFpYu3wFukCMQlvG_qNxyUKjJD\/view?usp=sharing\" target=\"_blank\" rel=\"noopener\">Sc\u00e9nario de r\u00e9f\u00e9rence<\/a><\/li>\n<\/ul>\n<\/li>\n<li>\n<h2 class=\"fusion-responsive-typography-calculated\" style=\"line-height: 1.5\" data-fontsize=\"24\" data-lineheight=\"36px\">Sch\u00e9mas de vocation et d\u2019\u00e9quipement :<\/h2>\n<ul class=\"txt\">\n<li><a title=\"Consulter le Sch\u00e9ma \u00e9quipements des IDV, au format PDF\" href=\"\/Users\/Administrateur\/Documents\/html\/OLD\/html\/ep\/SAGE\/sage-sept19\/2.06%20SCHEMA%20EQUIPEMENT%20IDV.compressed.pdf\" target=\"_blank\" rel=\"noopener\">\u00ceLES DU VENT<\/a><\/li>\n<li><a title=\"Consulter le Sch\u00e9ma \u00e9quipements des ISLV, au format PDF\" href=\"https:\/\/www.service-public.pf\/sau\/wp-content\/uploads\/sites\/26\/2021\/04\/2.07-SCHEMA-EQUIPEMENTS-ISLV.compressed.pdf\" target=\"_blank\" rel=\"noopener\">\u00ceLES SOUS LE VENT<\/a><\/li>\n<li><a title=\"Consulter le Sch\u00e9ma \u00e9quipements des TG, au format PDF\" href=\"https:\/\/www.service-public.pf\/sau\/wp-content\/uploads\/sites\/26\/2021\/04\/2.08-SCHEMA-EQUIPEMENTS-TG.compressed.pdf\" target=\"_blank\" rel=\"noopener\">TUAMOTU GAMBIER<\/a><\/li>\n<li><a title=\"Consulter le Sch\u00e9ma \u00e9quipements des Australes, au format PDF\" href=\"https:\/\/www.service-public.pf\/sau\/wp-content\/uploads\/sites\/26\/2021\/04\/2.09-SCHEMA-EQUIPEMENT-AUSTRALES.compressed.pdf\" target=\"_blank\" rel=\"noopener\">\u00ceLES AUSTRALES<\/a><\/li>\n<li><a title=\"Consulter le Sch\u00e9ma \u00e9quipements des Marquises, au format PDF\" href=\"https:\/\/www.service-public.pf\/sau\/wp-content\/uploads\/sites\/26\/2021\/04\/2.10-SCHEMA-EQUIPEMENTS-MARQUISES.compressed.pdf\" target=\"_blank\" rel=\"noopener\">\u00ceLES MARQUISES<\/a><\/li>\n<\/ul>\n<\/li>\n<li>\n<h2 class=\"fusion-responsive-typography-calculated\" style=\"line-height: 1.5\" data-fontsize=\"24\" data-lineheight=\"36px\">Zonage de la trame verte et bleue des :<\/h2>\n<ul class=\"txt\">\n<li><a title=\"Consulter la trame verte et bleue des IDV, au format PDF\" href=\"https:\/\/www.service-public.pf\/sau\/wp-content\/uploads\/sites\/26\/2021\/04\/2.11-TRAME-VERTE-ET-BLEUE-IDV.compressed.pdf\" target=\"_blank\" rel=\"noopener\">\u00ceLES DU VENT<\/a><\/li>\n<li><a title=\"Consulter la trame verte et bleue des ISLV, au format PDF\" href=\"https:\/\/www.service-public.pf\/sau\/wp-content\/uploads\/sites\/26\/2021\/04\/2.12-TRAME-VERTE-ET-BLEUE-ISLV.compressed.pdf\" target=\"_blank\" rel=\"noopener\">\u00ceLES SOUS LE VENT<\/a><\/li>\n<li><a title=\"Consulter la trame verte et bleue des TG, au format PDF\" href=\"https:\/\/www.service-public.pf\/sau\/wp-content\/uploads\/sites\/26\/2021\/04\/2.13-TRAME-VERTE-ET-BLEUE-TG.compressed.pdf\" target=\"_blank\" rel=\"noopener\">TUAMOTU GAMBIER<\/a><\/li>\n<li><a title=\"Consulter la trame verte et bleue des Australes, au format PDF\" href=\"https:\/\/www.service-public.pf\/sau\/wp-content\/uploads\/sites\/26\/2021\/04\/2.14-TRAME-VERTE-ET-BLEUE-AUSTRALES.compressed.pdf\" target=\"_blank\" rel=\"noopener\">\u00ceLES AUSTRALES<\/a><\/li>\n<li><a title=\"Consulter la trame verte et bleue des Marquises, au format PDF\" href=\"https:\/\/www.service-public.pf\/sau\/wp-content\/uploads\/sites\/26\/2021\/04\/2.15-TRAME-VERTE-ET-BLEUE-MARQUISES.compressed.pdf\" target=\"_blank\" rel=\"noopener\">\u00ceLES MARQUISES<\/a><\/li>\n<\/ul>\n<\/li>\n<li>\n<h2 class=\"fusion-responsive-typography-calculated\" style=\"line-height: 1.5\" data-fontsize=\"24\" data-lineheight=\"36px\">Blocs-diagramme<\/h2>\n<p><strong>de principes d\u2019am\u00e9nagement par archipel<\/strong><\/p>\n<ul class=\"txt\">\n<li><a title=\"Consulter Principes d\u2019am\u00e9nagement des IDV, au format PDF\" href=\"https:\/\/www.service-public.pf\/sau\/wp-content\/uploads\/sites\/26\/2021\/04\/2.16-PRINCIPES-AMENAGEMENT-IDV.compressed.pdf\" target=\"_blank\" rel=\"noopener\">\u00ceLES DU VENT<\/a><\/li>\n<li><a title=\"Consulter Principes d\u2019am\u00e9nagement des ISLV, au format PDF\" href=\"https:\/\/www.service-public.pf\/sau\/wp-content\/uploads\/sites\/26\/2021\/04\/2.17-PRINCIPES-AMENAGEMENT-ISLV.compressed.pdf\" target=\"_blank\" rel=\"noopener\">\u00ceLES SOUS LE VENT<\/a><\/li>\n<li><a title=\"Consulter Principes d\u2019am\u00e9nagement des TG, au format PDF\" href=\"https:\/\/www.service-public.pf\/sau\/wp-content\/uploads\/sites\/26\/2021\/04\/2.18-PRINCIPES-AMENAGEMENT-TG.compressed.pdf\" target=\"_blank\" rel=\"noopener\">TUAMOTU GAMBIER<\/a><\/li>\n<li><a title=\"Consulter Principes d\u2019am\u00e9nagement des Australes, au format PDF\" href=\"https:\/\/www.service-public.pf\/sau\/wp-content\/uploads\/sites\/26\/2021\/04\/2.19-PRINCIPES-AMENAGEMENT-AUSTRALES.compressed.pdf\" target=\"_blank\" rel=\"noopener\">\u00ceLES AUSTRALES<\/a><\/li>\n<li><a title=\"Consulter Principes d\u2019am\u00e9nagement des Marquises, au format PDF\" href=\"https:\/\/www.service-public.pf\/sau\/wp-content\/uploads\/sites\/26\/2021\/04\/2.20-PRINCIPES-AMENAGEMENT-MARQUISES.compressed.pdf\" target=\"_blank\" rel=\"noopener\">\u00ceLES MARQUISES<\/a><\/li>\n<\/ul>\n<\/li>\n<\/ul>\n<\/li>\n<li>\n<h1 class=\"fusion-responsive-typography-calculated\" style=\"line-height: 1.4\" data-fontsize=\"34\" data-lineheight=\"47.6px\">Pr\u00e9sentations<\/h1>\n<ol class=\"txt\">\n<li><a href=\"https:\/\/www.service-public.pf\/sau\/wp-content\/uploads\/sites\/26\/2021\/04\/1-INTRODUCTION.pdf\" target=\"_blank\" rel=\"noopener\">INTRODUCTION<\/a><\/li>\n<li><a href=\"https:\/\/www.service-public.pf\/sau\/wp-content\/uploads\/sites\/26\/2021\/04\/2-FENUA.pdf\" target=\"_blank\" rel=\"noopener\">PADD du fenua<\/a><\/li>\n<li>SCH\u00c9MA D&rsquo;ARCHIPEL des :\n<ul class=\"txt\">\n<li><a href=\"https:\/\/www.service-public.pf\/sau\/wp-content\/uploads\/sites\/26\/2021\/04\/3-IDV.pdf\" target=\"_blank\" rel=\"noopener\">\u00celes Du Vent<\/a><\/li>\n<li><a href=\"https:\/\/www.service-public.pf\/sau\/wp-content\/uploads\/sites\/26\/2021\/04\/4-ISLV.pdf\" target=\"_blank\" rel=\"noopener\"> \u00celes Sous-Le-Vent<\/a><\/li>\n<li><a href=\"https:\/\/www.service-public.pf\/sau\/wp-content\/uploads\/sites\/26\/2021\/04\/5-TG.pdf\" target=\"_blank\" rel=\"noopener\">Tuamotu Gambier<\/a><\/li>\n<li><a href=\"https:\/\/www.service-public.pf\/sau\/wp-content\/uploads\/sites\/26\/2021\/04\/6-AUST.pdf\" target=\"_blank\" rel=\"noopener\">\u00celes Australes<\/a><\/li>\n<li><a href=\"https:\/\/www.service-public.pf\/sau\/wp-content\/uploads\/sites\/26\/2021\/04\/7-MARQ.pdf\" target=\"_blank\" rel=\"noopener\">\u00celes Marquises<\/a><\/li>\n<\/ul>\n<\/li>\n<\/ol>\n<\/li>\n<\/ul>\n<\/blockquote>\n<\/div><div class=\"fusion-clearfix\"><\/div><\/div><\/div><\/div><\/div><\/p>\n","protected":false},"excerpt":{"rendered":"","protected":false},"author":46,"featured_media":0,"parent":0,"menu_order":0,"comment_status":"closed","ping_status":"closed","template":"","meta":{"_seopress_robots_primary_cat":"","_seopress_titles_title":"","_seopress_titles_desc":"","_seopress_robots_index":"","footnotes":""},"class_list":["post-14322","page","type-page","status-publish","hentry"],"_links":{"self":[{"href":"https:\/\/www.service-public.pf\/dca\/wp-json\/wp\/v2\/pages\/14322","targetHints":{"allow":["GET"]}}],"collection":[{"href":"https:\/\/www.service-public.pf\/dca\/wp-json\/wp\/v2\/pages"}],"about":[{"href":"https:\/\/www.service-public.pf\/dca\/wp-json\/wp\/v2\/types\/page"}],"author":[{"embeddable":true,"href":"https:\/\/www.service-public.pf\/dca\/wp-json\/wp\/v2\/users\/46"}],"replies":[{"embeddable":true,"href":"https:\/\/www.service-public.pf\/dca\/wp-json\/wp\/v2\/comments?post=14322"}],"version-history":[{"count":0,"href":"https:\/\/www.service-public.pf\/dca\/wp-json\/wp\/v2\/pages\/14322\/revisions"}],"wp:attachment":[{"href":"https:\/\/www.service-public.pf\/dca\/wp-json\/wp\/v2\/media?parent=14322"}],"curies":[{"name":"wp","href":"https:\/\/api.w.org\/{rel}","templated":true}]}}