{"id":1295,"date":"2020-02-21T00:33:02","date_gmt":"2020-02-20T23:33:02","guid":{"rendered":"https:\/\/www.service-public.pf\/dcp\/?page_id=1295"},"modified":"2022-07-14T05:15:13","modified_gmt":"2022-07-14T15:15:13","slug":"homepage-temporaire","status":"publish","type":"page","link":"https:\/\/www.service-public.pf\/dcp\/homepage-temporaire\/","title":{"rendered":"DCP &#8211; Direction de la Culture et du Patrimoine"},"content":{"rendered":"<p><div class=\"fusion-fullwidth fullwidth-box fusion-builder-row-1 nonhundred-percent-fullwidth non-hundred-percent-height-scrolling\" style=\"--awb-border-radius-top-left:0px;--awb-border-radius-top-right:0px;--awb-border-radius-bottom-right:0px;--awb-border-radius-bottom-left:0px;--awb-flex-wrap:wrap;\" ><div class=\"fusion-builder-row fusion-row\"><div class=\"fusion-layout-column fusion_builder_column fusion-builder-column-0 fusion_builder_column_1_4 1_4 fusion-one-fourth fusion-column-first\" style=\"--awb-bg-size:cover;width:25%;width:calc(25% - ( ( 4% ) * 0.25 ) );margin-right: 4%;\"><div class=\"fusion-column-wrapper fusion-column-has-shadow fusion-flex-column-wrapper-legacy\"><div class=\"fusion-image-element in-legacy-container\" style=\"--awb-caption-title-font-family:var(--h2_typography-font-family);--awb-caption-title-font-weight:var(--h2_typography-font-weight);--awb-caption-title-font-style:var(--h2_typography-font-style);--awb-caption-title-size:var(--h2_typography-font-size);--awb-caption-title-transform:var(--h2_typography-text-transform);--awb-caption-title-line-height:var(--h2_typography-line-height);--awb-caption-title-letter-spacing:var(--h2_typography-letter-spacing);\"><span class=\" fusion-imageframe imageframe-none imageframe-1 hover-type-none\"><img decoding=\"async\" width=\"150\" height=\"158\" alt=\"Direction de la Culture et du Patrimoine de Polyn\u00e9sie fran\u00e7aise\" title=\"Direction de la Culture et du Patrimoine de Polyn\u00e9sie fran\u00e7aise\" src=\"https:\/\/www.service-public.pf\/dcp\/wp-content\/uploads\/sites\/25\/2021\/02\/PF.png\" class=\"img-responsive wp-image-1327\"\/><\/span><\/div><div class=\"fusion-clearfix\"><\/div><\/div><\/div><div class=\"fusion-layout-column fusion_builder_column fusion-builder-column-1 fusion_builder_column_1_2 1_2 fusion-one-half fusion-column-last\" style=\"--awb-bg-size:cover;width:50%;width:calc(50% - ( ( 4% ) * 0.5 ) );\"><div class=\"fusion-column-wrapper fusion-column-has-shadow fusion-flex-column-wrapper-legacy\"><div class=\"fusion-text fusion-text-1\"><h1 style=\"text-align: left\"><span style=\"font-size: 36pt\">Direction de la Culture et du Patrimoine<\/span><\/h1>\n<\/div><div class=\"fusion-clearfix\"><\/div><\/div><\/div><\/div><\/div><div class=\"fusion-fullwidth fullwidth-box fusion-builder-row-2 nonhundred-percent-fullwidth non-hundred-percent-height-scrolling\" style=\"--awb-border-radius-top-left:0px;--awb-border-radius-top-right:0px;--awb-border-radius-bottom-right:0px;--awb-border-radius-bottom-left:0px;--awb-background-color:#333333;--awb-flex-wrap:wrap;\" ><div class=\"fusion-builder-row fusion-row\"><div class=\"fusion-layout-column fusion_builder_column fusion-builder-column-2 fusion_builder_column_1_2 1_2 fusion-one-half fusion-column-first\" style=\"--awb-padding-top:20px;--awb-padding-right:20px;--awb-padding-bottom:20px;--awb-padding-left:20px;--awb-bg-size:cover;width:50%;width:calc(50% - ( ( 4% ) * 0.5 ) );margin-right: 4%;\"><div class=\"fusion-column-wrapper fusion-column-has-shadow fusion-flex-column-wrapper-legacy\"><div class=\"fusion-text fusion-text-2\"><h2><span style=\"color: #f7f7f7\">MISSIONS\u00a0<\/span><\/h2>\n<div class=\"page\" title=\"Page 1\">\n<div class=\"layoutArea\">\n<div class=\"column\">\n<p><span style=\"color: #f7f7f7\">La direction de la culture et du patrimoine (DCP) est charg\u00e9e d\u2019une comp\u00e9tence g\u00e9n\u00e9rale en mati\u00e8re de patrimoine culturel, mat\u00e9riel et immat\u00e9riel, et de propri\u00e9t\u00e9 litt\u00e9raire et artistique.<\/span><\/p>\n<p><span style=\"color: #f7f7f7\">Elle pilote et met \u0153uvre les orientations d\u00e9termin\u00e9es par le gouvernement de la Polyn\u00e9sie fran\u00e7aise dans son domaine de comp\u00e9tence.<\/span><\/p>\n<p><span style=\"color: #f7f7f7\">Outre ses missions r\u00e9glementaires et de contr\u00f4le, elle assure la programmation et le suivi des actions visant \u00e0 soutenir le d\u00e9veloppement culturel et artistique.<\/span><\/p>\n<p><span style=\"color: #f7f7f7\">Elle exerce un r\u00f4le de proposition, de conception, de coordination, d\u2019animation, d\u2019orientation, d\u2019\u00e9valuation et de contr\u00f4le des politiques publiques entrant sans son champ de comp\u00e9tences.<\/span><\/p>\n<p><span style=\"color: #f7f7f7\">Elle conseille et assiste les \u00e9tablissements publics \u00e0 vocation culturelle dans la r\u00e9alisation et la coordination de leurs missions, assure le suivi de l\u2019activit\u00e9 de ces \u00e9tablissements et apporte, \u00e0 cet \u00e9gard, toutes les informations utiles au ministre de tutelle pour l\u2019exercice de ses pr\u00e9rogatives.<\/span><\/p>\n<p><span style=\"color: #f7f7f7\">A ce titre, elle peut se faire communiquer toutes donn\u00e9es permettant de faciliter ses missions sur simple demande.<\/span><\/p>\n<\/div>\n<\/div>\n<\/div>\n<\/div><div class=\"fusion-text fusion-text-3\"><div class=\"row clearfix\">\n<div class=\"col-md-6\"><\/div>\n<div class=\"col-md-6\"><\/div>\n<\/div>\n<h2><\/h2>\n<\/div><div class=\"fusion-clearfix\"><\/div><\/div><\/div><div class=\"fusion-layout-column fusion_builder_column fusion-builder-column-3 fusion_builder_column_1_2 1_2 fusion-one-half fusion-column-last\" style=\"--awb-padding-top:20px;--awb-padding-right:20px;--awb-padding-bottom:20px;--awb-padding-left:20px;--awb-bg-size:cover;width:50%;width:calc(50% - ( ( 4% ) * 0.5 ) );\"><div class=\"fusion-column-wrapper fusion-column-has-shadow fusion-flex-column-wrapper-legacy\"><div class=\"fusion-text fusion-text-4\"><h2><span style=\"color: #f7f7f7\">Le site de la Direction de la Culture et du Patrimoine <\/span><span style=\"color: #f7f7f7\">est en construction<\/span><\/h2>\n<p><span style=\"color: #f1f1f1;font-size: 18pt\">\u00catre averti du lancement du site :<\/span><\/p>\n<\/div><div class=\"fusion-text fusion-text-5\">\n<div class=\"wpcf7 no-js\" id=\"wpcf7-f1317-o1\" lang=\"fr-FR\" dir=\"ltr\" data-wpcf7-id=\"1317\">\n<div class=\"screen-reader-response\"><p role=\"status\" aria-live=\"polite\" aria-atomic=\"true\"><\/p> <ul><\/ul><\/div>\n<form action=\"\/dcp\/wp-json\/wp\/v2\/pages\/1295#wpcf7-f1317-o1\" method=\"post\" class=\"wpcf7-form init\" aria-label=\"Formulaire de contact\" novalidate=\"novalidate\" data-status=\"init\">\n<fieldset class=\"hidden-fields-container\"><input type=\"hidden\" name=\"_wpcf7\" value=\"1317\" \/><input type=\"hidden\" name=\"_wpcf7_version\" value=\"6.1.5\" \/><input type=\"hidden\" name=\"_wpcf7_locale\" value=\"fr_FR\" \/><input type=\"hidden\" name=\"_wpcf7_unit_tag\" value=\"wpcf7-f1317-o1\" \/><input type=\"hidden\" name=\"_wpcf7_container_post\" value=\"0\" \/><input type=\"hidden\" name=\"_wpcf7_posted_data_hash\" value=\"\" \/>\n<\/fieldset>\n<p>[md-form theme=\"dark\"]\n<\/p>\n<p>[md-text label=\"Votre email\"]<br \/>\n<span class=\"wpcf7-form-control-wrap\" data-name=\"your-email\"><input size=\"40\" maxlength=\"400\" class=\"wpcf7-form-control wpcf7-email wpcf7-validates-as-required wpcf7-text wpcf7-validates-as-email\" aria-required=\"true\" aria-invalid=\"false\" value=\"\" type=\"email\" name=\"your-email\" \/><\/span><br \/>\n[\/md-text]\n<\/p>\n<p><input class=\"wpcf7-form-control wpcf7-submit has-spinner\" type=\"submit\" value=\"Envoyer\" \/>\n<\/p>\n<p>[\/md-form]\n<\/p><div class=\"fusion-alert alert custom alert-custom fusion-alert-center wpcf7-response-output fusion-alert-capitalize awb-alert-native-link-color alert-dismissable awb-alert-close-boxed\" style=\"--awb-border-top-left-radius:0px;--awb-border-top-right-radius:0px;--awb-border-bottom-left-radius:0px;--awb-border-bottom-right-radius:0px;\" role=\"alert\"><div class=\"fusion-alert-content-wrapper\"><span class=\"fusion-alert-content\"><\/span><\/div><button type=\"button\" class=\"close toggle-alert\" data-dismiss=\"alert\" aria-label=\"Close\">&times;<\/button><\/div>\n<\/form>\n<\/div>\n\n<\/div><div class=\"fusion-sep-clear\"><\/div><div class=\"fusion-separator\" style=\"margin-left: auto;margin-right: auto;margin-top:20px;margin-bottom:20px;width:100%;max-width:10px;\"><\/div><div class=\"fusion-sep-clear\"><\/div><div class=\"fusion-text fusion-text-6\"><p><span style=\"font-size: 18pt;color: #f7f7f7\">CONTACT :<\/span><\/p>\n<ul>\n<li><span style=\"color: #f7f7f7\">Adresse : Punaauia, PK 15, pointe des p\u00eacheurs (Nuuroa) \u2013 TAHITI. BP 380 586 Tamanu \u2013 98718 Punaauia TAHITI Polyn\u00e9sie fran\u00e7aise<\/span><\/li>\n<\/ul>\n<ul>\n<li><span style=\"color: #f7f7f7\">T\u00e9l\u00e9phone : (689) 40 50 71 77\u00a0\u2013 T\u00e9l\u00e9copie : (689)\u00a040\u00a042 01 28<\/span><\/li>\n<\/ul>\n<ul>\n<li><span style=\"color: #f7f7f7\">Courriel :\u00a0<a style=\"color: #ee1a51\" href=\"mailto:direction@culture.gov.pf\">direction@culture.gov.pf<\/a>\u00a0\u2013 Directrice : Madame Joany CADOUSTEAU<\/span><\/li>\n<\/ul>\n<ul>\n<li><span style=\"color: #f7f7f7\">Horaires d\u2019ouverture : lundi \u00e0 jeudi\u00a0: 7h30 \u00e0 15h30 \/ vendredi\u00a0: 7h30\u00a0\u00e0 14h30<\/span><\/li>\n<\/ul>\n<ul>\n<li><span style=\"color: #f7f7f7\">Site Internet : <a style=\"color: #ee1a51\" href=\"http:\/\/www.culture-patrimoine.pf\" target=\"_blank\" rel=\"noopener noreferrer\">www.culture-patrimoine.pf<\/a><\/span><\/li>\n<\/ul>\n<ul>\n<li><span style=\"color: #f7f7f7\"><u>Liens sur les r\u00e9seaux sociaux\u00a0:<\/u><\/span><\/li>\n<\/ul>\n<p><span style=\"color: #f7f7f7\">&gt; Page FB de la Direction de la culture et du patrimoine\u00a0:\u00a0<a class=\"spip_url spip_out auto\" style=\"color: #ee1a51\" href=\"https:\/\/www.facebook.com\/sce.patrimoine\/\" rel=\"nofollow external\">https:\/\/www.facebook.com\/direction culture patrimoine\/<\/a><\/span><\/p>\n<p><span style=\"color: #f7f7f7\">&gt; Page FB du paysage culturel de Taputapu\u0101tea\u00a0:\u00a0<a class=\"spip_url spip_out auto\" style=\"color: #ee1a51\" href=\"https:\/\/www.facebook.com\/tahuamarae\/\" rel=\"nofollow external\">https:\/\/www.facebook.com\/tahuamarae\/<\/a><\/span><\/p>\n<p><span style=\"color: #f7f7f7\">&gt; Page FB du site des artistes de polyn\u00e9sie fran\u00e7aise\u00a0:\u00a0<\/span><a class=\"spip_url spip_out auto\" href=\"https:\/\/www.facebook.com\/artistes.pf\/\" rel=\"nofollow external\"><span style=\"color: #ee1a51\">https:\/\/www.facebook.com\/artistes.pf\/<\/span><\/a><\/p>\n<\/div><div class=\"fusion-clearfix\"><\/div><\/div><\/div><\/div><\/div><\/p>\n","protected":false},"excerpt":{"rendered":"","protected":false},"author":19,"featured_media":0,"parent":0,"menu_order":16,"comment_status":"closed","ping_status":"closed","template":"","meta":{"_seopress_robots_primary_cat":"","_seopress_titles_title":"","_seopress_titles_desc":"","_seopress_robots_index":"","footnotes":""},"class_list":["post-1295","page","type-page","status-publish","hentry"],"_links":{"self":[{"href":"https:\/\/www.service-public.pf\/dcp\/wp-json\/wp\/v2\/pages\/1295","targetHints":{"allow":["GET"]}}],"collection":[{"href":"https:\/\/www.service-public.pf\/dcp\/wp-json\/wp\/v2\/pages"}],"about":[{"href":"https:\/\/www.service-public.pf\/dcp\/wp-json\/wp\/v2\/types\/page"}],"author":[{"embeddable":true,"href":"https:\/\/www.service-public.pf\/dcp\/wp-json\/wp\/v2\/users\/19"}],"replies":[{"embeddable":true,"href":"https:\/\/www.service-public.pf\/dcp\/wp-json\/wp\/v2\/comments?post=1295"}],"version-history":[{"count":0,"href":"https:\/\/www.service-public.pf\/dcp\/wp-json\/wp\/v2\/pages\/1295\/revisions"}],"wp:attachment":[{"href":"https:\/\/www.service-public.pf\/dcp\/wp-json\/wp\/v2\/media?parent=1295"}],"curies":[{"name":"wp","href":"https:\/\/api.w.org\/{rel}","templated":true}]}}