{"id":1900,"date":"2022-01-12T03:31:31","date_gmt":"2022-01-12T02:31:31","guid":{"rendered":"https:\/\/www.service-public.pf\/dcp\/?page_id=1900"},"modified":"2025-12-08T11:30:15","modified_gmt":"2025-12-08T21:30:15","slug":"emploi-et-stage","status":"publish","type":"page","link":"https:\/\/www.service-public.pf\/dcp\/emploi-et-stage\/","title":{"rendered":"Emploi et Stage"},"content":{"rendered":"<p><div class=\"fusion-fullwidth fullwidth-box fusion-builder-row-1 fusion-flex-container nonhundred-percent-fullwidth non-hundred-percent-height-scrolling vct_slider vct_dark_bordered_element\" style=\"--awb-border-radius-top-left:0px;--awb-border-radius-top-right:0px;--awb-border-radius-bottom-right:0px;--awb-border-radius-bottom-left:0px;--awb-padding-right:0px;--awb-padding-left:0px;--awb-background-color:var(--awb-color8);--awb-flex-wrap:wrap;\" ><div class=\"fusion-builder-row fusion-row fusion-flex-align-items-center fusion-flex-justify-content-center fusion-flex-content-wrap\" style=\"max-width:104%;margin-left: calc(-4% \/ 2 );margin-right: calc(-4% \/ 2 );\"><div class=\"fusion-layout-column fusion_builder_column fusion-builder-column-0 fusion_builder_column_1_1 1_1 fusion-flex-column fusion-flex-align-self-center\" style=\"--awb-padding-top:7%;--awb-padding-bottom:7%;--awb-padding-top-small:30%;--awb-padding-bottom-small:30%;--awb-bg-image:url(&#039;https:\/\/www.service-public.pf\/dcp\/wp-content\/uploads\/sites\/25\/2022\/09\/Group-283-1@3x-3.png&#039;);--awb-bg-size:cover;--awb-width-large:100%;--awb-margin-top-large:0px;--awb-spacing-right-large:0px;--awb-margin-bottom-large:0px;--awb-spacing-left-large:0px;--awb-width-medium:100%;--awb-order-medium:0;--awb-spacing-right-medium:1.92%;--awb-spacing-left-medium:1.92%;--awb-width-small:100%;--awb-order-small:0;--awb-spacing-right-small:1.92%;--awb-spacing-left-small:1.92%;\"><div class=\"fusion-column-wrapper fusion-column-has-shadow fusion-flex-justify-content-center fusion-content-layout-column fusion-column-has-bg-image\" data-bg-url=\"https:\/\/www.service-public.pf\/dcp\/wp-content\/uploads\/sites\/25\/2022\/09\/Group-283-1@3x-3.png\"><div class=\"fusion-title title fusion-title-1 fusion-sep-none fusion-title-center fusion-title-text fusion-title-size-one\" style=\"--awb-text-color:#ffffff;--awb-margin-top-small:0px;--awb-margin-right-small:0px;--awb-margin-bottom-small:20px;--awb-margin-left-small:0px;--awb-font-size:50px;\"><h1 class=\"fusion-title-heading title-heading-center fusion-responsive-typography-calculated\" style=\"margin:0;font-size:1em;--fontSize:50;line-height:1.4;text-shadow:5px 5px 5px #333333;\">Emploi et Stage<\/h1><\/div><\/div><\/div><\/div><\/div><div class=\"fusion-fullwidth fullwidth-box fusion-builder-row-2 fusion-flex-container nonhundred-percent-fullwidth non-hundred-percent-height-scrolling\" style=\"--awb-border-radius-top-left:0px;--awb-border-radius-top-right:0px;--awb-border-radius-bottom-right:0px;--awb-border-radius-bottom-left:0px;--awb-padding-top:40px;--awb-padding-right:50px;--awb-padding-left:50px;--awb-margin-bottom:0px;--awb-background-color:#faf8f8;--awb-flex-wrap:wrap;\" ><div class=\"fusion-builder-row fusion-row fusion-flex-align-items-flex-start fusion-flex-justify-content-center fusion-flex-content-wrap\" style=\"max-width:104%;margin-left: calc(-4% \/ 2 );margin-right: calc(-4% \/ 2 );\"><div class=\"fusion-layout-column fusion_builder_column fusion-builder-column-1 fusion_builder_column_3_4 3_4 fusion-flex-column vct_post_card\" style=\"--awb-padding-top:40px;--awb-padding-right:40px;--awb-padding-bottom:40px;--awb-padding-left:40px;--awb-overflow:hidden;--awb-bg-color:#ffffff;--awb-bg-color-hover:#ffffff;--awb-bg-size:cover;--awb-border-color:#979797;--awb-border-style:solid;--awb-border-radius:20px 20px 20px 20px;--awb-width-large:75%;--awb-margin-top-large:0px;--awb-spacing-right-large:2.56%;--awb-margin-bottom-large:20px;--awb-spacing-left-large:2.56%;--awb-width-medium:100%;--awb-order-medium:0;--awb-spacing-right-medium:1.92%;--awb-spacing-left-medium:1.92%;--awb-width-small:100%;--awb-order-small:0;--awb-spacing-right-small:1.92%;--awb-spacing-left-small:1.92%;\"><div class=\"fusion-column-wrapper fusion-column-has-shadow fusion-flex-justify-content-flex-start fusion-content-layout-column\"><div class=\"accordian fusion-accordian vct_toggle\" style=\"--awb-border-size:1px;--awb-icon-size:13px;--awb-content-font-size:15px;--awb-icon-alignment:left;--awb-hover-color:#f9f9f9;--awb-border-color:#cccccc;--awb-background-color:#ffffff;--awb-divider-color:#e0dede;--awb-divider-hover-color:#e0dede;--awb-icon-color:#ffffff;--awb-title-color:#1f383f;--awb-content-color:#333333;--awb-icon-box-color:#edd7a9;--awb-toggle-hover-accent-color:#ad101e;--awb-title-font-family:&quot;Roboto&quot;;--awb-title-font-weight:700;--awb-title-font-style:normal;--awb-title-font-size:18px;--awb-content-font-family:&quot;Open Sans&quot;;--awb-content-font-style:normal;--awb-content-font-weight:400;\"><div class=\"panel-group fusion-toggle-icon-boxed\" id=\"accordion-1900-1\"><div class=\"fusion-panel panel-default panel-8f172f5b39708d7e3 fusion-toggle-has-divider\" style=\"--awb-title-color:#1f383f;--awb-content-color:#333333;\"><div class=\"panel-heading\"><h4 class=\"panel-title toggle\" id=\"toggle_8f172f5b39708d7e3\"><a class=\"active\" aria-expanded=\"true\" aria-controls=\"8f172f5b39708d7e3\" role=\"button\" data-toggle=\"collapse\" data-parent=\"#accordion-1900-1\" data-target=\"#8f172f5b39708d7e3\" href=\"#8f172f5b39708d7e3\"><span class=\"fusion-toggle-icon-wrapper\" aria-hidden=\"true\"><i class=\"fa-fusion-box active-icon awb-icon-minus\" aria-hidden=\"true\"><\/i><i class=\"fa-fusion-box inactive-icon awb-icon-plus\" aria-hidden=\"true\"><\/i><\/span><span class=\"fusion-toggle-heading\">Offres d'emploi<\/span><\/a><\/h4><\/div><div id=\"8f172f5b39708d7e3\" class=\"panel-collapse collapse in\" aria-labelledby=\"toggle_8f172f5b39708d7e3\"><div class=\"panel-body toggle-content fusion-clearfix\">\n<p>Vous souhaitez nous rejoindre ? Consultez le <a href=\"https:\/\/dgrhpf-career.talent-soft.com\/accueil.aspx?LCID=1036\" target=\"_blank\" rel=\"noopener\"><strong>site d\u2019offres d\u2019emploi DGRH (talent-soft.com)<\/strong><\/a><\/p>\n<\/div><\/div><\/div><div class=\"fusion-panel panel-default panel-042769a9793ec6c64 fusion-toggle-has-divider\" style=\"--awb-title-color:#1f383f;--awb-content-color:#333333;\"><div class=\"panel-heading\"><h4 class=\"panel-title toggle\" id=\"toggle_042769a9793ec6c64\"><a class=\"active\" aria-expanded=\"true\" aria-controls=\"042769a9793ec6c64\" role=\"button\" data-toggle=\"collapse\" data-parent=\"#accordion-1900-1\" data-target=\"#042769a9793ec6c64\" href=\"#042769a9793ec6c64\"><span class=\"fusion-toggle-icon-wrapper\" aria-hidden=\"true\"><i class=\"fa-fusion-box active-icon awb-icon-minus\" aria-hidden=\"true\"><\/i><i class=\"fa-fusion-box inactive-icon awb-icon-plus\" aria-hidden=\"true\"><\/i><\/span><span class=\"fusion-toggle-heading\">Demandes de stage<\/span><\/a><\/h4><\/div><div id=\"042769a9793ec6c64\" class=\"panel-collapse collapse in\" aria-labelledby=\"toggle_042769a9793ec6c64\"><div class=\"panel-body toggle-content fusion-clearfix\">\n<p>Pour faire une demande de stage \u00e0 la Direction de la Culture et du Patrimoine, \u00e9crivez-nous \u00e0 l&rsquo;adresse mail : <span style=\"color: #0000ff\">direction.dcp@administration.gov.pf<\/span><\/p>\n<\/div><\/div><\/div><\/div><\/div><\/div><\/div><div class=\"fusion-layout-column fusion_builder_column fusion-builder-column-2 fusion_builder_column_1_4 1_4 fusion-flex-column vct_post_card\" style=\"--awb-overflow:hidden;--awb-bg-color:#ffffff;--awb-bg-color-hover:#ffffff;--awb-bg-size:cover;--awb-border-color:#979797;--awb-border-style:solid;--awb-border-radius:20px 20px 0px 0px;--awb-width-large:25%;--awb-margin-top-large:0px;--awb-spacing-right-large:7.68%;--awb-margin-bottom-large:20px;--awb-spacing-left-large:7.68%;--awb-width-medium:100%;--awb-order-medium:0;--awb-spacing-right-medium:1.92%;--awb-spacing-left-medium:1.92%;--awb-width-small:100%;--awb-order-small:0;--awb-spacing-right-small:1.92%;--awb-spacing-left-small:1.92%;\"><div class=\"fusion-column-wrapper fusion-column-has-shadow fusion-flex-justify-content-center fusion-content-layout-column\"><div class=\"fusion-title title fusion-title-2 fusion-sep-none fusion-title-center fusion-title-text fusion-title-size-three vct_title_background\" style=\"--awb-text-color:#330200;--awb-margin-bottom:0px;--awb-margin-top-small:0px;--awb-margin-right-small:0px;--awb-margin-bottom-small:0px;--awb-margin-left-small:0px;--awb-font-size:20px;\"><h3 class=\"fusion-title-heading title-heading-center fusion-responsive-typography-calculated\" style=\"margin:0;font-size:1em;--fontSize:20;line-height:1.5;\"><p><strong>Dans la m\u00eame rubrique<br \/>\n<\/strong><\/p><\/h3><\/div><nav class=\"awb-menu awb-menu_column awb-menu_em-hover mobile-mode-collapse-to-button awb-menu_icons-left awb-menu_dc-yes mobile-trigger-fullwidth-off awb-menu_mobile-toggle awb-menu_indent-left mobile-size-full-absolute loading mega-menu-loading awb-menu_desktop awb-menu_dropdown awb-menu_expand-right awb-menu_transition-fade vct_menu_rubrique\" style=\"--awb-font-size:15px;--awb-margin-top:15px;--awb-margin-bottom:15px;--awb-text-transform:none;--awb-gap:15px;--awb-items-padding-right:20px;--awb-items-padding-left:20px;--awb-color:#330200;--awb-active-color:#ad101e;--awb-submenu-text-transform:none;--awb-icons-hover-color:#ad101e;--awb-main-justify-content:flex-start;--awb-mobile-justify:flex-start;--awb-mobile-caret-left:auto;--awb-mobile-caret-right:0;--awb-fusion-font-family-typography:inherit;--awb-fusion-font-style-typography:normal;--awb-fusion-font-weight-typography:400;--awb-fusion-font-family-submenu-typography:inherit;--awb-fusion-font-style-submenu-typography:normal;--awb-fusion-font-weight-submenu-typography:400;--awb-fusion-font-family-mobile-typography:inherit;--awb-fusion-font-style-mobile-typography:normal;--awb-fusion-font-weight-mobile-typography:400;\" aria-label=\"\u00c0 propos\" data-breakpoint=\"1024\" data-count=\"0\" data-transition-type=\"fade\" data-transition-time=\"300\" data-expand=\"right\"><button type=\"button\" class=\"awb-menu__m-toggle awb-menu__m-toggle_no-text\" aria-expanded=\"false\" aria-controls=\"menu-a-propos\"><span class=\"awb-menu__m-toggle-inner\"><span class=\"collapsed-nav-text\"><span class=\"screen-reader-text\">Toggle Navigation<\/span><\/span><span class=\"awb-menu__m-collapse-icon awb-menu__m-collapse-icon_no-text\"><span class=\"awb-menu__m-collapse-icon-open awb-menu__m-collapse-icon-open_no-text fa-bars fas\"><\/span><span class=\"awb-menu__m-collapse-icon-close awb-menu__m-collapse-icon-close_no-text fa-times fas\"><\/span><\/span><\/span><\/button><ul id=\"menu-a-propos\" class=\"fusion-menu awb-menu__main-ul awb-menu__main-ul_column\"><li  id=\"menu-item-1609\"  class=\"menu-item menu-item-type-post_type menu-item-object-page menu-item-1609 awb-menu__li awb-menu__main-li awb-menu__main-li_regular\"  data-item-id=\"1609\"><span class=\"awb-menu__main-background-default awb-menu__main-background-default_fade\"><\/span><span class=\"awb-menu__main-background-active awb-menu__main-background-active_fade\"><\/span><a  href=\"https:\/\/www.service-public.pf\/dcp\/mission\/\" class=\"awb-menu__main-a awb-menu__main-a_regular\"><span class=\"menu-text\">Missions, historique<\/span><\/a><\/li><li  id=\"menu-item-1907\"  class=\"menu-item menu-item-type-post_type menu-item-object-page menu-item-1907 awb-menu__li awb-menu__main-li awb-menu__main-li_regular\"  data-item-id=\"1907\"><span class=\"awb-menu__main-background-default awb-menu__main-background-default_fade\"><\/span><span class=\"awb-menu__main-background-active awb-menu__main-background-active_fade\"><\/span><a  href=\"https:\/\/www.service-public.pf\/dcp\/emploi-et-stage\/\" class=\"awb-menu__main-a awb-menu__main-a_regular\"><span class=\"menu-text\">Emploi et Stage<\/span><\/a><\/li><li  id=\"menu-item-1922\"  class=\"menu-item menu-item-type-post_type menu-item-object-page menu-item-1922 awb-menu__li awb-menu__main-li awb-menu__main-li_regular\"  data-item-id=\"1922\"><span class=\"awb-menu__main-background-default awb-menu__main-background-default_fade\"><\/span><span class=\"awb-menu__main-background-active awb-menu__main-background-active_fade\"><\/span><a  href=\"https:\/\/www.service-public.pf\/dcp\/marches-publics\/\" class=\"awb-menu__main-a awb-menu__main-a_regular\"><span class=\"menu-text\">March\u00e9s publics<\/span><\/a><\/li><\/ul><\/nav><\/div><\/div><\/div><\/div><\/p>\n","protected":false},"excerpt":{"rendered":"","protected":false},"author":299,"featured_media":2122,"parent":0,"menu_order":20,"comment_status":"closed","ping_status":"closed","template":"","meta":{"_seopress_robots_primary_cat":"","_seopress_titles_title":"","_seopress_titles_desc":"","_seopress_robots_index":"","footnotes":""},"class_list":["post-1900","page","type-page","status-publish","has-post-thumbnail","hentry"],"_links":{"self":[{"href":"https:\/\/www.service-public.pf\/dcp\/wp-json\/wp\/v2\/pages\/1900","targetHints":{"allow":["GET"]}}],"collection":[{"href":"https:\/\/www.service-public.pf\/dcp\/wp-json\/wp\/v2\/pages"}],"about":[{"href":"https:\/\/www.service-public.pf\/dcp\/wp-json\/wp\/v2\/types\/page"}],"author":[{"embeddable":true,"href":"https:\/\/www.service-public.pf\/dcp\/wp-json\/wp\/v2\/users\/299"}],"replies":[{"embeddable":true,"href":"https:\/\/www.service-public.pf\/dcp\/wp-json\/wp\/v2\/comments?post=1900"}],"version-history":[{"count":1,"href":"https:\/\/www.service-public.pf\/dcp\/wp-json\/wp\/v2\/pages\/1900\/revisions"}],"predecessor-version":[{"id":10812,"href":"https:\/\/www.service-public.pf\/dcp\/wp-json\/wp\/v2\/pages\/1900\/revisions\/10812"}],"wp:featuredmedia":[{"embeddable":true,"href":"https:\/\/www.service-public.pf\/dcp\/wp-json\/wp\/v2\/media\/2122"}],"wp:attachment":[{"href":"https:\/\/www.service-public.pf\/dcp\/wp-json\/wp\/v2\/media?parent=1900"}],"curies":[{"name":"wp","href":"https:\/\/api.w.org\/{rel}","templated":true}]}}