{"id":1909,"date":"2022-01-12T03:59:15","date_gmt":"2022-01-12T02:59:15","guid":{"rendered":"https:\/\/www.service-public.pf\/dcp\/?page_id=1909"},"modified":"2024-01-12T10:38:15","modified_gmt":"2024-01-12T20:38:15","slug":"marches-publics","status":"publish","type":"page","link":"https:\/\/www.service-public.pf\/dcp\/marches-publics\/","title":{"rendered":"March\u00e9s publics"},"content":{"rendered":"<p><div class=\"fusion-fullwidth fullwidth-box fusion-builder-row-1 fusion-flex-container nonhundred-percent-fullwidth non-hundred-percent-height-scrolling vct_slider vct_dark_bordered_element\" style=\"--awb-border-radius-top-left:0px;--awb-border-radius-top-right:0px;--awb-border-radius-bottom-right:0px;--awb-border-radius-bottom-left:0px;--awb-background-color:var(--awb-color8);--awb-flex-wrap:wrap;\" ><div class=\"fusion-builder-row fusion-row fusion-flex-align-items-flex-start fusion-flex-content-wrap\" style=\"max-width:104%;margin-left: calc(-4% \/ 2 );margin-right: calc(-4% \/ 2 );\"><div class=\"fusion-layout-column fusion_builder_column fusion-builder-column-0 fusion_builder_column_1_1 1_1 fusion-flex-column\" style=\"--awb-padding-top:7%;--awb-padding-bottom:7%;--awb-padding-top-small:30%;--awb-padding-bottom-small:30%;--awb-bg-image:url(&#039;https:\/\/www.service-public.pf\/dcp\/wp-content\/uploads\/sites\/25\/2022\/09\/Group-283-1@3x-3.png&#039;);--awb-bg-size:cover;--awb-width-large:100%;--awb-margin-top-large:0px;--awb-spacing-right-large:1.92%;--awb-margin-bottom-large:20px;--awb-spacing-left-large:1.92%;--awb-width-medium:100%;--awb-order-medium:0;--awb-spacing-right-medium:1.92%;--awb-spacing-left-medium:1.92%;--awb-width-small:100%;--awb-order-small:0;--awb-spacing-right-small:1.92%;--awb-spacing-left-small:1.92%;\"><div class=\"fusion-column-wrapper fusion-column-has-shadow fusion-flex-justify-content-flex-start fusion-content-layout-column fusion-column-has-bg-image\" data-bg-url=\"https:\/\/www.service-public.pf\/dcp\/wp-content\/uploads\/sites\/25\/2022\/09\/Group-283-1@3x-3.png\"><div class=\"fusion-title title fusion-title-1 fusion-sep-none fusion-title-center fusion-title-text fusion-title-size-one\" style=\"--awb-text-color:#ffffff;--awb-margin-top-small:0px;--awb-margin-right-small:0px;--awb-margin-bottom-small:20px;--awb-margin-left-small:0px;--awb-font-size:50px;\"><h1 class=\"fusion-title-heading title-heading-center fusion-responsive-typography-calculated\" style=\"margin:0;font-size:1em;--fontSize:50;line-height:1.4;text-shadow:5px 5px 5px #333333;\">March\u00e9s publics<\/h1><\/div><\/div><\/div><\/div><\/div><div class=\"fusion-fullwidth fullwidth-box fusion-builder-row-2 fusion-flex-container nonhundred-percent-fullwidth non-hundred-percent-height-scrolling\" style=\"--awb-border-radius-top-left:0px;--awb-border-radius-top-right:0px;--awb-border-radius-bottom-right:0px;--awb-border-radius-bottom-left:0px;--awb-padding-top:30px;--awb-background-color:#faf8f8;--awb-flex-wrap:wrap;\" ><div class=\"fusion-builder-row fusion-row fusion-flex-align-items-flex-start fusion-flex-content-wrap\" style=\"max-width:104%;margin-left: calc(-4% \/ 2 );margin-right: calc(-4% \/ 2 );\"><div class=\"fusion-layout-column fusion_builder_column fusion-builder-column-1 fusion_builder_column_1_1 1_1 fusion-flex-column\" style=\"--awb-bg-size:cover;--awb-width-large:100%;--awb-margin-top-large:0px;--awb-spacing-right-large:1.92%;--awb-margin-bottom-large:20px;--awb-spacing-left-large:1.92%;--awb-width-medium:100%;--awb-order-medium:0;--awb-spacing-right-medium:1.92%;--awb-spacing-left-medium:1.92%;--awb-width-small:100%;--awb-order-small:0;--awb-spacing-right-small:1.92%;--awb-spacing-left-small:1.92%;\"><div class=\"fusion-column-wrapper fusion-column-has-shadow fusion-flex-justify-content-flex-start fusion-content-layout-column\"><nav class=\"fusion-breadcrumbs fusion-breadcrumbs-1\" style=\"--awb-margin-bottom:10px;--awb-font-size:15px;--awb-breadcrumb-sep:&#039;&gt;&#039;;\" aria-label=\"Breadcrumb\"><ol class=\"awb-breadcrumb-list\"><li class=\"fusion-breadcrumb-item awb-breadcrumb-sep awb-home\" ><a href=\"https:\/\/www.service-public.pf\/dcp\" class=\"fusion-breadcrumb-link\"><span >Home<\/span><\/a><\/li><\/ol><\/nav><\/div><\/div><div class=\"fusion-layout-column fusion_builder_column fusion-builder-column-2 fusion_builder_column_3_4 3_4 fusion-flex-column\" style=\"--awb-padding-top:40px;--awb-overflow:hidden;--awb-bg-color:#ffffff;--awb-bg-color-hover:#ffffff;--awb-bg-size:cover;--awb-border-radius:20px 20px 20px 20px;--awb-width-large:75%;--awb-margin-top-large:0px;--awb-spacing-right-large:2.56%;--awb-margin-bottom-large:20px;--awb-spacing-left-large:2.56%;--awb-width-medium:100%;--awb-order-medium:0;--awb-spacing-right-medium:1.92%;--awb-spacing-left-medium:1.92%;--awb-width-small:100%;--awb-order-small:0;--awb-spacing-right-small:1.92%;--awb-spacing-left-small:1.92%;\"><div class=\"fusion-column-wrapper fusion-column-has-shadow fusion-flex-justify-content-flex-start fusion-content-layout-column\"><div class=\"fusion-recent-posts fusion-recent-posts-1 avada-container layout-thumbnails-on-side layout-columns-1 fusion-recent-posts-infinite fusion-recent-posts-load-more vct_posts_vertical\" data-pages=\"2\"><section class=\"fusion-columns columns fusion-columns-1 columns-1\"><article class=\"post fusion-column column col col-lg-12 col-md-12 col-sm-12\"><div class=\"fusion-flexslider fusion-flexslider-loading flexslider floated-slideshow flexslider-hover-type-none\"><ul class=\"slides\"><li><a href=\"https:\/\/www.service-public.pf\/dcp\/2024\/01\/12\/avis-n4-2024-dcp-avis-dappel-public-a-la-concurrence-entretien-du-site-historique-et-culturel-ile-de-raiatea\/\" aria-label=\"AVIS N\u00b04\/2024\/DCP &#8211; AVIS D&rsquo;APPEL PUBLIC A LA CONCURRENCE ENTRETIEN DU SITE HISTORIQUE ET CULTUREL &#8211; ILE DE RA&rsquo;IATEA\" class=\"hover-type-none\"><img decoding=\"async\" width=\"177\" height=\"142\" src=\"https:\/\/www.service-public.pf\/dcp\/wp-content\/uploads\/sites\/25\/2022\/01\/march-publics-_Plan-de-travail-1-177x142.jpeg\" class=\"attachment-portfolio-five size-portfolio-five\" alt=\"\" \/><\/a><\/li><\/ul><\/div><div class=\"recent-posts-content\"><span class=\"vcard\" style=\"display: none;\"><span class=\"fn\"><a href=\"https:\/\/www.service-public.pf\/dcp\/author\/tiaihiam\/\" title=\"Articles par tiaihiam\" rel=\"author\">tiaihiam<\/a><\/span><\/span><span class=\"updated\" style=\"display:none;\">2024-01-12T11:30:35-10:00<\/span><h4 class=\"entry-title\"><a href=\"https:\/\/www.service-public.pf\/dcp\/2024\/01\/12\/avis-n4-2024-dcp-avis-dappel-public-a-la-concurrence-entretien-du-site-historique-et-culturel-ile-de-raiatea\/\">AVIS N\u00b04\/2024\/DCP &#8211; AVIS D&rsquo;APPEL PUBLIC A LA CONCURRENCE ENTRETIEN DU SITE HISTORIQUE ET CULTUREL &#8211; ILE DE RA&rsquo;IATEA<\/a><\/h4><p class=\"meta\"><span class=\"vcard\" style=\"display: none;\"><span class=\"fn\"><a href=\"https:\/\/www.service-public.pf\/dcp\/author\/tiaihiam\/\" title=\"Articles par tiaihiam\" rel=\"author\">tiaihiam<\/a><\/span><\/span><span class=\"updated\" style=\"display:none;\">2024-01-12T11:30:35-10:00<\/span><span>12\/01\/2024<\/span><span class=\"fusion-inline-sep\">|<\/span><\/p><p>        AVIS N\u00b04\/2024\/DCP - AVIS D'APPEL PUBLIC A LA CONCURRENCE ENTRETIEN DU SITE HISTORIQUE ET CULTUREL &lt;&lt; TAHUA-MARAE TAPUTAPUATEA I OPOA &gt;&gt; ILE DE RA'IATEA &gt;&gt; 1. Informations [...]<\/p><\/div><\/article><article class=\"post fusion-column column col col-lg-12 col-md-12 col-sm-12\"><div class=\"fusion-flexslider fusion-flexslider-loading flexslider floated-slideshow flexslider-hover-type-none\"><ul class=\"slides\"><li><a href=\"https:\/\/www.service-public.pf\/dcp\/2023\/11\/14\/avis-n3-2023-dcp-avis-dappel-public-a-la-concurrence-maitrise-doeuvre-pour-la-construction-dun-centre-dinterpretation-et-lamenagement-du-site-du-marae-de-taputapuatea-a-raiatea\/\" aria-label=\"AVIS N\u00b03\/2023\/DCP &#8211; AVIS D&rsquo;APPEL PUBLIC A LA CONCURRENCE MA\u00ceTRISE D\u2019\u0152UVRE POUR LA CONSTRUCTION D&rsquo;UN CENTRE D\u2019INTERPR\u00c9TATION ET L\u2019AM\u00c9NAGEMENT DU SITE DU MARAE DE TAPUTAPUATEA A RAIATEA\" class=\"hover-type-none\"><img decoding=\"async\" width=\"177\" height=\"142\" src=\"https:\/\/www.service-public.pf\/dcp\/wp-content\/uploads\/sites\/25\/2022\/01\/march-publics-_Plan-de-travail-1-177x142.jpeg\" class=\"attachment-portfolio-five size-portfolio-five\" alt=\"\" \/><\/a><\/li><\/ul><\/div><div class=\"recent-posts-content\"><span class=\"vcard\" style=\"display: none;\"><span class=\"fn\"><a href=\"https:\/\/www.service-public.pf\/dcp\/author\/scppf\/\" title=\"Articles par Hiro CARUE\" rel=\"author\">Hiro CARUE<\/a><\/span><\/span><span class=\"updated\" style=\"display:none;\">2023-11-14T15:37:20-10:00<\/span><h4 class=\"entry-title\"><a href=\"https:\/\/www.service-public.pf\/dcp\/2023\/11\/14\/avis-n3-2023-dcp-avis-dappel-public-a-la-concurrence-maitrise-doeuvre-pour-la-construction-dun-centre-dinterpretation-et-lamenagement-du-site-du-marae-de-taputapuatea-a-raiatea\/\">AVIS N\u00b03\/2023\/DCP &#8211; AVIS D&rsquo;APPEL PUBLIC A LA CONCURRENCE MA\u00ceTRISE D\u2019\u0152UVRE POUR LA CONSTRUCTION D&rsquo;UN CENTRE D\u2019INTERPR\u00c9TATION ET L\u2019AM\u00c9NAGEMENT DU SITE DU MARAE DE TAPUTAPUATEA A RAIATEA<\/a><\/h4><p class=\"meta\"><span class=\"vcard\" style=\"display: none;\"><span class=\"fn\"><a href=\"https:\/\/www.service-public.pf\/dcp\/author\/scppf\/\" title=\"Articles par Hiro CARUE\" rel=\"author\">Hiro CARUE<\/a><\/span><\/span><span class=\"updated\" style=\"display:none;\">2023-11-14T15:37:20-10:00<\/span><span>14\/11\/2023<\/span><span class=\"fusion-inline-sep\">|<\/span><\/p><p>        AVIS N\u00b03\/2023\/DCP - AVIS D'APPEL PUBLIC A LA CONCURRENCE MA\u00ceTRISE D\u2019\u0152UVRE POUR LA CONSTRUCTION D'UN CENTRE D\u2019INTERPR\u00c9TATION ET L\u2019AM\u00c9NAGEMENT DU SITE DU MARAE DE TAPUTAPUATEA A RAIATEA [...]<\/p><\/div><\/article><article class=\"post fusion-column column col col-lg-12 col-md-12 col-sm-12\"><div class=\"fusion-flexslider fusion-flexslider-loading flexslider floated-slideshow flexslider-hover-type-none\"><ul class=\"slides\"><li><a href=\"https:\/\/www.service-public.pf\/dcp\/2023\/04\/03\/avis-n1-2023-dcp-avis-dappel-public-a-la-concurrence-evaluation-du-plan-de-gestion-2017-2022-du-paysage-culturel-de-taputapuatea\/\" aria-label=\"AVIS N\u00b02\/2023\/DCP &#8211; AVIS D&rsquo;APPEL PUBLIC A LA CONCURRENCE EVALUATION DU PLAN DE GESTION 2017-2022 DU PAYSAGE CULTUREL DE TAPUTAPUATEA\" class=\"hover-type-none\"><img decoding=\"async\" width=\"177\" height=\"142\" src=\"https:\/\/www.service-public.pf\/dcp\/wp-content\/uploads\/sites\/25\/2022\/01\/march-publics-_Plan-de-travail-1-177x142.jpeg\" class=\"attachment-portfolio-five size-portfolio-five\" alt=\"\" \/><\/a><\/li><\/ul><\/div><div class=\"recent-posts-content\"><span class=\"vcard\" style=\"display: none;\"><span class=\"fn\"><a href=\"https:\/\/www.service-public.pf\/dcp\/author\/heiiti\/\" title=\"Articles par heiiti\" rel=\"author\">heiiti<\/a><\/span><\/span><span class=\"updated\" style=\"display:none;\">2023-04-03T13:25:37-10:00<\/span><h4 class=\"entry-title\"><a href=\"https:\/\/www.service-public.pf\/dcp\/2023\/04\/03\/avis-n1-2023-dcp-avis-dappel-public-a-la-concurrence-evaluation-du-plan-de-gestion-2017-2022-du-paysage-culturel-de-taputapuatea\/\">AVIS N\u00b02\/2023\/DCP &#8211; AVIS D&rsquo;APPEL PUBLIC A LA CONCURRENCE  EVALUATION DU PLAN DE GESTION 2017-2022 DU PAYSAGE CULTUREL DE TAPUTAPUATEA<\/a><\/h4><p class=\"meta\"><span class=\"vcard\" style=\"display: none;\"><span class=\"fn\"><a href=\"https:\/\/www.service-public.pf\/dcp\/author\/heiiti\/\" title=\"Articles par heiiti\" rel=\"author\">heiiti<\/a><\/span><\/span><span class=\"updated\" style=\"display:none;\">2023-04-03T13:25:37-10:00<\/span><span>03\/04\/2023<\/span><span class=\"fusion-inline-sep\">|<\/span><\/p><p>        AVIS N\u00b02\/2023\/DCP - AVIS D'APPEL PUBLIC A LA CONCURRENCE EVALUATION DU PLAN DE GESTION 2017-2022 DU PAYSAGE CULTUREL DE TAPUTAPUATEA 1. Informations relatives \u00e0 l'acheteur public 1\u00b0 [...]<\/p><\/div><\/article><article class=\"post fusion-column column col col-lg-12 col-md-12 col-sm-12\"><div class=\"fusion-flexslider fusion-flexslider-loading flexslider floated-slideshow flexslider-hover-type-none\"><ul class=\"slides\"><li><a href=\"https:\/\/www.service-public.pf\/dcp\/2023\/02\/22\/avis-n1-2023-dcp-avis-dappel-public-a-concurrence-creation-et-organisation-dun-concept-evenementiel-relatif-a-la-candidature-du-bien-mixte-en-serie-sur-la-liste-du-patrimoin\/\" aria-label=\"AVIS N\u00b01\/2023\/DCP- AVIS D\u2019APPEL PUBLIC \u00c0 CONCURRENCE CREATION ET ORGANISATION D&rsquo;UN CONCEPT EVENEMENTIEL RELATIF A LA CANDIDATURE DU BIEN MIXTE EN SERIE \u00a0\u00bb TE HENUA ENATA &#8211; LES ILES MARQUISES \u00a0\u00bb SUR LA LISTE DU PATRIMOINE MONDIAL DE L&rsquo;UNESCO\" class=\"hover-type-none\"><img decoding=\"async\" width=\"177\" height=\"142\" src=\"https:\/\/www.service-public.pf\/dcp\/wp-content\/uploads\/sites\/25\/2022\/10\/march-publics-_Plan-de-travail-1-177x142.jpeg\" class=\"attachment-portfolio-five size-portfolio-five\" alt=\"\" \/><\/a><\/li><\/ul><\/div><div class=\"recent-posts-content\"><span class=\"vcard\" style=\"display: none;\"><span class=\"fn\"><a href=\"https:\/\/www.service-public.pf\/dcp\/author\/scppf\/\" title=\"Articles par Hiro CARUE\" rel=\"author\">Hiro CARUE<\/a><\/span><\/span><span class=\"updated\" style=\"display:none;\">2023-02-22T15:12:03-10:00<\/span><h4 class=\"entry-title\"><a href=\"https:\/\/www.service-public.pf\/dcp\/2023\/02\/22\/avis-n1-2023-dcp-avis-dappel-public-a-concurrence-creation-et-organisation-dun-concept-evenementiel-relatif-a-la-candidature-du-bien-mixte-en-serie-sur-la-liste-du-patrimoin\/\">AVIS N\u00b01\/2023\/DCP- AVIS D\u2019APPEL PUBLIC \u00c0 CONCURRENCE CREATION ET ORGANISATION D&rsquo;UN CONCEPT EVENEMENTIEL RELATIF A LA CANDIDATURE DU BIEN MIXTE EN SERIE \u00a0\u00bb TE HENUA ENATA &#8211; LES ILES MARQUISES \u00a0\u00bb SUR LA LISTE DU PATRIMOINE MONDIAL DE L&rsquo;UNESCO<\/a><\/h4><p class=\"meta\"><span class=\"vcard\" style=\"display: none;\"><span class=\"fn\"><a href=\"https:\/\/www.service-public.pf\/dcp\/author\/scppf\/\" title=\"Articles par Hiro CARUE\" rel=\"author\">Hiro CARUE<\/a><\/span><\/span><span class=\"updated\" style=\"display:none;\">2023-02-22T15:12:03-10:00<\/span><span>22\/02\/2023<\/span><span class=\"fusion-inline-sep\">|<\/span><\/p><p>       Candidature des ILES MARQUISES au label du Patrimoine Mondial de l\u2019UNESCO  AVIS N\u00b01\/2023\/DCP - CREATION ET ORGANISATION D'UN CONCEPT EVENEMENTIEL RELATIF A LA CANDIDATURE DU BIEN MIXTE [...]<\/p><\/div><\/article><article class=\"post fusion-column column col col-lg-12 col-md-12 col-sm-12\"><div class=\"fusion-flexslider fusion-flexslider-loading flexslider floated-slideshow flexslider-hover-type-none\"><ul class=\"slides\"><li><a href=\"https:\/\/www.service-public.pf\/dcp\/2022\/10\/10\/avis-n2-2022-dcp-avis-dappel-public-a-concurrence-mission-de-maitrise-doeuvre-moe-pour-lassainissement-du-systeme-de-collecte-et-devacuation-des-eaux-pluviales-des-terre\/\" aria-label=\"AVIS N\u00b02\/2022\/DCP- AVIS D\u2019APPEL PUBLIC \u00c0 CONCURRENCE MISSION DE MAITRISE D\u2019\u0152UVRE (MOE) POUR L&rsquo;ASSAINISSEMENT DU SYSTEME DE COLLECTE ET D&rsquo;EVACUATION DES EAUX PLUVIALES DES TERRES MANUA, FAATAUFAFAO ET VAIPURAROA DE LA DIRECTION DE LA CULTURE ET DU PATRIMOINE ET DU MUSEE DE TAHITI ET DES ILES, SIS A PUNAAUIA, ILE DE TAHITI\" class=\"hover-type-none\"><img decoding=\"async\" width=\"177\" height=\"142\" src=\"https:\/\/www.service-public.pf\/dcp\/wp-content\/uploads\/sites\/25\/2022\/10\/march-publics-_Plan-de-travail-1-177x142.jpeg\" class=\"attachment-portfolio-five size-portfolio-five\" alt=\"\" \/><\/a><\/li><\/ul><\/div><div class=\"recent-posts-content\"><span class=\"vcard\" style=\"display: none;\"><span class=\"fn\"><a href=\"https:\/\/www.service-public.pf\/dcp\/author\/tauhere\/\" title=\"Articles par tauhere\" rel=\"author\">tauhere<\/a><\/span><\/span><span class=\"updated\" style=\"display:none;\">2023-04-03T13:19:20-10:00<\/span><h4 class=\"entry-title\"><a href=\"https:\/\/www.service-public.pf\/dcp\/2022\/10\/10\/avis-n2-2022-dcp-avis-dappel-public-a-concurrence-mission-de-maitrise-doeuvre-moe-pour-lassainissement-du-systeme-de-collecte-et-devacuation-des-eaux-pluviales-des-terre\/\">AVIS N\u00b02\/2022\/DCP- AVIS D\u2019APPEL PUBLIC \u00c0 CONCURRENCE MISSION DE MAITRISE D\u2019\u0152UVRE (MOE) POUR L&rsquo;ASSAINISSEMENT DU SYSTEME DE COLLECTE ET D&rsquo;EVACUATION DES EAUX PLUVIALES DES TERRES MANUA, FAATAUFAFAO ET VAIPURAROA DE LA DIRECTION DE LA CULTURE ET DU PATRIMOINE ET DU MUSEE DE TAHITI ET DES ILES, SIS A PUNAAUIA, ILE DE TAHITI<\/a><\/h4><p class=\"meta\"><span class=\"vcard\" style=\"display: none;\"><span class=\"fn\"><a href=\"https:\/\/www.service-public.pf\/dcp\/author\/tauhere\/\" title=\"Articles par tauhere\" rel=\"author\">tauhere<\/a><\/span><\/span><span class=\"updated\" style=\"display:none;\">2023-04-03T13:19:20-10:00<\/span><span>10\/10\/2022<\/span><span class=\"fusion-inline-sep\">|<\/span><\/p><p>       Candidature des ILES MARQUISES au label du Patrimoine Mondial de l\u2019UNESCO  AVIS N\u00b02\/2022\/DCP - AVIS D'APPEL PUBLIC A LA CONCURRENCE MISSION DE MAITRISE D\u2019\u0152UVRE (MOE) POUR L'ASSAINISSEMENT [...]<\/p><\/div><\/article><article class=\"post fusion-column column col col-lg-12 col-md-12 col-sm-12\"><div class=\"fusion-flexslider fusion-flexslider-loading flexslider floated-slideshow flexslider-hover-type-none\"><ul class=\"slides\"><li><a href=\"https:\/\/www.service-public.pf\/dcp\/2022\/06\/07\/avis-n1-2022-dcp-avis-dappel-public-a-concurrence-mapa-mission-de-maitrise-doeuvre-moe-pour-la-construction-dun-fare-potee-dune-superficie-de-105\/\" aria-label=\"AVIS N\u00b01\/2022\/DCP &#8211; AVIS D\u2019APPEL PUBLIC \u00c0 CONCURRENCE MAPA MISSION DE MAITRISE D\u2019\u0152UVRE (MOE) POUR LA CONSTRUCTION D\u2019UN FARE P\u014cTE\u2019E D\u2019UNE SUPERFICIE DE 105 M\u00b2 SUR LA PARCELLE OD12 DE LA TERRE ATIAPITI-HAUVIRI-HITIRIA, FACE AU TAHUA-MARAE DE TAPUTAPUATEA, \u00ceLE DE RA\u2019I\u0100TEA\" class=\"hover-type-none\"><img decoding=\"async\" width=\"177\" height=\"142\" src=\"https:\/\/www.service-public.pf\/dcp\/wp-content\/uploads\/sites\/25\/2022\/01\/march-publics-_Plan-de-travail-1-177x142.jpeg\" class=\"attachment-portfolio-five size-portfolio-five\" alt=\"\" \/><\/a><\/li><\/ul><\/div><div class=\"recent-posts-content\"><span class=\"vcard\" style=\"display: none;\"><span class=\"fn\"><a href=\"https:\/\/www.service-public.pf\/dcp\/author\/scppf\/\" title=\"Articles par Hiro CARUE\" rel=\"author\">Hiro CARUE<\/a><\/span><\/span><span class=\"updated\" style=\"display:none;\">2022-10-10T11:27:36-10:00<\/span><h4 class=\"entry-title\"><a href=\"https:\/\/www.service-public.pf\/dcp\/2022\/06\/07\/avis-n1-2022-dcp-avis-dappel-public-a-concurrence-mapa-mission-de-maitrise-doeuvre-moe-pour-la-construction-dun-fare-potee-dune-superficie-de-105\/\">AVIS N\u00b01\/2022\/DCP &#8211; AVIS D\u2019APPEL PUBLIC \u00c0 CONCURRENCE MAPA MISSION DE MAITRISE D\u2019\u0152UVRE (MOE) POUR LA CONSTRUCTION D\u2019UN FARE P\u014cTE\u2019E D\u2019UNE SUPERFICIE DE 105 M\u00b2 SUR LA PARCELLE OD12 DE LA TERRE ATIAPITI-HAUVIRI-HITIRIA, FACE AU TAHUA-MARAE DE TAPUTAPUATEA, \u00ceLE DE RA\u2019I\u0100TEA<\/a><\/h4><p class=\"meta\"><span class=\"vcard\" style=\"display: none;\"><span class=\"fn\"><a href=\"https:\/\/www.service-public.pf\/dcp\/author\/scppf\/\" title=\"Articles par Hiro CARUE\" rel=\"author\">Hiro CARUE<\/a><\/span><\/span><span class=\"updated\" style=\"display:none;\">2022-10-10T11:27:36-10:00<\/span><span>07\/06\/2022<\/span><span class=\"fusion-inline-sep\">|<\/span><\/p><p>Mission de ma\u00eetrise d'\u0153uvre (MOE) pour la construction d'un fare p\u014dte'e d'une superficie de 105 m\u00b2 sur la parcelle OD12 de la terre Atiapiti-Hauviri-Hitiria, face au Tahua-Marae de Taputapu\u0101tea, \u00eele de Ra'iatea<\/p><\/div><\/article><\/section><div class=\"fusion-infinite-scroll-trigger\"><\/div><div class=\"pagination infinite-scroll clearfix\" style=\"display:none;\"><span class=\"current\">1<\/span><a href=\"https:\/\/www.service-public.pf\/dcp\/wp-json\/wp\/v2\/pages\/1909\/page\/2\/\" class=\"inactive\">2<\/a><a class=\"pagination-next\" rel=\"next\" href=\"https:\/\/www.service-public.pf\/dcp\/wp-json\/wp\/v2\/pages\/1909\/page\/2\/\"><span class=\"page-text\">Suivant<\/span><span class=\"page-next\"><\/span><\/a><\/div><div class=\"fusion-clearfix\"><\/div><button class=\"fusion-load-more-button fusion-blog-button fusion-clearfix\">Charger plus d\u2019articles<\/button><\/div><\/div><\/div><div class=\"fusion-layout-column fusion_builder_column fusion-builder-column-3 fusion_builder_column_1_4 1_4 fusion-flex-column\" style=\"--awb-overflow:hidden;--awb-bg-color:#ffffff;--awb-bg-color-hover:#ffffff;--awb-bg-size:cover;--awb-border-radius:20px 20px 20px 20px;--awb-width-large:25%;--awb-margin-top-large:0px;--awb-spacing-right-large:7.68%;--awb-margin-bottom-large:20px;--awb-spacing-left-large:7.68%;--awb-width-medium:100%;--awb-order-medium:0;--awb-spacing-right-medium:1.92%;--awb-spacing-left-medium:1.92%;--awb-width-small:100%;--awb-order-small:0;--awb-spacing-right-small:1.92%;--awb-spacing-left-small:1.92%;\"><div class=\"fusion-column-wrapper fusion-column-has-shadow fusion-flex-justify-content-flex-start fusion-content-layout-column\"><div class=\"fusion-title title fusion-title-2 fusion-sep-none fusion-title-center fusion-title-text fusion-title-size-three vct_title_background\" style=\"--awb-text-color:#330200;--awb-margin-bottom:0px;--awb-margin-top-small:0px;--awb-margin-right-small:0px;--awb-margin-bottom-small:20px;--awb-margin-left-small:0px;--awb-font-size:20px;\"><h3 class=\"fusion-title-heading title-heading-center fusion-responsive-typography-calculated\" style=\"margin:0;font-size:1em;--fontSize:20;line-height:1.5;\"><strong>Dans la m\u00eame rubrique<\/strong><\/h3><\/div><nav class=\"awb-menu awb-menu_column awb-menu_em-hover mobile-mode-collapse-to-button awb-menu_icons-left awb-menu_dc-yes mobile-trigger-fullwidth-off awb-menu_mobile-toggle awb-menu_indent-left mobile-size-full-absolute loading mega-menu-loading awb-menu_desktop awb-menu_dropdown awb-menu_expand-right awb-menu_transition-fade vct_menu_rubrique\" style=\"--awb-font-size:15px;--awb-margin-top:15px;--awb-margin-bottom:15px;--awb-text-transform:none;--awb-gap:15px;--awb-items-padding-right:20px;--awb-items-padding-left:20px;--awb-active-color:#ad101e;--awb-submenu-text-transform:none;--awb-icons-hover-color:#ad101e;--awb-main-justify-content:flex-start;--awb-mobile-justify:flex-start;--awb-mobile-caret-left:auto;--awb-mobile-caret-right:0;--awb-fusion-font-family-typography:inherit;--awb-fusion-font-style-typography:normal;--awb-fusion-font-weight-typography:400;--awb-fusion-font-family-submenu-typography:inherit;--awb-fusion-font-style-submenu-typography:normal;--awb-fusion-font-weight-submenu-typography:400;--awb-fusion-font-family-mobile-typography:inherit;--awb-fusion-font-style-mobile-typography:normal;--awb-fusion-font-weight-mobile-typography:400;\" aria-label=\"\u00c0 propos\" data-breakpoint=\"1024\" data-count=\"0\" data-transition-type=\"fade\" data-transition-time=\"300\" data-expand=\"right\"><button type=\"button\" class=\"awb-menu__m-toggle awb-menu__m-toggle_no-text\" aria-expanded=\"false\" aria-controls=\"menu-a-propos\"><span class=\"awb-menu__m-toggle-inner\"><span class=\"collapsed-nav-text\"><span class=\"screen-reader-text\">Toggle Navigation<\/span><\/span><span class=\"awb-menu__m-collapse-icon awb-menu__m-collapse-icon_no-text\"><span class=\"awb-menu__m-collapse-icon-open awb-menu__m-collapse-icon-open_no-text fa-bars fas\"><\/span><span class=\"awb-menu__m-collapse-icon-close awb-menu__m-collapse-icon-close_no-text fa-times fas\"><\/span><\/span><\/span><\/button><ul id=\"menu-a-propos\" class=\"fusion-menu awb-menu__main-ul awb-menu__main-ul_column\"><li  id=\"menu-item-1609\"  class=\"menu-item menu-item-type-post_type menu-item-object-page menu-item-1609 awb-menu__li awb-menu__main-li awb-menu__main-li_regular\"  data-item-id=\"1609\"><span class=\"awb-menu__main-background-default awb-menu__main-background-default_fade\"><\/span><span class=\"awb-menu__main-background-active awb-menu__main-background-active_fade\"><\/span><a  href=\"https:\/\/www.service-public.pf\/dcp\/mission\/\" class=\"awb-menu__main-a awb-menu__main-a_regular\"><span class=\"menu-text\">Missions, historique<\/span><\/a><\/li><li  id=\"menu-item-1907\"  class=\"menu-item menu-item-type-post_type menu-item-object-page menu-item-1907 awb-menu__li awb-menu__main-li awb-menu__main-li_regular\"  data-item-id=\"1907\"><span class=\"awb-menu__main-background-default awb-menu__main-background-default_fade\"><\/span><span class=\"awb-menu__main-background-active awb-menu__main-background-active_fade\"><\/span><a  href=\"https:\/\/www.service-public.pf\/dcp\/emploi-et-stage\/\" class=\"awb-menu__main-a awb-menu__main-a_regular\"><span class=\"menu-text\">Emploi et Stage<\/span><\/a><\/li><li  id=\"menu-item-1922\"  class=\"menu-item menu-item-type-post_type menu-item-object-page menu-item-1922 awb-menu__li awb-menu__main-li awb-menu__main-li_regular\"  data-item-id=\"1922\"><span class=\"awb-menu__main-background-default awb-menu__main-background-default_fade\"><\/span><span class=\"awb-menu__main-background-active awb-menu__main-background-active_fade\"><\/span><a  href=\"https:\/\/www.service-public.pf\/dcp\/marches-publics\/\" class=\"awb-menu__main-a awb-menu__main-a_regular\"><span class=\"menu-text\">March\u00e9s publics<\/span><\/a><\/li><\/ul><\/nav><\/div><\/div><\/div><\/div><\/p>\n","protected":false},"excerpt":{"rendered":"","protected":false},"author":299,"featured_media":0,"parent":0,"menu_order":25,"comment_status":"closed","ping_status":"closed","template":"","meta":{"_seopress_robots_primary_cat":"","_seopress_titles_title":"","_seopress_titles_desc":"","_seopress_robots_index":"","footnotes":""},"class_list":["post-1909","page","type-page","status-publish","hentry"],"_links":{"self":[{"href":"https:\/\/www.service-public.pf\/dcp\/wp-json\/wp\/v2\/pages\/1909","targetHints":{"allow":["GET"]}}],"collection":[{"href":"https:\/\/www.service-public.pf\/dcp\/wp-json\/wp\/v2\/pages"}],"about":[{"href":"https:\/\/www.service-public.pf\/dcp\/wp-json\/wp\/v2\/types\/page"}],"author":[{"embeddable":true,"href":"https:\/\/www.service-public.pf\/dcp\/wp-json\/wp\/v2\/users\/299"}],"replies":[{"embeddable":true,"href":"https:\/\/www.service-public.pf\/dcp\/wp-json\/wp\/v2\/comments?post=1909"}],"version-history":[{"count":0,"href":"https:\/\/www.service-public.pf\/dcp\/wp-json\/wp\/v2\/pages\/1909\/revisions"}],"wp:attachment":[{"href":"https:\/\/www.service-public.pf\/dcp\/wp-json\/wp\/v2\/media?parent=1909"}],"curies":[{"name":"wp","href":"https:\/\/api.w.org\/{rel}","templated":true}]}}