{"id":2190,"date":"2022-01-20T03:08:28","date_gmt":"2022-01-20T02:08:28","guid":{"rendered":"https:\/\/www.service-public.pf\/dcp\/?page_id=2190"},"modified":"2024-03-06T14:05:37","modified_gmt":"2024-03-07T00:05:37","slug":"aides-et-demarches","status":"publish","type":"page","link":"https:\/\/www.service-public.pf\/dcp\/aides-et-demarches\/","title":{"rendered":"Aides et d\u00e9marches"},"content":{"rendered":"<p><div class=\"fusion-fullwidth fullwidth-box fusion-builder-row-1 fusion-flex-container fusion-parallax-none nonhundred-percent-fullwidth non-hundred-percent-height-scrolling vct_slider vct_dark_bordered_element\" style=\"--awb-border-radius-top-left:0px;--awb-border-radius-top-right:0px;--awb-border-radius-bottom-right:0px;--awb-border-radius-bottom-left:0px;--awb-background-image:url(&quot;https:\/\/www.service-public.pf\/dcp\/wp-content\/uploads\/sites\/25\/2022\/08\/TKDV-XT4S0820-HD-scaled.jpg&quot;);--awb-background-size:cover;--awb-flex-wrap:wrap;\" ><div class=\"fusion-builder-row fusion-row fusion-flex-align-items-flex-start fusion-flex-content-wrap\" style=\"max-width:104%;margin-left: calc(-4% \/ 2 );margin-right: calc(-4% \/ 2 );\"><div class=\"fusion-layout-column fusion_builder_column fusion-builder-column-0 fusion_builder_column_1_1 1_1 fusion-flex-column\" style=\"--awb-padding-top:7%;--awb-padding-bottom:7%;--awb-padding-top-small:30%;--awb-padding-bottom-small:30%;--awb-bg-size:cover;--awb-width-large:100%;--awb-margin-top-large:0px;--awb-spacing-right-large:1.92%;--awb-margin-bottom-large:20px;--awb-spacing-left-large:1.92%;--awb-width-medium:100%;--awb-order-medium:0;--awb-spacing-right-medium:1.92%;--awb-spacing-left-medium:1.92%;--awb-width-small:100%;--awb-order-small:0;--awb-spacing-right-small:1.92%;--awb-spacing-left-small:1.92%;\"><div class=\"fusion-column-wrapper fusion-column-has-shadow fusion-flex-justify-content-flex-start fusion-content-layout-column\"><div class=\"fusion-title title fusion-title-1 fusion-sep-none fusion-title-center fusion-title-text fusion-title-size-one\" style=\"--awb-text-color:#ffffff;--awb-margin-top-small:0px;--awb-margin-right-small:0px;--awb-margin-bottom-small:20px;--awb-margin-left-small:0px;--awb-font-size:50px;\"><h1 class=\"fusion-title-heading title-heading-center fusion-responsive-typography-calculated\" style=\"margin:0;font-size:1em;--fontSize:50;line-height:1.4;text-shadow:5px 5px 5px #333333;\">Aides et d\u00e9marches<\/h1><\/div><\/div><\/div><\/div><\/div><div class=\"fusion-fullwidth fullwidth-box fusion-builder-row-2 fusion-flex-container nonhundred-percent-fullwidth non-hundred-percent-height-scrolling\" style=\"--awb-border-radius-top-left:0px;--awb-border-radius-top-right:0px;--awb-border-radius-bottom-right:0px;--awb-border-radius-bottom-left:0px;--awb-padding-top:30px;--awb-background-color:#faf8f8;--awb-flex-wrap:wrap;\" ><div class=\"fusion-builder-row fusion-row fusion-flex-align-items-flex-start fusion-flex-content-wrap\" style=\"max-width:104%;margin-left: calc(-4% \/ 2 );margin-right: calc(-4% \/ 2 );\"><div class=\"fusion-layout-column fusion_builder_column fusion-builder-column-1 fusion_builder_column_1_1 1_1 fusion-flex-column\" style=\"--awb-bg-size:cover;--awb-width-large:100%;--awb-margin-top-large:0px;--awb-spacing-right-large:1.92%;--awb-margin-bottom-large:20px;--awb-spacing-left-large:1.92%;--awb-width-medium:100%;--awb-order-medium:0;--awb-spacing-right-medium:1.92%;--awb-spacing-left-medium:1.92%;--awb-width-small:100%;--awb-order-small:0;--awb-spacing-right-small:1.92%;--awb-spacing-left-small:1.92%;\"><div class=\"fusion-column-wrapper fusion-column-has-shadow fusion-flex-justify-content-flex-start fusion-content-layout-column\"><nav class=\"fusion-breadcrumbs fusion-breadcrumbs-1\" style=\"--awb-margin-bottom:10px;--awb-font-size:15px;--awb-breadcrumb-sep:&#039;&gt;&#039;;\" aria-label=\"Breadcrumb\"><ol class=\"awb-breadcrumb-list\"><li class=\"fusion-breadcrumb-item awb-breadcrumb-sep awb-home\" ><a href=\"https:\/\/www.service-public.pf\/dcp\" class=\"fusion-breadcrumb-link\"><span >Home<\/span><\/a><\/li><\/ol><\/nav><\/div><\/div><div class=\"fusion-layout-column fusion_builder_column fusion-builder-column-2 fusion_builder_column_1_1 1_1 fusion-flex-column\" style=\"--awb-padding-top:40px;--awb-padding-right:40px;--awb-padding-bottom:40px;--awb-padding-left:40px;--awb-overflow:hidden;--awb-bg-color:#ffffff;--awb-bg-color-hover:#ffffff;--awb-bg-size:cover;--awb-border-radius:20px 20px 20px 20px;--awb-width-large:100%;--awb-margin-top-large:0px;--awb-spacing-right-large:1.92%;--awb-margin-bottom-large:20px;--awb-spacing-left-large:1.92%;--awb-width-medium:100%;--awb-order-medium:0;--awb-spacing-right-medium:1.92%;--awb-spacing-left-medium:1.92%;--awb-width-small:100%;--awb-order-small:0;--awb-spacing-right-small:1.92%;--awb-spacing-left-small:1.92%;\"><div class=\"fusion-column-wrapper fusion-column-has-shadow fusion-flex-justify-content-flex-start fusion-content-layout-column\"><div class=\"fusion-title title fusion-title-2 fusion-sep-none fusion-title-text fusion-title-size-two\" style=\"--awb-text-color:#330200;--awb-margin-top-small:0px;--awb-margin-right-small:0px;--awb-margin-bottom-small:20px;--awb-margin-left-small:0px;\"><h2 class=\"fusion-title-heading title-heading-left fusion-responsive-typography-calculated\" style=\"margin:0;--fontSize:28;line-height:1.5;\"><p><strong>Carte d&rsquo;artiste professionnel<br \/>\n<\/strong><\/p><\/h2><\/div><div class=\"fusion-flip-boxes flip-boxes row fusion-columns-4 fusion-no-small-visibility fusion-no-medium-visibility flip-effect-classic equal-heights vct_flip_boxes\" style=\"--awb-flip-duration:0.5s;\"><div class=\"fusion-flip-box-wrapper fusion-column col-lg-3 col-md-3 col-sm-3\"><div class=\"fusion-flip-box flip-right\" tabindex=\"0\"><div class=\"flip-box-inner-wrapper\"><div class=\"flip-box-front\" style=\"--awb-background-color-front:#e9cd8b;\"><div class=\"flip-box-front-inner\"><h2 class=\"flip-box-heading without-text\">Carte d\u2019artiste professionnel<\/h2><\/div><\/div><div class=\"flip-box-back\" style=\"--awb-background-color-back:#71260f;--awb-title-back-color:#e9cd8b;--awb-text-back-color:#e9cd8b;\"><div class=\"flip-box-back-inner\">\n<p><a href=\"\/dcp\/carte-dartiste-professionnel\/\"><br \/>\n<span style=\"font-size: 18pt;font-weight: bold;text-transform: uppercase\">En savoir plus<\/span><br \/>\nQui peut en b\u00e9n\u00e9ficier ? Pourquoi en faire la demande ?<br \/>\n<\/a><\/p>\n<\/div><\/div><\/div><\/div><\/div><\/div><div class=\"fusion-content-boxes content-boxes columns row fusion-columns-1 fusion-columns-total-1 fusion-content-boxes-1 content-boxes-icon-with-title content-left fusion-no-large-visibility\" style=\"--awb-hover-accent-color:#ad101e;--awb-circle-hover-accent-color:#ad101e;--awb-item-margin-bottom:40px;\" data-animationOffset=\"top-into-view\"><div style=\"--awb-backgroundcolor:#e9cd8b;\" class=\"fusion-column content-box-column content-box-column content-box-column-1 col-lg-12 col-md-12 col-sm-12 fusion-content-box-hover content-box-column-last content-box-column-last-in-row\"><div class=\"col content-box-wrapper content-wrapper-background link-area-link-icon link-type-text icon-hover-animation-fade\" data-animationOffset=\"top-into-view\"><div class=\"heading icon-left\"><a class=\"heading-link\" style=\"float:left;\" href=\"http:\/\/www.culture-patrimoine.pf\/spip.php?article653\" target=\"_self\"><h2 class=\"content-box-heading fusion-responsive-typography-calculated\" style=\"--h2_typography-font-size:18px;--fontSize:18;line-height:1.5;\">Carte d\u2019artiste professionnel<\/h2><\/a><\/div><div class=\"fusion-clearfix\"><\/div><div class=\"content-container\">\n<p>Qui peut en b\u00e9n\u00e9ficier ? Pourquoi en faire la demande ?<\/p>\n<\/div><div class=\"fusion-clearfix\"><\/div><a class=\" fusion-read-more\" style=\"float:left;\" href=\"http:\/\/www.culture-patrimoine.pf\/spip.php?article653\" target=\"_self\">En savoir plus<\/a><div class=\"fusion-clearfix\"><\/div><\/div><\/div><div class=\"fusion-clearfix\"><\/div><\/div><div class=\"fusion-title title fusion-title-3 fusion-sep-none fusion-title-text fusion-title-size-two\" style=\"--awb-text-color:#330200;--awb-margin-top-small:0px;--awb-margin-right-small:0px;--awb-margin-bottom-small:20px;--awb-margin-left-small:0px;\"><h2 class=\"fusion-title-heading title-heading-left fusion-responsive-typography-calculated\" style=\"margin:0;--fontSize:28;line-height:1.5;\"><p><strong>Dispositifs d&rsquo;aides<br \/>\n<\/strong><\/p><\/h2><\/div><div class=\"fusion-flip-boxes flip-boxes row fusion-columns-4 fusion-no-small-visibility fusion-no-medium-visibility flip-effect-classic equal-heights vct_flip_boxes\" style=\"--awb-flip-duration:0.5s;\"><div class=\"fusion-flip-box-wrapper fusion-column col-lg-3 col-md-3 col-sm-3\"><div class=\"fusion-flip-box flip-right\" tabindex=\"0\"><div class=\"flip-box-inner-wrapper\"><div class=\"flip-box-front\" style=\"--awb-background-color-front:#e9cd8b;\"><div class=\"flip-box-front-inner\"><h2 class=\"flip-box-heading without-text\">Aide \u00e0 la cr\u00e9ation litt\u00e9raire et artistique<\/h2><\/div><\/div><div class=\"flip-box-back\" style=\"--awb-background-color-back:#71260f;--awb-title-back-color:#ffffff;--awb-text-back-color:#ffffff;\"><div class=\"flip-box-back-inner\">\n<p><a href=\"\/dcp\/aide-a-la-creation-litteraire-et-artistique\/\"><br \/>\n<span style=\"font-size: 18pt;font-weight: bold;text-transform: uppercase\">En savoir plus<\/span><br \/>\nApr\u00e8s l\u2019aide aux personnes morales, la Polyn\u00e9sie se dote d\u2019un dispositif d\u2019aide individuelle \u00e0 la cr\u00e9ation litt\u00e9raire et artistique<br \/>\n<\/a><\/p>\n<\/div><\/div><\/div><\/div><\/div><div class=\"fusion-flip-box-wrapper fusion-column col-lg-3 col-md-3 col-sm-3\"><div class=\"fusion-flip-box flip-right\" tabindex=\"0\"><div class=\"flip-box-inner-wrapper\"><div class=\"flip-box-front\" style=\"--awb-background-color-front:#e9cd8b;\"><div class=\"flip-box-front-inner\"><h2 class=\"flip-box-heading without-text\">Aide en faveur des associations \u00e0 vocation culturelle (personnes morales)<\/h2><\/div><\/div><div class=\"flip-box-back\" style=\"--awb-background-color-back:#71260f;--awb-title-back-color:#ffffff;--awb-text-back-color:#ffffff;\"><div class=\"flip-box-back-inner\">\n<p><a href=\"\/dcp\/aide-en-faveur-des-associations-a-vocation-culturelle\/\"><br \/>\n<span style=\"font-size: 18pt;font-weight: bold;text-transform: uppercase\">En savoir plus<\/span><br \/>\nQui peut b\u00e9n\u00e9ficier d\u2019une subvention ? Quels sont les domaines culturels \u00e9ligibles ? Quels sont les crit\u00e8res d\u2019attribution des subventions ?<br \/>\n<\/a><\/p>\n<\/div><\/div><\/div><\/div><\/div><\/div><div class=\"fusion-content-boxes content-boxes columns row fusion-columns-1 fusion-columns-total-2 fusion-content-boxes-2 content-boxes-icon-with-title content-left fusion-no-large-visibility\" style=\"--awb-hover-accent-color:#ad101e;--awb-circle-hover-accent-color:#ad101e;--awb-item-margin-bottom:40px;\" data-animationOffset=\"top-into-view\"><div style=\"--awb-backgroundcolor:#e9cd8b;\" class=\"fusion-column content-box-column content-box-column content-box-column-1 col-lg-12 col-md-12 col-sm-12 fusion-content-box-hover content-box-column-last-in-row\"><div class=\"col content-box-wrapper content-wrapper-background link-area-link-icon link-type-text icon-hover-animation-fade\" data-animationOffset=\"top-into-view\"><div class=\"heading icon-left\"><a class=\"heading-link\" style=\"float:left;\" href=\"http:\/\/www.culture-patrimoine.pf\/spip.php?article653\" target=\"_self\"><h2 class=\"content-box-heading fusion-responsive-typography-calculated\" style=\"--h2_typography-font-size:18px;--fontSize:18;line-height:1.5;\">Carte d\u2019artiste professionnel<\/h2><\/a><\/div><div class=\"fusion-clearfix\"><\/div><div class=\"content-container\">Qui peut en b\u00e9n\u00e9ficier ? Pourquoi en faire la demande ?<\/div><div class=\"fusion-clearfix\"><\/div><a class=\" fusion-read-more\" style=\"float:left;\" href=\"http:\/\/www.culture-patrimoine.pf\/spip.php?article653\" target=\"_self\">En savoir plus<\/a><div class=\"fusion-clearfix\"><\/div><\/div><\/div><div style=\"--awb-backgroundcolor:#e9cd8b;\" class=\"fusion-column content-box-column content-box-column content-box-column-2 col-lg-12 col-md-12 col-sm-12 fusion-content-box-hover content-box-column-last content-box-column-last-in-row\"><div class=\"col content-box-wrapper content-wrapper-background link-area-link-icon link-type-text icon-hover-animation-fade\" data-animationOffset=\"top-into-view\"><div class=\"heading icon-left\"><a class=\"heading-link\" style=\"float:left;\" href=\"http:\/\/www.culture-patrimoine.pf\/spip.php?article611\" target=\"_self\"><h2 class=\"content-box-heading fusion-responsive-typography-calculated\" style=\"--h2_typography-font-size:18px;--fontSize:18;line-height:1.5;\">Aide \u00e0 la cr\u00e9ation litt\u00e9raire et artistique<\/h2><\/a><\/div><div class=\"fusion-clearfix\"><\/div><div class=\"content-container\">\n<p>Apr\u00e8s l\u2019aide aux personnes morales, la Polyn\u00e9sie se dote d\u2019un dispositif d\u2019aide individuelle \u00e0 la cr\u00e9ation litt\u00e9raire et artistique<\/p>\n<\/div><div class=\"fusion-clearfix\"><\/div><a class=\" fusion-read-more\" style=\"float:left;\" href=\"http:\/\/www.culture-patrimoine.pf\/spip.php?article611\" target=\"_self\">En savoir plus<\/a><div class=\"fusion-clearfix\"><\/div><\/div><\/div><div class=\"fusion-clearfix\"><\/div><\/div><div class=\"fusion-title title fusion-title-4 fusion-sep-none fusion-title-text fusion-title-size-two\" style=\"--awb-text-color:#330200;--awb-margin-top-small:0px;--awb-margin-right-small:0px;--awb-margin-bottom-small:20px;--awb-margin-left-small:0px;\"><h2 class=\"fusion-title-heading title-heading-left fusion-responsive-typography-calculated\" style=\"margin:0;--fontSize:28;line-height:1.5;\"><strong>D\u00e9marches administratives<\/strong><\/h2><\/div><div class=\"fusion-flip-boxes flip-boxes row fusion-columns-4 fusion-no-small-visibility fusion-no-medium-visibility flip-effect-classic equal-heights vct_flip_boxes\" style=\"--awb-flip-duration:0.5s;\"><div class=\"fusion-flip-box-wrapper fusion-column col-lg-3 col-md-3 col-sm-3\"><div class=\"fusion-flip-box flip-right\" tabindex=\"0\"><div class=\"flip-box-inner-wrapper\"><div class=\"flip-box-front\" style=\"--awb-background-color-front:#e9cd8b;\"><div class=\"flip-box-front-inner\"><h2 class=\"flip-box-heading without-text\">Autorisation d\u2019occupation temporaire (AOT)<\/h2><\/div><\/div><div class=\"flip-box-back\" style=\"--awb-background-color-back:#71260f;--awb-title-back-color:#e9cd8b;--awb-text-back-color:#e9cd8b;\"><div class=\"flip-box-back-inner\">\n<p><a href=\"https:\/\/www.service-public.pf\/dcp\/autorisation-doccupation-temporaire-aot\/\"><br \/>\n<span style=\"font-size: 18pt;font-weight: bold;text-transform: uppercase\">En savoir plus<\/span><br \/>\nQui peut en b\u00e9n\u00e9ficier ? Pourquoi en faire la demande ?<br \/>\n<\/a><\/p>\n<\/div><\/div><\/div><\/div><\/div><div class=\"fusion-flip-box-wrapper fusion-column col-lg-3 col-md-3 col-sm-3\"><div class=\"fusion-flip-box flip-right\" tabindex=\"0\"><div class=\"flip-box-inner-wrapper\"><div class=\"flip-box-front\" style=\"--awb-background-color-front:#e9cd8b;\"><div class=\"flip-box-front-inner\"><h2 class=\"flip-box-heading without-text\">Exportation et importation de biens culturels<\/h2><\/div><\/div><div class=\"flip-box-back\" style=\"--awb-background-color-back:#71260f;--awb-title-back-color:#e9cd8b;--awb-text-back-color:#e9cd8b;\"><div class=\"flip-box-back-inner\">\n<p><a href=\"https:\/\/www.service-public.pf\/dcp\/attestation-dengagement-dexonerations-douanieres-relatives-aux-droits-et-taxes-a-limportation\/\"><br \/>\n<span style=\"font-size: 18pt;font-weight: bold;text-transform: uppercase\">En savoir plus<\/span><br \/>\nQui peut en b\u00e9n\u00e9ficier ? Pourquoi en faire la demande ?<br \/>\n<\/a><\/p>\n<\/div><\/div><\/div><\/div><\/div><div class=\"fusion-flip-box-wrapper fusion-column col-lg-3 col-md-3 col-sm-3\"><div class=\"fusion-flip-box flip-right\" tabindex=\"0\"><div class=\"flip-box-inner-wrapper\"><div class=\"flip-box-front\" style=\"--awb-background-color-front:#e9cd8b;--awb-text-front-color:#71260f;\"><div class=\"flip-box-front-inner\"><h2 class=\"flip-box-heading without-text\">Autorisation de travaux arch\u00e9ologiques<\/h2><\/div><\/div><div class=\"flip-box-back\" style=\"--awb-background-color-back:#71260f;--awb-title-back-color:#e9cd8b;--awb-text-back-color:#e9cd8b;\"><div class=\"flip-box-back-inner\">\n<p><a href=\"https:\/\/www.service-public.pf\/dcp\/autorisation-de-travaux-archeologiques\/\"><span style=\"font-size: 18pt;font-weight: bold;text-transform: uppercase\">En savoir plus<\/span><br \/>\nQui peut en b\u00e9n\u00e9ficier ? Pourquoi en faire la demande ?<\/a><\/p>\n<\/div><\/div><\/div><\/div><\/div><\/div><div class=\"fusion-content-boxes content-boxes columns row fusion-columns-1 fusion-columns-total-3 fusion-content-boxes-3 content-boxes-icon-with-title content-left fusion-no-large-visibility\" style=\"--awb-hover-accent-color:#ad101e;--awb-circle-hover-accent-color:#ad101e;--awb-item-margin-bottom:40px;\" data-animationOffset=\"top-into-view\"><div style=\"--awb-backgroundcolor:#e9cd8b;\" class=\"fusion-column content-box-column content-box-column content-box-column-1 col-lg-12 col-md-12 col-sm-12 fusion-content-box-hover content-box-column-last-in-row\"><div class=\"col content-box-wrapper content-wrapper-background link-area-link-icon link-type-text icon-hover-animation-fade\" data-animationOffset=\"top-into-view\"><div class=\"heading icon-left\"><a class=\"heading-link\" style=\"float:left;\" href=\"http:\/\/www.culture-patrimoine.pf\/spip.php?article952&amp;lang=fr\" target=\"_self\"><h2 class=\"content-box-heading fusion-responsive-typography-calculated\" style=\"--h2_typography-font-size:18px;--fontSize:18;line-height:1.5;\">Autorisation d\u2019occupation temporaire (AOT)<\/h2><\/a><\/div><div class=\"fusion-clearfix\"><\/div><div class=\"content-container\">\n<p><a href=\"https:\/\/www.service-public.pf\/dcp\/autorisation-doccupation-temporaire-aot\/\">Qui peut en b\u00e9n\u00e9ficier ? Pourquoi en faire la demande ?<\/a><\/p>\n<\/div><div class=\"fusion-clearfix\"><\/div><a class=\" fusion-read-more\" style=\"float:left;\" href=\"http:\/\/www.culture-patrimoine.pf\/spip.php?article952&amp;lang=fr\" target=\"_self\">En savoir plus<\/a><div class=\"fusion-clearfix\"><\/div><\/div><\/div><div style=\"--awb-backgroundcolor:#e9cd8b;\" class=\"fusion-column content-box-column content-box-column content-box-column-2 col-lg-12 col-md-12 col-sm-12 fusion-content-box-hover content-box-column-last-in-row\"><div class=\"col content-box-wrapper content-wrapper-background link-area-link-icon link-type-text icon-hover-animation-fade\" data-animationOffset=\"top-into-view\"><div class=\"heading icon-left\"><a class=\"heading-link\" style=\"float:left;\" href=\"https:\/\/www.service-public.pf\/dcp\/attestation-dengagement-dexonerations-douanieres-relatives-aux-droits-et-taxes-a-limportation\/\" target=\"_self\"><h2 class=\"content-box-heading fusion-responsive-typography-calculated\" style=\"--h2_typography-font-size:18px;--fontSize:18;line-height:1.5;\">Exportation et importation de biens culturels<\/h2><\/a><\/div><div class=\"fusion-clearfix\"><\/div><div class=\"content-container\">\n<p><a href=\"https:\/\/www.service-public.pf\/dcp\/attestation-dengagement-dexonerations-douanieres-relatives-aux-droits-et-taxes-a-limportation\/\">Qui peut en b\u00e9n\u00e9ficier ? Pourquoi en faire la demande ?<\/a><\/p>\n<\/div><div class=\"fusion-clearfix\"><\/div><a class=\" fusion-read-more\" style=\"float:left;\" href=\"https:\/\/www.service-public.pf\/dcp\/attestation-dengagement-dexonerations-douanieres-relatives-aux-droits-et-taxes-a-limportation\/\" target=\"_self\">En savoir plus<\/a><div class=\"fusion-clearfix\"><\/div><\/div><\/div><div style=\"--awb-backgroundcolor:#f6f5dc;\" class=\"fusion-column content-box-column content-box-column content-box-column-3 col-lg-12 col-md-12 col-sm-12 fusion-content-box-hover content-box-column-last content-box-column-last-in-row\"><div class=\"col content-box-wrapper content-wrapper-background link-area-link-icon icon-hover-animation-fade\" data-animationOffset=\"top-into-view\"><div class=\"heading icon-left\"><h2 class=\"content-box-heading fusion-responsive-typography-calculated\" style=\"--h2_typography-font-size:18px;--fontSize:18;line-height:1.5;\">Autorisation de travaux arch\u00e9ologiques<\/h2><\/div><\/div><\/div><div class=\"fusion-clearfix\"><\/div><\/div><\/div><\/div><\/div><\/div><\/p>\n","protected":false},"excerpt":{"rendered":"","protected":false},"author":299,"featured_media":4786,"parent":0,"menu_order":9,"comment_status":"closed","ping_status":"closed","template":"","meta":{"_seopress_robots_primary_cat":"","_seopress_titles_title":"","_seopress_titles_desc":"","_seopress_robots_index":"","footnotes":""},"class_list":["post-2190","page","type-page","status-publish","has-post-thumbnail","hentry"],"_links":{"self":[{"href":"https:\/\/www.service-public.pf\/dcp\/wp-json\/wp\/v2\/pages\/2190","targetHints":{"allow":["GET"]}}],"collection":[{"href":"https:\/\/www.service-public.pf\/dcp\/wp-json\/wp\/v2\/pages"}],"about":[{"href":"https:\/\/www.service-public.pf\/dcp\/wp-json\/wp\/v2\/types\/page"}],"author":[{"embeddable":true,"href":"https:\/\/www.service-public.pf\/dcp\/wp-json\/wp\/v2\/users\/299"}],"replies":[{"embeddable":true,"href":"https:\/\/www.service-public.pf\/dcp\/wp-json\/wp\/v2\/comments?post=2190"}],"version-history":[{"count":0,"href":"https:\/\/www.service-public.pf\/dcp\/wp-json\/wp\/v2\/pages\/2190\/revisions"}],"wp:featuredmedia":[{"embeddable":true,"href":"https:\/\/www.service-public.pf\/dcp\/wp-json\/wp\/v2\/media\/4786"}],"wp:attachment":[{"href":"https:\/\/www.service-public.pf\/dcp\/wp-json\/wp\/v2\/media?parent=2190"}],"curies":[{"name":"wp","href":"https:\/\/api.w.org\/{rel}","templated":true}]}}