{"id":2264,"date":"2022-01-21T03:14:17","date_gmt":"2022-01-21T02:14:17","guid":{"rendered":"https:\/\/www.service-public.pf\/dcp\/?page_id=2264"},"modified":"2022-07-14T05:15:16","modified_gmt":"2022-07-14T15:15:16","slug":"le-saviez-vous","status":"publish","type":"page","link":"https:\/\/www.service-public.pf\/dcp\/le-saviez-vous\/","title":{"rendered":"Le saviez-vous ?"},"content":{"rendered":"<div class=\"fusion-fullwidth fullwidth-box fusion-builder-row-1 fusion-flex-container nonhundred-percent-fullwidth non-hundred-percent-height-scrolling vct_posts_main_page\" style=\"--awb-border-radius-top-left:0px;--awb-border-radius-top-right:0px;--awb-border-radius-bottom-right:0px;--awb-border-radius-bottom-left:0px;--awb-padding-top:30px;--awb-background-color:#faf8f8;--awb-flex-wrap:wrap;\" ><div class=\"fusion-builder-row fusion-row fusion-flex-align-items-flex-start fusion-flex-content-wrap\" style=\"max-width:104%;margin-left: calc(-4% \/ 2 );margin-right: calc(-4% \/ 2 );\"><div class=\"fusion-layout-column fusion_builder_column fusion-builder-column-0 fusion_builder_column_1_1 1_1 fusion-flex-column\" style=\"--awb-bg-size:cover;--awb-width-large:100%;--awb-margin-top-large:0px;--awb-spacing-right-large:1.92%;--awb-margin-bottom-large:20px;--awb-spacing-left-large:1.92%;--awb-width-medium:100%;--awb-order-medium:0;--awb-spacing-right-medium:1.92%;--awb-spacing-left-medium:1.92%;--awb-width-small:100%;--awb-order-small:0;--awb-spacing-right-small:1.92%;--awb-spacing-left-small:1.92%;\"><div class=\"fusion-column-wrapper fusion-column-has-shadow fusion-flex-justify-content-flex-start fusion-content-layout-column\"><div class=\"fusion-blog-shortcode fusion-blog-shortcode-1 fusion-blog-archive fusion-blog-layout-large fusion-blog-pagination\"><div class=\"fusion-posts-container fusion-posts-container-pagination fusion-blog-rollover\" data-pages=\"2\"><article id=\"blog-1-post-9866\" class=\"fusion-post-large post-9866 post type-post status-publish format-standard has-post-thumbnail hentry category-actualites category-bibliotheque category-le-saviez-vous category-malette-pedagogique\">\n\t<style type=\"text\/css\">\n\t\t\n\t\t\n\t\t\n\t\t\n\t\t\t<\/style>\n\n\n\t\t\t<div class=\"fusion-flexslider flexslider fusion-flexslider-loading fusion-post-slideshow\" style=\"\">\n\t\t<ul class=\"slides\">\n\t\t\t\n\t\t\t\t\t\t\t\t\t\t\t\t\t\t<li><div  class=\"fusion-image-wrapper\" aria-haspopup=\"true\">\n\t\t\t\t<img decoding=\"async\" width=\"1880\" height=\"1576\" src=\"https:\/\/www.service-public.pf\/dcp\/wp-content\/uploads\/sites\/25\/2025\/03\/Livret-Maupiti.jpg\" class=\"attachment-full size-full wp-post-image\" alt=\"\" srcset=\"https:\/\/www.service-public.pf\/dcp\/wp-content\/uploads\/sites\/25\/2025\/03\/Livret-Maupiti-200x168.jpg 200w, https:\/\/www.service-public.pf\/dcp\/wp-content\/uploads\/sites\/25\/2025\/03\/Livret-Maupiti-400x335.jpg 400w, https:\/\/www.service-public.pf\/dcp\/wp-content\/uploads\/sites\/25\/2025\/03\/Livret-Maupiti-600x503.jpg 600w, https:\/\/www.service-public.pf\/dcp\/wp-content\/uploads\/sites\/25\/2025\/03\/Livret-Maupiti-800x671.jpg 800w, https:\/\/www.service-public.pf\/dcp\/wp-content\/uploads\/sites\/25\/2025\/03\/Livret-Maupiti-1200x1006.jpg 1200w, https:\/\/www.service-public.pf\/dcp\/wp-content\/uploads\/sites\/25\/2025\/03\/Livret-Maupiti.jpg 1880w\" sizes=\"(max-width: 1024px) 100vw, (max-width: 640px) 100vw, 1880px\" \/><div class=\"fusion-rollover\">\n\t<div class=\"fusion-rollover-content\">\n\n\t\t\t\t\t\t\t\t\t\t\t\t\t\t<a class=\"fusion-rollover-link\" href=\"https:\/\/www.service-public.pf\/dcp\/2025\/03\/28\/livret-de-legendes-de-maurua-maupiti\/\">Livret de l\u00e9gendes de Maurua (Maupiti)<\/a>\n\t\t\t\n\t\t\t\t\t\t\t\t\n\t\t\n\t\t\t\t\t\t\t\t\n\t\t\t\t\t\t\t\t\n\t\t\n\t\t\t\t\t\t<a class=\"fusion-link-wrapper\" href=\"https:\/\/www.service-public.pf\/dcp\/2025\/03\/28\/livret-de-legendes-de-maurua-maupiti\/\" aria-label=\"Livret de l\u00e9gendes de Maurua (Maupiti)\"><\/a>\n\t<\/div>\n<\/div>\n<\/div>\n<\/li>\n\t\t\t\n\t\t\t\n\t\t\t\t\t\t\t\t\t\t\t\t\t\t\t\t\t\t\t\t\t\t\t\t\t\t\t\t\t\t\t\t\t\t\t\t\t\t\t\t\t\t\t\t\t\t\t\t\t\t\t\t\t\t\t\t\t\t\t\t\t\t\t\t\t\t\t\t<\/ul>\n\t<\/div>\n\t<div class=\"fusion-post-content post-content\"><h2 class=\"blog-shortcode-post-title entry-title\"><a href=\"https:\/\/www.service-public.pf\/dcp\/2025\/03\/28\/livret-de-legendes-de-maurua-maupiti\/\">Livret de l\u00e9gendes de Maurua (Maupiti)<\/a><\/h2><div class=\"fusion-post-content-container\"><p>Apr\u00e8s les livrets de l\u00e9gendes sur \u00ab Taputapu\u0101tea \u00bb, \u00ab Teahupo\u2019o \u00bb, \u00ab Tautira \u00bb, \u00ab Fatu Iva \u00bb, \u00ab Bora Bora \u00bb d\u00e9couvrez le sixi\u00e8me volet de notre s\u00e9rie \u00ab La Polyn\u00e9sie, Terre de l\u00e9gendes \u00bb qui vous fera voyager, cette fois-ci, \u00e0 \u00ab Maurua \u00bb. Initi\u00e9 par Monsieur Maui TAUIRAI, qui a su transformer cette tradition orale qui est la n\u00f4tre en patrimoine \u00e9crit, cet ouvrage est une v\u00e9ritable plong\u00e9e dans les l\u00e9gendes de l\u2019\u00eele de Maurua (Maupiti).<\/p><\/div><\/div><div class=\"fusion-clearfix\"><\/div><div class=\"fusion-meta-info\"><div class=\"fusion-alignleft\"><span class=\"vcard\" style=\"display: none;\"><span class=\"fn\"><a href=\"https:\/\/www.service-public.pf\/dcp\/author\/hirodcp\/\" title=\"Articles par hirodcp\" rel=\"author\">hirodcp<\/a><\/span><\/span><span class=\"updated\" style=\"display:none;\">2025-05-13T09:27:52-10:00<\/span><span>28\/03\/2025<\/span><span class=\"fusion-inline-sep\">|<\/span>Cat\u00e9gories : <a href=\"https:\/\/www.service-public.pf\/dcp\/category\/actualites\/\" rel=\"category tag\">Actualit\u00e9s<\/a>, <a href=\"https:\/\/www.service-public.pf\/dcp\/category\/bibliotheque\/\" rel=\"category tag\">Biblioth\u00e8que<\/a>, <a href=\"https:\/\/www.service-public.pf\/dcp\/category\/le-saviez-vous\/\" rel=\"category tag\">Le saviez-vous<\/a>, <a href=\"https:\/\/www.service-public.pf\/dcp\/category\/malette-pedagogique\/\" rel=\"category tag\">Malette p\u00e9dagogique<\/a><span class=\"fusion-inline-sep\">|<\/span><\/div><div class=\"fusion-alignright\"><a class=\"fusion-read-more\" href=\"https:\/\/www.service-public.pf\/dcp\/2025\/03\/28\/livret-de-legendes-de-maurua-maupiti\/\" aria-label=\"More on Livret de l\u00e9gendes de Maurua (Maupiti)\">Lire Plus<\/a><\/div><\/div><\/article>\n<article id=\"blog-1-post-7522\" class=\"fusion-post-large post-7522 post type-post status-publish format-standard has-post-thumbnail hentry category-bibliotheque category-le-saviez-vous\">\n\t<style type=\"text\/css\">\n\t\t\n\t\t\n\t\t\n\t\t\n\t\t\t<\/style>\n\n\n\t\t\t<div class=\"fusion-flexslider flexslider fusion-flexslider-loading fusion-post-slideshow\" style=\"\">\n\t\t<ul class=\"slides\">\n\t\t\t\n\t\t\t\t\t\t\t\t\t\t\t\t\t\t<li><div  class=\"fusion-image-wrapper\" aria-haspopup=\"true\">\n\t\t\t\t<img decoding=\"async\" width=\"681\" height=\"381\" src=\"https:\/\/www.service-public.pf\/dcp\/wp-content\/uploads\/sites\/25\/2024\/04\/couv-Taura.jpg\" class=\"attachment-full size-full wp-post-image\" alt=\"\" srcset=\"https:\/\/www.service-public.pf\/dcp\/wp-content\/uploads\/sites\/25\/2024\/04\/couv-Taura-200x112.jpg 200w, https:\/\/www.service-public.pf\/dcp\/wp-content\/uploads\/sites\/25\/2024\/04\/couv-Taura-400x224.jpg 400w, https:\/\/www.service-public.pf\/dcp\/wp-content\/uploads\/sites\/25\/2024\/04\/couv-Taura-600x336.jpg 600w, https:\/\/www.service-public.pf\/dcp\/wp-content\/uploads\/sites\/25\/2024\/04\/couv-Taura.jpg 681w\" sizes=\"(max-width: 1024px) 100vw, (max-width: 640px) 100vw, 681px\" \/><div class=\"fusion-rollover\">\n\t<div class=\"fusion-rollover-content\">\n\n\t\t\t\t\t\t\t\t\t\t\t\t\t\t<a class=\"fusion-rollover-link\" href=\"https:\/\/www.service-public.pf\/dcp\/2024\/04\/10\/decouvrez-le-livret-sur-les-taura\/\">D\u00e9couvrez le livret sur les Taura&#8230;<\/a>\n\t\t\t\n\t\t\t\t\t\t\t\t\n\t\t\n\t\t\t\t\t\t\t\t\n\t\t\t\t\t\t\t\t\n\t\t\n\t\t\t\t\t\t<a class=\"fusion-link-wrapper\" href=\"https:\/\/www.service-public.pf\/dcp\/2024\/04\/10\/decouvrez-le-livret-sur-les-taura\/\" aria-label=\"D\u00e9couvrez le livret sur les Taura&#8230;\"><\/a>\n\t<\/div>\n<\/div>\n<\/div>\n<\/li>\n\t\t\t\n\t\t\t\n\t\t\t\t\t\t\t\t\t\t\t\t\t\t\t\t\t\t\t\t\t\t\t\t\t\t\t\t\t\t\t\t\t\t\t\t\t\t\t\t\t\t\t\t\t\t\t\t\t\t\t\t\t\t\t\t\t\t\t\t\t\t\t\t\t\t\t\t<\/ul>\n\t<\/div>\n\t<div class=\"fusion-post-content post-content\"><h2 class=\"blog-shortcode-post-title entry-title\"><a href=\"https:\/\/www.service-public.pf\/dcp\/2024\/04\/10\/decouvrez-le-livret-sur-les-taura\/\">D\u00e9couvrez le livret sur les Taura&#8230;<\/a><\/h2><div class=\"fusion-post-content-container\"><p>T\u0101ura, tuputupua, t\u016bp\u0101pa'u, v\u0101rua 'ino tels sont les termes utilis\u00e9s pour d\u00e9signer un revenant, un fant\u00f4me, un esprit malin ou simplement un \u00eatre protecteur...<\/p><\/div><\/div><div class=\"fusion-clearfix\"><\/div><div class=\"fusion-meta-info\"><div class=\"fusion-alignleft\"><span class=\"vcard\" style=\"display: none;\"><span class=\"fn\"><a href=\"https:\/\/www.service-public.pf\/dcp\/author\/scppf\/\" title=\"Articles par Hiro CARUE\" rel=\"author\">Hiro CARUE<\/a><\/span><\/span><span class=\"updated\" style=\"display:none;\">2024-04-11T14:09:22-10:00<\/span><span>10\/04\/2024<\/span><span class=\"fusion-inline-sep\">|<\/span>Cat\u00e9gories : <a href=\"https:\/\/www.service-public.pf\/dcp\/category\/bibliotheque\/\" rel=\"category tag\">Biblioth\u00e8que<\/a>, <a href=\"https:\/\/www.service-public.pf\/dcp\/category\/le-saviez-vous\/\" rel=\"category tag\">Le saviez-vous<\/a><span class=\"fusion-inline-sep\">|<\/span><\/div><div class=\"fusion-alignright\"><a class=\"fusion-read-more\" href=\"https:\/\/www.service-public.pf\/dcp\/2024\/04\/10\/decouvrez-le-livret-sur-les-taura\/\" aria-label=\"More on D\u00e9couvrez le livret sur les Taura&#8230;\">Lire Plus<\/a><\/div><\/div><\/article>\n<article id=\"blog-1-post-5660\" class=\"fusion-post-large post-5660 post type-post status-publish format-standard has-post-thumbnail hentry category-actualites category-le-saviez-vous\">\n\t<style type=\"text\/css\">\n\t\t\n\t\t\n\t\t\n\t\t\n\t\t\t<\/style>\n\n\n\t\t\t<div class=\"fusion-flexslider flexslider fusion-flexslider-loading fusion-post-slideshow\" style=\"\">\n\t\t<ul class=\"slides\">\n\t\t\t\n\t\t\t\t\t\t\t\t\t\t\t\t\t\t<li><div  class=\"fusion-image-wrapper\" aria-haspopup=\"true\">\n\t\t\t\t<img decoding=\"async\" width=\"475\" height=\"451\" src=\"https:\/\/www.service-public.pf\/dcp\/wp-content\/uploads\/sites\/25\/2022\/09\/Le-temps-du-lever.png\" class=\"attachment-full size-full wp-post-image\" alt=\"\" srcset=\"https:\/\/www.service-public.pf\/dcp\/wp-content\/uploads\/sites\/25\/2022\/09\/Le-temps-du-lever-200x190.png 200w, https:\/\/www.service-public.pf\/dcp\/wp-content\/uploads\/sites\/25\/2022\/09\/Le-temps-du-lever-400x380.png 400w, https:\/\/www.service-public.pf\/dcp\/wp-content\/uploads\/sites\/25\/2022\/09\/Le-temps-du-lever.png 475w\" sizes=\"(max-width: 1024px) 100vw, (max-width: 640px) 100vw, 475px\" \/><div class=\"fusion-rollover\">\n\t<div class=\"fusion-rollover-content\">\n\n\t\t\t\t\t\t\t\t\t\t\t\t\t\t<a class=\"fusion-rollover-link\" href=\"https:\/\/www.service-public.pf\/dcp\/2022\/09\/08\/te-tau-matarii-i-nia\/\">Te tau matari&rsquo;i i ni&rsquo;a<\/a>\n\t\t\t\n\t\t\t\t\t\t\t\t\n\t\t\n\t\t\t\t\t\t\t\t\n\t\t\t\t\t\t\t\t\n\t\t\n\t\t\t\t\t\t<a class=\"fusion-link-wrapper\" href=\"https:\/\/www.service-public.pf\/dcp\/2022\/09\/08\/te-tau-matarii-i-nia\/\" aria-label=\"Te tau matari&rsquo;i i ni&rsquo;a\"><\/a>\n\t<\/div>\n<\/div>\n<\/div>\n<\/li>\n\t\t\t\n\t\t\t\n\t\t\t\t\t\t\t\t\t\t\t\t\t\t\t\t\t\t\t\t\t\t\t\t\t\t\t\t\t\t\t\t\t\t\t\t\t\t\t\t\t\t\t\t\t\t\t\t\t\t\t\t\t\t\t\t\t\t\t\t\t\t\t\t\t\t\t\t<\/ul>\n\t<\/div>\n\t<div class=\"fusion-post-content post-content\"><h2 class=\"blog-shortcode-post-title entry-title\"><a href=\"https:\/\/www.service-public.pf\/dcp\/2022\/09\/08\/te-tau-matarii-i-nia\/\">Te tau matari&rsquo;i i ni&rsquo;a<\/a><\/h2><div class=\"fusion-post-content-container\"><p>       D\u00e9couvrez en t\u00e9l\u00e9chargement ce livret d'activit\u00e9s sur le temps du lever des Pl\u00e9iades. N'h\u00e9sitez pas \u00e0 partager le lien...     <\/p><\/div><\/div><div class=\"fusion-clearfix\"><\/div><div class=\"fusion-meta-info\"><div class=\"fusion-alignleft\"><span class=\"vcard\" style=\"display: none;\"><span class=\"fn\"><a href=\"https:\/\/www.service-public.pf\/dcp\/author\/tauhere\/\" title=\"Articles par tauhere\" rel=\"author\">tauhere<\/a><\/span><\/span><span class=\"updated\" style=\"display:none;\">2022-09-08T10:49:19-10:00<\/span><span>08\/09\/2022<\/span><span class=\"fusion-inline-sep\">|<\/span>Cat\u00e9gories : <a href=\"https:\/\/www.service-public.pf\/dcp\/category\/actualites\/\" rel=\"category tag\">Actualit\u00e9s<\/a>, <a href=\"https:\/\/www.service-public.pf\/dcp\/category\/le-saviez-vous\/\" rel=\"category tag\">Le saviez-vous<\/a><span class=\"fusion-inline-sep\">|<\/span><\/div><div class=\"fusion-alignright\"><a class=\"fusion-read-more\" href=\"https:\/\/www.service-public.pf\/dcp\/2022\/09\/08\/te-tau-matarii-i-nia\/\" aria-label=\"More on Te tau matari&rsquo;i i ni&rsquo;a\">Lire Plus<\/a><\/div><\/div><\/article>\n<article id=\"blog-1-post-5213\" class=\"fusion-post-large post-5213 post type-post status-publish format-standard has-post-thumbnail hentry category-le-saviez-vous\">\n\t<style type=\"text\/css\">\n\t\t\n\t\t\n\t\t\n\t\t\n\t\t\t<\/style>\n\n\n\t\t\t<div class=\"fusion-flexslider flexslider fusion-flexslider-loading fusion-post-slideshow\" style=\"\">\n\t\t<ul class=\"slides\">\n\t\t\t\n\t\t\t\t\t\t\t\t\t\t\t\t\t\t<li><div  class=\"fusion-image-wrapper\" aria-haspopup=\"true\">\n\t\t\t\t<img decoding=\"async\" width=\"500\" height=\"345\" src=\"https:\/\/www.service-public.pf\/dcp\/wp-content\/uploads\/sites\/25\/2022\/08\/Fabrication_du_Tapa_Omoa_Fatu_Hiva_c_Fonds_SCP_credit_photo_Claudio_Cristino_.jpg\" class=\"attachment-full size-full wp-post-image\" alt=\"\" srcset=\"https:\/\/www.service-public.pf\/dcp\/wp-content\/uploads\/sites\/25\/2022\/08\/Fabrication_du_Tapa_Omoa_Fatu_Hiva_c_Fonds_SCP_credit_photo_Claudio_Cristino_-200x138.jpg 200w, https:\/\/www.service-public.pf\/dcp\/wp-content\/uploads\/sites\/25\/2022\/08\/Fabrication_du_Tapa_Omoa_Fatu_Hiva_c_Fonds_SCP_credit_photo_Claudio_Cristino_-400x276.jpg 400w, https:\/\/www.service-public.pf\/dcp\/wp-content\/uploads\/sites\/25\/2022\/08\/Fabrication_du_Tapa_Omoa_Fatu_Hiva_c_Fonds_SCP_credit_photo_Claudio_Cristino_.jpg 500w\" sizes=\"(max-width: 1024px) 100vw, (max-width: 640px) 100vw, 500px\" \/><div class=\"fusion-rollover\">\n\t<div class=\"fusion-rollover-content\">\n\n\t\t\t\t\t\t\t\t\t\t\t\t\t\t<a class=\"fusion-rollover-link\" href=\"https:\/\/www.service-public.pf\/dcp\/2022\/09\/02\/la-fabrication-du-tapa-et-des-teintures-vegetales\/\">La fabrication du Tapa et des Teintures v\u00e9g\u00e9tales<\/a>\n\t\t\t\n\t\t\t\t\t\t\t\t\n\t\t\n\t\t\t\t\t\t\t\t\n\t\t\t\t\t\t\t\t\n\t\t\n\t\t\t\t\t\t<a class=\"fusion-link-wrapper\" href=\"https:\/\/www.service-public.pf\/dcp\/2022\/09\/02\/la-fabrication-du-tapa-et-des-teintures-vegetales\/\" aria-label=\"La fabrication du Tapa et des Teintures v\u00e9g\u00e9tales\"><\/a>\n\t<\/div>\n<\/div>\n<\/div>\n<\/li>\n\t\t\t\n\t\t\t\n\t\t\t\t\t\t\t\t\t\t\t\t\t\t\t\t\t\t\t\t\t\t\t\t\t\t\t\t\t\t\t\t\t\t\t\t\t\t\t\t\t\t\t\t\t\t\t\t\t\t\t\t\t\t\t\t\t\t\t\t\t\t\t\t\t\t\t\t<\/ul>\n\t<\/div>\n\t<div class=\"fusion-post-content post-content\"><h2 class=\"blog-shortcode-post-title entry-title\"><a href=\"https:\/\/www.service-public.pf\/dcp\/2022\/09\/02\/la-fabrication-du-tapa-et-des-teintures-vegetales\/\">La fabrication du Tapa et des Teintures v\u00e9g\u00e9tales<\/a><\/h2><div class=\"fusion-post-content-container\"><p>Un rapport complet sur la fabrication \u00e0 partir d'\u00e9corces v\u00e9g\u00e9tales de Tapa ainsi que de teintures v\u00e9g\u00e9tales \u00e0 d\u00e9couvrir d\u00e8s \u00e0 pr\u00e9sent ici ...<\/p><\/div><\/div><div class=\"fusion-clearfix\"><\/div><div class=\"fusion-meta-info\"><div class=\"fusion-alignleft\"><span class=\"vcard\" style=\"display: none;\"><span class=\"fn\"><a href=\"https:\/\/www.service-public.pf\/dcp\/author\/tauhere\/\" title=\"Articles par tauhere\" rel=\"author\">tauhere<\/a><\/span><\/span><span class=\"updated\" style=\"display:none;\">2022-09-05T07:38:44-10:00<\/span><span>02\/09\/2022<\/span><span class=\"fusion-inline-sep\">|<\/span>Cat\u00e9gories : <a href=\"https:\/\/www.service-public.pf\/dcp\/category\/le-saviez-vous\/\" rel=\"category tag\">Le saviez-vous<\/a><span class=\"fusion-inline-sep\">|<\/span><\/div><div class=\"fusion-alignright\"><a class=\"fusion-read-more\" href=\"https:\/\/www.service-public.pf\/dcp\/2022\/09\/02\/la-fabrication-du-tapa-et-des-teintures-vegetales\/\" aria-label=\"More on La fabrication du Tapa et des Teintures v\u00e9g\u00e9tales\">Lire Plus<\/a><\/div><\/div><\/article>\n<article id=\"blog-1-post-4488\" class=\"fusion-post-large post-4488 post type-post status-publish format-standard has-post-thumbnail hentry category-le-saviez-vous\">\n\t<style type=\"text\/css\">\n\t\t\n\t\t\n\t\t\n\t\t\n\t\t\t<\/style>\n\n\n\t\t\t<div class=\"fusion-flexslider flexslider fusion-flexslider-loading fusion-post-slideshow\" style=\"\">\n\t\t<ul class=\"slides\">\n\t\t\t\n\t\t\t\t\t\t\t\t\t\t\t\t\t\t<li><div  class=\"fusion-image-wrapper\" aria-haspopup=\"true\">\n\t\t\t\t<img decoding=\"async\" width=\"1000\" height=\"1500\" src=\"https:\/\/www.service-public.pf\/dcp\/wp-content\/uploads\/sites\/25\/2022\/08\/6.png\" class=\"attachment-full size-full wp-post-image\" alt=\"\" srcset=\"https:\/\/www.service-public.pf\/dcp\/wp-content\/uploads\/sites\/25\/2022\/08\/6-200x300.png 200w, https:\/\/www.service-public.pf\/dcp\/wp-content\/uploads\/sites\/25\/2022\/08\/6-400x600.png 400w, https:\/\/www.service-public.pf\/dcp\/wp-content\/uploads\/sites\/25\/2022\/08\/6-600x900.png 600w, https:\/\/www.service-public.pf\/dcp\/wp-content\/uploads\/sites\/25\/2022\/08\/6-800x1200.png 800w, https:\/\/www.service-public.pf\/dcp\/wp-content\/uploads\/sites\/25\/2022\/08\/6.png 1000w\" sizes=\"(max-width: 1024px) 100vw, (max-width: 640px) 100vw, 1000px\" \/><div class=\"fusion-rollover\">\n\t<div class=\"fusion-rollover-content\">\n\n\t\t\t\t\t\t\t\t\t\t\t\t\t\t<a class=\"fusion-rollover-link\" href=\"https:\/\/www.service-public.pf\/dcp\/2022\/08\/12\/la-preparation-du-miti-haari\/\">La pr\u00e9paration du miti ha&rsquo;ari<\/a>\n\t\t\t\n\t\t\t\t\t\t\t\t\n\t\t\n\t\t\t\t\t\t\t\t\n\t\t\t\t\t\t\t\t\n\t\t\n\t\t\t\t\t\t<a class=\"fusion-link-wrapper\" href=\"https:\/\/www.service-public.pf\/dcp\/2022\/08\/12\/la-preparation-du-miti-haari\/\" aria-label=\"La pr\u00e9paration du miti ha&rsquo;ari\"><\/a>\n\t<\/div>\n<\/div>\n<\/div>\n<\/li>\n\t\t\t\n\t\t\t\n\t\t\t\t\t\t\t\t\t\t\t\t\t\t\t\t\t\t\t\t\t\t\t\t\t\t\t\t\t\t\t\t\t\t\t\t\t\t\t\t\t\t\t\t\t\t\t\t\t\t\t\t\t\t\t\t\t\t\t\t\t\t\t\t\t\t\t\t<\/ul>\n\t<\/div>\n\t<div class=\"fusion-post-content post-content\"><h2 class=\"blog-shortcode-post-title entry-title\"><a href=\"https:\/\/www.service-public.pf\/dcp\/2022\/08\/12\/la-preparation-du-miti-haari\/\">La pr\u00e9paration du miti ha&rsquo;ari<\/a><\/h2><div class=\"fusion-post-content-container\"><p>Le miti ha\u2019ari est du lait de coco m\u00e9lang\u00e9 avec de l\u2019eau et notamment celle du coco. Sa pr\u00e9paration est instantan\u00e9e contrairement au mitihue. Ce m\u00e9lange est notamment pr\u00e9par\u00e9 pour le d\u00e9jeuner.<\/p><\/div><\/div><div class=\"fusion-clearfix\"><\/div><div class=\"fusion-meta-info\"><div class=\"fusion-alignleft\"><span class=\"vcard\" style=\"display: none;\"><span class=\"fn\"><a href=\"https:\/\/www.service-public.pf\/dcp\/author\/tauhere\/\" title=\"Articles par tauhere\" rel=\"author\">tauhere<\/a><\/span><\/span><span class=\"updated\" style=\"display:none;\">2022-09-02T10:27:52-10:00<\/span><span>12\/08\/2022<\/span><span class=\"fusion-inline-sep\">|<\/span>Cat\u00e9gories : <a href=\"https:\/\/www.service-public.pf\/dcp\/category\/le-saviez-vous\/\" rel=\"category tag\">Le saviez-vous<\/a><span class=\"fusion-inline-sep\">|<\/span><\/div><div class=\"fusion-alignright\"><a class=\"fusion-read-more\" href=\"https:\/\/www.service-public.pf\/dcp\/2022\/08\/12\/la-preparation-du-miti-haari\/\" aria-label=\"More on La pr\u00e9paration du miti ha&rsquo;ari\">Lire Plus<\/a><\/div><\/div><\/article>\n<article id=\"blog-1-post-4482\" class=\"fusion-post-large post-4482 post type-post status-publish format-standard has-post-thumbnail hentry category-le-saviez-vous\">\n\t<style type=\"text\/css\">\n\t\t\n\t\t\n\t\t\n\t\t\n\t\t\t<\/style>\n\n\n\t\t\t<div class=\"fusion-flexslider flexslider fusion-flexslider-loading fusion-post-slideshow\" style=\"\">\n\t\t<ul class=\"slides\">\n\t\t\t\n\t\t\t\t\t\t\t\t\t\t\t\t\t\t<li><div  class=\"fusion-image-wrapper\" aria-haspopup=\"true\">\n\t\t\t\t<img decoding=\"async\" width=\"1000\" height=\"1500\" src=\"https:\/\/www.service-public.pf\/dcp\/wp-content\/uploads\/sites\/25\/2022\/08\/5.png\" class=\"attachment-full size-full wp-post-image\" alt=\"\" srcset=\"https:\/\/www.service-public.pf\/dcp\/wp-content\/uploads\/sites\/25\/2022\/08\/5-200x300.png 200w, https:\/\/www.service-public.pf\/dcp\/wp-content\/uploads\/sites\/25\/2022\/08\/5-400x600.png 400w, https:\/\/www.service-public.pf\/dcp\/wp-content\/uploads\/sites\/25\/2022\/08\/5-600x900.png 600w, https:\/\/www.service-public.pf\/dcp\/wp-content\/uploads\/sites\/25\/2022\/08\/5-800x1200.png 800w, https:\/\/www.service-public.pf\/dcp\/wp-content\/uploads\/sites\/25\/2022\/08\/5.png 1000w\" sizes=\"(max-width: 1024px) 100vw, (max-width: 640px) 100vw, 1000px\" \/><div class=\"fusion-rollover\">\n\t<div class=\"fusion-rollover-content\">\n\n\t\t\t\t\t\t\t\t\t\t\t\t\t\t<a class=\"fusion-rollover-link\" href=\"https:\/\/www.service-public.pf\/dcp\/2022\/08\/12\/la-preparation-du-mitihue\/\">La pr\u00e9paration du mitihue<\/a>\n\t\t\t\n\t\t\t\t\t\t\t\t\n\t\t\n\t\t\t\t\t\t\t\t\n\t\t\t\t\t\t\t\t\n\t\t\n\t\t\t\t\t\t<a class=\"fusion-link-wrapper\" href=\"https:\/\/www.service-public.pf\/dcp\/2022\/08\/12\/la-preparation-du-mitihue\/\" aria-label=\"La pr\u00e9paration du mitihue\"><\/a>\n\t<\/div>\n<\/div>\n<\/div>\n<\/li>\n\t\t\t\n\t\t\t\n\t\t\t\t\t\t\t\t\t\t\t\t\t\t\t\t\t\t\t\t\t\t\t\t\t\t\t\t\t\t\t\t\t\t\t\t\t\t\t\t\t\t\t\t\t\t\t\t\t\t\t\t\t\t\t\t\t\t\t\t\t\t\t\t\t\t\t\t<\/ul>\n\t<\/div>\n\t<div class=\"fusion-post-content post-content\"><h2 class=\"blog-shortcode-post-title entry-title\"><a href=\"https:\/\/www.service-public.pf\/dcp\/2022\/08\/12\/la-preparation-du-mitihue\/\">La pr\u00e9paration du mitihue<\/a><\/h2><div class=\"fusion-post-content-container\"><p>Le mitihue est une sorte de sauce \u00e0 base de coco. Il est m\u00e9lang\u00e9 \u00e0 tous les mets qui compose un \u00ab ma\u2019a tahiti \u00bb tels que\r\n\r\n\u00ab po\u2019e \u00bb,\u00a0\u00a0 poisson,\u00a0 \u00ab taro \u00bb, banane,\u00a0 porcelet r\u00f4ti et surtout au \u00ab fafaru \u00bb.<\/p><\/div><\/div><div class=\"fusion-clearfix\"><\/div><div class=\"fusion-meta-info\"><div class=\"fusion-alignleft\"><span class=\"vcard\" style=\"display: none;\"><span class=\"fn\"><a href=\"https:\/\/www.service-public.pf\/dcp\/author\/tauhere\/\" title=\"Articles par tauhere\" rel=\"author\">tauhere<\/a><\/span><\/span><span class=\"updated\" style=\"display:none;\">2024-08-12T11:26:54-10:00<\/span><span>12\/08\/2022<\/span><span class=\"fusion-inline-sep\">|<\/span>Cat\u00e9gories : <a href=\"https:\/\/www.service-public.pf\/dcp\/category\/le-saviez-vous\/\" rel=\"category tag\">Le saviez-vous<\/a><span class=\"fusion-inline-sep\">|<\/span><\/div><div class=\"fusion-alignright\"><a class=\"fusion-read-more\" href=\"https:\/\/www.service-public.pf\/dcp\/2022\/08\/12\/la-preparation-du-mitihue\/\" aria-label=\"More on La pr\u00e9paration du mitihue\">Lire Plus<\/a><\/div><\/div><\/article>\n<\/div><div class=\"pagination clearfix\"><span class=\"current\">1<\/span><a href=\"https:\/\/www.service-public.pf\/dcp\/wp-json\/wp\/v2\/pages\/2264\/page\/2\/\" class=\"inactive\">2<\/a><a class=\"pagination-next\" rel=\"next\" href=\"https:\/\/www.service-public.pf\/dcp\/wp-json\/wp\/v2\/pages\/2264\/page\/2\/\"><span class=\"page-text\">Suivant<\/span><span class=\"page-next\"><\/span><\/a><\/div><div class=\"fusion-clearfix\"><\/div><\/div><\/div><\/div><\/div><\/div>\n","protected":false},"excerpt":{"rendered":"","protected":false},"author":299,"featured_media":0,"parent":0,"menu_order":24,"comment_status":"closed","ping_status":"closed","template":"","meta":{"_seopress_robots_primary_cat":"","_seopress_titles_title":"","_seopress_titles_desc":"","_seopress_robots_index":"","footnotes":""},"class_list":["post-2264","page","type-page","status-publish","hentry"],"_links":{"self":[{"href":"https:\/\/www.service-public.pf\/dcp\/wp-json\/wp\/v2\/pages\/2264","targetHints":{"allow":["GET"]}}],"collection":[{"href":"https:\/\/www.service-public.pf\/dcp\/wp-json\/wp\/v2\/pages"}],"about":[{"href":"https:\/\/www.service-public.pf\/dcp\/wp-json\/wp\/v2\/types\/page"}],"author":[{"embeddable":true,"href":"https:\/\/www.service-public.pf\/dcp\/wp-json\/wp\/v2\/users\/299"}],"replies":[{"embeddable":true,"href":"https:\/\/www.service-public.pf\/dcp\/wp-json\/wp\/v2\/comments?post=2264"}],"version-history":[{"count":0,"href":"https:\/\/www.service-public.pf\/dcp\/wp-json\/wp\/v2\/pages\/2264\/revisions"}],"wp:attachment":[{"href":"https:\/\/www.service-public.pf\/dcp\/wp-json\/wp\/v2\/media?parent=2264"}],"curies":[{"name":"wp","href":"https:\/\/api.w.org\/{rel}","templated":true}]}}