{"id":2883,"date":"2022-03-24T01:04:48","date_gmt":"2022-03-24T00:04:48","guid":{"rendered":"https:\/\/www.service-public.pf\/dcp\/?page_id=2883"},"modified":"2025-06-30T07:50:02","modified_gmt":"2025-06-30T17:50:02","slug":"aide-a-la-creation-litteraire-et-artistique","status":"publish","type":"page","link":"https:\/\/www.service-public.pf\/dcp\/aide-a-la-creation-litteraire-et-artistique\/","title":{"rendered":"Aide \u00e0 la cr\u00e9ation litt\u00e9raire et artistique"},"content":{"rendered":"<p><div class=\"fusion-fullwidth fullwidth-box fusion-builder-row-1 fusion-flex-container fusion-parallax-none nonhundred-percent-fullwidth non-hundred-percent-height-scrolling vct_slider vct_dark_bordered_element\" style=\"--awb-border-radius-top-left:0px;--awb-border-radius-top-right:0px;--awb-border-radius-bottom-right:0px;--awb-border-radius-bottom-left:0px;--awb-padding-right:0px;--awb-padding-left:0px;--awb-background-image:url(&quot;https:\/\/www.service-public.pf\/dcp\/wp-content\/uploads\/sites\/25\/2021\/12\/bilan-bg-scaled.jpg&quot;);--awb-background-size:cover;--awb-flex-wrap:wrap;\" ><div class=\"fusion-builder-row fusion-row fusion-flex-align-items-center fusion-flex-justify-content-center fusion-flex-content-wrap\" style=\"max-width:104%;margin-left: calc(-4% \/ 2 );margin-right: calc(-4% \/ 2 );\"><div class=\"fusion-layout-column fusion_builder_column fusion-builder-column-0 fusion_builder_column_1_1 1_1 fusion-flex-column fusion-flex-align-self-center\" style=\"--awb-padding-top:7%;--awb-padding-bottom:7%;--awb-padding-top-small:30%;--awb-padding-bottom-small:30%;--awb-bg-size:cover;--awb-width-large:100%;--awb-margin-top-large:0px;--awb-spacing-right-large:0px;--awb-margin-bottom-large:0px;--awb-spacing-left-large:0px;--awb-width-medium:100%;--awb-order-medium:0;--awb-spacing-right-medium:1.92%;--awb-spacing-left-medium:1.92%;--awb-width-small:100%;--awb-order-small:0;--awb-spacing-right-small:1.92%;--awb-spacing-left-small:1.92%;\"><div class=\"fusion-column-wrapper fusion-column-has-shadow fusion-flex-justify-content-center fusion-content-layout-column\"><div class=\"fusion-title title fusion-title-1 fusion-sep-none fusion-title-center fusion-title-text fusion-title-size-one\" style=\"--awb-text-color:#ffffff;--awb-margin-top-small:0px;--awb-margin-right-small:0px;--awb-margin-bottom-small:20px;--awb-margin-left-small:0px;--awb-font-size:50px;\"><h1 class=\"fusion-title-heading title-heading-center fusion-responsive-typography-calculated\" style=\"margin:0;font-size:1em;--fontSize:50;line-height:1.4;text-shadow:5px 5px 5px #333333;\">Aide \u00e0 la cr\u00e9ation litt\u00e9raire et artistique<\/h1><\/div><\/div><\/div><\/div><\/div><div class=\"fusion-fullwidth fullwidth-box fusion-builder-row-2 fusion-flex-container nonhundred-percent-fullwidth non-hundred-percent-height-scrolling\" style=\"--awb-border-radius-top-left:0px;--awb-border-radius-top-right:0px;--awb-border-radius-bottom-right:0px;--awb-border-radius-bottom-left:0px;--awb-padding-top:40px;--awb-padding-right:50px;--awb-padding-left:50px;--awb-margin-bottom:0px;--awb-background-color:#faf8f8;--awb-flex-wrap:wrap;\" ><div class=\"fusion-builder-row fusion-row fusion-flex-align-items-flex-start fusion-flex-justify-content-center fusion-flex-content-wrap\" style=\"max-width:104%;margin-left: calc(-4% \/ 2 );margin-right: calc(-4% \/ 2 );\"><div class=\"fusion-layout-column fusion_builder_column fusion-builder-column-1 fusion_builder_column_3_4 3_4 fusion-flex-column vct_post_card\" style=\"--awb-padding-top:40px;--awb-padding-right:40px;--awb-padding-bottom:40px;--awb-padding-left:40px;--awb-overflow:hidden;--awb-bg-color:#ffffff;--awb-bg-color-hover:#ffffff;--awb-bg-size:cover;--awb-border-color:#979797;--awb-border-style:solid;--awb-border-radius:20px 20px 20px 20px;--awb-width-large:75%;--awb-margin-top-large:0px;--awb-spacing-right-large:2.56%;--awb-margin-bottom-large:20px;--awb-spacing-left-large:2.56%;--awb-width-medium:100%;--awb-order-medium:0;--awb-spacing-right-medium:1.92%;--awb-spacing-left-medium:1.92%;--awb-width-small:100%;--awb-order-small:0;--awb-spacing-right-small:1.92%;--awb-spacing-left-small:1.92%;\"><div class=\"fusion-column-wrapper fusion-column-has-shadow fusion-flex-justify-content-center fusion-content-layout-column\"><div class=\"fusion-text fusion-text-1\"><p><strong>Pr\u00e9sentation du dispositif d\u2019aide \u00e0 la cr\u00e9ation litt\u00e9raire et artistique<\/strong><\/p>\n<p>L\u2019aide individuelle est une aide financi\u00e8re pour aider un artiste \u00e0 r\u00e9aliser et concr\u00e9tiser un projet artistique.<\/p>\n<\/div><div class=\"accordian fusion-accordian vct_toggle\" style=\"--awb-border-size:1px;--awb-icon-size:13px;--awb-content-font-size:15px;--awb-icon-alignment:left;--awb-hover-color:#f9f9f9;--awb-border-color:#cccccc;--awb-background-color:#ffffff;--awb-divider-color:#e0dede;--awb-divider-hover-color:#e0dede;--awb-icon-color:#ffffff;--awb-title-color:#1f383f;--awb-content-color:#333333;--awb-icon-box-color:#edd7a9;--awb-toggle-hover-accent-color:#ad101e;--awb-title-font-family:&quot;Roboto&quot;;--awb-title-font-weight:700;--awb-title-font-style:normal;--awb-title-font-size:18px;--awb-title-line-height:1.5;--awb-content-font-family:&quot;Open Sans&quot;;--awb-content-font-style:normal;--awb-content-font-weight:400;\"><div class=\"panel-group fusion-toggle-icon-boxed\" id=\"accordion-2883-1\"><div class=\"fusion-panel panel-default panel-7c9b074348fabdd94 fusion-toggle-has-divider\" style=\"--awb-title-color:#1f383f;--awb-content-color:#333333;\"><div class=\"panel-heading\"><h4 class=\"panel-title toggle\" id=\"toggle_7c9b074348fabdd94\"><a aria-expanded=\"false\" aria-controls=\"7c9b074348fabdd94\" role=\"button\" data-toggle=\"collapse\" data-parent=\"#accordion-2883-1\" data-target=\"#7c9b074348fabdd94\" href=\"#7c9b074348fabdd94\"><span class=\"fusion-toggle-icon-wrapper\" aria-hidden=\"true\"><i class=\"fa-fusion-box active-icon awb-icon-minus\" aria-hidden=\"true\"><\/i><i class=\"fa-fusion-box inactive-icon awb-icon-plus\" aria-hidden=\"true\"><\/i><\/span><span class=\"fusion-toggle-heading\">Proc\u00e9dure \u00e0 suivre<\/span><\/a><\/h4><\/div><div id=\"7c9b074348fabdd94\" class=\"panel-collapse collapse \" aria-labelledby=\"toggle_7c9b074348fabdd94\"><div class=\"panel-body toggle-content fusion-clearfix\">\n<p><span style=\"color: #0000ff\">T\u00e9l\u00e9chargez la proc\u00e9dure en cliquant sur l&rsquo;image ci-dessous :<br \/>\n<\/span><\/p>\n<p><a href=\"https:\/\/www.service-public.pf\/dcp\/wp-content\/uploads\/sites\/25\/2025\/01\/Procedure_attribution_aide_individuelle_creation_artistique_dcp.pdf\" target=\"_blank\" rel=\"noopener\"><img decoding=\"async\" class=\"wp-image-9823 alignleft\" src=\"https:\/\/www.service-public.pf\/dcp\/wp-content\/uploads\/sites\/25\/2025\/01\/Illustration_procedure_aide_individuelle_creation_artistique_dcp.jpg\" alt=\"\" width=\"478\" height=\"525\" srcset=\"https:\/\/www.service-public.pf\/dcp\/wp-content\/uploads\/sites\/25\/2025\/01\/Illustration_procedure_aide_individuelle_creation_artistique_dcp-200x220.jpg 200w, https:\/\/www.service-public.pf\/dcp\/wp-content\/uploads\/sites\/25\/2025\/01\/Illustration_procedure_aide_individuelle_creation_artistique_dcp-273x300.jpg 273w, https:\/\/www.service-public.pf\/dcp\/wp-content\/uploads\/sites\/25\/2025\/01\/Illustration_procedure_aide_individuelle_creation_artistique_dcp-400x440.jpg 400w, https:\/\/www.service-public.pf\/dcp\/wp-content\/uploads\/sites\/25\/2025\/01\/Illustration_procedure_aide_individuelle_creation_artistique_dcp-600x659.jpg 600w, https:\/\/www.service-public.pf\/dcp\/wp-content\/uploads\/sites\/25\/2025\/01\/Illustration_procedure_aide_individuelle_creation_artistique_dcp-768x844.jpg 768w, https:\/\/www.service-public.pf\/dcp\/wp-content\/uploads\/sites\/25\/2025\/01\/Illustration_procedure_aide_individuelle_creation_artistique_dcp-800x879.jpg 800w, https:\/\/www.service-public.pf\/dcp\/wp-content\/uploads\/sites\/25\/2025\/01\/Illustration_procedure_aide_individuelle_creation_artistique_dcp.jpg 820w\" sizes=\"(max-width: 478px) 100vw, 478px\" \/><\/a><\/p>\n<\/div><\/div><\/div><div class=\"fusion-panel panel-default panel-a973cb41e6069df0a fusion-toggle-has-divider\" style=\"--awb-title-color:#1f383f;--awb-content-color:#333333;\"><div class=\"panel-heading\"><h4 class=\"panel-title toggle\" id=\"toggle_a973cb41e6069df0a\"><a aria-expanded=\"false\" aria-controls=\"a973cb41e6069df0a\" role=\"button\" data-toggle=\"collapse\" data-parent=\"#accordion-2883-1\" data-target=\"#a973cb41e6069df0a\" href=\"#a973cb41e6069df0a\"><span class=\"fusion-toggle-icon-wrapper\" aria-hidden=\"true\"><i class=\"fa-fusion-box active-icon awb-icon-minus\" aria-hidden=\"true\"><\/i><i class=\"fa-fusion-box inactive-icon awb-icon-plus\" aria-hidden=\"true\"><\/i><\/span><span class=\"fusion-toggle-heading\">Quel est le but de l\u2019aide individuelle ?<\/span><\/a><\/h4><\/div><div id=\"a973cb41e6069df0a\" class=\"panel-collapse collapse \" aria-labelledby=\"toggle_a973cb41e6069df0a\"><div class=\"panel-body toggle-content fusion-clearfix\">\n<p>L\u2019aide individuelle est une aide financi\u00e8re pour aider un artiste \u00e0 r\u00e9aliser et concr\u00e9tiser un projet artistique.<\/p>\n<p>Promouvoir l\u2019expression artistique en Polyn\u00e9sie fran\u00e7aise, soutenir les artistes dans leurs projets favorisant l\u2019acc\u00e8s des Polyn\u00e9siens \u00e0 l\u2019art ou contribuant \u00e0 la professionnalisation des artistes, accro\u00eetre leur visibilit\u00e9 vis-\u00e0-vis de leur communaut\u00e9 et du grand public.<\/p>\n<\/div><\/div><\/div><div class=\"fusion-panel panel-default panel-fe182014d9d5a60ec fusion-toggle-has-divider\" style=\"--awb-title-color:#1f383f;--awb-content-color:#333333;\"><div class=\"panel-heading\"><h4 class=\"panel-title toggle\" id=\"toggle_fe182014d9d5a60ec\"><a aria-expanded=\"false\" aria-controls=\"fe182014d9d5a60ec\" role=\"button\" data-toggle=\"collapse\" data-parent=\"#accordion-2883-1\" data-target=\"#fe182014d9d5a60ec\" href=\"#fe182014d9d5a60ec\"><span class=\"fusion-toggle-icon-wrapper\" aria-hidden=\"true\"><i class=\"fa-fusion-box active-icon awb-icon-minus\" aria-hidden=\"true\"><\/i><i class=\"fa-fusion-box inactive-icon awb-icon-plus\" aria-hidden=\"true\"><\/i><\/span><span class=\"fusion-toggle-heading\">Qui est \u00e9ligible \u00e0 l\u2019aide individuelle ?<\/span><\/a><\/h4><\/div><div id=\"fe182014d9d5a60ec\" class=\"panel-collapse collapse \" aria-labelledby=\"toggle_fe182014d9d5a60ec\"><div class=\"panel-body toggle-content fusion-clearfix\">\n<p>L\u2019aide individuelle s\u2019adresse aux artistes, d\u00e9tenteurs d\u2019une carte d\u2019artiste professionnel.<\/p>\n<p>Elle peut \u00e9galement \u00eatre sollicit\u00e9e de mani\u00e8re collective par un \u00ab collectif d\u2019artiste \u00bb, soit un regroupement de 10 artistes au plus, tous d\u00e9tenteurs de la carte d\u2019artiste professionnel.<\/p>\n<\/div><\/div><\/div><div class=\"fusion-panel panel-default panel-706b90b699f912733 fusion-toggle-has-divider\" style=\"--awb-title-color:#1f383f;--awb-content-color:#333333;\"><div class=\"panel-heading\"><h4 class=\"panel-title toggle\" id=\"toggle_706b90b699f912733\"><a aria-expanded=\"false\" aria-controls=\"706b90b699f912733\" role=\"button\" data-toggle=\"collapse\" data-parent=\"#accordion-2883-1\" data-target=\"#706b90b699f912733\" href=\"#706b90b699f912733\"><span class=\"fusion-toggle-icon-wrapper\" aria-hidden=\"true\"><i class=\"fa-fusion-box active-icon awb-icon-minus\" aria-hidden=\"true\"><\/i><i class=\"fa-fusion-box inactive-icon awb-icon-plus\" aria-hidden=\"true\"><\/i><\/span><span class=\"fusion-toggle-heading\">Quels sont les projets artistiques concern\u00e9s ?<\/span><\/a><\/h4><\/div><div id=\"706b90b699f912733\" class=\"panel-collapse collapse \" aria-labelledby=\"toggle_706b90b699f912733\"><div class=\"panel-body toggle-content fusion-clearfix\">\n<p>Les projets artistiques doivent relever de l\u2019un des quatre domaines artistiques ouvrant droit \u00e0 la carte d\u2019artiste professionnel.<\/p>\n<p>L\u2019artiste peut proposer des projets impliquant des partenariats avec des organismes publics ou priv\u00e9s ou d\u2019autres artistes non encart\u00e9s mais reconnus par leurs pairs ou par le grand public.<\/p>\n<\/div><\/div><\/div><div class=\"fusion-panel panel-default panel-6260fc072f3e6858d fusion-toggle-has-divider\" style=\"--awb-title-color:#1f383f;--awb-content-color:#333333;\"><div class=\"panel-heading\"><h4 class=\"panel-title toggle\" id=\"toggle_6260fc072f3e6858d\"><a aria-expanded=\"false\" aria-controls=\"6260fc072f3e6858d\" role=\"button\" data-toggle=\"collapse\" data-parent=\"#accordion-2883-1\" data-target=\"#6260fc072f3e6858d\" href=\"#6260fc072f3e6858d\"><span class=\"fusion-toggle-icon-wrapper\" aria-hidden=\"true\"><i class=\"fa-fusion-box active-icon awb-icon-minus\" aria-hidden=\"true\"><\/i><i class=\"fa-fusion-box inactive-icon awb-icon-plus\" aria-hidden=\"true\"><\/i><\/span><span class=\"fusion-toggle-heading\">Quels sont les types de d\u00e9pense couverts par l\u2019aide ?<\/span><\/a><\/h4><\/div><div id=\"6260fc072f3e6858d\" class=\"panel-collapse collapse \" aria-labelledby=\"toggle_6260fc072f3e6858d\"><div class=\"panel-body toggle-content fusion-clearfix\">\n<p>L\u2019aide est plafonn\u00e9e \u00e0 100 % des d\u00e9penses admissibles du projet.<\/p>\n<p>Par \u00ab d\u00e9penses admissibles \u00bb, on entend : les r\u00e9mun\u00e9rations, cachets, droits, frais de d\u00e9placement et indemnit\u00e9s des artistes ainsi que des autres participants au projet strictement n\u00e9cessaires \u00e0 sa r\u00e9alisation ; les honoraires professionnels, frais de d\u00e9placement et indemnit\u00e9s des prestataires tels que les consultants, techniciens ou tout autre sp\u00e9cialiste pouvant apporter une expertise ponctuelle \u00e0 la r\u00e9alisation du projet.<\/p>\n<p>Sont en revanche \u00e9cart\u00e9s des d\u00e9penses admissibles : les frais de fonctionnement des organismes partenaires impliqu\u00e9s dans le projet ; les frais de mise en place d\u2019infrastructures d\u2019une organisation (location d\u2019un bureau, installation d\u2019un t\u00e9l\u00e9phone, etc.) ; les frais d\u2019acquisitions d\u2019immobilisations, de r\u00e9novation et de constructions ; l\u2019achat d\u2019\u00e9quipement sp\u00e9cialis\u00e9, except\u00e9 celui qui est n\u00e9cessaire au projet et qui est non r\u00e9utilisable.<\/p>\n<p>L\u2019aide est attribu\u00e9e dans la limite des cr\u00e9dits disponibles.<\/p>\n<\/div><\/div><\/div><div class=\"fusion-panel panel-default panel-1ef0cdbb5769956f7 fusion-toggle-has-divider\" style=\"--awb-title-color:#1f383f;--awb-content-color:#333333;\"><div class=\"panel-heading\"><h4 class=\"panel-title toggle\" id=\"toggle_1ef0cdbb5769956f7\"><a aria-expanded=\"false\" aria-controls=\"1ef0cdbb5769956f7\" role=\"button\" data-toggle=\"collapse\" data-parent=\"#accordion-2883-1\" data-target=\"#1ef0cdbb5769956f7\" href=\"#1ef0cdbb5769956f7\"><span class=\"fusion-toggle-icon-wrapper\" aria-hidden=\"true\"><i class=\"fa-fusion-box active-icon awb-icon-minus\" aria-hidden=\"true\"><\/i><i class=\"fa-fusion-box inactive-icon awb-icon-plus\" aria-hidden=\"true\"><\/i><\/span><span class=\"fusion-toggle-heading\">Comment demander l\u2019aide individuelle ?<\/span><\/a><\/h4><\/div><div id=\"1ef0cdbb5769956f7\" class=\"panel-collapse collapse \" aria-labelledby=\"toggle_1ef0cdbb5769956f7\"><div class=\"panel-body toggle-content fusion-clearfix\">\n<p>Les formulaires de demande d\u2019aide sont accessibles :<\/p>\n<p>&#8211; En t\u00e9l\u00e9chargement, sur les sites internet <span style=\"text-decoration: underline\"><span style=\"color: #0000ff;text-decoration: underline\">www.culture-patrimoine.pf<\/span><\/span> et <span style=\"text-decoration: underline\"><span style=\"color: #0000ff;text-decoration: underline\">www.artistes.pf<\/span><\/span> ;<\/p>\n<p>&#8211; En format num\u00e9rique, transmis par courriel sur demande \u00e0 adresser \u00e0 <span style=\"text-decoration: underline;color: #0000ff\">subventions.dcp@administration.gov.pf<\/span> ;<\/p>\n<p>&#8211; En format papier, \u00e0 retirer directement aupr\u00e8s de la Direction de la culture et du patrimoine.<\/p>\n<p>Le dossier complet incluant toutes les pi\u00e8ces justificatives est \u00e0 d\u00e9poser \u00e0 la Direction de la Culture et du Patrimoine ou \u00e0 adresser par courriel ou par voie postale.<\/p>\n<\/div><\/div><\/div><div class=\"fusion-panel panel-default panel-10b0cc8fe32aebe3c fusion-toggle-has-divider\" style=\"--awb-title-color:#1f383f;--awb-content-color:#333333;\"><div class=\"panel-heading\"><h4 class=\"panel-title toggle\" id=\"toggle_10b0cc8fe32aebe3c\"><a aria-expanded=\"false\" aria-controls=\"10b0cc8fe32aebe3c\" role=\"button\" data-toggle=\"collapse\" data-parent=\"#accordion-2883-1\" data-target=\"#10b0cc8fe32aebe3c\" href=\"#10b0cc8fe32aebe3c\"><span class=\"fusion-toggle-icon-wrapper\" aria-hidden=\"true\"><i class=\"fa-fusion-box active-icon awb-icon-minus\" aria-hidden=\"true\"><\/i><i class=\"fa-fusion-box inactive-icon awb-icon-plus\" aria-hidden=\"true\"><\/i><\/span><span class=\"fusion-toggle-heading\">Quelles sont les obligations du b\u00e9n\u00e9ficiaire ?<\/span><\/a><\/h4><\/div><div id=\"10b0cc8fe32aebe3c\" class=\"panel-collapse collapse \" aria-labelledby=\"toggle_10b0cc8fe32aebe3c\"><div class=\"panel-body toggle-content fusion-clearfix\">\n<p>Outre son engagement \u00e0 r\u00e9aliser le projet pr\u00e9vu, l\u2019artiste qui a b\u00e9n\u00e9fici\u00e9 de l\u2019aide est soumis \u00e0 plusieurs obligations telles que :<\/p>\n<p>\u00d8 La transmission d\u2019un rapport d\u2019utilisation et d\u2019un bilan financier du projet ;<\/p>\n<p>\u00d8 La transmission d\u2019un exemplaire de l\u2019\u0153uvre r\u00e9alis\u00e9e ;<\/p>\n<p>\u00d8 La mention du soutien du Pays au projet dans tous les supports promotionnels (flyers, affiches, panneaux signal\u00e9tiques, pochettes, dossier de presse\u2026) et face au public et aux m\u00e9dias.<\/p>\n<p>Le non-respect de ces obligations peut conduire au non-renouvellement de la carte d\u2019artiste professionnel.<\/p>\n<p>En cas d\u2019absence d\u2019ex\u00e9cution du projet, il sera exig\u00e9 le remboursement de l\u2019aide, sauf \u00e0 prouver que cette non-ex\u00e9cution r\u00e9sulte d\u2019un cas de force majeure.<\/p>\n<p>Enfin, l\u2019attention des artistes est attir\u00e9e sur le fait que le projet doit \u00eatre ex\u00e9cut\u00e9 et achev\u00e9 dans l\u2019ann\u00e9e civile durant laquelle la demande d\u2019aide aura \u00e9t\u00e9 d\u00e9pos\u00e9e.<\/p>\n<\/div><\/div><\/div><div class=\"fusion-panel panel-default panel-1ef731c57f16175b7 fusion-toggle-has-divider\" style=\"--awb-title-color:#1f383f;--awb-content-color:#333333;\"><div class=\"panel-heading\"><h4 class=\"panel-title toggle\" id=\"toggle_1ef731c57f16175b7\"><a aria-expanded=\"false\" aria-controls=\"1ef731c57f16175b7\" role=\"button\" data-toggle=\"collapse\" data-parent=\"#accordion-2883-1\" data-target=\"#1ef731c57f16175b7\" href=\"#1ef731c57f16175b7\"><span class=\"fusion-toggle-icon-wrapper\" aria-hidden=\"true\"><i class=\"fa-fusion-box active-icon awb-icon-minus\" aria-hidden=\"true\"><\/i><i class=\"fa-fusion-box inactive-icon awb-icon-plus\" aria-hidden=\"true\"><\/i><\/span><span class=\"fusion-toggle-heading\">Le cadre r\u00e8glementaire<\/span><\/a><\/h4><\/div><div id=\"1ef731c57f16175b7\" class=\"panel-collapse collapse \" aria-labelledby=\"toggle_1ef731c57f16175b7\"><div class=\"panel-body toggle-content fusion-clearfix\">\n<p>Loi du pays n\u00b0 2021-18 du\u00a0 06 avril 2021\u00a0portant reconnaissance des professions artistiques de Polyn\u00e9sie fran\u00e7aise et diverses mesures de soutien \u00e0 ces professions.<\/p>\n<p><strong>Informations pratiques<\/strong><\/p>\n<p>La cellule du d\u00e9veloppement culturel et artistique de la Direction de la culture et du patrimoine assure la gestion administrative et financi\u00e8re des demandes d\u2019aide. Vous pouvez joindre les membres de cette cellule aux coordonn\u00e9es suivantes\u00a0:<\/p>\n<p>subventions.dcp@administration.gov.pf<\/p>\n<p>40 50 71 92 \/ 40 50 71 78<\/p>\n<p><a href=\"http:\/\/www.culture-patrimoine.pf\"><span style=\"color: #0000ff\">www.culture-patrimoine.pf<\/span><\/a><\/p>\n<p>Facebook Direction de la Culture et du Patrimoine<\/p>\n<\/div><\/div><\/div><\/div><\/div><\/div><\/div><div class=\"fusion-layout-column fusion_builder_column fusion-builder-column-2 fusion_builder_column_1_4 1_4 fusion-flex-column vct_post_card\" style=\"--awb-overflow:hidden;--awb-bg-color:#ffffff;--awb-bg-color-hover:#ffffff;--awb-bg-size:cover;--awb-border-color:#979797;--awb-border-style:solid;--awb-border-radius:20px 20px 20px 20px;--awb-width-large:25%;--awb-margin-top-large:0px;--awb-spacing-right-large:7.68%;--awb-margin-bottom-large:20px;--awb-spacing-left-large:7.68%;--awb-width-medium:100%;--awb-order-medium:0;--awb-spacing-right-medium:1.92%;--awb-spacing-left-medium:1.92%;--awb-width-small:100%;--awb-order-small:0;--awb-spacing-right-small:1.92%;--awb-spacing-left-small:1.92%;\"><div class=\"fusion-column-wrapper fusion-column-has-shadow fusion-flex-justify-content-center fusion-content-layout-column\"><div class=\"fusion-title title fusion-title-2 fusion-sep-none fusion-title-center fusion-title-text fusion-title-size-three vct_title_background\" style=\"--awb-text-color:#330200;--awb-margin-bottom:0px;--awb-margin-top-small:0px;--awb-margin-right-small:0px;--awb-margin-bottom-small:0px;--awb-margin-left-small:0px;--awb-font-size:20px;\"><h3 class=\"fusion-title-heading title-heading-center fusion-responsive-typography-calculated\" style=\"margin:0;font-size:1em;--fontSize:20;line-height:1.5;\"><p><strong>Formulaire \u00e0 t\u00e9l\u00e9charger<br \/>\n<\/strong><\/p><\/h3><\/div><a class=\"fb-icon-element-1 fb-icon-element fontawesome-icon fa-file-download fas circle-yes fusion-link\" style=\"--awb-circlecolor:#bfbfbf;--awb-circlebordersize:0px;--awb-font-size:22px;--awb-width:44px;--awb-height:44px;--awb-line-height:44px;--awb-align-self:center;--awb-margin-top:10px;--awb-margin-right:0px;--awb-margin-bottom:10px;--awb-margin-left:0px;\" href=\"https:\/\/www.service-public.pf\/dcp\/wp-content\/uploads\/sites\/25\/2025\/06\/Formulaire-AICAL-06-25.docx\" target=\"_blank\" aria-label=\"Link to https:\/\/www.service-public.pf\/dcp\/wp-content\/uploads\/sites\/25\/2025\/06\/Formulaire-AICAL-06-25.docx\" rel=\"noopener noreferrer\"><\/a><\/div><\/div><\/div><\/div><\/p>\n","protected":false},"excerpt":{"rendered":"","protected":false},"author":299,"featured_media":1621,"parent":0,"menu_order":7,"comment_status":"closed","ping_status":"closed","template":"","meta":{"_seopress_robots_primary_cat":"","_seopress_titles_title":"","_seopress_titles_desc":"","_seopress_robots_index":"","footnotes":""},"class_list":["post-2883","page","type-page","status-publish","has-post-thumbnail","hentry"],"_links":{"self":[{"href":"https:\/\/www.service-public.pf\/dcp\/wp-json\/wp\/v2\/pages\/2883","targetHints":{"allow":["GET"]}}],"collection":[{"href":"https:\/\/www.service-public.pf\/dcp\/wp-json\/wp\/v2\/pages"}],"about":[{"href":"https:\/\/www.service-public.pf\/dcp\/wp-json\/wp\/v2\/types\/page"}],"author":[{"embeddable":true,"href":"https:\/\/www.service-public.pf\/dcp\/wp-json\/wp\/v2\/users\/299"}],"replies":[{"embeddable":true,"href":"https:\/\/www.service-public.pf\/dcp\/wp-json\/wp\/v2\/comments?post=2883"}],"version-history":[{"count":6,"href":"https:\/\/www.service-public.pf\/dcp\/wp-json\/wp\/v2\/pages\/2883\/revisions"}],"predecessor-version":[{"id":10288,"href":"https:\/\/www.service-public.pf\/dcp\/wp-json\/wp\/v2\/pages\/2883\/revisions\/10288"}],"wp:featuredmedia":[{"embeddable":true,"href":"https:\/\/www.service-public.pf\/dcp\/wp-json\/wp\/v2\/media\/1621"}],"wp:attachment":[{"href":"https:\/\/www.service-public.pf\/dcp\/wp-json\/wp\/v2\/media?parent=2883"}],"curies":[{"name":"wp","href":"https:\/\/api.w.org\/{rel}","templated":true}]}}