{"id":143,"date":"2022-05-11T02:57:10","date_gmt":"2022-05-11T00:57:10","guid":{"rendered":"https:\/\/www.service-public.pf\/dhv\/?page_id=143"},"modified":"2025-06-11T04:13:33","modified_gmt":"2025-06-11T02:13:33","slug":"cest-quoi","status":"publish","type":"page","link":"https:\/\/www.service-public.pf\/dhv\/info-logement\/cest-quoi\/","title":{"rendered":"C&rsquo;est quoi ?"},"content":{"rendered":"<p><div class=\"fusion-fullwidth fullwidth-box fusion-builder-row-1 fusion-flex-container fusion-parallax-none nonhundred-percent-fullwidth non-hundred-percent-height-scrolling\" style=\"--awb-border-radius-top-left:0px;--awb-border-radius-top-right:0px;--awb-border-radius-bottom-right:0px;--awb-border-radius-bottom-left:0px;--awb-padding-top:7%;--awb-padding-right:5%;--awb-padding-bottom:5%;--awb-padding-left:15%;--awb-background-image:url(&quot;https:\/\/www.service-public.pf\/dhv\/wp-content\/uploads\/sites\/56\/2022\/09\/pil.png&quot;);--awb-background-size:cover;--awb-flex-wrap:wrap;\" ><div class=\"fusion-builder-row fusion-row fusion-flex-align-items-flex-start fusion-flex-justify-content-center fusion-flex-content-wrap\" style=\"max-width:104%;margin-left: calc(-4% \/ 2 );margin-right: calc(-4% \/ 2 );\"><div class=\"fusion-layout-column fusion_builder_column fusion-builder-column-0 fusion_builder_column_1_1 1_1 fusion-flex-column\" style=\"--awb-bg-size:cover;--awb-width-large:100%;--awb-margin-top-large:0px;--awb-spacing-right-large:0px;--awb-margin-bottom-large:0px;--awb-spacing-left-large:0px;--awb-width-medium:100%;--awb-order-medium:0;--awb-spacing-right-medium:0px;--awb-spacing-left-medium:0px;--awb-width-small:100%;--awb-order-small:0;--awb-spacing-right-small:1.92%;--awb-spacing-left-small:1.92%;\"><div class=\"fusion-column-wrapper fusion-column-has-shadow fusion-flex-justify-content-flex-start fusion-content-layout-column\"><div class=\"fusion-title title fusion-title-1 fusion-sep-none fusion-title-text fusion-title-size-one vct_title vct_title_uppercase\" style=\"--awb-text-color:#f95738;--awb-margin-right:5%;--awb-margin-bottom:40px;--awb-margin-top-small:10px;--awb-margin-right-small:0px;--awb-margin-bottom-small:10px;--awb-margin-left-small:0px;--awb-font-size:50px;\"><h1 class=\"fusion-title-heading title-heading-left\" style=\"margin:0;font-size:1em;\"><span style=\"color: #ffffff;\"><strong>INFO<\/strong> LOGEMENT<\/span><\/h1><\/div><\/div><\/div><\/div><\/div><div class=\"fusion-fullwidth fullwidth-box fusion-builder-row-2 fusion-flex-container fusion-parallax-none nonhundred-percent-fullwidth non-hundred-percent-height-scrolling fusion-custom-z-index\" style=\"--awb-background-position:center top;--awb-border-radius-top-left:0px;--awb-border-radius-top-right:0px;--awb-border-radius-bottom-right:0px;--awb-border-radius-bottom-left:0px;--awb-z-index:99;--awb-padding-top:20px;--awb-padding-right:10%;--awb-padding-bottom:50px;--awb-padding-left:10%;--awb-background-color:#edeff4;--awb-background-image:url(&quot;https:\/\/www.service-public.pf\/dhv\/wp-content\/uploads\/sites\/56\/2022\/07\/r1-1.png&quot;);--awb-background-size:cover;--awb-flex-wrap:wrap;--awb-box-shadow: 5px 5px 5px rgba(0,0,0,0.3);\" ><div class=\"fusion-builder-row fusion-row fusion-flex-align-items-center fusion-flex-justify-content-center fusion-flex-content-wrap\" style=\"max-width:104%;margin-left: calc(-4% \/ 2 );margin-right: calc(-4% \/ 2 );\"><div class=\"fusion-layout-column fusion_builder_column fusion-builder-column-1 fusion_builder_column_1_1 1_1 fusion-flex-column fusion-flex-align-self-center\" style=\"--awb-bg-size:cover;--awb-width-large:100%;--awb-margin-top-large:0px;--awb-spacing-right-large:1.92%;--awb-margin-bottom-large:20px;--awb-spacing-left-large:1.92%;--awb-width-medium:100%;--awb-order-medium:0;--awb-spacing-right-medium:1.92%;--awb-spacing-left-medium:1.92%;--awb-width-small:100%;--awb-order-small:0;--awb-spacing-right-small:1.92%;--awb-spacing-left-small:1.92%;\"><div class=\"fusion-column-wrapper fusion-column-has-shadow fusion-flex-justify-content-flex-start fusion-content-layout-column\"><nav class=\"fusion-breadcrumbs fusion-breadcrumbs-1\" style=\"--awb-breadcrumb-sep:&#039;&gt;&#039;;\" aria-label=\"Breadcrumb\"><ol class=\"awb-breadcrumb-list\"><li class=\"fusion-breadcrumb-item awb-breadcrumb-sep awb-home\" ><a href=\"https:\/\/www.service-public.pf\/dhv\" class=\"fusion-breadcrumb-link\"><span >Home<\/span><\/a><\/li><\/ol><\/nav><div class=\"fusion-title title fusion-title-2 fusion-sep-none fusion-title-center fusion-title-text fusion-title-size-three\" style=\"--awb-text-color:#0babd4;--awb-margin-bottom:40px;--awb-margin-top-small:10px;--awb-margin-right-small:0px;--awb-margin-bottom-small:10px;--awb-margin-left-small:0px;\"><h3 class=\"fusion-title-heading title-heading-center\" style=\"margin:0;\"><h1><span style=\"color: #00aad5;\"><strong>L\u2019info logement, c\u2019est quoi ?<\/strong><\/span><\/h1><\/h3><\/div><div class=\"fusion-text fusion-text-1\" style=\"--awb-content-alignment:center;\"><table>\n<tbody>\n<tr>\n<td>\n<hr \/>\n<p style=\"text-align: center;\">Depuis 2020, la D\u00e9l\u00e9gation \u00e0 l\u2019habitat et \u00e0 la ville, service administratif plac\u00e9 sous la tutelle du minist\u00e8re en charge du logement, est charg\u00e9e d\u2019une mission g\u00e9n\u00e9rale d\u2019information de la population sur toutes les questions relatives au logement<\/p>\n<hr \/>\n<\/td>\n<\/tr>\n<\/tbody>\n<\/table>\n<table style=\"border-collapse: collapse; width: 100%;\">\n<tbody>\n<tr>\n<td style=\"width: 34.8562%;\"><img decoding=\"async\" class=\"wp-image-1239 alignnone\" src=\"https:\/\/www.service-public.pf\/dhv\/wp-content\/uploads\/sites\/56\/2022\/07\/DSC01903-300x200.jpg\" alt=\"\" width=\"354\" height=\"236\" srcset=\"https:\/\/www.service-public.pf\/dhv\/wp-content\/uploads\/sites\/56\/2022\/07\/DSC01903-200x133.jpg 200w, https:\/\/www.service-public.pf\/dhv\/wp-content\/uploads\/sites\/56\/2022\/07\/DSC01903-300x200.jpg 300w, https:\/\/www.service-public.pf\/dhv\/wp-content\/uploads\/sites\/56\/2022\/07\/DSC01903-400x267.jpg 400w, https:\/\/www.service-public.pf\/dhv\/wp-content\/uploads\/sites\/56\/2022\/07\/DSC01903-600x400.jpg 600w, https:\/\/www.service-public.pf\/dhv\/wp-content\/uploads\/sites\/56\/2022\/07\/DSC01903-768x512.jpg 768w, https:\/\/www.service-public.pf\/dhv\/wp-content\/uploads\/sites\/56\/2022\/07\/DSC01903-800x533.jpg 800w, https:\/\/www.service-public.pf\/dhv\/wp-content\/uploads\/sites\/56\/2022\/07\/DSC01903-1024x683.jpg 1024w, https:\/\/www.service-public.pf\/dhv\/wp-content\/uploads\/sites\/56\/2022\/07\/DSC01903-1200x800.jpg 1200w, https:\/\/www.service-public.pf\/dhv\/wp-content\/uploads\/sites\/56\/2022\/07\/DSC01903-1536x1024.jpg 1536w\" sizes=\"(max-width: 354px) 100vw, 354px\" \/><\/td>\n<td style=\"width: 65.1438%;\">\n<h3 class=\"\" style=\"text-align: left;\"><span style=\"color: #0babd4;\">Les missions de l\u2019info logement<\/span><\/h3>\n<p style=\"text-align: left;\">Cette mission consiste principalement \u00e0 expliquer aux usagers leurs droits et obligations tels que la r\u00e9glementation applicable le pr\u00e9voit. En revanche, cette mission ne se substitue, en aucun cas, aux conseils juridiques d\u00e9livr\u00e9s par les professionnels du droit vis\u00e9s par la d\u00e9lib\u00e9ration n\u00b0 2002-162 APF du 5 d\u00e9cembre 2002 modifi\u00e9e, portant r\u00e9glementation de la consultation juridique et la r\u00e9daction d\u2019acte sous seing priv\u00e9.<\/p>\n<\/td>\n<\/tr>\n<\/tbody>\n<\/table>\n<\/div><\/div><\/div><\/div><\/div><div class=\"fusion-fullwidth fullwidth-box fusion-builder-row-3 fusion-flex-container fusion-parallax-none nonhundred-percent-fullwidth non-hundred-percent-height-scrolling\" style=\"--awb-border-radius-top-left:0px;--awb-border-radius-top-right:0px;--awb-border-radius-bottom-right:0px;--awb-border-radius-bottom-left:0px;--awb-padding-top:20px;--awb-padding-right:5%;--awb-padding-bottom:30px;--awb-padding-left:5%;--awb-background-image:url(&quot;https:\/\/www.service-public.pf\/dhv\/wp-content\/uploads\/sites\/56\/2022\/07\/r-e1658946302963.png&quot;);--awb-background-size:cover;--awb-flex-wrap:wrap;\" ><div class=\"fusion-builder-row fusion-row fusion-flex-align-items-flex-start fusion-flex-justify-content-center fusion-flex-content-wrap\" style=\"max-width:104%;margin-left: calc(-4% \/ 2 );margin-right: calc(-4% \/ 2 );\"><div class=\"fusion-layout-column fusion_builder_column fusion-builder-column-2 fusion_builder_column_2_5 2_5 fusion-flex-column\" style=\"--awb-bg-size:cover;--awb-width-large:40%;--awb-margin-top-large:0px;--awb-spacing-right-large:4.8%;--awb-margin-bottom-large:20px;--awb-spacing-left-large:4.8%;--awb-width-medium:40%;--awb-order-medium:0;--awb-spacing-right-medium:4.8%;--awb-spacing-left-medium:4.8%;--awb-width-small:100%;--awb-order-small:0;--awb-spacing-right-small:1.92%;--awb-spacing-left-small:1.92%;\"><div class=\"fusion-column-wrapper fusion-column-has-shadow fusion-flex-justify-content-flex-start fusion-content-layout-column\"><div class=\"fusion-text fusion-text-2\" style=\"--awb-font-size:28px;--awb-text-transform:uppercase;--awb-text-color:#e94f35;--awb-margin-top:50%;\"><p style=\"text-align: left;\">Tu peux nous poser tes questions <strong><em>via ce formulaire<\/em><\/strong>, et nous y r\u00e9pondrons !<\/p>\n<\/div><\/div><\/div><div class=\"fusion-layout-column fusion_builder_column fusion-builder-column-3 fusion_builder_column_1_6 1_6 fusion-flex-column\" style=\"--awb-bg-size:cover;--awb-width-large:16.666666666667%;--awb-margin-top-large:0px;--awb-spacing-right-large:11.52%;--awb-margin-bottom-large:20px;--awb-spacing-left-large:11.52%;--awb-width-medium:16.666666666667%;--awb-order-medium:0;--awb-spacing-right-medium:11.52%;--awb-spacing-left-medium:11.52%;--awb-width-small:100%;--awb-order-small:0;--awb-spacing-right-small:1.92%;--awb-spacing-left-small:1.92%;\"><div class=\"fusion-column-wrapper fusion-column-has-shadow fusion-flex-justify-content-flex-start fusion-content-layout-column\"><\/div><\/div><div class=\"fusion-layout-column fusion_builder_column fusion-builder-column-4 fusion_builder_column_2_5 2_5 fusion-flex-column\" style=\"--awb-bg-size:cover;--awb-width-large:40%;--awb-margin-top-large:5%;--awb-spacing-right-large:4.8%;--awb-margin-bottom-large:20px;--awb-spacing-left-large:4.8%;--awb-width-medium:40%;--awb-order-medium:0;--awb-spacing-right-medium:4.8%;--awb-spacing-left-medium:4.8%;--awb-width-small:100%;--awb-order-small:0;--awb-spacing-right-small:1.92%;--awb-spacing-left-small:1.92%;\"><div class=\"fusion-column-wrapper fusion-column-has-shadow fusion-flex-justify-content-flex-start fusion-content-layout-column\"><div class=\"fusion-builder-row fusion-builder-row-inner fusion-row fusion-flex-align-items-flex-start fusion-flex-justify-content-center fusion-flex-content-wrap\" style=\"--awb-flex-grow:0;--awb-flex-grow-medium:0;--awb-flex-grow-small:0;--awb-flex-shrink:0;--awb-flex-shrink-medium:0;--awb-flex-shrink-small:0;width:104% !important;max-width:104% !important;margin-left: calc(-4% \/ 2 );margin-right: calc(-4% \/ 2 );\"><div class=\"fusion-layout-column fusion_builder_column_inner fusion-builder-nested-column-0 fusion_builder_column_inner_1_1 1_1 fusion-flex-column\" style=\"--awb-padding-top:50px;--awb-padding-right:10%;--awb-padding-bottom:50px;--awb-padding-left:9%;--awb-overflow:hidden;--awb-bg-color:#94c124;--awb-bg-color-hover:#94c124;--awb-bg-size:cover;--awb-border-radius:40px 40px 40px 40px;--awb-width-large:100%;--awb-margin-top-large:0px;--awb-spacing-right-large:1.92%;--awb-margin-bottom-large:0px;--awb-spacing-left-large:1.92%;--awb-width-medium:100%;--awb-order-medium:0;--awb-spacing-right-medium:1.92%;--awb-spacing-left-medium:1.92%;--awb-width-small:100%;--awb-order-small:0;--awb-spacing-right-small:1.92%;--awb-spacing-left-small:1.92%;\" data-scroll-devices=\"small-visibility,medium-visibility,large-visibility\"><div class=\"fusion-column-wrapper fusion-column-has-shadow fusion-flex-justify-content-flex-start fusion-content-layout-column\"><div class=\"frm_forms  with_frm_style frm_style_style-formidable\" id=\"frm_form_2_container\" data-token=\"3b3e06a18b51adf70bbef7574852cd65\">\n<form enctype=\"multipart\/form-data\" method=\"post\" class=\"frm-show-form  frm_pro_form \" id=\"form_info-logement\" data-token=\"3b3e06a18b51adf70bbef7574852cd65\">\n<div class=\"frm_form_fields \">\n<fieldset>\n<legend class=\"frm_screen_reader\">Formulaire de contact info logement<\/legend>\r\n\r\n<div class=\"frm_fields_container\">\n<input type=\"hidden\" name=\"frm_action\" value=\"create\" \/>\n<input type=\"hidden\" name=\"form_id\" value=\"2\" \/>\n<input type=\"hidden\" name=\"frm_hide_fields_2\" id=\"frm_hide_fields_2\" value=\"\" \/>\n<input type=\"hidden\" name=\"form_key\" value=\"info-logement\" \/>\n<input type=\"hidden\" name=\"item_meta[0]\" value=\"\" \/>\n<input type=\"hidden\" id=\"frm_submit_entry_2\" name=\"frm_submit_entry_2\" value=\"8bb127cf31\" \/><input type=\"hidden\" name=\"_wp_http_referer\" value=\"\/dhv\/wp-json\/wp\/v2\/pages\/143\" \/><div id=\"frm_field_6_container\" class=\"frm_form_field form-field  frm_top_container frm12 frm_first\">\r\n    <label for=\"field_qh4icy2\" class=\"frm_primary_label\">Votre pr\u00e9nom\r\n        <span class=\"frm_required\"><\/span>\r\n    <\/label>\r\n    <input  type=\"text\" id=\"field_qh4icy2\" name=\"item_meta[6]\" value=\"\"  data-invmsg=\"Votre pr\u00e9nom est non valide\" aria-invalid=\"false\"   \/>\r\n    \r\n    \r\n<\/div>\n<div id=\"frm_field_14_container\" class=\"frm_form_field form-field  frm_top_container\">\r\n\t<label for=\"field_ucfjb\" id=\"field_ucfjb_label\" class=\"frm_primary_label\">Votre nom de famille\r\n\t\t<span class=\"frm_required\" aria-hidden=\"true\"><\/span>\r\n\t<\/label>\r\n\t<input  type=\"text\" id=\"field_ucfjb\" name=\"item_meta[14]\" value=\"\"  data-invmsg=\"Votre nom de famille est non valide\" aria-invalid=\"false\"   \/>\r\n\t\r\n\t\r\n<\/div>\n<div id=\"frm_field_8_container\" class=\"frm_form_field form-field  frm_required_field frm_top_container frm_full\">\r\n    <label for=\"field_29yf4d2\" class=\"frm_primary_label\">Votre e-mail\r\n        <span class=\"frm_required\">*<\/span>\r\n    <\/label>\r\n    <input type=\"email\" id=\"field_29yf4d2\" name=\"item_meta[8]\" value=\"\"  data-reqmsg=\"Votre e-mail cannot be blank.\" aria-required=\"true\" data-invmsg=\"Please enter a valid email address\" aria-invalid=\"false\"  \/>\r\n    \r\n    \r\n<\/div>\n<div id=\"frm_field_13_container\" class=\"frm_form_field form-field  frm_required_field frm_top_container frm_other_container\">\r\n\t<label for=\"field_nbbbb\" id=\"field_nbbbb_label\" class=\"frm_primary_label\">Je suis\r\n\t\t<span class=\"frm_required\" aria-hidden=\"true\">*<\/span>\r\n\t<\/label>\r\n\t\t\t<select name=\"item_meta[13]\" id=\"field_nbbbb\"  data-frmval=\"Propri\u00e9taire\" data-reqmsg=\"Je suis ne peut pas \u00eatre vide.\" aria-required=\"true\" data-invmsg=\"Je suis est non valide\" aria-invalid=\"false\"  >\n\t\t<option  value=\"Propri\u00e9taire\" selected='selected'>Propri\u00e9taire<\/option><option  value=\"Locataire\">Locataire<\/option><option  value=\"Autre\" class=\"frm_other_trigger\">Autre<\/option>\t<\/select>\n\t<label for=\"field_nbbbb-otext\" class=\"frm_screen_reader frm_hidden\">Je suis<\/label><input type=\"text\" id=\"field_nbbbb-otext\" class=\"frm_other_input frm_pos_none\"  name=\"item_meta[other][13]\" value=\"\" \/>\r\n\t\r\n\t\r\n<\/div>\n<div id=\"frm_field_10_container\" class=\"frm_form_field form-field  frm_required_field frm_top_container frm_full\">\r\n    <label for=\"field_9jv0r12\" class=\"frm_primary_label\">Votre message\r\n        <span class=\"frm_required\">*<\/span>\r\n    <\/label>\r\n    <textarea name=\"item_meta[10]\" id=\"field_9jv0r12\" rows=\"5\"  data-reqmsg=\"Votre message cannot be blank.\" aria-required=\"true\" data-invmsg=\"Votre message est non valide\" aria-invalid=\"false\"  ><\/textarea>\r\n    \r\n    \r\n<\/div>\n<div id=\"frm_field_11_container\" class=\"frm_form_field form-field  frm_first frm_fourth\">\r\n\t<div class=\"frm_submit\">\r\n\r\n<button class=\"frm_button_submit frm_final_submit\" type=\"submit\"  formnovalidate=\"formnovalidate\">Envoyer<\/button>\r\n\r\n<\/div>\r\n<\/div>\n<div id=\"frm_field_27_container\" class=\"frm_form_field  frm_three_fourths frm_html_container form-field\">\n<p>La DHV traite les donn\u00e9es recueillies pour r\u00e9pondre \u00e0 votre demande de contact. Pour plus d\u2019informations sur ce traitement et pour exercer vos droits, consultez notre <a href=\"https:\/\/www.service-public.pf\/dhv\/politique-de-protection-des-donnees-personnelles\/\" target=\"_blank\" rel=\"noopener\">Politique de protection des donn\u00e9es<\/a>.<\/p>\n<\/div>\n\t<input type=\"hidden\" name=\"item_key\" value=\"\" \/>\n\t\t\t<div id=\"frm_field_28_container\">\n\t\t\t<label for=\"field_xcctj\" >\n\t\t\t\tSi vous \u00eates un humain, ne remplissez pas ce champ.\t\t\t<\/label>\n\t\t\t<input  id=\"field_xcctj\" type=\"text\" class=\"frm_form_field form-field frm_verify\" name=\"item_meta[28]\" value=\"\"  \/>\n\t\t<\/div>\n\t\t<input name=\"frm_state\" type=\"hidden\" value=\"KZ8IagPzI9b0s2heFSBF+Bhgd2Hze0d\/7uKDFkmA8MR+5C6+0\/EAASLClI1+tzGb\" \/><\/div>\n<\/fieldset>\n<\/div>\n\n<\/form>\n<\/div>\n<\/div><\/div><\/div><\/div><\/div><\/div><\/div><\/p>\n","protected":false},"excerpt":{"rendered":"","protected":false},"author":407,"featured_media":0,"parent":130,"menu_order":0,"comment_status":"closed","ping_status":"closed","template":"","meta":{"_seopress_robots_primary_cat":"","_seopress_titles_title":"","_seopress_titles_desc":"","_seopress_robots_index":"","footnotes":""},"class_list":["post-143","page","type-page","status-publish","hentry"],"_links":{"self":[{"href":"https:\/\/www.service-public.pf\/dhv\/wp-json\/wp\/v2\/pages\/143","targetHints":{"allow":["GET"]}}],"collection":[{"href":"https:\/\/www.service-public.pf\/dhv\/wp-json\/wp\/v2\/pages"}],"about":[{"href":"https:\/\/www.service-public.pf\/dhv\/wp-json\/wp\/v2\/types\/page"}],"author":[{"embeddable":true,"href":"https:\/\/www.service-public.pf\/dhv\/wp-json\/wp\/v2\/users\/407"}],"replies":[{"embeddable":true,"href":"https:\/\/www.service-public.pf\/dhv\/wp-json\/wp\/v2\/comments?post=143"}],"version-history":[{"count":2,"href":"https:\/\/www.service-public.pf\/dhv\/wp-json\/wp\/v2\/pages\/143\/revisions"}],"predecessor-version":[{"id":5589,"href":"https:\/\/www.service-public.pf\/dhv\/wp-json\/wp\/v2\/pages\/143\/revisions\/5589"}],"up":[{"embeddable":true,"href":"https:\/\/www.service-public.pf\/dhv\/wp-json\/wp\/v2\/pages\/130"}],"wp:attachment":[{"href":"https:\/\/www.service-public.pf\/dhv\/wp-json\/wp\/v2\/media?parent=143"}],"curies":[{"name":"wp","href":"https:\/\/api.w.org\/{rel}","templated":true}]}}