{"id":3636,"date":"2023-01-10T20:30:38","date_gmt":"2023-01-10T19:30:38","guid":{"rendered":"https:\/\/www.service-public.pf\/dhv\/?page_id=3636"},"modified":"2023-10-31T03:35:42","modified_gmt":"2023-10-31T02:35:42","slug":"info-habitat2","status":"publish","type":"page","link":"https:\/\/www.service-public.pf\/dhv\/documentation\/info-habitat2\/","title":{"rendered":"Info habitat #2"},"content":{"rendered":"<p><div class=\"fusion-fullwidth fullwidth-box fusion-builder-row-1 fusion-flex-container fusion-parallax-none nonhundred-percent-fullwidth non-hundred-percent-height-scrolling\" style=\"--awb-border-radius-top-left:0px;--awb-border-radius-top-right:0px;--awb-border-radius-bottom-right:0px;--awb-border-radius-bottom-left:0px;--awb-padding-top:7%;--awb-padding-right:5%;--awb-padding-bottom:5%;--awb-padding-left:15%;--awb-background-image:url(&quot;https:\/\/www.service-public.pf\/dhv\/wp-content\/uploads\/sites\/56\/2022\/11\/Nuage-de-mot.png&quot;);--awb-background-size:cover;--awb-flex-wrap:wrap;\" ><div class=\"fusion-builder-row fusion-row fusion-flex-align-items-flex-start fusion-flex-content-wrap\" style=\"max-width:104%;margin-left: calc(-4% \/ 2 );margin-right: calc(-4% \/ 2 );\"><div class=\"fusion-layout-column fusion_builder_column fusion-builder-column-0 fusion_builder_column_1_1 1_1 fusion-flex-column\" style=\"--awb-bg-size:cover;--awb-width-large:100%;--awb-margin-top-large:0px;--awb-spacing-right-large:0px;--awb-margin-bottom-large:0px;--awb-spacing-left-large:0px;--awb-width-medium:100%;--awb-order-medium:0;--awb-spacing-right-medium:0px;--awb-spacing-left-medium:0px;--awb-width-small:100%;--awb-order-small:0;--awb-spacing-right-small:1.92%;--awb-spacing-left-small:1.92%;\"><div class=\"fusion-column-wrapper fusion-column-has-shadow fusion-flex-justify-content-flex-start fusion-content-layout-column\"><div class=\"fusion-title title fusion-title-1 fusion-sep-none fusion-title-text fusion-title-size-one vct_title vct_title_uppercase\" style=\"--awb-text-color:#f95738;--awb-margin-right:5%;--awb-margin-bottom:40px;--awb-margin-top-small:10px;--awb-margin-right-small:0px;--awb-margin-bottom-small:10px;--awb-margin-left-small:0px;--awb-font-size:50px;\"><h1 class=\"fusion-title-heading title-heading-left\" style=\"margin:0;font-size:1em;\"><span style=\"color: #ffffff\"><b>DOCUMENTATION<\/b><\/span><\/h1><\/div><\/div><\/div><\/div><\/div><div class=\"fusion-fullwidth fullwidth-box fusion-builder-row-2 fusion-flex-container has-pattern-background has-mask-background fusion-parallax-none nonhundred-percent-fullwidth non-hundred-percent-height-scrolling fusion-custom-z-index\" style=\"--awb-background-position:center top;--awb-border-radius-top-left:0px;--awb-border-radius-top-right:0px;--awb-border-radius-bottom-right:0px;--awb-border-radius-bottom-left:0px;--awb-z-index:99;--awb-padding-top:2%;--awb-padding-right:16%;--awb-padding-bottom:4%;--awb-padding-left:16%;--awb-background-color:#fffff;--awb-background-image:url(&quot;https:\/\/www.service-public.pf\/dhv\/wp-content\/uploads\/sites\/56\/2022\/07\/r1-1.png&quot;);--awb-background-size:cover;--awb-flex-wrap:wrap;--awb-box-shadow: 5px 5px 5px rgba(0,0,0,0.3);\" ><div class=\"fusion-builder-row fusion-row fusion-flex-align-items-flex-start fusion-flex-justify-content-center fusion-flex-content-wrap\" style=\"max-width:104%;margin-left: calc(-4% \/ 2 );margin-right: calc(-4% \/ 2 );\"><div class=\"fusion-layout-column fusion_builder_column fusion-builder-column-1 fusion_builder_column_1_1 1_1 fusion-flex-column\" style=\"--awb-bg-color:#fffff;--awb-bg-color-hover:#fffff;--awb-bg-size:cover;--awb-width-large:100%;--awb-margin-top-large:0px;--awb-spacing-right-large:1.92%;--awb-margin-bottom-large:20px;--awb-spacing-left-large:1.92%;--awb-width-medium:100%;--awb-order-medium:0;--awb-spacing-right-medium:1.92%;--awb-spacing-left-medium:1.92%;--awb-width-small:100%;--awb-order-small:0;--awb-spacing-right-small:1.92%;--awb-spacing-left-small:1.92%;\"><div class=\"fusion-column-wrapper fusion-column-has-shadow fusion-flex-justify-content-flex-start fusion-content-layout-column\"><div class=\"fusion-builder-row fusion-builder-row-inner fusion-row fusion-flex-align-items-flex-start fusion-flex-justify-content-center fusion-flex-content-wrap\" style=\"--awb-flex-grow:0;--awb-flex-grow-medium:0;--awb-flex-grow-small:0;--awb-flex-shrink:0;--awb-flex-shrink-medium:0;--awb-flex-shrink-small:0;width:104% !important;max-width:104% !important;margin-left: calc(-4% \/ 2 );margin-right: calc(-4% \/ 2 );\"><div class=\"fusion-layout-column fusion_builder_column_inner fusion-builder-nested-column-0 fusion_builder_column_inner_1_1 1_1 fusion-flex-column\" style=\"--awb-bg-size:cover;--awb-width-large:100%;--awb-margin-top-large:0px;--awb-spacing-right-large:1.92%;--awb-margin-bottom-large:20px;--awb-spacing-left-large:1.92%;--awb-width-medium:100%;--awb-order-medium:0;--awb-spacing-right-medium:1.92%;--awb-spacing-left-medium:1.92%;--awb-width-small:100%;--awb-order-small:0;--awb-spacing-right-small:1.92%;--awb-spacing-left-small:1.92%;\"><div class=\"fusion-column-wrapper fusion-column-has-shadow fusion-flex-justify-content-flex-start fusion-content-layout-column\"><nav class=\"fusion-breadcrumbs fusion-breadcrumbs-1\" style=\"--awb-breadcrumb-sep:&#039;&gt;&#039;;\" aria-label=\"Breadcrumb\"><ol class=\"awb-breadcrumb-list\"><li class=\"fusion-breadcrumb-item awb-breadcrumb-sep awb-home\" ><a href=\"https:\/\/www.service-public.pf\/dhv\" class=\"fusion-breadcrumb-link\"><span >Home<\/span><\/a><\/li><\/ol><\/nav><\/div><\/div><div class=\"fusion-layout-column fusion_builder_column_inner fusion-builder-nested-column-1 fusion_builder_column_inner_1_5 1_5 fusion-flex-column\" style=\"--awb-bg-size:cover;--awb-width-large:20%;--awb-margin-top-large:0px;--awb-spacing-right-large:9.6%;--awb-margin-bottom-large:20px;--awb-spacing-left-large:9.6%;--awb-width-medium:20%;--awb-order-medium:0;--awb-spacing-right-medium:9.6%;--awb-spacing-left-medium:9.6%;--awb-width-small:100%;--awb-order-small:0;--awb-spacing-right-small:1.92%;--awb-spacing-left-small:1.92%;\"><div class=\"fusion-column-wrapper fusion-column-has-shadow fusion-flex-justify-content-flex-start fusion-content-layout-column\"><div class=\"fusion-image-element \" style=\"--awb-caption-title-font-family:var(--h2_typography-font-family);--awb-caption-title-font-weight:var(--h2_typography-font-weight);--awb-caption-title-font-style:var(--h2_typography-font-style);--awb-caption-title-size:var(--h2_typography-font-size);--awb-caption-title-transform:var(--h2_typography-text-transform);--awb-caption-title-line-height:var(--h2_typography-line-height);--awb-caption-title-letter-spacing:var(--h2_typography-letter-spacing);\"><span class=\" fusion-imageframe imageframe-dropshadow imageframe-1 hover-type-zoomin\" style=\"-webkit-box-shadow: 4px 4px 8px rgba(48,48,48,0.3);box-shadow: 4px 4px 8px rgba(48,48,48,0.3);\"><a class=\"fusion-no-lightbox\" href=\"https:\/\/www.service-public.pf\/dhv\/wp-content\/uploads\/sites\/56\/2023\/04\/INFO-HABITAT-N\u00b02.pdf\" target=\"_blank\" aria-label=\"Capture\" rel=\"noopener noreferrer\"><img decoding=\"async\" width=\"400\" height=\"559\" src=\"https:\/\/www.service-public.pf\/dhv\/wp-content\/uploads\/sites\/56\/2023\/04\/Capture-400x559.png\" alt class=\"img-responsive wp-image-3778\" srcset=\"https:\/\/www.service-public.pf\/dhv\/wp-content\/uploads\/sites\/56\/2023\/04\/Capture-200x280.png 200w, https:\/\/www.service-public.pf\/dhv\/wp-content\/uploads\/sites\/56\/2023\/04\/Capture-400x559.png 400w, https:\/\/www.service-public.pf\/dhv\/wp-content\/uploads\/sites\/56\/2023\/04\/Capture-600x839.png 600w, https:\/\/www.service-public.pf\/dhv\/wp-content\/uploads\/sites\/56\/2023\/04\/Capture.png 648w\" sizes=\"(max-width: 640px) 100vw, 400px\" \/><\/a><\/span><\/div><\/div><\/div><div class=\"fusion-layout-column fusion_builder_column_inner fusion-builder-nested-column-2 fusion_builder_column_inner_3_4 3_4 fusion-flex-column\" style=\"--awb-bg-size:cover;--awb-width-large:75%;--awb-margin-top-large:0px;--awb-spacing-right-large:2.56%;--awb-margin-bottom-large:20px;--awb-spacing-left-large:2.56%;--awb-width-medium:75%;--awb-order-medium:0;--awb-spacing-right-medium:2.56%;--awb-spacing-left-medium:2.56%;--awb-width-small:100%;--awb-order-small:0;--awb-spacing-right-small:1.92%;--awb-spacing-left-small:1.92%;\"><div class=\"fusion-column-wrapper fusion-column-has-shadow fusion-flex-justify-content-flex-start fusion-content-layout-column\"><div class=\"fusion-text fusion-text-1\"><p><span style=\"font-size: 24pt;color: #333300\"><strong><span style=\"color: #3494a0\">Info habitat n\u00b02<\/span><br \/>\n<\/strong><\/span><\/p>\n<\/div><div class=\"fusion-text fusion-text-2\"><table style=\"border-collapse: collapse;width: 100.525%;height: 77px\">\n<tbody>\n<tr>\n<td style=\"width: 100%\">\n<blockquote>\n<p class=\"_04xlpA direction-ltr align-justify para-style-subtitle\"><span class=\"S1PPyQ\">Si, au fur des ann\u00e9es, la DHV a progressivement \u00e9largi son p\u00e9rim\u00e8tre d\u2019intervention et de partenariat, l\u2019ann\u00e9e 2021 a donn\u00e9 un coup d\u2019acc\u00e9l\u00e9rateur, qui n\u2019a pas \u00e9t\u00e9 remis en cause en 2022.<\/span><\/p>\n<p class=\"_04xlpA direction-ltr align-justify para-style-subtitle\"><span class=\"S1PPyQ\">C\u2019est ainsi avec la volont\u00e9 de faire d\u00e9couvrir \u00e0 l\u2019ensemble de ses partenaires le travail quotidien qu\u2019elle m\u00e8ne que cette Newsletter a \u00e9t\u00e9 cr\u00e9\u00e9e.<\/span><\/p>\n<p><em>Dans ce deuxi\u00e8me num\u00e9ro, d\u00e9couvrez quelques moments forts <span class=\"S1PPyQ\">que mes collaborateurs et moi-m\u00eame avons connus.<\/span><\/em><\/p>\n<\/blockquote>\n<\/td>\n<\/tr>\n<\/tbody>\n<\/table>\n<\/div><div style=\"text-align:center;\"><a class=\"fusion-button button-flat fusion-button-default-size button-custom fusion-button-default button-1 fusion-button-default-span fusion-button-default-type\" style=\"--button_accent_color:#ffffff;--button_accent_hover_color:#ffffff;--button_border_hover_color:#ffffff;--button-border-radius-top-left:10px;--button-border-radius-top-right:10px;--button-border-radius-bottom-right:10px;--button-border-radius-bottom-left:10px;--button_gradient_top_color:#0e6171;--button_gradient_bottom_color:#0e6171;--button_gradient_top_color_hover:#0e6171;--button_gradient_bottom_color_hover:#0e6171;\" target=\"_blank\" rel=\"noopener noreferrer\" href=\"https:\/\/www.service-public.pf\/dhv\/wp-content\/uploads\/sites\/56\/2023\/04\/INFO-HABITAT-N\u00b02.pdf\"><i class=\"fa-angle-right fas awb-button__icon awb-button__icon--default button-icon-left\" aria-hidden=\"true\"><\/i><span class=\"fusion-button-text awb-button__text awb-button__text--default\">Consulter <\/span><\/a><\/div><\/div><\/div><div class=\"fusion-layout-column fusion_builder_column_inner fusion-builder-nested-column-3 fusion_builder_column_inner_1_1 1_1 fusion-flex-column\" style=\"--awb-bg-size:cover;--awb-width-large:100%;--awb-margin-top-large:0px;--awb-spacing-right-large:1.92%;--awb-margin-bottom-large:20px;--awb-spacing-left-large:1.92%;--awb-width-medium:100%;--awb-order-medium:0;--awb-spacing-right-medium:1.92%;--awb-spacing-left-medium:1.92%;--awb-width-small:100%;--awb-order-small:0;--awb-spacing-right-small:1.92%;--awb-spacing-left-small:1.92%;\"><div class=\"fusion-column-wrapper fusion-column-has-shadow fusion-flex-justify-content-flex-start fusion-content-layout-column\"><div class=\"fusion-tabs fusion-tabs-1 classic nav-is-justified horizontal-tabs icon-position-left mobile-mode-accordion\" style=\"--awb-title-border-radius-top-left:0px;--awb-title-border-radius-top-right:0px;--awb-title-border-radius-bottom-right:0px;--awb-title-border-radius-bottom-left:0px;--awb-alignment:start;--awb-inactive-color:#f9f9fb;--awb-background-color:#ffffff;--awb-border-color:#e2e2e2;--awb-active-border-color:#0babd4;\"><div class=\"nav\"><ul class=\"nav-tabs nav-justified\" role=\"tablist\" aria-orientation=\"horizontal\"><li class=\"active\" role=\"presentation\"><a class=\"tab-link\" data-toggle=\"tab\" role=\"tab\" aria-controls=\"tab-50cf9875c6e709b9fc6\" aria-selected=\"true\" tabindex=\"0\" id=\"fusion-tab-50cf9875c6e709b9fc6\" href=\"#tab-50cf9875c6e709b9fc6\"><h4 class=\"fusion-tab-heading\">Description<\/h4><\/a><\/li><li  role=\"presentation\"><a class=\"tab-link\" data-toggle=\"tab\" role=\"tab\" aria-controls=\"tab-897db0bba74970555b4\" aria-selected=\"false\" tabindex=\"-1\" id=\"fusion-tab-897db0bba74970555b4\" href=\"#tab-897db0bba74970555b4\"><h4 class=\"fusion-tab-heading\">Sommaire<\/h4><\/a><\/li><li  role=\"presentation\"><a class=\"tab-link\" data-toggle=\"tab\" role=\"tab\" aria-controls=\"tab-90569cd70a26e3c91df\" aria-selected=\"false\" tabindex=\"-1\" id=\"fusion-tab-90569cd70a26e3c91df\" href=\"#tab-90569cd70a26e3c91df\"><h4 class=\"fusion-tab-heading\">D\u00e9tails<\/h4><\/a><\/li><\/ul><\/div><div class=\"tab-content\"><div class=\"nav fusion-mobile-tab-nav\"><ul class=\"nav-tabs nav-justified\" role=\"tablist\" aria-orientation=\"horizontal\"><li class=\"active\" role=\"presentation\"><a class=\"tab-link\" data-toggle=\"tab\" role=\"tab\" aria-controls=\"tab-50cf9875c6e709b9fc6\" aria-selected=\"true\" tabindex=\"0\" id=\"mobile-fusion-tab-50cf9875c6e709b9fc6\" href=\"#tab-50cf9875c6e709b9fc6\"><h4 class=\"fusion-tab-heading\">Description<\/h4><\/a><\/li><\/ul><\/div><div class=\"tab-pane fade fusion-clearfix in active\" role=\"tabpanel\" tabindex=\"0\" aria-labelledby=\"fusion-tab-50cf9875c6e709b9fc6\" id=\"tab-50cf9875c6e709b9fc6\">\n<p class=\"_04xlpA direction-ltr align-justify para-style-subtitle\"><span class=\"S1PPyQ\">Bien qu\u2019elle ait \u00e9t\u00e9 cr\u00e9\u00e9e il y a maintenant six ans, la DHV demeure encore inconnue pour une grande partie des services et des \u00e9tablissements publics du Pays et de l\u2019\u00c9tat. Pourtant, les raisons de sa cr\u00e9ation, expos\u00e9es dans le rapport de la Chambre territoriale des comptes de 2012 sur la politique du logement, fait d\u2019elle un acteur majeur dans le paysage des organisations administratives intervenant, de pr\u00e8s ou de loin, en mati\u00e8re de logement. Plac\u00e9e sous l\u2019autorit\u00e9 du ministre en charge du logement, elle s\u2019est vue confier, par le conseil des ministres, une double mission strat\u00e9gique qui s\u2019est, par la suite, enrichie de missions plus op\u00e9rationnelles.<\/span><\/p>\n<p class=\"_04xlpA direction-ltr align-justify para-style-subtitle\"><span class=\"S1PPyQ\">D\u2019une part, en effet, elle est charg\u00e9e de proposer au Gouvernement les strat\u00e9gies en mati\u00e8re d\u2019habitat. D\u2019autre part, elle doit en assurer la mise en \u0153uvre en coordonnant les actions des diff\u00e9rentes parties prenantes (services et \u00e9tablissements du Pays, communes, op\u00e9rateurs priv\u00e9s, etc.). Enfin, elle assure des actions op\u00e9rationnelles telles que l\u2019information des usagers sur toutes questions relatives au logement et l\u2019instruction de certaines demandes dans le cadre de dispositifs d\u2019aide contribuant \u00e0 l\u2019acc\u00e8s \u00e0 un logement abordable.<\/span><\/p>\n<\/div><div class=\"nav fusion-mobile-tab-nav\"><ul class=\"nav-tabs nav-justified\" role=\"tablist\" aria-orientation=\"horizontal\"><li  role=\"presentation\"><a class=\"tab-link\" data-toggle=\"tab\" role=\"tab\" aria-controls=\"tab-897db0bba74970555b4\" aria-selected=\"false\" tabindex=\"-1\" id=\"mobile-fusion-tab-897db0bba74970555b4\" href=\"#tab-897db0bba74970555b4\"><h4 class=\"fusion-tab-heading\">Sommaire<\/h4><\/a><\/li><\/ul><\/div><div class=\"tab-pane fade fusion-clearfix\" role=\"tabpanel\" tabindex=\"0\" aria-labelledby=\"fusion-tab-897db0bba74970555b4\" id=\"tab-897db0bba74970555b4\">\n<p><strong>SOMMAIRE<\/strong><\/p>\n<p><strong><span id=\"page1R_mcid22\" class=\"markedContent\"><span dir=\"ltr\" role=\"presentation\">Page 1 . ACTUALIT\u00c9S<\/span><\/span><\/strong><\/p>\n<p><strong><span id=\"page1R_mcid22\" class=\"markedContent\"><span dir=\"ltr\" role=\"presentation\">Page 2. OBSERVATION ET PLANIFICATION DES TERRITOIRES<br \/>\n<\/span><\/span><\/strong><\/p>\n<p><strong><span id=\"page1R_mcid22\" class=\"markedContent\"><span dir=\"ltr\" role=\"presentation\">Page 3. H\u00c9BERGEMENT ET ACC\u00c8S AU LOGEMENT<br \/>\n<\/span><\/span><\/strong><\/p>\n<p><strong><span id=\"page1R_mcid22\" class=\"markedContent\"><span dir=\"ltr\" role=\"presentation\">Page 5. AM\u00c9LIORATION DU CADRE DE VIE<br \/>\n<\/span><\/span><\/strong><\/p>\n<p><strong><span id=\"page1R_mcid22\" class=\"markedContent\"><span dir=\"ltr\" role=\"presentation\">Page 8. FINANCEMENT ET \u00c9CONOMIE DE L&rsquo;HABITAT<br \/>\n<\/span><\/span><\/strong><\/p>\n<p><strong><span id=\"page1R_mcid22\" class=\"markedContent\"><span dir=\"ltr\" role=\"presentation\">Page 9. INFORMATION SUR LE LOGEMENT<\/span><\/span><\/strong><\/p>\n<\/div><div class=\"nav fusion-mobile-tab-nav\"><ul class=\"nav-tabs nav-justified\" role=\"tablist\" aria-orientation=\"horizontal\"><li  role=\"presentation\"><a class=\"tab-link\" data-toggle=\"tab\" role=\"tab\" aria-controls=\"tab-90569cd70a26e3c91df\" aria-selected=\"false\" tabindex=\"-1\" id=\"mobile-fusion-tab-90569cd70a26e3c91df\" href=\"#tab-90569cd70a26e3c91df\"><h4 class=\"fusion-tab-heading\">D\u00e9tails<\/h4><\/a><\/li><\/ul><\/div><div class=\"tab-pane fade fusion-clearfix\" role=\"tabpanel\" tabindex=\"0\" aria-labelledby=\"fusion-tab-90569cd70a26e3c91df\" id=\"tab-90569cd70a26e3c91df\">\n<table style=\"border-collapse: collapse;width: 100%;height: 168px\">\n<tbody>\n<tr style=\"height: 24px\">\n<td style=\"width: 50%;height: 24px\"><strong>Titre<\/strong><\/td>\n<td style=\"width: 50%;height: 24px\">Info habitat n\u00b02 &#8211; La newsletter de la DHV<\/td>\n<\/tr>\n<tr style=\"height: 24px\">\n<td style=\"width: 50%;height: 24px\"><strong>Date de disponibilit\u00e9<\/strong><\/td>\n<td style=\"width: 50%;height: 24px\">Mardi 25\/04\/2023 &#8211; 13h00<\/td>\n<\/tr>\n<tr style=\"height: 24px\">\n<td style=\"width: 50%;height: 24px\"><strong>Nombre de pages<\/strong><\/td>\n<td style=\"width: 50%;height: 24px\">10 pages<\/td>\n<\/tr>\n<tr style=\"height: 24px\">\n<td style=\"width: 50%;height: 24px\"><strong>Date de parution<\/strong><\/td>\n<td style=\"width: 50%\">Mardi 25\/04\/2023 &#8211; 13h00<\/td>\n<\/tr>\n<tr style=\"height: 24px\">\n<td style=\"width: 50%;height: 24px\"><strong>Langue de la publication<\/strong><\/td>\n<td style=\"width: 50%;height: 24px\">Fran\u00e7ais<\/td>\n<\/tr>\n<tr style=\"height: 24px\">\n<td style=\"width: 50%;height: 24px\"><\/td>\n<td style=\"width: 50%;height: 24px\"><\/td>\n<\/tr>\n<tr style=\"height: 24px\">\n<td style=\"width: 50%;height: 24px\"><\/td>\n<td style=\"width: 50%;height: 24px\"><\/td>\n<\/tr>\n<\/tbody>\n<\/table>\n<\/div><\/div><\/div><\/div><\/div><\/div><\/div><\/div><\/div><\/div><\/p>\n","protected":false},"excerpt":{"rendered":"","protected":false},"author":258,"featured_media":0,"parent":3357,"menu_order":0,"comment_status":"closed","ping_status":"closed","template":"","meta":{"_seopress_robots_primary_cat":"","_seopress_titles_title":"","_seopress_titles_desc":"","_seopress_robots_index":"","footnotes":""},"class_list":["post-3636","page","type-page","status-publish","hentry"],"_links":{"self":[{"href":"https:\/\/www.service-public.pf\/dhv\/wp-json\/wp\/v2\/pages\/3636","targetHints":{"allow":["GET"]}}],"collection":[{"href":"https:\/\/www.service-public.pf\/dhv\/wp-json\/wp\/v2\/pages"}],"about":[{"href":"https:\/\/www.service-public.pf\/dhv\/wp-json\/wp\/v2\/types\/page"}],"author":[{"embeddable":true,"href":"https:\/\/www.service-public.pf\/dhv\/wp-json\/wp\/v2\/users\/258"}],"replies":[{"embeddable":true,"href":"https:\/\/www.service-public.pf\/dhv\/wp-json\/wp\/v2\/comments?post=3636"}],"version-history":[{"count":0,"href":"https:\/\/www.service-public.pf\/dhv\/wp-json\/wp\/v2\/pages\/3636\/revisions"}],"up":[{"embeddable":true,"href":"https:\/\/www.service-public.pf\/dhv\/wp-json\/wp\/v2\/pages\/3357"}],"wp:attachment":[{"href":"https:\/\/www.service-public.pf\/dhv\/wp-json\/wp\/v2\/media?parent=3636"}],"curies":[{"name":"wp","href":"https:\/\/api.w.org\/{rel}","templated":true}]}}