{"id":397,"date":"2022-05-24T21:48:14","date_gmt":"2022-05-24T19:48:14","guid":{"rendered":"https:\/\/www.service-public.pf\/dhv\/?page_id=397"},"modified":"2025-12-02T02:28:06","modified_gmt":"2025-12-02T01:28:06","slug":"nous-contacter","status":"publish","type":"page","link":"https:\/\/www.service-public.pf\/dhv\/nous-contacter\/","title":{"rendered":"Nous contacter"},"content":{"rendered":"<p><div class=\"fusion-fullwidth fullwidth-box fusion-builder-row-1 fusion-flex-container fusion-parallax-none nonhundred-percent-fullwidth non-hundred-percent-height-scrolling\" style=\"--awb-border-radius-top-left:0px;--awb-border-radius-top-right:0px;--awb-border-radius-bottom-right:0px;--awb-border-radius-bottom-left:0px;--awb-padding-top:7%;--awb-padding-right:5%;--awb-padding-bottom:5%;--awb-padding-left:15%;--awb-margin-top:60px;--awb-background-image:url(&quot;https:\/\/www.service-public.pf\/dhv\/wp-content\/uploads\/sites\/56\/2022\/07\/Head-image_Nous-contacter.png&quot;);--awb-background-size:cover;--awb-flex-wrap:wrap;\" ><div class=\"fusion-builder-row fusion-row fusion-flex-align-items-flex-start fusion-flex-content-wrap\" style=\"max-width:104%;margin-left: calc(-4% \/ 2 );margin-right: calc(-4% \/ 2 );\"><div class=\"fusion-layout-column fusion_builder_column fusion-builder-column-0 fusion_builder_column_1_1 1_1 fusion-flex-column fusion-flex-align-self-flex-start\" style=\"--awb-bg-position:center center;--awb-bg-size:cover;--awb-width-large:100%;--awb-margin-top-large:0px;--awb-spacing-right-large:0px;--awb-margin-bottom-large:0px;--awb-spacing-left-large:0px;--awb-width-medium:100%;--awb-order-medium:0;--awb-spacing-right-medium:0px;--awb-spacing-left-medium:0px;--awb-width-small:100%;--awb-order-small:0;--awb-spacing-right-small:1.92%;--awb-spacing-left-small:1.92%;\"><div class=\"fusion-column-wrapper fusion-column-has-shadow fusion-flex-justify-content-flex-start fusion-content-layout-column\"><div class=\"fusion-title title fusion-title-1 fusion-sep-none fusion-title-text fusion-title-size-one vct_title vct_title_uppercase\" style=\"--awb-text-color:#f95738;--awb-margin-right:5%;--awb-margin-bottom:40px;--awb-margin-top-small:10px;--awb-margin-right-small:0px;--awb-margin-bottom-small:10px;--awb-margin-left-small:0px;--awb-font-size:50px;\"><h1 class=\"fusion-title-heading title-heading-left\" style=\"margin:0;font-size:1em;\"><p><span style=\"color: #ffffff\">NOUS<\/span><strong><span style=\"color: #ffffff\"> CONTACTER<\/span><br \/>\n<\/strong><\/p><\/h1><\/div><\/div><\/div><\/div><\/div><div class=\"fusion-fullwidth fullwidth-box fusion-builder-row-2 fusion-flex-container fusion-parallax-none nonhundred-percent-fullwidth non-hundred-percent-height-scrolling\" style=\"--awb-border-color:#ededed;--awb-border-radius-top-left:0px;--awb-border-radius-top-right:0px;--awb-border-radius-bottom-right:0px;--awb-border-radius-bottom-left:0px;--awb-padding-top:20px;--awb-padding-right:10%;--awb-padding-bottom:30px;--awb-padding-left:10%;--awb-background-image:url(&quot;https:\/\/www.service-public.pf\/dhv\/wp-content\/uploads\/sites\/56\/2022\/08\/BACK-GROUND1-3.png&quot;);--awb-background-size:cover;--awb-flex-wrap:wrap;--awb-box-shadow:1px 2px 5px 5px rgba(0,0,0,0.3);\" ><div class=\"fusion-builder-row fusion-row fusion-flex-align-items-center fusion-flex-justify-content-center fusion-flex-content-wrap\" style=\"max-width:104%;margin-left: calc(-4% \/ 2 );margin-right: calc(-4% \/ 2 );\"><div class=\"fusion-layout-column fusion_builder_column fusion-builder-column-1 fusion_builder_column_1_2 1_2 fusion-flex-column vct_column_form\" style=\"--awb-padding-top:10px;--awb-padding-right:10%;--awb-padding-bottom:10px;--awb-padding-left:10%;--awb-overflow:hidden;--awb-bg-color:#94c124;--awb-bg-color-hover:#94c124;--awb-bg-size:cover;--awb-border-radius:40px 40px 40px 40px;--awb-width-large:50%;--awb-margin-top-large:13%;--awb-spacing-right-large:9.6%;--awb-margin-bottom-large:20px;--awb-spacing-left-large:3.84%;--awb-width-medium:50%;--awb-order-medium:0;--awb-spacing-right-medium:9.6%;--awb-spacing-left-medium:3.84%;--awb-width-small:100%;--awb-order-small:0;--awb-spacing-right-small:1.92%;--awb-spacing-left-small:1.92%;\"><div class=\"fusion-column-wrapper fusion-column-has-shadow fusion-flex-justify-content-flex-start fusion-content-layout-column\"><div class=\"fusion-text fusion-text-1\"><p><span style=\"color: #000000\">Tel. 40 54 49 20<\/span><\/p>\n<p><span style=\"color: #000000\"><a style=\"color: #000000\" href=\"secretariat.dhv@administration.gov.pf\">secretariat.dhv@administration.gov.pf<\/a><\/span><\/p>\n<p><span style=\"text-decoration: underline;color: #000000\"><strong>Horaires d&rsquo;ouverture au public :<\/strong> <\/span><\/p>\n<p><span style=\"color: #000000\">Du lundi au vendredi\u00a0 de 07h30 \u00e0 12h00 &#8211; Sans rendez-vous<\/span><\/p>\n<p><strong><span style=\"color: #000000\">D\u00e9l\u00e9gation \u00e0 l&rsquo;habitat et \u00e0 la ville<\/span><\/strong><\/p>\n<p><span style=\"color: #000000\">Rue Lagarde &#8211; Immeuble BREA, 3\u00e8me \u00e9tage<\/span><\/p>\n<p><span style=\"color: #000000\">BP 2551 &#8211; <\/span><span style=\"color: #000000\">98713 Papeete, Tahiti<\/span><\/p>\n<\/div><\/div><\/div><div class=\"fusion-layout-column fusion_builder_column fusion-builder-column-2 fusion_builder_column_1_2 1_2 fusion-flex-column\" style=\"--awb-overflow:hidden;--awb-bg-color:#f4d45f;--awb-bg-color-hover:#f4d45f;--awb-bg-size:cover;--awb-border-color:#f9b122;--awb-border-top:4px;--awb-border-right:4px;--awb-border-bottom:4px;--awb-border-left:4px;--awb-border-style:solid;--awb-border-radius:40px 40px 40px 40px;--awb-width-large:50%;--awb-margin-top-large:13%;--awb-spacing-right-large:3.84%;--awb-margin-bottom-large:20px;--awb-spacing-left-large:9.6%;--awb-width-medium:50%;--awb-order-medium:0;--awb-spacing-right-medium:3.84%;--awb-spacing-left-medium:9.6%;--awb-width-small:100%;--awb-order-small:0;--awb-spacing-right-small:1.92%;--awb-spacing-left-small:1.92%;\"><div class=\"fusion-column-wrapper fusion-column-has-shadow fusion-flex-justify-content-flex-start fusion-content-layout-column\"><div class=\"awb-image-hotspots awb-image-hotspots-1\"><div class=\"awb-image-hotspots-wrapper\"><img decoding=\"async\" src=\"https:\/\/www.service-public.pf\/dhv\/wp-content\/uploads\/sites\/56\/2022\/08\/1Capture.png\" alt=\"1Capture\" width=\"869\" height=\"355\" title=\"1Capture\" class=\"awb-image-hotspots-image wp-image-2108\" srcset=\"https:\/\/www.service-public.pf\/dhv\/wp-content\/uploads\/sites\/56\/2022\/08\/1Capture-200x82.png 200w, https:\/\/www.service-public.pf\/dhv\/wp-content\/uploads\/sites\/56\/2022\/08\/1Capture-300x123.png 300w, https:\/\/www.service-public.pf\/dhv\/wp-content\/uploads\/sites\/56\/2022\/08\/1Capture-400x163.png 400w, https:\/\/www.service-public.pf\/dhv\/wp-content\/uploads\/sites\/56\/2022\/08\/1Capture-600x245.png 600w, https:\/\/www.service-public.pf\/dhv\/wp-content\/uploads\/sites\/56\/2022\/08\/1Capture-669x272.png 669w, https:\/\/www.service-public.pf\/dhv\/wp-content\/uploads\/sites\/56\/2022\/08\/1Capture-768x314.png 768w, https:\/\/www.service-public.pf\/dhv\/wp-content\/uploads\/sites\/56\/2022\/08\/1Capture-800x327.png 800w, https:\/\/www.service-public.pf\/dhv\/wp-content\/uploads\/sites\/56\/2022\/08\/1Capture.png 869w\" sizes=\"(max-width: 869px) 100vw, 869px\"\/><a style=\"--awb-pos-x:25%;--awb-pos-y:25%;\" class=\"awb-image-hotspots-hotspot awb-image-hotspots-hotspot-1\" role=\"button\" tabindex=\"0\" data-awb-toggle-image-hotspot-popover=\"true\" data-trigger=\"hover focus\" data-placement=\"auto\"> <\/a><\/div><\/div><\/div><\/div><\/div><\/div><div class=\"fusion-fullwidth fullwidth-box fusion-builder-row-3 fusion-flex-container fusion-parallax-none nonhundred-percent-fullwidth non-hundred-percent-height-scrolling\" style=\"--awb-border-radius-top-left:0px;--awb-border-radius-top-right:0px;--awb-border-radius-bottom-right:0px;--awb-border-radius-bottom-left:0px;--awb-padding-right:10%;--awb-padding-left:10%;--awb-background-image:url(&quot;https:\/\/www.service-public.pf\/dhv\/wp-content\/uploads\/sites\/56\/2022\/07\/r.png&quot;);--awb-background-size:cover;--awb-flex-wrap:wrap;--awb-box-shadow:1px 2px 5px 5px rgba(0,0,0,0.3);\" ><div class=\"fusion-builder-row fusion-row fusion-flex-align-items-center fusion-flex-justify-content-center fusion-flex-content-wrap\" style=\"max-width:104%;margin-left: calc(-4% \/ 2 );margin-right: calc(-4% \/ 2 );\"><div class=\"fusion-layout-column fusion_builder_column fusion-builder-column-3 fusion_builder_column_3_5 3_5 fusion-flex-column vct_column_form\" style=\"--awb-bg-size:cover;--awb-width-large:60%;--awb-margin-top-large:5%;--awb-spacing-right-large:8%;--awb-margin-bottom-large:20px;--awb-spacing-left-large:3.2%;--awb-width-medium:60%;--awb-order-medium:0;--awb-spacing-right-medium:8%;--awb-spacing-left-medium:3.2%;--awb-width-small:100%;--awb-order-small:0;--awb-spacing-right-small:1.92%;--awb-spacing-left-small:1.92%;\"><div class=\"fusion-column-wrapper fusion-column-has-shadow fusion-flex-justify-content-flex-start fusion-content-layout-column\"><div class=\"fusion-builder-row fusion-builder-row-inner fusion-row fusion-flex-align-items-center fusion-flex-justify-content-center fusion-flex-content-wrap\" style=\"--awb-flex-grow:0;--awb-flex-grow-medium:0;--awb-flex-grow-small:0;--awb-flex-shrink:0;--awb-flex-shrink-medium:0;--awb-flex-shrink-small:0;width:104% !important;max-width:104% !important;margin-left: calc(-4% \/ 2 );margin-right: calc(-4% \/ 2 );\"><div class=\"fusion-layout-column fusion_builder_column_inner fusion-builder-nested-column-0 fusion_builder_column_inner_1_1 1_1 fusion-flex-column\" style=\"--awb-padding-top:50px;--awb-padding-right:10%;--awb-padding-bottom:50px;--awb-padding-left:9%;--awb-overflow:hidden;--awb-bg-color:#94c124;--awb-bg-color-hover:#94c124;--awb-bg-size:cover;--awb-border-radius:40px 40px 40px 40px;--awb-width-large:100%;--awb-margin-top-large:0px;--awb-spacing-right-large:1.92%;--awb-margin-bottom-large:0px;--awb-spacing-left-large:1.92%;--awb-width-medium:100%;--awb-order-medium:0;--awb-spacing-right-medium:1.92%;--awb-spacing-left-medium:1.92%;--awb-width-small:100%;--awb-order-small:0;--awb-spacing-right-small:1.92%;--awb-spacing-left-small:1.92%;\" data-scroll-devices=\"small-visibility,medium-visibility,large-visibility\"><div class=\"fusion-column-wrapper fusion-column-has-shadow fusion-flex-justify-content-flex-start fusion-content-layout-column\"><\/div><\/div><\/div><\/div><\/div><div class=\"fusion-layout-column fusion_builder_column fusion-builder-column-4 fusion_builder_column_2_5 2_5 fusion-flex-column\" style=\"--awb-bg-size:cover;--awb-width-large:40%;--awb-margin-top-large:0px;--awb-spacing-right-large:4.8%;--awb-margin-bottom-large:20px;--awb-spacing-left-large:4.8%;--awb-width-medium:40%;--awb-order-medium:0;--awb-spacing-right-medium:4.8%;--awb-spacing-left-medium:4.8%;--awb-width-small:100%;--awb-order-small:0;--awb-spacing-right-small:1.92%;--awb-spacing-left-small:1.92%;\"><div class=\"fusion-column-wrapper fusion-column-has-shadow fusion-flex-justify-content-flex-start fusion-content-layout-column\"><div class=\"fusion-text fusion-text-2 fusion-text-no-margin\" style=\"--awb-font-size:28px;--awb-text-transform:uppercase;--awb-text-color:#e94f35;--awb-margin-bottom:30%;\"><p>Tu peux nous poser tes questions <strong><em>via ce formulaire<\/em><\/strong>, et nous y r\u00e9pondrons.<\/p>\n<\/div><\/div><\/div><\/div><\/div><\/p>\n","protected":false},"excerpt":{"rendered":"","protected":false},"author":407,"featured_media":0,"parent":0,"menu_order":0,"comment_status":"closed","ping_status":"closed","template":"","meta":{"_seopress_robots_primary_cat":"","_seopress_titles_title":"","_seopress_titles_desc":"","_seopress_robots_index":"","footnotes":""},"class_list":["post-397","page","type-page","status-publish","hentry"],"_links":{"self":[{"href":"https:\/\/www.service-public.pf\/dhv\/wp-json\/wp\/v2\/pages\/397","targetHints":{"allow":["GET"]}}],"collection":[{"href":"https:\/\/www.service-public.pf\/dhv\/wp-json\/wp\/v2\/pages"}],"about":[{"href":"https:\/\/www.service-public.pf\/dhv\/wp-json\/wp\/v2\/types\/page"}],"author":[{"embeddable":true,"href":"https:\/\/www.service-public.pf\/dhv\/wp-json\/wp\/v2\/users\/407"}],"replies":[{"embeddable":true,"href":"https:\/\/www.service-public.pf\/dhv\/wp-json\/wp\/v2\/comments?post=397"}],"version-history":[{"count":7,"href":"https:\/\/www.service-public.pf\/dhv\/wp-json\/wp\/v2\/pages\/397\/revisions"}],"predecessor-version":[{"id":5897,"href":"https:\/\/www.service-public.pf\/dhv\/wp-json\/wp\/v2\/pages\/397\/revisions\/5897"}],"wp:attachment":[{"href":"https:\/\/www.service-public.pf\/dhv\/wp-json\/wp\/v2\/media?parent=397"}],"curies":[{"name":"wp","href":"https:\/\/api.w.org\/{rel}","templated":true}]}}