{"id":4444,"date":"2024-11-04T08:00:45","date_gmt":"2024-11-04T07:00:45","guid":{"rendered":"https:\/\/www.service-public.pf\/dhv\/?page_id=4444"},"modified":"2025-12-02T02:26:08","modified_gmt":"2025-12-02T01:26:08","slug":"guide-qualite-de-lhabitat-polynesien","status":"publish","type":"page","link":"https:\/\/www.service-public.pf\/dhv\/guide-qualite-de-lhabitat-polynesien\/","title":{"rendered":"Guide qualit\u00e9"},"content":{"rendered":"<div class=\"fusion-fullwidth fullwidth-box fusion-builder-row-1 fusion-flex-container has-pattern-background has-mask-background nonhundred-percent-fullwidth non-hundred-percent-height-scrolling fusion-custom-z-index\" style=\"--awb-border-radius-top-left:0px;--awb-border-radius-top-right:0px;--awb-border-radius-bottom-right:0px;--awb-border-radius-bottom-left:0px;--awb-z-index:99;--awb-padding-top:2%;--awb-padding-right:15%;--awb-padding-bottom:20px;--awb-padding-left:15%;--awb-margin-top:110px;--awb-flex-wrap:wrap;\" ><div class=\"fusion-builder-row fusion-row fusion-flex-align-items-flex-start fusion-flex-justify-content-center fusion-flex-content-wrap\" style=\"max-width:104%;margin-left: calc(-4% \/ 2 );margin-right: calc(-4% \/ 2 );\"><div class=\"fusion-layout-column fusion_builder_column fusion-builder-column-0 fusion_builder_column_1_3 1_3 fusion-flex-column\" style=\"--awb-bg-size:cover;--awb-width-large:33.333333333333%;--awb-margin-top-large:0px;--awb-spacing-right-large:5.76%;--awb-margin-bottom-large:20px;--awb-spacing-left-large:5.76%;--awb-width-medium:33.333333333333%;--awb-order-medium:0;--awb-spacing-right-medium:5.76%;--awb-spacing-left-medium:5.76%;--awb-width-small:100%;--awb-order-small:0;--awb-spacing-right-small:1.92%;--awb-spacing-left-small:1.92%;\"><div class=\"fusion-column-wrapper fusion-column-has-shadow fusion-flex-justify-content-flex-start fusion-content-layout-column\"><\/div><\/div><div class=\"fusion-layout-column fusion_builder_column fusion-builder-column-1 fusion_builder_column_1_3 1_3 fusion-flex-column\" style=\"--awb-padding-bottom:2%;--awb-bg-size:cover;--awb-width-large:33.333333333333%;--awb-margin-top-large:0px;--awb-spacing-right-large:5.76%;--awb-margin-bottom-large:20px;--awb-spacing-left-large:5.76%;--awb-width-medium:33.333333333333%;--awb-order-medium:0;--awb-spacing-right-medium:5.76%;--awb-spacing-left-medium:5.76%;--awb-width-small:100%;--awb-order-small:0;--awb-spacing-right-small:1.92%;--awb-spacing-left-small:1.92%;\" data-scroll-devices=\"small-visibility,medium-visibility,large-visibility\"><div class=\"fusion-column-wrapper fusion-column-has-shadow fusion-flex-justify-content-flex-start fusion-content-layout-column\"><div class=\"fusion-image-element \" style=\"text-align:center;--awb-caption-title-font-family:var(--h2_typography-font-family);--awb-caption-title-font-weight:var(--h2_typography-font-weight);--awb-caption-title-font-style:var(--h2_typography-font-style);--awb-caption-title-size:var(--h2_typography-font-size);--awb-caption-title-transform:var(--h2_typography-text-transform);--awb-caption-title-line-height:var(--h2_typography-line-height);--awb-caption-title-letter-spacing:var(--h2_typography-letter-spacing);\"><span class=\" fusion-imageframe imageframe-dropshadow imageframe-1 hover-type-none\" style=\"-webkit-box-shadow: 3px 3px 7px rgba(153,153,153,0.58);box-shadow: 3px 3px 7px rgba(153,153,153,0.58);\"><img decoding=\"async\" width=\"300\" height=\"300\" title=\"Logo GQHP fond bleu et frise-18\" src=\"https:\/\/www.service-public.pf\/dhv\/wp-content\/uploads\/sites\/56\/2024\/08\/Logo-GQHP-fond-bleu-et-frise-18-300x300.png\" alt class=\"img-responsive wp-image-4718\" srcset=\"https:\/\/www.service-public.pf\/dhv\/wp-content\/uploads\/sites\/56\/2024\/08\/Logo-GQHP-fond-bleu-et-frise-18-200x200.png 200w, https:\/\/www.service-public.pf\/dhv\/wp-content\/uploads\/sites\/56\/2024\/08\/Logo-GQHP-fond-bleu-et-frise-18-400x400.png 400w, https:\/\/www.service-public.pf\/dhv\/wp-content\/uploads\/sites\/56\/2024\/08\/Logo-GQHP-fond-bleu-et-frise-18-600x600.png 600w, https:\/\/www.service-public.pf\/dhv\/wp-content\/uploads\/sites\/56\/2024\/08\/Logo-GQHP-fond-bleu-et-frise-18-800x800.png 800w, https:\/\/www.service-public.pf\/dhv\/wp-content\/uploads\/sites\/56\/2024\/08\/Logo-GQHP-fond-bleu-et-frise-18.png 1068w\" sizes=\"(max-width: 640px) 100vw, 600px\" \/><\/span><\/div><\/div><\/div><div class=\"fusion-layout-column fusion_builder_column fusion-builder-column-2 fusion_builder_column_1_3 1_3 fusion-flex-column\" style=\"--awb-bg-size:cover;--awb-width-large:33.333333333333%;--awb-margin-top-large:0px;--awb-spacing-right-large:5.76%;--awb-margin-bottom-large:20px;--awb-spacing-left-large:5.76%;--awb-width-medium:33.333333333333%;--awb-order-medium:0;--awb-spacing-right-medium:5.76%;--awb-spacing-left-medium:5.76%;--awb-width-small:100%;--awb-order-small:0;--awb-spacing-right-small:1.92%;--awb-spacing-left-small:1.92%;\"><div class=\"fusion-column-wrapper fusion-column-has-shadow fusion-flex-justify-content-flex-start fusion-content-layout-column\"><\/div><\/div><div class=\"fusion-layout-column fusion_builder_column fusion-builder-column-3 fusion_builder_column_1_1 1_1 fusion-flex-column\" style=\"--awb-bg-size:cover;--awb-width-large:100%;--awb-margin-top-large:0px;--awb-spacing-right-large:1.92%;--awb-margin-bottom-large:20px;--awb-spacing-left-large:1.92%;--awb-width-medium:100%;--awb-order-medium:0;--awb-spacing-right-medium:1.92%;--awb-spacing-left-medium:1.92%;--awb-width-small:100%;--awb-order-small:0;--awb-spacing-right-small:1.92%;--awb-spacing-left-small:1.92%;\"><div class=\"fusion-column-wrapper fusion-column-has-shadow fusion-flex-justify-content-flex-start fusion-content-layout-column\"><div class=\"fusion-text fusion-text-1\"><p style=\"text-align: center\"><span style=\"font-size: 14pt\"><strong><em>&lsquo;Ia ora na !<\/em> <\/strong><\/span><\/p>\n<p>Merci \u00e0 l&rsquo;ensemble des participants pour le temps et l&rsquo;attention que vous avez accord\u00e9 \u00e0 l&rsquo;enqu\u00eate \u00ab\u00a0Qualit\u00e9 de l&rsquo;habitat polyn\u00e9sien\u00a0\u00bb. Gr\u00e2ce \u00e0 vos contributions, nous avons pu recueillir des informations pr\u00e9cieuses qui nous permettront de mieux comprendre vos attentes.<\/p>\n<p>L&rsquo;enqu\u00eate est maintenant cl\u00f4tur\u00e9e et notre \u00e9quipe travaille \u00e0 analyser les r\u00e9sultats pour construire le guide qualit\u00e9 de l&rsquo;habitat polyn\u00e9sien. Nous partagerons bient\u00f4t la suite du projet sur cette page, alors restez connect\u00e9s !<\/p>\n<p style=\"text-align: center\"><strong>\u00c0 tr\u00e8s bient\u00f4t !<\/strong><\/p>\n<\/div><\/div><\/div><\/div><\/div>\n","protected":false},"excerpt":{"rendered":"","protected":false},"author":258,"featured_media":4716,"parent":0,"menu_order":0,"comment_status":"closed","ping_status":"closed","template":"","meta":{"_seopress_robots_primary_cat":"","_seopress_titles_title":"","_seopress_titles_desc":"","_seopress_robots_index":"","footnotes":""},"class_list":["post-4444","page","type-page","status-publish","has-post-thumbnail","hentry"],"_links":{"self":[{"href":"https:\/\/www.service-public.pf\/dhv\/wp-json\/wp\/v2\/pages\/4444","targetHints":{"allow":["GET"]}}],"collection":[{"href":"https:\/\/www.service-public.pf\/dhv\/wp-json\/wp\/v2\/pages"}],"about":[{"href":"https:\/\/www.service-public.pf\/dhv\/wp-json\/wp\/v2\/types\/page"}],"author":[{"embeddable":true,"href":"https:\/\/www.service-public.pf\/dhv\/wp-json\/wp\/v2\/users\/258"}],"replies":[{"embeddable":true,"href":"https:\/\/www.service-public.pf\/dhv\/wp-json\/wp\/v2\/comments?post=4444"}],"version-history":[{"count":77,"href":"https:\/\/www.service-public.pf\/dhv\/wp-json\/wp\/v2\/pages\/4444\/revisions"}],"predecessor-version":[{"id":5941,"href":"https:\/\/www.service-public.pf\/dhv\/wp-json\/wp\/v2\/pages\/4444\/revisions\/5941"}],"wp:featuredmedia":[{"embeddable":true,"href":"https:\/\/www.service-public.pf\/dhv\/wp-json\/wp\/v2\/media\/4716"}],"wp:attachment":[{"href":"https:\/\/www.service-public.pf\/dhv\/wp-json\/wp\/v2\/media?parent=4444"}],"curies":[{"name":"wp","href":"https:\/\/api.w.org\/{rel}","templated":true}]}}