{"id":4673,"date":"2024-09-04T01:33:55","date_gmt":"2024-09-03T23:33:55","guid":{"rendered":"https:\/\/www.service-public.pf\/dhv\/?page_id=4673"},"modified":"2025-10-16T21:21:13","modified_gmt":"2025-10-16T19:21:13","slug":"la-cite-universitaire","status":"publish","type":"page","link":"https:\/\/www.service-public.pf\/dhv\/guides-des-aides-au-logement\/etudiants\/les-aides-de-lupf\/la-cite-universitaire\/","title":{"rendered":"La Cit\u00e9 Universitaire"},"content":{"rendered":"<p><div class=\"fusion-fullwidth fullwidth-box fusion-builder-row-1 fusion-flex-container fusion-parallax-none nonhundred-percent-fullwidth non-hundred-percent-height-scrolling\" style=\"--awb-border-radius-top-left:0px;--awb-border-radius-top-right:0px;--awb-border-radius-bottom-right:0px;--awb-border-radius-bottom-left:0px;--awb-padding-top:7%;--awb-padding-right:5%;--awb-padding-bottom:5%;--awb-padding-left:15%;--awb-background-image:url(&quot;https:\/\/www.service-public.pf\/dhv\/wp-content\/uploads\/sites\/56\/2024\/07\/En-tete-onglet-Site-internet1.png&quot;);--awb-background-size:cover;--awb-flex-wrap:wrap;\" ><div class=\"fusion-builder-row fusion-row fusion-flex-align-items-center fusion-flex-justify-content-center fusion-flex-content-wrap\" style=\"max-width:104%;margin-left: calc(-4% \/ 2 );margin-right: calc(-4% \/ 2 );\"><div class=\"fusion-layout-column fusion_builder_column fusion-builder-column-0 fusion_builder_column_1_1 1_1 fusion-flex-column\" style=\"--awb-bg-size:cover;--awb-width-large:100%;--awb-margin-top-large:0px;--awb-spacing-right-large:0px;--awb-margin-bottom-large:0px;--awb-spacing-left-large:0px;--awb-width-medium:100%;--awb-order-medium:0;--awb-spacing-right-medium:0px;--awb-spacing-left-medium:0px;--awb-width-small:100%;--awb-order-small:0;--awb-spacing-right-small:1.92%;--awb-spacing-left-small:1.92%;\"><div class=\"fusion-column-wrapper fusion-column-has-shadow fusion-flex-justify-content-flex-start fusion-content-layout-column\"><div class=\"fusion-title title fusion-title-1 fusion-sep-none fusion-title-text fusion-title-size-one vct_title vct_title_uppercase\" style=\"--awb-text-color:#f95738;--awb-margin-right:5%;--awb-margin-bottom:40px;--awb-margin-top-small:10px;--awb-margin-right-small:0px;--awb-margin-bottom-small:10px;--awb-margin-left-small:0px;--awb-font-size:50px;\"><h1 class=\"fusion-title-heading title-heading-left\" style=\"margin:0;font-size:1em;\"><p><span style=\"color: #5f4b8b\"><strong>La Cit\u00e9 Universitaire<\/strong><\/span><strong><br \/>\n<\/strong><\/p><\/h1><\/div><\/div><\/div><\/div><\/div><div class=\"fusion-fullwidth fullwidth-box fusion-builder-row-2 fusion-flex-container has-pattern-background has-mask-background fusion-parallax-none nonhundred-percent-fullwidth non-hundred-percent-height-scrolling fusion-custom-z-index\" style=\"--awb-border-radius-top-left:0px;--awb-border-radius-top-right:0px;--awb-border-radius-bottom-right:0px;--awb-border-radius-bottom-left:0px;--awb-z-index:99;--awb-padding-top:30px;--awb-padding-right:5%;--awb-padding-left:7%;--awb-background-color:#f5f5f5;--awb-background-image:url(&quot;https:\/\/www.service-public.pf\/dhv\/wp-content\/uploads\/sites\/56\/2024\/07\/BACK-GROUND-WEBSITE-DHV2.png&quot;);--awb-background-size:cover;--awb-flex-wrap:wrap;--awb-box-shadow: 5px 5px 5px rgba(0,0,0,0.3);\" ><div class=\"fusion-builder-row fusion-row fusion-flex-align-items-flex-start fusion-flex-content-wrap\" style=\"max-width:104%;margin-left: calc(-4% \/ 2 );margin-right: calc(-4% \/ 2 );\"><div class=\"fusion-layout-column fusion_builder_column fusion-builder-column-1 fusion_builder_column_1_1 1_1 fusion-flex-column\" style=\"--awb-bg-size:cover;--awb-width-large:100%;--awb-margin-top-large:1%;--awb-spacing-right-large:1.92%;--awb-margin-bottom-large:-1%;--awb-spacing-left-large:1.92%;--awb-width-medium:100%;--awb-order-medium:0;--awb-spacing-right-medium:1.92%;--awb-spacing-left-medium:1.92%;--awb-width-small:100%;--awb-order-small:0;--awb-spacing-right-small:1.92%;--awb-spacing-left-small:1.92%;\"><div class=\"fusion-column-wrapper fusion-column-has-shadow fusion-flex-justify-content-flex-start fusion-content-layout-column\"><nav class=\"fusion-breadcrumbs fusion-breadcrumbs-1 vct_breadcrumbs\" style=\"--awb-margin-bottom:2%;--awb-text-hover-color:#f95738;--awb-breadcrumb-sep:&#039;&gt;&#039;;\" aria-label=\"Breadcrumb\"><ol class=\"awb-breadcrumb-list\"><li class=\"fusion-breadcrumb-item awb-breadcrumb-sep awb-home\" ><a href=\"https:\/\/www.service-public.pf\/dhv\" class=\"fusion-breadcrumb-link\"><span >Home<\/span><\/a><\/li><\/ol><\/nav><\/div><\/div><div class=\"fusion-layout-column fusion_builder_column fusion-builder-column-2 fusion_builder_column_3_4 3_4 fusion-flex-column vct_flex_container_form\" style=\"--awb-padding-top:30px;--awb-padding-right:30px;--awb-padding-bottom:30px;--awb-padding-left:30px;--awb-bg-color:#ffffff;--awb-bg-color-hover:#ffffff;--awb-bg-size:cover;--awb-box-shadow:1px 2px 5px 0px rgba(0,0,0,0.3);;--awb-width-large:75%;--awb-margin-top-large:0px;--awb-spacing-right-large:2.56%;--awb-margin-bottom-large:20px;--awb-spacing-left-large:2.56%;--awb-width-medium:75%;--awb-order-medium:0;--awb-spacing-right-medium:2.56%;--awb-spacing-left-medium:2.56%;--awb-width-small:100%;--awb-order-small:0;--awb-spacing-right-small:1.92%;--awb-spacing-left-small:1.92%;\"><div class=\"fusion-column-wrapper fusion-column-has-shadow fusion-flex-justify-content-flex-start fusion-content-layout-column\"><div class=\"fusion-builder-row fusion-builder-row-inner fusion-row fusion-flex-align-items-flex-start fusion-flex-content-wrap\" style=\"--awb-flex-grow:0;--awb-flex-grow-medium:0;--awb-flex-grow-small:0;--awb-flex-shrink:0;--awb-flex-shrink-medium:0;--awb-flex-shrink-small:0;width:104% !important;max-width:104% !important;margin-left: calc(-4% \/ 2 );margin-right: calc(-4% \/ 2 );\"><div class=\"fusion-layout-column fusion_builder_column_inner fusion-builder-nested-column-0 fusion_builder_column_inner_1_1 1_1 fusion-flex-column\" style=\"--awb-bg-color:#ffffff;--awb-bg-color-hover:#ffffff;--awb-bg-size:cover;--awb-width-large:100%;--awb-margin-top-large:0px;--awb-spacing-right-large:1.92%;--awb-margin-bottom-large:20px;--awb-spacing-left-large:1.92%;--awb-width-medium:100%;--awb-order-medium:0;--awb-spacing-right-medium:1.92%;--awb-spacing-left-medium:1.92%;--awb-width-small:100%;--awb-order-small:0;--awb-spacing-right-small:1.92%;--awb-spacing-left-small:1.92%;\"><div class=\"fusion-column-wrapper fusion-column-has-shadow fusion-flex-justify-content-flex-start fusion-content-layout-column\"><div class=\"fusion-text fusion-text-1\"><p>La Cit\u00e9 universitaire, situ\u00e9e sur le campus de l\u2019Universit\u00e9 de la Polyn\u00e9sie fran\u00e7aise (UPF), propose des logements \u00e0 prix abordable pour les \u00e9tudiants de l\u2019UPF pour toute la dur\u00e9e de l\u2019ann\u00e9e universitaire.<\/p>\n<p>La Cit\u00e9 universitaire est compos\u00e9e de 72 chambres individuelles. Chaque chambre comprend une salle de bain avec des toilettes, un lit, une \u00e9tag\u00e8re, un bureau, une lampe de bureau et un r\u00e9frig\u00e9rateur.<\/p>\n<p>Les chambres sont r\u00e9parties sur 12 b\u00e2timents s\u00e9par\u00e9s en deux ensembles. Chaque ensemble de logements dispose d\u2019\u00e9quipements en communs : une buanderie, une cuisine avec fours, micro-ondes et cong\u00e9lateurs.<\/p>\n<p><img decoding=\"async\" class=\"alignnone wp-image-4683 \" src=\"https:\/\/www.service-public.pf\/dhv\/wp-content\/uploads\/sites\/56\/2024\/07\/Cite-U-UPF-.jpeg\" alt=\"\" width=\"417\" height=\"320\" srcset=\"https:\/\/www.service-public.pf\/dhv\/wp-content\/uploads\/sites\/56\/2024\/07\/Cite-U-UPF--200x154.jpeg 200w, https:\/\/www.service-public.pf\/dhv\/wp-content\/uploads\/sites\/56\/2024\/07\/Cite-U-UPF--300x230.jpeg 300w, https:\/\/www.service-public.pf\/dhv\/wp-content\/uploads\/sites\/56\/2024\/07\/Cite-U-UPF--400x307.jpeg 400w, https:\/\/www.service-public.pf\/dhv\/wp-content\/uploads\/sites\/56\/2024\/07\/Cite-U-UPF--600x461.jpeg 600w, https:\/\/www.service-public.pf\/dhv\/wp-content\/uploads\/sites\/56\/2024\/07\/Cite-U-UPF--768x589.jpeg 768w, https:\/\/www.service-public.pf\/dhv\/wp-content\/uploads\/sites\/56\/2024\/07\/Cite-U-UPF-.jpeg 800w\" sizes=\"(max-width: 417px) 100vw, 417px\" \/> \u00a0 \u00a0 <img decoding=\"async\" class=\"alignnone wp-image-4684 \" src=\"https:\/\/www.service-public.pf\/dhv\/wp-content\/uploads\/sites\/56\/2024\/07\/64094350-46053363.png\" alt=\"\" width=\"610\" height=\"320\" srcset=\"https:\/\/www.service-public.pf\/dhv\/wp-content\/uploads\/sites\/56\/2024\/07\/64094350-46053363-200x105.png 200w, https:\/\/www.service-public.pf\/dhv\/wp-content\/uploads\/sites\/56\/2024\/07\/64094350-46053363-300x157.png 300w, https:\/\/www.service-public.pf\/dhv\/wp-content\/uploads\/sites\/56\/2024\/07\/64094350-46053363-400x210.png 400w, https:\/\/www.service-public.pf\/dhv\/wp-content\/uploads\/sites\/56\/2024\/07\/64094350-46053363-600x315.png 600w, https:\/\/www.service-public.pf\/dhv\/wp-content\/uploads\/sites\/56\/2024\/07\/64094350-46053363-768x403.png 768w, https:\/\/www.service-public.pf\/dhv\/wp-content\/uploads\/sites\/56\/2024\/07\/64094350-46053363-800x420.png 800w, https:\/\/www.service-public.pf\/dhv\/wp-content\/uploads\/sites\/56\/2024\/07\/64094350-46053363.png 964w\" sizes=\"(max-width: 610px) 100vw, 610px\" \/><\/p>\n<\/div><\/div><\/div><div class=\"fusion-layout-column fusion_builder_column_inner fusion-builder-nested-column-1 fusion_builder_column_inner_1_1 1_1 fusion-flex-column\" style=\"--awb-bg-color:#ffffff;--awb-bg-color-hover:#ffffff;--awb-bg-size:cover;--awb-width-large:100%;--awb-margin-top-large:0px;--awb-spacing-right-large:1.92%;--awb-margin-bottom-large:20px;--awb-spacing-left-large:1.92%;--awb-width-medium:100%;--awb-order-medium:0;--awb-spacing-right-medium:1.92%;--awb-spacing-left-medium:1.92%;--awb-width-small:100%;--awb-order-small:0;--awb-spacing-right-small:1.92%;--awb-spacing-left-small:1.92%;\"><div class=\"fusion-column-wrapper fusion-column-has-shadow fusion-flex-justify-content-flex-start fusion-content-layout-column\"><div class=\"accordian fusion-accordian\" style=\"--awb-border-size:1px;--awb-icon-size:16px;--awb-content-font-size:16px;--awb-icon-alignment:left;--awb-hover-color:#f9f9fb;--awb-border-color:#e2e2e2;--awb-background-color:#ffffff;--awb-divider-color:#5f4b8b;--awb-divider-hover-color:#e2e2e2;--awb-icon-color:#ffffff;--awb-title-color:#212934;--awb-content-color:#4a4e57;--awb-icon-box-color:#212934;--awb-toggle-hover-accent-color:#3a4f41;--awb-toggle-active-accent-color:#3a4f41;--awb-title-font-family:&quot;Roboto&quot;;--awb-title-font-weight:400;--awb-title-font-style:normal;--awb-content-font-family:&quot;Open Sans&quot;;--awb-content-font-style:normal;--awb-content-font-weight:400;\"><div class=\"panel-group fusion-toggle-icon-boxed\" id=\"accordion-4673-1\"><div class=\"fusion-panel panel-default panel-c03ee926f35ffe8cd fusion-toggle-has-divider\" style=\"--awb-title-color:#212934;--awb-content-color:#4a4e57;\"><div class=\"panel-heading\"><h4 class=\"panel-title toggle\" id=\"toggle_c03ee926f35ffe8cd\"><a aria-expanded=\"false\" aria-controls=\"c03ee926f35ffe8cd\" role=\"button\" data-toggle=\"collapse\" data-target=\"#c03ee926f35ffe8cd\" href=\"#c03ee926f35ffe8cd\"><span class=\"fusion-toggle-icon-wrapper\" aria-hidden=\"true\"><i class=\"fa-fusion-box active-icon awb-icon-minus\" aria-hidden=\"true\"><\/i><i class=\"fa-fusion-box inactive-icon fa-clipboard-check fas\" aria-hidden=\"true\"><\/i><\/span><span class=\"fusion-toggle-heading\">Pour qui ? <\/span><\/a><\/h4><\/div><div id=\"c03ee926f35ffe8cd\" class=\"panel-collapse collapse \" aria-labelledby=\"toggle_c03ee926f35ffe8cd\"><div class=\"panel-body toggle-content fusion-clearfix\">\n<p>La Cit\u00e9 universitaire est \u00e0 destination des \u00e9tudiants de nationalit\u00e9 fran\u00e7aise d\u00e9tenteur d\u2019un baccalaur\u00e9at et inscrit \u00e0 l\u2019UPF. L\u2019attribution des chambres se fait par la Commission d\u2019attribution des logements de la Commission de la Formation et de la Vie Universitaire (CFVU) de l\u2019UPF. Sont prioritaires les \u00e9tudiants boursiers venant des \u00eeles et de la presqu\u2019\u00eele et les \u00e9tudiants assidus non redoublants.<\/p>\n<\/div><\/div><\/div><div class=\"fusion-panel panel-default panel-38bf4bd7bebd41b7d fusion-toggle-has-divider\" style=\"--awb-title-color:#212934;--awb-content-color:#4a4e57;\"><div class=\"panel-heading\"><h4 class=\"panel-title toggle\" id=\"toggle_38bf4bd7bebd41b7d\"><a aria-expanded=\"false\" aria-controls=\"38bf4bd7bebd41b7d\" role=\"button\" data-toggle=\"collapse\" data-target=\"#38bf4bd7bebd41b7d\" href=\"#38bf4bd7bebd41b7d\"><span class=\"fusion-toggle-icon-wrapper\" aria-hidden=\"true\"><i class=\"fa-fusion-box active-icon awb-icon-minus\" aria-hidden=\"true\"><\/i><i class=\"fa-fusion-box inactive-icon fa-clipboard-check fas\" aria-hidden=\"true\"><\/i><\/span><span class=\"fusion-toggle-heading\">Comment ?<\/span><\/a><\/h4><\/div><div id=\"38bf4bd7bebd41b7d\" class=\"panel-collapse collapse \" aria-labelledby=\"toggle_38bf4bd7bebd41b7d\"><div class=\"panel-body toggle-content fusion-clearfix\">\n<p>Pour la rentr\u00e9e universitaire d\u2019ao\u00fbt, les demandes de logements sont \u00e0 faire d\u00e8s janvier et jusqu\u2019au mois de mai.<\/p>\n<p>En 2023, les demandes de logement se sont faites uniquement en ligne via la plateforme <a href=\"http:\/\/www.demarches-simplifiees\">www.demarches-simplifiees<\/a>.<\/p>\n<\/div><\/div><\/div><div class=\"fusion-panel panel-default panel-e16a0c91aa9e4f6f2 fusion-toggle-has-divider\" style=\"--awb-title-color:#212934;--awb-content-color:#4a4e57;\"><div class=\"panel-heading\"><h4 class=\"panel-title toggle\" id=\"toggle_e16a0c91aa9e4f6f2\"><a aria-expanded=\"false\" aria-controls=\"e16a0c91aa9e4f6f2\" role=\"button\" data-toggle=\"collapse\" data-target=\"#e16a0c91aa9e4f6f2\" href=\"#e16a0c91aa9e4f6f2\"><span class=\"fusion-toggle-icon-wrapper\" aria-hidden=\"true\"><i class=\"fa-fusion-box active-icon awb-icon-minus\" aria-hidden=\"true\"><\/i><i class=\"fa-fusion-box inactive-icon fa-clipboard-check fas\" aria-hidden=\"true\"><\/i><\/span><span class=\"fusion-toggle-heading\">Combien ? <\/span><\/a><\/h4><\/div><div id=\"e16a0c91aa9e4f6f2\" class=\"panel-collapse collapse \" aria-labelledby=\"toggle_e16a0c91aa9e4f6f2\"><div class=\"panel-body toggle-content fusion-clearfix\">\n<p>Les montants du loyer et du d\u00e9p\u00f4t de garantie varient en fonction de la situation de l\u2019\u00e9tudiant\u00a0:<\/p>\n<ul>\n<li>Pour les \u00e9tudiants boursiers, le d\u00e9p\u00f4t de garantie \u00e0 l\u2019entr\u00e9e dans le logement est de 22 500 FCP et le loyer est de 22 500 FCP par mois.<\/li>\n<li>Pour les \u00e9tudiants non boursiers, le d\u00e9p\u00f4t de garantie \u00e0 l\u2019entr\u00e9e dans le logement est de 35 000 FCP et le loyer est de 35 000 FCP par mois.<\/li>\n<\/ul>\n<p><u>A savoir\u00a0:<\/u> les \u00e9tudiants log\u00e9s \u00e0 la Cit\u00e9 universitaire peuvent b\u00e9n\u00e9ficier de l\u2019<strong>Aide au logement \u00e9tudiant<\/strong>, une aide financi\u00e8re pour le paiement du loyer<\/p>\n<\/div><\/div><\/div><div class=\"fusion-panel panel-default panel-89484b44acd3bd424 fusion-toggle-has-divider\" style=\"--awb-title-color:#212934;--awb-content-color:#4a4e57;\"><div class=\"panel-heading\"><h4 class=\"panel-title toggle\" id=\"toggle_89484b44acd3bd424\"><a aria-expanded=\"false\" aria-controls=\"89484b44acd3bd424\" role=\"button\" data-toggle=\"collapse\" data-target=\"#89484b44acd3bd424\" href=\"#89484b44acd3bd424\"><span class=\"fusion-toggle-icon-wrapper\" aria-hidden=\"true\"><i class=\"fa-fusion-box active-icon awb-icon-minus\" aria-hidden=\"true\"><\/i><i class=\"fa-fusion-box inactive-icon fa-clipboard-check fas\" aria-hidden=\"true\"><\/i><\/span><span class=\"fusion-toggle-heading\">Contacts<\/span><\/a><\/h4><\/div><div id=\"89484b44acd3bd424\" class=\"panel-collapse collapse \" aria-labelledby=\"toggle_89484b44acd3bd424\"><div class=\"panel-body toggle-content fusion-clearfix\">\n<div class=\"fusion-text fusion-text-2\">\n<p>Maison des \u0153uvres universitaires et de la vie \u00e9tudiante (Mouv\u2019e) de l\u2019UPF\u00a0:<\/p>\n<ul>\n<li>Tel\u00a0: 40 80 38 52<\/li>\n<li>Mail\u00a0: la-mouve@upf.pf<\/li>\n<li>Localisation\u00a0: UPF \u2013 b\u00e2timent A niveau 3 (entre l\u2019Amphi A1 et A3 \/ en face du COSIP)<\/li>\n<li>Horaires\u00a0: du lundi au vendredi de 7h30 \u00e0 16h00 en journ\u00e9e continue<\/li>\n<li>Site internet\u00a0: <a href=\"https:\/\/www.upf.pf\/fr\/se-loger\" target=\"_blank\" rel=\"noopener\">upf.pf<\/a><\/li>\n<li>Page Facebook\u00a0: <a href=\"https:\/\/www.facebook.com\/univpf\" target=\"_blank\" rel=\"noopener\">Universit\u00e9 de la Polyn\u00e9sie fran\u00e7aise<\/a><\/li>\n<\/ul>\n<p style=\"text-align: center\"><span style=\"color: #5f4b8b\"><strong>Pour toutes demandes ou compl\u00e9ments d&rsquo;informations concernant l&rsquo;aide, nous vous prions de bien vouloir vous rapprocher de l&rsquo;Universit\u00e9 de la Polyn\u00e9sie fran\u00e7aise.<\/strong><\/span><\/p>\n<\/div>\n<\/div><\/div><\/div><\/div><\/div><\/div><\/div><\/div><\/div><\/div><div class=\"fusion-layout-column fusion_builder_column fusion-builder-column-3 fusion_builder_column_1_4 1_4 fusion-flex-column\" style=\"--awb-bg-size:cover;--awb-width-large:25%;--awb-margin-top-large:0px;--awb-spacing-right-large:7.68%;--awb-margin-bottom-large:20px;--awb-spacing-left-large:7.68%;--awb-width-medium:25%;--awb-order-medium:0;--awb-spacing-right-medium:7.68%;--awb-spacing-left-medium:7.68%;--awb-width-small:100%;--awb-order-small:0;--awb-spacing-right-small:1.92%;--awb-spacing-left-small:1.92%;\"><div class=\"fusion-column-wrapper fusion-column-has-shadow fusion-flex-justify-content-flex-start fusion-content-layout-column\"><div class=\"fusion-builder-row fusion-builder-row-inner fusion-row fusion-flex-align-items-flex-start fusion-flex-content-wrap\" style=\"--awb-flex-grow:0;--awb-flex-grow-medium:0;--awb-flex-grow-small:0;--awb-flex-shrink:0;--awb-flex-shrink-medium:0;--awb-flex-shrink-small:0;width:104% !important;max-width:104% !important;margin-left: calc(-4% \/ 2 );margin-right: calc(-4% \/ 2 );\"><div class=\"fusion-layout-column fusion_builder_column_inner fusion-builder-nested-column-2 fusion_builder_column_inner_1_1 1_1 fusion-flex-column\" style=\"--awb-padding-top:10px;--awb-padding-right:30px;--awb-padding-bottom:10px;--awb-padding-left:30px;--awb-bg-color:#ffffff;--awb-bg-color-hover:#ffffff;--awb-bg-size:cover;--awb-box-shadow:1px 2px 5px 0px rgba(0,0,0,0.3);;--awb-width-large:100%;--awb-margin-top-large:0px;--awb-spacing-right-large:1.92%;--awb-margin-bottom-large:20px;--awb-spacing-left-large:1.92%;--awb-width-medium:100%;--awb-order-medium:0;--awb-spacing-right-medium:1.92%;--awb-spacing-left-medium:1.92%;--awb-width-small:100%;--awb-order-small:0;--awb-spacing-right-small:1.92%;--awb-spacing-left-small:1.92%;\"><div class=\"fusion-column-wrapper fusion-column-has-shadow fusion-flex-justify-content-flex-start fusion-content-layout-column\"><div class=\"fusion-image-element \" style=\"--awb-caption-title-font-family:var(--h2_typography-font-family);--awb-caption-title-font-weight:var(--h2_typography-font-weight);--awb-caption-title-font-style:var(--h2_typography-font-style);--awb-caption-title-size:var(--h2_typography-font-size);--awb-caption-title-transform:var(--h2_typography-text-transform);--awb-caption-title-line-height:var(--h2_typography-line-height);--awb-caption-title-letter-spacing:var(--h2_typography-letter-spacing);\"><span class=\" fusion-imageframe imageframe-none imageframe-1 hover-type-none\"><a class=\"fusion-no-lightbox\" href=\"https:\/\/www.upf.pf\/fr\/se-loger\" target=\"_blank\" aria-label=\"UPF\" rel=\"noopener noreferrer\"><img decoding=\"async\" width=\"561\" height=\"302\" src=\"https:\/\/www.service-public.pf\/dhv\/wp-content\/uploads\/sites\/56\/2024\/09\/UPF.jpg\" alt class=\"img-responsive wp-image-5023\" srcset=\"https:\/\/www.service-public.pf\/dhv\/wp-content\/uploads\/sites\/56\/2024\/09\/UPF-200x108.jpg 200w, https:\/\/www.service-public.pf\/dhv\/wp-content\/uploads\/sites\/56\/2024\/09\/UPF-400x215.jpg 400w, https:\/\/www.service-public.pf\/dhv\/wp-content\/uploads\/sites\/56\/2024\/09\/UPF.jpg 561w\" sizes=\"(max-width: 640px) 100vw, 561px\" \/><\/a><\/span><\/div><\/div><\/div><div class=\"fusion-layout-column fusion_builder_column_inner fusion-builder-nested-column-3 fusion_builder_column_inner_1_1 1_1 fusion-flex-column\" style=\"--awb-padding-top:10px;--awb-padding-right:30px;--awb-padding-bottom:10px;--awb-padding-left:30px;--awb-bg-color:#ffffff;--awb-bg-color-hover:#ffffff;--awb-bg-size:cover;--awb-box-shadow:1px 2px 5px 0px rgba(0,0,0,0.3);;--awb-width-large:100%;--awb-margin-top-large:0px;--awb-spacing-right-large:1.92%;--awb-margin-bottom-large:20px;--awb-spacing-left-large:1.92%;--awb-width-medium:100%;--awb-order-medium:0;--awb-spacing-right-medium:1.92%;--awb-spacing-left-medium:1.92%;--awb-width-small:100%;--awb-order-small:0;--awb-spacing-right-small:1.92%;--awb-spacing-left-small:1.92%;\"><div class=\"fusion-column-wrapper fusion-column-has-shadow fusion-flex-justify-content-flex-start fusion-content-layout-column\"><div style=\"text-align:center;\"><a class=\"fusion-button button-flat button-xlarge button-custom fusion-button-default button-1 fusion-button-default-span fusion-button-default-type\" style=\"--button_accent_color:#ffffff;--button_accent_hover_color:#ffffff;--button_border_hover_color:#ffffff;--button-border-radius-top-left:5px;--button-border-radius-top-right:5px;--button-border-radius-bottom-right:5px;--button-border-radius-bottom-left:5px;--button_gradient_top_color:#5f4b8b;--button_gradient_bottom_color:#5f4b8b;--button_gradient_top_color_hover:#f9b122;--button_gradient_bottom_color_hover:#f9b122;\" target=\"_self\"><i class=\"fa-file-alt fas awb-button__icon awb-button__icon--default button-icon-left\" aria-hidden=\"true\"><\/i><span class=\"fusion-button-text awb-button__text awb-button__text--default\">Ressources<\/span><\/a><\/div><div class=\"fusion-text fusion-text-2\" style=\"--awb-margin-top:10px;\"><ul>\n<li><a href=\"https:\/\/www.service-public.pf\/dhv\/wp-content\/uploads\/sites\/56\/2025\/10\/Mini-guide-aides-logement-Etudiants_MAJ-2025.pdf\" target=\"_blank\" rel=\"noopener\">Mini-guide des aides logements pour \u00e9tudiants<\/a><\/li>\n<li><a href=\"https:\/\/www.service-public.pf\/dhv\/wp-content\/uploads\/sites\/56\/2024\/09\/Fiches-aides-logement-etudiants_Cite-U.pdf\" target=\"_blank\" rel=\"noopener\">Fiche d&rsquo;aide de la Cit\u00e9 Universitaire<\/a><\/li>\n<\/ul>\n<\/div><\/div><\/div><div class=\"fusion-layout-column fusion_builder_column_inner fusion-builder-nested-column-4 fusion_builder_column_inner_1_1 1_1 fusion-flex-column\" style=\"--awb-padding-top:10px;--awb-padding-right:30px;--awb-padding-bottom:10px;--awb-padding-left:30px;--awb-bg-color:#ffffff;--awb-bg-color-hover:#ffffff;--awb-bg-size:cover;--awb-box-shadow:1px 2px 5px 0px rgba(0,0,0,0.3);;--awb-width-large:100%;--awb-margin-top-large:0px;--awb-spacing-right-large:1.92%;--awb-margin-bottom-large:20px;--awb-spacing-left-large:1.92%;--awb-width-medium:100%;--awb-order-medium:0;--awb-spacing-right-medium:1.92%;--awb-spacing-left-medium:1.92%;--awb-width-small:100%;--awb-order-small:0;--awb-spacing-right-small:1.92%;--awb-spacing-left-small:1.92%;\"><div class=\"fusion-column-wrapper fusion-column-has-shadow fusion-flex-justify-content-flex-start fusion-content-layout-column\"><div style=\"text-align:center;\"><a class=\"fusion-button button-flat button-xlarge button-custom fusion-button-default button-2 fusion-button-default-span fusion-button-default-type\" style=\"--button_accent_color:#ffffff;--button_accent_hover_color:#ffffff;--button_border_hover_color:#ffffff;--button-border-radius-top-left:5px;--button-border-radius-top-right:5px;--button-border-radius-bottom-right:5px;--button-border-radius-bottom-left:5px;--button_gradient_top_color:#5f4b8b;--button_gradient_bottom_color:#5f4b8b;--button_gradient_top_color_hover:#c7361b;--button_gradient_bottom_color_hover:#c7361b;\" target=\"_self\"><i class=\"fa-file-alt fas awb-button__icon awb-button__icon--default button-icon-left\" aria-hidden=\"true\"><\/i><span class=\"fusion-button-text awb-button__text awb-button__text--default\">Autres aides \u00e9tudiants<\/span><\/a><\/div><div class=\"fusion-text fusion-text-3\" style=\"--awb-margin-top:10px;\"><ul>\n<li><a href=\"https:\/\/www.service-public.pf\/dhv\/guides-des-aides-au-logement\/etudiants\/les-aides-etudiants-de-loph\/\" target=\"_blank\" rel=\"noopener\">Les aides de l&rsquo;OPH<\/a><\/li>\n<li><a href=\"https:\/\/www.service-public.pf\/dhv\/guides-des-aides-au-logement\/etudiants\/les-aides-etudiants-de-laispf\/\" target=\"_blank\" rel=\"noopener\">Les aides de l&rsquo;AISPF<\/a><\/li>\n<\/ul>\n<\/div><\/div><\/div><\/div><\/div><\/div><\/div><\/div><\/p>\n","protected":false},"excerpt":{"rendered":"","protected":false},"author":258,"featured_media":0,"parent":4762,"menu_order":0,"comment_status":"closed","ping_status":"closed","template":"","meta":{"_seopress_robots_primary_cat":"","_seopress_titles_title":"","_seopress_titles_desc":"","_seopress_robots_index":"","footnotes":""},"class_list":["post-4673","page","type-page","status-publish","hentry"],"_links":{"self":[{"href":"https:\/\/www.service-public.pf\/dhv\/wp-json\/wp\/v2\/pages\/4673","targetHints":{"allow":["GET"]}}],"collection":[{"href":"https:\/\/www.service-public.pf\/dhv\/wp-json\/wp\/v2\/pages"}],"about":[{"href":"https:\/\/www.service-public.pf\/dhv\/wp-json\/wp\/v2\/types\/page"}],"author":[{"embeddable":true,"href":"https:\/\/www.service-public.pf\/dhv\/wp-json\/wp\/v2\/users\/258"}],"replies":[{"embeddable":true,"href":"https:\/\/www.service-public.pf\/dhv\/wp-json\/wp\/v2\/comments?post=4673"}],"version-history":[{"count":33,"href":"https:\/\/www.service-public.pf\/dhv\/wp-json\/wp\/v2\/pages\/4673\/revisions"}],"predecessor-version":[{"id":5718,"href":"https:\/\/www.service-public.pf\/dhv\/wp-json\/wp\/v2\/pages\/4673\/revisions\/5718"}],"up":[{"embeddable":true,"href":"https:\/\/www.service-public.pf\/dhv\/wp-json\/wp\/v2\/pages\/4762"}],"wp:attachment":[{"href":"https:\/\/www.service-public.pf\/dhv\/wp-json\/wp\/v2\/media?parent=4673"}],"curies":[{"name":"wp","href":"https:\/\/api.w.org\/{rel}","templated":true}]}}