{"id":5236,"date":"2024-09-26T21:20:35","date_gmt":"2024-09-26T19:20:35","guid":{"rendered":"https:\/\/www.service-public.pf\/dhv\/?page_id=5236"},"modified":"2025-10-17T01:40:26","modified_gmt":"2025-10-16T23:40:26","slug":"familles-avec-enfants","status":"publish","type":"page","link":"https:\/\/www.service-public.pf\/dhv\/guides-des-aides-au-logement\/menages\/les-aides-de-laispf\/familles-avec-enfants\/","title":{"rendered":"Familles avec enfants"},"content":{"rendered":"<p><div class=\"fusion-fullwidth fullwidth-box fusion-builder-row-1 fusion-flex-container fusion-parallax-none nonhundred-percent-fullwidth non-hundred-percent-height-scrolling\" style=\"--awb-border-radius-top-left:0px;--awb-border-radius-top-right:0px;--awb-border-radius-bottom-right:0px;--awb-border-radius-bottom-left:0px;--awb-padding-top:7%;--awb-padding-right:5%;--awb-padding-bottom:5%;--awb-padding-left:15%;--awb-background-image:url(&quot;https:\/\/www.service-public.pf\/dhv\/wp-content\/uploads\/sites\/56\/2024\/09\/Menages.png&quot;);--awb-background-size:cover;--awb-flex-wrap:wrap;\" ><div class=\"fusion-builder-row fusion-row fusion-flex-align-items-center fusion-flex-justify-content-center fusion-flex-content-wrap\" style=\"max-width:104%;margin-left: calc(-4% \/ 2 );margin-right: calc(-4% \/ 2 );\"><div class=\"fusion-layout-column fusion_builder_column fusion-builder-column-0 fusion_builder_column_1_1 1_1 fusion-flex-column\" style=\"--awb-bg-size:cover;--awb-width-large:100%;--awb-margin-top-large:0px;--awb-spacing-right-large:0px;--awb-margin-bottom-large:0px;--awb-spacing-left-large:0px;--awb-width-medium:100%;--awb-order-medium:0;--awb-spacing-right-medium:0px;--awb-spacing-left-medium:0px;--awb-width-small:100%;--awb-order-small:0;--awb-spacing-right-small:1.92%;--awb-spacing-left-small:1.92%;\"><div class=\"fusion-column-wrapper fusion-column-has-shadow fusion-flex-justify-content-flex-start fusion-content-layout-column\"><div class=\"fusion-title title fusion-title-1 fusion-sep-none fusion-title-text fusion-title-size-one vct_title vct_title_uppercase\" style=\"--awb-text-color:#f95738;--awb-margin-right:5%;--awb-margin-bottom:40px;--awb-margin-top-small:10px;--awb-margin-right-small:0px;--awb-margin-bottom-small:10px;--awb-margin-left-small:0px;--awb-font-size:50px;\"><h1 class=\"fusion-title-heading title-heading-left\" style=\"margin:0;font-size:1em;\"><p><span style=\"color: #ea526f\"><strong>Familles avec enfants<\/strong><\/span><strong><br \/>\n<\/strong><\/p><\/h1><\/div><\/div><\/div><\/div><\/div><div class=\"fusion-fullwidth fullwidth-box fusion-builder-row-2 fusion-flex-container has-pattern-background has-mask-background fusion-parallax-none nonhundred-percent-fullwidth non-hundred-percent-height-scrolling fusion-custom-z-index\" style=\"--awb-border-radius-top-left:0px;--awb-border-radius-top-right:0px;--awb-border-radius-bottom-right:0px;--awb-border-radius-bottom-left:0px;--awb-z-index:99;--awb-padding-top:30px;--awb-padding-right:5%;--awb-padding-left:7%;--awb-background-color:#f5f5f5;--awb-background-image:url(&quot;https:\/\/www.service-public.pf\/dhv\/wp-content\/uploads\/sites\/56\/2024\/07\/BACK-GROUND-WEBSITE-DHV2.png&quot;);--awb-background-size:cover;--awb-flex-wrap:wrap;\" ><div class=\"fusion-builder-row fusion-row fusion-flex-align-items-flex-start fusion-flex-content-wrap\" style=\"max-width:104%;margin-left: calc(-4% \/ 2 );margin-right: calc(-4% \/ 2 );\"><div class=\"fusion-layout-column fusion_builder_column fusion-builder-column-1 fusion_builder_column_1_1 1_1 fusion-flex-column\" style=\"--awb-bg-size:cover;--awb-width-large:100%;--awb-margin-top-large:1%;--awb-spacing-right-large:1.92%;--awb-margin-bottom-large:-1%;--awb-spacing-left-large:1.92%;--awb-width-medium:100%;--awb-order-medium:0;--awb-spacing-right-medium:1.92%;--awb-spacing-left-medium:1.92%;--awb-width-small:100%;--awb-order-small:0;--awb-spacing-right-small:1.92%;--awb-spacing-left-small:1.92%;\"><div class=\"fusion-column-wrapper fusion-column-has-shadow fusion-flex-justify-content-flex-start fusion-content-layout-column\"><nav class=\"fusion-breadcrumbs fusion-breadcrumbs-1 vct_breadcrumbs\" style=\"--awb-margin-bottom:2%;--awb-text-hover-color:#f95738;--awb-breadcrumb-sep:&#039;&gt;&#039;;\" aria-label=\"Breadcrumb\"><ol class=\"awb-breadcrumb-list\"><li class=\"fusion-breadcrumb-item awb-breadcrumb-sep awb-home\" ><a href=\"https:\/\/www.service-public.pf\/dhv\" class=\"fusion-breadcrumb-link\"><span >Home<\/span><\/a><\/li><\/ol><\/nav><\/div><\/div><div class=\"fusion-layout-column fusion_builder_column fusion-builder-column-2 fusion_builder_column_3_4 3_4 fusion-flex-column vct_flex_container_form\" style=\"--awb-padding-top:30px;--awb-padding-right:30px;--awb-padding-bottom:30px;--awb-padding-left:30px;--awb-bg-color:#ffffff;--awb-bg-color-hover:#ffffff;--awb-bg-size:cover;--awb-box-shadow:1px 2px 5px 0px rgba(0,0,0,0.3);;--awb-width-large:75%;--awb-margin-top-large:0px;--awb-spacing-right-large:2.56%;--awb-margin-bottom-large:20px;--awb-spacing-left-large:2.56%;--awb-width-medium:75%;--awb-order-medium:0;--awb-spacing-right-medium:2.56%;--awb-spacing-left-medium:2.56%;--awb-width-small:100%;--awb-order-small:0;--awb-spacing-right-small:1.92%;--awb-spacing-left-small:1.92%;\"><div class=\"fusion-column-wrapper fusion-column-has-shadow fusion-flex-justify-content-flex-start fusion-content-layout-column\"><div class=\"fusion-builder-row fusion-builder-row-inner fusion-row fusion-flex-align-items-flex-start fusion-flex-content-wrap\" style=\"--awb-flex-grow:0;--awb-flex-grow-medium:0;--awb-flex-grow-small:0;--awb-flex-shrink:0;--awb-flex-shrink-medium:0;--awb-flex-shrink-small:0;width:104% !important;max-width:104% !important;margin-left: calc(-4% \/ 2 );margin-right: calc(-4% \/ 2 );\"><div class=\"fusion-layout-column fusion_builder_column_inner fusion-builder-nested-column-0 fusion_builder_column_inner_1_1 1_1 fusion-flex-column\" style=\"--awb-bg-color:#ffffff;--awb-bg-color-hover:#ffffff;--awb-bg-size:cover;--awb-width-large:100%;--awb-margin-top-large:0px;--awb-spacing-right-large:1.92%;--awb-margin-bottom-large:20px;--awb-spacing-left-large:1.92%;--awb-width-medium:100%;--awb-order-medium:0;--awb-spacing-right-medium:1.92%;--awb-spacing-left-medium:1.92%;--awb-width-small:100%;--awb-order-small:0;--awb-spacing-right-small:1.92%;--awb-spacing-left-small:1.92%;\"><div class=\"fusion-column-wrapper fusion-column-has-shadow fusion-flex-justify-content-flex-start fusion-content-layout-column\"><div class=\"fusion-text fusion-text-1\"><p>L\u2019association \u00ab Rahu Ora \u2013 Agence Immobili\u00e8re Sociale de Polyn\u00e9sie fran\u00e7aise \u00bb (AISPF) est une association de la loi de 1901 cr\u00e9\u00e9e en 2008 et reconnue d\u2019int\u00e9r\u00eat g\u00e9n\u00e9ral en 2010.<\/p>\n<p>\u00c0 ce titre, elle b\u00e9n\u00e9ficie du soutien de la Polyn\u00e9sie fran\u00e7aise.<\/p>\n<p>Elle mobilise et g\u00e8re des biens immobiliers issus du parc locatif priv\u00e9, au profit de personnes en difficult\u00e9, ne pouvant acc\u00e9der par leurs propres moyens \u00e0 un logement d\u00e9cent. Elle cible dans son offre diff\u00e9rents publics, aux revenus modestes : les familles, les jeunes actifs c\u00e9libataires, les couples sans enfant, et les \u00e9tudiants boursiers.<\/p>\n<p>Les familles contribuent \u00e0 hauteur de 1\/3 du montant du loyer pendant une dur\u00e9e maximale de 24 mois et sont accompagn\u00e9es par l\u2019AISPF dans leur projet de vie et vers une solution de relogement autonome et p\u00e9renne.<\/p>\n<\/div><\/div><\/div><div class=\"fusion-layout-column fusion_builder_column_inner fusion-builder-nested-column-1 fusion_builder_column_inner_1_1 1_1 fusion-flex-column\" style=\"--awb-bg-color:#ffffff;--awb-bg-color-hover:#ffffff;--awb-bg-size:cover;--awb-width-large:100%;--awb-margin-top-large:0px;--awb-spacing-right-large:1.92%;--awb-margin-bottom-large:20px;--awb-spacing-left-large:1.92%;--awb-width-medium:100%;--awb-order-medium:0;--awb-spacing-right-medium:1.92%;--awb-spacing-left-medium:1.92%;--awb-width-small:100%;--awb-order-small:0;--awb-spacing-right-small:1.92%;--awb-spacing-left-small:1.92%;\"><div class=\"fusion-column-wrapper fusion-column-has-shadow fusion-flex-justify-content-flex-start fusion-content-layout-column\"><div class=\"accordian fusion-accordian\" style=\"--awb-border-size:1px;--awb-icon-size:16px;--awb-content-font-size:16px;--awb-icon-alignment:left;--awb-hover-color:#f9f9fb;--awb-border-color:#e2e2e2;--awb-background-color:#ffffff;--awb-divider-color:#ea526f;--awb-divider-hover-color:#e2e2e2;--awb-icon-color:#ffffff;--awb-title-color:#212934;--awb-content-color:#4a4e57;--awb-icon-box-color:#212934;--awb-toggle-hover-accent-color:#3a4f41;--awb-toggle-active-accent-color:#3a4f41;--awb-title-font-family:&quot;Roboto&quot;;--awb-title-font-weight:400;--awb-title-font-style:normal;--awb-content-font-family:&quot;Open Sans&quot;;--awb-content-font-style:normal;--awb-content-font-weight:400;\"><div class=\"panel-group fusion-toggle-icon-boxed\" id=\"accordion-5236-1\"><div class=\"fusion-panel panel-default panel-c2adde8e0f8a4eff6 fusion-toggle-has-divider\" style=\"--awb-title-color:#212934;--awb-content-color:#4a4e57;\"><div class=\"panel-heading\"><h4 class=\"panel-title toggle\" id=\"toggle_c2adde8e0f8a4eff6\"><a aria-expanded=\"false\" aria-controls=\"c2adde8e0f8a4eff6\" role=\"button\" data-toggle=\"collapse\" data-target=\"#c2adde8e0f8a4eff6\" href=\"#c2adde8e0f8a4eff6\"><span class=\"fusion-toggle-icon-wrapper\" aria-hidden=\"true\"><i class=\"fa-fusion-box active-icon awb-icon-minus\" aria-hidden=\"true\"><\/i><i class=\"fa-fusion-box inactive-icon fa-clipboard-check fas\" aria-hidden=\"true\"><\/i><\/span><span class=\"fusion-toggle-heading\">Pour qui ? <\/span><\/a><\/h4><\/div><div id=\"c2adde8e0f8a4eff6\" class=\"panel-collapse collapse \" aria-labelledby=\"toggle_c2adde8e0f8a4eff6\"><div class=\"panel-body toggle-content fusion-clearfix\">\n<p>Pour \u00eatre \u00e9ligibles \u00e0 l\u2019aide de l\u2019AISPF, les familles doivent remplir les conditions suivantes\u00a0:<\/p>\n<ul>\n<li>\u00catre recens\u00e9es et accompagn\u00e9es par un service social,<\/li>\n<li>\u00catre solvable,<\/li>\n<li>\u00catre engag\u00e9es dans un projet de vie,<\/li>\n<li>Justifier d\u2019une r\u00e9sidence d\u2019au moins 10 ans en Polyn\u00e9sie,<\/li>\n<li>Justifier de l\u2019absence de patrimoine immobilier en pleine propri\u00e9t\u00e9 ou en usufruit, sauf cas exceptionnel, en accord avec la commission au logement de l\u2019AISPF,<\/li>\n<li>Avoir des revenus n\u2019exc\u00e9dant pas les plafonds de revenus fix\u00e9s ci-dessous :<\/li>\n<\/ul>\n<table style=\"border-collapse: collapse;width: 42.6664%;height: 276px\">\n<tbody>\n<tr style=\"height: 56px\">\n<td style=\"width: 22.9592%;height: 56px;text-align: center\" width=\"224\">1.3 SMIG en vigueur : 225 135 F<\/td>\n<td style=\"width: 9.0982%;height: 56px;text-align: center\" width=\"235\">\u00a02 PERSONNES<\/td>\n<\/tr>\n<tr style=\"height: 56px\">\n<td style=\"width: 22.9592%;height: 56px;text-align: center\" width=\"224\">1.5 SMIG en vigueur : 259 772 F<\/td>\n<td style=\"width: 9.0982%;height: 56px;text-align: center\" width=\"235\">\u00a03 PERSONNES<\/td>\n<\/tr>\n<tr style=\"height: 56px\">\n<td style=\"width: 22.9592%;height: 56px;text-align: center\" width=\"224\">1.7 SMIG en vigueur : 294 408 F<\/td>\n<td style=\"width: 9.0982%;height: 56px;text-align: center\" width=\"235\">\u00a04 PERSONNES<\/td>\n<\/tr>\n<tr style=\"height: 39px\">\n<td style=\"width: 22.9592%;height: 39px;text-align: center\" width=\"224\">1.9 SMIG en vigueur : 329 044 F<\/td>\n<td style=\"width: 9.0982%;height: 39px;text-align: center\" width=\"235\">\u00a05 PERSONNES<\/td>\n<\/tr>\n<tr style=\"height: 35px\">\n<td style=\"width: 22.9592%;height: 35px;text-align: center\" width=\"224\">2.1 SMIG en vigueur : 363 680 F<\/td>\n<td style=\"width: 9.0982%;height: 35px;text-align: center\" width=\"235\">\u00a06 PERSONNES<\/td>\n<\/tr>\n<tr style=\"height: 34px\">\n<td style=\"width: 22.9592%;height: 34px;text-align: center\" width=\"224\">2.3 SMIG en vigueur : 398 316 F<\/td>\n<td style=\"width: 9.0982%;height: 34px;text-align: center\" width=\"235\">\u00a07 PERSONNES<\/td>\n<\/tr>\n<\/tbody>\n<\/table>\n<p>Dans le cas de d\u00e9passement des plafonds de revenus fix\u00e9s selon la composition familiale, les remboursements d\u2019un cr\u00e9dit immobilier pour un achat de terrain ou\/et d\u2019une construction de logement en cours et le loyer d\u2019un logement en cours, seront pris en compte pour d\u00e9terminer l\u2019\u00e9ligibilit\u00e9 du demandeur.<\/p>\n<p><strong><span style=\"color: #ea526f\">Les familles doivent\u00a0avoir la capacit\u00e9 financi\u00e8re de participer au loyer.\u00a0<\/span><\/strong><\/p>\n<\/div><\/div><\/div><div class=\"fusion-panel panel-default panel-209bf66a76284b64d fusion-toggle-has-divider\" style=\"--awb-title-color:#212934;--awb-content-color:#4a4e57;\"><div class=\"panel-heading\"><h4 class=\"panel-title toggle\" id=\"toggle_209bf66a76284b64d\"><a aria-expanded=\"false\" aria-controls=\"209bf66a76284b64d\" role=\"button\" data-toggle=\"collapse\" data-target=\"#209bf66a76284b64d\" href=\"#209bf66a76284b64d\"><span class=\"fusion-toggle-icon-wrapper\" aria-hidden=\"true\"><i class=\"fa-fusion-box active-icon awb-icon-minus\" aria-hidden=\"true\"><\/i><i class=\"fa-fusion-box inactive-icon fa-clipboard-check fas\" aria-hidden=\"true\"><\/i><\/span><span class=\"fusion-toggle-heading\">Comment ?<\/span><\/a><\/h4><\/div><div id=\"209bf66a76284b64d\" class=\"panel-collapse collapse \" aria-labelledby=\"toggle_209bf66a76284b64d\"><div class=\"panel-body toggle-content fusion-clearfix\">\n<p>Pour pouvoir obtenir une aide au logement de l\u2019AISPF, les familles doivent se rapprocher des travailleurs sociaux des communes et\/ou de la Direction des solidarit\u00e9s, de la famille et de l\u2019\u00e9galit\u00e9 (DSFE). Ces derniers, apr\u00e8s avoir effectu\u00e9 une enqu\u00eate sociale, transmettront les demandes \u00e0 l\u2019AISPF.<\/p>\n<p>Une r\u00e9ponse officielle sera adress\u00e9e aux services sociaux et aux demandeurs.<\/p>\n<\/div><\/div><\/div><div class=\"fusion-panel panel-default panel-bc0595f06d84e9307 fusion-toggle-has-divider\" style=\"--awb-title-color:#212934;--awb-content-color:#4a4e57;\"><div class=\"panel-heading\"><h4 class=\"panel-title toggle\" id=\"toggle_bc0595f06d84e9307\"><a aria-expanded=\"false\" aria-controls=\"bc0595f06d84e9307\" role=\"button\" data-toggle=\"collapse\" data-target=\"#bc0595f06d84e9307\" href=\"#bc0595f06d84e9307\"><span class=\"fusion-toggle-icon-wrapper\" aria-hidden=\"true\"><i class=\"fa-fusion-box active-icon awb-icon-minus\" aria-hidden=\"true\"><\/i><i class=\"fa-fusion-box inactive-icon fa-clipboard-check fas\" aria-hidden=\"true\"><\/i><\/span><span class=\"fusion-toggle-heading\">Combien ? <\/span><\/a><\/h4><\/div><div id=\"bc0595f06d84e9307\" class=\"panel-collapse collapse \" aria-labelledby=\"toggle_bc0595f06d84e9307\"><div class=\"panel-body toggle-content fusion-clearfix\">\n<p>L\u2019aide de l\u2019AISPF permet aux familles de b\u00e9n\u00e9ficier d\u2019un h\u00e9bergement d\u2019une dur\u00e9e maximale de 24 mois pour une participation financi\u00e8re d\u2019un tiers du loyer par mois, hors charges.<\/p>\n<\/div><\/div><\/div><div class=\"fusion-panel panel-default panel-669105809efb99332 fusion-toggle-has-divider\" style=\"--awb-title-color:#212934;--awb-content-color:#4a4e57;\"><div class=\"panel-heading\"><h4 class=\"panel-title toggle\" id=\"toggle_669105809efb99332\"><a aria-expanded=\"false\" aria-controls=\"669105809efb99332\" role=\"button\" data-toggle=\"collapse\" data-target=\"#669105809efb99332\" href=\"#669105809efb99332\"><span class=\"fusion-toggle-icon-wrapper\" aria-hidden=\"true\"><i class=\"fa-fusion-box active-icon awb-icon-minus\" aria-hidden=\"true\"><\/i><i class=\"fa-fusion-box inactive-icon fa-clipboard-check fas\" aria-hidden=\"true\"><\/i><\/span><span class=\"fusion-toggle-heading\">Contacts<\/span><\/a><\/h4><\/div><div id=\"669105809efb99332\" class=\"panel-collapse collapse \" aria-labelledby=\"toggle_669105809efb99332\"><div class=\"panel-body toggle-content fusion-clearfix\">\n<div class=\"fusion-text fusion-text-2\">\n<p>Rahu Ora &#8211; Agence Immobili\u00e8re Sociale de Polyn\u00e9sie fran\u00e7aise (AISPF) :<\/p>\n<ul>\n<li>Tel : 40 81 26 90<\/li>\n<li>Mail : aispf@mail.pf<\/li>\n<li>Localisation : Papeete &#8211; Immeuble Arihoti, 48 rue Dumont D&rsquo;Urville<\/li>\n<\/ul>\n<p style=\"text-align: center\"><span style=\"color: #ea526f\"><strong>Pour toutes demandes ou compl\u00e9ments d&rsquo;informations concernant l&rsquo;aide, nous vous prions de bien vouloir vous rapprocher de l&rsquo;AISPF.<\/strong><\/span><\/p>\n<\/div>\n<\/div><\/div><\/div><\/div><\/div><div class=\"fusion-text fusion-text-2\"><p><span style=\"color: #ea526f\"><strong><u>\u00c0 savoir : <\/u><\/strong><\/span><\/p>\n<p>Une visite mensuelle du domicile est pr\u00e9vue et permet de constater l\u2019\u00e9tat du logement, l\u2019\u00e9volution du projet des m\u00e9nages et les difficult\u00e9s \u00e9ventuelles rencontr\u00e9es.<\/p>\n<p>Aussi, en cas de retard dans le paiement du loyer, une relance sera effectu\u00e9e, et en cas de non-r\u00e9gularisation des impay\u00e9s, un cong\u00e9 sera transmis \u00e0 l\u2019occupant du logement.<\/p>\n<\/div><\/div><\/div><\/div><\/div><\/div><div class=\"fusion-layout-column fusion_builder_column fusion-builder-column-3 fusion_builder_column_1_4 1_4 fusion-flex-column\" style=\"--awb-bg-size:cover;--awb-width-large:25%;--awb-margin-top-large:0px;--awb-spacing-right-large:7.68%;--awb-margin-bottom-large:20px;--awb-spacing-left-large:7.68%;--awb-width-medium:25%;--awb-order-medium:0;--awb-spacing-right-medium:7.68%;--awb-spacing-left-medium:7.68%;--awb-width-small:100%;--awb-order-small:0;--awb-spacing-right-small:1.92%;--awb-spacing-left-small:1.92%;\"><div class=\"fusion-column-wrapper fusion-column-has-shadow fusion-flex-justify-content-flex-start fusion-content-layout-column\"><div class=\"fusion-builder-row fusion-builder-row-inner fusion-row fusion-flex-align-items-flex-start fusion-flex-content-wrap\" style=\"--awb-flex-grow:0;--awb-flex-grow-medium:0;--awb-flex-grow-small:0;--awb-flex-shrink:0;--awb-flex-shrink-medium:0;--awb-flex-shrink-small:0;width:104% !important;max-width:104% !important;margin-left: calc(-4% \/ 2 );margin-right: calc(-4% \/ 2 );\"><div class=\"fusion-layout-column fusion_builder_column_inner fusion-builder-nested-column-2 fusion_builder_column_inner_1_1 1_1 fusion-flex-column\" style=\"--awb-padding-top:10px;--awb-padding-right:30px;--awb-padding-bottom:10px;--awb-padding-left:30px;--awb-bg-color:#ffffff;--awb-bg-color-hover:#ffffff;--awb-bg-size:cover;--awb-box-shadow:1px 2px 5px 0px rgba(0,0,0,0.3);;--awb-width-large:100%;--awb-margin-top-large:0px;--awb-spacing-right-large:1.92%;--awb-margin-bottom-large:20px;--awb-spacing-left-large:1.92%;--awb-width-medium:100%;--awb-order-medium:0;--awb-spacing-right-medium:1.92%;--awb-spacing-left-medium:1.92%;--awb-width-small:100%;--awb-order-small:0;--awb-spacing-right-small:1.92%;--awb-spacing-left-small:1.92%;\"><div class=\"fusion-column-wrapper fusion-column-has-shadow fusion-flex-justify-content-flex-start fusion-content-layout-column\"><div class=\"fusion-image-element \" style=\"text-align:center;--awb-caption-title-font-family:var(--h2_typography-font-family);--awb-caption-title-font-weight:var(--h2_typography-font-weight);--awb-caption-title-font-style:var(--h2_typography-font-style);--awb-caption-title-size:var(--h2_typography-font-size);--awb-caption-title-transform:var(--h2_typography-text-transform);--awb-caption-title-line-height:var(--h2_typography-line-height);--awb-caption-title-letter-spacing:var(--h2_typography-letter-spacing);\"><span class=\" fusion-imageframe imageframe-none imageframe-1 hover-type-none\"><a class=\"fusion-no-lightbox\" href=\"https:\/\/polynesiepratique.com\/fr\/demarches\/logements\/logement-social\/1408-agence-immobiliere-sociale-de-polynesie-francaise-aispf\" target=\"_blank\" aria-label=\"AISPF\" rel=\"noopener noreferrer\"><img decoding=\"async\" width=\"200\" height=\"97\" src=\"https:\/\/www.service-public.pf\/dhv\/wp-content\/uploads\/sites\/56\/2024\/09\/AISPF.jpg\" alt class=\"img-responsive wp-image-5034\"\/><\/a><\/span><\/div><\/div><\/div><div class=\"fusion-layout-column fusion_builder_column_inner fusion-builder-nested-column-3 fusion_builder_column_inner_1_1 1_1 fusion-flex-column\" style=\"--awb-padding-top:10px;--awb-padding-right:30px;--awb-padding-bottom:10px;--awb-padding-left:30px;--awb-bg-color:#ffffff;--awb-bg-color-hover:#ffffff;--awb-bg-size:cover;--awb-box-shadow:1px 2px 5px 0px rgba(0,0,0,0.3);;--awb-width-large:100%;--awb-margin-top-large:0px;--awb-spacing-right-large:1.92%;--awb-margin-bottom-large:20px;--awb-spacing-left-large:1.92%;--awb-width-medium:100%;--awb-order-medium:0;--awb-spacing-right-medium:1.92%;--awb-spacing-left-medium:1.92%;--awb-width-small:100%;--awb-order-small:0;--awb-spacing-right-small:1.92%;--awb-spacing-left-small:1.92%;\"><div class=\"fusion-column-wrapper fusion-column-has-shadow fusion-flex-justify-content-flex-start fusion-content-layout-column\"><div style=\"text-align:center;\"><a class=\"fusion-button button-flat button-xlarge button-custom fusion-button-default button-1 fusion-button-default-span fusion-button-default-type\" style=\"--button_accent_color:#ffffff;--button_accent_hover_color:#ffffff;--button_border_hover_color:#ffffff;--button-border-radius-top-left:5px;--button-border-radius-top-right:5px;--button-border-radius-bottom-right:5px;--button-border-radius-bottom-left:5px;--button_gradient_top_color:#ea526f;--button_gradient_bottom_color:#ea526f;--button_gradient_top_color_hover:#f9b122;--button_gradient_bottom_color_hover:#f9b122;\" target=\"_self\"><i class=\"fa-file-alt fas awb-button__icon awb-button__icon--default button-icon-left\" aria-hidden=\"true\"><\/i><span class=\"fusion-button-text awb-button__text awb-button__text--default\">Ressources<\/span><\/a><\/div><div class=\"fusion-text fusion-text-3\" style=\"--awb-margin-top:10px;\"><ul>\n<li><a href=\"https:\/\/www.service-public.pf\/dhv\/wp-content\/uploads\/sites\/56\/2025\/10\/Mini-guide-aides-logement-Menages_MAJ-2025.pdf\" target=\"_blank\" rel=\"noopener\">Mini-guide des aides logements pour m\u00e9nages<\/a><\/li>\n<li><a href=\"https:\/\/www.service-public.pf\/dhv\/wp-content\/uploads\/sites\/56\/2024\/09\/Fiches-aides-logement-menages-Familles-avec-enfants.pdf\" target=\"_blank\" rel=\"noopener\">Fiche d&rsquo;aide Familles avec enfants<\/a><\/li>\n<\/ul>\n<\/div><\/div><\/div><div class=\"fusion-layout-column fusion_builder_column_inner fusion-builder-nested-column-4 fusion_builder_column_inner_1_1 1_1 fusion-flex-column\" style=\"--awb-padding-top:10px;--awb-padding-right:30px;--awb-padding-bottom:10px;--awb-padding-left:30px;--awb-bg-color:#ffffff;--awb-bg-color-hover:#ffffff;--awb-bg-size:cover;--awb-box-shadow:1px 2px 5px 0px rgba(0,0,0,0.3);;--awb-width-large:100%;--awb-margin-top-large:0px;--awb-spacing-right-large:1.92%;--awb-margin-bottom-large:20px;--awb-spacing-left-large:1.92%;--awb-width-medium:100%;--awb-order-medium:0;--awb-spacing-right-medium:1.92%;--awb-spacing-left-medium:1.92%;--awb-width-small:100%;--awb-order-small:0;--awb-spacing-right-small:1.92%;--awb-spacing-left-small:1.92%;\"><div class=\"fusion-column-wrapper fusion-column-has-shadow fusion-flex-justify-content-flex-start fusion-content-layout-column\"><div style=\"text-align:center;\"><a class=\"fusion-button button-flat button-xlarge button-custom fusion-button-default button-2 fusion-button-default-span fusion-button-default-type\" style=\"--button_accent_color:#ffffff;--button_accent_hover_color:#ffffff;--button_border_hover_color:#ffffff;--button-border-radius-top-left:5px;--button-border-radius-top-right:5px;--button-border-radius-bottom-right:5px;--button-border-radius-bottom-left:5px;--button_gradient_top_color:#ea526f;--button_gradient_bottom_color:#ea526f;--button_gradient_top_color_hover:#f9b122;--button_gradient_bottom_color_hover:#f9b122;\" target=\"_self\"><i class=\"fa-file-alt fas awb-button__icon awb-button__icon--default button-icon-left\" aria-hidden=\"true\"><\/i><span class=\"fusion-button-text awb-button__text awb-button__text--default\">Autres aides aux m\u00e9nages<\/span><\/a><\/div><div class=\"fusion-text fusion-text-4\" style=\"--awb-margin-top:10px;\"><ul>\n<li><a href=\"https:\/\/www.service-public.pf\/dhv\/guides-des-aides-au-logement\/menages\/les-aides-de-laitspf\/\">Les aides de l&rsquo;AITSPF<\/a><\/li>\n<li><a href=\"https:\/\/www.service-public.pf\/dhv\/guides-des-aides-au-logement\/menages\/les-aides-de-loph\/\">Les aides de l&rsquo;OPH<\/a><\/li>\n<li><a href=\"https:\/\/www.service-public.pf\/dhv\/guides-des-aides-au-logement\/menages\/les-aides-de-la-dsfe\/\">Les aides de la DSFE<\/a><\/li>\n<li><a href=\"https:\/\/www.service-public.pf\/dhv\/guides-des-aides-au-logement\/menages\/les-aides-de-la-dgae\/\">Les aides de la DGAE<\/a><\/li>\n<\/ul>\n<\/div><\/div><\/div><\/div><\/div><\/div><\/div><\/div><\/p>\n","protected":false},"excerpt":{"rendered":"","protected":false},"author":258,"featured_media":0,"parent":4951,"menu_order":0,"comment_status":"closed","ping_status":"closed","template":"","meta":{"_seopress_robots_primary_cat":"","_seopress_titles_title":"","_seopress_titles_desc":"","_seopress_robots_index":"","footnotes":""},"class_list":["post-5236","page","type-page","status-publish","hentry"],"_links":{"self":[{"href":"https:\/\/www.service-public.pf\/dhv\/wp-json\/wp\/v2\/pages\/5236","targetHints":{"allow":["GET"]}}],"collection":[{"href":"https:\/\/www.service-public.pf\/dhv\/wp-json\/wp\/v2\/pages"}],"about":[{"href":"https:\/\/www.service-public.pf\/dhv\/wp-json\/wp\/v2\/types\/page"}],"author":[{"embeddable":true,"href":"https:\/\/www.service-public.pf\/dhv\/wp-json\/wp\/v2\/users\/258"}],"replies":[{"embeddable":true,"href":"https:\/\/www.service-public.pf\/dhv\/wp-json\/wp\/v2\/comments?post=5236"}],"version-history":[{"count":8,"href":"https:\/\/www.service-public.pf\/dhv\/wp-json\/wp\/v2\/pages\/5236\/revisions"}],"predecessor-version":[{"id":5766,"href":"https:\/\/www.service-public.pf\/dhv\/wp-json\/wp\/v2\/pages\/5236\/revisions\/5766"}],"up":[{"embeddable":true,"href":"https:\/\/www.service-public.pf\/dhv\/wp-json\/wp\/v2\/pages\/4951"}],"wp:attachment":[{"href":"https:\/\/www.service-public.pf\/dhv\/wp-json\/wp\/v2\/media?parent=5236"}],"curies":[{"name":"wp","href":"https:\/\/api.w.org\/{rel}","templated":true}]}}