{"id":5532,"date":"2025-02-27T22:22:49","date_gmt":"2025-02-27T21:22:49","guid":{"rendered":"https:\/\/www.service-public.pf\/dhv\/?page_id=5532"},"modified":"2026-02-10T23:53:11","modified_gmt":"2026-02-10T22:53:11","slug":"je-souhaite-devenir-locataire","status":"publish","type":"page","link":"https:\/\/www.service-public.pf\/dhv\/logement-social-prive\/je-souhaite-devenir-locataire\/","title":{"rendered":"Je souhaite devenir locataire"},"content":{"rendered":"<p><div class=\"fusion-fullwidth fullwidth-box fusion-builder-row-1 fusion-flex-container fusion-parallax-none nonhundred-percent-fullwidth non-hundred-percent-height-scrolling\" style=\"--awb-border-radius-top-left:0px;--awb-border-radius-top-right:0px;--awb-border-radius-bottom-right:0px;--awb-border-radius-bottom-left:0px;--awb-padding-top:7%;--awb-padding-right:5%;--awb-padding-bottom:5%;--awb-padding-left:15%;--awb-margin-top:60px;--awb-background-image:url(&quot;https:\/\/www.service-public.pf\/dhv\/wp-content\/uploads\/sites\/56\/2022\/07\/Head-image_OPLS.png&quot;);--awb-background-size:cover;--awb-flex-wrap:wrap;\" ><div class=\"fusion-builder-row fusion-row fusion-flex-align-items-flex-start fusion-flex-content-wrap\" style=\"max-width:104%;margin-left: calc(-4% \/ 2 );margin-right: calc(-4% \/ 2 );\"><div class=\"fusion-layout-column fusion_builder_column fusion-builder-column-0 fusion_builder_column_1_1 1_1 fusion-flex-column\" style=\"--awb-bg-size:cover;--awb-width-large:100%;--awb-margin-top-large:0px;--awb-spacing-right-large:0px;--awb-margin-bottom-large:0px;--awb-spacing-left-large:0px;--awb-width-medium:100%;--awb-order-medium:0;--awb-spacing-right-medium:0px;--awb-spacing-left-medium:0px;--awb-width-small:100%;--awb-order-small:0;--awb-spacing-right-small:1.92%;--awb-spacing-left-small:1.92%;\"><div class=\"fusion-column-wrapper fusion-column-has-shadow fusion-flex-justify-content-flex-start fusion-content-layout-column\"><div class=\"fusion-title title fusion-title-1 fusion-sep-none fusion-title-text fusion-title-size-one vct_title vct_title_uppercase\" style=\"--awb-text-color:#f95738;--awb-margin-right:5%;--awb-margin-bottom:40px;--awb-margin-top-small:10px;--awb-margin-right-small:0px;--awb-margin-bottom-small:10px;--awb-margin-left-small:0px;--awb-font-size:50px;\"><h1 class=\"fusion-title-heading title-heading-left\" style=\"margin:0;font-size:1em;\"><span style=\"color: #ffffff\">JE SOUHAITE DEVENIR<strong> LOCATAIRE<\/strong><\/span><\/h1><\/div><\/div><\/div><\/div><\/div><div class=\"fusion-fullwidth fullwidth-box fusion-builder-row-2 fusion-flex-container fusion-parallax-none nonhundred-percent-fullwidth non-hundred-percent-height-scrolling\" style=\"--awb-border-radius-top-left:0px;--awb-border-radius-top-right:0px;--awb-border-radius-bottom-right:0px;--awb-border-radius-bottom-left:0px;--awb-padding-top:30px;--awb-padding-right:5%;--awb-padding-left:7%;--awb-background-color:#edeff4;--awb-background-image:url(&quot;https:\/\/www.service-public.pf\/dhv\/wp-content\/uploads\/sites\/56\/2022\/07\/r1-1.png&quot;);--awb-background-size:cover;--awb-flex-wrap:wrap;\" ><div class=\"fusion-builder-row fusion-row fusion-flex-align-items-flex-start fusion-flex-content-wrap\" style=\"max-width:104%;margin-left: calc(-4% \/ 2 );margin-right: calc(-4% \/ 2 );\"><div class=\"fusion-layout-column fusion_builder_column fusion-builder-column-1 fusion_builder_column_3_4 3_4 fusion-flex-column\" style=\"--awb-bg-size:cover;--awb-width-large:75%;--awb-margin-top-large:0px;--awb-spacing-right-large:2.56%;--awb-margin-bottom-large:20px;--awb-spacing-left-large:2.56%;--awb-width-medium:75%;--awb-order-medium:0;--awb-spacing-right-medium:2.56%;--awb-spacing-left-medium:2.56%;--awb-width-small:100%;--awb-order-small:0;--awb-spacing-right-small:1.92%;--awb-spacing-left-small:1.92%;\"><div class=\"fusion-column-wrapper fusion-column-has-shadow fusion-flex-justify-content-flex-start fusion-content-layout-column\"><nav class=\"fusion-breadcrumbs fusion-breadcrumbs-1 vct_breadcrumbs\" style=\"--awb-text-hover-color:#f95738;--awb-breadcrumb-sep:&#039;&gt;&#039;;\" aria-label=\"Breadcrumb\"><ol class=\"awb-breadcrumb-list\"><li class=\"fusion-breadcrumb-item awb-breadcrumb-sep awb-home\" ><a href=\"https:\/\/www.service-public.pf\/dhv\" class=\"fusion-breadcrumb-link\"><span >Home<\/span><\/a><\/li><\/ol><\/nav><\/div><\/div><div class=\"fusion-layout-column fusion_builder_column fusion-builder-column-2 fusion_builder_column_3_4 3_4 fusion-flex-column vct_flex_container_form\" style=\"--awb-bg-size:cover;--awb-width-large:75%;--awb-margin-top-large:0px;--awb-spacing-right-large:2.56%;--awb-margin-bottom-large:20px;--awb-spacing-left-large:2.56%;--awb-width-medium:75%;--awb-order-medium:0;--awb-spacing-right-medium:2.56%;--awb-spacing-left-medium:2.56%;--awb-width-small:100%;--awb-order-small:0;--awb-spacing-right-small:1.92%;--awb-spacing-left-small:1.92%;\"><div class=\"fusion-column-wrapper fusion-column-has-shadow fusion-flex-justify-content-flex-start fusion-content-layout-column\"><div class=\"fusion-builder-row fusion-builder-row-inner fusion-row fusion-flex-align-items-flex-start fusion-flex-content-wrap\" style=\"--awb-flex-grow:0;--awb-flex-grow-medium:0;--awb-flex-grow-small:0;--awb-flex-shrink:0;--awb-flex-shrink-medium:0;--awb-flex-shrink-small:0;width:104% !important;max-width:104% !important;margin-left: calc(-4% \/ 2 );margin-right: calc(-4% \/ 2 );\"><div class=\"fusion-layout-column fusion_builder_column_inner fusion-builder-nested-column-0 fusion_builder_column_inner_1_1 1_1 fusion-flex-column\" style=\"--awb-padding-top:30px;--awb-padding-right:30px;--awb-padding-bottom:30px;--awb-padding-left:30px;--awb-bg-color:#ffffff;--awb-bg-color-hover:#ffffff;--awb-bg-size:cover;--awb-box-shadow:1px 2px 5px 0px rgba(0,0,0,0.3);;--awb-width-large:100%;--awb-margin-top-large:0px;--awb-spacing-right-large:1.92%;--awb-margin-bottom-large:20px;--awb-spacing-left-large:1.92%;--awb-width-medium:100%;--awb-order-medium:0;--awb-spacing-right-medium:1.92%;--awb-spacing-left-medium:1.92%;--awb-width-small:100%;--awb-order-small:0;--awb-spacing-right-small:1.92%;--awb-spacing-left-small:1.92%;\"><div class=\"fusion-column-wrapper fusion-column-has-shadow fusion-flex-justify-content-flex-start fusion-content-layout-column\"><div class=\"fusion-title title fusion-title-2 fusion-sep-none fusion-title-text fusion-title-size-two\" style=\"--awb-text-color:#0babd4;--awb-margin-top:-2%;--awb-margin-bottom:-2%;--awb-margin-top-small:10px;--awb-margin-right-small:0px;--awb-margin-bottom-small:10px;--awb-margin-left-small:0px;--awb-font-size:50px;\"><h2 class=\"fusion-title-heading title-heading-left\" style=\"margin:0;font-size:1em;\"><h1 style=\"text-align: center\"><span style=\"color: #c7361b\">Je suis DEMANDEUR<\/span><\/h1><\/h2><\/div><div class=\"fusion-text fusion-text-1\"><\/div><div class=\"accordian fusion-accordian\" style=\"--awb-border-size:1px;--awb-icon-size:16px;--awb-content-font-size:16px;--awb-icon-alignment:left;--awb-hover-color:#f9f9fb;--awb-border-color:#e2e2e2;--awb-background-color:#ffffff;--awb-divider-color:#e2e2e2;--awb-divider-hover-color:#e2e2e2;--awb-icon-color:#ffffff;--awb-title-color:#212934;--awb-content-color:#4a4e57;--awb-icon-box-color:#212934;--awb-toggle-hover-accent-color:#c7361b;--awb-toggle-active-accent-color:#c7361b;--awb-title-font-family:&quot;Roboto&quot;;--awb-title-font-weight:400;--awb-title-font-style:normal;--awb-content-font-family:&quot;Open Sans&quot;;--awb-content-font-style:normal;--awb-content-font-weight:400;\"><div class=\"panel-group fusion-toggle-icon-boxed\" id=\"accordion-5532-1\"><div class=\"fusion-panel panel-default panel-c86bd4d9a88f3a958 fusion-toggle-has-divider\" style=\"--awb-title-color:#212934;--awb-content-color:#4a4e57;\"><div class=\"panel-heading\"><h4 class=\"panel-title toggle\" id=\"toggle_c86bd4d9a88f3a958\"><a aria-expanded=\"false\" aria-controls=\"c86bd4d9a88f3a958\" role=\"button\" data-toggle=\"collapse\" data-parent=\"#accordion-5532-1\" data-target=\"#c86bd4d9a88f3a958\" href=\"#c86bd4d9a88f3a958\"><span class=\"fusion-toggle-icon-wrapper\" aria-hidden=\"true\"><i class=\"fa-fusion-box active-icon awb-icon-minus\" aria-hidden=\"true\"><\/i><i class=\"fa-fusion-box inactive-icon fa-id-badge fas\" aria-hidden=\"true\"><\/i><\/span><span class=\"fusion-toggle-heading\">QUELLES SONT LES CONDITIONS D'\u00c9LIGIBILIT\u00c9<\/span><\/a><\/h4><\/div><div id=\"c86bd4d9a88f3a958\" class=\"panel-collapse collapse \" aria-labelledby=\"toggle_c86bd4d9a88f3a958\"><div class=\"panel-body toggle-content fusion-clearfix\">\n<p>Les logements sont attribu\u00e9s \u00e0 des m\u00e9nages qui ne sont pas d\u00e9j\u00e0 propri\u00e9taires d\u2019un logement et dont le revenu mensuel moyen est inf\u00e9rieur au seuil d\u00e9termin\u00e9 par arr\u00eat\u00e9 pris en Conseil des ministres, en consid\u00e9ration du nombre de personnes composant le foyer.<\/p>\n<p>Les plafonds de revenu \u00e0 titre indicatif sont les suivants\u00a0:<\/p>\n<table style=\"border-collapse: collapse;width: 55.3004%;height: 177px;border: 1px solid gray;margin-bottom: 20px\">\n<tbody>\n<tr style=\"height: 24px\">\n<td style=\"width: 40.9698%;height: 24px;border: 1px solid gray\"><strong>M\u00e9nages \u00e9ligibles au titre du logement social<\/strong><\/td>\n<td style=\"width: 10.1997%;height: 24px;text-align: center;border: 1px solid gray\"><strong>Plafonds<\/strong><\/td>\n<td style=\"width: 9.84405%;height: 24px;text-align: center;border: 1px solid gray\"><strong>Multiple du SMIG<\/strong><\/td>\n<\/tr>\n<tr style=\"height: 24px\">\n<td style=\"width: 40.9698%;height: 24px;border: 1px solid gray\">Personne seule<\/td>\n<td style=\"width: 10.1997%;height: 24px;text-align: center;border: 1px solid gray\">194 896<\/td>\n<td style=\"width: 9.84405%;height: 24px;text-align: center;border: 1px solid gray\">1,23<\/td>\n<\/tr>\n<tr style=\"height: 24px\">\n<td style=\"width: 40.9698%;height: 24px;border: 1px solid gray\">Couple<\/td>\n<td style=\"width: 10.1997%;height: 24px;text-align: center;border: 1px solid gray\">360 432<\/td>\n<td style=\"width: 9.84405%;height: 24px;text-align: center;border: 1px solid gray\">2,27<\/td>\n<\/tr>\n<tr style=\"height: 10px\">\n<td style=\"width: 40.9698%;height: 10px;border: 1px solid gray\">Personne seule ou couple ayant une personne \u00e0 charge<\/td>\n<td style=\"width: 10.1997%;height: 10px;text-align: center;border: 1px solid gray\">381 265<\/td>\n<td style=\"width: 9.84405%;height: 10px;text-align: center;border: 1px solid gray\">2,40<\/td>\n<\/tr>\n<tr style=\"height: 23px\">\n<td style=\"width: 40.9698%;height: 23px;border: 1px solid gray\">Personne seule ou couple ayant deux personnes \u00e0 charge<\/td>\n<td style=\"width: 10.1997%;height: 23px;text-align: center;border: 1px solid gray\">402 123<\/td>\n<td style=\"width: 9.84405%;height: 23px;text-align: center;border: 1px solid gray\">2,53<\/td>\n<\/tr>\n<tr style=\"height: 24px\">\n<td style=\"width: 40.9698%;height: 24px;border: 1px solid gray\">Personne seule ou couple ayant trois personnes \u00e0 charge<\/td>\n<td style=\"width: 10.1997%;height: 24px;text-align: center;border: 1px solid gray\">429 961<\/td>\n<td style=\"width: 9.84405%;height: 24px;text-align: center;border: 1px solid gray\">2,70<\/td>\n<\/tr>\n<tr style=\"height: 24px\">\n<td style=\"width: 40.9698%;height: 24px;border: 1px solid gray\">Personne seule ou couple ayant quatre personnes \u00e0 charge<\/td>\n<td style=\"width: 10.1997%;height: 24px;text-align: center;border: 1px solid gray\">457 817<\/td>\n<td style=\"width: 9.84405%;height: 24px;text-align: center;border: 1px solid gray\">2,88<\/td>\n<\/tr>\n<tr style=\"height: 24px\">\n<td style=\"width: 40.9698%;height: 24px;border: 1px solid gray\">Personne suppl\u00e9mentaire \u00e0 charge<\/td>\n<td style=\"width: 10.1997%;height: 24px;text-align: center;border: 1px solid gray\">29 274<\/td>\n<td style=\"width: 9.84405%;height: 24px;text-align: center;border: 1px solid gray\">0,18<\/td>\n<\/tr>\n<\/tbody>\n<\/table>\n<table style=\"width: 55.3916%;border-collapse: collapse;border: 1px solid gray\">\n<tbody>\n<tr>\n<td style=\"width: 66.6132%;border: 1px solid gray\"><strong>M\u00e9nages \u00e9ligibles au titre du logement interm\u00e9diaire<\/strong><\/td>\n<td style=\"width: 16.3724%;text-align: center;border: 1px solid gray\"><strong>Plafonds<\/strong><\/td>\n<td style=\"width: 16.0567%;text-align: center;border: 1px solid gray\"><strong>Multiple du SMIG<\/strong><\/td>\n<\/tr>\n<tr>\n<td style=\"width: 66.6132%;border: 1px solid gray\">Personne seule<\/td>\n<td style=\"width: 16.3724%;text-align: center;border: 1px solid gray\">253 365<\/td>\n<td style=\"width: 16.0567%;text-align: center;border: 1px solid gray\">1,59<\/td>\n<\/tr>\n<tr>\n<td style=\"width: 66.6132%;border: 1px solid gray\">Couple<\/td>\n<td style=\"width: 16.3724%;text-align: center;border: 1px solid gray\">468 561<\/td>\n<td style=\"width: 16.0567%;text-align: center;border: 1px solid gray\">2,95<\/td>\n<\/tr>\n<tr>\n<td style=\"width: 66.6132%;border: 1px solid gray\">Personne seule ou couple ayant une personne \u00e0 charge<\/td>\n<td style=\"width: 16.3724%;text-align: center;border: 1px solid gray\">495 644<\/td>\n<td style=\"width: 16.0567%;text-align: center;border: 1px solid gray\">3,12<\/td>\n<\/tr>\n<tr>\n<td style=\"width: 66.6132%;border: 1px solid gray\">Personne seule ou couple ayant deux personnes \u00e0 charge<\/td>\n<td style=\"width: 16.3724%;text-align: center;border: 1px solid gray\">522 760<\/td>\n<td style=\"width: 16.0567%;text-align: center;border: 1px solid gray\">3,29<\/td>\n<\/tr>\n<tr>\n<td style=\"width: 66.6132%;border: 1px solid gray\">Personne seule ou couple ayant trois personnes \u00e0 charge<\/td>\n<td style=\"width: 16.3724%;text-align: center;border: 1px solid gray\">558 949<\/td>\n<td style=\"width: 16.0567%;text-align: center;border: 1px solid gray\">3,51<\/td>\n<\/tr>\n<tr>\n<td style=\"width: 66.6132%;border: 1px solid gray\">Personne seule ou couple ayant quatre personnes \u00e0 charge<\/td>\n<td style=\"width: 16.3724%;text-align: center;border: 1px solid gray\">595 163<\/td>\n<td style=\"width: 16.0567%;text-align: center;border: 1px solid gray\">3,74<\/td>\n<\/tr>\n<tr>\n<td style=\"width: 66.6132%;border: 1px solid gray\">Personne suppl\u00e9mentaire \u00e0 charge<\/td>\n<td style=\"width: 16.3724%;text-align: center;border: 1px solid gray\">38 056<\/td>\n<td style=\"width: 16.0567%;text-align: center;border: 1px solid gray\">0,24<\/td>\n<\/tr>\n<\/tbody>\n<\/table>\n<\/div><\/div><\/div><div class=\"fusion-panel panel-default panel-b31bd4a84cbc6a8b6 fusion-toggle-has-divider\" style=\"--awb-title-color:#212934;--awb-content-color:#4a4e57;\"><div class=\"panel-heading\"><h4 class=\"panel-title toggle\" id=\"toggle_b31bd4a84cbc6a8b6\"><a aria-expanded=\"false\" aria-controls=\"b31bd4a84cbc6a8b6\" role=\"button\" data-toggle=\"collapse\" data-parent=\"#accordion-5532-1\" data-target=\"#b31bd4a84cbc6a8b6\" href=\"#b31bd4a84cbc6a8b6\"><span class=\"fusion-toggle-icon-wrapper\" aria-hidden=\"true\"><i class=\"fa-fusion-box active-icon awb-icon-minus\" aria-hidden=\"true\"><\/i><i class=\"fa-fusion-box inactive-icon fa-id-badge fas\" aria-hidden=\"true\"><\/i><\/span><span class=\"fusion-toggle-heading\">QUELLE EST LA PROC\u00c9DURE ADMINISTRATIVE \u00c0 SUIVRE ?<\/span><\/a><\/h4><\/div><div id=\"b31bd4a84cbc6a8b6\" class=\"panel-collapse collapse \" aria-labelledby=\"toggle_b31bd4a84cbc6a8b6\"><div class=\"panel-body toggle-content fusion-clearfix\">\n<p>Le demandeur compl\u00e8te un formulaire mis \u00e0 disposition par les OPLS, comprenant notamment les informations suivantes\u00a0:<\/p>\n<ul>\n<li>La destination du logement souhait\u00e9e (location simple ou location-vente)\u00a0;<\/li>\n<li>La localisation g\u00e9ographique souhait\u00e9e\u00a0;<\/li>\n<li>La composition du m\u00e9nage\u00a0;<\/li>\n<li>Le revenu mensuel moyen du m\u00e9nage.<\/li>\n<\/ul>\n<p>Le formulaire est accompagn\u00e9 \u00e0 minima, des pi\u00e8ces justificatives suivantes :<\/p>\n<ul>\n<li>La copie de la pi\u00e8ce d\u2019identit\u00e9 du demandeur ou codemandeur\u00a0;<\/li>\n<li>La copie de la carte CPS du demandeur et de toutes les personnes qui compose le foyer, en cours de validit\u00e9\u00a0;<\/li>\n<li>Le relev\u00e9 d\u2019informations de la CPS justifiant des revenus du m\u00e9nage ou \u00e0 d\u00e9faut les justificatifs des revenus du m\u00e9nage sur la p\u00e9riode des 12 mois pr\u00e9c\u00e9dents la date d\u2019enregistrement de la demande de logement\u00a0;<\/li>\n<li>Le relev\u00e9 des transcriptions hypoth\u00e9caires au nom du demandeur et du codemandeur datant de moins de 3 mois avant la date d\u2019enregistrement de la demande\u00a0;<\/li>\n<li>Le justificatif de la pension alimentaire vers\u00e9e ou per\u00e7ue.<\/li>\n<\/ul>\n<p>Le dossier de demande recevable et \u00e9ligible fait l\u2019objet d\u2019un enregistrement par l\u2019OPLS qui soumet pour examen et avis \u00e0 la commission d\u2019attribution des logements.<\/p>\n<p>Le demandeur est inform\u00e9 de la d\u00e9cision d\u2019attribution par courrier.<\/p>\n<p>L\u2019attribution d\u00e9finitive du logement est formalis\u00e9e par la signature d\u2019un bail de location simple ou d\u2019un contrat de location-vente.<\/p>\n<\/div><\/div><\/div><div class=\"fusion-panel panel-default panel-bc16c6909b3eaaf2d fusion-toggle-has-divider\" style=\"--awb-title-color:#212934;--awb-content-color:#4a4e57;\"><div class=\"panel-heading\"><h4 class=\"panel-title toggle\" id=\"toggle_bc16c6909b3eaaf2d\"><a aria-expanded=\"false\" aria-controls=\"bc16c6909b3eaaf2d\" role=\"button\" data-toggle=\"collapse\" data-parent=\"#accordion-5532-1\" data-target=\"#bc16c6909b3eaaf2d\" href=\"#bc16c6909b3eaaf2d\"><span class=\"fusion-toggle-icon-wrapper\" aria-hidden=\"true\"><i class=\"fa-fusion-box active-icon awb-icon-minus\" aria-hidden=\"true\"><\/i><i class=\"fa-fusion-box inactive-icon fa-id-badge fas\" aria-hidden=\"true\"><\/i><\/span><span class=\"fusion-toggle-heading\">COMMENT D\u00c9POSER MON DOSSIER DE DEMANDE ?<\/span><\/a><\/h4><\/div><div id=\"bc16c6909b3eaaf2d\" class=\"panel-collapse collapse \" aria-labelledby=\"toggle_bc16c6909b3eaaf2d\"><div class=\"panel-body toggle-content fusion-clearfix\">\n<p>Consulter la rubrique \u00ab\u00a0Les programmes agr\u00e9\u00e9s\u00a0\u00bb afin de cibler la r\u00e9sidence souhait\u00e9e puis contacter les OPLS via les informations de contact disponibles.<\/p>\n<\/div><\/div><\/div><\/div><\/div><\/div><\/div><\/div><\/div><\/div><div class=\"fusion-layout-column fusion_builder_column fusion-builder-column-3 fusion_builder_column_1_4 1_4 fusion-flex-column\" style=\"--awb-bg-size:cover;--awb-width-large:25%;--awb-margin-top-large:0px;--awb-spacing-right-large:7.68%;--awb-margin-bottom-large:20px;--awb-spacing-left-large:7.68%;--awb-width-medium:25%;--awb-order-medium:0;--awb-spacing-right-medium:7.68%;--awb-spacing-left-medium:7.68%;--awb-width-small:100%;--awb-order-small:0;--awb-spacing-right-small:1.92%;--awb-spacing-left-small:1.92%;\"><div class=\"fusion-column-wrapper fusion-column-has-shadow fusion-flex-justify-content-flex-start fusion-content-layout-column\"><div class=\"fusion-builder-row fusion-builder-row-inner fusion-row fusion-flex-align-items-flex-start fusion-flex-content-wrap\" style=\"--awb-flex-grow:0;--awb-flex-grow-medium:0;--awb-flex-grow-small:0;--awb-flex-shrink:0;--awb-flex-shrink-medium:0;--awb-flex-shrink-small:0;width:104% !important;max-width:104% !important;margin-left: calc(-4% \/ 2 );margin-right: calc(-4% \/ 2 );\"><div class=\"fusion-layout-column fusion_builder_column_inner fusion-builder-nested-column-1 fusion_builder_column_inner_1_1 1_1 fusion-flex-column\" style=\"--awb-padding-top:10px;--awb-padding-right:30px;--awb-padding-bottom:10px;--awb-padding-left:30px;--awb-bg-color:#ffffff;--awb-bg-color-hover:#ffffff;--awb-bg-size:cover;--awb-box-shadow:1px 2px 5px 0px rgba(0,0,0,0.3);;--awb-width-large:100%;--awb-margin-top-large:0px;--awb-spacing-right-large:1.92%;--awb-margin-bottom-large:20px;--awb-spacing-left-large:1.92%;--awb-width-medium:100%;--awb-order-medium:0;--awb-spacing-right-medium:1.92%;--awb-spacing-left-medium:1.92%;--awb-width-small:100%;--awb-order-small:0;--awb-spacing-right-small:1.92%;--awb-spacing-left-small:1.92%;\"><div class=\"fusion-column-wrapper fusion-column-has-shadow fusion-flex-justify-content-flex-start fusion-content-layout-column\"><div style=\"text-align:center;\"><a class=\"fusion-button button-flat button-xlarge button-custom fusion-button-default button-1 fusion-button-default-span fusion-button-default-type\" style=\"--button_accent_color:#ffffff;--button_accent_hover_color:#ffffff;--button_border_hover_color:#ffffff;--button-border-radius-top-left:5px;--button-border-radius-top-right:5px;--button-border-radius-bottom-right:5px;--button-border-radius-bottom-left:5px;--button_gradient_top_color:#f9b122;--button_gradient_bottom_color:#f9b122;--button_gradient_top_color_hover:#f9b122;--button_gradient_bottom_color_hover:#f9b122;\" target=\"_self\"><i class=\"fa-file-alt fas awb-button__icon awb-button__icon--default button-icon-left\" aria-hidden=\"true\"><\/i><span class=\"fusion-button-text awb-button__text awb-button__text--default\">Source r\u00e8glementaire<\/span><\/a><\/div><div class=\"fusion-text fusion-text-2\" style=\"--awb-margin-top:10px;\"><p><a href=\"http:\/\/lexpol.cloud.pf\/LexpolAfficheTexte.php?texte=471256\" target=\"_blank\" rel=\"noopener\">Arr\u00eat\u00e9 n\u00b0 1359 CM du 15 septembre 2016 portant application de la loi du pays n\u00b0 2016-34 du 29 ao\u00fbt 2016 relative aux organismes priv\u00e9s de logement social<\/a><\/p>\n<\/div><\/div><\/div><div class=\"fusion-layout-column fusion_builder_column_inner fusion-builder-nested-column-2 fusion_builder_column_inner_1_1 1_1 fusion-flex-column\" style=\"--awb-padding-top:10px;--awb-padding-right:30px;--awb-padding-bottom:10px;--awb-padding-left:30px;--awb-bg-color:#ffffff;--awb-bg-color-hover:#ffffff;--awb-bg-size:cover;--awb-box-shadow:1px 2px 5px 0px rgba(0,0,0,0.3);;--awb-width-large:100%;--awb-margin-top-large:0px;--awb-spacing-right-large:1.92%;--awb-margin-bottom-large:20px;--awb-spacing-left-large:1.92%;--awb-width-medium:100%;--awb-order-medium:0;--awb-spacing-right-medium:1.92%;--awb-spacing-left-medium:1.92%;--awb-width-small:100%;--awb-order-small:0;--awb-spacing-right-small:1.92%;--awb-spacing-left-small:1.92%;\"><div class=\"fusion-column-wrapper fusion-column-has-shadow fusion-flex-justify-content-flex-start fusion-content-layout-column\"><div style=\"text-align:center;\"><a class=\"fusion-button button-flat button-xlarge button-custom fusion-button-default button-2 fusion-button-default-span fusion-button-default-type\" style=\"--button_accent_color:#ffffff;--button_accent_hover_color:#ffffff;--button_border_hover_color:#ffffff;--button-border-radius-top-left:5px;--button-border-radius-top-right:5px;--button-border-radius-bottom-right:5px;--button-border-radius-bottom-left:5px;--button_gradient_top_color:#c7361b;--button_gradient_bottom_color:#c7361b;--button_gradient_top_color_hover:#c7361b;--button_gradient_bottom_color_hover:#c7361b;\" target=\"_self\"><i class=\"fa-file-alt fas awb-button__icon awb-button__icon--default button-icon-left\" aria-hidden=\"true\"><\/i><span class=\"fusion-button-text awb-button__text awb-button__text--default\">\u00c0 voir aussi<\/span><\/a><\/div><div class=\"fusion-text fusion-text-3\" style=\"--awb-margin-top:10px;\"><p><a href=\"https:\/\/www.mes-demarches.gov.pf\/admin\/procedures\/1236\/apercu\" target=\"_blank\" rel=\"noopener\">Formulaire de demande d&rsquo;agr\u00e9ment<\/a><br \/>\n<a href=\"https:\/\/www.service-public.pf\/dhv\/logement-social-prive\/je-veux-devenir-opls\/\">Je souhaite devenir OPLS<\/a><\/p>\n<\/div><\/div><\/div><\/div><\/div><\/div><\/div><\/div><\/p>\n","protected":false},"excerpt":{"rendered":"","protected":false},"author":145,"featured_media":0,"parent":849,"menu_order":3,"comment_status":"closed","ping_status":"closed","template":"","meta":{"_seopress_robots_primary_cat":"","_seopress_titles_title":"","_seopress_titles_desc":"","_seopress_robots_index":"","footnotes":""},"class_list":["post-5532","page","type-page","status-publish","hentry"],"_links":{"self":[{"href":"https:\/\/www.service-public.pf\/dhv\/wp-json\/wp\/v2\/pages\/5532","targetHints":{"allow":["GET"]}}],"collection":[{"href":"https:\/\/www.service-public.pf\/dhv\/wp-json\/wp\/v2\/pages"}],"about":[{"href":"https:\/\/www.service-public.pf\/dhv\/wp-json\/wp\/v2\/types\/page"}],"author":[{"embeddable":true,"href":"https:\/\/www.service-public.pf\/dhv\/wp-json\/wp\/v2\/users\/145"}],"replies":[{"embeddable":true,"href":"https:\/\/www.service-public.pf\/dhv\/wp-json\/wp\/v2\/comments?post=5532"}],"version-history":[{"count":14,"href":"https:\/\/www.service-public.pf\/dhv\/wp-json\/wp\/v2\/pages\/5532\/revisions"}],"predecessor-version":[{"id":5937,"href":"https:\/\/www.service-public.pf\/dhv\/wp-json\/wp\/v2\/pages\/5532\/revisions\/5937"}],"up":[{"embeddable":true,"href":"https:\/\/www.service-public.pf\/dhv\/wp-json\/wp\/v2\/pages\/849"}],"wp:attachment":[{"href":"https:\/\/www.service-public.pf\/dhv\/wp-json\/wp\/v2\/media?parent=5532"}],"curies":[{"name":"wp","href":"https:\/\/api.w.org\/{rel}","templated":true}]}}