{"id":5751,"date":"2025-10-17T01:33:59","date_gmt":"2025-10-16T23:33:59","guid":{"rendered":"https:\/\/www.service-public.pf\/dhv\/?page_id=5751"},"modified":"2025-10-17T01:33:59","modified_gmt":"2025-10-16T23:33:59","slug":"tous-types-de-menages","status":"publish","type":"page","link":"https:\/\/www.service-public.pf\/dhv\/guides-des-aides-au-logement\/menages\/les-aides-de-laitspf\/tous-types-de-menages\/","title":{"rendered":"Tous types de m\u00e9nages"},"content":{"rendered":"<p><div class=\"fusion-fullwidth fullwidth-box fusion-builder-row-1 fusion-flex-container fusion-parallax-none nonhundred-percent-fullwidth non-hundred-percent-height-scrolling\" style=\"--awb-border-radius-top-left:0px;--awb-border-radius-top-right:0px;--awb-border-radius-bottom-right:0px;--awb-border-radius-bottom-left:0px;--awb-padding-top:7%;--awb-padding-right:5%;--awb-padding-bottom:5%;--awb-padding-left:15%;--awb-background-image:url(&quot;https:\/\/www.service-public.pf\/dhv\/wp-content\/uploads\/sites\/56\/2024\/09\/Menages.png&quot;);--awb-background-size:cover;--awb-flex-wrap:wrap;\" ><div class=\"fusion-builder-row fusion-row fusion-flex-align-items-center fusion-flex-justify-content-center fusion-flex-content-wrap\" style=\"max-width:104%;margin-left: calc(-4% \/ 2 );margin-right: calc(-4% \/ 2 );\"><div class=\"fusion-layout-column fusion_builder_column fusion-builder-column-0 fusion_builder_column_1_1 1_1 fusion-flex-column\" style=\"--awb-bg-size:cover;--awb-width-large:100%;--awb-margin-top-large:0px;--awb-spacing-right-large:0px;--awb-margin-bottom-large:0px;--awb-spacing-left-large:0px;--awb-width-medium:100%;--awb-order-medium:0;--awb-spacing-right-medium:0px;--awb-spacing-left-medium:0px;--awb-width-small:100%;--awb-order-small:0;--awb-spacing-right-small:1.92%;--awb-spacing-left-small:1.92%;\"><div class=\"fusion-column-wrapper fusion-column-has-shadow fusion-flex-justify-content-flex-start fusion-content-layout-column\"><div class=\"fusion-title title fusion-title-1 fusion-sep-none fusion-title-text fusion-title-size-one vct_title vct_title_uppercase\" style=\"--awb-text-color:#f95738;--awb-margin-right:5%;--awb-margin-bottom:40px;--awb-margin-top-small:10px;--awb-margin-right-small:0px;--awb-margin-bottom-small:10px;--awb-margin-left-small:0px;--awb-font-size:50px;\"><h1 class=\"fusion-title-heading title-heading-left\" style=\"margin:0;font-size:1em;\"><p><span style=\"color: #ea526f\"><strong>Tous types de m\u00e9nages<\/strong><\/span><strong><br \/>\n<\/strong><\/p><\/h1><\/div><\/div><\/div><\/div><\/div><div class=\"fusion-fullwidth fullwidth-box fusion-builder-row-2 fusion-flex-container has-pattern-background has-mask-background fusion-parallax-none nonhundred-percent-fullwidth non-hundred-percent-height-scrolling fusion-custom-z-index\" style=\"--awb-border-radius-top-left:0px;--awb-border-radius-top-right:0px;--awb-border-radius-bottom-right:0px;--awb-border-radius-bottom-left:0px;--awb-z-index:99;--awb-padding-top:30px;--awb-padding-right:5%;--awb-padding-left:7%;--awb-background-color:#f5f5f5;--awb-background-image:url(&quot;https:\/\/www.service-public.pf\/dhv\/wp-content\/uploads\/sites\/56\/2024\/07\/BACK-GROUND-WEBSITE-DHV2.png&quot;);--awb-background-size:cover;--awb-flex-wrap:wrap;\" ><div class=\"fusion-builder-row fusion-row fusion-flex-align-items-flex-start fusion-flex-content-wrap\" style=\"max-width:104%;margin-left: calc(-4% \/ 2 );margin-right: calc(-4% \/ 2 );\"><div class=\"fusion-layout-column fusion_builder_column fusion-builder-column-1 fusion_builder_column_1_1 1_1 fusion-flex-column\" style=\"--awb-bg-size:cover;--awb-width-large:100%;--awb-margin-top-large:1%;--awb-spacing-right-large:1.92%;--awb-margin-bottom-large:-1%;--awb-spacing-left-large:1.92%;--awb-width-medium:100%;--awb-order-medium:0;--awb-spacing-right-medium:1.92%;--awb-spacing-left-medium:1.92%;--awb-width-small:100%;--awb-order-small:0;--awb-spacing-right-small:1.92%;--awb-spacing-left-small:1.92%;\"><div class=\"fusion-column-wrapper fusion-column-has-shadow fusion-flex-justify-content-flex-start fusion-content-layout-column\"><nav class=\"fusion-breadcrumbs fusion-breadcrumbs-1 vct_breadcrumbs\" style=\"--awb-margin-bottom:2%;--awb-text-hover-color:#f95738;--awb-breadcrumb-sep:&#039;&gt;&#039;;\" aria-label=\"Breadcrumb\"><ol class=\"awb-breadcrumb-list\"><li class=\"fusion-breadcrumb-item awb-breadcrumb-sep awb-home\" ><a href=\"https:\/\/www.service-public.pf\/dhv\" class=\"fusion-breadcrumb-link\"><span >Home<\/span><\/a><\/li><\/ol><\/nav><\/div><\/div><div class=\"fusion-layout-column fusion_builder_column fusion-builder-column-2 fusion_builder_column_3_4 3_4 fusion-flex-column vct_flex_container_form\" style=\"--awb-padding-top:30px;--awb-padding-right:30px;--awb-padding-bottom:30px;--awb-padding-left:30px;--awb-bg-color:#ffffff;--awb-bg-color-hover:#ffffff;--awb-bg-size:cover;--awb-box-shadow:1px 2px 5px 0px rgba(0,0,0,0.3);;--awb-width-large:75%;--awb-margin-top-large:0px;--awb-spacing-right-large:2.56%;--awb-margin-bottom-large:20px;--awb-spacing-left-large:2.56%;--awb-width-medium:75%;--awb-order-medium:0;--awb-spacing-right-medium:2.56%;--awb-spacing-left-medium:2.56%;--awb-width-small:100%;--awb-order-small:0;--awb-spacing-right-small:1.92%;--awb-spacing-left-small:1.92%;\"><div class=\"fusion-column-wrapper fusion-column-has-shadow fusion-flex-justify-content-flex-start fusion-content-layout-column\"><div class=\"fusion-builder-row fusion-builder-row-inner fusion-row fusion-flex-align-items-flex-start fusion-flex-content-wrap\" style=\"--awb-flex-grow:0;--awb-flex-grow-medium:0;--awb-flex-grow-small:0;--awb-flex-shrink:0;--awb-flex-shrink-medium:0;--awb-flex-shrink-small:0;width:104% !important;max-width:104% !important;margin-left: calc(-4% \/ 2 );margin-right: calc(-4% \/ 2 );\"><div class=\"fusion-layout-column fusion_builder_column_inner fusion-builder-nested-column-0 fusion_builder_column_inner_1_1 1_1 fusion-flex-column\" style=\"--awb-bg-color:#ffffff;--awb-bg-color-hover:#ffffff;--awb-bg-size:cover;--awb-width-large:100%;--awb-margin-top-large:0px;--awb-spacing-right-large:1.92%;--awb-margin-bottom-large:20px;--awb-spacing-left-large:1.92%;--awb-width-medium:100%;--awb-order-medium:0;--awb-spacing-right-medium:1.92%;--awb-spacing-left-medium:1.92%;--awb-width-small:100%;--awb-order-small:0;--awb-spacing-right-small:1.92%;--awb-spacing-left-small:1.92%;\"><div class=\"fusion-column-wrapper fusion-column-has-shadow fusion-flex-justify-content-flex-start fusion-content-layout-column\"><div class=\"fusion-text fusion-text-1\"><p>L\u2019association \u00ab Aveia Ora \u2013 Agence Immobili\u00e8re Tr\u00e8s Sociale de Polyn\u00e9sie fran\u00e7aise \u00bb (AITSPF) est une association de la loi de 1901 cr\u00e9\u00e9e en 2020.<\/p>\n<p>\u00c0 ce titre, elle b\u00e9n\u00e9ficie du soutien de la Polyn\u00e9sie fran\u00e7aise.<\/p>\n<p>Elle mobilise et g\u00e8re des biens immobiliers issus du parc locatif priv\u00e9, au profit de personnes en grande difficult\u00e9, ne pouvant acc\u00e9der par leurs propres moyens \u00e0 un logement d\u00e9cent.<\/p>\n<\/div><\/div><\/div><div class=\"fusion-layout-column fusion_builder_column_inner fusion-builder-nested-column-1 fusion_builder_column_inner_1_1 1_1 fusion-flex-column\" style=\"--awb-bg-color:#ffffff;--awb-bg-color-hover:#ffffff;--awb-bg-size:cover;--awb-width-large:100%;--awb-margin-top-large:0px;--awb-spacing-right-large:1.92%;--awb-margin-bottom-large:20px;--awb-spacing-left-large:1.92%;--awb-width-medium:100%;--awb-order-medium:0;--awb-spacing-right-medium:1.92%;--awb-spacing-left-medium:1.92%;--awb-width-small:100%;--awb-order-small:0;--awb-spacing-right-small:1.92%;--awb-spacing-left-small:1.92%;\"><div class=\"fusion-column-wrapper fusion-column-has-shadow fusion-flex-justify-content-flex-start fusion-content-layout-column\"><div class=\"accordian fusion-accordian\" style=\"--awb-border-size:1px;--awb-icon-size:16px;--awb-content-font-size:16px;--awb-icon-alignment:left;--awb-hover-color:#f9f9fb;--awb-border-color:#e2e2e2;--awb-background-color:#ffffff;--awb-divider-color:#ea526f;--awb-divider-hover-color:#e2e2e2;--awb-icon-color:#ffffff;--awb-title-color:#212934;--awb-content-color:#4a4e57;--awb-icon-box-color:#212934;--awb-toggle-hover-accent-color:#3a4f41;--awb-toggle-active-accent-color:#3a4f41;--awb-title-font-family:&quot;Roboto&quot;;--awb-title-font-weight:400;--awb-title-font-style:normal;--awb-content-font-family:&quot;Open Sans&quot;;--awb-content-font-style:normal;--awb-content-font-weight:400;\"><div class=\"panel-group fusion-toggle-icon-boxed\" id=\"accordion-5751-1\"><div class=\"fusion-panel panel-default panel-af1be4ae1081c7918 fusion-toggle-has-divider\" style=\"--awb-title-color:#212934;--awb-content-color:#4a4e57;\"><div class=\"panel-heading\"><h4 class=\"panel-title toggle\" id=\"toggle_af1be4ae1081c7918\"><a aria-expanded=\"false\" aria-controls=\"af1be4ae1081c7918\" role=\"button\" data-toggle=\"collapse\" data-target=\"#af1be4ae1081c7918\" href=\"#af1be4ae1081c7918\"><span class=\"fusion-toggle-icon-wrapper\" aria-hidden=\"true\"><i class=\"fa-fusion-box active-icon awb-icon-minus\" aria-hidden=\"true\"><\/i><i class=\"fa-fusion-box inactive-icon fa-clipboard-check fas\" aria-hidden=\"true\"><\/i><\/span><span class=\"fusion-toggle-heading\">Pour qui ? <\/span><\/a><\/h4><\/div><div id=\"af1be4ae1081c7918\" class=\"panel-collapse collapse \" aria-labelledby=\"toggle_af1be4ae1081c7918\"><div class=\"panel-body toggle-content fusion-clearfix\">\n<p>Pour \u00eatre \u00e9ligibles \u00e0 l\u2019aide de l\u2019AITSPF, les m\u00e9nages doivent remplir les conditions suivantes :<\/p>\n<ul>\n<li>\u00catre recens\u00e9es et accompagn\u00e9es par un service social,<\/li>\n<li>\u00catre solvable,<\/li>\n<li>\u00catre engag\u00e9es dans un projet d&rsquo;accompagnement d\u00e9fini avec les services sociaux,<\/li>\n<li>Justifier d\u2019une r\u00e9sidence d\u2019au moins 10 ans en Polyn\u00e9sie fran\u00e7aise,<\/li>\n<li>Justifier de l\u2019absence de patrimoine immobilier en pleine propri\u00e9t\u00e9.<\/li>\n<\/ul>\n<\/div><\/div><\/div><div class=\"fusion-panel panel-default panel-0a9d46b5cdc918e4c fusion-toggle-has-divider\" style=\"--awb-title-color:#212934;--awb-content-color:#4a4e57;\"><div class=\"panel-heading\"><h4 class=\"panel-title toggle\" id=\"toggle_0a9d46b5cdc918e4c\"><a aria-expanded=\"false\" aria-controls=\"0a9d46b5cdc918e4c\" role=\"button\" data-toggle=\"collapse\" data-target=\"#0a9d46b5cdc918e4c\" href=\"#0a9d46b5cdc918e4c\"><span class=\"fusion-toggle-icon-wrapper\" aria-hidden=\"true\"><i class=\"fa-fusion-box active-icon awb-icon-minus\" aria-hidden=\"true\"><\/i><i class=\"fa-fusion-box inactive-icon fa-clipboard-check fas\" aria-hidden=\"true\"><\/i><\/span><span class=\"fusion-toggle-heading\">Comment ?<\/span><\/a><\/h4><\/div><div id=\"0a9d46b5cdc918e4c\" class=\"panel-collapse collapse \" aria-labelledby=\"toggle_0a9d46b5cdc918e4c\"><div class=\"panel-body toggle-content fusion-clearfix\">\n<p>Pour pouvoir obtenir une aide au logement de l\u2019AITSPF, les familles doivent se rapprocher des travailleurs sociaux des communes et\/ou de la Direction des solidarit\u00e9s, de la famille et de l\u2019\u00e9galit\u00e9 (DSFE). Ces derniers, apr\u00e8s avoir effectu\u00e9 une enqu\u00eate sociale, transmettront les demandes \u00e0 l\u2019AITSPF.<\/p>\n<p>Une r\u00e9ponse officielle sera adress\u00e9e aux services sociaux et aux demandeurs.<\/p>\n<\/div><\/div><\/div><div class=\"fusion-panel panel-default panel-f4956729f6a204bea fusion-toggle-has-divider\" style=\"--awb-title-color:#212934;--awb-content-color:#4a4e57;\"><div class=\"panel-heading\"><h4 class=\"panel-title toggle\" id=\"toggle_f4956729f6a204bea\"><a aria-expanded=\"false\" aria-controls=\"f4956729f6a204bea\" role=\"button\" data-toggle=\"collapse\" data-target=\"#f4956729f6a204bea\" href=\"#f4956729f6a204bea\"><span class=\"fusion-toggle-icon-wrapper\" aria-hidden=\"true\"><i class=\"fa-fusion-box active-icon awb-icon-minus\" aria-hidden=\"true\"><\/i><i class=\"fa-fusion-box inactive-icon fa-clipboard-check fas\" aria-hidden=\"true\"><\/i><\/span><span class=\"fusion-toggle-heading\">Combien ? <\/span><\/a><\/h4><\/div><div id=\"f4956729f6a204bea\" class=\"panel-collapse collapse \" aria-labelledby=\"toggle_f4956729f6a204bea\"><div class=\"panel-body toggle-content fusion-clearfix\">\n<p>La contribution s&rsquo;effectue selon le type de logement adapt\u00e9 au m\u00e9nage :<\/p>\n<table style=\"border-collapse: collapse;width: 28.6972%\">\n<tbody>\n<tr>\n<td style=\"width: 10.4915%;border-style: solid;border-color: #000000\">F1 ou studio<\/td>\n<td style=\"width: 18.2057%;border-style: solid;border-color: #000000;text-align: center\">5 000 F CFP<\/td>\n<\/tr>\n<tr>\n<td style=\"width: 10.4915%;border-style: solid;border-color: #000000\">F2<\/td>\n<td style=\"width: 18.2057%;border-style: solid;border-color: #000000;text-align: center\">10 000 F CFP<\/td>\n<\/tr>\n<tr>\n<td style=\"width: 10.4915%;border-style: solid;border-color: #000000\">F3<\/td>\n<td style=\"width: 18.2057%;border-style: solid;border-color: #000000;text-align: center\">15 000 F CFP<\/td>\n<\/tr>\n<tr>\n<td style=\"width: 10.4915%;border-style: solid;border-color: #000000\">F4<\/td>\n<td style=\"width: 18.2057%;border-style: solid;border-color: #000000;text-align: center\">20 000 F CFP<\/td>\n<\/tr>\n<tr>\n<td style=\"width: 10.4915%;border-style: solid;border-color: #000000\">F5<\/td>\n<td style=\"width: 18.2057%;border-style: solid;border-color: #000000;text-align: center\">25 000 F CFP<\/td>\n<\/tr>\n<\/tbody>\n<\/table>\n<p>Le b\u00e9n\u00e9ficiaire devra \u00e9galement s&rsquo;acquitter du montant du d\u00e9p\u00f4t de garantie de 1000 F CFP par mois aupr\u00e8s de l&rsquo;AITSPF.<\/p>\n<\/div><\/div><\/div><div class=\"fusion-panel panel-default panel-34b63e057cd94df1e fusion-toggle-has-divider\" style=\"--awb-title-color:#212934;--awb-content-color:#4a4e57;\"><div class=\"panel-heading\"><h4 class=\"panel-title toggle\" id=\"toggle_34b63e057cd94df1e\"><a aria-expanded=\"false\" aria-controls=\"34b63e057cd94df1e\" role=\"button\" data-toggle=\"collapse\" data-target=\"#34b63e057cd94df1e\" href=\"#34b63e057cd94df1e\"><span class=\"fusion-toggle-icon-wrapper\" aria-hidden=\"true\"><i class=\"fa-fusion-box active-icon awb-icon-minus\" aria-hidden=\"true\"><\/i><i class=\"fa-fusion-box inactive-icon fa-clipboard-check fas\" aria-hidden=\"true\"><\/i><\/span><span class=\"fusion-toggle-heading\">Contacts<\/span><\/a><\/h4><\/div><div id=\"34b63e057cd94df1e\" class=\"panel-collapse collapse \" aria-labelledby=\"toggle_34b63e057cd94df1e\"><div class=\"panel-body toggle-content fusion-clearfix\">\n<div class=\"fusion-text fusion-text-2\">\n<p>Aveia Ora &#8211; Agence Immobili\u00e8re Tr\u00e8s Sociale de Polyn\u00e9sie fran\u00e7aise (AITSPF) :<\/p>\n<ul>\n<li>T\u00e9l : 40 43 53 50<\/li>\n<li>Mail : secretariat@aveiaora.pf<\/li>\n<li>Localisation : Papeete &#8211; Immeuble Arihoti, 1<sup>er <\/sup>\u00e9tage, 48 rue Dumont d\u2019Urville<\/li>\n<\/ul>\n<p style=\"text-align: center\"><span style=\"color: #ea526f\"><strong>Pour toutes demandes ou compl\u00e9ments d&rsquo;informations concernant l&rsquo;aide, nous vous prions de bien vouloir vous rapprocher de l&rsquo;AITSPF.<\/strong><\/span><\/p>\n<\/div>\n<\/div><\/div><\/div><\/div><\/div><div class=\"fusion-text fusion-text-2\"><p><span style=\"color: #ea526f\"><strong><u>\u00c0 savoir : <\/u><\/strong><\/span><\/p>\n<p>Une visite mensuelle du domicile est pr\u00e9vue et permet de constater l\u2019\u00e9tat du logement, l\u2019\u00e9volution du projet des m\u00e9nages et les difficult\u00e9s \u00e9ventuelles rencontr\u00e9es.<\/p>\n<p>Aussi, en cas de retard dans le paiement du loyer, une relance sera effectu\u00e9e, et en cas de non-r\u00e9gularisation des impay\u00e9s, un cong\u00e9 sera transmis \u00e0 l\u2019occupant du logement.<\/p>\n<\/div><\/div><\/div><\/div><\/div><\/div><div class=\"fusion-layout-column fusion_builder_column fusion-builder-column-3 fusion_builder_column_1_4 1_4 fusion-flex-column\" style=\"--awb-bg-size:cover;--awb-width-large:25%;--awb-margin-top-large:0px;--awb-spacing-right-large:7.68%;--awb-margin-bottom-large:20px;--awb-spacing-left-large:7.68%;--awb-width-medium:25%;--awb-order-medium:0;--awb-spacing-right-medium:7.68%;--awb-spacing-left-medium:7.68%;--awb-width-small:100%;--awb-order-small:0;--awb-spacing-right-small:1.92%;--awb-spacing-left-small:1.92%;\"><div class=\"fusion-column-wrapper fusion-column-has-shadow fusion-flex-justify-content-flex-start fusion-content-layout-column\"><div class=\"fusion-builder-row fusion-builder-row-inner fusion-row fusion-flex-align-items-flex-start fusion-flex-content-wrap\" style=\"--awb-flex-grow:0;--awb-flex-grow-medium:0;--awb-flex-grow-small:0;--awb-flex-shrink:0;--awb-flex-shrink-medium:0;--awb-flex-shrink-small:0;width:104% !important;max-width:104% !important;margin-left: calc(-4% \/ 2 );margin-right: calc(-4% \/ 2 );\"><div class=\"fusion-layout-column fusion_builder_column_inner fusion-builder-nested-column-2 fusion_builder_column_inner_1_1 1_1 fusion-flex-column\" style=\"--awb-padding-top:10px;--awb-padding-right:30px;--awb-padding-bottom:10px;--awb-padding-left:30px;--awb-bg-color:#ffffff;--awb-bg-color-hover:#ffffff;--awb-bg-size:cover;--awb-box-shadow:1px 2px 5px 0px rgba(0,0,0,0.3);;--awb-width-large:100%;--awb-margin-top-large:0px;--awb-spacing-right-large:1.92%;--awb-margin-bottom-large:20px;--awb-spacing-left-large:1.92%;--awb-width-medium:100%;--awb-order-medium:0;--awb-spacing-right-medium:1.92%;--awb-spacing-left-medium:1.92%;--awb-width-small:100%;--awb-order-small:0;--awb-spacing-right-small:1.92%;--awb-spacing-left-small:1.92%;\"><div class=\"fusion-column-wrapper fusion-column-has-shadow fusion-flex-justify-content-flex-start fusion-content-layout-column\"><div class=\"fusion-image-element \" style=\"text-align:center;--awb-caption-title-font-family:var(--h2_typography-font-family);--awb-caption-title-font-weight:var(--h2_typography-font-weight);--awb-caption-title-font-style:var(--h2_typography-font-style);--awb-caption-title-size:var(--h2_typography-font-size);--awb-caption-title-transform:var(--h2_typography-text-transform);--awb-caption-title-line-height:var(--h2_typography-line-height);--awb-caption-title-letter-spacing:var(--h2_typography-letter-spacing);\"><span class=\" fusion-imageframe imageframe-none imageframe-1 hover-type-none\"><a class=\"fusion-no-lightbox\" href=\"https:\/\/polynesiepratique.com\/fr\/demarches\/logements\/logement-social\/1408-agence-immobiliere-sociale-de-polynesie-francaise-aispf\" target=\"_blank\" aria-label=\"logo AITSPF\" rel=\"noopener noreferrer\"><img decoding=\"async\" width=\"300\" height=\"172\" src=\"https:\/\/www.service-public.pf\/dhv\/wp-content\/uploads\/sites\/56\/2025\/10\/logo-AITSPF-300x172.png\" alt class=\"img-responsive wp-image-5744\" srcset=\"https:\/\/www.service-public.pf\/dhv\/wp-content\/uploads\/sites\/56\/2025\/10\/logo-AITSPF-200x115.png 200w, https:\/\/www.service-public.pf\/dhv\/wp-content\/uploads\/sites\/56\/2025\/10\/logo-AITSPF.png 309w\" sizes=\"(max-width: 640px) 100vw, 300px\" \/><\/a><\/span><\/div><\/div><\/div><div class=\"fusion-layout-column fusion_builder_column_inner fusion-builder-nested-column-3 fusion_builder_column_inner_1_1 1_1 fusion-flex-column\" style=\"--awb-padding-top:10px;--awb-padding-right:30px;--awb-padding-bottom:10px;--awb-padding-left:30px;--awb-bg-color:#ffffff;--awb-bg-color-hover:#ffffff;--awb-bg-size:cover;--awb-box-shadow:1px 2px 5px 0px rgba(0,0,0,0.3);;--awb-width-large:100%;--awb-margin-top-large:0px;--awb-spacing-right-large:1.92%;--awb-margin-bottom-large:20px;--awb-spacing-left-large:1.92%;--awb-width-medium:100%;--awb-order-medium:0;--awb-spacing-right-medium:1.92%;--awb-spacing-left-medium:1.92%;--awb-width-small:100%;--awb-order-small:0;--awb-spacing-right-small:1.92%;--awb-spacing-left-small:1.92%;\"><div class=\"fusion-column-wrapper fusion-column-has-shadow fusion-flex-justify-content-flex-start fusion-content-layout-column\"><div style=\"text-align:center;\"><a class=\"fusion-button button-flat button-xlarge button-custom fusion-button-default button-1 fusion-button-default-span fusion-button-default-type\" style=\"--button_accent_color:#ffffff;--button_accent_hover_color:#ffffff;--button_border_hover_color:#ffffff;--button-border-radius-top-left:5px;--button-border-radius-top-right:5px;--button-border-radius-bottom-right:5px;--button-border-radius-bottom-left:5px;--button_gradient_top_color:#ea526f;--button_gradient_bottom_color:#ea526f;--button_gradient_top_color_hover:#f9b122;--button_gradient_bottom_color_hover:#f9b122;\" target=\"_self\"><i class=\"fa-file-alt fas awb-button__icon awb-button__icon--default button-icon-left\" aria-hidden=\"true\"><\/i><span class=\"fusion-button-text awb-button__text awb-button__text--default\">Ressources<\/span><\/a><\/div><div class=\"fusion-text fusion-text-3\" style=\"--awb-margin-top:10px;\"><ul>\n<li><a href=\"https:\/\/www.service-public.pf\/dhv\/wp-content\/uploads\/sites\/56\/2025\/10\/Mini-guide-aides-logement-Menages_MAJ-2025.pdf\" target=\"_blank\" rel=\"noopener\">Mini-guide des aides logements pour m\u00e9nages<\/a><\/li>\n<li><a href=\"https:\/\/www.service-public.pf\/dhv\/wp-content\/uploads\/sites\/56\/2024\/09\/Fiches-aides-logement-menages-Familles-avec-enfants.pdf\" target=\"_blank\" rel=\"noopener\">Fiche d&rsquo;aide Familles avec enfants<\/a><\/li>\n<\/ul>\n<\/div><\/div><\/div><div class=\"fusion-layout-column fusion_builder_column_inner fusion-builder-nested-column-4 fusion_builder_column_inner_1_1 1_1 fusion-flex-column\" style=\"--awb-padding-top:10px;--awb-padding-right:30px;--awb-padding-bottom:10px;--awb-padding-left:30px;--awb-bg-color:#ffffff;--awb-bg-color-hover:#ffffff;--awb-bg-size:cover;--awb-box-shadow:1px 2px 5px 0px rgba(0,0,0,0.3);;--awb-width-large:100%;--awb-margin-top-large:0px;--awb-spacing-right-large:1.92%;--awb-margin-bottom-large:20px;--awb-spacing-left-large:1.92%;--awb-width-medium:100%;--awb-order-medium:0;--awb-spacing-right-medium:1.92%;--awb-spacing-left-medium:1.92%;--awb-width-small:100%;--awb-order-small:0;--awb-spacing-right-small:1.92%;--awb-spacing-left-small:1.92%;\"><div class=\"fusion-column-wrapper fusion-column-has-shadow fusion-flex-justify-content-flex-start fusion-content-layout-column\"><div style=\"text-align:center;\"><a class=\"fusion-button button-flat button-xlarge button-custom fusion-button-default button-2 fusion-button-default-span fusion-button-default-type\" style=\"--button_accent_color:#ffffff;--button_accent_hover_color:#ffffff;--button_border_hover_color:#ffffff;--button-border-radius-top-left:5px;--button-border-radius-top-right:5px;--button-border-radius-bottom-right:5px;--button-border-radius-bottom-left:5px;--button_gradient_top_color:#ea526f;--button_gradient_bottom_color:#ea526f;--button_gradient_top_color_hover:#f9b122;--button_gradient_bottom_color_hover:#f9b122;\" target=\"_self\"><i class=\"fa-file-alt fas awb-button__icon awb-button__icon--default button-icon-left\" aria-hidden=\"true\"><\/i><span class=\"fusion-button-text awb-button__text awb-button__text--default\">Autres aides aux m\u00e9nages<\/span><\/a><\/div><div class=\"fusion-text fusion-text-4\" style=\"--awb-margin-top:10px;\"><ul>\n<li><a href=\"https:\/\/www.service-public.pf\/dhv\/guides-des-aides-au-logement\/menages\/les-aides-de-laispf\/\">Les aides de l&rsquo;AISPF<\/a><\/li>\n<li><a href=\"https:\/\/www.service-public.pf\/dhv\/guides-des-aides-au-logement\/menages\/les-aides-de-loph\/\">Les aides de l&rsquo;OPH<\/a><\/li>\n<li><a href=\"https:\/\/www.service-public.pf\/dhv\/guides-des-aides-au-logement\/menages\/les-aides-de-la-dsfe\/\">Les aides de la DSFE<\/a><\/li>\n<li><a href=\"https:\/\/www.service-public.pf\/dhv\/guides-des-aides-au-logement\/menages\/les-aides-de-la-dgae\/\">Les aides de la DGAE<\/a><\/li>\n<\/ul>\n<\/div><\/div><\/div><\/div><\/div><\/div><\/div><\/div><\/p>\n","protected":false},"excerpt":{"rendered":"","protected":false},"author":408,"featured_media":0,"parent":5747,"menu_order":0,"comment_status":"closed","ping_status":"closed","template":"","meta":{"_seopress_robots_primary_cat":"","_seopress_titles_title":"","_seopress_titles_desc":"","_seopress_robots_index":"","footnotes":""},"class_list":["post-5751","page","type-page","status-publish","hentry"],"_links":{"self":[{"href":"https:\/\/www.service-public.pf\/dhv\/wp-json\/wp\/v2\/pages\/5751","targetHints":{"allow":["GET"]}}],"collection":[{"href":"https:\/\/www.service-public.pf\/dhv\/wp-json\/wp\/v2\/pages"}],"about":[{"href":"https:\/\/www.service-public.pf\/dhv\/wp-json\/wp\/v2\/types\/page"}],"author":[{"embeddable":true,"href":"https:\/\/www.service-public.pf\/dhv\/wp-json\/wp\/v2\/users\/408"}],"replies":[{"embeddable":true,"href":"https:\/\/www.service-public.pf\/dhv\/wp-json\/wp\/v2\/comments?post=5751"}],"version-history":[{"count":6,"href":"https:\/\/www.service-public.pf\/dhv\/wp-json\/wp\/v2\/pages\/5751\/revisions"}],"predecessor-version":[{"id":5762,"href":"https:\/\/www.service-public.pf\/dhv\/wp-json\/wp\/v2\/pages\/5751\/revisions\/5762"}],"up":[{"embeddable":true,"href":"https:\/\/www.service-public.pf\/dhv\/wp-json\/wp\/v2\/pages\/5747"}],"wp:attachment":[{"href":"https:\/\/www.service-public.pf\/dhv\/wp-json\/wp\/v2\/media?parent=5751"}],"curies":[{"name":"wp","href":"https:\/\/api.w.org\/{rel}","templated":true}]}}