{"id":849,"date":"2022-07-13T01:30:15","date_gmt":"2022-07-12T23:30:15","guid":{"rendered":"https:\/\/www.service-public.pf\/dhv\/?page_id=849"},"modified":"2026-02-10T23:55:22","modified_gmt":"2026-02-10T22:55:22","slug":"logement-social-prive","status":"publish","type":"page","link":"https:\/\/www.service-public.pf\/dhv\/logement-social-prive\/","title":{"rendered":"Logement social priv\u00e9"},"content":{"rendered":"<p><div class=\"fusion-fullwidth fullwidth-box fusion-builder-row-1 fusion-flex-container fusion-parallax-none nonhundred-percent-fullwidth non-hundred-percent-height-scrolling\" style=\"--awb-border-radius-top-left:0px;--awb-border-radius-top-right:0px;--awb-border-radius-bottom-right:0px;--awb-border-radius-bottom-left:0px;--awb-padding-top:7%;--awb-padding-right:5%;--awb-padding-bottom:5%;--awb-padding-left:15%;--awb-margin-top:160px;--awb-background-image:url(&quot;https:\/\/www.service-public.pf\/dhv\/wp-content\/uploads\/sites\/56\/2022\/07\/Head-image_OPLS.png&quot;);--awb-background-size:cover;--awb-flex-wrap:wrap;\" ><div class=\"fusion-builder-row fusion-row fusion-flex-align-items-flex-start fusion-flex-content-wrap\" style=\"max-width:104%;margin-left: calc(-4% \/ 2 );margin-right: calc(-4% \/ 2 );\"><div class=\"fusion-layout-column fusion_builder_column fusion-builder-column-0 fusion_builder_column_1_1 1_1 fusion-flex-column\" style=\"--awb-bg-size:cover;--awb-width-large:100%;--awb-margin-top-large:0px;--awb-spacing-right-large:0px;--awb-margin-bottom-large:0px;--awb-spacing-left-large:0px;--awb-width-medium:100%;--awb-order-medium:0;--awb-spacing-right-medium:0px;--awb-spacing-left-medium:0px;--awb-width-small:100%;--awb-order-small:0;--awb-spacing-right-small:1.92%;--awb-spacing-left-small:1.92%;\"><div class=\"fusion-column-wrapper fusion-column-has-shadow fusion-flex-justify-content-flex-start fusion-content-layout-column\"><div class=\"fusion-title title fusion-title-1 fusion-sep-none fusion-title-text fusion-title-size-one\" style=\"--awb-text-color:#f95738;--awb-margin-right:5%;--awb-margin-bottom:40px;--awb-margin-top-small:10px;--awb-margin-right-small:0px;--awb-margin-bottom-small:10px;--awb-margin-left-small:0px;--awb-font-size:50px;\"><h1 class=\"fusion-title-heading title-heading-left\" style=\"margin:0;font-size:1em;\"><span style=\"color: #ffffff\"><b>LOGEMENT <\/b>SOCIAL PRIV\u00c9<\/span><\/h1><\/div><\/div><\/div><\/div><\/div><div class=\"fusion-fullwidth fullwidth-box fusion-builder-row-2 fusion-flex-container fusion-parallax-none nonhundred-percent-fullwidth non-hundred-percent-height-scrolling fusion-custom-z-index\" style=\"--awb-background-position:center top;--awb-border-radius-top-left:0px;--awb-border-radius-top-right:0px;--awb-border-radius-bottom-right:0px;--awb-border-radius-bottom-left:0px;--awb-z-index:99;--awb-padding-top:5%;--awb-padding-right:15%;--awb-padding-bottom:2%;--awb-padding-left:15%;--awb-background-color:#edeff4;--awb-background-image:url(&quot;https:\/\/www.service-public.pf\/dhv\/wp-content\/uploads\/sites\/56\/2022\/07\/r1-1.png&quot;);--awb-background-size:cover;--awb-flex-wrap:wrap;--awb-box-shadow: 5px 5px 5px rgba(0,0,0,0.3);\" ><div class=\"fusion-builder-row fusion-row fusion-flex-align-items-flex-start fusion-flex-justify-content-center fusion-flex-content-wrap\" style=\"max-width:104%;margin-left: calc(-4% \/ 2 );margin-right: calc(-4% \/ 2 );\"><div class=\"fusion-layout-column fusion_builder_column fusion-builder-column-1 fusion_builder_column_1_1 1_1 fusion-flex-column fusion-flex-align-self-center\" style=\"--awb-bg-size:cover;--awb-width-large:100%;--awb-margin-top-large:0px;--awb-spacing-right-large:1.92%;--awb-margin-bottom-large:20px;--awb-spacing-left-large:1.92%;--awb-width-medium:100%;--awb-order-medium:0;--awb-spacing-right-medium:1.92%;--awb-spacing-left-medium:1.92%;--awb-width-small:100%;--awb-order-small:0;--awb-spacing-right-small:1.92%;--awb-spacing-left-small:1.92%;\"><div class=\"fusion-column-wrapper fusion-column-has-shadow fusion-flex-justify-content-center fusion-content-layout-column\"><div class=\"fusion-tabs fusion-tabs-1 classic nav-is-justified vct_tabs horizontal-tabs icon-position-left mobile-mode-accordion\" style=\"--awb-title-border-radius-top-left:0px;--awb-title-border-radius-top-right:0px;--awb-title-border-radius-bottom-right:0px;--awb-title-border-radius-bottom-left:0px;--awb-alignment:start;--awb-inactive-color:#f9f9fb;--awb-background-color:#ffffff;--awb-border-color:#e2e2e2;--awb-active-border-color:#0babd4;\" id=\"vct_logement_social_prive\"><div class=\"nav\"><ul class=\"nav-tabs nav-justified\" role=\"tablist\" aria-orientation=\"horizontal\"><li class=\"active\" role=\"presentation\"><a class=\"tab-link\" data-toggle=\"tab\" role=\"tab\" aria-controls=\"tab-e6452eb3d1e48f1ef3c\" aria-selected=\"true\" tabindex=\"0\" id=\"fusion-tab-e6452eb3d1e48f1ef3c\" href=\"#tab-e6452eb3d1e48f1ef3c\"><h4 class=\"fusion-tab-heading\">C'est quoi ?<\/h4><\/a><\/li><li  role=\"presentation\"><a class=\"tab-link\" data-toggle=\"tab\" role=\"tab\" aria-controls=\"tab-a731966920f0443c9b1\" aria-selected=\"false\" tabindex=\"-1\" id=\"fusion-tab-a731966920f0443c9b1\" href=\"#tab-a731966920f0443c9b1\"><h4 class=\"fusion-tab-heading\">Proc\u00e9dures d'agr\u00e9ment<\/h4><\/a><\/li><li  role=\"presentation\"><a class=\"tab-link\" data-toggle=\"tab\" role=\"tab\" aria-controls=\"tab-af2f6ea726e3cc4da02\" aria-selected=\"false\" tabindex=\"-1\" id=\"fusion-tab-af2f6ea726e3cc4da02\" href=\"#tab-af2f6ea726e3cc4da02\"><h4 class=\"fusion-tab-heading\">Les programmes agr\u00e9\u00e9s<\/h4><\/a><\/li><\/ul><\/div><div class=\"tab-content\"><div class=\"nav fusion-mobile-tab-nav\"><ul class=\"nav-tabs nav-justified\" role=\"tablist\" aria-orientation=\"horizontal\"><li class=\"active\" role=\"presentation\"><a class=\"tab-link\" data-toggle=\"tab\" role=\"tab\" aria-controls=\"tab-e6452eb3d1e48f1ef3c\" aria-selected=\"true\" tabindex=\"0\" id=\"mobile-fusion-tab-e6452eb3d1e48f1ef3c\" href=\"#tab-e6452eb3d1e48f1ef3c\"><h4 class=\"fusion-tab-heading\">C'est quoi ?<\/h4><\/a><\/li><\/ul><\/div><div class=\"tab-pane fade fusion-clearfix in active\" role=\"tabpanel\" tabindex=\"0\" aria-labelledby=\"fusion-tab-e6452eb3d1e48f1ef3c\" id=\"tab-e6452eb3d1e48f1ef3c\">\n<div style=\"margin-top: 50px\">\n<h1 class=\"style=\" style=\"text-align: center\"><span style=\"color: #c7361b\">Les organismes priv\u00e9s de logement social<\/span><\/h1>\n<hr \/>\n<p style=\"text-align: center\">Dans l&rsquo;objectif d&rsquo;encourager la production de logements \u00e0 des prix plus abordables pour les m\u00e9nages, la Polyn\u00e9sie fran\u00e7aise a mis en place un dispositif de soutien financier des op\u00e9rations de logements.<\/p>\n<hr \/>\n<\/div>\n<div>\n<table style=\"border-collapse: collapse;width: 100%\">\n<tbody>\n<tr>\n<td style=\"width: 100%\"><\/td>\n<\/tr>\n<tr>\n<td style=\"width: 100%;text-align: left\">Pour b\u00e9n\u00e9ficier de cet accompagnement financier du Pays, les soci\u00e9t\u00e9s priv\u00e9es de construction ou d&rsquo;acquisition de logements doivent disposer d&rsquo;un agr\u00e9ment en qualit\u00e9 d&rsquo;organisme priv\u00e9 de logement social (OPLS) et faire agr\u00e9er les programmes de logements.<\/td>\n<\/tr>\n<tr>\n<td style=\"width: 100%;text-align: left\">La d\u00e9l\u00e9gation \u00e0 l&rsquo;habitat et \u00e0 la ville est en charge de l&rsquo;instruction de ces demandes d&rsquo;agr\u00e9ment.<\/td>\n<\/tr>\n<\/tbody>\n<\/table>\n<\/div>\n<div style=\"margin-top: 50px\">\n<div>\n<table style=\"border-collapse: collapse;width: 100%\">\n<tbody>\n<tr>\n<td style=\"width: 33.3333%\"><\/td>\n<td style=\"width: 33.3333%\"><\/td>\n<td style=\"width: 33.3333%\"><\/td>\n<\/tr>\n<\/tbody>\n<\/table>\n<\/div>\n<\/div>\n<\/div><div class=\"nav fusion-mobile-tab-nav\"><ul class=\"nav-tabs nav-justified\" role=\"tablist\" aria-orientation=\"horizontal\"><li  role=\"presentation\"><a class=\"tab-link\" data-toggle=\"tab\" role=\"tab\" aria-controls=\"tab-a731966920f0443c9b1\" aria-selected=\"false\" tabindex=\"-1\" id=\"mobile-fusion-tab-a731966920f0443c9b1\" href=\"#tab-a731966920f0443c9b1\"><h4 class=\"fusion-tab-heading\">Proc\u00e9dures d'agr\u00e9ment<\/h4><\/a><\/li><\/ul><\/div><div class=\"tab-pane fade fusion-clearfix\" role=\"tabpanel\" tabindex=\"0\" aria-labelledby=\"fusion-tab-a731966920f0443c9b1\" id=\"tab-a731966920f0443c9b1\">\n<h1 class=\"style=\" style=\"text-align: center\"><span style=\"color: #c7361b\">Proc\u00e9dures d&rsquo;agr\u00e9ment<\/span><\/h1>\n<div class=\"vct_tab_button_div\"><a class=\"vct_button_grey\" style=\"border-radius: 40px;background-color: #0000004d\" href=\"\/dhv\/logement-social-prive\/je-veux-devenir-opls\/\" rel=\"noopener\"><span class=\"fusion-button-text\">Je souhaite devenir OPLS<\/span><\/a><br \/>\n<a class=\"vct_button_grey\" style=\"border-radius: 40px;background-color: #0000004d\" href=\"\/dhv\/logement-social-prive\/je-suis-opls\/\" rel=\"noopener\"><span class=\"fusion-button-text\">Je suis OPLS<\/span><\/a><\/div>\n<\/div><div class=\"nav fusion-mobile-tab-nav\"><ul class=\"nav-tabs nav-justified\" role=\"tablist\" aria-orientation=\"horizontal\"><li  role=\"presentation\"><a class=\"tab-link\" data-toggle=\"tab\" role=\"tab\" aria-controls=\"tab-af2f6ea726e3cc4da02\" aria-selected=\"false\" tabindex=\"-1\" id=\"mobile-fusion-tab-af2f6ea726e3cc4da02\" href=\"#tab-af2f6ea726e3cc4da02\"><h4 class=\"fusion-tab-heading\">Les programmes agr\u00e9\u00e9s<\/h4><\/a><\/li><\/ul><\/div><div class=\"tab-pane fade fusion-clearfix\" role=\"tabpanel\" tabindex=\"0\" aria-labelledby=\"fusion-tab-af2f6ea726e3cc4da02\" id=\"tab-af2f6ea726e3cc4da02\">\n<h1 class=\"style=\" style=\"text-align: center\"><span style=\"color: #c7361b\">Les programmes agr\u00e9\u00e9s<\/span><\/h1>\n<div class=\"vct_tab_button_div\"><a href=\"https:\/\/www.service-public.pf\/dhv\/logement-social-prive\/les-programmes-agrees-test\/\" target=\"_blank\" rel=\"noopener\"><span class=\"fusion-button-text\">Sur Tahiti<\/span><\/a><\/div>\n<div><a href=\"https:\/\/www.service-public.pf\/dhv\/logement-social-prive\/les-programmes-agrees-test\/\" target=\"_blank\" rel=\"noopener\">Sur Moorea<\/a><\/div>\n<\/div><\/div><\/div><\/div><\/div><\/div><\/div><\/p>\n","protected":false},"excerpt":{"rendered":"","protected":false},"author":407,"featured_media":0,"parent":0,"menu_order":0,"comment_status":"closed","ping_status":"closed","template":"","meta":{"_seopress_robots_primary_cat":"","_seopress_titles_title":"","_seopress_titles_desc":"","_seopress_robots_index":"","footnotes":""},"class_list":["post-849","page","type-page","status-publish","hentry"],"_links":{"self":[{"href":"https:\/\/www.service-public.pf\/dhv\/wp-json\/wp\/v2\/pages\/849","targetHints":{"allow":["GET"]}}],"collection":[{"href":"https:\/\/www.service-public.pf\/dhv\/wp-json\/wp\/v2\/pages"}],"about":[{"href":"https:\/\/www.service-public.pf\/dhv\/wp-json\/wp\/v2\/types\/page"}],"author":[{"embeddable":true,"href":"https:\/\/www.service-public.pf\/dhv\/wp-json\/wp\/v2\/users\/407"}],"replies":[{"embeddable":true,"href":"https:\/\/www.service-public.pf\/dhv\/wp-json\/wp\/v2\/comments?post=849"}],"version-history":[{"count":4,"href":"https:\/\/www.service-public.pf\/dhv\/wp-json\/wp\/v2\/pages\/849\/revisions"}],"predecessor-version":[{"id":5938,"href":"https:\/\/www.service-public.pf\/dhv\/wp-json\/wp\/v2\/pages\/849\/revisions\/5938"}],"wp:attachment":[{"href":"https:\/\/www.service-public.pf\/dhv\/wp-json\/wp\/v2\/media?parent=849"}],"curies":[{"name":"wp","href":"https:\/\/api.w.org\/{rel}","templated":true}]}}