{"id":1431,"date":"2023-12-28T06:39:34","date_gmt":"2023-12-28T05:39:34","guid":{"rendered":"https:\/\/www.service-public.pf\/dicp\/?page_id=1431"},"modified":"2025-09-12T23:19:37","modified_gmt":"2025-09-12T21:19:37","slug":"mentions-legales","status":"publish","type":"page","link":"https:\/\/www.service-public.pf\/dicp\/mentions-legales\/","title":{"rendered":"Mentions l\u00e9gales"},"content":{"rendered":"<div class=\"fusion-fullwidth fullwidth-box fusion-builder-row-1 fusion-flex-container has-pattern-background has-mask-background nonhundred-percent-fullwidth non-hundred-percent-height-scrolling\" style=\"--awb-border-radius-top-left:0px;--awb-border-radius-top-right:0px;--awb-border-radius-bottom-right:0px;--awb-border-radius-bottom-left:0px;--awb-flex-wrap:wrap;\" ><div class=\"fusion-builder-row fusion-row fusion-flex-align-items-flex-start fusion-flex-content-wrap\" style=\"max-width:1216.8px;margin-left: calc(-4% \/ 2 );margin-right: calc(-4% \/ 2 );\"><div class=\"fusion-layout-column fusion_builder_column fusion-builder-column-0 fusion_builder_column_1_1 1_1 fusion-flex-column\" style=\"--awb-bg-size:cover;--awb-width-large:100%;--awb-margin-top-large:0px;--awb-spacing-right-large:1.92%;--awb-margin-bottom-large:20px;--awb-spacing-left-large:1.92%;--awb-width-medium:100%;--awb-order-medium:0;--awb-spacing-right-medium:1.92%;--awb-spacing-left-medium:1.92%;--awb-width-small:100%;--awb-order-small:0;--awb-spacing-right-small:1.92%;--awb-spacing-left-small:1.92%;\"><div class=\"fusion-column-wrapper fusion-column-has-shadow fusion-flex-justify-content-flex-start fusion-content-layout-column\"><div class=\"fusion-text fusion-text-1\"><p><strong>R\u00e9alisation \u00e9ditoriale<\/strong><\/p>\n<p>Direction des Imp\u00f4ts et des Contributions Publiques<\/p>\n<p>11 rue du Commandant\u00a0Destremau\u00a0&#8211; Enceinte de\u00a0Vaiami. B\u00e2timent\u00a0A1\u00a0et le site de\u00a0Vaiami\u00a0&#8211;\u00a0BP\u00a080 \u2013 98713 Papeete &#8211; Tahiti &#8211;\u00a0Polyn\u00e9sie\u00a0fran\u00e7aise.<\/p>\n<p>Tel : (+689) 40 46 13 13<\/p>\n<p>Fax : (+689) 40 46 13 01<\/p>\n<p>Contact : <a href=\"https:\/\/mesimpots.gov.pf\/demandes\/\">https:\/\/mesimpots.gov.pf\/demandes\/<\/a><\/p>\n<p><strong>Directeur de la publication<\/strong><\/p>\n<p>Solange Calissi,<\/p>\n<p>Directrice\u00a0des imp\u00f4ts et des contributions publiques<\/p>\n<p><strong>Droits d&rsquo;auteur &#8211; Copyright :<\/strong><\/p>\n<p>Les documents \u00ab\u00a0publics\u00a0\u00bb ou \u00ab\u00a0officiels\u00a0\u00bb ne sont couverts par aucun droit d&rsquo;auteur (article L.122-5 du Code de Propri\u00e9t\u00e9 intellectuelle) et peuvent donc \u00eatre reproduits librement.<\/p>\n<p>Les informations utilis\u00e9es ne doivent l&rsquo;\u00eatre qu&rsquo;\u00e0 des fins personnelles, associatives ou professionnelles ; toute utilisation \u00e0 des fins commerciales ou publicitaires est formellement interdite.<\/p>\n<p>La reproduction des documents sur support papier ou sous forme \u00e9lectronique doit ob\u00e9ir aux principes suivants :<\/p>\n<ul>\n<li>gratuit\u00e9 de la diffusion,<\/li>\n<li>respect de l&rsquo;int\u00e9grit\u00e9 des documents reproduits (aucune modification ni alt\u00e9ration d&rsquo;aucune sorte),<\/li>\n<li>citation explicite du site comme source et mention que les droits de reproduction sont r\u00e9serv\u00e9s et strictement limit\u00e9s.<\/li>\n<\/ul>\n<p><strong>Liens pointant vers les contenus :<\/strong><\/p>\n<p>Le site autorise d&rsquo;autres sites Internet \u00e0 mettre en place un lien hypertexte pointant vers ses contenus.<\/p>\n<p>La mention \u00ab\u00a0Site Internet de la Direction des Imp\u00f4ts et des Contributions publiques\u00a0\u00bb devra donc \u00eatre indiqu\u00e9e. Cette mention pointera gr\u00e2ce \u00e0 un lien hypertexte directement sur le contenu.<\/p>\n<p>Cette autorisation est valable pour tout site, \u00e0 l&rsquo;exception de ceux diffusant des informations \u00e0 caract\u00e8re pol\u00e9mique, pornographique, x\u00e9nophobe ou susceptibles de porter atteinte \u00e0 la sensibilit\u00e9 du plus grand nombre.<\/p>\n<p><strong>Responsabilit\u00e9 :<\/strong><\/p>\n<p>Les informations propos\u00e9es sur ce site le sont \u00e0 titre de service rendu au public. Malgr\u00e9 tout le soin apport\u00e9 \u00e0 la transcription des textes officiels, \u00e0 la v\u00e9rification des contenus et des informations, les \u00e9l\u00e9ments mis en ligne ne sauraient, de quelque mani\u00e8re que ce soit, pr\u00e9tendre \u00e0 l\u2019exactitude et engager la responsabilit\u00e9 de la direction des imp\u00f4ts et des contributions publiques de la\u00a0Polyn\u00e9sie\u00a0fran\u00e7aise.<\/p>\n<p><strong>Textes officiels :<\/strong><\/p>\n<p>Nous avons sur notre site mis \u00e0 votre disposition une s\u00e9lection de textes tels qu\u2019ils ont \u00e9t\u00e9 publi\u00e9s au Journal officiel de la\u00a0Polyn\u00e9sie\u00a0fran\u00e7aise.<\/p>\n<p><strong>Le journal officiel de la\u00a0Polyn\u00e9sie\u00a0fran\u00e7aise sur papier est seul \u00e0 faire juridiquement foi<\/strong>.<\/p>\n<ul>\n<li>Il est disponible au service de l\u2019imprimerie officielle (BP\u00a0117 &#8211; 98713 Papeete\u00a0; T\u00e9l\u00e9phone (689) 40 50 05 80, fax (689) 40 42 52 61).<\/li>\n<li>Il peut \u00eatre consult\u00e9 au service des archives de la\u00a0Polyn\u00e9sie\u00a0fran\u00e7aise (BP\u00a09063 &#8211; 98713 Papeete\u00a0; T\u00e9l\u00e9phone (689) 40 41 96 01).<\/li>\n<\/ul>\n<p><!-- notionvc: ae5adb76-7264-4706-95af-1e71dc746ddf --><\/p>\n<\/div><\/div><\/div><\/div><\/div>\n","protected":false},"excerpt":{"rendered":"","protected":false},"author":137,"featured_media":0,"parent":0,"menu_order":0,"comment_status":"closed","ping_status":"closed","template":"","meta":{"_acf_changed":false,"_seopress_robots_primary_cat":"","_seopress_titles_title":"","_seopress_titles_desc":"","_seopress_robots_index":"","footnotes":""},"class_list":["post-1431","page","type-page","status-publish","hentry"],"acf":[],"_links":{"self":[{"href":"https:\/\/www.service-public.pf\/dicp\/wp-json\/wp\/v2\/pages\/1431","targetHints":{"allow":["GET"]}}],"collection":[{"href":"https:\/\/www.service-public.pf\/dicp\/wp-json\/wp\/v2\/pages"}],"about":[{"href":"https:\/\/www.service-public.pf\/dicp\/wp-json\/wp\/v2\/types\/page"}],"author":[{"embeddable":true,"href":"https:\/\/www.service-public.pf\/dicp\/wp-json\/wp\/v2\/users\/137"}],"replies":[{"embeddable":true,"href":"https:\/\/www.service-public.pf\/dicp\/wp-json\/wp\/v2\/comments?post=1431"}],"version-history":[{"count":1,"href":"https:\/\/www.service-public.pf\/dicp\/wp-json\/wp\/v2\/pages\/1431\/revisions"}],"predecessor-version":[{"id":4684,"href":"https:\/\/www.service-public.pf\/dicp\/wp-json\/wp\/v2\/pages\/1431\/revisions\/4684"}],"wp:attachment":[{"href":"https:\/\/www.service-public.pf\/dicp\/wp-json\/wp\/v2\/media?parent=1431"}],"curies":[{"name":"wp","href":"https:\/\/api.w.org\/{rel}","templated":true}]}}