{"id":1435,"date":"2023-12-28T06:40:12","date_gmt":"2023-12-28T05:40:12","guid":{"rendered":"https:\/\/www.service-public.pf\/dicp\/?page_id=1435"},"modified":"2025-09-13T02:53:38","modified_gmt":"2025-09-13T00:53:38","slug":"politique-de-protection-des-donnees","status":"publish","type":"page","link":"https:\/\/www.service-public.pf\/dicp\/politique-de-protection-des-donnees\/","title":{"rendered":"Politique de protection des donn\u00e9es"},"content":{"rendered":"<div class=\"fusion-fullwidth fullwidth-box fusion-builder-row-1 fusion-flex-container has-pattern-background has-mask-background nonhundred-percent-fullwidth non-hundred-percent-height-scrolling\" style=\"--awb-border-radius-top-left:0px;--awb-border-radius-top-right:0px;--awb-border-radius-bottom-right:0px;--awb-border-radius-bottom-left:0px;--awb-flex-wrap:wrap;\" ><div class=\"fusion-builder-row fusion-row fusion-flex-align-items-flex-start fusion-flex-content-wrap\" style=\"max-width:1216.8px;margin-left: calc(-4% \/ 2 );margin-right: calc(-4% \/ 2 );\"><div class=\"fusion-layout-column fusion_builder_column fusion-builder-column-0 fusion_builder_column_1_1 1_1 fusion-flex-column\" style=\"--awb-bg-size:cover;--awb-width-large:100%;--awb-margin-top-large:0px;--awb-spacing-right-large:1.92%;--awb-margin-bottom-large:20px;--awb-spacing-left-large:1.92%;--awb-width-medium:100%;--awb-order-medium:0;--awb-spacing-right-medium:1.92%;--awb-spacing-left-medium:1.92%;--awb-width-small:100%;--awb-order-small:0;--awb-spacing-right-small:1.92%;--awb-spacing-left-small:1.92%;\"><div class=\"fusion-column-wrapper fusion-column-has-shadow fusion-flex-justify-content-flex-start fusion-content-layout-column\"><div class=\"fusion-text fusion-text-1\"><div class=\"m-text__title\">\n<p>R\u00e9glementation g\u00e9n\u00e9rale relative \u00e0 la protection des donn\u00e9es \u00e0 caract\u00e8re personnel<\/p>\n<p>La DICP traite vos donn\u00e9es personnelles dans le cadre des diff\u00e9rentes missions de la DICP (r\u00e9clamations, contr\u00f4le fiscal, assistance administrative, etc.).<\/p>\n<p>Pour en savoir plus sur la gestion de vos donn\u00e9es personnelles et les finalit\u00e9s ult\u00e9rieures li\u00e9es aux missions de la DICP, consultez \u00e0 la Notice d\u2019information contribuables en cliquant sur l&rsquo;image ci-dessous :<\/p>\n<\/div>\n<\/div><div class=\"fusion-image-element \" style=\"text-align:center;--awb-caption-title-font-family:var(--h2_typography-font-family);--awb-caption-title-font-weight:var(--h2_typography-font-weight);--awb-caption-title-font-style:var(--h2_typography-font-style);--awb-caption-title-size:var(--h2_typography-font-size);--awb-caption-title-transform:var(--h2_typography-text-transform);--awb-caption-title-line-height:var(--h2_typography-line-height);--awb-caption-title-letter-spacing:var(--h2_typography-letter-spacing);\"><span class=\" fusion-imageframe imageframe-none imageframe-1 hover-type-none\"><a class=\"fusion-no-lightbox\" href=\"https:\/\/www.service-public.pf\/dicp\/wp-content\/uploads\/sites\/59\/2025\/09\/Notice-dinformation-des-contribuables-RGPD-DICP.pdf\" target=\"_blank\" aria-label=\"DICP Brochures RGPD\" rel=\"noopener noreferrer\"><img decoding=\"async\" width=\"1240\" height=\"1753\" src=\"https:\/\/www.service-public.pf\/dicp\/wp-content\/uploads\/sites\/59\/2025\/09\/DICP_Brochures_RGPD.jpg\" data-orig-src=\"https:\/\/www.service-public.pf\/dicp\/wp-content\/uploads\/sites\/59\/2025\/09\/DICP_Brochures_RGPD.jpg\" alt class=\"lazyload img-responsive wp-image-4687\" srcset=\"data:image\/svg+xml,%3Csvg%20xmlns%3D%27http%3A%2F%2Fwww.w3.org%2F2000%2Fsvg%27%20width%3D%271240%27%20height%3D%271753%27%20viewBox%3D%270%200%201240%201753%27%3E%3Crect%20width%3D%271240%27%20height%3D%271753%27%20fill-opacity%3D%220%22%2F%3E%3C%2Fsvg%3E\" data-srcset=\"https:\/\/www.service-public.pf\/dicp\/wp-content\/uploads\/sites\/59\/2025\/09\/DICP_Brochures_RGPD-200x283.jpg 200w, https:\/\/www.service-public.pf\/dicp\/wp-content\/uploads\/sites\/59\/2025\/09\/DICP_Brochures_RGPD-400x565.jpg 400w, https:\/\/www.service-public.pf\/dicp\/wp-content\/uploads\/sites\/59\/2025\/09\/DICP_Brochures_RGPD-600x848.jpg 600w, https:\/\/www.service-public.pf\/dicp\/wp-content\/uploads\/sites\/59\/2025\/09\/DICP_Brochures_RGPD-800x1131.jpg 800w, https:\/\/www.service-public.pf\/dicp\/wp-content\/uploads\/sites\/59\/2025\/09\/DICP_Brochures_RGPD-1200x1696.jpg 1200w, https:\/\/www.service-public.pf\/dicp\/wp-content\/uploads\/sites\/59\/2025\/09\/DICP_Brochures_RGPD.jpg 1240w\" data-sizes=\"auto\" data-orig-sizes=\"(max-width: 1024px) 100vw, (max-width: 850px) 100vw, 1200px\" \/><\/a><\/span><\/div><div class=\"fusion-text fusion-text-2\"><p>Vous disposez sur vos donn\u00e9es des droits d\u2019acc\u00e8s et de rectification, du droit \u00e0 la limitation de leur traitement et sous certaines conditions, du droit de vous opposer \u00e0 leur traitement, d\u2019en demander l\u2019effacement ou la portabilit\u00e9. Vous pouvez exercer vos droits en vous adressant \u00e0 <a href=\"mailto:rgpd.dicp@administration.gov.pf\">rgpd.dicp@administration.gov.pf<\/a>.<\/p>\n<p>Pour toute information ou r\u00e9clamation, vous pouvez contacter la D\u00e9l\u00e9gu\u00e9e \u00e0 la Protection des Donn\u00e9es \u00e0 dpo@administration.gov.pf.<\/p>\n<\/div><\/div><\/div><\/div><\/div>\n","protected":false},"excerpt":{"rendered":"","protected":false},"author":137,"featured_media":0,"parent":0,"menu_order":0,"comment_status":"closed","ping_status":"closed","template":"","meta":{"_acf_changed":false,"_seopress_robots_primary_cat":"","_seopress_titles_title":"","_seopress_titles_desc":"","_seopress_robots_index":"","footnotes":""},"class_list":["post-1435","page","type-page","status-publish","hentry"],"acf":[],"_links":{"self":[{"href":"https:\/\/www.service-public.pf\/dicp\/wp-json\/wp\/v2\/pages\/1435","targetHints":{"allow":["GET"]}}],"collection":[{"href":"https:\/\/www.service-public.pf\/dicp\/wp-json\/wp\/v2\/pages"}],"about":[{"href":"https:\/\/www.service-public.pf\/dicp\/wp-json\/wp\/v2\/types\/page"}],"author":[{"embeddable":true,"href":"https:\/\/www.service-public.pf\/dicp\/wp-json\/wp\/v2\/users\/137"}],"replies":[{"embeddable":true,"href":"https:\/\/www.service-public.pf\/dicp\/wp-json\/wp\/v2\/comments?post=1435"}],"version-history":[{"count":3,"href":"https:\/\/www.service-public.pf\/dicp\/wp-json\/wp\/v2\/pages\/1435\/revisions"}],"predecessor-version":[{"id":4690,"href":"https:\/\/www.service-public.pf\/dicp\/wp-json\/wp\/v2\/pages\/1435\/revisions\/4690"}],"wp:attachment":[{"href":"https:\/\/www.service-public.pf\/dicp\/wp-json\/wp\/v2\/media?parent=1435"}],"curies":[{"name":"wp","href":"https:\/\/api.w.org\/{rel}","templated":true}]}}