{"id":2946,"date":"2025-02-10T21:21:53","date_gmt":"2025-02-10T20:21:53","guid":{"rendered":"https:\/\/www.service-public.pf\/dicp\/?page_id=2946"},"modified":"2025-02-10T21:26:21","modified_gmt":"2025-02-10T20:26:21","slug":"contribution-de-solidarite-territoriale-sur-les-traitements-salaires-pensions","status":"publish","type":"page","link":"https:\/\/www.service-public.pf\/dicp\/professionnels\/vos-impots\/contribution-de-solidarite-territoriale-sur-les-traitements-salaires-pensions\/","title":{"rendered":"La contribution de solidarit\u00e9 territoriale sur les traitements, salaires, pensions, rentes viag\u00e8res et indemnit\u00e9s diverses"},"content":{"rendered":"<p><div class=\"fusion-fullwidth fullwidth-box fusion-builder-row-1 fusion-flex-container has-pattern-background has-mask-background nonhundred-percent-fullwidth non-hundred-percent-height-scrolling\" style=\"--awb-border-radius-top-left:0px;--awb-border-radius-top-right:0px;--awb-border-radius-bottom-right:0px;--awb-border-radius-bottom-left:0px;--awb-flex-wrap:wrap;\" ><div class=\"fusion-builder-row fusion-row fusion-flex-align-items-flex-start fusion-flex-content-wrap\" style=\"max-width:1216.8px;margin-left: calc(-4% \/ 2 );margin-right: calc(-4% \/ 2 );\"><div class=\"fusion-layout-column fusion_builder_column fusion-builder-column-0 fusion_builder_column_1_1 1_1 fusion-flex-column\" style=\"--awb-bg-size:cover;--awb-width-large:100%;--awb-margin-top-large:0px;--awb-spacing-right-large:1.92%;--awb-margin-bottom-large:20px;--awb-spacing-left-large:1.92%;--awb-width-medium:100%;--awb-order-medium:0;--awb-spacing-right-medium:1.92%;--awb-spacing-left-medium:1.92%;--awb-width-small:100%;--awb-order-small:0;--awb-spacing-right-small:1.92%;--awb-spacing-left-small:1.92%;\"><div class=\"fusion-column-wrapper fusion-column-has-shadow fusion-flex-justify-content-flex-start fusion-content-layout-column\"><div class=\"fusion-text fusion-text-1\"><p class=\"text-align-justify\">La CST-S est un imp\u00f4t pr\u00e9lev\u00e9 \u00e0 la source sur les revenus salari\u00e9s et assimil\u00e9s des personnes physiques domicili\u00e9es en Polyn\u00e9sie fran\u00e7aise.<\/p>\n<p class=\"text-align-justify\">L\u2019assiette de la contribution est constitu\u00e9e des sommes brutes vers\u00e9es au titre des traitements, salaires, pensions, rentes viag\u00e8res et indemnit\u00e9s diverses.<\/p>\n<p class=\"text-align-justify\">La contribution est retenue \u00e0 la source par les d\u00e9biteurs des revenus (employeurs\u2026) qui ont l\u2019obligation de la d\u00e9clarer et de la reverser aupr\u00e8s de la Recette des imp\u00f4ts. Les titulaires de revenus assujettis \u00e0 la contribution dont l\u2019organisme payeur (caisses de retraite\u2026) est situ\u00e9 hors de Polyn\u00e9sie fran\u00e7aise sont personnellement redevables de l\u2019imp\u00f4t.<\/p>\n<p class=\"text-align-justify\">Le montant de la contribution est calcul\u00e9 en appliquant des taux progressifs par tranches sur le montant brut des sommes vers\u00e9es. Pour vous aider dans vos d\u00e9marches nous avons regroup\u00e9 pour vous les notions essentielles \u00e0 conna\u00eetre sur la CST-S.<\/p>\n<\/div><div class=\"fusion-text fusion-text-2\" style=\"--awb-margin-top:30px;\"><h2 style=\"display: flex; align-items: center; gap: 10px;\"><img class=\"lazyload\" decoding=\"async\" src=\"data:image\/svg+xml,%3Csvg%20xmlns%3D%27http%3A%2F%2Fwww.w3.org%2F2000%2Fsvg%27%20width%3D%27100%27%20height%3D%27100%27%20viewBox%3D%270%200%20100%20100%27%3E%3Crect%20width%3D%27100%27%20height%3D%27100%27%20fill-opacity%3D%220%22%2F%3E%3C%2Fsvg%3E\" data-orig-src=\"https:\/\/www.service-public.pf\/dicp\/wp-content\/uploads\/sites\/59\/2024\/12\/DICP_Pictos_Simplification-150x150.jpg\" alt=\"Focus sur\" width=\"100\" height=\"100\" \/><br \/>\nFocus sur&#8230;<\/h2>\n<\/div><div class=\"fusion-text fusion-text-3\"><p><a href=\"https:\/\/www.service-public.pf\/dicp\/particuliers\/vos-impots\/contribution-solidarite-territoriale-revenus-sources-multiples\/\">La contribution de solidarit\u00e9 territoriale sur les revenus de sources multiples.<\/a><\/p>\n<\/div><\/div><\/div><\/div><\/div><div class=\"fusion-fullwidth fullwidth-box fusion-builder-row-2 fusion-flex-container has-pattern-background has-mask-background nonhundred-percent-fullwidth non-hundred-percent-height-scrolling\" style=\"--awb-border-radius-top-left:0px;--awb-border-radius-top-right:0px;--awb-border-radius-bottom-right:0px;--awb-border-radius-bottom-left:0px;--awb-flex-wrap:wrap;\" ><div class=\"fusion-builder-row fusion-row fusion-flex-align-items-flex-start fusion-flex-content-wrap\" style=\"max-width:1216.8px;margin-left: calc(-4% \/ 2 );margin-right: calc(-4% \/ 2 );\"><div class=\"fusion-layout-column fusion_builder_column fusion-builder-column-1 fusion_builder_column_1_1 1_1 fusion-flex-column\" style=\"--awb-bg-size:cover;--awb-width-large:100%;--awb-margin-top-large:0px;--awb-spacing-right-large:1.92%;--awb-margin-bottom-large:20px;--awb-spacing-left-large:1.92%;--awb-width-medium:100%;--awb-order-medium:0;--awb-spacing-right-medium:1.92%;--awb-spacing-left-medium:1.92%;--awb-width-small:100%;--awb-order-small:0;--awb-spacing-right-small:1.92%;--awb-spacing-left-small:1.92%;\"><div class=\"fusion-column-wrapper fusion-column-has-shadow fusion-flex-justify-content-flex-start fusion-content-layout-column\"><div class=\"fusion-text fusion-text-4\" style=\"--awb-margin-top:30px;\"><h2 style=\"display: flex; align-items: center; gap: 10px;\"><img decoding=\"async\" class=\"lazyload alignnone wp-image-1831\" src=\"https:\/\/www.service-public.pf\/dicp\/wp-content\/uploads\/sites\/59\/2024\/12\/DICP_Pictos_Declaration-300x300.png\" data-orig-src=\"https:\/\/www.service-public.pf\/dicp\/wp-content\/uploads\/sites\/59\/2024\/12\/DICP_Pictos_Declaration-300x300.png\" alt=\"\" width=\"96\" height=\"96\" srcset=\"data:image\/svg+xml,%3Csvg%20xmlns%3D%27http%3A%2F%2Fwww.w3.org%2F2000%2Fsvg%27%20width%3D%2796%27%20height%3D%2796%27%20viewBox%3D%270%200%2096%2096%27%3E%3Crect%20width%3D%2796%27%20height%3D%2796%27%20fill-opacity%3D%220%22%2F%3E%3C%2Fsvg%3E\" data-srcset=\"https:\/\/www.service-public.pf\/dicp\/wp-content\/uploads\/sites\/59\/2024\/12\/DICP_Pictos_Declaration-66x66.png 66w, https:\/\/www.service-public.pf\/dicp\/wp-content\/uploads\/sites\/59\/2024\/12\/DICP_Pictos_Declaration-150x150.png 150w, https:\/\/www.service-public.pf\/dicp\/wp-content\/uploads\/sites\/59\/2024\/12\/DICP_Pictos_Declaration-200x200.png 200w, https:\/\/www.service-public.pf\/dicp\/wp-content\/uploads\/sites\/59\/2024\/12\/DICP_Pictos_Declaration-300x300.png 300w, https:\/\/www.service-public.pf\/dicp\/wp-content\/uploads\/sites\/59\/2024\/12\/DICP_Pictos_Declaration-400x400.png 400w, https:\/\/www.service-public.pf\/dicp\/wp-content\/uploads\/sites\/59\/2024\/12\/DICP_Pictos_Declaration-600x600.png 600w, https:\/\/www.service-public.pf\/dicp\/wp-content\/uploads\/sites\/59\/2024\/12\/DICP_Pictos_Declaration-768x768.png 768w, https:\/\/www.service-public.pf\/dicp\/wp-content\/uploads\/sites\/59\/2024\/12\/DICP_Pictos_Declaration-800x800.png 800w, https:\/\/www.service-public.pf\/dicp\/wp-content\/uploads\/sites\/59\/2024\/12\/DICP_Pictos_Declaration-1024x1024.png 1024w, https:\/\/www.service-public.pf\/dicp\/wp-content\/uploads\/sites\/59\/2024\/12\/DICP_Pictos_Declaration-1200x1200.png 1200w, https:\/\/www.service-public.pf\/dicp\/wp-content\/uploads\/sites\/59\/2024\/12\/DICP_Pictos_Declaration.png 1250w\" data-sizes=\"auto\" data-orig-sizes=\"(max-width: 96px) 100vw, 96px\" \/><br \/>\nFormulaire de d\u00e9claration<\/h2>\n<\/div><div ><a class=\"fusion-button button-flat fusion-button-default-size button-default fusion-button-default button-1 fusion-button-default-span fusion-button-default-type\" target=\"_blank\" rel=\"noopener noreferrer\" href=\"https:\/\/www.service-public.pf\/dicp\/declarations-les-imprimes\/#cst\"><span class=\"fusion-button-text awb-button__text awb-button__text--default\">t\u00e9l\u00e9chargez le formulaire 4010<\/span><\/a><\/div><\/div><\/div><div class=\"fusion-layout-column fusion_builder_column fusion-builder-column-2 fusion_builder_column_1_1 1_1 fusion-flex-column\" style=\"--awb-bg-size:cover;--awb-width-large:100%;--awb-margin-top-large:0px;--awb-spacing-right-large:1.92%;--awb-margin-bottom-large:20px;--awb-spacing-left-large:1.92%;--awb-width-medium:100%;--awb-order-medium:0;--awb-spacing-right-medium:1.92%;--awb-spacing-left-medium:1.92%;--awb-width-small:100%;--awb-order-small:0;--awb-spacing-right-small:1.92%;--awb-spacing-left-small:1.92%;\"><div class=\"fusion-column-wrapper fusion-column-has-shadow fusion-flex-justify-content-flex-start fusion-content-layout-column\"><div class=\"fusion-text fusion-text-5\" style=\"--awb-margin-top:30px;\"><h2 style=\"display: flex; align-items: center; gap: 10px;\"><img class=\"lazyload\" decoding=\"async\" src=\"data:image\/svg+xml,%3Csvg%20xmlns%3D%27http%3A%2F%2Fwww.w3.org%2F2000%2Fsvg%27%20width%3D%27100%27%20height%3D%27100%27%20viewBox%3D%270%200%20100%20100%27%3E%3Crect%20width%3D%27100%27%20height%3D%27100%27%20fill-opacity%3D%220%22%2F%3E%3C%2Fsvg%3E\" data-orig-src=\"https:\/\/www.service-public.pf\/dicp\/wp-content\/uploads\/sites\/59\/2024\/12\/DICP_Pictos_Recouvrement.jpg\" alt=\"D\u00e9p\u00f4t et paiement de la d\u00e9claration\" width=\"100\" height=\"100\" \/><br \/>\nD\u00e9p\u00f4t et paiement de la d\u00e9claration<\/h2>\n<\/div><style type=\"text\/css\">.fusion-faqs-wrapper #accordian-1 .fusion-panel { border-color:var(--awb-color3); }.fusion-faqs-wrapper #accordian-1 .fusion-panel:hover{ border-color: var(--awb-color3); }.fusion-accordian #accordian-1 .panel-title a .fa-fusion-box:before{ font-size: 16px;width: 16px;}.fusion-accordian #accordian-1 .panel-title a .fa-fusion-box{ color: #ffffff;}.fusion-accordian  #accordian-1 .panel-title a{font-family:var(--awb-typography1-font-family);font-weight:var(--awb-typography1-font-weight);font-style:var(--awb-typography1-font-style);}.fusion-accordian  #accordian-1 .panel-title a:not(:hover){color:var(--awb-color5);}.fusion-accordian  #accordian-1 .toggle-content{font-size:15px;color:var(--awb-color6);font-family:var(--awb-typography4-font-family);font-weight:var(--awb-typography4-font-weight);font-style:var(--awb-typography4-font-style);}.fusion-accordian #accordian-1 .fa-fusion-box { background-color: #0078b5 !important;border-color: #0078b5 !important;}.fusion-accordian #accordian-1 .panel-title a:hover,.fusion-accordian #accordian-1 .panel-title a.hover { color: #001e3c;}.fusion-faq-shortcode .fusion-accordian #accordian-1 .fusion-toggle-boxed-mode:hover .panel-title a { color: #001e3c;}.fusion-accordian #accordian-1 .panel-title a:hover .fa-fusion-box,.fusion-accordian #accordian-1 .panel-title a.hover .fa-fusion-box { background-color: #001e3c!important;border-color: #001e3c!important;}.fusion-faqs-wrapper .fusion-accordian #accordian-1 .panel-title a.active{ color: #001e3c !important;}.fusion-faqs-wrapper .fusion-accordian #accordian-1 .panel-title .active .fa-fusion-box { background-color: #001e3c!important;border-color: #001e3c!important;}<\/style><div class=\"fusion-faq-shortcode\" style=\"\"><div class=\"fusion-faqs-wrapper\"><div class=\"accordian fusion-accordian\"><div class=\"panel-group \" id=\"accordian-1\"><div class=\"fusion-panel panel-default fusion-faq-post fusion-faq-post-1702 demarches-courantes depot-et-paiement-de-la-declaration particuliers \"><span class=\"entry-title rich-snippet-hidden\">Quelles sont les taxes \u00e0 payer \u00e0 la Recette-DICP (ex : TVA, CSTS\u2026) et comment les payer ?<\/span><span class=\"vcard rich-snippet-hidden\"><span class=\"fn\"><a href=\"https:\/\/www.service-public.pf\/dicp\/author\/tagency\/\" title=\"Articles par tagency\" rel=\"author\">tagency<\/a><\/span><\/span><span class=\"updated rich-snippet-hidden\">2025-11-25T02:44:48+01:00<\/span><div class=\"panel-heading\"><h4 id=\"faq_1-1702\" class=\"panel-title toggle\"><a data-toggle=\"collapse\" class=\"collapsed\" data-parent=\"#accordian-1\" data-target=\"#collapse-1-1702\" href=\"#collapse-1-1702\" aria-expanded=\"false\"><div class=\"fusion-toggle-icon-wrapper\"><div class=\"fusion-toggle-icon-wrapper-main\"><div class=\"fusion-toggle-icon-wrapper-sub\"><i class=\"fa-fusion-box active-icon fa-arrow-down fas\" aria-hidden=\"true\"><\/i><i class=\"fa-fusion-box inactive-icon fa-arrow-right fas\" aria-hidden=\"true\"><\/i><\/div><\/div><\/div><div class=\"fusion-toggle-heading\">Quelles sont les taxes \u00e0 payer \u00e0 la Recette-DICP (ex : TVA, CSTS\u2026) et comment les payer ?<\/div><\/a><\/h4><\/div><div id=\"collapse-1-1702\" aria-labelledby=\"faq_1-1702\" class=\"panel-collapse collapse\"><div class=\"panel-body toggle-content post-content\"><p>Veuillez cliquer sur le lien suivant : <a href=\"https:\/\/mesimpots.gov.pf\/demandes\/?sujet=paiement&amp;demande=dicp\">https:\/\/mesimpots.gov.pf\/demandes\/?sujet=paiement&amp;demande=dicp<\/a><\/p>\n<\/div><\/div><\/div><div class=\"fusion-panel panel-default fusion-faq-post fusion-faq-post-1706 demarches-courantes depot-et-paiement-de-la-declaration particuliers tva \"><span class=\"entry-title rich-snippet-hidden\">Quels moyens de paiement utiliser \u00e0 la Recette des imp\u00f4ts ?<\/span><span class=\"vcard rich-snippet-hidden\"><span class=\"fn\"><a href=\"https:\/\/www.service-public.pf\/dicp\/author\/tagency\/\" title=\"Articles par tagency\" rel=\"author\">tagency<\/a><\/span><\/span><span class=\"updated rich-snippet-hidden\">2025-11-19T21:15:04+01:00<\/span><div class=\"panel-heading\"><h4 id=\"faq_1-1706\" class=\"panel-title toggle\"><a data-toggle=\"collapse\" class=\"collapsed\" data-parent=\"#accordian-1\" data-target=\"#collapse-1-1706\" href=\"#collapse-1-1706\" aria-expanded=\"false\"><div class=\"fusion-toggle-icon-wrapper\"><div class=\"fusion-toggle-icon-wrapper-main\"><div class=\"fusion-toggle-icon-wrapper-sub\"><i class=\"fa-fusion-box active-icon fa-arrow-down fas\" aria-hidden=\"true\"><\/i><i class=\"fa-fusion-box inactive-icon fa-arrow-right fas\" aria-hidden=\"true\"><\/i><\/div><\/div><\/div><div class=\"fusion-toggle-heading\">Quels moyens de paiement utiliser \u00e0 la Recette des imp\u00f4ts ?<\/div><\/a><\/h4><\/div><div id=\"collapse-1-1706\" aria-labelledby=\"faq_1-1706\" class=\"panel-collapse collapse\"><div class=\"panel-body toggle-content post-content\"><p class=\"text-align-justify\">Les paiements effectu\u00e9s aupr\u00e8s de la Recette des Imp\u00f4ts peuvent \u00eatre effectu\u00e9s:<\/p>\n<ul>\n<li class=\"text-align-justify\">en num\u00e9raire , pour les sommes inf\u00e9rieures \u00e0 119.330 francs CFP ;<\/li>\n<li>par carte bancaire au guichet du service client\u00e8le ;<\/li>\n<li class=\"text-align-justify\">par ch\u00e8que libell\u00e9 \u00e0 l\u2019ordre du Tr\u00e9sor Public ;<\/li>\n<li class=\"text-align-justify\">par virement bancaire sur le compte IEOM de la Recette des imp\u00f4ts: n\u00b045189\/00003\/61110000000\/45.<\/li>\n<\/ul>\n<p class=\"text-align-justify\">En cas de virement sur le compte IEOM de la Recette des imp\u00f4ts, vous devez imp\u00e9rativement porter ou faire porter dans le libell\u00e9 de votre virement, votre num\u00e9ro TAHITI et votre identification, la d\u00e9signation de l\u2019imp\u00f4t et la p\u00e9riode de d\u00e9claration auquel votre virement se rattache, sans oublier de t\u00e9l\u00e9d\u00e9clarer votre imposition ou de d\u00e9poser votre d\u00e9claration \u00e0 la Recette des imp\u00f4ts.<\/p>\n<p class=\"text-align-justify\">En cas d\u2019acheminement des d\u00e9clarations TVA ou CST-S ou autres par la voie postale, la date retenue pour le d\u00e9p\u00f4t de ces d\u00e9clarations est celle figurant sur le cachet de la poste qui fait foi de la date d\u2019exp\u00e9dition. En cas de remise directe \u00e0 la Recette des imp\u00f4ts, la date retenue est la date \u00e0 laquelle cette remise est effectu\u00e9e. Les d\u00e9clarations doivent \u00eatre post\u00e9es \u00e0 l\u2019adresse suivante : Boite Postale 72 &#8211; 98 713 Papeete.<\/p>\n<p class=\"text-align-justify\">Enfin, il est pr\u00e9cis\u00e9 que le paiement des droits de timbres fiscaux se font exclusivement sous forme de num\u00e9raires. Il en est de m\u00eame pour la taxe de mise en circulation et la taxe d\u2019environnement pour lesquelles sont n\u00e9anmoins accept\u00e9s les ch\u00e8ques de banque certifi\u00e9s.<\/p>\n<\/div><\/div><\/div><\/div><\/div><\/div><\/div><\/div><\/div><\/div><\/div><div class=\"fusion-fullwidth fullwidth-box fusion-builder-row-3 fusion-flex-container has-pattern-background has-mask-background nonhundred-percent-fullwidth non-hundred-percent-height-scrolling\" style=\"--awb-border-radius-top-left:0px;--awb-border-radius-top-right:0px;--awb-border-radius-bottom-right:0px;--awb-border-radius-bottom-left:0px;--awb-flex-wrap:wrap;\" ><div class=\"fusion-builder-row fusion-row fusion-flex-align-items-flex-start fusion-flex-content-wrap\" style=\"max-width:1216.8px;margin-left: calc(-4% \/ 2 );margin-right: calc(-4% \/ 2 );\"><div class=\"fusion-layout-column fusion_builder_column fusion-builder-column-3 fusion_builder_column_1_1 1_1 fusion-flex-column\" style=\"--awb-bg-size:cover;--awb-width-large:100%;--awb-margin-top-large:0px;--awb-spacing-right-large:1.92%;--awb-margin-bottom-large:20px;--awb-spacing-left-large:1.92%;--awb-width-medium:100%;--awb-order-medium:0;--awb-spacing-right-medium:1.92%;--awb-spacing-left-medium:1.92%;--awb-width-small:100%;--awb-order-small:0;--awb-spacing-right-small:1.92%;--awb-spacing-left-small:1.92%;\"><div class=\"fusion-column-wrapper fusion-column-has-shadow fusion-flex-justify-content-flex-start fusion-content-layout-column\"><div class=\"fusion-text fusion-text-6\" style=\"--awb-margin-top:30px;\"><h2 style=\"display: flex; align-items: center; gap: 10px;\"><img class=\"lazyload\" decoding=\"async\" src=\"data:image\/svg+xml,%3Csvg%20xmlns%3D%27http%3A%2F%2Fwww.w3.org%2F2000%2Fsvg%27%20width%3D%27100%27%20height%3D%27100%27%20viewBox%3D%270%200%20100%20100%27%3E%3Crect%20width%3D%27100%27%20height%3D%27100%27%20fill-opacity%3D%220%22%2F%3E%3C%2Fsvg%3E\" data-orig-src=\"https:\/\/www.service-public.pf\/dicp\/wp-content\/uploads\/sites\/59\/2024\/12\/DICP_Pictos_Reglementation-fiscale.jpg\" alt=\"Texte de r\u00e9f\u00e9rence\" width=\"100\" height=\"100\" \/><br \/>\nTexte de r\u00e9f\u00e9rence<\/h2>\n<\/div><div class=\"fusion-text fusion-text-7\"><div class=\"fusion-button-wrapper\"><a class=\"fusion-button button-flat fusion-button-default-size button-default fusion-button-default button-2 fusion-button-default-span fusion-button-default-type\" target=\"_blank\" rel=\"noopener noreferrer\" href=\"https:\/\/lexpol.cloud.pf\/LexpolAfficheTexte.php?texte=581595\"><i class=\"fa-external-link-alt fas awb-button__icon awb-button__icon--default button-icon-left\" aria-hidden=\"true\"><\/i><span class=\"fusion-button-text awb-button__text awb-button__text--default\">Consultez le Code des imp\u00f4ts<\/span><\/a><\/div>\n<\/div><\/div><\/div><\/div><\/div><div class=\"fusion-fullwidth fullwidth-box fusion-builder-row-4 fusion-flex-container has-pattern-background has-mask-background nonhundred-percent-fullwidth non-hundred-percent-height-scrolling\" style=\"--awb-border-radius-top-left:0px;--awb-border-radius-top-right:0px;--awb-border-radius-bottom-right:0px;--awb-border-radius-bottom-left:0px;--awb-flex-wrap:wrap;\" ><div class=\"fusion-builder-row fusion-row fusion-flex-align-items-flex-start fusion-flex-content-wrap\" style=\"max-width:1216.8px;margin-left: calc(-4% \/ 2 );margin-right: calc(-4% \/ 2 );\"><\/div><\/div><\/p>\n","protected":false},"excerpt":{"rendered":"","protected":false},"author":98,"featured_media":0,"parent":2896,"menu_order":0,"comment_status":"closed","ping_status":"closed","template":"","meta":{"_acf_changed":false,"_seopress_robots_primary_cat":"","_seopress_titles_title":"","_seopress_titles_desc":"","_seopress_robots_index":"","footnotes":""},"class_list":["post-2946","page","type-page","status-publish","hentry"],"acf":[],"_links":{"self":[{"href":"https:\/\/www.service-public.pf\/dicp\/wp-json\/wp\/v2\/pages\/2946","targetHints":{"allow":["GET"]}}],"collection":[{"href":"https:\/\/www.service-public.pf\/dicp\/wp-json\/wp\/v2\/pages"}],"about":[{"href":"https:\/\/www.service-public.pf\/dicp\/wp-json\/wp\/v2\/types\/page"}],"author":[{"embeddable":true,"href":"https:\/\/www.service-public.pf\/dicp\/wp-json\/wp\/v2\/users\/98"}],"replies":[{"embeddable":true,"href":"https:\/\/www.service-public.pf\/dicp\/wp-json\/wp\/v2\/comments?post=2946"}],"version-history":[{"count":4,"href":"https:\/\/www.service-public.pf\/dicp\/wp-json\/wp\/v2\/pages\/2946\/revisions"}],"predecessor-version":[{"id":2950,"href":"https:\/\/www.service-public.pf\/dicp\/wp-json\/wp\/v2\/pages\/2946\/revisions\/2950"}],"up":[{"embeddable":true,"href":"https:\/\/www.service-public.pf\/dicp\/wp-json\/wp\/v2\/pages\/2896"}],"wp:attachment":[{"href":"https:\/\/www.service-public.pf\/dicp\/wp-json\/wp\/v2\/media?parent=2946"}],"curies":[{"name":"wp","href":"https:\/\/api.w.org\/{rel}","templated":true}]}}