{"id":3384,"date":"2025-03-25T22:51:35","date_gmt":"2025-03-25T21:51:35","guid":{"rendered":"https:\/\/www.service-public.pf\/dicp\/?page_id=3384"},"modified":"2025-03-25T22:52:43","modified_gmt":"2025-03-25T21:52:43","slug":"depassement-du-seuil-de-la-franchise-en-base-de-tva","status":"publish","type":"page","link":"https:\/\/www.service-public.pf\/dicp\/le-controle-fiscal-et-la-lutte-contre-la-fraude\/fiches-prevention-des-risques\/depassement-du-seuil-de-la-franchise-en-base-de-tva\/","title":{"rendered":"D\u00e9passement du seuil de la franchise en base de TVA"},"content":{"rendered":"<p><div class=\"fusion-fullwidth fullwidth-box fusion-builder-row-1 fusion-flex-container has-pattern-background has-mask-background nonhundred-percent-fullwidth non-hundred-percent-height-scrolling\" style=\"--awb-border-radius-top-left:0px;--awb-border-radius-top-right:0px;--awb-border-radius-bottom-right:0px;--awb-border-radius-bottom-left:0px;--awb-flex-wrap:wrap;\" ><div class=\"fusion-builder-row fusion-row fusion-flex-align-items-flex-start fusion-flex-content-wrap\" style=\"max-width:1216.8px;margin-left: calc(-4% \/ 2 );margin-right: calc(-4% \/ 2 );\"><div class=\"fusion-layout-column fusion_builder_column fusion-builder-column-0 fusion_builder_column_1_1 1_1 fusion-flex-column\" style=\"--awb-bg-size:cover;--awb-width-large:100%;--awb-margin-top-large:0px;--awb-spacing-right-large:1.92%;--awb-margin-bottom-large:20px;--awb-spacing-left-large:1.92%;--awb-width-medium:100%;--awb-order-medium:0;--awb-spacing-right-medium:1.92%;--awb-spacing-left-medium:1.92%;--awb-width-small:100%;--awb-order-small:0;--awb-spacing-right-small:1.92%;--awb-spacing-left-small:1.92%;\"><div class=\"fusion-column-wrapper fusion-column-has-shadow fusion-flex-justify-content-flex-start fusion-content-layout-column\"><div class=\"fusion-title title fusion-title-1 fusion-title-text fusion-title-size-one\" style=\"--awb-margin-top-small:0px;--awb-margin-right-small:0px;--awb-margin-bottom-small:20px;--awb-margin-left-small:0px;\"><div class=\"title-sep-container title-sep-container-left fusion-no-large-visibility fusion-no-medium-visibility fusion-no-small-visibility\"><div class=\"title-sep sep- sep-solid\" style=\"border-color:var(--awb-color3);\"><\/div><\/div><span class=\"awb-title-spacer fusion-no-large-visibility fusion-no-medium-visibility fusion-no-small-visibility\"><\/span><h1 class=\"fusion-title-heading title-heading-left\" style=\"margin:0;text-transform:uppercase;\"><div id=\"wrapper-slice-336\" class=\"slice-item-wrapper\">\n<p><span style=\"font-size: 14pt\">Principe<\/span><\/p>\n<\/div><\/h1><span class=\"awb-title-spacer\"><\/span><div class=\"title-sep-container title-sep-container-right\"><div class=\"title-sep sep- sep-solid\" style=\"border-color:var(--awb-color3);\"><\/div><\/div><\/div><div class=\"fusion-text fusion-text-1\"><p>Les ventes et les prestations de services effectu\u00e9es contre paiement par un assujetti sont soumises \u00e0 la TVA.<\/p>\n<p>Lorsqu\u2019ils r\u00e9alisent un chiffre d\u2019affaires inf\u00e9rieur ou \u00e9gal \u00e0 5 000 000 F CFP, les assujettis b\u00e9n\u00e9ficient de droit d\u2019une franchise en base qui les dispense du paiement de la TVA.<\/p>\n<\/div><\/div><\/div><\/div><\/div><div class=\"fusion-fullwidth fullwidth-box fusion-builder-row-2 fusion-flex-container has-pattern-background has-mask-background nonhundred-percent-fullwidth non-hundred-percent-height-scrolling\" style=\"--awb-border-radius-top-left:0px;--awb-border-radius-top-right:0px;--awb-border-radius-bottom-right:0px;--awb-border-radius-bottom-left:0px;--awb-flex-wrap:wrap;\" ><div class=\"fusion-builder-row fusion-row fusion-flex-align-items-flex-start fusion-flex-content-wrap\" style=\"max-width:1216.8px;margin-left: calc(-4% \/ 2 );margin-right: calc(-4% \/ 2 );\"><div class=\"fusion-layout-column fusion_builder_column fusion-builder-column-1 fusion_builder_column_1_3 1_3 fusion-flex-column\" style=\"--awb-bg-size:cover;--awb-width-large:33.333333333333%;--awb-margin-top-large:0px;--awb-spacing-right-large:5.76%;--awb-margin-bottom-large:20px;--awb-spacing-left-large:5.76%;--awb-width-medium:100%;--awb-order-medium:0;--awb-spacing-right-medium:1.92%;--awb-spacing-left-medium:1.92%;--awb-width-small:100%;--awb-order-small:0;--awb-spacing-right-small:1.92%;--awb-spacing-left-small:1.92%;\"><div class=\"fusion-column-wrapper fusion-column-has-shadow fusion-flex-justify-content-flex-start fusion-content-layout-column\"><div class=\"fusion-image-element \" style=\"text-align:center;--awb-caption-title-font-family:var(--h2_typography-font-family);--awb-caption-title-font-weight:var(--h2_typography-font-weight);--awb-caption-title-font-style:var(--h2_typography-font-style);--awb-caption-title-size:var(--h2_typography-font-size);--awb-caption-title-transform:var(--h2_typography-text-transform);--awb-caption-title-line-height:var(--h2_typography-line-height);--awb-caption-title-letter-spacing:var(--h2_typography-letter-spacing);\"><span class=\" fusion-imageframe imageframe-none imageframe-1 hover-type-none\"><img decoding=\"async\" width=\"150\" height=\"150\" title=\"DICP Pictos Controlefiscal\" src=\"https:\/\/www.service-public.pf\/dicp\/wp-content\/uploads\/sites\/59\/2025\/02\/DICP_Pictos_Controlefiscal.png\" data-orig-src=\"https:\/\/www.service-public.pf\/dicp\/wp-content\/uploads\/sites\/59\/2025\/02\/DICP_Pictos_Controlefiscal-150x150.png\" alt class=\"lazyload img-responsive wp-image-2480\" srcset=\"data:image\/svg+xml,%3Csvg%20xmlns%3D%27http%3A%2F%2Fwww.w3.org%2F2000%2Fsvg%27%20width%3D%271250%27%20height%3D%271250%27%20viewBox%3D%270%200%201250%201250%27%3E%3Crect%20width%3D%271250%27%20height%3D%271250%27%20fill-opacity%3D%220%22%2F%3E%3C%2Fsvg%3E\" data-srcset=\"https:\/\/www.service-public.pf\/dicp\/wp-content\/uploads\/sites\/59\/2025\/02\/DICP_Pictos_Controlefiscal-200x200.png 200w, https:\/\/www.service-public.pf\/dicp\/wp-content\/uploads\/sites\/59\/2025\/02\/DICP_Pictos_Controlefiscal-400x400.png 400w, https:\/\/www.service-public.pf\/dicp\/wp-content\/uploads\/sites\/59\/2025\/02\/DICP_Pictos_Controlefiscal-600x600.png 600w, https:\/\/www.service-public.pf\/dicp\/wp-content\/uploads\/sites\/59\/2025\/02\/DICP_Pictos_Controlefiscal-800x800.png 800w, https:\/\/www.service-public.pf\/dicp\/wp-content\/uploads\/sites\/59\/2025\/02\/DICP_Pictos_Controlefiscal-1200x1200.png 1200w, https:\/\/www.service-public.pf\/dicp\/wp-content\/uploads\/sites\/59\/2025\/02\/DICP_Pictos_Controlefiscal.png 1250w\" data-sizes=\"auto\" data-orig-sizes=\"(max-width: 1024px) 100vw, (max-width: 850px) 100vw, 400px\" \/><\/span><\/div><div class=\"fusion-title title fusion-title-2 fusion-title-center fusion-title-text fusion-title-size-one\" style=\"--awb-margin-top-small:0px;--awb-margin-right-small:0px;--awb-margin-bottom-small:20px;--awb-margin-left-small:0px;\"><div class=\"title-sep-container title-sep-container-left\"><div class=\"title-sep sep- sep-solid\" style=\"border-color:var(--awb-color3);\"><\/div><\/div><span class=\"awb-title-spacer\"><\/span><h1 class=\"fusion-title-heading title-heading-center\" style=\"margin:0;text-transform:uppercase;\"><h2 class=\"text-align-center\"><span style=\"font-size: 14pt\">Anomalies constat\u00e9es<\/span><\/h2><\/h1><span class=\"awb-title-spacer\"><\/span><div class=\"title-sep-container title-sep-container-right\"><div class=\"title-sep sep- sep-solid\" style=\"border-color:var(--awb-color3);\"><\/div><\/div><\/div><div class=\"fusion-text fusion-text-2\"><p style=\"text-align: justify\">Une entreprise ou un patent\u00e9  r\u00e9alisant un chiffre d\u2019affaires sup\u00e9rieur au seuil des 5 000 000 F CFP continue de facturer ses ventes ou prestations de services sans TVA.<\/p>\n<p style=\"text-align: justify\">Elle prive ainsi le Pays de recettes fiscales, et se place en situation de concurrence d\u00e9loyale par rapport aux entreprises du m\u00eame secteur.<\/p>\n<\/div><\/div><\/div><div class=\"fusion-layout-column fusion_builder_column fusion-builder-column-2 fusion_builder_column_1_3 1_3 fusion-flex-column\" style=\"--awb-bg-size:cover;--awb-width-large:33.333333333333%;--awb-margin-top-large:0px;--awb-spacing-right-large:5.76%;--awb-margin-bottom-large:20px;--awb-spacing-left-large:5.76%;--awb-width-medium:100%;--awb-order-medium:0;--awb-spacing-right-medium:1.92%;--awb-spacing-left-medium:1.92%;--awb-width-small:100%;--awb-order-small:0;--awb-spacing-right-small:1.92%;--awb-spacing-left-small:1.92%;\"><div class=\"fusion-column-wrapper fusion-column-has-shadow fusion-flex-justify-content-flex-start fusion-content-layout-column\"><div class=\"fusion-image-element \" style=\"text-align:center;--awb-caption-title-font-family:var(--h2_typography-font-family);--awb-caption-title-font-weight:var(--h2_typography-font-weight);--awb-caption-title-font-style:var(--h2_typography-font-style);--awb-caption-title-size:var(--h2_typography-font-size);--awb-caption-title-transform:var(--h2_typography-text-transform);--awb-caption-title-line-height:var(--h2_typography-line-height);--awb-caption-title-letter-spacing:var(--h2_typography-letter-spacing);\"><span class=\" fusion-imageframe imageframe-none imageframe-2 hover-type-none\"><img decoding=\"async\" width=\"150\" height=\"150\" title=\"DICP Pictos Profil\" src=\"https:\/\/www.service-public.pf\/dicp\/wp-content\/uploads\/sites\/59\/2025\/02\/DICP_Pictos_Profil.png\" data-orig-src=\"https:\/\/www.service-public.pf\/dicp\/wp-content\/uploads\/sites\/59\/2025\/02\/DICP_Pictos_Profil-150x150.png\" alt class=\"lazyload img-responsive wp-image-2531\" srcset=\"data:image\/svg+xml,%3Csvg%20xmlns%3D%27http%3A%2F%2Fwww.w3.org%2F2000%2Fsvg%27%20width%3D%271250%27%20height%3D%271250%27%20viewBox%3D%270%200%201250%201250%27%3E%3Crect%20width%3D%271250%27%20height%3D%271250%27%20fill-opacity%3D%220%22%2F%3E%3C%2Fsvg%3E\" data-srcset=\"https:\/\/www.service-public.pf\/dicp\/wp-content\/uploads\/sites\/59\/2025\/02\/DICP_Pictos_Profil-200x200.png 200w, https:\/\/www.service-public.pf\/dicp\/wp-content\/uploads\/sites\/59\/2025\/02\/DICP_Pictos_Profil-400x400.png 400w, https:\/\/www.service-public.pf\/dicp\/wp-content\/uploads\/sites\/59\/2025\/02\/DICP_Pictos_Profil-600x600.png 600w, https:\/\/www.service-public.pf\/dicp\/wp-content\/uploads\/sites\/59\/2025\/02\/DICP_Pictos_Profil-800x800.png 800w, https:\/\/www.service-public.pf\/dicp\/wp-content\/uploads\/sites\/59\/2025\/02\/DICP_Pictos_Profil-1200x1200.png 1200w, https:\/\/www.service-public.pf\/dicp\/wp-content\/uploads\/sites\/59\/2025\/02\/DICP_Pictos_Profil.png 1250w\" data-sizes=\"auto\" data-orig-sizes=\"(max-width: 1024px) 100vw, (max-width: 850px) 100vw, 400px\" \/><\/span><\/div><div class=\"fusion-title title fusion-title-3 fusion-title-center fusion-title-text fusion-title-size-one\" style=\"--awb-margin-top-small:0px;--awb-margin-right-small:0px;--awb-margin-bottom-small:20px;--awb-margin-left-small:0px;\"><div class=\"title-sep-container title-sep-container-left\"><div class=\"title-sep sep- sep-solid\" style=\"border-color:var(--awb-color3);\"><\/div><\/div><span class=\"awb-title-spacer\"><\/span><h1 class=\"fusion-title-heading title-heading-center\" style=\"margin:0;text-transform:uppercase;\"><h2 class=\"text-align-center\"><span style=\"font-size: 14pt\">M\u00e9thode de d\u00e9tection<\/span><\/h2><\/h1><span class=\"awb-title-spacer\"><\/span><div class=\"title-sep-container title-sep-container-right\"><div class=\"title-sep sep- sep-solid\" style=\"border-color:var(--awb-color3);\"><\/div><\/div><\/div><div class=\"fusion-text fusion-text-3\"><p style=\"text-align: justify\">La DICP dispose d\u2019outils permettant une analyse des diff\u00e9rentes d\u00e9clarations d\u00e9pos\u00e9es par les entreprises.<\/p>\n<p style=\"text-align: justify\">Elle dispose \u00e9galement d\u2019informations recueillies par voie de recoupements aupr\u00e8s des tiers (fournisseurs, clients, &#8230;) pour mettre en \u00e9vidence le d\u00e9passement du seuil.<\/p>\n<p style=\"text-align: justify\">La TVA non factur\u00e9e peut ainsi \u00eatre clairement identifi\u00e9e.<\/p>\n<\/div><\/div><\/div><div class=\"fusion-layout-column fusion_builder_column fusion-builder-column-3 fusion_builder_column_1_3 1_3 fusion-flex-column\" style=\"--awb-bg-size:cover;--awb-width-large:33.333333333333%;--awb-margin-top-large:0px;--awb-spacing-right-large:5.76%;--awb-margin-bottom-large:20px;--awb-spacing-left-large:5.76%;--awb-width-medium:100%;--awb-order-medium:0;--awb-spacing-right-medium:1.92%;--awb-spacing-left-medium:1.92%;--awb-width-small:100%;--awb-order-small:0;--awb-spacing-right-small:1.92%;--awb-spacing-left-small:1.92%;\"><div class=\"fusion-column-wrapper fusion-column-has-shadow fusion-flex-justify-content-flex-start fusion-content-layout-column\"><div class=\"fusion-image-element \" style=\"text-align:center;--awb-caption-title-font-family:var(--h2_typography-font-family);--awb-caption-title-font-weight:var(--h2_typography-font-weight);--awb-caption-title-font-style:var(--h2_typography-font-style);--awb-caption-title-size:var(--h2_typography-font-size);--awb-caption-title-transform:var(--h2_typography-text-transform);--awb-caption-title-line-height:var(--h2_typography-line-height);--awb-caption-title-letter-spacing:var(--h2_typography-letter-spacing);\"><span class=\" fusion-imageframe imageframe-none imageframe-3 hover-type-none\"><img decoding=\"async\" width=\"150\" height=\"150\" title=\"DICP Pictos Juridique\" src=\"https:\/\/www.service-public.pf\/dicp\/wp-content\/uploads\/sites\/59\/2025\/02\/DICP_Pictos_Juridique.png\" data-orig-src=\"https:\/\/www.service-public.pf\/dicp\/wp-content\/uploads\/sites\/59\/2025\/02\/DICP_Pictos_Juridique-150x150.png\" alt class=\"lazyload img-responsive wp-image-2513\" srcset=\"data:image\/svg+xml,%3Csvg%20xmlns%3D%27http%3A%2F%2Fwww.w3.org%2F2000%2Fsvg%27%20width%3D%271250%27%20height%3D%271250%27%20viewBox%3D%270%200%201250%201250%27%3E%3Crect%20width%3D%271250%27%20height%3D%271250%27%20fill-opacity%3D%220%22%2F%3E%3C%2Fsvg%3E\" data-srcset=\"https:\/\/www.service-public.pf\/dicp\/wp-content\/uploads\/sites\/59\/2025\/02\/DICP_Pictos_Juridique-200x200.png 200w, https:\/\/www.service-public.pf\/dicp\/wp-content\/uploads\/sites\/59\/2025\/02\/DICP_Pictos_Juridique-400x400.png 400w, https:\/\/www.service-public.pf\/dicp\/wp-content\/uploads\/sites\/59\/2025\/02\/DICP_Pictos_Juridique-600x600.png 600w, https:\/\/www.service-public.pf\/dicp\/wp-content\/uploads\/sites\/59\/2025\/02\/DICP_Pictos_Juridique-800x800.png 800w, https:\/\/www.service-public.pf\/dicp\/wp-content\/uploads\/sites\/59\/2025\/02\/DICP_Pictos_Juridique-1200x1200.png 1200w, https:\/\/www.service-public.pf\/dicp\/wp-content\/uploads\/sites\/59\/2025\/02\/DICP_Pictos_Juridique.png 1250w\" data-sizes=\"auto\" data-orig-sizes=\"(max-width: 1024px) 100vw, (max-width: 850px) 100vw, 400px\" \/><\/span><\/div><div class=\"fusion-title title fusion-title-4 fusion-title-center fusion-title-text fusion-title-size-one\" style=\"--awb-margin-top-small:0px;--awb-margin-right-small:0px;--awb-margin-bottom-small:20px;--awb-margin-left-small:0px;\"><div class=\"title-sep-container title-sep-container-left\"><div class=\"title-sep sep- sep-solid\" style=\"border-color:var(--awb-color3);\"><\/div><\/div><span class=\"awb-title-spacer\"><\/span><h1 class=\"fusion-title-heading title-heading-center\" style=\"margin:0;text-transform:uppercase;\"><h2 class=\"text-align-center\"><span style=\"font-size: 14pt\">Cons\u00e9quences et sanctions encourues<\/span><\/h2><\/h1><span class=\"awb-title-spacer\"><\/span><div class=\"title-sep-container title-sep-container-right\"><div class=\"title-sep sep- sep-solid\" style=\"border-color:var(--awb-color3);\"><\/div><\/div><\/div><div class=\"fusion-text fusion-text-4\"><p style=\"text-align: justify\">La TVA non d\u00e9clar\u00e9e \u00e0 tort fait l\u2019objet d\u2019un reversement assorti des int\u00e9r\u00eats de retard.<\/p>\n<p style=\"text-align: justify\">Si le caract\u00e8re intentionnel de l\u2019omission de d\u00e9claration est d\u00e9montr\u00e9, des p\u00e9nalit\u00e9s de 40 % pour manquements d\u00e9lib\u00e9r\u00e9s, voire de 80 % pour man\u0153uvres frauduleuses, peuvent \u00eatre appliqu\u00e9es.<\/p>\n<\/div><\/div><\/div><\/div><\/div><div class=\"fusion-fullwidth fullwidth-box fusion-builder-row-3 fusion-flex-container has-pattern-background has-mask-background nonhundred-percent-fullwidth non-hundred-percent-height-scrolling\" style=\"--awb-border-radius-top-left:0px;--awb-border-radius-top-right:0px;--awb-border-radius-bottom-right:0px;--awb-border-radius-bottom-left:0px;--awb-flex-wrap:wrap;\" ><div class=\"fusion-builder-row fusion-row fusion-flex-align-items-flex-start fusion-flex-content-wrap\" style=\"max-width:1216.8px;margin-left: calc(-4% \/ 2 );margin-right: calc(-4% \/ 2 );\"><div class=\"fusion-layout-column fusion_builder_column fusion-builder-column-4 fusion_builder_column_1_1 1_1 fusion-flex-column\" style=\"--awb-bg-size:cover;--awb-width-large:100%;--awb-margin-top-large:0px;--awb-spacing-right-large:1.92%;--awb-margin-bottom-large:20px;--awb-spacing-left-large:1.92%;--awb-width-medium:100%;--awb-order-medium:0;--awb-spacing-right-medium:1.92%;--awb-spacing-left-medium:1.92%;--awb-width-small:100%;--awb-order-small:0;--awb-spacing-right-small:1.92%;--awb-spacing-left-small:1.92%;\"><div class=\"fusion-column-wrapper fusion-column-has-shadow fusion-flex-justify-content-flex-start fusion-content-layout-column\"><div class=\"fusion-title title fusion-title-5 fusion-title-text fusion-title-size-one\" style=\"--awb-margin-top-small:0px;--awb-margin-right-small:0px;--awb-margin-bottom-small:20px;--awb-margin-left-small:0px;\"><div class=\"title-sep-container title-sep-container-left fusion-no-large-visibility fusion-no-medium-visibility fusion-no-small-visibility\"><div class=\"title-sep sep- sep-solid\" style=\"border-color:var(--awb-color3);\"><\/div><\/div><span class=\"awb-title-spacer fusion-no-large-visibility fusion-no-medium-visibility fusion-no-small-visibility\"><\/span><h1 class=\"fusion-title-heading title-heading-left\" style=\"margin:0;text-transform:uppercase;\"><span style=\"font-size: 14pt\">Aide \u00e0 la r\u00e9gularisation<\/span><\/h1><span class=\"awb-title-spacer\"><\/span><div class=\"title-sep-container title-sep-container-right\"><div class=\"title-sep sep- sep-solid\" style=\"border-color:var(--awb-color3);\"><\/div><\/div><\/div><div class=\"fusion-text fusion-text-5\" style=\"--awb-margin-top:10px;\"><p>Si vous \u00eates concern\u00e9 par cette situation, veuillez prendre contact avec notre service d&rsquo;aide \u00e0 la conformit\u00e9 fiscale (UNAC) par t\u00e9l\u00e9phone au <a href=\"tel:+68940461414\"><u>40.46.14.14<\/u><\/a><\/p>\n<\/div><\/div><\/div><\/div><\/div><\/p>\n","protected":false},"excerpt":{"rendered":"","protected":false},"author":159,"featured_media":0,"parent":3333,"menu_order":0,"comment_status":"closed","ping_status":"closed","template":"","meta":{"_acf_changed":false,"_seopress_robots_primary_cat":"","_seopress_titles_title":"","_seopress_titles_desc":"","_seopress_robots_index":"","footnotes":""},"class_list":["post-3384","page","type-page","status-publish","hentry"],"acf":[],"_links":{"self":[{"href":"https:\/\/www.service-public.pf\/dicp\/wp-json\/wp\/v2\/pages\/3384","targetHints":{"allow":["GET"]}}],"collection":[{"href":"https:\/\/www.service-public.pf\/dicp\/wp-json\/wp\/v2\/pages"}],"about":[{"href":"https:\/\/www.service-public.pf\/dicp\/wp-json\/wp\/v2\/types\/page"}],"author":[{"embeddable":true,"href":"https:\/\/www.service-public.pf\/dicp\/wp-json\/wp\/v2\/users\/159"}],"replies":[{"embeddable":true,"href":"https:\/\/www.service-public.pf\/dicp\/wp-json\/wp\/v2\/comments?post=3384"}],"version-history":[{"count":2,"href":"https:\/\/www.service-public.pf\/dicp\/wp-json\/wp\/v2\/pages\/3384\/revisions"}],"predecessor-version":[{"id":3386,"href":"https:\/\/www.service-public.pf\/dicp\/wp-json\/wp\/v2\/pages\/3384\/revisions\/3386"}],"up":[{"embeddable":true,"href":"https:\/\/www.service-public.pf\/dicp\/wp-json\/wp\/v2\/pages\/3333"}],"wp:attachment":[{"href":"https:\/\/www.service-public.pf\/dicp\/wp-json\/wp\/v2\/media?parent=3384"}],"curies":[{"name":"wp","href":"https:\/\/api.w.org\/{rel}","templated":true}]}}