{"id":1241,"date":"2018-06-16T01:53:48","date_gmt":"2018-06-16T00:53:48","guid":{"rendered":"https:\/\/www.service-public.pf\/diren\/?page_id=1241"},"modified":"2018-06-16T02:04:49","modified_gmt":"2018-06-16T01:04:49","slug":"cerisier","status":"publish","type":"page","link":"https:\/\/www.service-public.pf\/diren\/prevenir\/especes-envahissantes\/cerisier\/","title":{"rendered":"Cerisier de Cayenne"},"content":{"rendered":"<h3>Cerisier, Cerisier de Cayenne, <em>\u200bTeri<\/em><\/h3>\n<p><strong>Nom latin :\u00a0<\/strong><em>Eugenia\u00a0uniflora<\/em><br \/>\n<strong>Autre(s) nom(s) :\u00a0<\/strong>\u00ab\u00a0Cerisier\u00a0\u00bb, Cerisier de cayenne, Pitanga, Surinam cherry<br \/>\n<strong>Famille :<\/strong>\u00a0Myrtaceae<\/p>\n<h3>Comment reconna\u00eetre le cerisier de Cayenne\u00a0?<\/h3>\n<ul>\n<li class=\"rteindent1\"><b>Type\u00a0<\/b>: arbuste \u00e0 petit arbre<\/li>\n<li class=\"rteindent1\"><b>Taille\u00a0<\/b>: 2-5 m (pouvant atteindre 7 m) (1)<\/li>\n<li class=\"rteindent1\"><b>Feuille\u00a0<\/b>: feuilles simples, oppos\u00e9es,\u00a0petites (4-7 cm de long sur 2-4 cm\u00a0de large), ovales, coriaces (1)<\/li>\n<li class=\"rteindent1\"><b>Fleur\u00a0<\/b>: fleurs solitaires blanches, au bout\u00a0de p\u00e9dicelles gr\u00eales (2-4 cm de long) 1\u00a0Floraison 2 fois par an (2)<\/li>\n<li class=\"rteindent1\"><b>Fruit\u00a0<\/b>: petit fruit charnu globuleux\u00a0avec 8 c\u00f4tes saillantes (1-2 cm de diam.),\u00a0jaune puis orange \u00e0 rouge vif \u00e0 maturit\u00e9 1\u00a0frutaison* 3-6 semaines apr\u00e8s les fleurs (2)<\/li>\n<li class=\"rteindent1\"><b>Graine\u00a0<\/b>: petites graines (8-15 mm\u00a0de diam\u00e8tre), 1 \u00e0 2 par fruit (1) viable 1\u00a0mois dans le sol, germination en 3 \u00e0 4\u00a0semaines (2)<\/li>\n<\/ul>\n<h3>O\u00f9 trouve-t-on cet arbuste ?<\/h3>\n<ul>\n<li class=\"rteindent1\"><b>Mode(s) de dispersion\u00a0<\/b>: oiseaux, ch\u00e8vres, cochons, rats, homme (fruit comestible) (1)<\/li>\n<li class=\"rteindent1\"><b> Type(s) de v\u00e9g\u00e9tation envahi(s) en Polyn\u00e9sie fran\u00e7aise\u00a0<\/b>: for\u00eats s\u00e8ches et humides de basse\u00a0et moyenne altitude (1)<\/li>\n<li class=\"rteindent1\"><b>Habitat(s) potentiel(s)\u00a0<\/b>: for\u00eat naturelle, for\u00eat secondaris\u00e9e, plantation foresti\u00e8re (2). Il supporte\u00a0tous les types de sols : sableux, sablo-argileux, argileux, calcaire, rocheux, non sensible aux\u00a0inondations, intol\u00e9rant au sol sal\u00e9 (20). Il pr\u00e9f\u00e8re le plein soleil (mais peut germer et se d\u00e9velopper\u00a0\u00e0 l\u2019ombre des for\u00eats avec purau, ficus\u2026) et des pr\u00e9cipitations mod\u00e9r\u00e9es. Son syst\u00e8me racinaire\u00a0profond lui permet de survivre aux saisons s\u00e8ches, sur des dunes de sable dans les environnements arides \u00e0 semi-arides (2)<\/li>\n<li class=\"rteindent1\"><b>Altitudes\u00a0<\/b>: 0-800 m (1)<br \/>\nCroissance lente des plantules, fertiles d\u00e8s 2 ans, 10 ans dans les conditions d\u00e9favorables (2)<\/li>\n<\/ul>\n<h3>Quels sont ses impacts<\/h3>\n<p class=\"rteindent1\">Entre en comp\u00e9tition pour la lumi\u00e8re, l\u2019eau et les\u00a0nutriments\u00a0avec les esp\u00e8ces indig\u00e8nes et\u00a0end\u00e9miques, mena\u00e7ant leur survie (22)<\/p>\n<h3>Que peut-on faire contre le cerisier de\u00a0Cayenne\u00a0?<\/h3>\n<ul>\n<li class=\"rteindent1\"><b>Pr\u00e9vention\u00a0<\/b>:\n<ul>\n<li class=\"rteindent1\">\u00c9viter de propager les graines en transportant de la terre depuis des zones\u00a0infest\u00e9es et veiller \u00e0 ne pas en v\u00e9hiculer par le biais de terre ou de boue coll\u00e9es aux engins<\/li>\n<li class=\"rteindent1\">Bien nettoyer ses chaussures et son mat\u00e9riel de randonn\u00e9e apr\u00e8s chaque excursion en montagne<\/li>\n<li class=\"rteindent1\">Ne pas planter, cultiver pour ses fruits comestibles, les cons\u00e9quences pour l\u2019environnement\u00a0sont trop importantes<\/li>\n<\/ul>\n<\/li>\n<li class=\"rteindent1\"><b>M\u00e9thode physique\u00a0<\/b>:\n<ul>\n<li class=\"rteindent1\">Arrachage des jeunes plants rapidement impossible<\/li>\n<\/ul>\n<\/li>\n<li class=\"rteindent1\"><b>M\u00e9thode chimique\u00a0<\/b>:\n<ul>\n<li class=\"rteindent1\">Pulv\u00e9risation sur feuillage des jeunes plants de triclopyr amine \u00e0 une\u00a0concentration de 50% ou de triclopyr ester \u00e0 une concentration de 10% (28)<\/li>\n<li class=\"rteindent1\">Pulv\u00e9risation sur \u00e9corce basale d\u2019une solution de triclopyr ester dilu\u00e9 \u00e0 10% (28)<\/li>\n<\/ul>\n<\/li>\n<li class=\"rteindent1\"><b>M\u00e9thode int\u00e9gr\u00e9e\u00a0<\/b>:\n<ul>\n<li class=\"rteindent1\">Renforcement de l\u2019ombrage par plantation d\u2019esp\u00e8ces indig\u00e8nes<\/li>\n<\/ul>\n<\/li>\n<\/ul>\n<p><strong>R\u00e9f\u00e9rences<\/strong><\/p>\n<div>(1) Meyer J.-Y., Wan, V. &amp; Butaud J.-F. (2008) Les plantes envahissantes en Polyn\u00e9sie fran\u00e7aise. Direction de l\u2019environnement, D\u00e9l\u00e9gation \u00e0 la recherche, 84 p.<br \/>\n(2) Global Invasive Species Database, (2005). Available from:\u00a0<a href=\"http:\/\/www.issg.org\/database\/species\/ecology.asp?si=19&amp;fr=1&amp;sts=sss\">http:\/\/www.issg.org\/database\/species\/ecology.asp?si=19&amp;fr=1&amp;sts=sss<\/a>\u00a0[Accessed 23 December 2013]<br \/>\n(28) Langeland K. A., Ferrell J. A., Sellers B., MacDonald G. E. &amp; Stocker R. K. (2011) Integrated Management of Nonnative Plants in Natural Areas of Florida. University of Florida<\/p>\n","protected":false},"excerpt":{"rendered":"<p>Cerisier, Cerisier de Cayenne, \u200bTeri Nom latin :\u00a0Eugenia\u00a0uniflora Autre(s) nom(s) :\u00a0\u00ab\u00a0Cerisier\u00a0\u00bb, Cerisier de cayenne, Pitanga, Surinam cherry Famille :\u00a0Myrtaceae Comment reconna\u00eetre le cerisier de Cayenne\u00a0? Type\u00a0: arbuste \u00e0 petit arbre Taille\u00a0: 2-5 m (pouvant atteindre 7 m) (1) Feuille\u00a0: feuilles simples, oppos\u00e9es,\u00a0petites (4-7 cm de long sur 2-4 cm\u00a0de large), ovales, coriaces (1) Fleur\u00a0: fleurs  [&#8230;]<\/p>\n","protected":false},"author":83,"featured_media":0,"parent":228,"menu_order":0,"comment_status":"closed","ping_status":"closed","template":"","meta":{"_acf_changed":false,"_seopress_robots_primary_cat":"","_seopress_titles_title":"","_seopress_titles_desc":"","_seopress_robots_index":"","footnotes":""},"class_list":["post-1241","page","type-page","status-publish","hentry"],"acf":[],"_links":{"self":[{"href":"https:\/\/www.service-public.pf\/diren\/wp-json\/wp\/v2\/pages\/1241","targetHints":{"allow":["GET"]}}],"collection":[{"href":"https:\/\/www.service-public.pf\/diren\/wp-json\/wp\/v2\/pages"}],"about":[{"href":"https:\/\/www.service-public.pf\/diren\/wp-json\/wp\/v2\/types\/page"}],"author":[{"embeddable":true,"href":"https:\/\/www.service-public.pf\/diren\/wp-json\/wp\/v2\/users\/83"}],"replies":[{"embeddable":true,"href":"https:\/\/www.service-public.pf\/diren\/wp-json\/wp\/v2\/comments?post=1241"}],"version-history":[{"count":0,"href":"https:\/\/www.service-public.pf\/diren\/wp-json\/wp\/v2\/pages\/1241\/revisions"}],"up":[{"embeddable":true,"href":"https:\/\/www.service-public.pf\/diren\/wp-json\/wp\/v2\/pages\/228"}],"wp:attachment":[{"href":"https:\/\/www.service-public.pf\/diren\/wp-json\/wp\/v2\/media?parent=1241"}],"curies":[{"name":"wp","href":"https:\/\/api.w.org\/{rel}","templated":true}]}}