{"id":2225,"date":"2018-07-10T16:05:37","date_gmt":"2018-07-11T02:05:37","guid":{"rendered":"https:\/\/www.service-public.pf\/diren\/?page_id=2225"},"modified":"2024-06-10T17:08:10","modified_gmt":"2024-06-11T03:08:10","slug":"dechets","status":"publish","type":"page","link":"https:\/\/www.service-public.pf\/diren\/dechets\/","title":{"rendered":"Les d\u00e9chets"},"content":{"rendered":"<p><div class=\"fusion-fullwidth fullwidth-box fusion-builder-row-1 nonhundred-percent-fullwidth non-hundred-percent-height-scrolling\" style=\"--awb-border-radius-top-left:0px;--awb-border-radius-top-right:0px;--awb-border-radius-bottom-right:0px;--awb-border-radius-bottom-left:0px;--awb-flex-wrap:wrap;\" ><div class=\"fusion-builder-row fusion-row\"><div class=\"fusion-layout-column fusion_builder_column fusion-builder-column-0 fusion_builder_column_1_1 1_1 fusion-one-full fusion-column-first fusion-column-last\" style=\"--awb-bg-size:cover;\"><div class=\"fusion-column-wrapper fusion-flex-column-wrapper-legacy\"><div class=\"fusion-title title fusion-title-1 fusion-title-text fusion-title-size-one\" style=\"--awb-margin-top-small:0px;--awb-margin-right-small:0px;--awb-margin-bottom-small:20px;--awb-margin-left-small:0px;\"><h1 class=\"fusion-title-heading title-heading-left\" style=\"margin:0;\">Les d\u00e9chets<\/h1><span class=\"awb-title-spacer\"><\/span><div class=\"title-sep-container\"><div class=\"title-sep sep-double sep-solid\" style=\"border-color:#e0dede;\"><\/div><\/div><\/div><div class=\"fusion-clearfix\"><\/div><\/div><\/div><div class=\"fusion-layout-column fusion_builder_column fusion-builder-column-1 fusion_builder_column_1_2 1_2 fusion-one-half fusion-column-first\" style=\"--awb-bg-size:cover;width:50%;width:calc(50% - ( ( 4% ) * 0.5 ) );margin-right: 4%;\"><div class=\"fusion-column-wrapper fusion-flex-column-wrapper-legacy\"><div class=\"fusion-image-element in-legacy-container\" style=\"--awb-bottom-shadow-color:rgba(0,0,0,0.4);--awb-caption-title-font-family:var(--h2_typography-font-family);--awb-caption-title-font-weight:var(--h2_typography-font-weight);--awb-caption-title-font-style:var(--h2_typography-font-style);--awb-caption-title-size:var(--h2_typography-font-size);--awb-caption-title-transform:var(--h2_typography-text-transform);--awb-caption-title-line-height:var(--h2_typography-line-height);--awb-caption-title-letter-spacing:var(--h2_typography-letter-spacing);\"><div class=\"awb-image-frame awb-image-frame-1 awb-bottomshadow\"><span class=\" fusion-imageframe imageframe-bottomshadow imageframe-1 hover-type-none\" style=\"border:1px solid #545454;\"><img decoding=\"async\" width=\"1024\" height=\"498\" title=\"ICPE CET\" src=\"https:\/\/www.service-public.pf\/diren\/wp-content\/uploads\/sites\/17\/2019\/06\/ICPE-CET-1024x498.jpg\" alt class=\"img-responsive wp-image-4226\" srcset=\"https:\/\/www.service-public.pf\/diren\/wp-content\/uploads\/sites\/17\/2019\/06\/ICPE-CET-200x97.jpg 200w, https:\/\/www.service-public.pf\/diren\/wp-content\/uploads\/sites\/17\/2019\/06\/ICPE-CET-400x194.jpg 400w, https:\/\/www.service-public.pf\/diren\/wp-content\/uploads\/sites\/17\/2019\/06\/ICPE-CET-600x292.jpg 600w, https:\/\/www.service-public.pf\/diren\/wp-content\/uploads\/sites\/17\/2019\/06\/ICPE-CET-800x389.jpg 800w, https:\/\/www.service-public.pf\/diren\/wp-content\/uploads\/sites\/17\/2019\/06\/ICPE-CET-1200x583.jpg 1200w\" sizes=\"(max-width: 800px) 100vw, 600px\" \/><\/span><svg xmlns=\"http:\/\/www.w3.org\/2000\/svg\" version=\"1.1\" width=\"100%\" viewBox=\"0 0 600 28\" preserveAspectRatio=\"none\"><g clip-path=\"url(#a)\"><mask id=\"b\" style=\"mask-type:luminance\" maskUnits=\"userSpaceOnUse\" x=\"0\" y=\"0\" width=\"600\" height=\"28\"><path d=\"M0 0h600v28H0V0Z\" fill=\"#fff\"\/><\/mask><g filter=\"url(#c)\" mask=\"url(#b)\"><path d=\"M16.439-18.667h567.123v30.8S438.961-8.4 300-8.4C161.04-8.4 16.438 12.133 16.438 12.133v-30.8Z\" fill=\"#000\"\/><\/g><\/g><defs><clipPath id=\"a\"><path fill=\"#fff\" d=\"M0 0h600v28H0z\"\/><\/clipPath><filter id=\"c\" x=\"5.438\" y=\"-29.667\" width=\"589.123\" height=\"52.8\" filterUnits=\"userSpaceOnUse\" color-interpolation-filters=\"sRGB\"><feFlood flood-opacity=\"0\" result=\"BackgroundImageFix\"\/><feBlend in=\"SourceGraphic\" in2=\"BackgroundImageFix\" result=\"shape\"\/><feGaussianBlur stdDeviation=\"5.5\" result=\"effect1_foregroundBlur_3983_183\"\/><\/filter><\/defs><\/svg><\/div><\/div><div class=\"fusion-clearfix\"><\/div><\/div><\/div><div class=\"fusion-layout-column fusion_builder_column fusion-builder-column-2 fusion_builder_column_1_2 1_2 fusion-one-half fusion-column-last\" style=\"--awb-bg-size:cover;width:50%;width:calc(50% - ( ( 4% ) * 0.5 ) );\"><div class=\"fusion-column-wrapper fusion-flex-column-wrapper-legacy\"><div class=\"fusion-reading-box-container reading-box-container-1\" style=\"--awb-title-color:#333333;--awb-margin-top:0px;--awb-margin-bottom:10px;\"><div class=\"reading-box\" style=\"background-color:rgba(255,255,255,0.7);border-width:0px;border-color:#8bc34a;border-left-width:3px;border-left-color:var(--primary_color);border-style:solid;\"><div class=\"reading-box-additional\">\n<h3>La gestion des d\u00e9chets est un d\u00e9fi de taille pour la Polyn\u00e9sie fran\u00e7aise, qui doit faire face \u00e0 des contraintes fortes comme l\u2019\u00e9tendue de son territoire, la dispersion et l\u2019\u00e9loignement des \u00eeles, les faibles surfaces disponibles, petites \u00eeles et atolls peu propices \u00e0 l\u2019enfouissement des d\u00e9chets, <em>etc.<\/em><\/h3>\n<\/div><div class=\"fusion-clearfix\"><\/div><\/div><\/div><div class=\"fusion-clearfix\"><\/div><\/div><\/div><div class=\"fusion-layout-column fusion_builder_column fusion-builder-column-3 fusion_builder_column_1_1 1_1 fusion-one-full fusion-column-first fusion-column-last\" style=\"--awb-bg-size:cover;\"><div class=\"fusion-column-wrapper fusion-flex-column-wrapper-legacy\"><div class=\"fusion-text fusion-text-1\"><p><span class=\"cap coloured-invert\">E<\/span>n mati\u00e8re de d\u00e9chets, la Polyn\u00e9sie fran\u00e7aise fait face \u00e0 un certain nombre de contraintes g\u00e9ographiques (faibles surfaces disponibles, \u00e9clatement des \u00eeles, \u00eeles volcaniques\/atolls coralliens), de la d\u00e9mographie, \u00e0 laquelle s\u2019ajoutent les touristes (160.000 touristes par an pour une population de 270.000 habitants), et de l&rsquo;\u00e9volution des habitudes de consommation, avec un recours de plus en plus important \u00e0 l&rsquo;importation (augmentation des importations de 40% en 10 ans environ).<\/p>\n<p><span class=\"cap coloured-invert\">C<\/span>ompte tenu du d\u00e9veloppement \u00e9conomique et de l\u2019accroissement de la population depuis les 20 derni\u00e8res ann\u00e9es, <strong>la production d\u2019ordures m\u00e9nag\u00e8res ne cesse d\u2019augmenter. <\/strong>Ceci est particuli\u00e8rement pr\u00e9occupant dans les zones urbanis\u00e9es et dans les zones fortement touristiques. Les \u00eeles basses, bien que moins habit\u00e9es, sont \u00e9galement des milieux particuli\u00e8rement fragiles et expos\u00e9s en raison de la faible superficie de terres \u00e9merg\u00e9es et de la pr\u00e9sence des lentilles d\u2019eau douce \u00e0 faible profondeur.<\/p>\n<p>Les I<strong>les du Vent<\/strong> pr\u00e9sentent une densit\u00e9 importante de population et des installations touristiques tr\u00e8s d\u00e9velopp\u00e9es. La gestion des d\u00e9chets y est bien organis\u00e9e. Selon les communes, les d\u00e9chets sont collect\u00e9s de mani\u00e8res s\u00e9par\u00e9es (ordures m\u00e9nag\u00e8res r\u00e9siduelles et les d\u00e9chets recyclables) soit par les camions des services techniques communaux soit par un prestataire priv\u00e9. Le syndicat mixte FENUA MA assure la gestion du traitement des d\u00e9chets m\u00e9nagers de l&rsquo;ensemble des communes des Iles du Vent except\u00e9 Faaa, au travers de deux infrastructures majeures que sont le centre de stockage des d\u00e9chets de Paihoro et le centre de recyclage et de tri de Motu Uta.<\/p>\n<p>Les <strong>autres archipels<\/strong> moins dens\u00e9ment peupl\u00e9s, sont concern\u00e9s par des activit\u00e9s plus traditionnelles comme la p\u00eache, l\u2019agriculture ou la perliculture, et ne b\u00e9n\u00e9ficient pas de v\u00e9ritable organisation de la gestion des d\u00e9chets \u00e0 part sur quelques \u00eeles. La plupart du temps, les d\u00e9chets sont envoy\u00e9s vers des d\u00e9charges non contr\u00f4l\u00e9es, plus ou moins bien g\u00e9r\u00e9es par les communes.<\/p>\n<p>Quelques installations ont n\u00e9anmoins \u00e9t\u00e9 am\u00e9nag\u00e9es dans les r\u00e8gles de l\u2019art au cours des derni\u00e8res ann\u00e9es, notamment sur les communes de Bora Bora et de Nuku Hiva. Des collectes s\u00e9lectives ont \u00e9galement \u00e9t\u00e9 initi\u00e9es sur quelques communes, notamment Maupiti, Bora Bora, Tahaa et Raiatea.<\/p>\n<p>Suite \u00e0 un \u00e9tat des lieux r\u00e9alis\u00e9 en 2012, relatif \u00e0 la situation de gestion des d\u00e9chets m\u00e9nagers sur l&rsquo;ensemble des archipels de la Polyn\u00e9sie Fran\u00e7aise, suivi de l&rsquo;identification de solutions envisageables pour chaque cas de figure, l&rsquo;\u00e9laboration d&rsquo;un sch\u00e9ma territorial de pr\u00e9vention et de gestion des d\u00e9chets est en cours de finalisation.<\/p>\n<\/div><div class=\"accordian fusion-accordian\" style=\"--awb-border-size:1px;--awb-icon-size:13px;--awb-content-font-size:13px;--awb-icon-alignment:left;--awb-hover-color:#f9f9f9;--awb-border-color:#cccccc;--awb-background-color:#ffffff;--awb-divider-color:#e0dede;--awb-divider-hover-color:#e0dede;--awb-icon-color:#ffffff;--awb-title-color:#333333;--awb-content-color:#747474;--awb-icon-box-color:#333333;--awb-toggle-hover-accent-color:#a0ce4e;--awb-title-font-family:&quot;Oswald&quot;;--awb-title-font-weight:400;--awb-title-font-style:normal;--awb-title-font-size:13px;--awb-title-line-height:1.5;--awb-content-font-family:&quot;Roboto&quot;;--awb-content-font-style:normal;--awb-content-font-weight:400;\"><div class=\"panel-group fusion-toggle-icon-boxed\" id=\"accordion-2225-1\"><div class=\"fusion-panel panel-default panel-9c2515d5b8d6eb532 fusion-toggle-has-divider\" style=\"--awb-title-color:#333333;--awb-content-color:#747474;\"><div class=\"panel-heading\"><h4 class=\"panel-title toggle\" id=\"toggle_9c2515d5b8d6eb532\"><a aria-expanded=\"false\" aria-controls=\"9c2515d5b8d6eb532\" role=\"button\" data-toggle=\"collapse\" data-parent=\"#accordion-2225-1\" data-target=\"#9c2515d5b8d6eb532\" href=\"#9c2515d5b8d6eb532\"><span class=\"fusion-toggle-icon-wrapper\" aria-hidden=\"true\"><i class=\"fa-fusion-box active-icon awb-icon-minus\" aria-hidden=\"true\"><\/i><i class=\"fa-fusion-box inactive-icon awb-icon-plus\" aria-hidden=\"true\"><\/i><\/span><span class=\"fusion-toggle-heading\">Lutte contre la pollution plastique <\/span><\/a><\/h4><\/div><div id=\"9c2515d5b8d6eb532\" class=\"panel-collapse collapse \" aria-labelledby=\"toggle_9c2515d5b8d6eb532\"><div class=\"panel-body toggle-content fusion-clearfix\">\n<p>Your Content Goes Here<\/p>\n<\/div><\/div><\/div><\/div><\/div><div class=\"fusion-clearfix\"><\/div><\/div><\/div><\/div><\/div><div class=\"fusion-fullwidth fullwidth-box fusion-builder-row-2 nonhundred-percent-fullwidth non-hundred-percent-height-scrolling\" style=\"--awb-border-radius-top-left:0px;--awb-border-radius-top-right:0px;--awb-border-radius-bottom-right:0px;--awb-border-radius-bottom-left:0px;--awb-margin-top:0px;--awb-margin-bottom:0px;--awb-flex-wrap:wrap;\" ><div class=\"fusion-builder-row fusion-row\"><div class=\"fusion-layout-column fusion_builder_column fusion-builder-column-4 fusion_builder_column_2_3 2_3 fusion-two-third fusion-column-first\" style=\"--awb-bg-size:cover;width:66.666666666667%;width:calc(66.666666666667% - ( ( 4% ) * 0.66666666666667 ) );margin-right: 4%;\"><div class=\"fusion-column-wrapper fusion-flex-column-wrapper-legacy\"><div class=\"fusion-clearfix\"><\/div><\/div><\/div><div class=\"fusion-layout-column fusion_builder_column fusion-builder-column-5 fusion_builder_column_1_3 1_3 fusion-one-third fusion-column-last\" style=\"--awb-bg-size:cover;width:33.333333333333%;width:calc(33.333333333333% - ( ( 4% ) * 0.33333333333333 ) );\"><div class=\"fusion-column-wrapper fusion-flex-column-wrapper-legacy\"><div class=\"fusion-sharing-box fusion-sharing-box-1 has-taglines layout-floated layout-medium-floated layout-small-floated\" style=\"background-color:#f6f6f6;--awb-layout:row;--awb-alignment-small:space-between;\" data-title=\"Les d\u00e9chets\" data-description=\"Les d\u00e9chets  \r\nLa gestion des d\u00e9chets est un d\u00e9fi de taille pour la Polyn\u00e9sie fran\u00e7aise, qui doit faire face \u00e0 des contraintes fortes comme l\u2019\u00e9tendue de son territoire, la dispersion et l\u2019\u00e9loignement des \u00eeles, les faibles surfaces disponibles, petites \u00eeles et atolls peu propices \u00e0 l\u2019enfouissement des d\u00e9chets, etc. \r\n\r\nEn\" data-link=\"https:\/\/www.service-public.pf\/diren\/dechets\/\"><h4 class=\"tagline\" style=\"color:#333333;\">Partager la page<\/h4><div class=\"fusion-social-networks sharingbox-shortcode-icon-wrapper sharingbox-shortcode-icon-wrapper-1\"><span><a href=\"https:\/\/www.facebook.com\/sharer.php?u=https%3A%2F%2Fwww.service-public.pf%2Fdiren%2Fdechets%2F&amp;t=Les%20d%C3%A9chets\" target=\"_blank\" rel=\"noreferrer\" title=\"Facebook\" aria-label=\"Facebook\" data-placement=\"top\" data-toggle=\"tooltip\" data-title=\"Facebook\"><i class=\"fusion-social-network-icon fusion-tooltip fusion-facebook awb-icon-facebook\" style=\"color:#3b5998;\" aria-hidden=\"true\"><\/i><\/a><\/span><span><a href=\"https:\/\/x.com\/intent\/post?text=Les%20d%C3%A9chets&amp;url=https%3A%2F%2Fwww.service-public.pf%2Fdiren%2Fdechets%2F\" target=\"_blank\" rel=\"noopener noreferrer\" title=\"X\" aria-label=\"X\" data-placement=\"top\" data-toggle=\"tooltip\" data-title=\"X\"><i class=\"fusion-social-network-icon fusion-tooltip fusion-twitter awb-icon-twitter\" style=\"color:#000000;\" aria-hidden=\"true\"><\/i><\/a><\/span><span><a href=\"https:\/\/pinterest.com\/pin\/create\/button\/?url=https%3A%2F%2Fwww.service-public.pf%2Fdiren%2Fdechets%2F&amp;description=Les%20d%C3%A9chets%20%20%20%0D%0ALa%20gestion%20des%20d%C3%A9chets%20est%20un%20d%C3%A9fi%20de%20taille%20pour%20la%20Polyn%C3%A9sie%20fran%C3%A7aise%2C%20qui%20doit%20faire%20face%20%C3%A0%20des%20contraintes%20fortes%20comme%20l%E2%80%99%C3%A9tendue%20de%20son%20territoire%2C%20la%20dispersion%20et%20l%E2%80%99%C3%A9loignement%20des%20%C3%AEles%2C%20les%20faibles%20surfaces%20disponibles%2C%20petites%20%C3%AEles%20et%20atolls%20peu%20propices%20%C3%A0%20l%E2%80%99enfouissement%20des%20d%C3%A9chets%2C%20etc.%20%20%0D%0A%0D%0AEn&amp;media=\" target=\"_blank\" rel=\"noopener noreferrer\" title=\"Pinterest\" aria-label=\"Pinterest\" data-placement=\"top\" data-toggle=\"tooltip\" data-title=\"Pinterest\"><i class=\"fusion-social-network-icon fusion-tooltip fusion-pinterest awb-icon-pinterest\" style=\"color:#bd081c;\" aria-hidden=\"true\"><\/i><\/a><\/span><span><a href=\"mailto:?subject=Les%20d%C3%A9chets&amp;body=https%3A%2F%2Fwww.service-public.pf%2Fdiren%2Fdechets%2F\" target=\"_self\" title=\"Email\" aria-label=\"Email\" data-placement=\"top\" data-toggle=\"tooltip\" data-title=\"Email\"><i class=\"fusion-social-network-icon fusion-tooltip fusion-mail awb-icon-mail\" style=\"color:#000000;\" aria-hidden=\"true\"><\/i><\/a><\/span><\/div><\/div><div class=\"fusion-clearfix\"><\/div><\/div><\/div><\/div><\/div><\/p>\n","protected":false},"excerpt":{"rendered":"","protected":false},"author":33,"featured_media":0,"parent":0,"menu_order":0,"comment_status":"closed","ping_status":"closed","template":"","meta":{"_acf_changed":false,"_seopress_robots_primary_cat":"","_seopress_titles_title":"","_seopress_titles_desc":"","_seopress_robots_index":"","footnotes":""},"class_list":["post-2225","page","type-page","status-publish","hentry"],"acf":[],"_links":{"self":[{"href":"https:\/\/www.service-public.pf\/diren\/wp-json\/wp\/v2\/pages\/2225","targetHints":{"allow":["GET"]}}],"collection":[{"href":"https:\/\/www.service-public.pf\/diren\/wp-json\/wp\/v2\/pages"}],"about":[{"href":"https:\/\/www.service-public.pf\/diren\/wp-json\/wp\/v2\/types\/page"}],"author":[{"embeddable":true,"href":"https:\/\/www.service-public.pf\/diren\/wp-json\/wp\/v2\/users\/33"}],"replies":[{"embeddable":true,"href":"https:\/\/www.service-public.pf\/diren\/wp-json\/wp\/v2\/comments?post=2225"}],"version-history":[{"count":0,"href":"https:\/\/www.service-public.pf\/diren\/wp-json\/wp\/v2\/pages\/2225\/revisions"}],"wp:attachment":[{"href":"https:\/\/www.service-public.pf\/diren\/wp-json\/wp\/v2\/media?parent=2225"}],"curies":[{"name":"wp","href":"https:\/\/api.w.org\/{rel}","templated":true}]}}