{"id":1008,"date":"2024-12-05T21:53:07","date_gmt":"2024-12-05T20:53:07","guid":{"rendered":"https:\/\/www.service-public.pf\/douane\/?page_id=1008"},"modified":"2025-01-13T20:30:56","modified_gmt":"2025-01-13T19:30:56","slug":"les-droits-et-taxes-applicables","status":"publish","type":"page","link":"https:\/\/www.service-public.pf\/douane\/professionnels\/la-fiscalite-douaniere\/les-droits-et-taxes-applicables\/","title":{"rendered":"Les droits et taxes applicables"},"content":{"rendered":"<div class=\"fusion-fullwidth fullwidth-box fusion-builder-row-1 fusion-flex-container fusion-parallax-none nonhundred-percent-fullwidth non-hundred-percent-height-scrolling\" style=\"--awb-background-position:right center;--awb-background-repeat:repeat-y;--awb-border-radius-top-left:0px;--awb-border-radius-top-right:0px;--awb-border-radius-bottom-right:0px;--awb-border-radius-bottom-left:0px;--awb-padding-top:15px;--awb-padding-right:100px;--awb-padding-bottom:75px;--awb-padding-left:100px;--awb-padding-right-medium:2rem;--awb-padding-left-medium:2rem;--awb-margin-top:0px;--awb-background-color:rgba(169,183,222,0.66);--awb-background-image:url(&quot;https:\/\/www.service-public.pf\/douane\/wp-content\/uploads\/sites\/18\/2024\/12\/MOTIF-592x1024.png&quot;);--awb-background-size:600px;--awb-flex-wrap:wrap;\" ><div class=\"fusion-builder-row fusion-row fusion-flex-align-items-flex-start fusion-flex-content-wrap\" style=\"max-width:1144px;margin-left: calc(-4% \/ 2 );margin-right: calc(-4% \/ 2 );\"><div class=\"fusion-layout-column fusion_builder_column fusion-builder-column-0 fusion_builder_column_1_1 1_1 fusion-flex-column\" style=\"--awb-bg-size:cover;--awb-width-large:100%;--awb-margin-top-large:0px;--awb-spacing-right-large:1.92%;--awb-margin-bottom-large:44px;--awb-spacing-left-large:0%;--awb-width-medium:100%;--awb-order-medium:0;--awb-spacing-right-medium:1.92%;--awb-spacing-left-medium:1.92%;--awb-width-small:100%;--awb-order-small:0;--awb-spacing-right-small:1.92%;--awb-spacing-left-small:1.92%;\"><div class=\"fusion-column-wrapper fusion-column-has-shadow fusion-flex-justify-content-flex-start fusion-content-layout-column\"><nav class=\"fusion-breadcrumbs fusion-breadcrumbs-1\" style=\"--awb-font-size:12px;--awb-text-hover-color:var(--awb-color4);--awb-text-color:var(--awb-color2);--awb-breadcrumb-sep:&#039;\/&#039;;\" aria-label=\"Breadcrumb\"><ol class=\"awb-breadcrumb-list\"><li class=\"fusion-breadcrumb-item awb-breadcrumb-sep awb-home\" ><a href=\"https:\/\/www.service-public.pf\/douane\" class=\"fusion-breadcrumb-link\"><span >Home<\/span><\/a><\/li><\/ol><\/nav><\/div><\/div>\n<div class=\"fusion-layout-column fusion_builder_column fusion-builder-column-1 fusion_builder_column_1_1 1_1 fusion-flex-column\" style=\"--awb-bg-size:cover;--awb-width-large:100%;--awb-margin-top-large:0px;--awb-spacing-right-large:1.92%;--awb-margin-bottom-large:20px;--awb-spacing-left-large:1.92%;--awb-width-medium:100%;--awb-order-medium:1;--awb-spacing-right-medium:1.92%;--awb-spacing-left-medium:1.92%;--awb-width-small:100%;--awb-order-small:1;--awb-spacing-right-small:1.92%;--awb-margin-bottom-small:49px;--awb-spacing-left-small:1.92%;\"><div class=\"fusion-column-wrapper fusion-column-has-shadow fusion-flex-justify-content-flex-start fusion-content-layout-column\"><div class=\"fusion-text fusion-text-1 fusion-text-no-margin\" style=\"--awb-content-alignment:center;--awb-font-size:40px;--awb-line-height:1;--awb-text-color:var(--awb-color2);--awb-margin-bottom:25px;\"><h2 class=\"fusion-responsive-typography-calculated\" style=\"--fontsize: 42;line-height: 1;text-align: center\" data-fontsize=\"42\" data-lineheight=\"42px\">Les droits et taxes applicables<\/h2>\n<\/div>\n<div class=\"table-1\">\n<table style=\"width: 100%;height: 1920px\" width=\"100%\">\n<thead>\n<tr style=\"height: 23px\">\n<th style=\"width: 29.7521%;height: 23px\" align=\"left\">Code<\/th>\n<th style=\"width: 69.0083%;height: 23px\" align=\"left\">Intitul\u00e9 de la taxe<\/th>\n<\/tr>\n<\/thead>\n<tbody>\n<tr style=\"height: 55px\">\n<td style=\"width: 29.7521%;height: 55px\" width=\"151\">\n<p><strong>TVA<\/strong><\/p>\n<\/td>\n<td style=\"width: 69.0083%;height: 55px\" width=\"359\">\n<p>Taxe sur la valeur ajout\u00e9e<\/p>\n<\/td>\n<\/tr>\n<tr style=\"height: 55px\">\n<td style=\"width: 29.7521%;height: 55px\" width=\"151\">\n<p><strong>DD<\/strong><\/p>\n<\/td>\n<td style=\"width: 69.0083%;height: 55px\" width=\"359\">\n<p>Droit de douane<\/p>\n<\/td>\n<\/tr>\n<tr style=\"height: 55px\">\n<td style=\"width: 29.7521%;height: 55px\" width=\"151\">\n<p><strong>TCH<\/strong><\/p>\n<\/td>\n<td style=\"width: 69.0083%;height: 55px\" width=\"359\">\n<p>Taxe sp\u00e9ciale de consommation hydrocarbures<\/p>\n<\/td>\n<\/tr>\n<tr style=\"height: 55px\">\n<td style=\"width: 29.7521%;height: 55px\" width=\"151\">\n<p><strong>TEAP<\/strong><\/p>\n<\/td>\n<td style=\"width: 69.0083%;height: 55px\" width=\"359\">\n<p>Taxe pour l&rsquo;environnement et l&rsquo;agriculture<\/p>\n<\/td>\n<\/tr>\n<tr style=\"height: 55px\">\n<td style=\"width: 29.7521%;height: 55px\" width=\"151\">\n<p><strong>TDL<\/strong><\/p>\n<\/td>\n<td style=\"width: 69.0083%;height: 55px\" width=\"359\">\n<p>Taxe de d\u00e9veloppement local<\/p>\n<\/td>\n<\/tr>\n<tr style=\"height: 55px\">\n<td style=\"width: 29.7521%;height: 55px\" width=\"151\">\n<p><strong>TSSC<\/strong><\/p>\n<\/td>\n<td style=\"width: 69.0083%;height: 55px\" width=\"359\">\n<p>Taxe sp\u00e9ciale sp\u00e9cifique de consommation<\/p>\n<\/td>\n<\/tr>\n<tr style=\"height: 55px\">\n<td style=\"width: 29.7521%;height: 55px\" width=\"151\">\n<p><strong>TSE<\/strong><\/p>\n<\/td>\n<td style=\"width: 69.0083%;height: 55px\" width=\"359\">\n<p>Taxe sp\u00e9cifique exceptionnelle hydrocarbures<\/p>\n<\/td>\n<\/tr>\n<tr style=\"height: 79px\">\n<td style=\"width: 29.7521%;height: 79px\" width=\"151\">\n<p><strong>TDS<\/strong><\/p>\n<\/td>\n<td style=\"width: 69.0083%;height: 79px\" width=\"359\">\n<p>Taxe pour le d\u00e9veloppement du sport et de la jeunesse<\/p>\n<\/td>\n<\/tr>\n<tr style=\"height: 55px\">\n<td style=\"width: 29.7521%;height: 55px\" width=\"151\">\n<p><strong>DSPE<\/strong><\/p>\n<\/td>\n<td style=\"width: 69.0083%;height: 55px\" width=\"359\">\n<p>Droit sp\u00e9cifique sur les perles export\u00e9es<\/p>\n<\/td>\n<\/tr>\n<tr style=\"height: 79px\">\n<td style=\"width: 29.7521%;height: 79px\" width=\"151\">\n<p><strong>TSIV<\/strong><\/p>\n<\/td>\n<td style=\"width: 69.0083%;height: 79px\" width=\"359\">\n<p>Taxe sp\u00e9cifique sur la consommation des boissons viniques<\/p>\n<\/td>\n<\/tr>\n<tr style=\"height: 55px\">\n<td style=\"width: 29.7521%;height: 55px\" width=\"151\">\n<p><strong>TS<\/strong><\/p>\n<\/td>\n<td style=\"width: 69.0083%;height: 55px\" width=\"359\">\n<p>Taxe statistique<\/p>\n<\/td>\n<\/tr>\n<tr style=\"height: 55px\">\n<td style=\"width: 29.7521%;height: 55px\" width=\"151\">\n<p><strong>TIPP<\/strong><\/p>\n<\/td>\n<td style=\"width: 69.0083%;height: 55px\" width=\"359\">\n<p>Taxe int\u00e9rieure sur le produits p\u00e9troliers<\/p>\n<\/td>\n<\/tr>\n<tr style=\"height: 79px\">\n<td style=\"width: 29.7521%;height: 79px\" width=\"151\">\n<p><strong>DSSCB<\/strong><\/p>\n<\/td>\n<td style=\"width: 69.0083%;height: 79px\" width=\"359\">\n<p>Droit sp\u00e9cifique sp\u00e9cial de consommation sur la bi\u00e8re<\/p>\n<\/td>\n<\/tr>\n<tr style=\"height: 79px\">\n<td style=\"width: 29.7521%;height: 79px\" width=\"151\">\n<p><strong>TCTAI<\/strong><\/p>\n<\/td>\n<td style=\"width: 69.0083%;height: 79px\" width=\"359\">\n<p>Taxe de consommation tabacs et alcools import\u00e9s<\/p>\n<\/td>\n<\/tr>\n<tr style=\"height: 55px\">\n<td style=\"width: 29.7521%;height: 55px\" width=\"151\">\n<p><strong>TFP<\/strong><\/p>\n<\/td>\n<td style=\"width: 69.0083%;height: 55px\" width=\"359\">\n<p>Taxe forfaitaire postale<\/p>\n<\/td>\n<\/tr>\n<tr style=\"height: 79px\">\n<td style=\"width: 29.7521%;height: 79px\" width=\"151\">\n<p><strong>TCABA<\/strong><\/p>\n<\/td>\n<td style=\"width: 69.0083%;height: 79px\" width=\"359\">\n<p>Taxe de consommation sur les autres boissons alcoolis\u00e9es<\/p>\n<\/td>\n<\/tr>\n<tr style=\"height: 55px\">\n<td style=\"width: 29.7521%;height: 55px\" width=\"151\">\n<p><strong>PID<\/strong><\/p>\n<\/td>\n<td style=\"width: 69.0083%;height: 55px\" width=\"359\">\n<p>Participation informatique douani\u00e8re<\/p>\n<\/td>\n<\/tr>\n<tr style=\"height: 55px\">\n<td style=\"width: 29.7521%;height: 55px\" width=\"151\">\n<p><strong>TFV<\/strong><\/p>\n<\/td>\n<td style=\"width: 69.0083%;height: 55px\" width=\"359\">\n<p>Taxe forfaitaire voyageur<\/p>\n<\/td>\n<\/tr>\n<tr style=\"height: 55px\">\n<td style=\"width: 29.7521%;height: 55px\" width=\"151\">\n<p><strong>TPS<\/strong><\/p>\n<\/td>\n<td style=\"width: 69.0083%;height: 55px\" width=\"359\">\n<p>Taxe suppl\u00e9mentaire de solidarit\u00e9<\/p>\n<\/td>\n<\/tr>\n<tr style=\"height: 55px\">\n<td style=\"width: 29.7521%;height: 55px\" width=\"151\">\n<p><strong>TFE<\/strong><\/p>\n<\/td>\n<td style=\"width: 69.0083%;height: 55px\" width=\"359\">\n<p>Taxe forfaitaire ench\u00e8res<\/p>\n<\/td>\n<\/tr>\n<tr style=\"height: 55px\">\n<td style=\"width: 29.7521%;height: 55px\" width=\"151\">\n<p><strong>TSGTR<\/strong><\/p>\n<\/td>\n<td style=\"width: 69.0083%;height: 55px\" width=\"359\">\n<p>Taxe sp\u00e9cifique grands travaux et routes<\/p>\n<\/td>\n<\/tr>\n<tr style=\"height: 55px\">\n<td style=\"width: 29.7521%;height: 55px\" width=\"151\">\n<p><strong>TSAT<\/strong><\/p>\n<\/td>\n<td style=\"width: 69.0083%;height: 55px\" width=\"359\">\n<p>Taxe de Solidarit\u00e9 sur les alcools et les tabacs<\/p>\n<\/td>\n<\/tr>\n<tr style=\"height: 79px\">\n<td style=\"width: 29.7521%;height: 79px\" width=\"151\">\n<p><strong>TSOL<\/strong><\/p>\n<\/td>\n<td style=\"width: 69.0083%;height: 79px\" width=\"359\">\n<p>Taxe de solidarit\u00e9 personnes ag\u00e9es et handicap\u00e9s<\/p>\n<\/td>\n<\/tr>\n<tr style=\"height: 79px\">\n<td style=\"width: 29.7521%;height: 79px\" width=\"151\">\n<p><strong>DCIMP<\/strong><\/p>\n<\/td>\n<td style=\"width: 69.0083%;height: 79px\" width=\"359\">\n<p>Droit de consommation sur les autres produits import\u00e9s<\/p>\n<\/td>\n<\/tr>\n<tr style=\"height: 79px\">\n<td style=\"width: 29.7521%;height: 79px\" width=\"151\">\n<p><strong>CRU<\/strong><\/p>\n<\/td>\n<td style=\"width: 69.0083%;height: 79px\" width=\"359\">\n<p>Droit int\u00e9rieur de consommation (produits du cr\u00fb)<\/p>\n<\/td>\n<\/tr>\n<tr style=\"height: 55px\">\n<td style=\"width: 29.7521%;height: 55px\" width=\"151\">\n<p><strong>TCP<\/strong><\/p>\n<\/td>\n<td style=\"width: 69.0083%;height: 55px\" width=\"359\">\n<p>Taxe de consommation pour la pr\u00e9vention<\/p>\n<\/td>\n<\/tr>\n<tr style=\"height: 55px\">\n<td style=\"width: 29.7521%;height: 55px\" width=\"151\">\n<p><strong>TABAC<\/strong><\/p>\n<\/td>\n<td style=\"width: 69.0083%;height: 55px\" width=\"359\">\n<p>Droit de consommation tabacs<\/p>\n<\/td>\n<\/tr>\n<tr style=\"height: 55px\">\n<td style=\"width: 29.7521%;height: 55px\" width=\"151\">\n<p><strong>TPH<\/strong><\/p>\n<\/td>\n<td style=\"width: 69.0083%;height: 55px\" width=\"359\">\n<p>Taxe de p\u00e9r\u00e9quation des hydrocarbures<\/p>\n<\/td>\n<\/tr>\n<tr style=\"height: 55px\">\n<td style=\"width: 29.7521%;height: 55px\" width=\"151\">\n<p><strong>TEEI<\/strong><\/p>\n<\/td>\n<td style=\"width: 69.0083%;height: 55px\" width=\"359\">\n<p>Taxe sur les \u00e9quipements \u00e9lectriques import\u00e9s<\/p>\n<\/td>\n<\/tr>\n<tr style=\"height: 55px\">\n<td style=\"width: 29.7521%;height: 55px\" width=\"151\">\n<p><strong>ADT<\/strong><\/p>\n<\/td>\n<td style=\"width: 69.0083%;height: 55px\" width=\"359\">\n<p>Redevance d&rsquo;usage de la gare de fret de Faaa<\/p>\n<\/td>\n<\/tr>\n<tr style=\"height: 55px\">\n<td style=\"width: 29.7521%;height: 55px\" width=\"151\">\n<p><strong>PEAGE<\/strong><\/p>\n<\/td>\n<td style=\"width: 69.0083%;height: 55px\" width=\"359\">\n<p>Taxe de p\u00e9age du port autonome<\/p>\n<\/td>\n<\/tr>\n<\/tbody>\n<\/table>\n<\/div>\n<\/div><\/div><\/div><\/div>\n","protected":false},"excerpt":{"rendered":"","protected":false},"author":341,"featured_media":0,"parent":1004,"menu_order":0,"comment_status":"closed","ping_status":"closed","template":"100-width.php","meta":{"_seopress_robots_primary_cat":"","_seopress_titles_title":"","_seopress_titles_desc":"","_seopress_robots_index":"","footnotes":""},"class_list":["post-1008","page","type-page","status-publish","hentry"],"_links":{"self":[{"href":"https:\/\/www.service-public.pf\/douane\/wp-json\/wp\/v2\/pages\/1008","targetHints":{"allow":["GET"]}}],"collection":[{"href":"https:\/\/www.service-public.pf\/douane\/wp-json\/wp\/v2\/pages"}],"about":[{"href":"https:\/\/www.service-public.pf\/douane\/wp-json\/wp\/v2\/types\/page"}],"author":[{"embeddable":true,"href":"https:\/\/www.service-public.pf\/douane\/wp-json\/wp\/v2\/users\/341"}],"replies":[{"embeddable":true,"href":"https:\/\/www.service-public.pf\/douane\/wp-json\/wp\/v2\/comments?post=1008"}],"version-history":[{"count":6,"href":"https:\/\/www.service-public.pf\/douane\/wp-json\/wp\/v2\/pages\/1008\/revisions"}],"predecessor-version":[{"id":2374,"href":"https:\/\/www.service-public.pf\/douane\/wp-json\/wp\/v2\/pages\/1008\/revisions\/2374"}],"up":[{"embeddable":true,"href":"https:\/\/www.service-public.pf\/douane\/wp-json\/wp\/v2\/pages\/1004"}],"wp:attachment":[{"href":"https:\/\/www.service-public.pf\/douane\/wp-json\/wp\/v2\/media?parent=1008"}],"curies":[{"name":"wp","href":"https:\/\/api.w.org\/{rel}","templated":true}]}}