{"id":1064,"date":"2024-12-05T22:01:02","date_gmt":"2024-12-05T21:01:02","guid":{"rendered":"https:\/\/www.service-public.pf\/douane\/?page_id=1064"},"modified":"2025-01-13T12:28:32","modified_gmt":"2025-01-13T11:28:32","slug":"reception-de-marchandises-par-avion-ou-bateau","status":"publish","type":"page","link":"https:\/\/www.service-public.pf\/douane\/particuliers\/jimporte\/reception-de-marchandises-par-avion-ou-bateau\/","title":{"rendered":"R\u00e9ception de marchandises par avion ou bateau"},"content":{"rendered":"<div class=\"fusion-fullwidth fullwidth-box fusion-builder-row-1 fusion-flex-container fusion-parallax-none nonhundred-percent-fullwidth non-hundred-percent-height-scrolling\" style=\"--awb-background-position:right center;--awb-background-repeat:repeat-y;--awb-border-radius-top-left:0px;--awb-border-radius-top-right:0px;--awb-border-radius-bottom-right:0px;--awb-border-radius-bottom-left:0px;--awb-padding-top:15px;--awb-padding-right:100px;--awb-padding-bottom:75px;--awb-padding-left:100px;--awb-padding-right-medium:2rem;--awb-padding-left-medium:2rem;--awb-margin-top:0px;--awb-background-color:rgba(169,183,222,0.62);--awb-background-image:url(&quot;https:\/\/www.service-public.pf\/douane\/wp-content\/uploads\/sites\/18\/2024\/12\/MOTIF-592x1024.png&quot;);--awb-background-size:600px;--awb-flex-wrap:wrap;\" ><div class=\"fusion-builder-row fusion-row fusion-flex-align-items-flex-start fusion-flex-content-wrap\" style=\"max-width:1144px;margin-left: calc(-4% \/ 2 );margin-right: calc(-4% \/ 2 );\"><div class=\"fusion-layout-column fusion_builder_column fusion-builder-column-0 fusion_builder_column_1_1 1_1 fusion-flex-column\" style=\"--awb-bg-size:cover;--awb-width-large:100%;--awb-margin-top-large:0px;--awb-spacing-right-large:1.92%;--awb-margin-bottom-large:44px;--awb-spacing-left-large:0%;--awb-width-medium:100%;--awb-order-medium:0;--awb-spacing-right-medium:1.92%;--awb-spacing-left-medium:1.92%;--awb-width-small:100%;--awb-order-small:0;--awb-spacing-right-small:1.92%;--awb-spacing-left-small:1.92%;\"><div class=\"fusion-column-wrapper fusion-column-has-shadow fusion-flex-justify-content-flex-start fusion-content-layout-column\"><nav class=\"fusion-breadcrumbs fusion-breadcrumbs-1\" style=\"--awb-font-size:12px;--awb-text-hover-color:var(--awb-color4);--awb-text-color:var(--awb-color2);--awb-breadcrumb-sep:&#039;\/&#039;;\" aria-label=\"Breadcrumb\"><ol class=\"awb-breadcrumb-list\"><li class=\"fusion-breadcrumb-item awb-breadcrumb-sep awb-home\" ><a href=\"https:\/\/www.service-public.pf\/douane\" class=\"fusion-breadcrumb-link\"><span >Home<\/span><\/a><\/li><\/ol><\/nav><\/div><\/div>\n<div class=\"fusion-layout-column fusion_builder_column fusion-builder-column-1 fusion_builder_column_1_1 1_1 fusion-flex-column\" style=\"--awb-bg-size:cover;--awb-width-large:100%;--awb-margin-top-large:0px;--awb-spacing-right-large:1.92%;--awb-margin-bottom-large:20px;--awb-spacing-left-large:1.92%;--awb-width-medium:100%;--awb-order-medium:1;--awb-spacing-right-medium:1.92%;--awb-spacing-left-medium:1.92%;--awb-width-small:100%;--awb-order-small:1;--awb-spacing-right-small:1.92%;--awb-margin-bottom-small:49px;--awb-spacing-left-small:1.92%;\"><div class=\"fusion-column-wrapper fusion-column-has-shadow fusion-flex-justify-content-flex-start fusion-content-layout-column\"><div class=\"fusion-text fusion-text-1 fusion-text-no-margin\" style=\"--awb-content-alignment:center;--awb-font-size:40px;--awb-line-height:1;--awb-text-color:var(--awb-color2);--awb-margin-bottom:25px;\"><h2 class=\"fusion-responsive-typography-calculated\" style=\"--fontsize: 42;line-height: 1;text-align: center\" data-fontsize=\"42\" data-lineheight=\"42px\"> R\u00e9ception de marchandises par avion ou par bateau<\/h2>\n<\/div><div class=\"fusion-text fusion-text-2 fusion-text-no-margin\" style=\"--awb-content-alignment:justify;--awb-letter-spacing:0.26px;--awb-margin-top:10px;--awb-margin-bottom:10px;--awb-text-font-family:&quot;Roboto&quot;;--awb-text-font-style:normal;--awb-text-font-weight:300;\"><p>Un particulier, important pour son usage personnel et de mani\u00e8re occasionnelle des marchandises arrivant par fret a\u00e9rien ou maritime, b\u00e9n\u00e9ficie d&rsquo;une franchise \u00e0 l&rsquo;importation si la valeur en douane des dites marchandises est inf\u00e9rieure ou \u00e9gale \u00e0 20.000 CFP.<\/p>\n<p>Pour les marchandises dont la valeur exc\u00e8de 20.000 CFP mais est inf\u00e9rieure \u00e0 50.000 CFP, une taxation forfaitaire est \u00e9tablie suivant l&rsquo;origine de la marchandise :<\/p>\n<\/div><ul style=\"--awb-line-height:23.8px;--awb-icon-width:23.8px;--awb-icon-height:23.8px;--awb-icon-margin:9.8px;--awb-content-margin:33.6px;--awb-circlecolor:var(--awb-color2);--awb-circle-yes-font-size:12.32px;\" class=\"fusion-checklist fusion-checklist-1 fusion-checklist-default type-icons\"><li class=\"fusion-li-item\" style=\"\"><span class=\"icon-wrapper circle-yes\"><i class=\"fusion-li-icon fa-asterisk fas\" aria-hidden=\"true\"><\/i><\/span><div class=\"fusion-li-item-content\">20% de la valeur en douane pour les marchandises originaires de l&rsquo;Union Europ\u00e9enne<\/div><\/li><li class=\"fusion-li-item\" style=\"\"><span class=\"icon-wrapper circle-yes\"><i class=\"fusion-li-icon fa-asterisk fas\" aria-hidden=\"true\"><\/i><\/span><div class=\"fusion-li-item-content\">30% de la valeur en douane pour les marchandises d&rsquo;origine hors Union Europ\u00e9enne.<\/div><\/li><\/ul><div class=\"fusion-text fusion-text-3 fusion-text-no-margin\" style=\"--awb-content-alignment:justify;--awb-letter-spacing:0.26px;--awb-margin-top:10px;--awb-margin-bottom:40px;--awb-text-font-family:&quot;Roboto&quot;;--awb-text-font-style:normal;--awb-text-font-weight:300;\"><p>Les boissons alcooliques, tabacs et produits du tabacs sont exclus de la franchise ainsi que de la taxation forfaitaire.<\/p>\n<p>Au-del\u00e0 de 50.000 CFP, c&rsquo;est une taxation de droit commun qui s&rsquo;applique suivant le tarif des douanes en vigueur, avec d\u00e9p\u00f4t d&rsquo;une d\u00e9claration en douane.<\/p>\n<p>Pour plus de renseignement sur les taux de taxation, <a href=\"https:\/\/www.service-public.pf\/douane\/professionnels\/procedure-de-dedouanement-et-la-simulation-dune-taxation\/le-tarif-douanier\/\"><b style=\"color: var(--awb-color2)\"><u>consultez le tarif douanier ici<\/u><\/b><\/a>.<\/p>\n<\/div><\/div><\/div><\/div><\/div>\n","protected":false},"excerpt":{"rendered":"","protected":false},"author":341,"featured_media":0,"parent":2294,"menu_order":0,"comment_status":"closed","ping_status":"closed","template":"100-width.php","meta":{"_seopress_robots_primary_cat":"","_seopress_titles_title":"","_seopress_titles_desc":"","_seopress_robots_index":"","footnotes":""},"class_list":["post-1064","page","type-page","status-publish","hentry"],"_links":{"self":[{"href":"https:\/\/www.service-public.pf\/douane\/wp-json\/wp\/v2\/pages\/1064","targetHints":{"allow":["GET"]}}],"collection":[{"href":"https:\/\/www.service-public.pf\/douane\/wp-json\/wp\/v2\/pages"}],"about":[{"href":"https:\/\/www.service-public.pf\/douane\/wp-json\/wp\/v2\/types\/page"}],"author":[{"embeddable":true,"href":"https:\/\/www.service-public.pf\/douane\/wp-json\/wp\/v2\/users\/341"}],"replies":[{"embeddable":true,"href":"https:\/\/www.service-public.pf\/douane\/wp-json\/wp\/v2\/comments?post=1064"}],"version-history":[{"count":4,"href":"https:\/\/www.service-public.pf\/douane\/wp-json\/wp\/v2\/pages\/1064\/revisions"}],"predecessor-version":[{"id":2304,"href":"https:\/\/www.service-public.pf\/douane\/wp-json\/wp\/v2\/pages\/1064\/revisions\/2304"}],"up":[{"embeddable":true,"href":"https:\/\/www.service-public.pf\/douane\/wp-json\/wp\/v2\/pages\/2294"}],"wp:attachment":[{"href":"https:\/\/www.service-public.pf\/douane\/wp-json\/wp\/v2\/media?parent=1064"}],"curies":[{"name":"wp","href":"https:\/\/api.w.org\/{rel}","templated":true}]}}