{"id":1095,"date":"2024-12-05T22:04:34","date_gmt":"2024-12-05T21:04:34","guid":{"rendered":"https:\/\/www.service-public.pf\/douane\/?page_id=1095"},"modified":"2025-01-14T00:20:59","modified_gmt":"2025-01-13T23:20:59","slug":"espece","status":"publish","type":"page","link":"https:\/\/www.service-public.pf\/douane\/reglementations\/reglementations-generales\/espece\/","title":{"rendered":"Esp\u00e8ce"},"content":{"rendered":"<div class=\"fusion-fullwidth fullwidth-box fusion-builder-row-1 fusion-flex-container fusion-parallax-none nonhundred-percent-fullwidth non-hundred-percent-height-scrolling\" style=\"--awb-background-position:center bottom;--awb-background-repeat:repeat-x;--awb-border-radius-top-left:0px;--awb-border-radius-top-right:0px;--awb-border-radius-bottom-right:0px;--awb-border-radius-bottom-left:0px;--awb-padding-top:15px;--awb-padding-right:80px;--awb-padding-bottom:75px;--awb-padding-left:80px;--awb-padding-right-medium:2rem;--awb-padding-left-medium:2rem;--awb-margin-top:0px;--awb-background-color:rgba(169,183,222,0.68);--awb-background-image:url(&quot;https:\/\/www.service-public.pf\/douane\/wp-content\/uploads\/sites\/18\/2025\/01\/Design_sans_titre-removebg-preview-1024x23.png&quot;);--awb-background-size:900px;--awb-flex-wrap:wrap;\" ><div class=\"fusion-builder-row fusion-row fusion-flex-align-items-flex-start fusion-flex-content-wrap\" style=\"max-width:1144px;margin-left: calc(-4% \/ 2 );margin-right: calc(-4% \/ 2 );\"><div class=\"fusion-layout-column fusion_builder_column fusion-builder-column-0 fusion_builder_column_1_1 1_1 fusion-flex-column\" style=\"--awb-bg-size:cover;--awb-width-large:100%;--awb-margin-top-large:0px;--awb-spacing-right-large:1.92%;--awb-margin-bottom-large:44px;--awb-spacing-left-large:0%;--awb-width-medium:100%;--awb-order-medium:0;--awb-spacing-right-medium:1.92%;--awb-spacing-left-medium:1.92%;--awb-width-small:100%;--awb-order-small:0;--awb-spacing-right-small:1.92%;--awb-spacing-left-small:1.92%;\"><div class=\"fusion-column-wrapper fusion-column-has-shadow fusion-flex-justify-content-flex-start fusion-content-layout-column\"><nav class=\"fusion-breadcrumbs fusion-breadcrumbs-1\" style=\"--awb-font-size:12px;--awb-text-hover-color:var(--awb-color4);--awb-text-color:var(--awb-color2);--awb-breadcrumb-sep:&#039;\/&#039;;\" aria-label=\"Breadcrumb\"><ol class=\"awb-breadcrumb-list\"><li class=\"fusion-breadcrumb-item awb-breadcrumb-sep awb-home\" ><a href=\"https:\/\/www.service-public.pf\/douane\" class=\"fusion-breadcrumb-link\"><span >Home<\/span><\/a><\/li><\/ol><\/nav><\/div><\/div>\n<div class=\"fusion-layout-column fusion_builder_column fusion-builder-column-1 fusion_builder_column_1_1 1_1 fusion-flex-column\" style=\"--awb-bg-size:cover;--awb-width-large:100%;--awb-margin-top-large:0px;--awb-spacing-right-large:1.92%;--awb-margin-bottom-large:20px;--awb-spacing-left-large:1.92%;--awb-width-medium:100%;--awb-order-medium:1;--awb-spacing-right-medium:1.92%;--awb-spacing-left-medium:1.92%;--awb-width-small:100%;--awb-order-small:1;--awb-spacing-right-small:1.92%;--awb-margin-bottom-small:49px;--awb-spacing-left-small:1.92%;\"><div class=\"fusion-column-wrapper fusion-column-has-shadow fusion-flex-justify-content-flex-start fusion-content-layout-column\"><div class=\"fusion-text fusion-text-1 fusion-text-no-margin\" style=\"--awb-content-alignment:center;--awb-font-size:40px;--awb-line-height:1;--awb-text-color:var(--awb-color2);--awb-margin-bottom:25px;\"><h2 class=\"fusion-responsive-typography-calculated\" style=\"--fontsize: 42;line-height: 1;text-align: center\" data-fontsize=\"42\" data-lineheight=\"42px\">Esp\u00e8ce<\/h2>\n<\/div><div class=\"fusion-title title fusion-title-1 fusion-sep-none fusion-title-text fusion-title-size-three\" style=\"--awb-margin-bottom:10px;--awb-margin-top-small:0px;--awb-margin-right-small:0px;--awb-margin-bottom-small:20px;--awb-margin-left-small:0px;\"><h3 class=\"fusion-title-heading title-heading-left\" style=\"margin:0;\">Classification des marchandises<\/h3><\/div><div class=\"fusion-text fusion-text-2 fusion-text-no-margin\" style=\"--awb-content-alignment:justify;--awb-letter-spacing:0.26px;--awb-margin-top:10px;--awb-margin-bottom:40px;--awb-text-font-family:&quot;Roboto&quot;;--awb-text-font-style:normal;--awb-text-font-weight:300;\"><p><b><i>Pour am\u00e9liorer votre strat\u00e9gie commerciale et tarifaire&#8230;<\/i>&nbsp;<\/b>&nbsp;<b><i>la douane vous aide dans la classification des marchandises !<\/i>&nbsp;<\/b><\/p>\n<p>En glissant d&rsquo;une ligne dans le tarif douanier, qui regroupe pr\u00e8s de 15 500 rubriques de classement, une marchandise peut \u00eatre soumise \u00e0 une taxation plus \u00e9lev\u00e9es ou, au contraire, plus r\u00e9duite, \u00e0 des mesures de surveillance particuli\u00e8re n\u00e9cessitant la pr\u00e9sentation de certificats sp\u00e9ciaux, ou \u00e0 certaines prohibitions relatives ou absolues.<\/p>\n<p>Le classement tarifaire s&rsquo;op\u00e8re au moyens de textes l\u00e9gaux que sont les r\u00e8gles g\u00e9n\u00e9rales interpr\u00e9tatives, les libell\u00e9s de positions, les notes de sections et de chapitres.<\/p>\n<\/div><div class=\"fusion-title title fusion-title-2 fusion-sep-none fusion-title-text fusion-title-size-three\" style=\"--awb-margin-bottom:10px;--awb-margin-top-small:0px;--awb-margin-right-small:0px;--awb-margin-bottom-small:20px;--awb-margin-left-small:0px;\"><h3 class=\"fusion-title-heading title-heading-left\" style=\"margin:0;\">Le renseignement tarifaire contraignant (RTC)<\/h3><\/div><div class=\"fusion-text fusion-text-3 fusion-text-no-margin\" style=\"--awb-content-alignment:justify;--awb-letter-spacing:0.26px;--awb-margin-top:10px;--awb-margin-bottom:40px;--awb-text-font-family:&quot;Roboto&quot;;--awb-text-font-style:normal;--awb-text-font-weight:300;\"><p>Pour aider les entreprises dans leur travail de codification, la proc\u00e9dure du renseignement tarifaire contraignant (RTC) a \u00e9t\u00e9 mise en place. Cet outil permet \u00e0 une entreprise d&rsquo;obtenir, aupr\u00e8s de la direction r\u00e9gionale des douanes de Polyn\u00e9sie fran\u00e7aise, un avis de classement concernant l&rsquo;esp\u00e8ce tarifaire des marchandises qu&rsquo;elle souhaite importer ou exporter.<\/p>\n<p>Une fois d\u00e9livr\u00e9 \u00e0 l&rsquo;entreprises, le RTC lie le service des douanes de Polyn\u00e9sie fran\u00e7aise. A l&rsquo;exportation, m\u00eame s&rsquo;il n&rsquo;est pas directement opposable aux administrations douani\u00e8res des pays-tiers ou de l&rsquo;Union europ\u00e9enne, il constitue une aide pr\u00e9cieuse en cas de contestation de l&rsquo;esp\u00e8ce d\u00e9clar\u00e9e. D\u00e9livr\u00e9 gratuitement, un RTC est valable 3 ans.&nbsp;<\/p>\n<\/div><div class=\"fusion-builder-row fusion-builder-row-inner fusion-row fusion-flex-align-items-flex-start fusion-flex-content-wrap\" style=\"--awb-flex-grow:0;--awb-flex-grow-medium:0;--awb-flex-grow-small:0;--awb-flex-shrink:0;--awb-flex-shrink-medium:0;--awb-flex-shrink-small:0;width:104% !important;max-width:104% !important;margin-left: calc(-4% \/ 2 );margin-right: calc(-4% \/ 2 );\"><div class=\"fusion-layout-column fusion_builder_column_inner fusion-builder-nested-column-0 fusion_builder_column_inner_1_6 1_6 fusion-flex-column fusion-flex-align-self-stretch\" style=\"--awb-padding-top:25px;--awb-padding-right:10px;--awb-padding-bottom:25px;--awb-padding-left:10px;--awb-bg-color:var(--awb-color2);--awb-bg-color-hover:var(--awb-color2);--awb-bg-size:cover;--awb-width-large:16.666666666667%;--awb-margin-top-large:0px;--awb-spacing-right-large:0%;--awb-margin-bottom-large:0px;--awb-spacing-left-large:10.368%;--awb-width-medium:20%;--awb-order-medium:0;--awb-spacing-right-medium:0%;--awb-spacing-left-medium:8.64%;--awb-width-small:25%;--awb-order-small:0;--awb-spacing-right-small:0%;--awb-spacing-left-small:6.912%;\"><div class=\"fusion-column-wrapper fusion-column-has-shadow fusion-flex-justify-content-center fusion-content-layout-column\"><div class=\"fusion-image-element \" style=\"text-align:center;--awb-caption-title-font-family:var(--h2_typography-font-family);--awb-caption-title-font-weight:var(--h2_typography-font-weight);--awb-caption-title-font-style:var(--h2_typography-font-style);--awb-caption-title-size:var(--h2_typography-font-size);--awb-caption-title-transform:var(--h2_typography-text-transform);--awb-caption-title-line-height:var(--h2_typography-line-height);--awb-caption-title-letter-spacing:var(--h2_typography-letter-spacing);\"><span class=\" fusion-imageframe imageframe-none imageframe-1 hover-type-none\"><img decoding=\"async\" width=\"66\" height=\"59\" title=\"Attention\" src=\"https:\/\/www.service-public.pf\/douane\/wp-content\/uploads\/sites\/18\/2024\/12\/Attention.png\" alt class=\"img-responsive wp-image-1634\"\/><\/span><\/div><\/div><\/div><div class=\"fusion-layout-column fusion_builder_column_inner fusion-builder-nested-column-1 fusion_builder_column_inner_5_6 5_6 fusion-flex-column fusion-flex-align-self-stretch\" style=\"--awb-padding-top:25px;--awb-padding-right:51px;--awb-padding-bottom:25px;--awb-padding-left:4px;--awb-bg-color:var(--awb-color2);--awb-bg-color-hover:var(--awb-color2);--awb-bg-size:cover;--awb-width-large:83.333333333333%;--awb-margin-top-large:0px;--awb-spacing-right-large:2.0736%;--awb-margin-bottom-large:0px;--awb-spacing-left-large:0%;--awb-width-medium:80%;--awb-order-medium:0;--awb-spacing-right-medium:2.16%;--awb-spacing-left-medium:0%;--awb-width-small:75%;--awb-order-small:0;--awb-spacing-right-small:2.304%;--awb-spacing-left-small:0%;\"><div class=\"fusion-column-wrapper fusion-column-has-shadow fusion-flex-justify-content-flex-start fusion-content-layout-column\"><div class=\"fusion-title title fusion-title-3 fusion-sep-none fusion-title-text fusion-title-size-three\" style=\"--awb-text-color:var(--awb-color1);--awb-margin-bottom:10px;--awb-margin-top-small:0px;--awb-margin-right-small:0px;--awb-margin-bottom-small:20px;--awb-margin-left-small:0px;\"><h3 class=\"fusion-title-heading title-heading-left\" style=\"margin:0;\">Attention<\/h3><\/div><div class=\"fusion-text fusion-text-4 fusion-text-no-margin\" style=\"--awb-text-color:var(--awb-color1);--awb-margin-top:0px;--awb-margin-bottom:0px;--awb-text-font-family:&quot;Open Sans&quot;;--awb-text-font-style:normal;--awb-text-font-weight:400;\"><p>Un RTC d\u00e9livr\u00e9 lie l&rsquo;administration des douanes polyn\u00e9sienne sous r\u00e9serve que la marchandise corresponde \u00e0 celle qui y est d\u00e9crite, et que les formalit\u00e9s douani\u00e8res r\u00e9alis\u00e9es soient post\u00e9rieures \u00e0 sa date de d\u00e9livrance.<\/p>\n<p><b>Un RTC ne peut, en outre, \u00eatre invoqu\u00e9 que par son titulaire.<\/b><\/p>\n<\/div><\/div><\/div><\/div><div class=\"fusion-title title fusion-title-4 fusion-sep-none fusion-title-text fusion-title-size-three\" style=\"--awb-margin-top:40px;--awb-margin-bottom:10px;--awb-margin-top-small:40px;--awb-margin-right-small:0px;--awb-margin-bottom-small:20px;--awb-margin-left-small:0px;\"><h3 class=\"fusion-title-heading title-heading-left\" style=\"margin:0;\">Comment \u00e9tablir votre demande ?<\/h3><\/div><div class=\"fusion-text fusion-text-5 fusion-text-no-margin\" style=\"--awb-margin-top:10px;--awb-margin-bottom:10px;--awb-text-font-family:&quot;Roboto&quot;;--awb-text-font-style:normal;--awb-text-font-weight:300;\"><p>Vous devez : <\/p>\n<\/div><ul style=\"--awb-line-height:23.8px;--awb-icon-width:23.8px;--awb-icon-height:23.8px;--awb-icon-margin:9.8px;--awb-content-margin:33.6px;--awb-circlecolor:var(--awb-color2);--awb-circle-yes-font-size:12.32px;\" class=\"fusion-checklist fusion-checklist-1 fusion-checklist-default type-numbered\"><li class=\"fusion-li-item\" style=\"\"><span class=\"icon-wrapper circle-yes\">1<\/span><div class=\"fusion-li-item-content\">\n<p>Formuler une demande distincte pour chaque produit identifi\u00e9 par son nom et sa r\u00e9f\u00e9rence commerciale ;<\/p>\n<\/div><\/li><li class=\"fusion-li-item\" style=\"\"><span class=\"icon-wrapper circle-yes\">2<\/span><div class=\"fusion-li-item-content\">\n<p>\u00c9tablir la demande en deux exemplaires sur un formulaire de RTC ;<\/p>\n<\/div><\/li><li class=\"fusion-li-item\" style=\"\"><span class=\"icon-wrapper circle-yes\">3<\/span><div class=\"fusion-li-item-content\">\n<p>Accompagner votre demande de toute documentation utile (catalogue, plans, dessins, croquis, prospectus commerciaux&#8230;) traduite en fran\u00e7ais lorsque celle-ci est en langue \u00e9trang\u00e8re ;<\/p>\n<\/div><\/li><li class=\"fusion-li-item\" style=\"\"><span class=\"icon-wrapper circle-yes\">4<\/span><div class=\"fusion-li-item-content\">\n<p>Joindre \u00e0 votre demande, le cas \u00e9ch\u00e9ant, des \u00e9chantillons en quantit\u00e9s suffisantes pour permettre l&rsquo;analyse ou l&rsquo;examen \u00e9ventuel par le service des douanes ;<\/p>\n<\/div><\/li><li class=\"fusion-li-item\" style=\"\"><span class=\"icon-wrapper circle-yes\">5<\/span><div class=\"fusion-li-item-content\">\n<p>Pr\u00e9ciser les \u00e9l\u00e9ments fournis \u00e0 titre confidentiel.<\/p>\n<\/div><\/li><\/ul><div class=\"fusion-text fusion-text-6\" style=\"--awb-text-font-family:&quot;Roboto&quot;;--awb-text-font-style:normal;--awb-text-font-weight:300;\"><h3><span style=\"font-size: 16px\"><a href=\"https:\/\/www.service-public.pf\/douane\/wp-content\/uploads\/sites\/18\/2024\/12\/Formulaire-demande-de-RTC.pdf\" target=\"_blank\" rel=\"noopener noreferrer\" style=\"color: var(--awb-color2)\"><u>T\u00e9l\u00e9charger le formulaire de demande \u00e0 remplir en cliquant ici.<\/u><\/a><\/span><\/h3>\n<\/div><div class=\"fusion-title title fusion-title-5 fusion-sep-none fusion-title-text fusion-title-size-three\" style=\"--awb-margin-top:40px;--awb-margin-bottom:10px;--awb-margin-top-small:40px;--awb-margin-right-small:0px;--awb-margin-bottom-small:20px;--awb-margin-left-small:0px;\"><h3 class=\"fusion-title-heading title-heading-left\" style=\"margin:0;\">O\u00f9 d\u00e9poser votre demande ?<\/h3><\/div><div class=\"fusion-text fusion-text-7 fusion-text-no-margin\" style=\"--awb-content-alignment:justify;--awb-letter-spacing:0.26px;--awb-margin-top:10px;--awb-margin-bottom:40px;--awb-text-font-family:&quot;Roboto&quot;;--awb-text-font-style:normal;--awb-text-font-weight:300;\"><p>Vous devez remettre ou exp\u00e9dier directement votre demande \u00e0 l&rsquo;adresse suivante :<\/p>\n<ul>\n<li>Direction r\u00e9gionale des douanes de Polyn\u00e9sie fran\u00e7aise<\/li>\n<li>B.P. 9006 &#8211; 98 716 Pirae<\/li>\n<li>Tahti &#8211; Polyn\u00e9sie fran\u00e7aise.<\/li>\n<\/ul>\n<p><b>Pour plus d&rsquo;information contacter la cellule conseil aux entreprises de la Direction r\u00e9gionale de Polyn\u00e9sie fran\u00e7aise au <a href=\"tel:+68940505550\" style=\"color: var(--awb-color2)\">40.50.55.50<\/a><span style=\"color: var(--awb-color2)\"> <\/span>ou sur <\/b><a id=\"2a7577ec223df4850bfcb74d6d903bd1\" class=\"fr-link\" href=\"mailto:cce-polynesie@douane.finances.gouv.fr\" target=\"_self\" data-fr-js-link-actionee=\"true\" style=\"color: var(--awb-color2)\" rel=\"noopener\"><b>cce-polynesie@douane.finances.gouv.fr<\/b><\/a>.<\/p>\n<p><b>Les suites donn\u00e9es \u00e0 votre demande<br \/><\/b><span style=\"color: var(--awb-text-color);font-family: var(--awb-text-font-family);font-size: var(--awb-font-size);font-style: var(--awb-text-font-style);font-weight: var(--awb-text-font-weight);letter-spacing: var(--awb-letter-spacing);text-align: var(--awb-content-alignment);text-transform: var(--awb-text-transform);background-color: var(--awb-bg-color-hover)\">Une r\u00e9ponse \u00e9crite vous est apport\u00e9e dans un d\u00e9lai maximum de 4 mois \u00e0 compter de la date de recevabilit\u00e9 de votre demande. N&rsquo;oubliez pas de tenir compte de ce d\u00e9lai pour les op\u00e9rations que vous envisagez d&rsquo;effectuer.<\/span><\/p>\n<\/div><div class=\"fusion-title title fusion-title-6 fusion-sep-none fusion-title-center fusion-title-text fusion-title-size-two\" style=\"--awb-margin-top:50px;--awb-margin-top-small:0px;--awb-margin-right-small:0px;--awb-margin-bottom-small:20px;--awb-margin-left-small:0px;--awb-font-size:30px;\"><h2 class=\"fusion-title-heading title-heading-center\" style=\"margin:0;font-size:1em;\">Documents \u00e0 t\u00e9l\u00e9charger<\/h2><\/div><div class=\"fusion-post-cards fusion-post-cards-1 fusion-grid-archive fusion-grid-columns-3\" style=\"--awb-column-spacing:15px;--awb-dots-align:center;--awb-columns:3;--awb-active-filter-border-size:3px;--awb-filters-height:36px;--awb-row-spacing:15px;--awb-margin-top:20px;--awb-columns-medium:50%;--awb-columns-small:50%;\" data-post-type-label=\"portfolio\"><ul class=\"fusion-grid fusion-grid-3 fusion-flex-align-items-stretch fusion-grid-posts-cards\"><li class=\"fusion-layout-column fusion_builder_column fusion-builder-column-2 fusion-flex-column fusion-column-inner-bg-wrapper post-card fusion-grid-column fusion-post-cards-grid-column\" style=\"--awb-padding-right:20px;--awb-padding-left:20px;--awb-inner-bg-color:var(--awb-color1);--awb-inner-bg-color-hover:#eaefff;--awb-inner-bg-size:cover;--awb-border-color:var(--awb-color1);--awb-border-color-hover:var(--awb-color6);--awb-border-top:3px;--awb-flex-grow:0;--awb-flex-shrink:0;--awb-flex-grow-medium:0;--awb-flex-shrink-medium:0;--awb-flex-grow-small:0;--awb-flex-shrink-small:0;\"><span class=\"fusion-column-inner-bg hover-type-none\"><a class=\"fusion-column-anchor\" href=\"https:\/\/www.service-public.pf\/douane\/wp-content\/uploads\/sites\/18\/2024\/12\/Formulaire-demande-de-RTC.pdf\" rel=\"noopener noreferrer\" target=\"_blank\"><span class=\"fusion-column-inner-bg-image\"><\/span><\/a><\/span><div class=\"fusion-column-wrapper fusion-flex-justify-content-flex-start fusion-content-layout-column\"><div class=\"fusion-builder-row fusion-builder-row-inner fusion-row fusion-flex-align-items-flex-start fusion-flex-content-wrap\" style=\"--awb-flex-grow:0;--awb-flex-grow-medium:0;--awb-flex-grow-small:0;--awb-flex-shrink:0;--awb-flex-shrink-medium:0;--awb-flex-shrink-small:0;width:104% !important;max-width:104% !important;margin-left: calc(-4% \/ 2 );margin-right: calc(-4% \/ 2 );\"><div class=\"fusion-layout-column fusion_builder_column_inner fusion-builder-nested-column-2 fusion_builder_column_inner_1_4 1_4 fusion-flex-column fusion-flex-align-self-stretch\" style=\"--awb-padding-top:20px;--awb-padding-right:10px;--awb-padding-bottom:20px;--awb-padding-left:10px;--awb-bg-size:cover;--awb-width-large:25%;--awb-margin-top-large:0px;--awb-spacing-right-large:0%;--awb-margin-bottom-large:0px;--awb-spacing-left-large:7.68%;--awb-width-medium:100%;--awb-order-medium:0;--awb-spacing-right-medium:1.92%;--awb-spacing-left-medium:1.92%;--awb-width-small:100%;--awb-order-small:0;--awb-spacing-right-small:1.92%;--awb-spacing-left-small:1.92%;\"><div class=\"fusion-column-wrapper fusion-column-has-shadow fusion-flex-justify-content-center fusion-content-layout-row fusion-flex-align-items-center\"><div class=\"fusion-image-element \" style=\"--awb-max-width:300px;--awb-caption-title-font-family:var(--h2_typography-font-family);--awb-caption-title-font-weight:var(--h2_typography-font-weight);--awb-caption-title-font-style:var(--h2_typography-font-style);--awb-caption-title-size:var(--h2_typography-font-size);--awb-caption-title-transform:var(--h2_typography-text-transform);--awb-caption-title-line-height:var(--h2_typography-line-height);--awb-caption-title-letter-spacing:var(--h2_typography-letter-spacing);\"><span class=\" fusion-imageframe imageframe-none imageframe-2 hover-type-none\"><img decoding=\"async\" width=\"56\" height=\"56\" title=\"Download\" src=\"https:\/\/www.service-public.pf\/douane\/wp-content\/uploads\/sites\/18\/2024\/12\/Download.png\" alt class=\"img-responsive wp-image-1612\"\/><\/span><\/div><\/div><\/div><div class=\"fusion-layout-column fusion_builder_column_inner fusion-builder-nested-column-3 fusion_builder_column_inner_3_4 3_4 fusion-flex-column fusion-flex-align-self-stretch\" style=\"--awb-padding-top:10px;--awb-padding-right:20px;--awb-padding-bottom:10px;--awb-bg-size:cover;--awb-width-large:75%;--awb-margin-top-large:0px;--awb-spacing-right-large:2.56%;--awb-margin-bottom-large:0px;--awb-spacing-left-large:0%;--awb-width-medium:100%;--awb-order-medium:0;--awb-spacing-right-medium:1.92%;--awb-spacing-left-medium:1.92%;--awb-width-small:100%;--awb-order-small:0;--awb-spacing-right-small:1.92%;--awb-spacing-left-small:1.92%;\"><div class=\"fusion-column-wrapper fusion-column-has-shadow fusion-flex-justify-content-center fusion-content-layout-column\"><div class=\"fusion-title title fusion-title-7 fusion-sep-none fusion-title-text fusion-title-size-three\" style=\"--awb-text-color:var(--awb-color2);--awb-margin-top:15px;--awb-margin-bottom:15px;--awb-margin-top-small:0px;--awb-margin-right-small:0px;--awb-margin-bottom-small:20px;--awb-margin-left-small:0px;--awb-font-size:15px;\"><h3 class=\"fusion-title-heading title-heading-left\" style=\"margin:0;font-size:1em;\">RTC &#8211; Formulaire de demande<\/h3><\/div><\/div><\/div><\/div><\/div><\/li>\n<\/ul><\/div><\/div><\/div><\/div><\/div>\n","protected":false},"excerpt":{"rendered":"","protected":false},"author":341,"featured_media":0,"parent":1088,"menu_order":0,"comment_status":"closed","ping_status":"closed","template":"100-width.php","meta":{"_seopress_robots_primary_cat":"","_seopress_titles_title":"","_seopress_titles_desc":"","_seopress_robots_index":"","footnotes":""},"class_list":["post-1095","page","type-page","status-publish","hentry"],"_links":{"self":[{"href":"https:\/\/www.service-public.pf\/douane\/wp-json\/wp\/v2\/pages\/1095","targetHints":{"allow":["GET"]}}],"collection":[{"href":"https:\/\/www.service-public.pf\/douane\/wp-json\/wp\/v2\/pages"}],"about":[{"href":"https:\/\/www.service-public.pf\/douane\/wp-json\/wp\/v2\/types\/page"}],"author":[{"embeddable":true,"href":"https:\/\/www.service-public.pf\/douane\/wp-json\/wp\/v2\/users\/341"}],"replies":[{"embeddable":true,"href":"https:\/\/www.service-public.pf\/douane\/wp-json\/wp\/v2\/comments?post=1095"}],"version-history":[{"count":12,"href":"https:\/\/www.service-public.pf\/douane\/wp-json\/wp\/v2\/pages\/1095\/revisions"}],"predecessor-version":[{"id":2493,"href":"https:\/\/www.service-public.pf\/douane\/wp-json\/wp\/v2\/pages\/1095\/revisions\/2493"}],"up":[{"embeddable":true,"href":"https:\/\/www.service-public.pf\/douane\/wp-json\/wp\/v2\/pages\/1088"}],"wp:attachment":[{"href":"https:\/\/www.service-public.pf\/douane\/wp-json\/wp\/v2\/media?parent=1095"}],"curies":[{"name":"wp","href":"https:\/\/api.w.org\/{rel}","templated":true}]}}