{"id":1136,"date":"2024-12-05T22:08:30","date_gmt":"2024-12-05T21:08:30","guid":{"rendered":"https:\/\/www.service-public.pf\/douane\/?page_id=1136"},"modified":"2025-01-14T00:29:01","modified_gmt":"2025-01-13T23:29:01","slug":"les-contrefacons","status":"publish","type":"page","link":"https:\/\/www.service-public.pf\/douane\/reglementations\/reglementations-particulieres-et-prohibitions\/les-contrefacons\/","title":{"rendered":"Les contrefa\u00e7ons"},"content":{"rendered":"<div class=\"fusion-fullwidth fullwidth-box fusion-builder-row-1 fusion-flex-container fusion-parallax-none nonhundred-percent-fullwidth non-hundred-percent-height-scrolling\" style=\"--awb-background-position:center bottom;--awb-background-repeat:repeat-x;--awb-border-radius-top-left:0px;--awb-border-radius-top-right:0px;--awb-border-radius-bottom-right:0px;--awb-border-radius-bottom-left:0px;--awb-padding-top:15px;--awb-padding-right:100px;--awb-padding-bottom:75px;--awb-padding-left:100px;--awb-padding-right-medium:2rem;--awb-padding-left-medium:2rem;--awb-margin-top:0px;--awb-background-color:rgba(169,183,222,0.67);--awb-background-image:url(&quot;https:\/\/www.service-public.pf\/douane\/wp-content\/uploads\/sites\/18\/2025\/01\/Design_sans_titre-removebg-preview-1024x23.png&quot;);--awb-background-size:900px;--awb-flex-wrap:wrap;\" ><div class=\"fusion-builder-row fusion-row fusion-flex-align-items-flex-start fusion-flex-content-wrap\" style=\"max-width:1144px;margin-left: calc(-4% \/ 2 );margin-right: calc(-4% \/ 2 );\"><div class=\"fusion-layout-column fusion_builder_column fusion-builder-column-0 fusion_builder_column_1_1 1_1 fusion-flex-column\" style=\"--awb-bg-size:cover;--awb-width-large:100%;--awb-margin-top-large:0px;--awb-spacing-right-large:1.92%;--awb-margin-bottom-large:44px;--awb-spacing-left-large:0%;--awb-width-medium:100%;--awb-order-medium:0;--awb-spacing-right-medium:1.92%;--awb-spacing-left-medium:1.92%;--awb-width-small:100%;--awb-order-small:0;--awb-spacing-right-small:1.92%;--awb-spacing-left-small:1.92%;\"><div class=\"fusion-column-wrapper fusion-column-has-shadow fusion-flex-justify-content-flex-start fusion-content-layout-column\"><nav class=\"fusion-breadcrumbs fusion-breadcrumbs-1\" style=\"--awb-font-size:12px;--awb-text-hover-color:var(--awb-color4);--awb-text-color:var(--awb-color2);--awb-breadcrumb-sep:&#039;\/&#039;;\" aria-label=\"Breadcrumb\"><ol class=\"awb-breadcrumb-list\"><li class=\"fusion-breadcrumb-item awb-breadcrumb-sep awb-home\" ><a href=\"https:\/\/www.service-public.pf\/douane\" class=\"fusion-breadcrumb-link\"><span >Home<\/span><\/a><\/li><\/ol><\/nav><\/div><\/div>\n<div class=\"fusion-layout-column fusion_builder_column fusion-builder-column-1 fusion_builder_column_1_1 1_1 fusion-flex-column\" style=\"--awb-bg-size:cover;--awb-width-large:100%;--awb-margin-top-large:0px;--awb-spacing-right-large:1.92%;--awb-margin-bottom-large:20px;--awb-spacing-left-large:1.92%;--awb-width-medium:100%;--awb-order-medium:1;--awb-spacing-right-medium:1.92%;--awb-spacing-left-medium:1.92%;--awb-width-small:100%;--awb-order-small:1;--awb-spacing-right-small:1.92%;--awb-margin-bottom-small:49px;--awb-spacing-left-small:1.92%;\"><div class=\"fusion-column-wrapper fusion-column-has-shadow fusion-flex-justify-content-flex-start fusion-content-layout-column\"><div class=\"fusion-text fusion-text-1 fusion-text-no-margin\" style=\"--awb-content-alignment:center;--awb-font-size:40px;--awb-line-height:1;--awb-text-color:var(--awb-color2);--awb-margin-bottom:25px;\"><h2 class=\"fusion-responsive-typography-calculated\" style=\"--fontsize: 42;line-height: 1;text-align: center\" data-fontsize=\"42\" data-lineheight=\"42px\">Les contrefa\u00e7ons<\/h2>\n<\/div><div class=\"fusion-text fusion-text-2 fusion-text-no-margin\" style=\"--awb-content-alignment:justify;--awb-letter-spacing:0.26px;--awb-margin-top:10px;--awb-margin-bottom:40px;--awb-text-font-family:&quot;Roboto&quot;;--awb-text-font-style:normal;--awb-text-font-weight:300;\"><p><b>D\u00e9celer un produit de contrefa\u00e7on vous pr\u00e9munit de ses dangers ! <span style=\"color: var(--awb-text-color);font-family: var(--awb-text-font-family);font-size: var(--awb-font-size);font-style: var(--awb-text-font-style);letter-spacing: var(--awb-letter-spacing);text-align: var(--awb-content-alignment);text-transform: var(--awb-text-transform);background-color: var(--awb-bg-color-hover)\">Quelques indices peuvent vous y aider \u2026<\/span><\/b><\/p>\n<\/div><div class=\"fusion-title title fusion-title-1 fusion-sep-none fusion-title-text fusion-title-size-three\" style=\"--awb-margin-bottom:10px;--awb-margin-top-small:0px;--awb-margin-right-small:0px;--awb-margin-bottom-small:20px;--awb-margin-left-small:0px;\"><h3 class=\"fusion-title-heading title-heading-left\" style=\"margin:0;\">Les indices<\/h3><\/div><div class=\"fusion-text fusion-text-3 fusion-text-no-margin\" style=\"--awb-content-alignment:justify;--awb-letter-spacing:0.26px;--awb-margin-top:10px;--awb-margin-bottom:10px;--awb-text-font-family:&quot;Roboto&quot;;--awb-text-font-style:normal;--awb-text-font-weight:300;\"><p>Parce que chaque consommateur est une victime potentielle des dangers de la contrefa\u00e7on, les indices ci-apr\u00e8s vous permettront d\u2019\u00eatre encore plus vigilants.<\/p>\n<\/div><ul style=\"--awb-margin-bottom:10px;--awb-line-height:23.8px;--awb-icon-width:23.8px;--awb-icon-height:23.8px;--awb-icon-margin:9.8px;--awb-content-margin:33.6px;--awb-circlecolor:var(--awb-color2);--awb-circle-yes-font-size:12.32px;\" class=\"fusion-checklist fusion-checklist-1 fusion-checklist-default type-numbered\"><li class=\"fusion-li-item\" style=\"\"><span class=\"icon-wrapper circle-yes\">1<\/span><div class=\"fusion-li-item-content\">\n<p><b>Le lieu de vente :<\/b> \u00c9vitez, pour vos achats, les lieux de vente n\u2019ayant pas pignon sur rue et privil\u00e9giez, \u00e0 l\u2019\u00e9tranger notamment, les commerces officiels.<\/p>\n<\/div><\/li><li class=\"fusion-li-item\" style=\"\"><span class=\"icon-wrapper circle-yes\">2<\/span><div class=\"fusion-li-item-content\">\n<p><b>La qualit\u00e9 du produit : <\/b>Ayez un \u0153il attentif sur la sym\u00e9trie des lignes, les coutures, la robustesse du tissu ou des mat\u00e9riaux employ\u00e9s, les mauvaises combinaisons de couleurs, les finitions, etc.<\/p>\n<\/div><\/li><li class=\"fusion-li-item\" style=\"\"><span class=\"icon-wrapper circle-yes\">3<\/span><div class=\"fusion-li-item-content\">\n<p><b>Le prix :<\/b> M\u00e9fiez-vous d\u2019un prix anormalement bas, car seules les \u00ab fili\u00e8res parall\u00e8les \u00bb sont en mesure de proposer des articles \u00e0 ces conditions tarifaires. Demandez toujours une facture, et assurez-vous que le vendeur accepte toutes les modalit\u00e9s de paiement, et pas seulement les esp\u00e8ces.<\/p>\n<\/div><\/li><li class=\"fusion-li-item\" style=\"\"><span class=\"icon-wrapper circle-yes\">4<\/span><div class=\"fusion-li-item-content\"><b>L&rsquo;\u00e9tiquetage : <\/b>Examiner avec soin l\u2019\u00e9tiquette : une mauvaise qualit\u00e9 d\u2019impression ou une erreur d\u2019orthographe r\u00e9v\u00e8lent g\u00e9n\u00e9ralement une contrefa\u00e7on. Assurez-vous de l\u2019apposition des logos attestant du respect des normes europ\u00e9ennes (type CE) et\/ou nationales (type NF).<\/div><\/li><li class=\"fusion-li-item\" style=\"\"><span class=\"icon-wrapper circle-yes\">5<\/span><div class=\"fusion-li-item-content\"><b>L\u2019emballage :<\/b> V\u00e9rifiez que l\u2019emballage est de qualit\u00e9 et qu\u2019il correspond \u00e0 la valeur du produit. Il y a de grandes chances qu\u2019un produit dit \u00ab de luxe \u00bb, emball\u00e9 dans un sac plastique ou dans un carton, soit une contrefa\u00e7on. Les certificats d\u2019authenticit\u00e9, les conditions de garantie et le service apr\u00e8s-vente propos\u00e9s constituent, par ailleurs, des indicateurs importants.<\/div><\/li><\/ul><div class=\"fusion-title title fusion-title-2 fusion-sep-none fusion-title-text fusion-title-size-three\" style=\"--awb-margin-top:40px;--awb-margin-bottom:10px;--awb-margin-top-small:40px;--awb-margin-right-small:0px;--awb-margin-bottom-small:20px;--awb-margin-left-small:0px;\"><h3 class=\"fusion-title-heading title-heading-left\" style=\"margin:0;\">Sur Internet, soyez particuli\u00e8rement vigilants !<\/h3><\/div><div class=\"fusion-text fusion-text-4 fusion-text-no-margin\" style=\"--awb-content-alignment:justify;--awb-letter-spacing:0.26px;--awb-margin-top:10px;--awb-margin-bottom:40px;--awb-text-font-family:&quot;Roboto&quot;;--awb-text-font-style:normal;--awb-text-font-weight:300;\"><p>M\u00e9fiez-vous, notamment, des sites d\u2019ench\u00e8res en ligne, qui peuvent proposer des articles de contrefa\u00e7on.<\/p>\n<p>Dans la mesure du possible, t\u00e2chez de vous assurer de la localisation g\u00e9ographique du vendeur (le montant de la livraison, ainsi que les frais de port, sont des bons indicateurs), et que ce m\u00eame vendeur d\u00e9tient peu d&rsquo;exemplaires du produit propos\u00e9 (l\u2019absence de stock constitue un indice probant).<\/p>\n<p>En cas de doute persistant, vous pouvez contacter la soci\u00e9t\u00e9 qui fabrique les produits authentiques.<\/p>\n<\/div><div class=\"fusion-title title fusion-title-3 fusion-sep-none fusion-title-text fusion-title-size-three\" style=\"--awb-margin-top:10px;--awb-margin-bottom:10px;--awb-margin-top-small:0px;--awb-margin-right-small:0px;--awb-margin-bottom-small:20px;--awb-margin-left-small:0px;\"><h3 class=\"fusion-title-heading title-heading-left\" style=\"margin:0;\">Contrefa\u00e7on : danger !<\/h3><\/div><div class=\"fusion-text fusion-text-5 fusion-text-no-margin\" style=\"--awb-content-alignment:justify;--awb-letter-spacing:0.26px;--awb-margin-top:10px;--awb-margin-bottom:40px;--awb-text-font-family:&quot;Roboto&quot;;--awb-text-font-style:normal;--awb-text-font-weight:300;\"><p class=\"Textbody\"><span lang=\"FR\">Le Comit\u00e9 Colbert et la direction g\u00e9n\u00e9rale des douanes et droits indirects, sous l&rsquo;\u00e9gide du Comit\u00e9 National Anti-contrefa\u00e7on, organisent p\u00e9riodiquement des campagnes d&rsquo;information grand public pour lutter contre la contrefa\u00e7on.<\/span><\/p>\n<p class=\"Textbody\"><span lang=\"FR\">Ces op\u00e9rations appellent \u00e0 la responsabilit\u00e9 de chaque acheteur de produits de contrefa\u00e7on et vise \u00e0 faire prendre conscience qu&rsquo;acheter un produit faux :<\/span><\/p>\n<p class=\"Textbody\">\n<ul>\n<li><span lang=\"FR\"><b>Ce n&rsquo;est jamais une bonne affaire<\/b><\/span><\/li>\n<li><span lang=\"FR\"><b>C&rsquo;est commettre un d\u00e9lit douanier s\u00e9v\u00e8rement sanctionn\u00e9<\/b><\/span><\/li>\n<\/ul>\n<p class=\"Textbody\"><span lang=\"FR\">En effet, quand vous achetez de la contrefa\u00e7on, vous :<\/span><\/p>\n<p class=\"Textbody\">\n<ul>\n<li><span lang=\"FR\">risquez de compromettre votre sant\u00e9 (faux alcool, parfums, cosm\u00e9tiques),<\/span><\/li>\n<li><span lang=\"FR\">risquez de porter atteinte au patrimoine industriel et au savoir-faire fran\u00e7ais,<\/span><\/li>\n<li><span lang=\"FR\">vous commettez un d\u00e9lit douanier et pouvez encourir, par la simple d\u00e9tention d\u2019un faux, une amende et un peine d&#8217;emprisonnement.<\/span><\/li>\n<\/ul>\n<p class=\"Textbody\"><span lang=\"FR\">C&rsquo;est financer, par son achat, la criminalit\u00e9 organis\u00e9e et contribuer \u00e0 l&rsquo;exploitation d&rsquo;une main d\u2019\u0153uvre d&rsquo;enfants et d&rsquo;immigr\u00e9s. <\/span><span style=\"color: var(--awb-text-color);font-family: var(--awb-text-font-family);font-size: var(--awb-font-size);font-style: var(--awb-text-font-style);font-weight: var(--awb-text-font-weight);letter-spacing: var(--awb-letter-spacing);text-align: var(--awb-content-alignment);text-transform: var(--awb-text-transform);background-color: var(--awb-bg-color-hover)\">La contrefa\u00e7on est d\u00e9sormais le fait de r\u00e9seaux tr\u00e8s organis\u00e9s qui utilisent les revenus de la contrefa\u00e7on pour financer d&rsquo;autres activit\u00e9s criminelles (trafics de drogue, d&rsquo;armes, terrorisme).<\/span><\/p>\n<\/div><\/div><\/div><\/div><\/div>\n","protected":false},"excerpt":{"rendered":"","protected":false},"author":341,"featured_media":0,"parent":1103,"menu_order":0,"comment_status":"closed","ping_status":"closed","template":"100-width.php","meta":{"_seopress_robots_primary_cat":"","_seopress_titles_title":"","_seopress_titles_desc":"","_seopress_robots_index":"","footnotes":""},"class_list":["post-1136","page","type-page","status-publish","hentry"],"_links":{"self":[{"href":"https:\/\/www.service-public.pf\/douane\/wp-json\/wp\/v2\/pages\/1136","targetHints":{"allow":["GET"]}}],"collection":[{"href":"https:\/\/www.service-public.pf\/douane\/wp-json\/wp\/v2\/pages"}],"about":[{"href":"https:\/\/www.service-public.pf\/douane\/wp-json\/wp\/v2\/types\/page"}],"author":[{"embeddable":true,"href":"https:\/\/www.service-public.pf\/douane\/wp-json\/wp\/v2\/users\/341"}],"replies":[{"embeddable":true,"href":"https:\/\/www.service-public.pf\/douane\/wp-json\/wp\/v2\/comments?post=1136"}],"version-history":[{"count":5,"href":"https:\/\/www.service-public.pf\/douane\/wp-json\/wp\/v2\/pages\/1136\/revisions"}],"predecessor-version":[{"id":2502,"href":"https:\/\/www.service-public.pf\/douane\/wp-json\/wp\/v2\/pages\/1136\/revisions\/2502"}],"up":[{"embeddable":true,"href":"https:\/\/www.service-public.pf\/douane\/wp-json\/wp\/v2\/pages\/1103"}],"wp:attachment":[{"href":"https:\/\/www.service-public.pf\/douane\/wp-json\/wp\/v2\/media?parent=1136"}],"curies":[{"name":"wp","href":"https:\/\/api.w.org\/{rel}","templated":true}]}}