{"id":1514,"date":"2024-12-20T07:11:03","date_gmt":"2024-12-20T06:11:03","guid":{"rendered":"https:\/\/www.service-public.pf\/douane\/?page_id=1514"},"modified":"2025-01-14T00:30:19","modified_gmt":"2025-01-13T23:30:19","slug":"les-perles","status":"publish","type":"page","link":"https:\/\/www.service-public.pf\/douane\/reglementations\/reglementations-particulieres-et-prohibitions\/les-perles\/","title":{"rendered":"Les perles"},"content":{"rendered":"<div class=\"fusion-fullwidth fullwidth-box fusion-builder-row-1 fusion-flex-container fusion-parallax-none nonhundred-percent-fullwidth non-hundred-percent-height-scrolling\" style=\"--awb-background-position:center bottom;--awb-background-repeat:repeat-x;--awb-border-radius-top-left:0px;--awb-border-radius-top-right:0px;--awb-border-radius-bottom-right:0px;--awb-border-radius-bottom-left:0px;--awb-padding-top:15px;--awb-padding-right:100px;--awb-padding-bottom:75px;--awb-padding-left:100px;--awb-padding-right-medium:2rem;--awb-padding-left-medium:2rem;--awb-margin-top:0px;--awb-background-color:rgba(169,183,222,0.68);--awb-background-image:url(&quot;https:\/\/www.service-public.pf\/douane\/wp-content\/uploads\/sites\/18\/2025\/01\/Design_sans_titre-removebg-preview-1024x23.png&quot;);--awb-background-size:900px;--awb-flex-wrap:wrap;\" ><div class=\"fusion-builder-row fusion-row fusion-flex-align-items-flex-start fusion-flex-content-wrap\" style=\"max-width:1144px;margin-left: calc(-4% \/ 2 );margin-right: calc(-4% \/ 2 );\"><div class=\"fusion-layout-column fusion_builder_column fusion-builder-column-0 fusion_builder_column_1_1 1_1 fusion-flex-column\" style=\"--awb-bg-size:cover;--awb-width-large:100%;--awb-margin-top-large:0px;--awb-spacing-right-large:1.92%;--awb-margin-bottom-large:44px;--awb-spacing-left-large:0%;--awb-width-medium:100%;--awb-order-medium:0;--awb-spacing-right-medium:1.92%;--awb-spacing-left-medium:1.92%;--awb-width-small:100%;--awb-order-small:0;--awb-spacing-right-small:1.92%;--awb-spacing-left-small:1.92%;\"><div class=\"fusion-column-wrapper fusion-column-has-shadow fusion-flex-justify-content-flex-start fusion-content-layout-column\"><nav class=\"fusion-breadcrumbs fusion-breadcrumbs-1\" style=\"--awb-font-size:12px;--awb-text-hover-color:var(--awb-color4);--awb-text-color:var(--awb-color2);--awb-breadcrumb-sep:&#039;\/&#039;;\" aria-label=\"Breadcrumb\"><ol class=\"awb-breadcrumb-list\"><li class=\"fusion-breadcrumb-item awb-breadcrumb-sep awb-home\" ><a href=\"https:\/\/www.service-public.pf\/douane\" class=\"fusion-breadcrumb-link\"><span >Home<\/span><\/a><\/li><\/ol><\/nav><\/div><\/div>\n<div class=\"fusion-layout-column fusion_builder_column fusion-builder-column-1 fusion_builder_column_1_1 1_1 fusion-flex-column\" style=\"--awb-bg-size:cover;--awb-width-large:100%;--awb-margin-top-large:0px;--awb-spacing-right-large:1.92%;--awb-margin-bottom-large:20px;--awb-spacing-left-large:1.92%;--awb-width-medium:100%;--awb-order-medium:1;--awb-spacing-right-medium:1.92%;--awb-spacing-left-medium:1.92%;--awb-width-small:100%;--awb-order-small:1;--awb-spacing-right-small:1.92%;--awb-margin-bottom-small:49px;--awb-spacing-left-small:1.92%;\"><div class=\"fusion-column-wrapper fusion-column-has-shadow fusion-flex-justify-content-flex-start fusion-content-layout-column\"><div class=\"fusion-text fusion-text-1 fusion-text-no-margin\" style=\"--awb-content-alignment:center;--awb-font-size:40px;--awb-line-height:1;--awb-text-color:var(--awb-color2);--awb-margin-bottom:25px;\"><h2 class=\"fusion-responsive-typography-calculated\" style=\"--fontsize: 42;line-height: 1;text-align: center\" data-fontsize=\"42\" data-lineheight=\"42px\">Les perles<\/h2>\n<\/div><div class=\"fusion-title title fusion-title-1 fusion-sep-none fusion-title-text fusion-title-size-three\" style=\"--awb-margin-bottom:10px;--awb-margin-top-small:0px;--awb-margin-right-small:0px;--awb-margin-bottom-small:20px;--awb-margin-left-small:0px;\"><h3 class=\"fusion-title-heading title-heading-left\" style=\"margin:0;\">Vous \u00eates un particulier qui exportez d\u00e9finitivement des perles, sans but commercial<\/h3><\/div><div class=\"fusion-text fusion-text-2 awb-text-cols fusion-text-columns-2 fusion-text-no-margin\" style=\"--awb-content-alignment:justify;--awb-letter-spacing:0.26px;--awb-columns:2;--awb-column-spacing:2em;--awb-column-min-width:100px;--awb-margin-top:10px;--awb-margin-bottom:40px;--awb-text-font-family:&quot;Roboto&quot;;--awb-text-font-style:normal;--awb-text-font-weight:300;\"><p>Les r\u00e8gles fixant les exportations des produits perliers et la fiscalit\u00e9 perli\u00e8re \u00e0 l\u2019exportation sont notamment d\u00e9finies aux articles 5 et 6 de l\u2019arr\u00eat\u00e9 n\u00b01404 CM du 19 ao\u00fbt 2024. <span style=\"color: var(--awb-text-color);font-family: var(--awb-text-font-family);font-size: var(--awb-font-size);font-style: var(--awb-text-font-style);font-weight: var(--awb-text-font-weight);letter-spacing: var(--awb-letter-spacing);text-align: var(--awb-content-alignment);text-transform: var(--awb-text-transform);background-color: var(--awb-bg-color-hover)\">A l\u2019arriv\u00e9e dans le pays de destination, il vous appartient de vous conformer aux r\u00e9glementations en vigueur.<\/span><\/p>\n<p>Nous vous conseillons de conserver avec vous les factures d\u2019achat et de d\u00e9clarer spontan\u00e9ment l\u2019ensemble de vos marchandises aupr\u00e8s des services douaniers. <span style=\"color: var(--awb-text-color);font-family: var(--awb-text-font-family);font-size: var(--awb-font-size);font-style: var(--awb-text-font-style);font-weight: var(--awb-text-font-weight);letter-spacing: var(--awb-letter-spacing);text-align: var(--awb-content-alignment);text-transform: var(--awb-text-transform);background-color: var(--awb-bg-color-hover)\">A titre d\u2019exemple la franchise voyageur applicable en France est fix\u00e9e \u00e0 430 euros pour un voyageur de plus de 15 ans et 150 euros pour un voyageur de moins de 15 ans.<\/span><\/p>\n<\/div><div class=\"fusion-title title fusion-title-2 fusion-sep-none fusion-title-text fusion-title-size-three\" style=\"--awb-margin-bottom:10px;--awb-margin-top-small:0px;--awb-margin-right-small:0px;--awb-margin-bottom-small:20px;--awb-margin-left-small:0px;\"><h3 class=\"fusion-title-heading title-heading-left\" style=\"margin:0;\">Vous \u00eates un professionnel<\/h3><\/div><div class=\"fusion-text fusion-text-3 fusion-text-no-margin\" style=\"--awb-content-alignment:justify;--awb-letter-spacing:0.26px;--awb-margin-top:10px;--awb-margin-bottom:40px;--awb-text-font-family:&quot;Roboto&quot;;--awb-text-font-style:normal;--awb-text-font-weight:300;\"><p>L&rsquo;exportation des produits perliers est r\u00e9gie par le titre XI de la loi du Pays de 2017 &#8211; 16 du 18 juillet 2017. Les produits perliers doivent \u00eatre pr\u00e9sent\u00e9s avant exportation au contr\u00f4le du service en charge de la perliculture et peuvent \u00eatre soumise \u00e0 un droit sp\u00e9cifique \u00e0 l&rsquo;exportation.<\/p>\n<\/div><\/div><\/div><div class=\"fusion-layout-column fusion_builder_column fusion-builder-column-2 fusion_builder_column_1_1 1_1 fusion-flex-column\" style=\"--awb-padding-right:60px;--awb-padding-left:60px;--awb-bg-image:url(&#039;https:\/\/www.service-public.pf\/douane\/wp-content\/uploads\/sites\/18\/2025\/01\/Design_sans_titre-removebg-preview-1024x23.png&#039;);--awb-bg-position:center bottom;--awb-bg-repeat:repeat-x;--awb-bg-size:1000px;--awb-width-large:100%;--awb-margin-top-large:0px;--awb-spacing-right-large:1.92%;--awb-margin-bottom-large:0px;--awb-spacing-left-large:1.92%;--awb-width-medium:100%;--awb-order-medium:2;--awb-spacing-right-medium:1.92%;--awb-spacing-left-medium:1.92%;--awb-width-small:100%;--awb-order-small:2;--awb-spacing-right-small:1.92%;--awb-spacing-left-small:1.92%;\"><div class=\"fusion-column-wrapper fusion-column-has-shadow fusion-flex-justify-content-flex-start fusion-content-layout-block fusion-empty-column-bg-image fusion-column-has-bg-image\" data-bg-url=\"https:\/\/www.service-public.pf\/douane\/wp-content\/uploads\/sites\/18\/2025\/01\/Design_sans_titre-removebg-preview-1024x23.png\"><img decoding=\"async\" class=\"fusion-empty-dims-img-placeholder\" aria-label=\"Design Sans Titre Removebg Preview\" src=\"data:image\/svg+xml,%3Csvg%20xmlns%3D%27http%3A%2F%2Fwww.w3.org%2F2000%2Fsvg%27%20width%3D%271024%27%20height%3D%2723%27%20viewBox%3D%270%200%201024%2023%27%3E%3Crect%20width%3D%271024%27%20height%3D%2723%27%20fill-opacity%3D%220%22%2F%3E%3C%2Fsvg%3E\"><\/div><\/div><div class=\"fusion-layout-column fusion_builder_column fusion-builder-column-3 fusion_builder_column_1_1 1_1 fusion-flex-column\" style=\"--awb-padding-top:39px;--awb-padding-right:60px;--awb-padding-bottom:25px;--awb-padding-left:60px;--awb-bg-color:var(--awb-color2);--awb-bg-color-hover:var(--awb-color2);--awb-bg-image:url(&#039;https:\/\/www.service-public.pf\/douane\/wp-content\/uploads\/sites\/18\/2024\/12\/MOTIF-1-150x150.png&#039;);--awb-bg-position:right center;--awb-bg-size:contain;--awb-width-large:100%;--awb-margin-top-large:0px;--awb-spacing-right-large:1.92%;--awb-margin-bottom-large:20px;--awb-spacing-left-large:1.92%;--awb-width-medium:100%;--awb-order-medium:3;--awb-spacing-right-medium:1.92%;--awb-spacing-left-medium:1.92%;--awb-width-small:100%;--awb-order-small:3;--awb-spacing-right-small:1.92%;--awb-spacing-left-small:1.92%;\"><div class=\"fusion-column-wrapper fusion-column-has-shadow fusion-flex-justify-content-flex-start fusion-content-layout-column fusion-column-has-bg-image\" data-bg-url=\"https:\/\/www.service-public.pf\/douane\/wp-content\/uploads\/sites\/18\/2024\/12\/MOTIF-1-150x150.png\"><div class=\"fusion-title title fusion-title-3 fusion-sep-none fusion-title-center fusion-title-text fusion-title-size-two\" style=\"--awb-text-color:var(--awb-color1);--awb-margin-bottom:10px;--awb-margin-top-small:0px;--awb-margin-right-small:0px;--awb-margin-bottom-small:20px;--awb-margin-left-small:0px;--awb-font-size:25px;\"><h2 class=\"fusion-title-heading title-heading-center\" style=\"margin:0;font-size:1em;\">Pour tout renseignement<\/h2><\/div><div class=\"fusion-title title fusion-title-4 fusion-sep-none fusion-title-center fusion-title-text fusion-title-size-three\" style=\"--awb-text-color:var(--awb-color1);--awb-margin-bottom:10px;--awb-margin-top-small:0px;--awb-margin-right-small:0px;--awb-margin-bottom-small:20px;--awb-margin-left-small:0px;--awb-font-size:18px;\"><h3 class=\"fusion-title-heading title-heading-center\" style=\"margin:0;font-size:1em;\">Consultez le site internet de la direction des Ressources Marines (DRM)<\/h3><\/div><div style=\"text-align:center;\"><a class=\"fusion-button button-flat fusion-button-default-size button-default fusion-button-default button-1 fusion-button-default-span fusion-button-default-type\" style=\"--awb-margin-top:20px;\" target=\"_blank\" rel=\"noopener noreferrer\" href=\"https:\/\/www.ressources-marines.gov.pf\/perliculture\/reglementation-perliculture\/\"><span class=\"fusion-button-text awb-button__text awb-button__text--default\">Consulter maintenant<\/span><\/a><\/div><\/div><\/div><\/div><\/div>\n","protected":false},"excerpt":{"rendered":"","protected":false},"author":341,"featured_media":0,"parent":1103,"menu_order":0,"comment_status":"closed","ping_status":"closed","template":"100-width.php","meta":{"_seopress_robots_primary_cat":"","_seopress_titles_title":"","_seopress_titles_desc":"","_seopress_robots_index":"","footnotes":""},"class_list":["post-1514","page","type-page","status-publish","hentry"],"_links":{"self":[{"href":"https:\/\/www.service-public.pf\/douane\/wp-json\/wp\/v2\/pages\/1514","targetHints":{"allow":["GET"]}}],"collection":[{"href":"https:\/\/www.service-public.pf\/douane\/wp-json\/wp\/v2\/pages"}],"about":[{"href":"https:\/\/www.service-public.pf\/douane\/wp-json\/wp\/v2\/types\/page"}],"author":[{"embeddable":true,"href":"https:\/\/www.service-public.pf\/douane\/wp-json\/wp\/v2\/users\/341"}],"replies":[{"embeddable":true,"href":"https:\/\/www.service-public.pf\/douane\/wp-json\/wp\/v2\/comments?post=1514"}],"version-history":[{"count":9,"href":"https:\/\/www.service-public.pf\/douane\/wp-json\/wp\/v2\/pages\/1514\/revisions"}],"predecessor-version":[{"id":2504,"href":"https:\/\/www.service-public.pf\/douane\/wp-json\/wp\/v2\/pages\/1514\/revisions\/2504"}],"up":[{"embeddable":true,"href":"https:\/\/www.service-public.pf\/douane\/wp-json\/wp\/v2\/pages\/1103"}],"wp:attachment":[{"href":"https:\/\/www.service-public.pf\/douane\/wp-json\/wp\/v2\/media?parent=1514"}],"curies":[{"name":"wp","href":"https:\/\/api.w.org\/{rel}","templated":true}]}}