{"id":967,"date":"2024-12-05T21:48:04","date_gmt":"2024-12-05T20:48:04","guid":{"rendered":"https:\/\/www.service-public.pf\/douane\/?page_id=967"},"modified":"2025-02-04T23:25:13","modified_gmt":"2025-02-04T22:25:13","slug":"professionnels","status":"publish","type":"page","link":"https:\/\/www.service-public.pf\/douane\/professionnels\/","title":{"rendered":"Professionnels"},"content":{"rendered":"<div class=\"fusion-fullwidth fullwidth-box fusion-builder-row-1 fusion-flex-container fusion-parallax-none nonhundred-percent-fullwidth non-hundred-percent-height-scrolling\" style=\"--awb-background-position:right center;--awb-border-radius-top-left:0px;--awb-border-radius-top-right:0px;--awb-border-radius-bottom-right:0px;--awb-border-radius-bottom-left:0px;--awb-padding-top:15px;--awb-padding-right:80px;--awb-padding-bottom:75px;--awb-padding-left:80px;--awb-padding-right-medium:2rem;--awb-padding-left-medium:2rem;--awb-background-color:rgba(169,183,222,0.63);--awb-background-image:url(&quot;https:\/\/www.service-public.pf\/douane\/wp-content\/uploads\/sites\/18\/2024\/12\/MOTIF-592x1024.png&quot;);--awb-background-size:contain;--awb-flex-wrap:wrap;\" ><div class=\"fusion-builder-row fusion-row fusion-flex-align-items-flex-start fusion-flex-content-wrap\" style=\"max-width:1144px;margin-left: calc(-4% \/ 2 );margin-right: calc(-4% \/ 2 );\"><div class=\"fusion-layout-column fusion_builder_column fusion-builder-column-0 fusion_builder_column_1_1 1_1 fusion-flex-column\" style=\"--awb-bg-size:cover;--awb-width-large:100%;--awb-margin-top-large:0px;--awb-spacing-right-large:1.92%;--awb-margin-bottom-large:44px;--awb-spacing-left-large:0%;--awb-width-medium:100%;--awb-order-medium:0;--awb-spacing-right-medium:1.92%;--awb-spacing-left-medium:1.92%;--awb-width-small:100%;--awb-order-small:0;--awb-spacing-right-small:1.92%;--awb-spacing-left-small:1.92%;\"><div class=\"fusion-column-wrapper fusion-column-has-shadow fusion-flex-justify-content-flex-start fusion-content-layout-column\"><nav class=\"fusion-breadcrumbs fusion-breadcrumbs-1\" style=\"--awb-font-size:12px;--awb-text-hover-color:var(--awb-color4);--awb-text-color:var(--awb-color2);--awb-breadcrumb-sep:&#039;\/&#039;;\" aria-label=\"Breadcrumb\"><ol class=\"awb-breadcrumb-list\"><li class=\"fusion-breadcrumb-item awb-breadcrumb-sep awb-home\" ><a href=\"https:\/\/www.service-public.pf\/douane\" class=\"fusion-breadcrumb-link\"><span >Home<\/span><\/a><\/li><\/ol><\/nav><\/div><\/div>\n<div class=\"fusion-layout-column fusion_builder_column fusion-builder-column-1 fusion_builder_column_1_1 1_1 fusion-flex-column\" style=\"--awb-bg-size:cover;--awb-width-large:100%;--awb-margin-top-large:0px;--awb-spacing-right-large:1.92%;--awb-margin-bottom-large:20px;--awb-spacing-left-large:1.92%;--awb-width-medium:100%;--awb-spacing-right-medium:1.92%;--awb-spacing-left-medium:1.92%;--awb-width-small:100%;--awb-spacing-right-small:1.92%;--awb-spacing-left-small:1.92%;\"><div class=\"fusion-column-wrapper fusion-column-has-shadow fusion-flex-justify-content-flex-start fusion-content-layout-column\"><div class=\"fusion-text fusion-text-1\" style=\"--awb-font-size:40px;--awb-line-height:1;--awb-text-color:var(--awb-color2);--awb-margin-top:2rem;\"><h2 class=\"\" style=\"text-align: center;--fontsize: 42\" data-fontsize=\"42\" data-lineheight=\"63px\">Pour les professionnels<\/h2>\n<\/div><\/div><\/div><div class=\"fusion-layout-column fusion_builder_column fusion-builder-column-2 fusion_builder_column_1_1 1_1 fusion-flex-column fusion-flex-align-self-stretch cards-particulers-titre\" style=\"--awb-padding-right:50px;--awb-padding-left:50px;--awb-bg-size:cover;--awb-width-large:100%;--awb-margin-top-large:0px;--awb-spacing-right-large:0%;--awb-margin-bottom-large:0rem;--awb-spacing-left-large:0%;--awb-width-medium:100%;--awb-order-medium:0;--awb-spacing-right-medium:1.92%;--awb-spacing-left-medium:1.92%;--awb-width-small:100%;--awb-order-small:0;--awb-spacing-right-small:1.92%;--awb-spacing-left-small:1.92%;\"><div class=\"fusion-column-wrapper fusion-column-has-shadow fusion-flex-justify-content-space-evenly fusion-content-layout-column\"><div class=\"fusion-builder-row fusion-builder-row-inner fusion-row fusion-flex-align-items-flex-start fusion-flex-content-wrap\" style=\"--awb-flex-grow:0;--awb-flex-grow-medium:0;--awb-flex-grow-small:0;--awb-flex-shrink:0;--awb-flex-shrink-medium:0;--awb-flex-shrink-small:0;width:104% !important;max-width:104% !important;margin-left: calc(-4% \/ 2 );margin-right: calc(-4% \/ 2 );\"><div class=\"fusion-layout-column fusion_builder_column_inner fusion-builder-nested-column-0 fusion_builder_column_inner_1_3 1_3 fusion-flex-column fusion-flex-align-self-stretch fusion-column-inner-bg-wrapper\" style=\"--awb-padding-top:1.5rem;--awb-padding-right:1.5rem;--awb-padding-bottom:1.5rem;--awb-padding-left:1.5rem;--awb-inner-bg-color:var(--awb-color1);--awb-inner-bg-color-hover:var(--awb-custom_color_1);--awb-inner-bg-size:cover;--awb-width-large:33.333333333333%;--awb-margin-top-large:0px;--awb-spacing-right-large:0.5rem;--awb-margin-bottom-large:20px;--awb-spacing-left-large:5.76%;--awb-width-medium:33.333333333333%;--awb-order-medium:0;--awb-spacing-right-medium:0.5rem;--awb-spacing-left-medium:5.76%;--awb-width-small:100%;--awb-order-small:0;--awb-spacing-right-small:1.92%;--awb-margin-bottom-small:0.5rem;--awb-spacing-left-small:1.92%;\"><span class=\"fusion-column-inner-bg hover-type-none\"><a class=\"fusion-column-anchor\" href=\"https:\/\/www.service-public.pf\/douane\/professionnels\/les-services-aux-entreprises\/\"><span class=\"fusion-column-inner-bg-image\"><\/span><\/a><\/span><div class=\"fusion-column-wrapper fusion-column-has-shadow fusion-flex-justify-content-flex-start fusion-content-layout-block fusion-content-nowrap\"><div class=\"fusion-title title fusion-title-1 fusion-sep-none fusion-title-text fusion-title-size-three\" style=\"--awb-margin-top:10px;--awb-margin-bottom:0px;--awb-margin-left:10px;--awb-margin-top-small:0px;--awb-margin-right-small:0px;--awb-margin-bottom-small:20px;--awb-margin-left-small:0px;\"><h3 class=\"fusion-title-heading title-heading-left\" style=\"margin:0;\"><table style=\"border-collapse: collapse;width: 100%;height: 63px\">\n<tbody>\n<tr style=\"height: 63px\">\n<td style=\"width: 13.0166%;height: 63px\"><img decoding=\"async\" src=\"https:\/\/www.service-public.pf\/douane\/wp-content\/uploads\/sites\/18\/2024\/11\/Groupe-213.png\"><\/td>\n<td style=\"width: 86.9834%;height: 63px\">Les services aux entreprises<\/td>\n<\/tr>\n<\/tbody>\n<\/table><\/h3><\/div><\/div><\/div><div class=\"fusion-layout-column fusion_builder_column_inner fusion-builder-nested-column-1 fusion_builder_column_inner_1_3 1_3 fusion-flex-column fusion-flex-align-self-stretch fusion-column-inner-bg-wrapper\" style=\"--awb-padding-top:1.5rem;--awb-padding-right:1.5rem;--awb-padding-bottom:1.5rem;--awb-padding-left:1.5rem;--awb-inner-bg-color:var(--awb-color1);--awb-inner-bg-color-hover:var(--awb-custom_color_1);--awb-inner-bg-size:cover;--awb-width-large:33.333333333333%;--awb-margin-top-large:0px;--awb-spacing-right-large:0.5rem;--awb-margin-bottom-large:20px;--awb-spacing-left-large:5.76%;--awb-width-medium:33.333333333333%;--awb-order-medium:0;--awb-spacing-right-medium:0.5rem;--awb-spacing-left-medium:5.76%;--awb-width-small:100%;--awb-order-small:0;--awb-spacing-right-small:1.92%;--awb-margin-bottom-small:0.5rem;--awb-spacing-left-small:1.92%;\"><span class=\"fusion-column-inner-bg hover-type-none\"><a class=\"fusion-column-anchor\" href=\"https:\/\/www.service-public.pf\/douane\/professionnels\/procedure-de-dedouanement-et-la-simulation-dune-taxation\/le-dedouanement-des-marchandises\/\"><span class=\"fusion-column-inner-bg-image\"><\/span><\/a><\/span><div class=\"fusion-column-wrapper fusion-column-has-shadow fusion-flex-justify-content-flex-start fusion-content-layout-block fusion-content-nowrap\"><div class=\"fusion-title title fusion-title-2 fusion-sep-none fusion-title-text fusion-title-size-three\" style=\"--awb-margin-top:10px;--awb-margin-bottom:0px;--awb-margin-left:10px;--awb-margin-top-small:0px;--awb-margin-right-small:0px;--awb-margin-bottom-small:20px;--awb-margin-left-small:0px;\"><h3 class=\"fusion-title-heading title-heading-left\" style=\"margin:0;\"><table class=\" aligncenter\" style=\"border-collapse: collapse;width: 100%;height: 63px\">\n<tbody>\n<tr style=\"height: 63px\">\n<td style=\"width: 13.4298%;height: 63px\"><img decoding=\"async\" src=\"https:\/\/www.service-public.pf\/douane\/wp-content\/uploads\/sites\/18\/2024\/11\/Groupe-205.png\"><\/td>\n<td style=\"width: 86.5702%;height: 63px;text-align: left\">La proc\u00e9dure de d\u00e9douanement<\/td>\n<\/tr>\n<\/tbody>\n<\/table><\/h3><\/div><\/div><\/div><div class=\"fusion-layout-column fusion_builder_column_inner fusion-builder-nested-column-2 fusion_builder_column_inner_1_3 1_3 fusion-flex-column fusion-flex-align-self-stretch fusion-column-inner-bg-wrapper\" style=\"--awb-padding-top:1.5rem;--awb-padding-right:1.5rem;--awb-padding-bottom:1.5rem;--awb-padding-left:1.5rem;--awb-inner-bg-color:var(--awb-color1);--awb-inner-bg-color-hover:var(--awb-custom_color_1);--awb-inner-bg-size:cover;--awb-width-large:33.333333333333%;--awb-margin-top-large:0px;--awb-spacing-right-large:0.5rem;--awb-margin-bottom-large:20px;--awb-spacing-left-large:5.76%;--awb-width-medium:33.333333333333%;--awb-order-medium:0;--awb-spacing-right-medium:0.5rem;--awb-spacing-left-medium:5.76%;--awb-width-small:100%;--awb-order-small:0;--awb-spacing-right-small:1.92%;--awb-margin-bottom-small:0.5rem;--awb-spacing-left-small:1.92%;\"><span class=\"fusion-column-inner-bg hover-type-none\"><a class=\"fusion-column-anchor\" href=\"#\"><span class=\"fusion-column-inner-bg-image\"><\/span><\/a><\/span><div class=\"fusion-column-wrapper fusion-column-has-shadow fusion-flex-justify-content-flex-start fusion-content-layout-block fusion-content-nowrap\"><div class=\"fusion-title title fusion-title-3 fusion-sep-none fusion-title-text fusion-title-size-three\" style=\"--awb-margin-top:10px;--awb-margin-bottom:0px;--awb-margin-left:10px;--awb-margin-top-small:0px;--awb-margin-right-small:0px;--awb-margin-bottom-small:20px;--awb-margin-left-small:0px;\"><h3 class=\"fusion-title-heading title-heading-left\" style=\"margin:0;\"><table style=\"border-collapse: collapse;width: 100%;height: 63px\">\n<tbody>\n<tr style=\"height: 63px\">\n<td style=\"width: 12.3967%;height: 63px\"><img decoding=\"async\" src=\"https:\/\/www.service-public.pf\/douane\/wp-content\/uploads\/sites\/18\/2024\/11\/Groupe-211.png\"><\/td>\n<td style=\"width: 87.6033%;height: 63px\">La simulation d\u2019une taxation<\/td>\n<\/tr>\n<\/tbody>\n<\/table><\/h3><\/div><\/div><\/div><div class=\"fusion-layout-column fusion_builder_column_inner fusion-builder-nested-column-3 fusion_builder_column_inner_1_3 1_3 fusion-flex-column fusion-flex-align-self-stretch fusion-column-inner-bg-wrapper\" style=\"--awb-padding-top:1.5rem;--awb-padding-right:1.5rem;--awb-padding-bottom:1.5rem;--awb-padding-left:1.5rem;--awb-inner-bg-color:var(--awb-color1);--awb-inner-bg-color-hover:var(--awb-custom_color_1);--awb-inner-bg-size:cover;--awb-width-large:33.333333333333%;--awb-margin-top-large:0px;--awb-spacing-right-large:0.5rem;--awb-margin-bottom-large:20px;--awb-spacing-left-large:5.76%;--awb-width-medium:33.333333333333%;--awb-order-medium:0;--awb-spacing-right-medium:0.5rem;--awb-spacing-left-medium:5.76%;--awb-width-small:100%;--awb-order-small:0;--awb-spacing-right-small:1.92%;--awb-margin-bottom-small:0.5rem;--awb-spacing-left-small:1.92%;\"><span class=\"fusion-column-inner-bg hover-type-none\"><a class=\"fusion-column-anchor\" href=\"https:\/\/www.service-public.pf\/douane\/professionnels\/les-regimes-preferentiels\/\"><span class=\"fusion-column-inner-bg-image\"><\/span><\/a><\/span><div class=\"fusion-column-wrapper fusion-column-has-shadow fusion-flex-justify-content-flex-start fusion-content-layout-block fusion-content-nowrap\"><div class=\"fusion-title title fusion-title-4 fusion-sep-none fusion-title-text fusion-title-size-three\" style=\"--awb-margin-top:10px;--awb-margin-bottom:0px;--awb-margin-left:10px;--awb-margin-top-small:0px;--awb-margin-right-small:0px;--awb-margin-bottom-small:20px;--awb-margin-left-small:0px;\"><h3 class=\"fusion-title-heading title-heading-left\" style=\"margin:0;\"><table style=\"border-collapse: collapse;width: 100%;height: 63px\">\n<tbody>\n<tr style=\"height: 63px\">\n<td style=\"width: 13.4298%;height: 63px\"><img decoding=\"async\" src=\"https:\/\/www.service-public.pf\/douane\/wp-content\/uploads\/sites\/18\/2024\/11\/Groupe-203.png\"><\/td>\n<td style=\"width: 86.5702%;height: 63px\">Les r\u00e9gimes pr\u00e9f\u00e9rentiels<\/td>\n<\/tr>\n<\/tbody>\n<\/table><\/h3><\/div><\/div><\/div><div class=\"fusion-layout-column fusion_builder_column_inner fusion-builder-nested-column-4 fusion_builder_column_inner_1_3 1_3 fusion-flex-column fusion-flex-align-self-stretch fusion-column-inner-bg-wrapper\" style=\"--awb-padding-top:1.5rem;--awb-padding-right:1.5rem;--awb-padding-bottom:1.5rem;--awb-padding-left:1.5rem;--awb-inner-bg-color:var(--awb-color1);--awb-inner-bg-color-hover:var(--awb-custom_color_1);--awb-inner-bg-size:cover;--awb-width-large:33.333333333333%;--awb-margin-top-large:0px;--awb-spacing-right-large:0.5rem;--awb-margin-bottom-large:20px;--awb-spacing-left-large:5.76%;--awb-width-medium:33.333333333333%;--awb-order-medium:0;--awb-spacing-right-medium:0.5rem;--awb-spacing-left-medium:5.76%;--awb-width-small:100%;--awb-order-small:0;--awb-spacing-right-small:1.92%;--awb-margin-bottom-small:0.5rem;--awb-spacing-left-small:1.92%;\"><span class=\"fusion-column-inner-bg hover-type-none\"><a class=\"fusion-column-anchor\" href=\"https:\/\/www.service-public.pf\/douane\/professionnels\/les-regimes-douaniers-economiques\/\"><span class=\"fusion-column-inner-bg-image\"><\/span><\/a><\/span><div class=\"fusion-column-wrapper fusion-column-has-shadow fusion-flex-justify-content-flex-start fusion-content-layout-block fusion-content-nowrap\"><div class=\"fusion-title title fusion-title-5 fusion-sep-none fusion-title-text fusion-title-size-three\" style=\"--awb-margin-top:10px;--awb-margin-bottom:0px;--awb-margin-left:10px;--awb-margin-top-small:0px;--awb-margin-right-small:0px;--awb-margin-bottom-small:20px;--awb-margin-left-small:0px;\"><h3 class=\"fusion-title-heading title-heading-left\" style=\"margin:0;\"><table style=\"border-collapse: collapse;width: 100%;height: 63px\">\n<tbody>\n<tr style=\"height: 63px\">\n<td style=\"width: 13.4298%;height: 63px\"><img decoding=\"async\" src=\"https:\/\/www.service-public.pf\/douane\/wp-content\/uploads\/sites\/18\/2024\/11\/Groupe-203.png\"><\/td>\n<td style=\"width: 86.5702%;height: 63px\">Les r\u00e9gimes douaniers \u00e9conomiques<\/td>\n<\/tr>\n<\/tbody>\n<\/table><\/h3><\/div><\/div><\/div><div class=\"fusion-layout-column fusion_builder_column_inner fusion-builder-nested-column-5 fusion_builder_column_inner_1_3 1_3 fusion-flex-column fusion-flex-align-self-stretch fusion-column-inner-bg-wrapper\" style=\"--awb-padding-top:1.5rem;--awb-padding-right:1.5rem;--awb-padding-bottom:1.5rem;--awb-padding-left:1.5rem;--awb-inner-bg-color:var(--awb-color1);--awb-inner-bg-color-hover:var(--awb-custom_color_1);--awb-inner-bg-size:cover;--awb-width-large:33.333333333333%;--awb-margin-top-large:0px;--awb-spacing-right-large:0.5rem;--awb-margin-bottom-large:20px;--awb-spacing-left-large:5.76%;--awb-width-medium:33.333333333333%;--awb-order-medium:0;--awb-spacing-right-medium:0.5rem;--awb-spacing-left-medium:5.76%;--awb-width-small:100%;--awb-order-small:0;--awb-spacing-right-small:1.92%;--awb-margin-bottom-small:0.5rem;--awb-spacing-left-small:1.92%;\"><span class=\"fusion-column-inner-bg hover-type-none\"><a class=\"fusion-column-anchor\" href=\"https:\/\/www.service-public.pf\/douane\/professionnels\/la-fiscalite-douaniere\/\"><span class=\"fusion-column-inner-bg-image\"><\/span><\/a><\/span><div class=\"fusion-column-wrapper fusion-column-has-shadow fusion-flex-justify-content-flex-start fusion-content-layout-block fusion-content-nowrap\"><div class=\"fusion-title title fusion-title-6 fusion-sep-none fusion-title-text fusion-title-size-three\" style=\"--awb-margin-top:10px;--awb-margin-bottom:0px;--awb-margin-left:10px;--awb-margin-top-small:0px;--awb-margin-right-small:0px;--awb-margin-bottom-small:20px;--awb-margin-left-small:0px;\"><h3 class=\"fusion-title-heading title-heading-left\" style=\"margin:0;\"><table style=\"border-collapse: collapse;width: 100%;height: 63px\">\n<tbody>\n<tr style=\"height: 63px\">\n<td style=\"width: 13.6364%;height: 63px\"><img decoding=\"async\" src=\"https:\/\/www.service-public.pf\/douane\/wp-content\/uploads\/sites\/18\/2024\/11\/Groupe-203.png\"><\/td>\n<td style=\"width: 86.3636%;height: 63px\">La fiscalit\u00e9 douani\u00e8re<\/td>\n<\/tr>\n<\/tbody>\n<\/table><\/h3><\/div><\/div><\/div><div class=\"fusion-layout-column fusion_builder_column_inner fusion-builder-nested-column-6 fusion_builder_column_inner_1_3 1_3 fusion-flex-column fusion-flex-align-self-stretch fusion-column-inner-bg-wrapper\" style=\"--awb-padding-top:1.5rem;--awb-padding-right:1.5rem;--awb-padding-bottom:1.5rem;--awb-padding-left:1.5rem;--awb-inner-bg-color:var(--awb-color1);--awb-inner-bg-color-hover:var(--awb-custom_color_1);--awb-inner-bg-size:cover;--awb-width-large:33.333333333333%;--awb-margin-top-large:0px;--awb-spacing-right-large:0.5rem;--awb-margin-bottom-large:20px;--awb-spacing-left-large:5.76%;--awb-width-medium:33.333333333333%;--awb-order-medium:0;--awb-spacing-right-medium:0.5rem;--awb-spacing-left-medium:5.76%;--awb-width-small:100%;--awb-order-small:0;--awb-spacing-right-small:1.92%;--awb-margin-bottom-small:0.5rem;--awb-spacing-left-small:1.92%;\"><span class=\"fusion-column-inner-bg hover-type-none\"><a class=\"fusion-column-anchor\" href=\"https:\/\/www.service-public.pf\/douane\/professionnels\/autres-procedures\/\"><span class=\"fusion-column-inner-bg-image\"><\/span><\/a><\/span><div class=\"fusion-column-wrapper fusion-column-has-shadow fusion-flex-justify-content-flex-start fusion-content-layout-block fusion-content-nowrap\"><div class=\"fusion-title title fusion-title-7 fusion-sep-none fusion-title-text fusion-title-size-three\" style=\"--awb-margin-bottom:0px;--awb-margin-top-small:0px;--awb-margin-right-small:0px;--awb-margin-bottom-small:20px;--awb-margin-left-small:0px;\"><h3 class=\"fusion-title-heading title-heading-left\" style=\"margin:0;\"><table style=\"border-collapse: collapse;width: 100%;height: 63px\">\n<tbody>\n<tr style=\"height: 63px\">\n<td style=\"width: 13.4298%;height: 63px\"><img decoding=\"async\" src=\"https:\/\/www.service-public.pf\/douane\/wp-content\/uploads\/sites\/18\/2024\/11\/Groupe-203.png\"><\/td>\n<td style=\"width: 86.5702%;height: 63px\">Autres proc\u00e9dures<\/td>\n<\/tr>\n<\/tbody>\n<\/table><\/h3><\/div><\/div><\/div><\/div><\/div><\/div><\/div><\/div>\n","protected":false},"excerpt":{"rendered":"","protected":false},"author":341,"featured_media":0,"parent":0,"menu_order":0,"comment_status":"closed","ping_status":"closed","template":"100-width.php","meta":{"_seopress_robots_primary_cat":"","_seopress_titles_title":"","_seopress_titles_desc":"","_seopress_robots_index":"","footnotes":""},"class_list":["post-967","page","type-page","status-publish","hentry"],"_links":{"self":[{"href":"https:\/\/www.service-public.pf\/douane\/wp-json\/wp\/v2\/pages\/967","targetHints":{"allow":["GET"]}}],"collection":[{"href":"https:\/\/www.service-public.pf\/douane\/wp-json\/wp\/v2\/pages"}],"about":[{"href":"https:\/\/www.service-public.pf\/douane\/wp-json\/wp\/v2\/types\/page"}],"author":[{"embeddable":true,"href":"https:\/\/www.service-public.pf\/douane\/wp-json\/wp\/v2\/users\/341"}],"replies":[{"embeddable":true,"href":"https:\/\/www.service-public.pf\/douane\/wp-json\/wp\/v2\/comments?post=967"}],"version-history":[{"count":19,"href":"https:\/\/www.service-public.pf\/douane\/wp-json\/wp\/v2\/pages\/967\/revisions"}],"predecessor-version":[{"id":2644,"href":"https:\/\/www.service-public.pf\/douane\/wp-json\/wp\/v2\/pages\/967\/revisions\/2644"}],"wp:attachment":[{"href":"https:\/\/www.service-public.pf\/douane\/wp-json\/wp\/v2\/media?parent=967"}],"curies":[{"name":"wp","href":"https:\/\/api.w.org\/{rel}","templated":true}]}}