{"id":1022,"date":"2018-04-18T12:09:40","date_gmt":"2018-04-18T10:09:40","guid":{"rendered":"https:\/\/www.service-public.pf\/dpam\/?page_id=1022"},"modified":"2024-09-09T08:44:28","modified_gmt":"2024-09-09T18:44:28","slug":"reglementation-securite","status":"publish","type":"page","link":"https:\/\/www.service-public.pf\/dpam\/reglementation-securite\/","title":{"rendered":"La r\u00e8glementation en mati\u00e8re de s\u00e9curit\u00e9 maritime"},"content":{"rendered":"<div class=\"fusion-fullwidth fullwidth-box fusion-builder-row-1 nonhundred-percent-fullwidth non-hundred-percent-height-scrolling\" style=\"--awb-border-radius-top-left:0px;--awb-border-radius-top-right:0px;--awb-border-radius-bottom-right:0px;--awb-border-radius-bottom-left:0px;--awb-flex-wrap:wrap;\" ><div class=\"fusion-builder-row fusion-row\"><div class=\"fusion-layout-column fusion_builder_column fusion-builder-column-0 fusion_builder_column_3_4 3_4 fusion-three-fourth fusion-column-first\" style=\"--awb-bg-size:cover;width:75%;width:calc(75% - ( ( 4% ) * 0.75 ) );margin-right: 4%;\"><div class=\"fusion-column-wrapper fusion-column-has-shadow fusion-flex-column-wrapper-legacy\"><div class=\"fusion-title title fusion-title-1 fusion-sep-none fusion-title-center fusion-title-text fusion-title-size-one\" style=\"--awb-margin-top-small:0px;--awb-margin-right-small:0px;--awb-margin-bottom-small:20px;--awb-margin-left-small:0px;--awb-sep-color:#b39b00;\"><h1 class=\"fusion-title-heading title-heading-center\" style=\"margin:0;\"><p style=\"text-align: center\"><span style=\"color: #004b87\"><b style=\"color: #004b87\">La <\/b><span style=\"color: #004b87\"><b>r\u00e9glementation<\/b><\/span><b style=\"color: #004b87\"> en mati\u00e8re de s\u00e9curit\u00e9 maritime<\/b><\/span><\/p><\/h1><\/div><div class=\"fusion-sep-clear\"><\/div><div class=\"fusion-separator\" style=\"margin-left: auto;margin-right: auto;margin-top:-15px;margin-bottom:40px;width:100%;max-width:100px;\"><div class=\"fusion-separator-border sep-single\" style=\"--awb-height:20px;--awb-amount:20px;border-color:#b39b00;border-top-width:5px;\"><\/div><\/div><div class=\"fusion-sep-clear\"><\/div><div class=\"accordian fusion-accordian\" style=\"--awb-border-size:0px;--awb-icon-size:30px;--awb-content-font-size:15px;--awb-icon-alignment:right;--awb-hover-color:#f5f5f5;--awb-border-color:#070707;--awb-background-color:#f5f5f5;--awb-divider-color:#e0dede;--awb-divider-hover-color:#e0dede;--awb-icon-color:#ffffff;--awb-title-color:#366e8c;--awb-content-color:#004b87;--awb-icon-box-color:#f5f5f5;--awb-toggle-hover-accent-color:#0a103a;--awb-toggle-active-accent-color:#004b87;--awb-title-font-family:&quot;Oswald&quot;;--awb-title-font-weight:400;--awb-title-font-style:normal;--awb-title-font-size:15px;--awb-content-font-family:&quot;Roboto&quot;;--awb-content-font-style:normal;--awb-content-font-weight:400;\"><div class=\"panel-group fusion-toggle-icon-right fusion-toggle-icon-boxed\" id=\"accordion-1022-1\"><div class=\"fusion-panel panel-default panel-a0f6ab7b2746cfd1c fusion-toggle-no-divider fusion-toggle-boxed-mode\" style=\"--awb-title-color:#366e8c;--awb-content-color:#000000;\"><div class=\"panel-heading\"><h4 class=\"panel-title toggle\" id=\"toggle_a0f6ab7b2746cfd1c\"><a aria-expanded=\"false\" aria-controls=\"a0f6ab7b2746cfd1c\" role=\"button\" data-toggle=\"collapse\" data-target=\"#a0f6ab7b2746cfd1c\" href=\"#a0f6ab7b2746cfd1c\"><span class=\"fusion-toggle-icon-wrapper\" aria-hidden=\"true\"><i class=\"fa-fusion-box active-icon fa-caret-down fas\" aria-hidden=\"true\"><\/i><i class=\"fa-fusion-box inactive-icon fa-caret-down fas\" aria-hidden=\"true\"><\/i><\/span><span class=\"fusion-toggle-heading\">Radiocommunication 2018<\/span><\/a><\/h4><\/div><div id=\"a0f6ab7b2746cfd1c\" class=\"panel-collapse collapse \" aria-labelledby=\"toggle_a0f6ab7b2746cfd1c\"><div class=\"panel-body toggle-content fusion-clearfix\">\n<p><strong><a href=\"https:\/\/www.service-public.pf\/dpam\/radiocommunications-2018\/\" target=\"_blank\" rel=\"noopener\">Voir la r\u00e9glementation<\/a><\/strong><\/p>\n<\/div><\/div><\/div><div class=\"fusion-panel panel-default panel-4076bd5b62ab27a9d fusion-toggle-no-divider fusion-toggle-boxed-mode\" style=\"--awb-title-color:#366e8c;--awb-content-color:#000000;\"><div class=\"panel-heading\"><h4 class=\"panel-title toggle\" id=\"toggle_4076bd5b62ab27a9d\"><a aria-expanded=\"false\" aria-controls=\"4076bd5b62ab27a9d\" role=\"button\" data-toggle=\"collapse\" data-target=\"#4076bd5b62ab27a9d\" href=\"#4076bd5b62ab27a9d\"><span class=\"fusion-toggle-icon-wrapper\" aria-hidden=\"true\"><i class=\"fa-fusion-box active-icon fa-caret-down fas\" aria-hidden=\"true\"><\/i><i class=\"fa-fusion-box inactive-icon fa-caret-down fas\" aria-hidden=\"true\"><\/i><\/span><span class=\"fusion-toggle-heading\">Moyens et proc\u00e9dures - Dispositions techniques<\/span><\/a><\/h4><\/div><div id=\"4076bd5b62ab27a9d\" class=\"panel-collapse collapse \" aria-labelledby=\"toggle_4076bd5b62ab27a9d\"><div class=\"panel-body toggle-content fusion-clearfix\">\n<p><strong>Livre 1 &#8211; Moyens et proc\u00e9dures<\/strong><\/p>\n<p><strong>Livre 2 &#8211; Dispositions techniques relatives aux navires<\/strong><\/p>\n<p><a href=\"https:\/\/www.service-public.pf\/dpam\/volume-1-moyens-procedures-dispositions-techniques\/\" target=\"_blank\" rel=\"noopener\"><strong>Cliquez ici<\/strong><\/a><\/p>\n<\/div><\/div><\/div><div class=\"fusion-panel panel-default panel-8013f95a00f2bc724 fusion-toggle-no-divider fusion-toggle-boxed-mode\" style=\"--awb-title-color:#366e8c;--awb-content-color:#000000;\"><div class=\"panel-heading\"><h4 class=\"panel-title toggle\" id=\"toggle_8013f95a00f2bc724\"><a aria-expanded=\"false\" aria-controls=\"8013f95a00f2bc724\" role=\"button\" data-toggle=\"collapse\" data-target=\"#8013f95a00f2bc724\" href=\"#8013f95a00f2bc724\"><span class=\"fusion-toggle-icon-wrapper\" aria-hidden=\"true\"><i class=\"fa-fusion-box active-icon fa-caret-down fas\" aria-hidden=\"true\"><\/i><i class=\"fa-fusion-box inactive-icon fa-caret-down fas\" aria-hidden=\"true\"><\/i><\/span><span class=\"fusion-toggle-heading\">Navires de charge - 500TJB<\/span><\/a><\/h4><\/div><div id=\"8013f95a00f2bc724\" class=\"panel-collapse collapse \" aria-labelledby=\"toggle_8013f95a00f2bc724\"><div class=\"panel-body toggle-content fusion-clearfix\">\n<p><a href=\"https:\/\/www.service-public.pf\/dpam\/volume-3-navires-a-passagers-jauge-500tjb\/\" target=\"_blank\" rel=\"noopener\"><strong>Voir le Volume 3<\/strong><\/a><\/p>\n<\/div><\/div><\/div><div class=\"fusion-panel panel-default panel-d9c21f549b42d0659 fusion-toggle-no-divider fusion-toggle-boxed-mode\" style=\"--awb-title-color:#366e8c;--awb-content-color:#000000;\"><div class=\"panel-heading\"><h4 class=\"panel-title toggle\" id=\"toggle_d9c21f549b42d0659\"><a aria-expanded=\"false\" aria-controls=\"d9c21f549b42d0659\" role=\"button\" data-toggle=\"collapse\" data-target=\"#d9c21f549b42d0659\" href=\"#d9c21f549b42d0659\"><span class=\"fusion-toggle-icon-wrapper\" aria-hidden=\"true\"><i class=\"fa-fusion-box active-icon fa-caret-down fas\" aria-hidden=\"true\"><\/i><i class=\"fa-fusion-box inactive-icon fa-caret-down fas\" aria-hidden=\"true\"><\/i><\/span><span class=\"fusion-toggle-heading\">Navires de plaisance<\/span><\/a><\/h4><\/div><div id=\"d9c21f549b42d0659\" class=\"panel-collapse collapse \" aria-labelledby=\"toggle_d9c21f549b42d0659\"><div class=\"panel-body toggle-content fusion-clearfix\">\n<p><a href=\"https:\/\/www.service-public.pf\/dpam\/volume-4-navires-de-plaisance\/\" target=\"_blank\" rel=\"noopener\"><strong>Cliquez ici<\/strong><\/a><\/p>\n<\/div><\/div><\/div><div class=\"fusion-panel panel-default panel-33fdd9aac6569f349 fusion-toggle-no-divider fusion-toggle-boxed-mode\" style=\"--awb-title-color:#366e8c;--awb-content-color:#000000;\"><div class=\"panel-heading\"><h4 class=\"panel-title toggle\" id=\"toggle_33fdd9aac6569f349\"><a aria-expanded=\"false\" aria-controls=\"33fdd9aac6569f349\" role=\"button\" data-toggle=\"collapse\" data-target=\"#33fdd9aac6569f349\" href=\"#33fdd9aac6569f349\"><span class=\"fusion-toggle-icon-wrapper\" aria-hidden=\"true\"><i class=\"fa-fusion-box active-icon fa-caret-down fas\" aria-hidden=\"true\"><\/i><i class=\"fa-fusion-box inactive-icon fa-caret-down fas\" aria-hidden=\"true\"><\/i><\/span><span class=\"fusion-toggle-heading\">Navires de p\u00eache<\/span><\/a><\/h4><\/div><div id=\"33fdd9aac6569f349\" class=\"panel-collapse collapse \" aria-labelledby=\"toggle_33fdd9aac6569f349\"><div class=\"panel-body toggle-content fusion-clearfix\">\n<p><a href=\"https:\/\/www.service-public.pf\/dpam\/volume-5-navires-de-peche\/\" target=\"_blank\" rel=\"noopener\"><strong>Cliquez ici<\/strong><\/a><\/p>\n<\/div><\/div><\/div><div class=\"fusion-panel panel-default panel-35c84383422203782 fusion-toggle-no-divider fusion-toggle-boxed-mode\" style=\"--awb-title-color:#366e8c;--awb-content-color:#000000;\"><div class=\"panel-heading\"><h4 class=\"panel-title toggle\" id=\"toggle_35c84383422203782\"><a aria-expanded=\"false\" aria-controls=\"35c84383422203782\" role=\"button\" data-toggle=\"collapse\" data-target=\"#35c84383422203782\" href=\"#35c84383422203782\"><span class=\"fusion-toggle-icon-wrapper\" aria-hidden=\"true\"><i class=\"fa-fusion-box active-icon fa-caret-down fas\" aria-hidden=\"true\"><\/i><i class=\"fa-fusion-box inactive-icon fa-caret-down fas\" aria-hidden=\"true\"><\/i><\/span><span class=\"fusion-toggle-heading\">Navires de location appartenant \u00e0 une association ou de formation<\/span><\/a><\/h4><\/div><div id=\"35c84383422203782\" class=\"panel-collapse collapse \" aria-labelledby=\"toggle_35c84383422203782\"><div class=\"panel-body toggle-content fusion-clearfix\">\n<p>Tous les navires de plaisance qui sont lou\u00e9s ou qui appartiennent \u00e0 une association et tous les navires de plaisance de formation, doivent faire l\u2019objet chaque ann\u00e9e d\u2019une v\u00e9rification sp\u00e9ciale effectu\u00e9e sous la responsabilit\u00e9 du loueur ou du responsable de l\u2019organisme ou de l\u2019association.<\/p>\n<p>Le r\u00e9sultat de ce contr\u00f4le est inscrit sur un registre sp\u00e9cial tenu \u00e0 la disposition de l\u2019autorit\u00e9 et des usagers.<\/p>\n<p>Un mod\u00e8le de ce registre est disponible ci-apr\u00e8s<\/p>\n<ul>\n<li><a href=\"https:\/\/www.service-public.pf\/dpam\/wp-content\/uploads\/sites\/20\/2023\/01\/registre-verification_speciale-1.pdf\">Registre de v\u00e9rification sp\u00e9ciale pour les navires de location<\/a><\/li>\n<\/ul>\n<\/div><\/div><\/div><div class=\"fusion-panel panel-default panel-556a7cf72c7a88992 fusion-toggle-no-divider fusion-toggle-boxed-mode\" style=\"--awb-title-color:#366e8c;--awb-content-color:#000000;\"><div class=\"panel-heading\"><h4 class=\"panel-title toggle\" id=\"toggle_556a7cf72c7a88992\"><a aria-expanded=\"false\" aria-controls=\"556a7cf72c7a88992\" role=\"button\" data-toggle=\"collapse\" data-target=\"#556a7cf72c7a88992\" href=\"#556a7cf72c7a88992\"><span class=\"fusion-toggle-icon-wrapper\" aria-hidden=\"true\"><i class=\"fa-fusion-box active-icon fa-caret-down fas\" aria-hidden=\"true\"><\/i><i class=\"fa-fusion-box inactive-icon fa-caret-down fas\" aria-hidden=\"true\"><\/i><\/span><span class=\"fusion-toggle-heading\">Equipement marins cargaisons<\/span><\/a><\/h4><\/div><div id=\"556a7cf72c7a88992\" class=\"panel-collapse collapse \" aria-labelledby=\"toggle_556a7cf72c7a88992\"><div class=\"panel-body toggle-content fusion-clearfix\">\n<p><strong>Livre 3<\/strong><\/p>\n<p><strong>Livre 4<\/strong><\/p>\n<p><a href=\"https:\/\/www.service-public.pf\/dpam\/volume-6-equipements-marins-cargaisons\/\" target=\"_blank\" rel=\"noopener\"><strong>Cliquez ici<\/strong><\/a><\/p>\n<\/div><\/div><\/div><\/div><\/div><div class=\"fusion-clearfix\"><\/div><\/div><\/div><div class=\"fusion-layout-column fusion_builder_column fusion-builder-column-1 fusion_builder_column_1_4 1_4 fusion-one-fourth fusion-column-last\" style=\"--awb-padding-right:10px;--awb-padding-bottom:70px;--awb-padding-left:10px;--awb-bg-color:#f5f5f5;--awb-bg-color-hover:#f5f5f5;--awb-bg-size:cover;width:25%;width:calc(25% - ( ( 4% ) * 0.25 ) );\"><div class=\"fusion-column-wrapper fusion-column-has-shadow fusion-flex-column-wrapper-legacy\"><div class=\"fusion-text fusion-text-1\" style=\"--awb-font-size:13px;--awb-margin-top:20px;--awb-margin-right:0px;--awb-margin-left:0px;\"><p style=\"text-align: center\"><span style=\"color: #004b87\"><span style=\"font-size: 13.3333px\"><b><br \/>\nCELLULE DE SECURITE<br \/>\nDES NAVIRES<\/b><\/span><\/span><\/p>\n<p style=\"text-align: center\"><span style=\"font-size: 10pt\"><strong><span style=\"color: #004b87\">HORAIRES<\/span><\/strong><\/span><\/p>\n<p style=\"text-align: center\"><span style=\"color: #004b87;font-size: 10pt\">7h30-13h00<\/span><br \/>\n<span style=\"color: #004b87;font-size: 10pt\">(sans RDV)<\/span><br \/>\n<span style=\"color: #004b87;font-size: 10pt\">13h00-15h30<\/span><br \/>\n<span style=\"color: #004b87;font-size: 10pt\">(uniquement sur RDV)<\/span><\/p>\n<p style=\"text-align: center\"><span style=\"font-size: 10pt\"><strong><span style=\"color: #004b87\">CONTACT<\/span><\/strong><\/span><\/p>\n<p style=\"text-align: center\"><span style=\"color: #004b87;font-size: 10pt\">T\u00e9l : 40.54.45.51<\/span><br \/>\n<a href=\"mailto:securite.dpam@administration.gov.pf\"><span style=\"font-size: 10pt\"><span style=\"color: #004b87\">securite.dpam@administr<\/span><span style=\"color: #004b87\">ation.gov.pf<\/span><\/span><\/a><\/p>\n<\/div><div class=\"fusion-aligncenter\"><a class=\"fusion-button button-flat fusion-button-default-size button-custom fusion-button-default button-1 fusion-button-default-span \" style=\"--button_accent_color:#ffffff;--button_accent_hover_color:#ffffff;--button_border_hover_color:#ffffff;--button_gradient_top_color:#004b8e;--button_gradient_bottom_color:#004b8e;--button_gradient_top_color_hover:#527496;--button_gradient_bottom_color_hover:#527496;\" target=\"_blank\" rel=\"noopener noreferrer\" href=\"https:\/\/rdv-pf.jefile.fr\/#\/embedded\/DPAM\/lines\/6a8de714-65b7-4e32-b53c-b7a906c9a019%20\"><span class=\"fusion-button-text awb-button__text awb-button__text--default\">CLIQUEZ ICI POUR PRENDRE RDV<\/span><\/a><\/div><div class=\"fusion-clearfix\"><\/div><\/div><\/div><\/div><\/div>\n","protected":false},"excerpt":{"rendered":"","protected":false},"author":275,"featured_media":0,"parent":0,"menu_order":0,"comment_status":"closed","ping_status":"closed","template":"","meta":{"_seopress_robots_primary_cat":"","_seopress_titles_title":"","_seopress_titles_desc":"","_seopress_robots_index":"","footnotes":""},"class_list":["post-1022","page","type-page","status-publish","hentry"],"_links":{"self":[{"href":"https:\/\/www.service-public.pf\/dpam\/wp-json\/wp\/v2\/pages\/1022","targetHints":{"allow":["GET"]}}],"collection":[{"href":"https:\/\/www.service-public.pf\/dpam\/wp-json\/wp\/v2\/pages"}],"about":[{"href":"https:\/\/www.service-public.pf\/dpam\/wp-json\/wp\/v2\/types\/page"}],"author":[{"embeddable":true,"href":"https:\/\/www.service-public.pf\/dpam\/wp-json\/wp\/v2\/users\/275"}],"replies":[{"embeddable":true,"href":"https:\/\/www.service-public.pf\/dpam\/wp-json\/wp\/v2\/comments?post=1022"}],"version-history":[{"count":1,"href":"https:\/\/www.service-public.pf\/dpam\/wp-json\/wp\/v2\/pages\/1022\/revisions"}],"predecessor-version":[{"id":20139,"href":"https:\/\/www.service-public.pf\/dpam\/wp-json\/wp\/v2\/pages\/1022\/revisions\/20139"}],"wp:attachment":[{"href":"https:\/\/www.service-public.pf\/dpam\/wp-json\/wp\/v2\/media?parent=1022"}],"curies":[{"name":"wp","href":"https:\/\/api.w.org\/{rel}","templated":true}]}}