{"id":11244,"date":"2021-06-17T10:47:25","date_gmt":"2021-06-17T20:47:25","guid":{"rendered":"https:\/\/www.service-public.pf\/dpam\/?page_id=11244"},"modified":"2024-09-06T13:57:39","modified_gmt":"2024-09-06T23:57:39","slug":"cplpcm-2","status":"publish","type":"page","link":"https:\/\/www.service-public.pf\/dpam\/cplpcm-2\/","title":{"rendered":"CPLPCM"},"content":{"rendered":"<p><div class=\"fusion-fullwidth fullwidth-box fusion-builder-row-1 fusion-flex-container nonhundred-percent-fullwidth non-hundred-percent-height-scrolling\" style=\"--awb-border-radius-top-left:0px;--awb-border-radius-top-right:0px;--awb-border-radius-bottom-right:0px;--awb-border-radius-bottom-left:0px;--awb-flex-wrap:wrap;\" ><div class=\"fusion-builder-row fusion-row fusion-flex-align-items-flex-start fusion-flex-content-wrap\" style=\"max-width:1144px;margin-left: calc(-4% \/ 2 );margin-right: calc(-4% \/ 2 );\"><div class=\"fusion-layout-column fusion_builder_column fusion-builder-column-0 fusion_builder_column_3_4 3_4 fusion-flex-column\" style=\"--awb-bg-size:cover;--awb-width-large:75%;--awb-margin-top-large:0px;--awb-spacing-right-large:2.56%;--awb-margin-bottom-large:20px;--awb-spacing-left-large:2.56%;--awb-width-medium:100%;--awb-order-medium:0;--awb-spacing-right-medium:1.92%;--awb-spacing-left-medium:1.92%;--awb-width-small:100%;--awb-order-small:0;--awb-spacing-right-small:1.92%;--awb-spacing-left-small:1.92%;\"><div class=\"fusion-column-wrapper fusion-column-has-shadow fusion-flex-justify-content-flex-start fusion-content-layout-column\"><div class=\"fusion-title title fusion-title-1 fusion-sep-none fusion-title-center fusion-title-text fusion-title-size-one\" style=\"--awb-margin-top-small:0px;--awb-margin-right-small:0px;--awb-margin-bottom-small:20px;--awb-margin-left-small:0px;--awb-sep-color:#b39b00;\"><h1 class=\"fusion-title-heading title-heading-center\" style=\"margin:0;\"><p style=\"text-align: center\"><span style=\"color: #004b87\"><strong>Certificat de patron lagonaire p\u00eache et cultures marines<\/strong><\/span><\/p><\/h1><\/div><div class=\"fusion-separator\" style=\"align-self: center;margin-left: auto;margin-right: auto;margin-top:-15px;margin-bottom:40px;width:100%;max-width:100px;\"><div class=\"fusion-separator-border sep-single\" style=\"--awb-height:20px;--awb-amount:20px;border-color:#b39b00;border-top-width:5px;\"><\/div><\/div><div class=\"fusion-text fusion-text-1\"><p>Le certificat de patron lagonaire p\u00eache et cultures marines (CPLPCM) est un titre professionnel maritime requis pour le commandement de navires de p\u00eache ou aquacole destin\u00e9s aux cultures marines qui effectue une navigation maritime professionnelle \u00e0 la p\u00eache ou de la cultures marines lagonaire.<\/p>\n<p>Le certificat de patron lagonaire p\u00eache et cultures marines conf\u00e8re \u00e0 son titulaire l\u2019aptitude et la qualification pour la conduite, \u00e0 titre professionnel, de navires de p\u00eache ou aquacole destin\u00e9s aux cultures marines d\u2019une longueur inf\u00e9rieur ou \u00e9gale \u00e0 7 m\u00e8tres dans les eaux int\u00e9rieures et, apr\u00e8s limite ext\u00e9rieure de celle-ci, jusqu\u2019\u00e0 2 milles dans la mer territoriale situ\u00e9e au large des c\u00f4tes de la Polyn\u00e9sie fran\u00e7aise.<\/p>\n<p><a href=\"https:\/\/www.service-public.pf\/dpam\/wp-content\/uploads\/sites\/20\/2018\/04\/cplpcm_arrete_521_cm_du_05.05.2015-1.pdf\"><strong>Texte r\u00e9glementaire<\/strong><\/a><\/p>\n<\/div><div class=\"fusion-separator fusion-full-width-sep\" style=\"align-self: center;margin-left: auto;margin-right: auto;margin-top:20px;width:100%;\"><\/div><div class=\"fusion-text fusion-text-2\"><p><span style=\"font-size: 14pt\"><strong><span style=\"color: #004b87\">Conditions d&rsquo;acc\u00e8s<\/span><\/strong><\/span><\/p>\n<\/div><div class=\"fusion-separator\" style=\"align-self: flex-start;margin-right:auto;margin-top:-15px;margin-bottom:20px;width:100%;max-width:100px;\"><div class=\"fusion-separator-border sep-single\" style=\"--awb-height:20px;--awb-amount:20px;border-color:#b39b00;border-top-width:5px;\"><\/div><\/div><div class=\"fusion-text fusion-text-3\"><ul>\n<li>Avoir au moins 18 ans<\/li>\n<li>Justifier d\u2019une qualification professionnelle d\u2019un niveau \u00e9quivalent \u00e0 celui d\u2019un CAP ou d\u2019un BEP valid\u00e9 ou non par un dipl\u00f4me<\/li>\n<\/ul>\n<\/div><\/div><\/div><div class=\"fusion-layout-column fusion_builder_column fusion-builder-column-1 fusion_builder_column_1_4 1_4 fusion-flex-column\" style=\"--awb-padding-right:10px;--awb-padding-bottom:70px;--awb-padding-left:10px;--awb-bg-color:#f5f5f5;--awb-bg-color-hover:#f5f5f5;--awb-bg-size:cover;--awb-width-large:25%;--awb-margin-top-large:0px;--awb-spacing-right-large:7.68%;--awb-margin-bottom-large:20px;--awb-spacing-left-large:7.68%;--awb-width-medium:100%;--awb-order-medium:0;--awb-spacing-right-medium:1.92%;--awb-spacing-left-medium:1.92%;--awb-width-small:100%;--awb-order-small:0;--awb-spacing-right-small:1.92%;--awb-spacing-left-small:1.92%;\"><div class=\"fusion-column-wrapper fusion-column-has-shadow fusion-flex-justify-content-flex-start fusion-content-layout-column\"><div class=\"fusion-text fusion-text-4\" style=\"--awb-font-size:13px;--awb-margin-top:20px;--awb-margin-right:0px;--awb-margin-left:0px;\"><p style=\"text-align: center\"><span style=\"font-size: 10pt\"><strong><span style=\"color: #004b87\">CELLULE FORMATION <\/span><span style=\"color: #004b87\">MARITIME ET<\/span><\/strong><\/span><br \/>\n<span style=\"font-size: 10pt\"><strong><span style=\"color: #004b87\">GESTION DES <\/span><span style=\"color: #004b87\">MARINS<\/span><\/strong><\/span><\/p>\n<p style=\"text-align: center\"><span style=\"font-size: 10pt\"><strong><span style=\"color: #004b87\">HORAIRES<\/span><\/strong><\/span><\/p>\n<p style=\"text-align: center\"><span style=\"color: #004b87;font-size: 10pt\">7h30-13h00<\/span><br \/>\n<span style=\"color: #004b87;font-size: 10pt\">(sans RDV)<\/span><br \/>\n<span style=\"color: #004b87;font-size: 10pt\">13h00-15h30<\/span><br \/>\n<span style=\"color: #004b87;font-size: 10pt\">(uniquement sur RDV)<\/span><\/p>\n<p style=\"text-align: center\"><span style=\"font-size: 10pt\"><strong><span style=\"color: #004b87\">CONTACT<\/span><\/strong><\/span><\/p>\n<p style=\"text-align: center\"><span style=\"color: #004b87;font-size: 10pt\">T\u00e9l : 40.54.45.57<\/span><br \/>\n<a href=\"mailto:formation.dpam@administration.gov.pf\"><span style=\"font-size: 10pt\"><span style=\"color: #004b87\">formation.dpam@administr<\/span><span style=\"color: #004b87\">ation.gov.pf<\/span><\/span><\/a><\/p>\n<\/div><div ><a class=\"fusion-button button-flat fusion-button-default-size button-custom fusion-button-default button-1 fusion-button-span-yes fusion-button-default-type\" style=\"--button_accent_color:#ffffff;--button_border_color:#004b87;--button_accent_hover_color:#ffffff;--button_border_hover_color:#004b87;--button_border_width-top:10px;--button_border_width-right:0px;--button_border_width-bottom:10px;--button_border_width-left:0px;--button_gradient_end:0%;--button_gradient_top_color:#004b87;--button_gradient_bottom_color:#004b87;--button_gradient_top_color_hover:#004b87;--button_gradient_bottom_color_hover:#004b87;--button_margin-top:0px;--button_margin-right:0px;--button_margin-bottom:0px;--button_margin-left:0px;width:calc(100% - 0px - 0px);\" target=\"_blank\" rel=\"noopener noreferrer\" href=\"https:\/\/rdv-pf.jefile.fr\/#\/embedded\/DPAM\/lines\/6a8de714-65b7-4e32-b53c-b7a906c9a019\"><span class=\"fusion-button-text awb-button__text awb-button__text--default\">CLIQUEZ ICI<\/span><\/a><\/div><\/div><\/div><\/div><\/div><div class=\"fusion-fullwidth fullwidth-box fusion-builder-row-2 fusion-flex-container nonhundred-percent-fullwidth non-hundred-percent-height-scrolling\" style=\"--awb-border-radius-top-left:0px;--awb-border-radius-top-right:0px;--awb-border-radius-bottom-right:0px;--awb-border-radius-bottom-left:0px;--awb-flex-wrap:wrap;\" ><div class=\"fusion-builder-row fusion-row fusion-flex-align-items-flex-start fusion-flex-content-wrap\" style=\"max-width:1144px;margin-left: calc(-4% \/ 2 );margin-right: calc(-4% \/ 2 );\"><div class=\"fusion-layout-column fusion_builder_column fusion-builder-column-2 fusion_builder_column_1_1 1_1 fusion-flex-column\" style=\"--awb-bg-size:cover;--awb-width-large:100%;--awb-margin-top-large:0px;--awb-spacing-right-large:1.92%;--awb-margin-bottom-large:20px;--awb-spacing-left-large:1.92%;--awb-width-medium:100%;--awb-order-medium:0;--awb-spacing-right-medium:1.92%;--awb-spacing-left-medium:1.92%;--awb-width-small:100%;--awb-order-small:0;--awb-spacing-right-small:1.92%;--awb-spacing-left-small:1.92%;\"><div class=\"fusion-column-wrapper fusion-column-has-shadow fusion-flex-justify-content-flex-start fusion-content-layout-column\"><div class=\"fusion-text fusion-text-5\"><p><span style=\"font-size: 14pt\"><strong><span style=\"color: #004b87\">Contenu<\/span><\/strong><\/span><\/p>\n<\/div><div class=\"fusion-separator\" style=\"align-self: flex-start;margin-right:auto;margin-top:-15px;margin-bottom:20px;width:100%;max-width:100px;\"><div class=\"fusion-separator-border sep-single\" style=\"--awb-height:20px;--awb-amount:20px;border-color:#b39b00;border-top-width:5px;\"><\/div><\/div><div class=\"accordian fusion-accordian\" style=\"--awb-border-size:0px;--awb-icon-size:30px;--awb-content-font-size:15px;--awb-icon-alignment:right;--awb-hover-color:#f5f5f5;--awb-border-color:#070707;--awb-background-color:#f5f5f5;--awb-divider-color:#e0dede;--awb-divider-hover-color:#e0dede;--awb-icon-color:#ffffff;--awb-title-color:#366e8c;--awb-content-color:#004b87;--awb-icon-box-color:#f5f5f5;--awb-toggle-hover-accent-color:#0a103a;--awb-toggle-active-accent-color:#004b87;--awb-title-font-family:&quot;Oswald&quot;;--awb-title-font-weight:400;--awb-title-font-style:normal;--awb-title-font-size:15px;--awb-content-font-family:&quot;Roboto&quot;;--awb-content-font-style:normal;--awb-content-font-weight:400;\"><div class=\"panel-group fusion-toggle-icon-right fusion-toggle-icon-boxed\" id=\"accordion-11244-1\"><div class=\"fusion-panel panel-default panel-7a016e9f4fadaeb3b fusion-toggle-no-divider fusion-toggle-boxed-mode\" style=\"--awb-title-color:#366e8c;--awb-content-color:#000000;\"><div class=\"panel-heading\"><h4 class=\"panel-title toggle\" id=\"toggle_7a016e9f4fadaeb3b\"><a aria-expanded=\"false\" aria-controls=\"7a016e9f4fadaeb3b\" role=\"button\" data-toggle=\"collapse\" data-target=\"#7a016e9f4fadaeb3b\" href=\"#7a016e9f4fadaeb3b\"><span class=\"fusion-toggle-icon-wrapper\" aria-hidden=\"true\"><i class=\"fa-fusion-box active-icon fa-caret-down fas\" aria-hidden=\"true\"><\/i><i class=\"fa-fusion-box inactive-icon fa-caret-down fas\" aria-hidden=\"true\"><\/i><\/span><span class=\"fusion-toggle-heading\">MODULE 1 \u2013 S\u00c9CURIT\u00c9<\/span><\/a><\/h4><\/div><div id=\"7a016e9f4fadaeb3b\" class=\"panel-collapse collapse \" aria-labelledby=\"toggle_7a016e9f4fadaeb3b\"><div class=\"panel-body toggle-content fusion-clearfix\">\n<ul>\n<li>1. 1.1 Techniques individuelles de survie 15h<\/li>\n<li>2. 1.2 Premiers secours \u00e9l\u00e9mentaires 12h<\/li>\n<\/ul>\n<\/div><\/div><\/div><div class=\"fusion-panel panel-default panel-5f86590dcda15a4c7 fusion-toggle-no-divider fusion-toggle-boxed-mode\" style=\"--awb-title-color:#366e8c;--awb-content-color:#000000;\"><div class=\"panel-heading\"><h4 class=\"panel-title toggle\" id=\"toggle_5f86590dcda15a4c7\"><a aria-expanded=\"false\" aria-controls=\"5f86590dcda15a4c7\" role=\"button\" data-toggle=\"collapse\" data-target=\"#5f86590dcda15a4c7\" href=\"#5f86590dcda15a4c7\"><span class=\"fusion-toggle-icon-wrapper\" aria-hidden=\"true\"><i class=\"fa-fusion-box active-icon fa-caret-down fas\" aria-hidden=\"true\"><\/i><i class=\"fa-fusion-box inactive-icon fa-caret-down fas\" aria-hidden=\"true\"><\/i><\/span><span class=\"fusion-toggle-heading\">MODULE 2 \u2013 CONDUITE DU NAVIRE<\/span><\/a><\/h4><\/div><div id=\"5f86590dcda15a4c7\" class=\"panel-collapse collapse \" aria-labelledby=\"toggle_5f86590dcda15a4c7\"><div class=\"panel-body toggle-content fusion-clearfix\">\n<ul>\n<li>1. 2.1 R\u00e8gles de barre, feux, balisage, signaux 18h<\/li>\n<li>2. 2.2 Milieu maritime 18h<\/li>\n<li>3. 2.3 Conduite des moteurs 18h<\/li>\n<li>4. 2.4 Man\u0153uvre et matelotage 24h<\/li>\n<\/ul>\n<\/div><\/div><\/div><div class=\"fusion-panel panel-default panel-4168d33f0af0fdc4c fusion-toggle-no-divider fusion-toggle-boxed-mode\" style=\"--awb-title-color:#366e8c;--awb-content-color:#000000;\"><div class=\"panel-heading\"><h4 class=\"panel-title toggle\" id=\"toggle_4168d33f0af0fdc4c\"><a aria-expanded=\"false\" aria-controls=\"4168d33f0af0fdc4c\" role=\"button\" data-toggle=\"collapse\" data-target=\"#4168d33f0af0fdc4c\" href=\"#4168d33f0af0fdc4c\"><span class=\"fusion-toggle-icon-wrapper\" aria-hidden=\"true\"><i class=\"fa-fusion-box active-icon fa-caret-down fas\" aria-hidden=\"true\"><\/i><i class=\"fa-fusion-box inactive-icon fa-caret-down fas\" aria-hidden=\"true\"><\/i><\/span><span class=\"fusion-toggle-heading\">MODULE 3 \u2013 CONTR\u00d4LE DE L\u2019EXPLOITATION DU NAVIRE<\/span><\/a><\/h4><\/div><div id=\"4168d33f0af0fdc4c\" class=\"panel-collapse collapse \" aria-labelledby=\"toggle_4168d33f0af0fdc4c\"><div class=\"panel-body toggle-content fusion-clearfix\">\n<ul>\n<li>1. 3.1 Description du navire, stabilit\u00e9, s\u00e9curit\u00e9, pollution 28h<\/li>\n<li>2. 3.2 Environnement r\u00e9glementaire 18h<\/li>\n<\/ul>\n<\/div><\/div><\/div><div class=\"fusion-panel panel-default panel-8fcaff22e11a32864 fusion-toggle-no-divider fusion-toggle-boxed-mode\" style=\"--awb-title-color:#366e8c;--awb-content-color:#000000;\"><div class=\"panel-heading\"><h4 class=\"panel-title toggle\" id=\"toggle_8fcaff22e11a32864\"><a aria-expanded=\"false\" aria-controls=\"8fcaff22e11a32864\" role=\"button\" data-toggle=\"collapse\" data-target=\"#8fcaff22e11a32864\" href=\"#8fcaff22e11a32864\"><span class=\"fusion-toggle-icon-wrapper\" aria-hidden=\"true\"><i class=\"fa-fusion-box active-icon fa-caret-down fas\" aria-hidden=\"true\"><\/i><i class=\"fa-fusion-box inactive-icon fa-caret-down fas\" aria-hidden=\"true\"><\/i><\/span><span class=\"fusion-toggle-heading\">MODULE 7 \u2013 \u201cP\u00caCHE ET CULTURES MARINES\u201d<\/span><\/a><\/h4><\/div><div id=\"8fcaff22e11a32864\" class=\"panel-collapse collapse \" aria-labelledby=\"toggle_8fcaff22e11a32864\"><div class=\"panel-body toggle-content fusion-clearfix\">\n<ul>\n<li>1. 7.1 Techniques de p\u00eache et conservation des captures 8h<\/li>\n<li>2. 7.2 R\u00e8glementation des p\u00eaches 8h<\/li>\n<li>3. 7.3 Chargement, d\u00e9chargement, arrimage et stabilit\u00e9 des embarcations de cultures marines 8h<\/li>\n<\/ul>\n<\/div><\/div><\/div><\/div><\/div><\/div><\/div><\/div><\/div><div class=\"fusion-fullwidth fullwidth-box fusion-builder-row-3 fusion-flex-container nonhundred-percent-fullwidth non-hundred-percent-height-scrolling\" style=\"--awb-border-radius-top-left:0px;--awb-border-radius-top-right:0px;--awb-border-radius-bottom-right:0px;--awb-border-radius-bottom-left:0px;--awb-flex-wrap:wrap;\" ><div class=\"fusion-builder-row fusion-row fusion-flex-align-items-flex-start fusion-flex-content-wrap\" style=\"max-width:1144px;margin-left: calc(-4% \/ 2 );margin-right: calc(-4% \/ 2 );\"><div class=\"fusion-layout-column fusion_builder_column fusion-builder-column-3 fusion_builder_column_1_1 1_1 fusion-flex-column\" style=\"--awb-bg-size:cover;--awb-width-large:100%;--awb-margin-top-large:0px;--awb-spacing-right-large:1.92%;--awb-margin-bottom-large:20px;--awb-spacing-left-large:1.92%;--awb-width-medium:100%;--awb-order-medium:0;--awb-spacing-right-medium:1.92%;--awb-spacing-left-medium:1.92%;--awb-width-small:100%;--awb-order-small:0;--awb-spacing-right-small:1.92%;--awb-spacing-left-small:1.92%;\"><div class=\"fusion-column-wrapper fusion-column-has-shadow fusion-flex-justify-content-flex-start fusion-content-layout-column\"><div class=\"fusion-text fusion-text-6\"><p><span style=\"font-size: 14pt\"><strong><span style=\"color: #004b87\">Validation<\/span><\/strong><\/span><\/p>\n<\/div><div class=\"fusion-separator\" style=\"align-self: flex-start;margin-right:auto;margin-top:-15px;margin-bottom:20px;width:100%;max-width:100px;\"><div class=\"fusion-separator-border sep-single\" style=\"--awb-height:20px;--awb-amount:20px;border-color:#b39b00;border-top-width:5px;\"><\/div><\/div><div class=\"fusion-text fusion-text-7\"><p>Etre titulaire d\u2019une attestation de r\u00e9ussite \u00e0 l\u2019\u00e9preuve de natation, du certificat restreint de radiot\u00e9l\u00e9phoniste (CRR) ou d\u2019un certificat d\u2019op\u00e9rateur des radiocommunications et avoir acquis l\u2019int\u00e9gralit\u00e9 des modules de la formation \u00e0 l\u2019examen.<\/p>\n<\/div><\/div><\/div><\/div><\/div><div class=\"fusion-fullwidth fullwidth-box fusion-builder-row-4 nonhundred-percent-fullwidth non-hundred-percent-height-scrolling\" style=\"--awb-border-radius-top-left:0px;--awb-border-radius-top-right:0px;--awb-border-radius-bottom-right:0px;--awb-border-radius-bottom-left:0px;--awb-flex-wrap:wrap;\" ><div class=\"fusion-builder-row fusion-row\"><div class=\"fusion-layout-column fusion_builder_column fusion-builder-column-4 fusion_builder_column_1_1 1_1 fusion-one-full fusion-column-first fusion-column-last\" style=\"--awb-bg-size:cover;\"><div class=\"fusion-column-wrapper fusion-flex-column-wrapper-legacy\"><div class=\"fusion-text fusion-text-8\"><p><span style=\"font-size: 14pt\"><strong><span style=\"color: #004b87\">Je souhaite m&rsquo;inscrire ?<\/span><\/strong><\/span><\/p>\n<\/div><div class=\"fusion-sep-clear\"><\/div><div class=\"fusion-separator fusion-clearfix\" style=\"float:left;margin-top:-15px;margin-bottom:20px;width:100%;max-width:100px;\"><div class=\"fusion-separator-border sep-single\" style=\"--awb-height:20px;--awb-amount:20px;border-color:#b39b00;border-top-width:5px;\"><\/div><\/div><div class=\"fusion-sep-clear\"><\/div><div class=\"fusion-text fusion-text-9\"><div class=\"fusion-text fusion-text-10\">\n<p><strong>Retrait et d\u00e9p\u00f4t des dossiers d\u2019inscription aupr\u00e8s de la DPAM \u2013 Cellule Examens et gestion des marins<\/strong><\/p>\n<\/div>\n<\/div><div class=\"fusion-builder-row fusion-builder-row-inner fusion-row\"><div class=\"fusion-layout-column fusion_builder_column_inner fusion-builder-nested-column-0 fusion_builder_column_inner_1_2 1_2 fusion-one-half fusion-column-first\" style=\"--awb-bg-size:cover;width:50%;width:calc(50% - ( ( 4% ) * 0.5 ) );margin-right: 4%;\"><div class=\"fusion-column-wrapper fusion-column-has-shadow fusion-flex-column-wrapper-legacy\"><div class=\"fusion-align-block\"><a class=\"fusion-button button-flat fusion-button-default-size button-custom fusion-button-default button-2 fusion-button-span-yes fusion-button-default-type\" style=\"--button_accent_color:#b39b00;--button_border_color:#b39b00;--button_accent_hover_color:#b39b00;--button_border_hover_color:#b39b00;--button_border_width-top:5px;--button_border_width-right:5px;--button_border_width-bottom:5px;--button_border_width-left:5px;--button_gradient_end:0%;--button_gradient_top_color:#ffffff;--button_gradient_bottom_color:#ffffff;--button_gradient_top_color_hover:#ffffff;--button_gradient_bottom_color_hover:#ffffff;--button_margin-top:0px;--button_margin-right:0px;--button_margin-bottom:0px;--button_margin-left:0px;width:calc(100% - 0px - 0px);\" target=\"_blank\" rel=\"noopener noreferrer\" href=\"https:\/\/www.service-public.pf\/dpam\/wp-content\/uploads\/sites\/20\/2022\/03\/Formulaire-CPL-Note-dinformation-CPL.pdf\"><span class=\"fusion-button-text awb-button__text awb-button__text--default\">Formulaire d&rsquo;inscription<\/span><\/a><\/div><div class=\"fusion-clearfix\"><\/div><\/div><\/div><div class=\"fusion-layout-column fusion_builder_column_inner fusion-builder-nested-column-1 fusion_builder_column_inner_1_2 1_2 fusion-one-half fusion-column-last\" style=\"--awb-bg-size:cover;width:50%;width:calc(50% - ( ( 4% ) * 0.5 ) );\"><div class=\"fusion-column-wrapper fusion-column-has-shadow fusion-flex-column-wrapper-legacy\"><div class=\"fusion-align-block\"><a class=\"fusion-button button-flat fusion-button-default-size button-custom fusion-button-default button-3 fusion-button-span-yes fusion-button-default-type\" style=\"--button_accent_color:#b39b00;--button_border_color:#b39b00;--button_accent_hover_color:#b39b00;--button_border_hover_color:#b39b00;--button_border_width-top:5px;--button_border_width-right:5px;--button_border_width-bottom:5px;--button_border_width-left:5px;--button_gradient_end:0%;--button_gradient_top_color:#ffffff;--button_gradient_bottom_color:#ffffff;--button_gradient_top_color_hover:#ffffff;--button_gradient_bottom_color_hover:#ffffff;--button_margin-top:0px;--button_margin-right:0px;--button_margin-bottom:0px;--button_margin-left:0px;width:calc(100% - 0px - 0px);\" target=\"_blank\" rel=\"noopener noreferrer\" href=\"https:\/\/www.service-public.pf\/dpam\/wp-content\/uploads\/sites\/20\/2022\/08\/02-CAP-PMC-PMH.pdf\"><span class=\"fusion-button-text awb-button__text awb-button__text--default\">Certificat d&rsquo;aptitude physique <\/span><\/a><\/div><div class=\"fusion-clearfix\"><\/div><\/div><\/div><\/div><div class=\"fusion-clearfix\"><\/div><\/div><\/div><\/div><\/div><\/p>\n","protected":false},"excerpt":{"rendered":"","protected":false},"author":141,"featured_media":0,"parent":0,"menu_order":0,"comment_status":"closed","ping_status":"closed","template":"","meta":{"_seopress_robots_primary_cat":"","_seopress_titles_title":"","_seopress_titles_desc":"Le certificat de patron lagonaire p\u00eache et cultures marines (CPLPCM) est un titre professionnel maritime requis pour le commandement de navires de p\u00eache ou aquacole destin\u00e9s aux cultures marines qui effectue une navigation maritime professionnelle \u00e0 la p\u00eache ou de la cultures marines lagonaire.","_seopress_robots_index":"","footnotes":""},"class_list":["post-11244","page","type-page","status-publish","hentry"],"_links":{"self":[{"href":"https:\/\/www.service-public.pf\/dpam\/wp-json\/wp\/v2\/pages\/11244","targetHints":{"allow":["GET"]}}],"collection":[{"href":"https:\/\/www.service-public.pf\/dpam\/wp-json\/wp\/v2\/pages"}],"about":[{"href":"https:\/\/www.service-public.pf\/dpam\/wp-json\/wp\/v2\/types\/page"}],"author":[{"embeddable":true,"href":"https:\/\/www.service-public.pf\/dpam\/wp-json\/wp\/v2\/users\/141"}],"replies":[{"embeddable":true,"href":"https:\/\/www.service-public.pf\/dpam\/wp-json\/wp\/v2\/comments?post=11244"}],"version-history":[{"count":1,"href":"https:\/\/www.service-public.pf\/dpam\/wp-json\/wp\/v2\/pages\/11244\/revisions"}],"predecessor-version":[{"id":20108,"href":"https:\/\/www.service-public.pf\/dpam\/wp-json\/wp\/v2\/pages\/11244\/revisions\/20108"}],"wp:attachment":[{"href":"https:\/\/www.service-public.pf\/dpam\/wp-json\/wp\/v2\/media?parent=11244"}],"curies":[{"name":"wp","href":"https:\/\/api.w.org\/{rel}","templated":true}]}}