{"id":11255,"date":"2021-06-17T10:48:39","date_gmt":"2021-06-17T20:48:39","guid":{"rendered":"https:\/\/www.service-public.pf\/dpam\/?page_id=11255"},"modified":"2024-09-06T14:01:08","modified_gmt":"2024-09-07T00:01:08","slug":"bcpl","status":"publish","type":"page","link":"https:\/\/www.service-public.pf\/dpam\/bcpl\/","title":{"rendered":"BCPL"},"content":{"rendered":"<p><div class=\"fusion-fullwidth fullwidth-box fusion-builder-row-1 fusion-flex-container nonhundred-percent-fullwidth non-hundred-percent-height-scrolling\" style=\"--awb-border-radius-top-left:0px;--awb-border-radius-top-right:0px;--awb-border-radius-bottom-right:0px;--awb-border-radius-bottom-left:0px;--awb-flex-wrap:wrap;\" ><div class=\"fusion-builder-row fusion-row fusion-flex-align-items-flex-start fusion-flex-content-wrap\" style=\"max-width:1144px;margin-left: calc(-4% \/ 2 );margin-right: calc(-4% \/ 2 );\"><div class=\"fusion-layout-column fusion_builder_column fusion-builder-column-0 fusion_builder_column_3_4 3_4 fusion-flex-column\" style=\"--awb-bg-size:cover;--awb-width-large:75%;--awb-margin-top-large:0px;--awb-spacing-right-large:2.56%;--awb-margin-bottom-large:20px;--awb-spacing-left-large:2.56%;--awb-width-medium:100%;--awb-order-medium:0;--awb-spacing-right-medium:1.92%;--awb-spacing-left-medium:1.92%;--awb-width-small:100%;--awb-order-small:0;--awb-spacing-right-small:1.92%;--awb-spacing-left-small:1.92%;\"><div class=\"fusion-column-wrapper fusion-column-has-shadow fusion-flex-justify-content-flex-start fusion-content-layout-column\"><div class=\"fusion-title title fusion-title-1 fusion-sep-none fusion-title-center fusion-title-text fusion-title-size-one\" style=\"--awb-margin-top-small:0px;--awb-margin-right-small:0px;--awb-margin-bottom-small:20px;--awb-margin-left-small:0px;--awb-sep-color:#b39b00;\"><h1 class=\"fusion-title-heading title-heading-center\" style=\"margin:0;\"><p style=\"text-align: center\"><span style=\"color: #004b87\"><b style=\"color: #004b87\">Brevet de capitaine de p\u00eache au large<\/b><\/span><b style=\"color: #004b87\"><\/b><\/p><\/h1><\/div><div class=\"fusion-separator\" style=\"align-self: center;margin-left: auto;margin-right: auto;margin-top:-15px;margin-bottom:40px;width:100%;max-width:100px;\"><div class=\"fusion-separator-border sep-single\" style=\"--awb-height:20px;--awb-amount:20px;border-color:#b39b00;border-top-width:5px;\"><\/div><\/div><div class=\"fusion-text fusion-text-1\"><p>Le brevet de capitaine de p\u00eache au large (BCPL)\u00a0conf\u00e8re l\u2019aptitude et la qualification pour le commandement \u00e0 titre professionnel des navires de p\u00eache d\u2019une longueur inf\u00e9rieure ou \u00e9gale \u00e0 25 m\u00e8tres arm\u00e9s \u00e0 la p\u00eache hauturi\u00e8re.<\/p>\n<p><a href=\"https:\/\/www.service-public.pf\/dpam\/wp-content\/uploads\/sites\/20\/2018\/04\/arrete_764_cm_du_15.05.2014.pdf\"><strong>Texte r\u00e9glementaire<\/strong><\/a><\/p>\n<\/div><div class=\"fusion-separator fusion-full-width-sep\" style=\"align-self: center;margin-left: auto;margin-right: auto;margin-top:20px;width:100%;\"><\/div><div class=\"fusion-text fusion-text-2\"><p><span style=\"font-size: 14pt\"><strong><span style=\"color: #004b87\">Conditions d&rsquo;acc\u00e8s<\/span><\/strong><\/span><\/p>\n<\/div><div class=\"fusion-separator\" style=\"align-self: flex-start;margin-right:auto;margin-top:-15px;margin-bottom:20px;width:100%;max-width:100px;\"><div class=\"fusion-separator-border sep-single\" style=\"--awb-height:20px;--awb-amount:20px;border-color:#b39b00;border-top-width:5px;\"><\/div><\/div><div class=\"fusion-text fusion-text-3\"><ul>\n<li>Satisfaire aux conditions d\u2019aptitude m\u00e9dicale<\/li>\n<li>\u00catre titulaire du Brevet de Capitaine de P\u00eache C\u00f4ti\u00e8re ou du baccalaur\u00e9at ou d\u2019un dipl\u00f4me homologu\u00e9 au niveau IV et qui justifie par une attestation du capitaine avoir effectu\u00e9 trois campagnes de p\u00eache d\u2019une dur\u00e9e totale cumul\u00e9e de 45 jours effectifs en mer.<\/li>\n<li>Avoir effectu\u00e9 en cette qualit\u00e9 une navigation effective \u00e0 la p\u00eache d\u2019une dur\u00e9e de 12 mois au moins accomplis post\u00e9rieurement \u00e0 la d\u00e9livrance du titre<\/li>\n<\/ul>\n<\/div><\/div><\/div><div class=\"fusion-layout-column fusion_builder_column fusion-builder-column-1 fusion_builder_column_1_4 1_4 fusion-flex-column\" style=\"--awb-padding-right:10px;--awb-padding-bottom:70px;--awb-padding-left:10px;--awb-bg-color:#f5f5f5;--awb-bg-color-hover:#f5f5f5;--awb-bg-size:cover;--awb-width-large:25%;--awb-margin-top-large:0px;--awb-spacing-right-large:7.68%;--awb-margin-bottom-large:20px;--awb-spacing-left-large:7.68%;--awb-width-medium:100%;--awb-order-medium:0;--awb-spacing-right-medium:1.92%;--awb-spacing-left-medium:1.92%;--awb-width-small:100%;--awb-order-small:0;--awb-spacing-right-small:1.92%;--awb-spacing-left-small:1.92%;\"><div class=\"fusion-column-wrapper fusion-column-has-shadow fusion-flex-justify-content-flex-start fusion-content-layout-column\"><div class=\"fusion-text fusion-text-4\" style=\"--awb-font-size:13px;--awb-margin-top:20px;--awb-margin-right:0px;--awb-margin-left:0px;\"><p style=\"text-align: center\"><span style=\"font-size: 10pt\"><strong><span style=\"color: #004b87\">CELLULE FORMATION <\/span><span style=\"color: #004b87\">MARITIME ET<\/span><\/strong><\/span><br \/>\n<span style=\"font-size: 10pt\"><strong><span style=\"color: #004b87\">GESTION DES <\/span><span style=\"color: #004b87\">MARINS<\/span><\/strong><\/span><\/p>\n<p style=\"text-align: center\"><span style=\"font-size: 10pt\"><strong><span style=\"color: #004b87\">HORAIRES<\/span><\/strong><\/span><\/p>\n<p style=\"text-align: center\"><span style=\"color: #004b87;font-size: 10pt\">7h30-13h00<\/span><br \/>\n<span style=\"color: #004b87;font-size: 10pt\">(sans RDV)<\/span><br \/>\n<span style=\"color: #004b87;font-size: 10pt\">13h00-15h30<\/span><br \/>\n<span style=\"color: #004b87;font-size: 10pt\">(uniquement sur RDV)<\/span><\/p>\n<p style=\"text-align: center\"><span style=\"font-size: 10pt\"><strong><span style=\"color: #004b87\">CONTACT<\/span><\/strong><\/span><\/p>\n<p style=\"text-align: center\"><span style=\"color: #004b87;font-size: 10pt\">T\u00e9l : 40.54.45.57<\/span><br \/>\n<a href=\"mailto:formation.dpam@administration.gov.pf\"><span style=\"font-size: 10pt\"><span style=\"color: #004b87\">formation.dpam@administr<\/span><span style=\"color: #004b87\">ation.gov.pf<\/span><\/span><\/a><\/p>\n<\/div><div ><a class=\"fusion-button button-flat fusion-button-default-size button-custom fusion-button-default button-1 fusion-button-span-yes fusion-button-default-type\" style=\"--button_accent_color:#ffffff;--button_border_color:#004b87;--button_accent_hover_color:#ffffff;--button_border_hover_color:#004b87;--button_border_width-top:10px;--button_border_width-right:0px;--button_border_width-bottom:10px;--button_border_width-left:0px;--button_gradient_end:0%;--button_gradient_top_color:#004b87;--button_gradient_bottom_color:#004b87;--button_gradient_top_color_hover:#004b87;--button_gradient_bottom_color_hover:#004b87;--button_margin-top:0px;--button_margin-right:0px;--button_margin-bottom:0px;--button_margin-left:0px;width:calc(100% - 0px - 0px);\" target=\"_blank\" rel=\"noopener noreferrer\" href=\"https:\/\/rdv-pf.jefile.fr\/#\/embedded\/DPAM\/lines\/6a8de714-65b7-4e32-b53c-b7a906c9a019\"><span class=\"fusion-button-text awb-button__text awb-button__text--default\">CLIQUEZ ICI<\/span><\/a><\/div><\/div><\/div><\/div><\/div><div class=\"fusion-fullwidth fullwidth-box fusion-builder-row-2 fusion-flex-container nonhundred-percent-fullwidth non-hundred-percent-height-scrolling\" style=\"--awb-border-radius-top-left:0px;--awb-border-radius-top-right:0px;--awb-border-radius-bottom-right:0px;--awb-border-radius-bottom-left:0px;--awb-flex-wrap:wrap;\" ><div class=\"fusion-builder-row fusion-row fusion-flex-align-items-flex-start fusion-flex-content-wrap\" style=\"max-width:1144px;margin-left: calc(-4% \/ 2 );margin-right: calc(-4% \/ 2 );\"><div class=\"fusion-layout-column fusion_builder_column fusion-builder-column-2 fusion_builder_column_1_1 1_1 fusion-flex-column\" style=\"--awb-bg-size:cover;--awb-width-large:100%;--awb-margin-top-large:0px;--awb-spacing-right-large:1.92%;--awb-margin-bottom-large:20px;--awb-spacing-left-large:1.92%;--awb-width-medium:100%;--awb-order-medium:0;--awb-spacing-right-medium:1.92%;--awb-spacing-left-medium:1.92%;--awb-width-small:100%;--awb-order-small:0;--awb-spacing-right-small:1.92%;--awb-spacing-left-small:1.92%;\"><div class=\"fusion-column-wrapper fusion-column-has-shadow fusion-flex-justify-content-flex-start fusion-content-layout-column\"><div class=\"fusion-text fusion-text-5\"><p><span style=\"font-size: 14pt\"><strong><span style=\"color: #004b87\">Contenu<\/span><\/strong><\/span><\/p>\n<\/div><div class=\"fusion-separator\" style=\"align-self: flex-start;margin-right:auto;margin-top:-15px;margin-bottom:20px;width:100%;max-width:100px;\"><div class=\"fusion-separator-border sep-single\" style=\"--awb-height:20px;--awb-amount:20px;border-color:#b39b00;border-top-width:5px;\"><\/div><\/div><div class=\"accordian fusion-accordian\" style=\"--awb-border-size:0px;--awb-icon-size:30px;--awb-content-font-size:15px;--awb-icon-alignment:right;--awb-hover-color:#f5f5f5;--awb-border-color:#070707;--awb-background-color:#f5f5f5;--awb-divider-color:#e0dede;--awb-divider-hover-color:#e0dede;--awb-icon-color:#ffffff;--awb-title-color:#366e8c;--awb-content-color:#004b87;--awb-icon-box-color:#f5f5f5;--awb-toggle-hover-accent-color:#0a103a;--awb-toggle-active-accent-color:#004b87;--awb-title-font-family:&quot;Oswald&quot;;--awb-title-font-weight:400;--awb-title-font-style:normal;--awb-title-font-size:15px;--awb-content-font-family:&quot;Roboto&quot;;--awb-content-font-style:normal;--awb-content-font-weight:400;\"><div class=\"panel-group fusion-toggle-icon-right fusion-toggle-icon-boxed\" id=\"accordion-11255-1\"><div class=\"fusion-panel panel-default panel-e0d632ae5b1ac9ea2 fusion-toggle-no-divider fusion-toggle-boxed-mode\" style=\"--awb-title-color:#366e8c;--awb-content-color:#000000;\"><div class=\"panel-heading\"><h4 class=\"panel-title toggle\" id=\"toggle_e0d632ae5b1ac9ea2\"><a aria-expanded=\"false\" aria-controls=\"e0d632ae5b1ac9ea2\" role=\"button\" data-toggle=\"collapse\" data-target=\"#e0d632ae5b1ac9ea2\" href=\"#e0d632ae5b1ac9ea2\"><span class=\"fusion-toggle-icon-wrapper\" aria-hidden=\"true\"><i class=\"fa-fusion-box active-icon fa-caret-down fas\" aria-hidden=\"true\"><\/i><i class=\"fa-fusion-box inactive-icon fa-caret-down fas\" aria-hidden=\"true\"><\/i><\/span><span class=\"fusion-toggle-heading\">CONDUITE DU NAVIRE : 160 H<\/span><\/a><\/h4><\/div><div id=\"e0d632ae5b1ac9ea2\" class=\"panel-collapse collapse \" aria-labelledby=\"toggle_e0d632ae5b1ac9ea2\"><div class=\"panel-body toggle-content fusion-clearfix\">\n<ul>\n<li>1. R\u00e8gles de barre, feux, balisage, signaux : 10 h<\/li>\n<li>2. Navigation : 90 h<\/li>\n<li>3. Stage RADAR \/ APRA : 30 h<\/li>\n<li>4. M\u00e9t\u00e9orologie : 10 h<\/li>\n<li>5. Tenue du quart et man\u0153uvres : 10 h<\/li>\n<li>6. Machines : 10 h<\/li>\n<\/ul>\n<\/div><\/div><\/div><div class=\"fusion-panel panel-default panel-748a487bbaf67b249 fusion-toggle-no-divider fusion-toggle-boxed-mode\" style=\"--awb-title-color:#366e8c;--awb-content-color:#000000;\"><div class=\"panel-heading\"><h4 class=\"panel-title toggle\" id=\"toggle_748a487bbaf67b249\"><a aria-expanded=\"false\" aria-controls=\"748a487bbaf67b249\" role=\"button\" data-toggle=\"collapse\" data-target=\"#748a487bbaf67b249\" href=\"#748a487bbaf67b249\"><span class=\"fusion-toggle-icon-wrapper\" aria-hidden=\"true\"><i class=\"fa-fusion-box active-icon fa-caret-down fas\" aria-hidden=\"true\"><\/i><i class=\"fa-fusion-box inactive-icon fa-caret-down fas\" aria-hidden=\"true\"><\/i><\/span><span class=\"fusion-toggle-heading\">TECHNIQUE DU NAVIRE : 160 H<\/span><\/a><\/h4><\/div><div id=\"748a487bbaf67b249\" class=\"panel-collapse collapse \" aria-labelledby=\"toggle_748a487bbaf67b249\"><div class=\"panel-body toggle-content fusion-clearfix\">\n<ul>\n<li>1. Description et construction : 20 h<\/li>\n<li>2. Maintenance : 10 h<\/li>\n<li>3. Stabilit\u00e9 : 100 h<\/li>\n<li>4. S\u00e9curit\u00e9 : 30 h<\/li>\n<\/ul>\n<\/div><\/div><\/div><div class=\"fusion-panel panel-default panel-462820524b341b389 fusion-toggle-no-divider fusion-toggle-boxed-mode\" style=\"--awb-title-color:#366e8c;--awb-content-color:#000000;\"><div class=\"panel-heading\"><h4 class=\"panel-title toggle\" id=\"toggle_462820524b341b389\"><a aria-expanded=\"false\" aria-controls=\"462820524b341b389\" role=\"button\" data-toggle=\"collapse\" data-target=\"#462820524b341b389\" href=\"#462820524b341b389\"><span class=\"fusion-toggle-icon-wrapper\" aria-hidden=\"true\"><i class=\"fa-fusion-box active-icon fa-caret-down fas\" aria-hidden=\"true\"><\/i><i class=\"fa-fusion-box inactive-icon fa-caret-down fas\" aria-hidden=\"true\"><\/i><\/span><span class=\"fusion-toggle-heading\">ENVIRONNEMENT DU NAVIRE : 120 H<\/span><\/a><\/h4><\/div><div id=\"462820524b341b389\" class=\"panel-collapse collapse \" aria-labelledby=\"toggle_462820524b341b389\"><div class=\"panel-body toggle-content fusion-clearfix\">\n<ul>\n<li>1. Gestion : 30 h<\/li>\n<li>2. Environnement professionnel : 50 h<\/li>\n<li>3. Anglais : 40 h<\/li>\n<\/ul>\n<\/div><\/div><\/div><div class=\"fusion-panel panel-default panel-4bedaeb4850e6b21c fusion-toggle-no-divider fusion-toggle-boxed-mode\" style=\"--awb-title-color:#366e8c;--awb-content-color:#000000;\"><div class=\"panel-heading\"><h4 class=\"panel-title toggle\" id=\"toggle_4bedaeb4850e6b21c\"><a aria-expanded=\"false\" aria-controls=\"4bedaeb4850e6b21c\" role=\"button\" data-toggle=\"collapse\" data-target=\"#4bedaeb4850e6b21c\" href=\"#4bedaeb4850e6b21c\"><span class=\"fusion-toggle-icon-wrapper\" aria-hidden=\"true\"><i class=\"fa-fusion-box active-icon fa-caret-down fas\" aria-hidden=\"true\"><\/i><i class=\"fa-fusion-box inactive-icon fa-caret-down fas\" aria-hidden=\"true\"><\/i><\/span><span class=\"fusion-toggle-heading\">CONDUITE DE LA P\u00caCHE : 130 H<\/span><\/a><\/h4><\/div><div id=\"4bedaeb4850e6b21c\" class=\"panel-collapse collapse \" aria-labelledby=\"toggle_4bedaeb4850e6b21c\"><div class=\"panel-body toggle-content fusion-clearfix\">\n<ul>\n<li>1. Environement des p\u00eacheries : 10 h<\/li>\n<li>2. Gestion de la ressource : 15 h<\/li>\n<li>3. Strat\u00e9gie et mise en action : 40 h<\/li>\n<li>4. Mise en \u0153uvre et maintenance des engins de p\u00eache : 40 h<\/li>\n<li>5. Exploitation du navire de p\u00eache : 25 h<\/li>\n<\/ul>\n<\/div><\/div><\/div><div class=\"fusion-panel panel-default panel-8c4221daaec1959f8 fusion-toggle-no-divider fusion-toggle-boxed-mode\" style=\"--awb-title-color:#366e8c;--awb-content-color:#000000;\"><div class=\"panel-heading\"><h4 class=\"panel-title toggle\" id=\"toggle_8c4221daaec1959f8\"><a aria-expanded=\"false\" aria-controls=\"8c4221daaec1959f8\" role=\"button\" data-toggle=\"collapse\" data-target=\"#8c4221daaec1959f8\" href=\"#8c4221daaec1959f8\"><span class=\"fusion-toggle-icon-wrapper\" aria-hidden=\"true\"><i class=\"fa-fusion-box active-icon fa-caret-down fas\" aria-hidden=\"true\"><\/i><i class=\"fa-fusion-box inactive-icon fa-caret-down fas\" aria-hidden=\"true\"><\/i><\/span><span class=\"fusion-toggle-heading\">TRAITEMENT DES CAPTURES : 80 H<\/span><\/a><\/h4><\/div><div id=\"8c4221daaec1959f8\" class=\"panel-collapse collapse \" aria-labelledby=\"toggle_8c4221daaec1959f8\"><div class=\"panel-body toggle-content fusion-clearfix\">\n<ul>\n<li>1. Organisation des postes de travail et traitement des captures : 30 h<\/li>\n<li>2. Conservation des captures : 30 h<\/li>\n<li>3. D\u00e9barquement des produits, mise en march\u00e9, qualit\u00e9 : 20 h<\/li>\n<\/ul>\n<\/div><\/div><\/div><div class=\"fusion-panel panel-default panel-cd75d823b03e9a802 fusion-toggle-no-divider fusion-toggle-boxed-mode\" style=\"--awb-title-color:#366e8c;--awb-content-color:#000000;\"><div class=\"panel-heading\"><h4 class=\"panel-title toggle\" id=\"toggle_cd75d823b03e9a802\"><a aria-expanded=\"false\" aria-controls=\"cd75d823b03e9a802\" role=\"button\" data-toggle=\"collapse\" data-target=\"#cd75d823b03e9a802\" href=\"#cd75d823b03e9a802\"><span class=\"fusion-toggle-icon-wrapper\" aria-hidden=\"true\"><i class=\"fa-fusion-box active-icon fa-caret-down fas\" aria-hidden=\"true\"><\/i><i class=\"fa-fusion-box inactive-icon fa-caret-down fas\" aria-hidden=\"true\"><\/i><\/span><span class=\"fusion-toggle-heading\">TECHNIQUES ET ENVIRONNEMENT DU NAVIRE DE P\u00caCHE : 60 H<\/span><\/a><\/h4><\/div><div id=\"cd75d823b03e9a802\" class=\"panel-collapse collapse \" aria-labelledby=\"toggle_cd75d823b03e9a802\"><div class=\"panel-body toggle-content fusion-clearfix\">\n<ul>\n<li>1. Maintenance, construction, stabilit\u00e9 : 25 h<\/li>\n<li>2. Gestion et management de l\u2019entreprise : 20 h<\/li>\n<li>3. Environnement professionnel : 15 h<\/li>\n<\/ul>\n<\/div><\/div><\/div><div class=\"fusion-panel panel-default panel-0ae2ef8ca661c501b fusion-toggle-no-divider fusion-toggle-boxed-mode\" style=\"--awb-title-color:#366e8c;--awb-content-color:#000000;\"><div class=\"panel-heading\"><h4 class=\"panel-title toggle\" id=\"toggle_0ae2ef8ca661c501b\"><a aria-expanded=\"false\" aria-controls=\"0ae2ef8ca661c501b\" role=\"button\" data-toggle=\"collapse\" data-target=\"#0ae2ef8ca661c501b\" href=\"#0ae2ef8ca661c501b\"><span class=\"fusion-toggle-icon-wrapper\" aria-hidden=\"true\"><i class=\"fa-fusion-box active-icon fa-caret-down fas\" aria-hidden=\"true\"><\/i><i class=\"fa-fusion-box inactive-icon fa-caret-down fas\" aria-hidden=\"true\"><\/i><\/span><span class=\"fusion-toggle-heading\">FORMATION PARTICULI\u00c8RE : 172 H<\/span><\/a><\/h4><\/div><div id=\"0ae2ef8ca661c501b\" class=\"panel-collapse collapse \" aria-labelledby=\"toggle_0ae2ef8ca661c501b\"><div class=\"panel-body toggle-content fusion-clearfix\">\n<ul>\n<li>1. Certificat g\u00e9n\u00e9ral d\u2019op\u00e9rateur du SMDSM (CGO) : 70 h<\/li>\n<li>2. Certificat de qualification avanc\u00e9e \u00e0 la lutte contre l\u2019incendie : 36 h<\/li>\n<li>3. Certificat d\u2019aptitude \u00e0 l\u2019exploitation des embarcations et radeaux de sauvetage : 30 h<\/li>\n<li>4. Formation de l\u2019enseignement m\u00e9dical de niveau II (M\u00e9dical II) : 36 h<\/li>\n<\/ul>\n<\/div><\/div><\/div><\/div><\/div><\/div><\/div><\/div><\/div><div class=\"fusion-fullwidth fullwidth-box fusion-builder-row-3 fusion-flex-container nonhundred-percent-fullwidth non-hundred-percent-height-scrolling\" style=\"--awb-border-radius-top-left:0px;--awb-border-radius-top-right:0px;--awb-border-radius-bottom-right:0px;--awb-border-radius-bottom-left:0px;--awb-flex-wrap:wrap;\" ><div class=\"fusion-builder-row fusion-row fusion-flex-align-items-flex-start fusion-flex-content-wrap\" style=\"max-width:1144px;margin-left: calc(-4% \/ 2 );margin-right: calc(-4% \/ 2 );\"><div class=\"fusion-layout-column fusion_builder_column fusion-builder-column-3 fusion_builder_column_1_1 1_1 fusion-flex-column\" style=\"--awb-bg-size:cover;--awb-width-large:100%;--awb-margin-top-large:0px;--awb-spacing-right-large:1.92%;--awb-margin-bottom-large:20px;--awb-spacing-left-large:1.92%;--awb-width-medium:100%;--awb-order-medium:0;--awb-spacing-right-medium:1.92%;--awb-spacing-left-medium:1.92%;--awb-width-small:100%;--awb-order-small:0;--awb-spacing-right-small:1.92%;--awb-spacing-left-small:1.92%;\"><div class=\"fusion-column-wrapper fusion-column-has-shadow fusion-flex-justify-content-flex-start fusion-content-layout-column\"><div class=\"fusion-text fusion-text-6\"><p><span style=\"font-size: 14pt\"><strong><span style=\"color: #004b87\">Validation<\/span><\/strong><\/span><\/p>\n<\/div><div class=\"fusion-separator\" style=\"align-self: flex-start;margin-right:auto;margin-top:-15px;margin-bottom:20px;width:100%;max-width:100px;\"><div class=\"fusion-separator-border sep-single\" style=\"--awb-height:20px;--awb-amount:20px;border-color:#b39b00;border-top-width:5px;\"><\/div><\/div><div class=\"fusion-text fusion-text-7\"><p>R\u00e9ussir aux \u00e9preuves des six modules d\u2019enseignements<\/p>\n<\/div><\/div><\/div><\/div><\/div><div class=\"fusion-fullwidth fullwidth-box fusion-builder-row-4 nonhundred-percent-fullwidth non-hundred-percent-height-scrolling\" style=\"--awb-border-radius-top-left:0px;--awb-border-radius-top-right:0px;--awb-border-radius-bottom-right:0px;--awb-border-radius-bottom-left:0px;--awb-flex-wrap:wrap;\" ><div class=\"fusion-builder-row fusion-row\"><div class=\"fusion-layout-column fusion_builder_column fusion-builder-column-4 fusion_builder_column_1_1 1_1 fusion-one-full fusion-column-first fusion-column-last\" style=\"--awb-bg-size:cover;\"><div class=\"fusion-column-wrapper fusion-flex-column-wrapper-legacy\"><div class=\"fusion-text fusion-text-8\"><p><span style=\"font-size: 14pt\"><strong><span style=\"color: #004b87\">Je souhaite m&rsquo;inscrire ?<\/span><\/strong><\/span><\/p>\n<\/div><div class=\"fusion-sep-clear\"><\/div><div class=\"fusion-separator fusion-clearfix\" style=\"float:left;margin-top:-15px;margin-bottom:20px;width:100%;max-width:100px;\"><div class=\"fusion-separator-border sep-single\" style=\"--awb-height:20px;--awb-amount:20px;border-color:#b39b00;border-top-width:5px;\"><\/div><\/div><div class=\"fusion-sep-clear\"><\/div><div class=\"fusion-text fusion-text-9\"><div class=\"fusion-text fusion-text-10\">\n<p><strong>Retrait et d\u00e9p\u00f4t des dossiers d\u2019inscription aupr\u00e8s de la DPAM \u2013 Cellule Examens et gestion des marins<\/strong><\/p>\n<\/div>\n<\/div><div class=\"fusion-builder-row fusion-builder-row-inner fusion-row\"><div class=\"fusion-layout-column fusion_builder_column_inner fusion-builder-nested-column-0 fusion_builder_column_inner_1_2 1_2 fusion-one-half fusion-column-first\" style=\"--awb-bg-size:cover;width:50%;width:calc(50% - ( ( 4% ) * 0.5 ) );margin-right: 4%;\"><div class=\"fusion-column-wrapper fusion-column-has-shadow fusion-flex-column-wrapper-legacy\"><div class=\"fusion-align-block\"><a class=\"fusion-button button-flat fusion-button-default-size button-custom fusion-button-default button-2 fusion-button-span-yes fusion-button-default-type\" style=\"--button_accent_color:#b39b00;--button_border_color:#b39b00;--button_accent_hover_color:#b39b00;--button_border_hover_color:#b39b00;--button_border_width-top:5px;--button_border_width-right:5px;--button_border_width-bottom:5px;--button_border_width-left:5px;--button_gradient_end:0%;--button_gradient_top_color:#ffffff;--button_gradient_bottom_color:#ffffff;--button_gradient_top_color_hover:#ffffff;--button_gradient_bottom_color_hover:#ffffff;--button_margin-top:0px;--button_margin-right:0px;--button_margin-bottom:0px;--button_margin-left:0px;width:calc(100% - 0px - 0px);\" target=\"_blank\" rel=\"noopener noreferrer\" href=\"https:\/\/www.service-public.pf\/dpam\/wp-content\/uploads\/sites\/20\/2022\/03\/Formulaire-CPL-Note-dinformation-CPL.pdf\"><span class=\"fusion-button-text awb-button__text awb-button__text--default\">Formulaire d&rsquo;inscription<\/span><\/a><\/div><div class=\"fusion-clearfix\"><\/div><\/div><\/div><div class=\"fusion-layout-column fusion_builder_column_inner fusion-builder-nested-column-1 fusion_builder_column_inner_1_2 1_2 fusion-one-half fusion-column-last\" style=\"--awb-bg-size:cover;width:50%;width:calc(50% - ( ( 4% ) * 0.5 ) );\"><div class=\"fusion-column-wrapper fusion-column-has-shadow fusion-flex-column-wrapper-legacy\"><div class=\"fusion-align-block\"><a class=\"fusion-button button-flat fusion-button-default-size button-custom fusion-button-default button-3 fusion-button-span-yes fusion-button-default-type\" style=\"--button_accent_color:#b39b00;--button_border_color:#b39b00;--button_accent_hover_color:#b39b00;--button_border_hover_color:#b39b00;--button_border_width-top:5px;--button_border_width-right:5px;--button_border_width-bottom:5px;--button_border_width-left:5px;--button_gradient_end:0%;--button_gradient_top_color:#ffffff;--button_gradient_bottom_color:#ffffff;--button_gradient_top_color_hover:#ffffff;--button_gradient_bottom_color_hover:#ffffff;--button_margin-top:0px;--button_margin-right:0px;--button_margin-bottom:0px;--button_margin-left:0px;width:calc(100% - 0px - 0px);\" target=\"_blank\" rel=\"noopener noreferrer\" href=\"https:\/\/www.service-public.pf\/dpam\/wp-content\/uploads\/sites\/20\/2022\/08\/02-CAP-PMC-PMH.pdf\"><span class=\"fusion-button-text awb-button__text awb-button__text--default\">Certificat d&rsquo;aptitude physique <\/span><\/a><\/div><div class=\"fusion-clearfix\"><\/div><\/div><\/div><\/div><div class=\"fusion-clearfix\"><\/div><\/div><\/div><\/div><\/div><\/p>\n","protected":false},"excerpt":{"rendered":"","protected":false},"author":141,"featured_media":0,"parent":0,"menu_order":0,"comment_status":"closed","ping_status":"closed","template":"","meta":{"_seopress_robots_primary_cat":"","_seopress_titles_title":"","_seopress_titles_desc":"Le brevet de capitaine de p\u00eache au large (BCPL) conf\u00e8re l\u2019aptitude et la qualification pour le commandement \u00e0 titre professionnel des navires de p\u00eache d\u2019une longueur inf\u00e9rieure ou \u00e9gale \u00e0 25 m\u00e8tres arm\u00e9s \u00e0 la p\u00eache hauturi\u00e8re.","_seopress_robots_index":"","footnotes":""},"class_list":["post-11255","page","type-page","status-publish","hentry"],"_links":{"self":[{"href":"https:\/\/www.service-public.pf\/dpam\/wp-json\/wp\/v2\/pages\/11255","targetHints":{"allow":["GET"]}}],"collection":[{"href":"https:\/\/www.service-public.pf\/dpam\/wp-json\/wp\/v2\/pages"}],"about":[{"href":"https:\/\/www.service-public.pf\/dpam\/wp-json\/wp\/v2\/types\/page"}],"author":[{"embeddable":true,"href":"https:\/\/www.service-public.pf\/dpam\/wp-json\/wp\/v2\/users\/141"}],"replies":[{"embeddable":true,"href":"https:\/\/www.service-public.pf\/dpam\/wp-json\/wp\/v2\/comments?post=11255"}],"version-history":[{"count":1,"href":"https:\/\/www.service-public.pf\/dpam\/wp-json\/wp\/v2\/pages\/11255\/revisions"}],"predecessor-version":[{"id":20111,"href":"https:\/\/www.service-public.pf\/dpam\/wp-json\/wp\/v2\/pages\/11255\/revisions\/20111"}],"wp:attachment":[{"href":"https:\/\/www.service-public.pf\/dpam\/wp-json\/wp\/v2\/media?parent=11255"}],"curies":[{"name":"wp","href":"https:\/\/api.w.org\/{rel}","templated":true}]}}