{"id":1138,"date":"2018-04-19T09:18:12","date_gmt":"2018-04-19T07:18:12","guid":{"rendered":"https:\/\/www.service-public.pf\/dpam\/?page_id=1138"},"modified":"2024-09-09T08:56:52","modified_gmt":"2024-09-09T18:56:52","slug":"regime-dexoneration-des-droits-et-taxes-du-carburant-et-huiles-lubrifiantes","status":"publish","type":"page","link":"https:\/\/www.service-public.pf\/dpam\/regime-dexoneration-des-droits-et-taxes-du-carburant-et-huiles-lubrifiantes\/","title":{"rendered":"R\u00e9gime d&rsquo;exon\u00e9ration des droits et taxes du carburant et huiles lubrifiantes"},"content":{"rendered":"<div class=\"fusion-fullwidth fullwidth-box fusion-builder-row-1 nonhundred-percent-fullwidth non-hundred-percent-height-scrolling\" style=\"--awb-border-radius-top-left:0px;--awb-border-radius-top-right:0px;--awb-border-radius-bottom-right:0px;--awb-border-radius-bottom-left:0px;--awb-flex-wrap:wrap;\" ><div class=\"fusion-builder-row fusion-row\"><div class=\"fusion-layout-column fusion_builder_column fusion-builder-column-0 fusion_builder_column_3_4 3_4 fusion-three-fourth fusion-column-first\" style=\"--awb-bg-size:cover;width:75%;width:calc(75% - ( ( 4% ) * 0.75 ) );margin-right: 4%;\"><div class=\"fusion-column-wrapper fusion-column-has-shadow fusion-flex-column-wrapper-legacy\"><div class=\"fusion-title title fusion-title-1 fusion-sep-none fusion-title-center fusion-title-text fusion-title-size-one\" style=\"--awb-margin-top-small:0px;--awb-margin-right-small:0px;--awb-margin-bottom-small:20px;--awb-margin-left-small:0px;--awb-sep-color:#b39b00;\"><h1 class=\"fusion-title-heading title-heading-center\" style=\"margin:0;\"><p style=\"text-align: center\"><span style=\"color: #004b87\"><strong>R\u00e9gime d&rsquo;exon\u00e9ration des droits<br \/>\net taxes du carburant et huiles lubrifiantes\u00a0<\/strong><\/span><\/p><\/h1><\/div><div class=\"fusion-sep-clear\"><\/div><div class=\"fusion-separator\" style=\"margin-left: auto;margin-right: auto;margin-top:-15px;margin-bottom:40px;width:100%;max-width:100px;\"><div class=\"fusion-separator-border sep-single\" style=\"--awb-height:20px;--awb-amount:20px;border-color:#b39b00;border-top-width:5px;\"><\/div><\/div><div class=\"fusion-sep-clear\"><\/div><div class=\"fusion-sep-clear\"><\/div><div class=\"fusion-separator fusion-full-width-sep\" style=\"margin-left: auto;margin-right: auto;margin-top:30px;margin-bottom:30px;width:100%;\"><\/div><div class=\"fusion-sep-clear\"><\/div><div class=\"fusion-text fusion-text-1\"><p><span style=\"font-size: 14pt\"><strong><span style=\"color: #004b87\">La d\u00e9taxe du carburant de bord des navires arm\u00e9s au commerce<\/span><\/strong><\/span><\/p>\n<\/div><div class=\"fusion-sep-clear\"><\/div><div class=\"fusion-separator fusion-clearfix\" style=\"float:left;margin-top:-15px;margin-bottom:40px;width:100%;max-width:100px;\"><div class=\"fusion-separator-border sep-single\" style=\"--awb-height:20px;--awb-amount:20px;border-color:#b39b00;border-top-width:5px;\"><\/div><\/div><div class=\"fusion-sep-clear\"><\/div><div class=\"fusion-text fusion-text-2\"><p>La licence d\u2019exploitation permet \u00e0 son titulaire de percevoir diff\u00e9rentes aides de la puissance publique, notamment l\u2019exon\u00e9ration des droits et taxes du carburant de bord (commun\u00e9ment appel\u00e9e la d\u00e9taxe carburant).<\/p>\n<p>Tout armateur de navire de commerce assurant la desserte maritime inter-insulaire (titulaire d\u2019une licence d\u2019exploitation) et d\u00e9sirant b\u00e9n\u00e9ficier de carburant de bord et d\u2019huiles lubrifiantes d\u00e9tax\u00e9s devra en faire express\u00e9ment la demande aupr\u00e8s de la DPAM en remplissant le formulaire ci-dessous :<\/p>\n<\/div><div class=\"fusion-button-wrapper fusion-align-block\"><a class=\"fusion-button button-flat fusion-button-default-size button-custom fusion-button-default button-1 fusion-button-span-yes fusion-button-default-type\" style=\"--awb-margin-top:0px;--awb-margin-right:0px;--awb-margin-bottom:0px;--awb-margin-left:0px;--button_accent_color:#b39b00;--button_border_color:#b39b00;--button_accent_hover_color:#b39b00;--button_border_hover_color:#b39b00;--button_border_width-top:5px;--button_border_width-right:5px;--button_border_width-bottom:5px;--button_border_width-left:5px;--button_gradient_end:0%;--button_gradient_top_color:#ffffff;--button_gradient_bottom_color:#ffffff;--button_gradient_top_color_hover:#ffffff;--button_gradient_bottom_color_hover:#ffffff;\" target=\"_blank\" rel=\"noopener noreferrer\" href=\"https:\/\/www.service-public.pf\/dpam\/wp-content\/uploads\/sites\/20\/2024\/03\/Formulaire-dattribution-dhydrocarbure-detaxe-v2023.pdf\"><span class=\"fusion-button-text awb-button__text awb-button__text--default\">Cliquez ici pour t\u00e9l\u00e9charger le formulaire de demande d&rsquo;hydrocarbure d\u00e9tax\u00e9<\/span><\/a><\/div><div class=\"fusion-sep-clear\"><\/div><div class=\"fusion-separator fusion-full-width-sep\" style=\"margin-left: auto;margin-right: auto;margin-top:30px;margin-bottom:30px;width:100%;\"><\/div><div class=\"fusion-sep-clear\"><\/div><div class=\"fusion-text fusion-text-3\"><p><span style=\"font-size: 14pt\"><strong><span style=\"color: #004b87\">Consommation \u00e0 bord des navires<\/span><\/strong><\/span><\/p>\n<\/div><div class=\"fusion-sep-clear\"><\/div><div class=\"fusion-separator fusion-clearfix\" style=\"float:left;margin-top:-15px;margin-bottom:40px;width:100%;max-width:100px;\"><div class=\"fusion-separator-border sep-single\" style=\"--awb-height:20px;--awb-amount:20px;border-color:#b39b00;border-top-width:5px;\"><\/div><\/div><div class=\"fusion-sep-clear\"><\/div><div class=\"fusion-text fusion-text-4\"><p>Afin de permettre un meilleur suivi des quotas de carburant d\u00e9tax\u00e9 octroy\u00e9s, la fiche ci-dessous est \u00e0 remplir par les exploitants des navires et \u00e0 remettre \u00e0 la DPAM chaque ann\u00e9e.<\/p>\n<\/div><div class=\"fusion-button-wrapper fusion-align-block\"><a class=\"fusion-button button-flat fusion-button-default-size button-custom fusion-button-default button-2 fusion-button-span-yes fusion-button-default-type\" style=\"--awb-margin-top:0px;--awb-margin-right:0px;--awb-margin-bottom:0px;--awb-margin-left:0px;--button_accent_color:#b39b00;--button_border_color:#b39b00;--button_accent_hover_color:#b39b00;--button_border_hover_color:#b39b00;--button_border_width-top:5px;--button_border_width-right:5px;--button_border_width-bottom:5px;--button_border_width-left:5px;--button_gradient_end:0%;--button_gradient_top_color:#ffffff;--button_gradient_bottom_color:#ffffff;--button_gradient_top_color_hover:#ffffff;--button_gradient_bottom_color_hover:#ffffff;\" target=\"_blank\" rel=\"noopener noreferrer\" href=\"https:\/\/www.service-public.pf\/dpam\/wp-content\/uploads\/sites\/20\/2018\/04\/fiche_de_consommation_de_gazole.pdf\"><span class=\"fusion-button-text awb-button__text awb-button__text--default\">Cliquez ici pour t\u00e9l\u00e9charger la fiche de consommation de gazole<\/span><\/a><\/div><div class=\"fusion-sep-clear\"><\/div><div class=\"fusion-separator fusion-full-width-sep\" style=\"margin-left: auto;margin-right: auto;margin-top:30px;margin-bottom:30px;width:100%;\"><\/div><div class=\"fusion-sep-clear\"><\/div><div class=\"fusion-text fusion-text-5\"><p><span style=\"font-size: 14pt\"><strong><span style=\"color: #004b87\">Traitement des huiles usag\u00e9es<\/span><\/strong><\/span><\/p>\n<\/div><div class=\"fusion-sep-clear\"><\/div><div class=\"fusion-separator fusion-clearfix\" style=\"float:left;margin-top:-15px;margin-bottom:40px;width:100%;max-width:100px;\"><div class=\"fusion-separator-border sep-single\" style=\"--awb-height:20px;--awb-amount:20px;border-color:#b39b00;border-top-width:5px;\"><\/div><\/div><div class=\"fusion-sep-clear\"><\/div><div class=\"fusion-text fusion-text-6\"><p>Dans un souci de pr\u00e9servation de l\u2019environnement, le Pays souhaite connaitre le processus de traitement des produits polluants dont les huiles lubrifiantes usag\u00e9es des navires arm\u00e9s au commerce.<\/p>\n<p>Afin de permettre un meilleur suivi du retraitement des huiles lubrifiantes usag\u00e9es, la fiche de suivi de ces op\u00e9rations ci-apr\u00e8s est \u00e0 remplir par les exploitants des navires et \u00e0 remettre \u00e0 la DPAM chaque semestre.<\/p>\n<\/div><div class=\"fusion-button-wrapper fusion-align-block\"><a class=\"fusion-button button-flat fusion-button-default-size button-custom fusion-button-default button-3 fusion-button-span-yes fusion-button-default-type\" style=\"--awb-margin-top:0px;--awb-margin-right:0px;--awb-margin-bottom:0px;--awb-margin-left:0px;--button_accent_color:#b39b00;--button_border_color:#b39b00;--button_accent_hover_color:#b39b00;--button_border_hover_color:#b39b00;--button_border_width-top:5px;--button_border_width-right:5px;--button_border_width-bottom:5px;--button_border_width-left:5px;--button_gradient_end:0%;--button_gradient_top_color:#ffffff;--button_gradient_bottom_color:#ffffff;--button_gradient_top_color_hover:#ffffff;--button_gradient_bottom_color_hover:#ffffff;\" target=\"_blank\" rel=\"noopener noreferrer\" href=\"https:\/\/www.service-public.pf\/dpam\/wp-content\/uploads\/sites\/20\/2018\/04\/fiche_de_consommation_et_retraitement_des_huiles_lubrifiantes.pdf\"><span class=\"fusion-button-text awb-button__text awb-button__text--default\">Cliquez ici pour t\u00e9l\u00e9charger la fiche de consommation et retraitement des huiles <\/span><\/a><\/div><div class=\"fusion-clearfix\"><\/div><\/div><\/div><div class=\"fusion-layout-column fusion_builder_column fusion-builder-column-1 fusion_builder_column_1_4 1_4 fusion-one-fourth fusion-column-last\" style=\"--awb-padding-right:10px;--awb-padding-bottom:70px;--awb-padding-left:10px;--awb-bg-color:#f5f5f5;--awb-bg-color-hover:#f5f5f5;--awb-bg-size:cover;width:25%;width:calc(25% - ( ( 4% ) * 0.25 ) );\"><div class=\"fusion-column-wrapper fusion-column-has-shadow fusion-flex-column-wrapper-legacy\"><div class=\"fusion-text fusion-text-7\" style=\"--awb-font-size:13px;--awb-margin-top:20px;--awb-margin-right:0px;--awb-margin-left:0px;\"><p style=\"text-align: center\"><span style=\"color: #004b87\"><span style=\"font-size: 13.3333px\"><b><br \/>\nCELLULE TRANSPORT<br \/>\nMARITIME INTERIEUR<\/b><\/span><\/span><\/p>\n<p style=\"text-align: center\"><span style=\"font-size: 10pt\"><strong><span style=\"color: #004b87\">HORAIRES<\/span><\/strong><\/span><\/p>\n<p style=\"text-align: center\"><span style=\"color: #004b87;font-size: 10pt\">7h30-13h00<\/span><br \/>\n<span style=\"color: #004b87;font-size: 10pt\">(sans RDV)<\/span><br \/>\n<span style=\"color: #004b87;font-size: 10pt\">13h00-15h30<\/span><br \/>\n<span style=\"color: #004b87;font-size: 10pt\">(uniquement sur RDV)<\/span><\/p>\n<p style=\"text-align: center\"><span style=\"font-size: 10pt\"><strong><span style=\"color: #004b87\">CONTACT<\/span><\/strong><\/span><\/p>\n<p style=\"text-align: center\"><span style=\"color: #004b87;font-size: 10pt\">T\u00e9l : 40.54.45.58<\/span><br \/>\n<a href=\"mailto:transport.dpam@administration.gov.pf\"><span style=\"font-size: 10pt\"><span style=\"color: #004b87\">transport.dpam@administr<\/span><span style=\"color: #004b87\">ation.gov.pf<\/span><\/span><\/a><\/p>\n<\/div><div class=\"fusion-button-wrapper fusion-aligncenter\"><a class=\"fusion-button button-flat fusion-button-default-size button-custom fusion-button-default button-4 fusion-button-default-span \" style=\"--button_accent_color:#ffffff;--button_accent_hover_color:#ffffff;--button_border_hover_color:#ffffff;--button_gradient_top_color:#004b8e;--button_gradient_bottom_color:#004b8e;--button_gradient_top_color_hover:#527496;--button_gradient_bottom_color_hover:#527496;\" target=\"_self\" href=\"https:\/\/rdv-pf.jefile.fr\/#\/embedded\/DPAM\/lines\/6a8de714-65b7-4e32-b53c-b7a906c9a019%20\"><span class=\"fusion-button-text awb-button__text awb-button__text--default\">CLIQUEZ ICI POUR PRENDRE RDV<\/span><\/a><\/div><div class=\"fusion-clearfix\"><\/div><\/div><\/div><\/div><\/div>\n","protected":false},"excerpt":{"rendered":"","protected":false},"author":275,"featured_media":0,"parent":0,"menu_order":0,"comment_status":"closed","ping_status":"closed","template":"","meta":{"_seopress_robots_primary_cat":"","_seopress_titles_title":"","_seopress_titles_desc":"La licence d\u2019exploitation permet \u00e0 son titulaire de percevoir diff\u00e9rentes aides de la puissance publique, notamment l\u2019exon\u00e9ration des droits et taxes du carburant de bord (commun\u00e9ment appel\u00e9e la d\u00e9taxe carburant).","_seopress_robots_index":"","footnotes":""},"class_list":["post-1138","page","type-page","status-publish","hentry"],"_links":{"self":[{"href":"https:\/\/www.service-public.pf\/dpam\/wp-json\/wp\/v2\/pages\/1138","targetHints":{"allow":["GET"]}}],"collection":[{"href":"https:\/\/www.service-public.pf\/dpam\/wp-json\/wp\/v2\/pages"}],"about":[{"href":"https:\/\/www.service-public.pf\/dpam\/wp-json\/wp\/v2\/types\/page"}],"author":[{"embeddable":true,"href":"https:\/\/www.service-public.pf\/dpam\/wp-json\/wp\/v2\/users\/275"}],"replies":[{"embeddable":true,"href":"https:\/\/www.service-public.pf\/dpam\/wp-json\/wp\/v2\/comments?post=1138"}],"version-history":[{"count":1,"href":"https:\/\/www.service-public.pf\/dpam\/wp-json\/wp\/v2\/pages\/1138\/revisions"}],"predecessor-version":[{"id":20144,"href":"https:\/\/www.service-public.pf\/dpam\/wp-json\/wp\/v2\/pages\/1138\/revisions\/20144"}],"wp:attachment":[{"href":"https:\/\/www.service-public.pf\/dpam\/wp-json\/wp\/v2\/media?parent=1138"}],"curies":[{"name":"wp","href":"https:\/\/api.w.org\/{rel}","templated":true}]}}