{"id":12710,"date":"2021-08-16T09:19:05","date_gmt":"2021-08-16T19:19:05","guid":{"rendered":"https:\/\/www.service-public.pf\/dpam\/?page_id=12710"},"modified":"2021-08-23T12:14:20","modified_gmt":"2021-08-23T22:14:20","slug":"bcpc-permis-mer-privee","status":"publish","type":"page","link":"https:\/\/www.service-public.pf\/dpam\/bcpc-permis-mer-privee\/","title":{"rendered":"BCPC ( Permis mer &#8211; Priv\u00e9e)"},"content":{"rendered":"<p><div class=\"fusion-fullwidth fullwidth-box fusion-builder-row-1 fusion-flex-container nonhundred-percent-fullwidth non-hundred-percent-height-scrolling\" style=\"--awb-border-radius-top-left:0px;--awb-border-radius-top-right:0px;--awb-border-radius-bottom-right:0px;--awb-border-radius-bottom-left:0px;--awb-flex-wrap:wrap;\" ><div class=\"fusion-builder-row fusion-row fusion-flex-align-items-flex-start fusion-flex-content-wrap\" style=\"max-width:1144px;margin-left: calc(-4% \/ 2 );margin-right: calc(-4% \/ 2 );\"><div class=\"fusion-layout-column fusion_builder_column fusion-builder-column-0 fusion_builder_column_1_1 1_1 fusion-flex-column\" style=\"--awb-bg-size:cover;--awb-width-large:100%;--awb-margin-top-large:0px;--awb-spacing-right-large:1.92%;--awb-margin-bottom-large:20px;--awb-spacing-left-large:1.92%;--awb-width-medium:100%;--awb-spacing-right-medium:1.92%;--awb-spacing-left-medium:1.92%;--awb-width-small:100%;--awb-spacing-right-small:1.92%;--awb-spacing-left-small:1.92%;\"><div class=\"fusion-column-wrapper fusion-flex-justify-content-flex-start fusion-content-layout-column\"><div class=\"fusion-title title fusion-title-1 fusion-sep-none fusion-title-text fusion-title-size-one title-blk\" style=\"--awb-margin-top-small:0px;--awb-margin-right-small:0px;--awb-margin-bottom-small:20px;--awb-margin-left-small:0px;\"><h1 class=\"fusion-title-heading title-heading-left\" style=\"margin:0;\"><p style=\"text-align: center\">BCPC \u2013 Brevet de Capitaine de P\u00eache C\u00f4ti\u00e8re<\/p><\/h1><\/div><\/div><\/div><\/div><\/div><div class=\"fusion-fullwidth fullwidth-box fusion-builder-row-2 nonhundred-percent-fullwidth non-hundred-percent-height-scrolling\" style=\"--awb-border-radius-top-left:0px;--awb-border-radius-top-right:0px;--awb-border-radius-bottom-right:0px;--awb-border-radius-bottom-left:0px;--awb-flex-wrap:wrap;\" ><div class=\"fusion-builder-row fusion-row\"><div class=\"fusion-layout-column fusion_builder_column fusion-builder-column-1 fusion_builder_column_1_1 1_1 fusion-one-full fusion-column-first fusion-column-last\" style=\"--awb-bg-size:cover;\"><div class=\"fusion-column-wrapper fusion-flex-column-wrapper-legacy\"><div class=\"fusion-text fusion-text-1\"><h2><span class=\"titre\">A quoi sert il\u00a0?<\/span><\/h2>\n<\/div><div class=\"fusion-text fusion-text-2\"><p>Le BCPC est un titre professionnel maritime requis pour le commandement de navire de p\u00eache qui effectue une navigation maritime professionnelle \u00e0 la p\u00eache c\u00f4ti\u00e8re.<\/p>\n<p>Ce titre est propre \u00e0 la Polyn\u00e9sie fran\u00e7aise et n\u2019est pas reconnu de facto en France m\u00e9tropolitaine. Une demande d\u2019\u00e9quivalence peut toutefois \u00eatre demand\u00e9.<\/p>\n<\/div><div class=\"fusion-text fusion-text-3\"><p><em><span style=\"color: #ff0000\"><u>R\u00e9f\u00e9rence r\u00e8glementaire<\/u><\/span> : Arr\u00eat\u00e9 n\u00b0578 CM du 4 avril 2014 relatif \u00e0 la formation et \u00e0 la d\u00e9livrance du brevet de capitaine de p\u00eache c\u00f4ti\u00e8re. <\/em>(<a href=\"https:\/\/www.service-public.pf\/dpam\/wp-content\/uploads\/sites\/20\/2018\/04\/arrete_578_cm_du_04.04.2014.pdf\">Consulter l&rsquo;Arr\u00eat\u00e9)<\/a><\/p>\n<\/div><div class=\"fusion-clearfix\"><\/div><\/div><\/div><div class=\"fusion-layout-column fusion_builder_column fusion-builder-column-2 fusion_builder_column_1_1 1_1 fusion-one-full fusion-column-first fusion-column-last\" style=\"--awb-bg-size:cover;\"><div class=\"fusion-column-wrapper fusion-flex-column-wrapper-legacy\"><div class=\"fusion-text fusion-text-4\"><h2>Que pouvez vous faire avec ce titre ?(pr\u00e9rogatives)<\/h2>\n<\/div><div class=\"fusion-text fusion-text-5\"><p>Le brevet de capitaine de p\u00eache c\u00f4ti\u00e8re conf\u00e8re \u00e0 son titulaire l\u2019aptitude et la qualification pour la conduite, \u00e0 titre professionnel, des navires de p\u00eache arm\u00e9s \u00e0 la p\u00eache c\u00f4ti\u00e8re.<\/p>\n<p>Ce titre permet \u00e0 son titulaire\u00a0:<\/p>\n<ul>\n<li>D\u2019\u00eatre capitaine sur des navires de p\u00eache arm\u00e9s \u00e0 la p\u00eache c\u00f4ti\u00e8re\u00a0;<\/li>\n<li>D\u2019\u00eatre second capitaine sur des navires arm\u00e9s \u00e0 la p\u00eache hauturi\u00e8re, sous r\u00e9serve de l\u2019obtention du module 3 \u00ab\u00a0conduite du navire avanc\u00e9e\u00a0\u00bb.<\/li>\n<\/ul>\n<\/div><div class=\"fusion-clearfix\"><\/div><\/div><\/div><\/div><\/div><div class=\"fusion-fullwidth fullwidth-box fusion-builder-row-3 nonhundred-percent-fullwidth non-hundred-percent-height-scrolling\" style=\"--awb-border-radius-top-left:0px;--awb-border-radius-top-right:0px;--awb-border-radius-bottom-right:0px;--awb-border-radius-bottom-left:0px;--awb-flex-wrap:wrap;\" ><div class=\"fusion-builder-row fusion-row\"><div class=\"fusion-layout-column fusion_builder_column fusion-builder-column-3 fusion_builder_column_1_1 1_1 fusion-one-full fusion-column-first fusion-column-last\" style=\"--awb-bg-size:cover;\"><div class=\"fusion-column-wrapper fusion-flex-column-wrapper-legacy\"><div class=\"fusion-text fusion-text-6\"><h1><span style=\"font-size: 24pt\">Conditions d&rsquo;admission \u00e0 la formation<br \/>\n<\/span><\/h1>\n<p>Pour \u00eatre admis \u00e0 la formation conduisant \u00e0 la d\u00e9livrance du brevet de capitaine de p\u00eache c\u00f4ti\u00e8re, les candidats doivent\u00a0:<\/p>\n<ul>\n<li>\u00catre titulaires du CPLPCM \u2013 certificat de patron lagonaire p\u00eache et cultures marines et avoir effectu\u00e9 en cette qualit\u00e9 une <strong>navigation effective \u00e0 la p\u00eache d\u2019une dur\u00e9e de 12 mois au moins, accomplis apr\u00e8s \u00e0 la d\u00e9livrance du titre<\/strong><\/li>\n<\/ul>\n<ul>\n<li><strong><u>Ou<\/u><\/strong> \u00eatre titulaires du certificat de marin de quart \u00e0 la passerelle et avoir effectu\u00e9 en cette qualit\u00e9 une <strong>navigation effective \u00e0 la p\u00eache d\u2019une dur\u00e9e de 12 mois au moins, accomplis apr\u00e8s \u00e0 la d\u00e9livrance du titre<\/strong><\/li>\n<\/ul>\n<ul>\n<li><strong><u>Ou<\/u><\/strong> justifier d\u2019une inscription en classe de terminale ou d\u2019une derni\u00e8re ann\u00e9e de formation conduisant \u00e0 un dipl\u00f4me reconnu de m\u00eame niveau (niveau IV), sans obligatoirement \u00eatre titulaire de ce dipl\u00f4me et justifier avoir effectu\u00e9 45 jours de mer effectifs, soit le cumul de 3 campagnes de p\u00eache sur un thonier ou 45 jours cons\u00e9cutifs sur un navire arm\u00e9 \u00e0 la p\u00eache c\u00f4ti\u00e8re, attest\u00e9es par le capitaine, sachant qu\u2019une campagne de p\u00eache de 15 jours doit \u00eatre r\u00e9alis\u00e9e en tout d\u00e9but de formation.<\/li>\n<\/ul>\n<p><em><span style=\"color: #ff0000\"><u>R\u00e9f\u00e9rence r\u00e8glementaire<\/u><\/span>\u00a0: Arr\u00eat\u00e9 n\u00b0515 CM du 3 avril portant modification de l\u2019arr\u00eat\u00e9 578 CM du 4 avril 2014 relatif \u00e0 la formation et \u00e0 la d\u00e9livrance du brevet de capitaine de p\u00eache c\u00f4ti\u00e8re. <\/em><a href=\"https:\/\/www.service-public.pf\/dpam\/wp-content\/uploads\/sites\/20\/2021\/08\/Arrete-n\u00b0-515-CM-du-03_04_2018.pdf\">(lien vers arr\u00eat\u00e9)<\/a><\/p>\n<\/div><div class=\"fusion-clearfix\"><\/div><\/div><\/div><\/div><\/div><div class=\"fusion-fullwidth fullwidth-box fusion-builder-row-4 fusion-flex-container nonhundred-percent-fullwidth non-hundred-percent-height-scrolling\" style=\"--awb-border-radius-top-left:0px;--awb-border-radius-top-right:0px;--awb-border-radius-bottom-right:0px;--awb-border-radius-bottom-left:0px;--awb-flex-wrap:wrap;\" ><div class=\"fusion-builder-row fusion-row fusion-flex-align-items-flex-start fusion-flex-content-wrap\" style=\"max-width:1144px;margin-left: calc(-4% \/ 2 );margin-right: calc(-4% \/ 2 );\"><div class=\"fusion-layout-column fusion_builder_column fusion-builder-column-4 fusion_builder_column_1_1 1_1 fusion-flex-column\" style=\"--awb-bg-size:cover;--awb-width-large:100%;--awb-margin-top-large:0px;--awb-spacing-right-large:1.92%;--awb-margin-bottom-large:20px;--awb-spacing-left-large:1.92%;--awb-width-medium:100%;--awb-spacing-right-medium:1.92%;--awb-spacing-left-medium:1.92%;--awb-width-small:100%;--awb-spacing-right-small:1.92%;--awb-spacing-left-small:1.92%;\"><div class=\"fusion-column-wrapper fusion-flex-justify-content-flex-start fusion-content-layout-column\"><div class=\"fusion-text fusion-text-7\"><h1><span style=\"font-size: 24pt\">Conditions d&rsquo;obtention<\/span><\/h1>\n<p>Ce titre est d\u00e9livr\u00e9 aux personnes \u00e2g\u00e9es de 18 ans r\u00e9volus qui doivent avoir valid\u00e9 les enseignements du <strong>module 1 \u2013 s\u00e9curit\u00e9<\/strong>&#8211; et en particulier de <strong>l\u2019Enseignement M\u00e9dical de niveau 1<\/strong> (EM1) et du <strong>module 3 \u2013 Conduite du navire avanc\u00e9e (simulateur radar APRA)<\/strong> avec un organisme de formation agr\u00e9\u00e9.<\/p>\n<p>Les candidats doivent ensuite valider les examens des modules 2, 4, 5 et 6 qui sont organis\u00e9s par la DPAM.<\/p>\n<p>Les candidats doivent \u00e9galement fournir le <strong>Certificat Restreint d\u2019Op\u00e9rateur<\/strong> (<strong>CRO<\/strong>) du Syst\u00e8me Mondial de S\u00e9curit\u00e9 en Mer (SMDSM).<\/p>\n<\/div><\/div><\/div><\/div><\/div><div class=\"fusion-fullwidth fullwidth-box fusion-builder-row-5 nonhundred-percent-fullwidth non-hundred-percent-height-scrolling\" style=\"--awb-border-radius-top-left:0px;--awb-border-radius-top-right:0px;--awb-border-radius-bottom-right:0px;--awb-border-radius-bottom-left:0px;--awb-flex-wrap:wrap;\" ><div class=\"fusion-builder-row fusion-row\"><div class=\"fusion-layout-column fusion_builder_column fusion-builder-column-5 fusion_builder_column_1_1 1_1 fusion-one-full fusion-column-first fusion-column-last\" style=\"--awb-bg-size:cover;\"><div class=\"fusion-column-wrapper fusion-column-has-shadow fusion-flex-column-wrapper-legacy\"><div class=\"fusion-text fusion-text-8\"><h1>R\u00e9f\u00e9rentiel de formation<\/h1>\n<p><a href=\"https:\/\/www.service-public.pf\/dpam\/wp-content\/uploads\/sites\/20\/2021\/08\/1-CINPCM.pdf\"><strong>Consulter la notice<\/strong><\/a><\/p>\n<\/div><div class=\"fusion-clearfix\"><\/div><\/div><\/div><div class=\"fusion-layout-column fusion_builder_column fusion-builder-column-6 fusion_builder_column_1_1 1_1 fusion-one-full fusion-column-first fusion-column-last\" style=\"--awb-bg-size:cover;\"><div class=\"fusion-column-wrapper fusion-column-has-shadow fusion-flex-column-wrapper-legacy\"><div class=\"fusion-text fusion-text-9\"><p><strong><span style=\"font-size: 18pt\">MODULE 1 : <\/span><\/strong><em><span style=\"font-size: 18pt\">S\u00e9curit\u00e9 (75h)<br \/>\n<\/span><\/em><\/p>\n<ul>\n<li>1.1. Techniques individuelles de survie (15h)<\/li>\n<li>1.2 Pr\u00e9vention et lutte contre l\u2019incendie (18h)<\/li>\n<li>1.3 S\u00e9curit\u00e9 individuelle et responsabilit\u00e9s sociales (6h)<\/li>\n<li>1.4 Enseignement m\u00e9dical de niveau 1 ou \u00e9quivalent (12h)<\/li>\n<li>1.5 S\u00e9curit\u00e9 \u00e0 bord des navires de passagers (16h)<\/li>\n<li>1.6 Gestion des situations de crise et de comportement humain (8h)<\/li>\n<\/ul>\n<\/div><div class=\"fusion-clearfix\"><\/div><\/div><\/div><div class=\"fusion-layout-column fusion_builder_column fusion-builder-column-7 fusion_builder_column_1_1 1_1 fusion-one-full fusion-column-first fusion-column-last\" style=\"--awb-bg-size:cover;\"><div class=\"fusion-column-wrapper fusion-column-has-shadow fusion-flex-column-wrapper-legacy\"><div class=\"fusion-text fusion-text-10\"><p><strong><span style=\"font-size: 18pt\">MODULE 2: <\/span><\/strong><span style=\"font-size: 18pt\"><em>Conduite du navire \u00e9l\u00e9mentaire (144h)<\/em><\/span><\/p>\n<ul>\n<li>2.1 R\u00e8gles de barre, feux, balisage, signaux (36h)<\/li>\n<li>2.2 Navigation et cartes marines (72h)<\/li>\n<li>2.3 M\u00e9t\u00e9orologie r\u00e9gionale (12h)<\/li>\n<li>2.4 Man\u0153uvre et matelotage (24h)<\/li>\n<\/ul>\n<\/div><div class=\"fusion-clearfix\"><\/div><\/div><\/div><div class=\"fusion-layout-column fusion_builder_column fusion-builder-column-8 fusion_builder_column_1_1 1_1 fusion-one-full fusion-column-first fusion-column-last\" style=\"--awb-bg-size:cover;\"><div class=\"fusion-column-wrapper fusion-column-has-shadow fusion-flex-column-wrapper-legacy\"><div class=\"fusion-text fusion-text-11\"><p><span style=\"font-size: 18pt\"><strong>MODULE 3 :<\/strong><em> Conduite du navire avanc\u00e9 (78h)<\/em><\/span><\/p>\n<ul>\n<li>3.1 Simulateur de radar APRA (36h)<\/li>\n<li>3.2 Anglais maritime (42h)<\/li>\n<\/ul>\n<\/div><div class=\"fusion-clearfix\"><\/div><\/div><\/div><div class=\"fusion-layout-column fusion_builder_column fusion-builder-column-9 fusion_builder_column_1_1 1_1 fusion-one-full fusion-column-first fusion-column-last\" style=\"--awb-bg-size:cover;\"><div class=\"fusion-column-wrapper fusion-column-has-shadow fusion-flex-column-wrapper-legacy\"><div class=\"fusion-text fusion-text-12\"><p><span style=\"font-size: 18pt\"><strong>MODULE 4 : <\/strong><em>Conduite et maintenance des machines (84h)<\/em><\/span><\/p>\n<ul>\n<li>4.1 Description et conduite des moteurs auxiliaires (42h)<\/li>\n<li>4.2 Conduite et maintenance de l\u2019installation \u00e9lectrique (24h)<\/li>\n<li>4.3 Maintenance des installations techniques (18h)<\/li>\n<\/ul>\n<\/div><div class=\"fusion-clearfix\"><\/div><\/div><\/div><div class=\"fusion-layout-column fusion_builder_column fusion-builder-column-10 fusion_builder_column_1_1 1_1 fusion-one-full fusion-column-first fusion-column-last\" style=\"--awb-bg-size:cover;\"><div class=\"fusion-column-wrapper fusion-column-has-shadow fusion-flex-column-wrapper-legacy\"><div class=\"fusion-text fusion-text-13\"><p><span style=\"font-size: 18pt\"><strong>MODULE 5 : <\/strong><em>Contr\u00f4le de l&rsquo;exploitation du navire (58h)<\/em><\/span><\/p>\n<ul>\n<li>5.1 Description du navire, stabilit\u00e9, s\u00e9curit\u00e9, pollution (26h)<\/li>\n<li>5.2 Environnement r\u00e9glementaire (32h)<\/li>\n<\/ul>\n<\/div><div class=\"fusion-clearfix\"><\/div><\/div><\/div><div class=\"fusion-layout-column fusion_builder_column fusion-builder-column-11 fusion_builder_column_1_1 1_1 fusion-one-full fusion-column-first fusion-column-last\" style=\"--awb-bg-size:cover;\"><div class=\"fusion-column-wrapper fusion-column-has-shadow fusion-flex-column-wrapper-legacy\"><div class=\"fusion-text fusion-text-14\"><p><span style=\"font-size: 18pt\"><strong>MODULE 6 : <\/strong><em>P\u00eache (52h)<\/em><\/span><\/p>\n<ul>\n<li>6.1 Techniques de p\u00eache et conservation des captures (18h)<\/li>\n<li>6.2 R\u00e9glementation des p\u00eaches (18h)<\/li>\n<li>6.3 Gestion d\u2019un navire de p\u00eache artisanal (16h)<\/li>\n<\/ul>\n<\/div><div class=\"fusion-clearfix\"><\/div><\/div><\/div><\/div><\/div><div class=\"fusion-fullwidth fullwidth-box fusion-builder-row-6 nonhundred-percent-fullwidth non-hundred-percent-height-scrolling\" style=\"--awb-border-radius-top-left:0px;--awb-border-radius-top-right:0px;--awb-border-radius-bottom-right:0px;--awb-border-radius-bottom-left:0px;--awb-flex-wrap:wrap;\" ><div class=\"fusion-builder-row fusion-row\"><div class=\"fusion-layout-column fusion_builder_column fusion-builder-column-12 fusion_builder_column_1_1 1_1 fusion-one-full fusion-column-first fusion-column-last\" style=\"--awb-bg-size:cover;\"><div class=\"fusion-column-wrapper fusion-column-has-shadow fusion-flex-column-wrapper-legacy\"><div class=\"fusion-text fusion-text-15\"><h1>Inscription aux examens<\/h1>\n<\/div><div class=\"fusion-text fusion-text-16\"><p>L\u2019inscription aux examens doit \u00eatre formul\u00e9e aupr\u00e8s de la DPAM au moins 30 jours avant le d\u00e9but des \u00e9preuves. La demande doit comprendre\u00a0:<\/p>\n<ul>\n<li>Une demande d\u2019inscription \u00e0 l\u2019examen concourant \u00e0 l\u2019obtention du brevet de capitaine de p\u00eache c\u00f4ti\u00e8re, conforme \u00e0 un formulaire type et d\u00fbment compl\u00e9t\u00e9;<strong><a href=\"https:\/\/www.service-public.pf\/dpam\/wp-content\/uploads\/sites\/20\/2021\/06\/Formulaire-CPL.pdf\">(Formulaire \u00e0 t\u00e9l\u00e9charger ici)<\/a><\/strong><\/li>\n<\/ul>\n<ul>\n<li>L\u2019attestation de suivi de la formation au module 1 (la pr\u00e9sentation des originaux peut \u00eatre exig\u00e9e);<\/li>\n<\/ul>\n<ul>\n<li>De la d\u00e9tention du <strong>Certificat<\/strong><strong> Restreint d\u2019Op\u00e9rateur<\/strong> (<strong>CRO<\/strong>) ou d\u2019un certificat d\u2019op\u00e9rateur des radiocommunications d\u2019un niveau reconnu \u00e9quivalent ou sup\u00e9rieur (la pr\u00e9sentation de l\u2019original peut \u00eatre exig\u00e9e)\u00a0;<\/li>\n<\/ul>\n<ul>\n<li>Un certificat m\u00e9dical conforme \u00e0 un mod\u00e8le d\u00e9fini par l\u2019administration comp\u00e9tente, datant de moins de six mois \u00e0 la date du d\u00e9p\u00f4t de la demande, portant mention de l\u2019aptitude du candidat pour le service en mer, d\u00e9livr\u00e9 par un m\u00e9decin qualifi\u00e9 au regard de la r\u00e9glementation en vigueur \u00e0 ce titre ; <a href=\"https:\/\/www.service-public.pf\/dpam\/wp-content\/uploads\/sites\/20\/2020\/12\/CM-permis-plaisance-version-02.12.2020.pdf\"><strong>(Certificat d&rsquo;aptitude physique \u00e0 t\u00e9l\u00e9charger ici)<\/strong><\/a><\/li>\n<\/ul>\n<ul>\n<li>Un extrait de casier judiciaire, bulletin n\u00b03, datant de moins de 3 mois.<\/li>\n<\/ul>\n<ul>\n<li>Une attestation de natation de cinquante m\u00e8tres, d\u00e9part plong\u00e9, d\u00e9livr\u00e9 par un ma\u00eetre-nageur sauveteur ou un professeur d\u2019\u00e9ducation physique et sportive ou un titulaire du brevet d\u2019\u00c9tat d\u2019\u00e9ducateur sportif, option Plong\u00e9e subaquatique recycl\u00e9<\/li>\n<\/ul>\n<ul>\n<li>Une photocopie d\u2019une pi\u00e8ce d\u2019identit\u00e9 du demandeur (carte d\u2019identit\u00e9, passeport, permis de conduire) ;<\/li>\n<\/ul>\n<ul>\n<li>Deux photographies d\u2019identit\u00e9 r\u00e9centes et identiques ;<\/li>\n<\/ul>\n<p><strong>Retrait et d\u00e9p\u00f4t des dossiers d&rsquo;inscription aupr\u00e8s de la DPAM \u2013 Cellule Examens et gestion des marins\u00a0<\/strong>ou par mail \u00e0 <strong>formation.dpam@maritime.gov.pf<\/strong><\/p>\n<\/div><div class=\"fusion-clearfix\"><\/div><\/div><\/div><\/div><\/div><div class=\"fusion-fullwidth fullwidth-box fusion-builder-row-7 fusion-flex-container nonhundred-percent-fullwidth non-hundred-percent-height-scrolling\" style=\"--awb-border-radius-top-left:0px;--awb-border-radius-top-right:0px;--awb-border-radius-bottom-right:0px;--awb-border-radius-bottom-left:0px;--awb-flex-wrap:wrap;\" ><div class=\"fusion-builder-row fusion-row fusion-flex-align-items-flex-start fusion-flex-content-wrap\" style=\"max-width:1144px;margin-left: calc(-4% \/ 2 );margin-right: calc(-4% \/ 2 );\"><div class=\"fusion-layout-column fusion_builder_column fusion-builder-column-13 fusion_builder_column_1_1 1_1 fusion-flex-column\" style=\"--awb-bg-size:cover;--awb-width-large:100%;--awb-margin-top-large:0px;--awb-spacing-right-large:1.92%;--awb-margin-bottom-large:20px;--awb-spacing-left-large:1.92%;--awb-width-medium:100%;--awb-order-medium:0;--awb-spacing-right-medium:1.92%;--awb-spacing-left-medium:1.92%;--awb-width-small:100%;--awb-order-small:0;--awb-spacing-right-small:1.92%;--awb-spacing-left-small:1.92%;\"><div class=\"fusion-column-wrapper fusion-column-has-shadow fusion-flex-justify-content-flex-start fusion-content-layout-column\"><div class=\"fusion-text fusion-text-17\"><h1>\u00c9preuves<\/h1>\n<\/div><div class=\"fusion-text fusion-text-18\"><p>Le module 1 du r\u00e9f\u00e9rentiel de formation doivent \u00eatre valid\u00e9s par le contr\u00f4le continue en cours de formation. Le module 3 \u00ab\u00a0Simulateur de radar APRA\u00a0\u00bb est \u00e9galement valid\u00e9 par l\u2019organisme de formation.<\/p>\n<p>Les modules 2, 4, 5 et 6, du r\u00e9f\u00e9rentiel de formation sont soumis \u00e0 examen organis\u00e9s par la DPAM\u00a0:<\/p>\n<p><strong>Module 2\u00a0: CONDUITE DU NAVIRE ELEMENTAIRE <\/strong><\/p>\n<ul>\n<li>1 R\u00e8gles de barre, feux, balisage, signaux\u00a0: \u00e9preuve \u00e9crite de 30 minutes (pas de coefficient, c\u2019est un test probatoire \u00e0 valider avec une note &gt;=10\/20)<\/li>\n<li>2 Navigation et cartes marines\u00a0: \u00e9preuve \u00e9crite de 1h30 (coefficient 3, note \u00e9liminatoire si &lt; 10\/20)<\/li>\n<li>3 M\u00e9t\u00e9orologie r\u00e9gionale : \u00e9preuve orale de 30 minutes (coefficient 3, note \u00e9liminatoire si &lt; 7\/20)<\/li>\n<li>4 Man\u0153uvre et matelotage : \u00e9preuve pratique de 1 heure (coefficient 4, note \u00e9liminatoire si &lt; 7\/20)<\/li>\n<\/ul>\n<p><strong>Module 4\u00a0: CONDUITE ET MAINTENANCE DES MACHINES<\/strong><\/p>\n<ul>\n<li>1 Compte rendu d\u2019incident technique\u00a0: \u00e9preuve \u00e9crite de 1h30 (coefficient 1, note \u00e9liminatoire si &lt; 7\/20)<\/li>\n<li>2 Machines marines et auxiliaires\u00a0: \u00e9preuve pratique de 30 minutes (coefficient 2, note \u00e9liminatoire si &lt; 7\/20)<\/li>\n<li>3 Electricit\u00e9\u00a0: \u00e9preuve pratique de 30 minutes (coefficient 2, note \u00e9liminatoire si &lt; 7\/20)<\/li>\n<\/ul>\n<p><strong>Module 5\u00a0: CONTR\u00d4LE DE L\u2019EXPLOITATION DU NAVIRE<\/strong><\/p>\n<ul>\n<li>1 Rapport de mer\u00a0: \u00e9preuve \u00e9crite de 1h30 (coefficient 2, note \u00e9liminatoire si &lt; 7\/20)<\/li>\n<li>2 Description et entretien du navire \u2013 stabilit\u00e9, s\u00e9curit\u00e9, pollution\u00a0: \u00e9preuve orale de 30 minutes (coefficient 2, note \u00e9liminatoire si &lt; 7\/20)<\/li>\n<li>3 R\u00e9glementation\u00a0: \u00e9preuve orale de 30 minutes (coefficient 1, note \u00e9liminatoire si &lt; 7\/20)<\/li>\n<\/ul>\n<p><strong>Module 6\u00a0: P\u00caCHE<\/strong><\/p>\n<ul>\n<li>1 R\u00e9glementation des p\u00eaches maritimes et gestion d\u2019une entreprise artisanale\u00a0: \u00e9preuve \u00e9crite de 1h30 (coefficient 1, note \u00e9liminatoire si &lt; 7\/20)<\/li>\n<li>2 Techniques de p\u00eache et conservation des captures\u00a0: \u00e9preuve orale de 30 minutes (coefficient 1, note \u00e9liminatoire si &lt; 7\/20)<\/li>\n<\/ul>\n<p>Toute absence d\u2019un candidat \u00e0 une des \u00e9preuves d\u2019examen est \u00e9liminatoire.<\/p>\n<p>Pour valider l\u2019examen, le candidat doit valider chaque module. Il ne doit pas avoir obtenu de note \u00e9liminatoire et doit obtenir une moyenne de 10\/20 sur l\u2019ensemble du module. Un module acquis reste valable pendant 5 ann\u00e9es.<\/p>\n<\/div><\/div><\/div><\/div><\/div><div class=\"fusion-fullwidth fullwidth-box fusion-builder-row-8 fusion-flex-container nonhundred-percent-fullwidth non-hundred-percent-height-scrolling\" style=\"--awb-border-radius-top-left:0px;--awb-border-radius-top-right:0px;--awb-border-radius-bottom-right:0px;--awb-border-radius-bottom-left:0px;--awb-flex-wrap:wrap;\" ><div class=\"fusion-builder-row fusion-row fusion-flex-align-items-flex-start fusion-flex-content-wrap\" style=\"max-width:1144px;margin-left: calc(-4% \/ 2 );margin-right: calc(-4% \/ 2 );\"><div class=\"fusion-layout-column fusion_builder_column fusion-builder-column-14 fusion_builder_column_1_1 1_1 fusion-flex-column\" style=\"--awb-bg-size:cover;--awb-width-large:100%;--awb-margin-top-large:0px;--awb-spacing-right-large:1.92%;--awb-margin-bottom-large:20px;--awb-spacing-left-large:1.92%;--awb-width-medium:100%;--awb-order-medium:0;--awb-spacing-right-medium:1.92%;--awb-spacing-left-medium:1.92%;--awb-width-small:100%;--awb-order-small:0;--awb-spacing-right-small:1.92%;--awb-spacing-left-small:1.92%;\"><div class=\"fusion-column-wrapper fusion-column-has-shadow fusion-flex-justify-content-flex-start fusion-content-layout-column\"><div class=\"fusion-text fusion-text-19\"><h1>D\u00e9livrance du titre<\/h1>\n<\/div><div class=\"fusion-text fusion-text-20\"><p>Le brevet de capitaine de p\u00eache c\u00f4ti\u00e8re est d\u00e9livr\u00e9 par le ministre en charge des affaires maritimes conform\u00e9ment aux d\u00e9cisions de la commission d\u2019examen comp\u00e9tente pr\u00e9vue par la r\u00e9glementation en vigueur.<\/p>\n<\/div><\/div><\/div><\/div><\/div><div class=\"fusion-fullwidth fullwidth-box fusion-builder-row-9 fusion-flex-container nonhundred-percent-fullwidth non-hundred-percent-height-scrolling\" style=\"--awb-border-radius-top-left:0px;--awb-border-radius-top-right:0px;--awb-border-radius-bottom-right:0px;--awb-border-radius-bottom-left:0px;--awb-flex-wrap:wrap;\" ><div class=\"fusion-builder-row fusion-row fusion-flex-align-items-flex-start fusion-flex-content-wrap\" style=\"max-width:1144px;margin-left: calc(-4% \/ 2 );margin-right: calc(-4% \/ 2 );\"><div class=\"fusion-layout-column fusion_builder_column fusion-builder-column-15 fusion_builder_column_1_1 1_1 fusion-flex-column\" style=\"--awb-bg-size:cover;--awb-width-large:100%;--awb-margin-top-large:0px;--awb-spacing-right-large:1.92%;--awb-margin-bottom-large:20px;--awb-spacing-left-large:1.92%;--awb-width-medium:100%;--awb-order-medium:0;--awb-spacing-right-medium:1.92%;--awb-spacing-left-medium:1.92%;--awb-width-small:100%;--awb-order-small:0;--awb-spacing-right-small:1.92%;--awb-spacing-left-small:1.92%;\"><div class=\"fusion-column-wrapper fusion-column-has-shadow fusion-flex-justify-content-flex-start fusion-content-layout-column\"><div class=\"fusion-text fusion-text-21\"><h1>Renouvellement<\/h1>\n<\/div><div class=\"fusion-text fusion-text-22\"><p>Ce titre est renouvel\u00e9 par la DPAM tous les cinq (5) ans sur pr\u00e9sentation\u00a0:<\/p>\n<ul>\n<li>de l\u2019attestation de recyclage de <strong>l\u2019enseignement m\u00e9dical de niveau 1 (EM1) <\/strong><\/li>\n<\/ul>\n<ul>\n<li>de l\u2019attestation de recyclage du <strong>Certificat Restreint d\u2019Op\u00e9rateur (CRO)<\/strong><\/li>\n<\/ul>\n<p><strong>\u00a0<\/strong><\/p>\n<\/div><\/div><\/div><\/div><\/div><\/p>\n","protected":false},"excerpt":{"rendered":"","protected":false},"author":141,"featured_media":0,"parent":0,"menu_order":0,"comment_status":"closed","ping_status":"closed","template":"","meta":{"_seopress_robots_primary_cat":"","_seopress_titles_title":"","_seopress_titles_desc":"Le brevet de capitaine de p\u00eache c\u00f4ti\u00e8re est un titre professionnel maritime requis pour le commandement de navire de p\u00eache qui effectue une navigation maritime professionnelle \u00e0 la p\u00eache c\u00f4ti\u00e8re.","_seopress_robots_index":"","footnotes":""},"class_list":["post-12710","page","type-page","status-publish","hentry"],"_links":{"self":[{"href":"https:\/\/www.service-public.pf\/dpam\/wp-json\/wp\/v2\/pages\/12710","targetHints":{"allow":["GET"]}}],"collection":[{"href":"https:\/\/www.service-public.pf\/dpam\/wp-json\/wp\/v2\/pages"}],"about":[{"href":"https:\/\/www.service-public.pf\/dpam\/wp-json\/wp\/v2\/types\/page"}],"author":[{"embeddable":true,"href":"https:\/\/www.service-public.pf\/dpam\/wp-json\/wp\/v2\/users\/141"}],"replies":[{"embeddable":true,"href":"https:\/\/www.service-public.pf\/dpam\/wp-json\/wp\/v2\/comments?post=12710"}],"version-history":[{"count":0,"href":"https:\/\/www.service-public.pf\/dpam\/wp-json\/wp\/v2\/pages\/12710\/revisions"}],"wp:attachment":[{"href":"https:\/\/www.service-public.pf\/dpam\/wp-json\/wp\/v2\/media?parent=12710"}],"curies":[{"name":"wp","href":"https:\/\/api.w.org\/{rel}","templated":true}]}}