{"id":1482,"date":"2018-04-23T23:31:25","date_gmt":"2018-04-23T21:31:25","guid":{"rendered":"https:\/\/www.service-public.pf\/dpam\/?page_id=1482"},"modified":"2025-03-28T11:34:10","modified_gmt":"2025-03-28T21:34:10","slug":"immatriculation-dun-vnm","status":"publish","type":"page","link":"https:\/\/www.service-public.pf\/dpam\/immatriculation-dun-vnm\/","title":{"rendered":"J&rsquo;immatricule mon VNM (Jet-ski)"},"content":{"rendered":"<p><div class=\"fusion-fullwidth fullwidth-box fusion-builder-row-1 nonhundred-percent-fullwidth non-hundred-percent-height-scrolling\" style=\"--awb-border-radius-top-left:0px;--awb-border-radius-top-right:0px;--awb-border-radius-bottom-right:0px;--awb-border-radius-bottom-left:0px;--awb-flex-wrap:wrap;\" ><div class=\"fusion-builder-row fusion-row\"><div class=\"fusion-layout-column fusion_builder_column fusion-builder-column-0 fusion_builder_column_3_4 3_4 fusion-three-fourth fusion-column-first\" style=\"--awb-bg-size:cover;width:75%;width:calc(75% - ( ( 4% ) * 0.75 ) );margin-right: 4%;\"><div class=\"fusion-column-wrapper fusion-column-has-shadow fusion-flex-column-wrapper-legacy\"><div class=\"fusion-title title fusion-title-1 fusion-sep-none fusion-title-center fusion-title-text fusion-title-size-one\" style=\"--awb-margin-top-small:0px;--awb-margin-right-small:0px;--awb-margin-bottom-small:20px;--awb-margin-left-small:0px;--awb-sep-color:#b39b00;\"><h1 class=\"fusion-title-heading title-heading-center\" style=\"margin:0;\"><span style=\"color: #004b87\"><strong>Immatriculer un VNM ou jet-ski<\/strong><\/span><\/h1><\/div><div class=\"fusion-sep-clear\"><\/div><div class=\"fusion-separator\" style=\"margin-left: auto;margin-right: auto;margin-top:-15px;margin-bottom:40px;width:100%;max-width:100px;\"><div class=\"fusion-separator-border sep-single\" style=\"--awb-height:20px;--awb-amount:20px;border-color:#b39b00;border-top-width:5px;\"><\/div><\/div><div class=\"fusion-sep-clear\"><\/div><div class=\"fusion-text fusion-text-1\"><p>Tout v\u00e9hicule nautique \u00e0 moteur (VNM) de plaisance ou professionnel circulant dans les eaux polyn\u00e9siennes doit \u00eatre\u00a0<strong>obligatoirement immatricul\u00e9<\/strong>, \u00e0 l\u2019exception des engins de plage qui sont des embarcations dont la puissance motrice maximale ne d\u00e9passe pas 3 kW (soit 4 CV) et dont la longueur de coque est inf\u00e9rieur \u00e0 2.50 m.<\/p>\n<p>L\u2019immatriculation d\u2019un VNM consiste \u00e0 lui\u00a0<strong>attribuer un num\u00e9ro d\u2019immatriculation<\/strong>.<\/p>\n<p>Le num\u00e9ro d\u2019immatriculation est compos\u00e9 des initiales du quartier maritime (PY pour la Polyn\u00e9sie fran\u00e7aise) suivi d\u2019un num\u00e9ro.<\/p>\n<\/div><div class=\"fusion-sep-clear\"><\/div><div class=\"fusion-separator fusion-full-width-sep\" style=\"margin-left: auto;margin-right: auto;margin-top:10px;margin-bottom:10px;width:100%;\"><\/div><div class=\"fusion-sep-clear\"><\/div><div class=\"fusion-text fusion-text-2\"><p><span style=\"font-size: 14pt\"><strong><span style=\"color: #004b87\">Immatriculer son VNM<\/span><\/strong><\/span><\/p>\n<\/div><div class=\"fusion-sep-clear\"><\/div><div class=\"fusion-separator fusion-clearfix\" style=\"float:left;margin-top:-15px;margin-bottom:40px;width:100%;max-width:100px;\"><div class=\"fusion-separator-border sep-single\" style=\"--awb-height:20px;--awb-amount:20px;border-color:#b39b00;border-top-width:5px;\"><\/div><\/div><div class=\"fusion-sep-clear\"><\/div><div class=\"fusion-text fusion-text-3\"><p><span style=\"color: #000000\">Pour pouvoir b\u00e9n\u00e9ficier d&rsquo;une immatriculation, il faut que vous puissiez satisfaire plusieurs crit\u00e8res :<\/span><\/p>\n<\/div><div class=\"fusion-clearfix\"><\/div><\/div><\/div><div class=\"fusion-layout-column fusion_builder_column fusion-builder-column-1 fusion_builder_column_1_4 1_4 fusion-one-fourth fusion-column-last\" style=\"--awb-padding-right:10px;--awb-padding-bottom:70px;--awb-padding-left:10px;--awb-bg-color:#f5f5f5;--awb-bg-color-hover:#f5f5f5;--awb-bg-size:cover;width:25%;width:calc(25% - ( ( 4% ) * 0.25 ) );\"><div class=\"fusion-column-wrapper fusion-column-has-shadow fusion-flex-column-wrapper-legacy\"><div class=\"fusion-text fusion-text-4\" style=\"--awb-font-size:13px;--awb-margin-top:20px;--awb-margin-right:0px;--awb-margin-left:0px;\"><p style=\"text-align: center\"><span style=\"color: #004b87\"><span style=\"font-size: 13.3333px\"><b><br \/>\nCELLULE IMMATRICULATION<br \/>\nDES NAVIRES<\/b><\/span><\/span><\/p>\n<p style=\"text-align: center\"><span style=\"font-size: 10pt\"><strong><span style=\"color: #004b87\">HORAIRES<\/span><\/strong><\/span><\/p>\n<p style=\"text-align: center\"><span style=\"color: #004b87;font-size: 10pt\">7h30-13h00<\/span><br \/>\n<span style=\"color: #004b87;font-size: 10pt\">(sans RDV)<\/span><br \/>\n<span style=\"color: #004b87;font-size: 10pt\">13h00-15h30<\/span><br \/>\n<span style=\"color: #004b87;font-size: 10pt\">(uniquement sur RDV)<\/span><\/p>\n<p style=\"text-align: center\"><span style=\"font-size: 10pt\"><strong><span style=\"color: #004b87\">CONTACT<\/span><\/strong><\/span><\/p>\n<p style=\"text-align: center\"><span style=\"color: #004b87;font-size: 10pt\">T\u00e9l : 40.54.45.34<\/span><br \/>\n<a href=\"mailto:immatriculation.dpam@administration.gov.pf\"><span style=\"font-size: 10pt\"><span style=\"color: #004b87\">immatriculation.dpam<br \/>\n@administr<\/span><span style=\"color: #004b87\">ation.gov.pf<\/span><\/span><\/a><\/p>\n<\/div><div class=\"fusion-button-wrapper fusion-aligncenter\"><a class=\"fusion-button button-flat fusion-button-default-size button-custom fusion-button-default button-1 fusion-button-default-span \" style=\"--button_accent_color:#ffffff;--button_accent_hover_color:#ffffff;--button_border_hover_color:#ffffff;--button_gradient_top_color:#004b8e;--button_gradient_bottom_color:#004b8e;--button_gradient_top_color_hover:#527496;--button_gradient_bottom_color_hover:#527496;\" target=\"_blank\" rel=\"noopener noreferrer\" href=\"https:\/\/rdv-pf.jefile.fr\/#\/embedded\/DPAM\/lines\/6a8de714-65b7-4e32-b53c-b7a906c9a019%20\"><span class=\"fusion-button-text awb-button__text awb-button__text--default\">CLIQUEZ ICI POUR PRENDRE RDV<\/span><\/a><\/div><div class=\"fusion-clearfix\"><\/div><\/div><\/div><\/div><\/div><div class=\"fusion-fullwidth fullwidth-box fusion-builder-row-2 fusion-flex-container nonhundred-percent-fullwidth non-hundred-percent-height-scrolling\" style=\"--awb-border-radius-top-left:0px;--awb-border-radius-top-right:0px;--awb-border-radius-bottom-right:0px;--awb-border-radius-bottom-left:0px;--awb-flex-wrap:wrap;\" ><div class=\"fusion-builder-row fusion-row fusion-flex-align-items-flex-start fusion-flex-content-wrap\" style=\"max-width:1144px;margin-left: calc(-4% \/ 2 );margin-right: calc(-4% \/ 2 );\"><div class=\"fusion-layout-column fusion_builder_column fusion-builder-column-2 fusion_builder_column_1_1 1_1 fusion-flex-column\" style=\"--awb-bg-size:cover;--awb-width-large:100%;--awb-margin-top-large:0px;--awb-spacing-right-large:1.92%;--awb-margin-bottom-large:20px;--awb-spacing-left-large:1.92%;--awb-width-medium:100%;--awb-order-medium:0;--awb-spacing-right-medium:1.92%;--awb-spacing-left-medium:1.92%;--awb-width-small:100%;--awb-order-small:0;--awb-spacing-right-small:1.92%;--awb-spacing-left-small:1.92%;\"><div class=\"fusion-column-wrapper fusion-column-has-shadow fusion-flex-justify-content-flex-start fusion-content-layout-column\"><div class=\"fusion-separator fusion-full-width-sep\" style=\"align-self: center;margin-left: auto;margin-right: auto;margin-top:5px;margin-bottom:5px;width:100%;\"><\/div><div class=\"accordian fusion-accordian\" style=\"--awb-border-size:0px;--awb-icon-size:30px;--awb-content-font-size:15px;--awb-icon-alignment:right;--awb-hover-color:#f5f5f5;--awb-border-color:#070707;--awb-background-color:#f5f5f5;--awb-divider-color:#e0dede;--awb-divider-hover-color:#e0dede;--awb-icon-color:#ffffff;--awb-title-color:#366e8c;--awb-content-color:#004b87;--awb-icon-box-color:#f5f5f5;--awb-toggle-hover-accent-color:#0a103a;--awb-toggle-active-accent-color:#004b87;--awb-title-font-family:&quot;Oswald&quot;;--awb-title-font-weight:400;--awb-title-font-style:normal;--awb-title-font-size:15px;--awb-content-font-family:&quot;Roboto&quot;;--awb-content-font-style:normal;--awb-content-font-weight:400;\"><div class=\"panel-group fusion-toggle-icon-right fusion-toggle-icon-boxed\" id=\"accordion-1482-1\"><div class=\"fusion-panel panel-default panel-7d243df469a8561a7 fusion-toggle-no-divider fusion-toggle-boxed-mode\" style=\"--awb-title-color:#366e8c;--awb-content-color:#000000;\"><div class=\"panel-heading\"><h4 class=\"panel-title toggle\" id=\"toggle_7d243df469a8561a7\"><a aria-expanded=\"false\" aria-controls=\"7d243df469a8561a7\" role=\"button\" data-toggle=\"collapse\" data-target=\"#7d243df469a8561a7\" href=\"#7d243df469a8561a7\"><span class=\"fusion-toggle-icon-wrapper\" aria-hidden=\"true\"><i class=\"fa-fusion-box active-icon fa-caret-down fas\" aria-hidden=\"true\"><\/i><i class=\"fa-fusion-box inactive-icon fa-caret-down fas\" aria-hidden=\"true\"><\/i><\/span><span class=\"fusion-toggle-heading\">A - Formulaire :<\/span><\/a><\/h4><\/div><div id=\"7d243df469a8561a7\" class=\"panel-collapse collapse \" aria-labelledby=\"toggle_7d243df469a8561a7\"><div class=\"panel-body toggle-content fusion-clearfix\">\n<p><span style=\"color: #000000\">Pour cela, il suffit simplement de <strong>compl\u00e9ter, dater et signer le formulaire de demande d&rsquo;immatriculation d&rsquo;un VNM.<\/strong><\/span><\/p>\n<div style=\"text-align:center;\"><a class=\"fusion-button button-flat fusion-button-default-size button-default fusion-button-default button-2 fusion-button-default-span fusion-button-default-type\" target=\"_blank\" rel=\"noopener noreferrer\" href=\"https:\/\/www.service-public.pf\/dpam\/wp-content\/uploads\/sites\/20\/2021\/07\/Demande-dimmatriculation-VNM.pdf\"><span class=\"fusion-button-text awb-button__text awb-button__text--default\">T\u00e9l\u00e9chargez le formulaire<\/span><\/a><\/div>\n<p><span style=\"color: #000000\">Vous trouverez dans ce formulaire plusieurs encadr\u00e9s li\u00e9s :<\/span><\/p>\n<ul>\n<li style=\"list-style-type: none\">\n<ul>\n<li><span style=\"color: #000000\">\u00e0 l&rsquo;identit\u00e9 du (ou des) propri\u00e9taire(s) ;<\/span><\/li>\n<li><span style=\"color: #000000\">aux caract\u00e9ristiques techniques du v\u00e9hicule ;<\/span><\/li>\n<li><span style=\"color: #000000\">\u00e0 l&rsquo;\u00eele et au lieu de mouillage du navire ;<\/span><\/li>\n<\/ul>\n<\/li>\n<\/ul>\n<\/div><\/div><\/div><div class=\"fusion-panel panel-default panel-0267ef9c6a2e86948 fusion-toggle-no-divider fusion-toggle-boxed-mode\" style=\"--awb-title-color:#366e8c;--awb-content-color:#000000;\"><div class=\"panel-heading\"><h4 class=\"panel-title toggle\" id=\"toggle_0267ef9c6a2e86948\"><a aria-expanded=\"false\" aria-controls=\"0267ef9c6a2e86948\" role=\"button\" data-toggle=\"collapse\" data-target=\"#0267ef9c6a2e86948\" href=\"#0267ef9c6a2e86948\"><span class=\"fusion-toggle-icon-wrapper\" aria-hidden=\"true\"><i class=\"fa-fusion-box active-icon fa-caret-down fas\" aria-hidden=\"true\"><\/i><i class=\"fa-fusion-box inactive-icon fa-caret-down fas\" aria-hidden=\"true\"><\/i><\/span><span class=\"fusion-toggle-heading\">B - Justificatif n\u00b01 : Document d'identit\u00e9 et justificatif de domicile<\/span><\/a><\/h4><\/div><div id=\"0267ef9c6a2e86948\" class=\"panel-collapse collapse \" aria-labelledby=\"toggle_0267ef9c6a2e86948\"><div class=\"panel-body toggle-content fusion-clearfix\">\n<p><span style=\"color: #000000\"><u>Personne physique :<\/u> Copie de la carte nationale d&rsquo;identit\u00e9 ou du passeport en cours de validit\u00e9 ou du permis de conduire avec acte de naissance.<\/span><\/p>\n<p><span style=\"color: #000000\"><u>Entreprises, soci\u00e9t\u00e9s, associations :<\/u>\u00a0 N\u00b0TAHITI, extrait RC (Kbis de &#8211; 3 mois), statuts, PV de d\u00e9signation du repr\u00e9sentant l\u00e9gal et pi\u00e8ce d&rsquo;identit\u00e9, d\u00e9l\u00e9gation de pouvoir, etc\u2026<\/span><\/p>\n<p><span style=\"color: #000000\"><u>Justificatif du domicile<\/u> (moins de 6 mois) du (ou des) propri\u00e9taire(s) (photocopie d&rsquo;une quittance EDT, OPT ou certificat de r\u00e9sidence).<\/span><\/p>\n<\/div><\/div><\/div><div class=\"fusion-panel panel-default panel-01b2a6424311e0ceb fusion-toggle-no-divider fusion-toggle-boxed-mode\" style=\"--awb-title-color:#366e8c;--awb-content-color:#000000;\"><div class=\"panel-heading\"><h4 class=\"panel-title toggle\" id=\"toggle_01b2a6424311e0ceb\"><a aria-expanded=\"false\" aria-controls=\"01b2a6424311e0ceb\" role=\"button\" data-toggle=\"collapse\" data-target=\"#01b2a6424311e0ceb\" href=\"#01b2a6424311e0ceb\"><span class=\"fusion-toggle-icon-wrapper\" aria-hidden=\"true\"><i class=\"fa-fusion-box active-icon fa-caret-down fas\" aria-hidden=\"true\"><\/i><i class=\"fa-fusion-box inactive-icon fa-caret-down fas\" aria-hidden=\"true\"><\/i><\/span><span class=\"fusion-toggle-heading\">C - Justificatif n\u00b02 : Document de propri\u00e9t\u00e9<\/span><\/a><\/h4><\/div><div id=\"01b2a6424311e0ceb\" class=\"panel-collapse collapse \" aria-labelledby=\"toggle_01b2a6424311e0ceb\"><div class=\"panel-body toggle-content fusion-clearfix\">\n<p><span style=\"color: #000000\">Fournir :<\/span><\/p>\n<ul>\n<li><span style=\"color: #000000\">l&rsquo;original de la facture d&rsquo;achat du v\u00e9hicule nautique \u00e0 moteur ;<\/span><\/li>\n<li><span style=\"color: #000000\">la d\u00e9claration IM40 pour un v\u00e9hicule import\u00e9 ;<\/span><\/li>\n<\/ul>\n<p><span style=\"color: #000000\">ou<\/span><\/p>\n<ul>\n<li style=\"list-style-type: none\">\n<ul>\n<li style=\"list-style-type: none\">\n<ul>\n<li><span style=\"color: #000000\">un acte de vente du v\u00e9hicule (en trois exemplaire) :\u00a0 acte enregistr\u00e9 aupr\u00e8s du service de l&rsquo;enregistrement de la Direction des Affaires Fonci\u00e8res et d\u00fbment vis\u00e9 par l&rsquo;agence comptable du Port Autonome de Papeete<\/span><\/li>\n<\/ul>\n<\/li>\n<\/ul>\n<\/li>\n<\/ul>\n<\/div><\/div><\/div><div class=\"fusion-panel panel-default panel-23dcb178fb9d9fe7f fusion-toggle-no-divider fusion-toggle-boxed-mode\" style=\"--awb-title-color:#366e8c;--awb-content-color:#000000;\"><div class=\"panel-heading\"><h4 class=\"panel-title toggle\" id=\"toggle_23dcb178fb9d9fe7f\"><a aria-expanded=\"false\" aria-controls=\"23dcb178fb9d9fe7f\" role=\"button\" data-toggle=\"collapse\" data-target=\"#23dcb178fb9d9fe7f\" href=\"#23dcb178fb9d9fe7f\"><span class=\"fusion-toggle-icon-wrapper\" aria-hidden=\"true\"><i class=\"fa-fusion-box active-icon fa-caret-down fas\" aria-hidden=\"true\"><\/i><i class=\"fa-fusion-box inactive-icon fa-caret-down fas\" aria-hidden=\"true\"><\/i><\/span><span class=\"fusion-toggle-heading\">D - Justificatif n\u00b03 : D\u00e9claration d'activit\u00e9<\/span><\/a><\/h4><\/div><div id=\"23dcb178fb9d9fe7f\" class=\"panel-collapse collapse \" aria-labelledby=\"toggle_23dcb178fb9d9fe7f\"><div class=\"panel-body toggle-content fusion-clearfix\">\n<p><span style=\"color: #000000\">Pour cela, il vous suffit simplement de compl\u00e9ter le formulaire de d\u00e9claration d&rsquo;activit\u00e9.<\/span><\/p>\n<div style=\"text-align:center;\"><a class=\"fusion-button button-flat fusion-button-default-size button-default fusion-button-default button-3 fusion-button-default-span fusion-button-default-type\" target=\"_blank\" rel=\"noopener noreferrer\" href=\"https:\/\/www.service-public.pf\/dpam\/wp-content\/uploads\/sites\/20\/2021\/06\/05-Formulaire-DECLARATION-DACTIVITE-NAVIRE-VNM-1.pdf\"><span class=\"fusion-button-text awb-button__text awb-button__text--default\">T\u00e9l\u00e9chargez le formulaire<\/span><\/a><\/div><\/div><\/div><\/div><div class=\"fusion-panel panel-default panel-f0317341ddedd0b56 fusion-toggle-no-divider fusion-toggle-boxed-mode\" style=\"--awb-title-color:#366e8c;--awb-content-color:#000000;\"><div class=\"panel-heading\"><h4 class=\"panel-title toggle\" id=\"toggle_f0317341ddedd0b56\"><a aria-expanded=\"false\" aria-controls=\"f0317341ddedd0b56\" role=\"button\" data-toggle=\"collapse\" data-target=\"#f0317341ddedd0b56\" href=\"#f0317341ddedd0b56\"><span class=\"fusion-toggle-icon-wrapper\" aria-hidden=\"true\"><i class=\"fa-fusion-box active-icon fa-caret-down fas\" aria-hidden=\"true\"><\/i><i class=\"fa-fusion-box inactive-icon fa-caret-down fas\" aria-hidden=\"true\"><\/i><\/span><span class=\"fusion-toggle-heading\">E - Justificatif n\u00b04 : Documents de conformit\u00e9<\/span><\/a><\/h4><\/div><div id=\"f0317341ddedd0b56\" class=\"panel-collapse collapse \" aria-labelledby=\"toggle_f0317341ddedd0b56\"><div class=\"panel-body toggle-content fusion-clearfix\">\n<p><span style=\"color: #000000\">vous devrez pr\u00e9senter :<\/span><\/p>\n<ul>\n<li style=\"list-style-type: none\">\n<ul>\n<li><span style=\"color: #000000\"><strong>l&rsquo;original de la d\u00e9claration \u00e9crite de conformit\u00e9 CE<\/strong><\/span><\/li>\n<li><span style=\"color: #000000\"><strong>l&rsquo;attestation d&rsquo;identification du VNM<\/strong><\/span><\/li>\n<\/ul>\n<\/li>\n<\/ul>\n<\/div><\/div><\/div><\/div><\/div><div style=\"text-align:center;\"><a class=\"fusion-button button-flat fusion-button-default-size button-custom fusion-button-default button-4 fusion-button-default-span \" style=\"--button_accent_color:#ffffff;--button_accent_hover_color:#ffffff;--button_border_hover_color:#ffffff;--button_gradient_top_color:#004b8e;--button_gradient_bottom_color:#004b8e;--button_gradient_top_color_hover:#527496;--button_gradient_bottom_color_hover:#527496;\" target=\"_self\" href=\"https:\/\/www.service-public.pf\/dpam\/wp-content\/uploads\/sites\/20\/2018\/03\/notice_d_information_des_pieces_a_fournir_v._juillet_2014.pdf\"><span class=\"fusion-button-text awb-button__text awb-button__text--default\">CLIQUEZ ICI POUR t\u00e9l\u00e9charger la notice d&rsquo;aide<\/span><\/a><\/div><\/div><\/div><\/div><\/div><div class=\"fusion-fullwidth fullwidth-box fusion-builder-row-3 nonhundred-percent-fullwidth non-hundred-percent-height-scrolling\" style=\"--awb-border-radius-top-left:0px;--awb-border-radius-top-right:0px;--awb-border-radius-bottom-right:0px;--awb-border-radius-bottom-left:0px;--awb-flex-wrap:wrap;\" ><div class=\"fusion-builder-row fusion-row\"><div class=\"fusion-layout-column fusion_builder_column fusion-builder-column-3 fusion_builder_column_1_1 1_1 fusion-one-full fusion-column-first fusion-column-last\" style=\"--awb-padding-top:20px;--awb-padding-right:20px;--awb-padding-bottom:20px;--awb-padding-left:20px;--awb-bg-color:rgba(255,255,255,0.66);--awb-bg-color-hover:rgba(255,255,255,0.66);--awb-bg-size:cover;--awb-border-color:#091138;--awb-border-top:0;--awb-border-right:0;--awb-border-bottom:0;--awb-border-left:0;--awb-border-style:solid;\"><div class=\"fusion-column-wrapper fusion-column-has-shadow fusion-flex-column-wrapper-legacy\"><div class=\"fusion-text fusion-text-5\"><p><span style=\"font-size: 14pt\"><strong><span style=\"color: #004b87\">Demander un duplicata de carte de circulation<\/span><\/strong><\/span><\/p>\n<\/div><div class=\"fusion-sep-clear\"><\/div><div class=\"fusion-separator fusion-clearfix\" style=\"float:left;margin-top:-15px;margin-bottom:40px;width:100%;max-width:100px;\"><div class=\"fusion-separator-border sep-single\" style=\"--awb-height:20px;--awb-amount:20px;border-color:#b39b00;border-top-width:5px;\"><\/div><\/div><div class=\"fusion-sep-clear\"><\/div><div class=\"fusion-text fusion-text-6\"><p><span style=\"color: #000000\">En cas de perte ou de vol de votre carte de circulation (carte bleue),<\/span><\/p>\n<p><span style=\"color: #000000\">vous pouvez demander un duplicata en vous aidant du formulaire \u00e0 t\u00e9l\u00e9charger ci-dessous\u00a0:<\/span><\/p>\n<ul>\n<li><span style=\"color: #000000\"><a style=\"color: #000000\" href=\"https:\/\/www.service-public.pf\/dpam\/wp-content\/uploads\/sites\/20\/2018\/03\/demande_de_duplicata_carte_de_circulation_v._avril_2016.pdf\" target=\"_blank\" rel=\"noopener\"><strong>Demande de duplicata<\/strong><\/a><\/span><\/li>\n<\/ul>\n<\/div><div class=\"fusion-image-element fusion-image-align-center in-legacy-container\" style=\"text-align:center;--awb-caption-title-font-family:var(--h2_typography-font-family);--awb-caption-title-font-weight:var(--h2_typography-font-weight);--awb-caption-title-font-style:var(--h2_typography-font-style);--awb-caption-title-size:var(--h2_typography-font-size);--awb-caption-title-transform:var(--h2_typography-text-transform);--awb-caption-title-line-height:var(--h2_typography-line-height);--awb-caption-title-letter-spacing:var(--h2_typography-letter-spacing);\"><div class=\"imageframe-align-center\"><span class=\" fusion-imageframe imageframe-none imageframe-1 hover-type-zoomin\" style=\"border:2px solid #316d8c;\"><img decoding=\"async\" width=\"211\" height=\"300\" title=\"20161013212621588\" src=\"https:\/\/www.service-public.pf\/dpam\/wp-content\/uploads\/sites\/20\/2018\/03\/20161013212621588-211x300.jpg\" alt class=\"img-responsive wp-image-673\" srcset=\"https:\/\/www.service-public.pf\/dpam\/wp-content\/uploads\/sites\/20\/2018\/03\/20161013212621588-200x285.jpg 200w, https:\/\/www.service-public.pf\/dpam\/wp-content\/uploads\/sites\/20\/2018\/03\/20161013212621588.jpg 294w\" sizes=\"(max-width: 800px) 100vw, 211px\" \/><\/span><\/div><\/div><div class=\"fusion-button-wrapper fusion-align-block\"><a class=\"fusion-button button-flat fusion-button-default-size button-custom fusion-button-default button-5 fusion-button-span-yes fusion-button-default-type\" style=\"--awb-margin-top:0px;--awb-margin-right:0px;--awb-margin-bottom:0px;--awb-margin-left:0px;--button_accent_color:#b39b00;--button_border_color:#b39b00;--button_accent_hover_color:#b39b00;--button_border_hover_color:#b39b00;--button_border_width-top:3px;--button_border_width-right:3px;--button_border_width-bottom:3px;--button_border_width-left:3px;--button_gradient_end:0%;--button_gradient_top_color:#ffffff;--button_gradient_bottom_color:#ffffff;--button_gradient_top_color_hover:#ffffff;--button_gradient_bottom_color_hover:#ffffff;\" target=\"_blank\" rel=\"noopener noreferrer\" href=\"https:\/\/www.service-public.pf\/dpam\/wp-content\/uploads\/sites\/20\/2019\/05\/FORMULAIRE-DPAM-du-25.01.2016.pdf\"><span class=\"fusion-button-text awb-button__text awb-button__text--default\">T\u00e9l\u00e9charger le formulaire de demande de duplicata<\/span><\/a><\/div><div class=\"fusion-clearfix\"><\/div><\/div><\/div><\/div><\/div><\/p>\n","protected":false},"excerpt":{"rendered":"","protected":false},"author":275,"featured_media":0,"parent":0,"menu_order":0,"comment_status":"closed","ping_status":"closed","template":"","meta":{"_seopress_robots_primary_cat":"","_seopress_titles_title":"","_seopress_titles_desc":"Tout v\u00e9hicule nautique \u00e0 moteur (VNM) de plaisance ou professionnel circulant dans les eaux polyn\u00e9siennes doit \u00eatre obligatoirement immatricul\u00e9...","_seopress_robots_index":"","footnotes":""},"class_list":["post-1482","page","type-page","status-publish","hentry"],"_links":{"self":[{"href":"https:\/\/www.service-public.pf\/dpam\/wp-json\/wp\/v2\/pages\/1482","targetHints":{"allow":["GET"]}}],"collection":[{"href":"https:\/\/www.service-public.pf\/dpam\/wp-json\/wp\/v2\/pages"}],"about":[{"href":"https:\/\/www.service-public.pf\/dpam\/wp-json\/wp\/v2\/types\/page"}],"author":[{"embeddable":true,"href":"https:\/\/www.service-public.pf\/dpam\/wp-json\/wp\/v2\/users\/275"}],"replies":[{"embeddable":true,"href":"https:\/\/www.service-public.pf\/dpam\/wp-json\/wp\/v2\/comments?post=1482"}],"version-history":[{"count":2,"href":"https:\/\/www.service-public.pf\/dpam\/wp-json\/wp\/v2\/pages\/1482\/revisions"}],"predecessor-version":[{"id":20774,"href":"https:\/\/www.service-public.pf\/dpam\/wp-json\/wp\/v2\/pages\/1482\/revisions\/20774"}],"wp:attachment":[{"href":"https:\/\/www.service-public.pf\/dpam\/wp-json\/wp\/v2\/media?parent=1482"}],"curies":[{"name":"wp","href":"https:\/\/api.w.org\/{rel}","templated":true}]}}