{"id":1498,"date":"2018-04-24T00:52:12","date_gmt":"2018-04-23T22:52:12","guid":{"rendered":"https:\/\/www.service-public.pf\/dpam\/?page_id=1498"},"modified":"2024-09-06T14:32:07","modified_gmt":"2024-09-07T00:32:07","slug":"modification-changement-immat","status":"publish","type":"page","link":"https:\/\/www.service-public.pf\/dpam\/modification-changement-immat\/","title":{"rendered":"Immatriculation &#8211; Changements de situation"},"content":{"rendered":"<div class=\"fusion-fullwidth fullwidth-box fusion-builder-row-1 nonhundred-percent-fullwidth non-hundred-percent-height-scrolling\" style=\"--awb-border-radius-top-left:0px;--awb-border-radius-top-right:0px;--awb-border-radius-bottom-right:0px;--awb-border-radius-bottom-left:0px;--awb-flex-wrap:wrap;\" ><div class=\"fusion-builder-row fusion-row\"><div class=\"fusion-layout-column fusion_builder_column fusion-builder-column-0 fusion_builder_column_3_4 3_4 fusion-three-fourth fusion-column-first\" style=\"--awb-bg-size:cover;width:75%;width:calc(75% - ( ( 4% ) * 0.75 ) );margin-right: 4%;\"><div class=\"fusion-column-wrapper fusion-column-has-shadow fusion-flex-column-wrapper-legacy\"><div class=\"fusion-title title fusion-title-1 fusion-sep-none fusion-title-center fusion-title-text fusion-title-size-one\" style=\"--awb-margin-top-small:0px;--awb-margin-right-small:0px;--awb-margin-bottom-small:20px;--awb-margin-left-small:0px;--awb-sep-color:#b39b00;\"><h1 class=\"fusion-title-heading title-heading-center\" style=\"margin:0;\"><p style=\"text-align: center\"><span style=\"color: #004b87\"><strong>D\u00e9clarer un changement de situation d&rsquo;un navire<\/strong><\/span><\/p><\/h1><\/div><div class=\"fusion-sep-clear\"><\/div><div class=\"fusion-separator\" style=\"margin-left: auto;margin-right: auto;margin-top:-15px;margin-bottom:40px;width:100%;max-width:100px;\"><div class=\"fusion-separator-border sep-single\" style=\"--awb-height:20px;--awb-amount:20px;border-color:#b39b00;border-top-width:5px;\"><\/div><\/div><div class=\"fusion-sep-clear\"><\/div><div class=\"fusion-image-element in-legacy-container\" style=\"--awb-caption-title-font-family:var(--h2_typography-font-family);--awb-caption-title-font-weight:var(--h2_typography-font-weight);--awb-caption-title-font-style:var(--h2_typography-font-style);--awb-caption-title-size:var(--h2_typography-font-size);--awb-caption-title-transform:var(--h2_typography-text-transform);--awb-caption-title-line-height:var(--h2_typography-line-height);--awb-caption-title-letter-spacing:var(--h2_typography-letter-spacing);\"><span class=\" fusion-imageframe imageframe-none imageframe-1 hover-type-none\"><img decoding=\"async\" width=\"767\" height=\"427\" title=\"DSC 2543\u00a9JeanKape@Motutuga\" src=\"https:\/\/www.service-public.pf\/dpam\/wp-content\/uploads\/sites\/20\/2019\/01\/DSC_2543\u00a9JeanKape@Motutuga.jpg\" alt class=\"img-responsive wp-image-3749\" srcset=\"https:\/\/www.service-public.pf\/dpam\/wp-content\/uploads\/sites\/20\/2019\/01\/DSC_2543\u00a9JeanKape@Motutuga-200x111.jpg 200w, https:\/\/www.service-public.pf\/dpam\/wp-content\/uploads\/sites\/20\/2019\/01\/DSC_2543\u00a9JeanKape@Motutuga-400x223.jpg 400w, https:\/\/www.service-public.pf\/dpam\/wp-content\/uploads\/sites\/20\/2019\/01\/DSC_2543\u00a9JeanKape@Motutuga-600x334.jpg 600w, https:\/\/www.service-public.pf\/dpam\/wp-content\/uploads\/sites\/20\/2019\/01\/DSC_2543\u00a9JeanKape@Motutuga.jpg 767w\" sizes=\"(max-width: 800px) 100vw, 767px\" \/><\/span><\/div><div class=\"fusion-sep-clear\"><\/div><div class=\"fusion-separator fusion-full-width-sep\" style=\"margin-left: auto;margin-right: auto;margin-top:30px;margin-bottom:30px;width:100%;\"><\/div><div class=\"fusion-sep-clear\"><\/div><div class=\"fusion-text fusion-text-1\"><p style=\"color: #fff\"><span style=\"color: #000000\">Les changements de situation d\u2019un navire ou d\u2019un v\u00e9hicule nautique \u00e0 moteur doivent \u00eatre d\u00e9clar\u00e9s aupr\u00e8s de la Direction polyn\u00e9sienne des affaires maritimes (DPAM).<\/span><\/p>\n<\/div><div class=\"accordian fusion-accordian\" style=\"--awb-border-size:0px;--awb-icon-size:30px;--awb-content-font-size:15px;--awb-icon-alignment:right;--awb-hover-color:#f5f5f5;--awb-border-color:#070707;--awb-background-color:#f5f5f5;--awb-divider-color:#e0dede;--awb-divider-hover-color:#e0dede;--awb-icon-color:#ffffff;--awb-title-color:#366e8c;--awb-content-color:#004b87;--awb-icon-box-color:#f5f5f5;--awb-toggle-hover-accent-color:#0a103a;--awb-toggle-active-accent-color:#004b87;--awb-title-font-family:&quot;Oswald&quot;;--awb-title-font-weight:400;--awb-title-font-style:normal;--awb-title-font-size:15px;--awb-content-font-family:&quot;Roboto&quot;;--awb-content-font-style:normal;--awb-content-font-weight:400;\"><div class=\"panel-group fusion-toggle-icon-right fusion-toggle-icon-boxed\" id=\"accordion-1498-1\"><div class=\"fusion-panel panel-default panel-42af5fe3138929593 fusion-toggle-no-divider fusion-toggle-boxed-mode\" style=\"--awb-title-color:#366e8c;--awb-content-color:#000000;\"><div class=\"panel-heading\"><h4 class=\"panel-title toggle\" id=\"toggle_42af5fe3138929593\"><a aria-expanded=\"false\" aria-controls=\"42af5fe3138929593\" role=\"button\" data-toggle=\"collapse\" data-target=\"#42af5fe3138929593\" href=\"#42af5fe3138929593\"><span class=\"fusion-toggle-icon-wrapper\" aria-hidden=\"true\"><i class=\"fa-fusion-box active-icon fa-caret-down fas\" aria-hidden=\"true\"><\/i><i class=\"fa-fusion-box inactive-icon fa-caret-down fas\" aria-hidden=\"true\"><\/i><\/span><span class=\"fusion-toggle-heading\">Liste des changements qui doivent \u00eatre d\u00e9clar\u00e9s \u00e0 la DPAM<\/span><\/a><\/h4><\/div><div id=\"42af5fe3138929593\" class=\"panel-collapse collapse \" aria-labelledby=\"toggle_42af5fe3138929593\"><div class=\"panel-body toggle-content fusion-clearfix\">\n<p>Vous devez d\u00e9clarer tout changement concernant :<\/p>\n<ul>\n<li>le propri\u00e9taire<\/li>\n<li>le nom du navire<\/li>\n<li>le lieu de mouillage<\/li>\n<li>la motorisation<\/li>\n<li>la cat\u00e9gorie de navigation<\/li>\n<li>l&rsquo;activit\u00e9 exerc\u00e9e<\/li>\n<li>le quartier maritime<\/li>\n<li>le port d&rsquo;attache<\/li>\n<\/ul>\n<\/div><\/div><\/div><div class=\"fusion-panel panel-default panel-ada7cf492378347a3 fusion-toggle-no-divider fusion-toggle-boxed-mode\" style=\"--awb-title-color:#366e8c;--awb-content-color:#000000;\"><div class=\"panel-heading\"><h4 class=\"panel-title toggle\" id=\"toggle_ada7cf492378347a3\"><a aria-expanded=\"false\" aria-controls=\"ada7cf492378347a3\" role=\"button\" data-toggle=\"collapse\" data-target=\"#ada7cf492378347a3\" href=\"#ada7cf492378347a3\"><span class=\"fusion-toggle-icon-wrapper\" aria-hidden=\"true\"><i class=\"fa-fusion-box active-icon fa-caret-down fas\" aria-hidden=\"true\"><\/i><i class=\"fa-fusion-box inactive-icon fa-caret-down fas\" aria-hidden=\"true\"><\/i><\/span><span class=\"fusion-toggle-heading\">Modifications administratives<\/span><\/a><\/h4><\/div><div id=\"ada7cf492378347a3\" class=\"panel-collapse collapse \" aria-labelledby=\"toggle_ada7cf492378347a3\"><div class=\"panel-body toggle-content fusion-clearfix\">\n<p><span style=\"color: #000000\">Toute modification administrative (changement de nom de navire, de propri\u00e9taire ou d\u2019exploitant, de cat\u00e9gorie de navigation ou de quartier maritime) doit \u00eatre d\u00e9clar\u00e9e aupr\u00e8s de la DPAM.<\/span><\/p>\n<p><span style=\"color: #000000\">Cela concerne \u00e9galement les ventes de navires et de VNM (Jet-ski).<\/span><\/p>\n<p><span style=\"color: #000000\">Documents \u00e0 t\u00e9l\u00e9charger\u00a0:<\/span><\/p>\n<p><span style=\"color: #000000\"><img decoding=\"async\" class=\"puce\" src=\"http:\/\/www.maritime.gov.pf\/squelettes-dist\/puce.gif\" alt=\"-\" width=\"8\" height=\"11\" \/>\u00a0<a style=\"color: #000000\" href=\"https:\/\/www.service-public.pf\/dpam\/wp-content\/uploads\/sites\/20\/2018\/03\/notice_d_information_des_pieces_a_fournir_v._juillet_2014.pdf\" target=\"_blank\" rel=\"noopener\"><strong>Notice d\u2019information ;<\/strong><\/a><\/span><br \/>\n<span style=\"color: #000000\"> <img decoding=\"async\" class=\"puce\" src=\"http:\/\/www.maritime.gov.pf\/squelettes-dist\/puce.gif\" alt=\"-\" width=\"8\" height=\"11\" \/>\u00a0<strong><a style=\"color: #000000\" href=\"https:\/\/www.service-public.pf\/dpam\/wp-content\/uploads\/sites\/20\/2018\/04\/dde_changement-modification_tte_demande_v_juillet_2014.pdf\" target=\"_blank\" rel=\"noopener\">Formulaire de demande de changement\/modification<\/a> ;<\/strong><\/span><br \/>\n<span style=\"color: #000000\"> <img decoding=\"async\" class=\"puce\" src=\"http:\/\/www.maritime.gov.pf\/squelettes-dist\/puce.gif\" alt=\"-\" width=\"8\" height=\"11\" \/>\u00a0<strong><a style=\"color: #000000\" href=\"https:\/\/www.service-public.pf\/dpam\/wp-content\/uploads\/sites\/20\/2018\/04\/acte_de_vente_tout_navire_v_oct_2014-2.pdf\" target=\"_blank\" rel=\"noopener\">Mod\u00e8le d\u2019Acte de vente<\/a> ;<\/strong><\/span><\/p>\n<p><span style=\"color: #000000\"><img decoding=\"async\" class=\"puce\" src=\"http:\/\/www.maritime.gov.pf\/squelettes-dist\/puce.gif\" alt=\"-\" width=\"8\" height=\"11\" \/>\u00a0Demande de changement de quartier maritime\u00a0:<\/span><br \/>\n<span style=\"color: #000000\"> <img decoding=\"async\" class=\"puce\" src=\"http:\/\/www.maritime.gov.pf\/squelettes-dist\/puce.gif\" alt=\"-\" width=\"8\" height=\"11\" \/>\u00a0<a style=\"color: #000000\" href=\"https:\/\/www.service-public.pf\/dpam\/wp-content\/uploads\/sites\/20\/2018\/04\/demande_de_changement_de_quartier_maritime_dpam_v_juillet_2014.pdf\" target=\"_blank\" rel=\"noopener\"><strong>vers la Polyn\u00e9sie fran\u00e7aise<\/strong><\/a><\/span><\/p>\n<p><span style=\"color: #000000\">La demande devra \u00eatre accompagn\u00e9e des pi\u00e8ces justificatives indiqu\u00e9es dans la notice d\u2019information<\/span><\/p>\n<\/div><\/div><\/div><div class=\"fusion-panel panel-default panel-ee2805081cba70c97 fusion-toggle-no-divider fusion-toggle-boxed-mode\" style=\"--awb-title-color:#366e8c;--awb-content-color:#000000;\"><div class=\"panel-heading\"><h4 class=\"panel-title toggle\" id=\"toggle_ee2805081cba70c97\"><a aria-expanded=\"false\" aria-controls=\"ee2805081cba70c97\" role=\"button\" data-toggle=\"collapse\" data-target=\"#ee2805081cba70c97\" href=\"#ee2805081cba70c97\"><span class=\"fusion-toggle-icon-wrapper\" aria-hidden=\"true\"><i class=\"fa-fusion-box active-icon fa-caret-down fas\" aria-hidden=\"true\"><\/i><i class=\"fa-fusion-box inactive-icon fa-caret-down fas\" aria-hidden=\"true\"><\/i><\/span><span class=\"fusion-toggle-heading\">Modifications techniques<\/span><\/a><\/h4><\/div><div id=\"ee2805081cba70c97\" class=\"panel-collapse collapse \" aria-labelledby=\"toggle_ee2805081cba70c97\"><div class=\"panel-body toggle-content fusion-clearfix\">\n<p><span style=\"color: #000000\">Toute modification technique (changement de moteur, modification de la structure ou r\u00e9novation importante) sur le navire doit\u00a0<strong>pr\u00e9alablement\u00a0<\/strong>\u00eatre d\u00e9clar\u00e9e et autoris\u00e9e par la DPAM.<\/span><\/p>\n<p><span style=\"color: #000000\">Documents \u00e0 t\u00e9l\u00e9charger\u00a0:<\/span><\/p>\n<p><span style=\"color: #000000\"><img decoding=\"async\" class=\"puce\" src=\"http:\/\/www.maritime.gov.pf\/squelettes-dist\/puce.gif\" alt=\"-\" width=\"8\" height=\"11\" \/>\u00a0<a style=\"color: #000000\" href=\"https:\/\/www.service-public.pf\/dpam\/wp-content\/uploads\/sites\/20\/2018\/03\/notice_d_information_des_pieces_a_fournir_v._juillet_2014.pdf\" target=\"_blank\" rel=\"noopener\"><strong>Notice d\u2019information<\/strong><\/a><\/span><\/p>\n<p><span style=\"color: #000000\"><img decoding=\"async\" class=\"puce\" src=\"http:\/\/www.maritime.gov.pf\/squelettes-dist\/puce.gif\" alt=\"-\" width=\"8\" height=\"11\" \/>\u00a0<a style=\"color: #000000\" href=\"https:\/\/www.service-public.pf\/dpam\/wp-content\/uploads\/sites\/20\/2018\/04\/dde_changement-modification_tte_demande_v_juillet_2014.pdf\" target=\"_blank\" rel=\"noopener\"><strong>Formulaire de demande de changement\/modification<\/strong><\/a><\/span><\/p>\n<p><span style=\"color: #000000\">La demande devra \u00eatre accompagn\u00e9e des pi\u00e8ces justificatives indiqu\u00e9es dans la notice d\u2019information<\/span><\/p>\n<\/div><\/div><\/div><\/div><\/div><div class=\"fusion-clearfix\"><\/div><\/div><\/div><div class=\"fusion-layout-column fusion_builder_column fusion-builder-column-1 fusion_builder_column_1_4 1_4 fusion-one-fourth fusion-column-last\" style=\"--awb-padding-right:10px;--awb-padding-bottom:70px;--awb-padding-left:10px;--awb-bg-color:#f5f5f5;--awb-bg-color-hover:#f5f5f5;--awb-bg-size:cover;width:25%;width:calc(25% - ( ( 4% ) * 0.25 ) );\"><div class=\"fusion-column-wrapper fusion-column-has-shadow fusion-flex-column-wrapper-legacy\"><div class=\"fusion-text fusion-text-2\" style=\"--awb-font-size:13px;--awb-margin-top:20px;--awb-margin-right:0px;--awb-margin-left:0px;\"><p style=\"text-align: center\"><span style=\"color: #004b87\"><span style=\"font-size: 13.3333px\"><b><br \/>\nCELLULE IMMATRICULATION<\/b><\/span><\/span><\/p>\n<p style=\"text-align: center\"><span style=\"font-size: 10pt\"><strong><span style=\"color: #004b87\">HORAIRES<\/span><\/strong><\/span><\/p>\n<p style=\"text-align: center\"><span style=\"color: #004b87;font-size: 10pt\">7h30-13h00<\/span><br \/>\n<span style=\"color: #004b87;font-size: 10pt\">(sans RDV)<\/span><br \/>\n<span style=\"color: #004b87;font-size: 10pt\">13h00-15h30<\/span><br \/>\n<span style=\"color: #004b87;font-size: 10pt\">(uniquement sur RDV)<\/span><\/p>\n<p style=\"text-align: center\"><span style=\"font-size: 10pt\"><strong><span style=\"color: #004b87\">CONTACT<\/span><\/strong><\/span><\/p>\n<p style=\"text-align: center\"><span style=\"color: #004b87;font-size: 10pt\">T\u00e9l : 40.54.45.34<\/span><br \/>\n<span style=\"font-size: 10pt\"><span style=\"color: #004b87\">immatriculation.dpam<br \/>\n@administr<\/span><span style=\"color: #004b87\">ation.gov.pf<\/span><\/span><\/p>\n<\/div><div class=\"fusion-button-wrapper fusion-aligncenter\"><a class=\"fusion-button button-flat fusion-button-default-size button-custom fusion-button-default button-1 fusion-button-default-span \" style=\"--button_accent_color:#ffffff;--button_accent_hover_color:#ffffff;--button_border_hover_color:#ffffff;--button_gradient_top_color:#004b8e;--button_gradient_bottom_color:#004b8e;--button_gradient_top_color_hover:#527496;--button_gradient_bottom_color_hover:#527496;\" target=\"_blank\" rel=\"noopener noreferrer\" href=\"https:\/\/rdv-pf.jefile.fr\/#\/embedded\/DPAM\/lines\/6a8de714-65b7-4e32-b53c-b7a906c9a019%20\"><span class=\"fusion-button-text awb-button__text awb-button__text--default\">CLIQUEZ ICI POUR PRENDRE RDV<\/span><\/a><\/div><div class=\"fusion-clearfix\"><\/div><\/div><\/div><\/div><\/div>\n","protected":false},"excerpt":{"rendered":"","protected":false},"author":275,"featured_media":0,"parent":0,"menu_order":0,"comment_status":"closed","ping_status":"closed","template":"","meta":{"_seopress_robots_primary_cat":"","_seopress_titles_title":"","_seopress_titles_desc":"Les changements de situation d\u2019un navire ou d\u2019un v\u00e9hicule nautique \u00e0 moteur doivent \u00eatre d\u00e9clar\u00e9s aupr\u00e8s de la Direction polyn\u00e9sienne des affaires maritimes (DPAM).","_seopress_robots_index":"","footnotes":""},"class_list":["post-1498","page","type-page","status-publish","hentry"],"_links":{"self":[{"href":"https:\/\/www.service-public.pf\/dpam\/wp-json\/wp\/v2\/pages\/1498","targetHints":{"allow":["GET"]}}],"collection":[{"href":"https:\/\/www.service-public.pf\/dpam\/wp-json\/wp\/v2\/pages"}],"about":[{"href":"https:\/\/www.service-public.pf\/dpam\/wp-json\/wp\/v2\/types\/page"}],"author":[{"embeddable":true,"href":"https:\/\/www.service-public.pf\/dpam\/wp-json\/wp\/v2\/users\/275"}],"replies":[{"embeddable":true,"href":"https:\/\/www.service-public.pf\/dpam\/wp-json\/wp\/v2\/comments?post=1498"}],"version-history":[{"count":1,"href":"https:\/\/www.service-public.pf\/dpam\/wp-json\/wp\/v2\/pages\/1498\/revisions"}],"predecessor-version":[{"id":20125,"href":"https:\/\/www.service-public.pf\/dpam\/wp-json\/wp\/v2\/pages\/1498\/revisions\/20125"}],"wp:attachment":[{"href":"https:\/\/www.service-public.pf\/dpam\/wp-json\/wp\/v2\/media?parent=1498"}],"curies":[{"name":"wp","href":"https:\/\/api.w.org\/{rel}","templated":true}]}}