{"id":17607,"date":"2023-02-23T09:26:55","date_gmt":"2023-02-23T19:26:55","guid":{"rendered":"https:\/\/www.service-public.pf\/dpam\/?page_id=17607"},"modified":"2025-04-02T08:47:48","modified_gmt":"2025-04-02T18:47:48","slug":"mise-en-service-dun-navire-peche-pro-12m","status":"publish","type":"page","link":"https:\/\/www.service-public.pf\/dpam\/mise-en-service-dun-navire-peche-pro-12m\/","title":{"rendered":"Mise en service d&rsquo;un navire de p\u00eache professionnelle (-12m)"},"content":{"rendered":"<div class=\"fusion-fullwidth fullwidth-box fusion-builder-row-1 fusion-flex-container nonhundred-percent-fullwidth non-hundred-percent-height-scrolling\" style=\"--awb-border-radius-top-left:0px;--awb-border-radius-top-right:0px;--awb-border-radius-bottom-right:0px;--awb-border-radius-bottom-left:0px;--awb-flex-wrap:wrap;\" ><div class=\"fusion-builder-row fusion-row fusion-flex-align-items-flex-start fusion-flex-content-wrap\" style=\"max-width:1144px;margin-left: calc(-4% \/ 2 );margin-right: calc(-4% \/ 2 );\"><div class=\"fusion-layout-column fusion_builder_column fusion-builder-column-0 fusion_builder_column_3_4 3_4 fusion-flex-column\" style=\"--awb-bg-size:cover;--awb-width-large:75%;--awb-margin-top-large:0px;--awb-spacing-right-large:2.56%;--awb-margin-bottom-large:20px;--awb-spacing-left-large:2.56%;--awb-width-medium:100%;--awb-order-medium:0;--awb-spacing-right-medium:1.92%;--awb-spacing-left-medium:1.92%;--awb-width-small:100%;--awb-order-small:0;--awb-spacing-right-small:1.92%;--awb-spacing-left-small:1.92%;\"><div class=\"fusion-column-wrapper fusion-column-has-shadow fusion-flex-justify-content-flex-start fusion-content-layout-column\"><div class=\"fusion-title title fusion-title-1 fusion-sep-none fusion-title-center fusion-title-text fusion-title-size-one\" style=\"--awb-margin-top-small:0px;--awb-margin-right-small:0px;--awb-margin-bottom-small:20px;--awb-margin-left-small:0px;--awb-sep-color:#b39b00;\"><h1 class=\"fusion-title-heading title-heading-center\" style=\"margin:0;\"><p style=\"text-align: center\"><span style=\"color: #004b87\"><strong>Mise en service d&rsquo;un navire de p\u00eache professionnelle (-12m)<\/strong><\/span><\/p><\/h1><\/div><div class=\"fusion-separator\" style=\"align-self: center;margin-left: auto;margin-right: auto;margin-top:-15px;margin-bottom:40px;width:100%;max-width:100px;\"><div class=\"fusion-separator-border sep-single\" style=\"--awb-height:20px;--awb-amount:20px;border-color:#b39b00;border-top-width:5px;\"><\/div><\/div><div class=\"fusion-title title fusion-title-2 sep-underline sep-solid fusion-title-text fusion-title-size-one\" style=\"--awb-margin-top-small:0px;--awb-margin-right-small:0px;--awb-margin-bottom-small:20px;--awb-margin-left-small:0px;\"><h1 class=\"fusion-title-heading title-heading-left\" style=\"margin:0;\"><h4>P\u00e9cheur professionnel, vous souhaitez mettre en service un navire de p\u00eache de moins de 12 m (bonitier, poti marara ou autre embarcation de type CAPL).<\/h4><\/h1><\/div><div class=\"fusion-text fusion-text-1\"><p><span style=\"font-size: 12pt\">Pour ce type d\u2019activit\u00e9, il est n\u00e9cessaire de disposer d\u2019un navire conforme aux dispositions de la <a href=\"https:\/\/www.service-public.pf\/dpam\/wp-content\/uploads\/sites\/20\/2018\/04\/Navires_de_peche_de_longueur_inferieure_a_12m.pdf\"><u>division 227<\/u><\/a> du r\u00e8glement annex\u00e9 \u00e0 l\u2019arr\u00eat\u00e9 du 23 novembre 1987 relatif \u00e0 la s\u00e9curit\u00e9 des navires. Un titre de s\u00e9curit\u00e9 sp\u00e9cifique aux navires professionnels, le permis de navigation, lui sera d\u00e9livr\u00e9 par la cellule s\u00e9curit\u00e9 des navires de la DPAM.<\/span><\/p>\n<\/div><div class=\"accordian fusion-accordian\" style=\"--awb-border-size:0px;--awb-icon-size:30px;--awb-content-font-size:15px;--awb-icon-alignment:right;--awb-hover-color:#f5f5f5;--awb-border-color:#070707;--awb-background-color:#f5f5f5;--awb-divider-color:#e0dede;--awb-divider-hover-color:#e0dede;--awb-icon-color:#ffffff;--awb-title-color:#366e8c;--awb-content-color:#004b87;--awb-icon-box-color:#f5f5f5;--awb-toggle-hover-accent-color:#0a103a;--awb-toggle-active-accent-color:#004b87;--awb-title-font-family:&quot;Oswald&quot;;--awb-title-font-weight:400;--awb-title-font-style:normal;--awb-title-font-size:15px;--awb-content-font-family:&quot;Roboto&quot;;--awb-content-font-style:normal;--awb-content-font-weight:400;\"><div class=\"panel-group fusion-toggle-icon-right fusion-toggle-icon-boxed\" id=\"accordion-17607-1\"><div class=\"fusion-panel panel-default panel-1703b41415f0e9031 fusion-toggle-no-divider fusion-toggle-boxed-mode\" style=\"--awb-title-color:#366e8c;--awb-content-color:#000000;\"><div class=\"panel-heading\"><h4 class=\"panel-title toggle\" id=\"toggle_1703b41415f0e9031\"><a aria-expanded=\"false\" aria-controls=\"1703b41415f0e9031\" role=\"button\" data-toggle=\"collapse\" data-target=\"#1703b41415f0e9031\" href=\"#1703b41415f0e9031\"><span class=\"fusion-toggle-icon-wrapper\" aria-hidden=\"true\"><i class=\"fa-fusion-box active-icon fa-caret-down fas\" aria-hidden=\"true\"><\/i><i class=\"fa-fusion-box inactive-icon fa-caret-down fas\" aria-hidden=\"true\"><\/i><\/span><span class=\"fusion-toggle-heading\">1\u00e8re \u00e9tape<\/span><\/a><\/h4><\/div><div id=\"1703b41415f0e9031\" class=\"panel-collapse collapse \" aria-labelledby=\"toggle_1703b41415f0e9031\"><div class=\"panel-body toggle-content fusion-clearfix\">\n<ul>\n<li><span style=\"font-size: 12pt\">Vous devez constituer le dossier de mise en service et le transmettre \u00e0 la cellule s\u00e9curit\u00e9 des navires (<a href=\"mailto:securite.dpam@administration.gov.pf\">securite.dpam@administration.gov.pf<\/a>) de la direction polyn\u00e9siennes des affaires maritimes.<\/span><\/li>\n<\/ul>\n<p><span style=\"font-size: 12pt\">1- <a href=\"https:\/\/www.service-public.pf\/dpam\/wp-content\/uploads\/sites\/20\/2024\/10\/1-Declaration-de-mise-en-chantier.pdf\" target=\"_blank\" rel=\"noopener\"><u>D\u00e9claration de mise en chantier<\/u><\/a><\/span><\/p>\n<p><span style=\"font-size: 12pt\">2- <a href=\"https:\/\/www.service-public.pf\/dpam\/wp-content\/uploads\/sites\/20\/2024\/10\/2-Fiche-de-renseignements.pdf\" target=\"_blank\" rel=\"noopener\"><u>Fiche de renseignements<\/u><\/a><\/span><\/p>\n<p><span style=\"font-size: 14pt\"><span style=\"font-size: 12pt\">3-<\/span><u><span style=\"font-size: 12pt\">\u00a0 <\/span><a href=\"https:\/\/www.service-public.pf\/dpam\/wp-content\/uploads\/sites\/20\/2024\/10\/3-Dossier-technique.pdf\" target=\"_blank\" rel=\"noopener\"><span style=\"font-size: 12pt\">Dossier technique<\/span><\/a><\/u><\/span><\/p>\n<\/div><\/div><\/div><div class=\"fusion-panel panel-default panel-f14a58c464ead1e70 fusion-toggle-no-divider fusion-toggle-boxed-mode\" style=\"--awb-title-color:#366e8c;--awb-content-color:#000000;\"><div class=\"panel-heading\"><h4 class=\"panel-title toggle\" id=\"toggle_f14a58c464ead1e70\"><a aria-expanded=\"false\" aria-controls=\"f14a58c464ead1e70\" role=\"button\" data-toggle=\"collapse\" data-target=\"#f14a58c464ead1e70\" href=\"#f14a58c464ead1e70\"><span class=\"fusion-toggle-icon-wrapper\" aria-hidden=\"true\"><i class=\"fa-fusion-box active-icon fa-caret-down fas\" aria-hidden=\"true\"><\/i><i class=\"fa-fusion-box inactive-icon fa-caret-down fas\" aria-hidden=\"true\"><\/i><\/span><span class=\"fusion-toggle-heading\">2\u00e8me \u00e9tape<\/span><\/a><\/h4><\/div><div id=\"f14a58c464ead1e70\" class=\"panel-collapse collapse \" aria-labelledby=\"toggle_f14a58c464ead1e70\"><div class=\"panel-body toggle-content fusion-clearfix\">\n<p><span style=\"font-size: 12pt\">D\u00e8s r\u00e9ception d\u2019un dossier d\u2019\u00e9tude, la DPAM accusera r\u00e9ception de votre d\u00e9claration et vous pr\u00e9cisera l\u2019inspecteur de la cellule qui sera votre interlocuteur pendant toute la phase de mise en service de votre navire.<\/span><\/p>\n<p><span style=\"font-size: 12pt\">Cet inspecteur prendra rapidement contact avec vous. Si, des \u00e9carts ou manques sont constat\u00e9s dans les \u00e9l\u00e9ments transmis, il vous d\u00e9taillera les documents ou pr\u00e9cisions \u00e0 fournir. S\u2019il l\u2019estime n\u00e9cessaire, une visite du navire en chantier pourra \u00eatre organis\u00e9e afin de s\u2019assurer de la conformit\u00e9 de la construction par rapport aux plans \u00e9tudi\u00e9s.<\/span><\/p>\n<\/div><\/div><\/div><div class=\"fusion-panel panel-default panel-85589f18dd5344ca9 fusion-toggle-no-divider fusion-toggle-boxed-mode\" style=\"--awb-title-color:#366e8c;--awb-content-color:#000000;\"><div class=\"panel-heading\"><h4 class=\"panel-title toggle\" id=\"toggle_85589f18dd5344ca9\"><a aria-expanded=\"false\" aria-controls=\"85589f18dd5344ca9\" role=\"button\" data-toggle=\"collapse\" data-target=\"#85589f18dd5344ca9\" href=\"#85589f18dd5344ca9\"><span class=\"fusion-toggle-icon-wrapper\" aria-hidden=\"true\"><i class=\"fa-fusion-box active-icon fa-caret-down fas\" aria-hidden=\"true\"><\/i><i class=\"fa-fusion-box inactive-icon fa-caret-down fas\" aria-hidden=\"true\"><\/i><\/span><span class=\"fusion-toggle-heading\">3\u00e8me \u00e9tape<\/span><\/a><\/h4><\/div><div id=\"85589f18dd5344ca9\" class=\"panel-collapse collapse \" aria-labelledby=\"toggle_85589f18dd5344ca9\"><div class=\"panel-body toggle-content fusion-clearfix\">\n<p><span style=\"font-size: 12pt\">L\u2019inspecteur r\u00e9digera un proc\u00e8s-verbal synth\u00e9tisant les conclusions de son travail d\u2019\u00e9tude sur l\u2019ensemble des chapitres couverts par celle-ci (construction, stabilit\u00e9, habitabilit\u00e9, <a href=\"https:\/\/www.service-public.pf\/dpam\/securite-2-2-4\/\" target=\"_blank\" rel=\"noopener\"><u>mat\u00e9riels de s\u00e9curit\u00e9<\/u><\/a>\u2026).<\/span><\/p>\n<p><span style=\"font-size: 12pt\">Si une conformit\u00e9 du navire et de ses \u00e9quipements \u00e0 la r\u00e9glementation est constat\u00e9e, la derni\u00e8re \u00e9tape avant le d\u00e9marrage de l\u2019exploitation pourra d\u00e9buter.<\/span><\/p>\n<\/div><\/div><\/div><div class=\"fusion-panel panel-default panel-7f4d34b854b81191d fusion-toggle-no-divider fusion-toggle-boxed-mode\" style=\"--awb-title-color:#366e8c;--awb-content-color:#000000;\"><div class=\"panel-heading\"><h4 class=\"panel-title toggle\" id=\"toggle_7f4d34b854b81191d\"><a aria-expanded=\"false\" aria-controls=\"7f4d34b854b81191d\" role=\"button\" data-toggle=\"collapse\" data-target=\"#7f4d34b854b81191d\" href=\"#7f4d34b854b81191d\"><span class=\"fusion-toggle-icon-wrapper\" aria-hidden=\"true\"><i class=\"fa-fusion-box active-icon fa-caret-down fas\" aria-hidden=\"true\"><\/i><i class=\"fa-fusion-box inactive-icon fa-caret-down fas\" aria-hidden=\"true\"><\/i><\/span><span class=\"fusion-toggle-heading\">4\u00e8me \u00e9tape<\/span><\/a><\/h4><\/div><div id=\"7f4d34b854b81191d\" class=\"panel-collapse collapse \" aria-labelledby=\"toggle_7f4d34b854b81191d\"><div class=\"panel-body toggle-content fusion-clearfix\">\n<p><span style=\"font-size: 12pt\">Une visite de mise en service sera organis\u00e9e. Cette visite permettra de valider les conclusions de l\u2019\u00e9tude documentaire, de v\u00e9rifier la pr\u00e9sence et la conformit\u00e9 du mat\u00e9riel de s\u00e9curit\u00e9 et de proc\u00e9der aux essais de bon fonctionnement du navire.<\/span><\/p>\n<p><span style=\"font-size: 12pt\">A l\u2019issue de ces contr\u00f4les et tests, s\u2019ils sont concluants, un permis de navigation sera d\u00e9livr\u00e9. Un rapport de visite sera r\u00e9dig\u00e9 r\u00e9capitulant l\u2019ensemble des v\u00e9rifications effectu\u00e9es. Il sera assorti, le cas \u00e9ch\u00e9ant, d\u2019une liste des \u00e9carts constat\u00e9s. Ces prescriptions devront \u00eatre r\u00e9alis\u00e9es par l\u2019exploitant dans la limite des d\u00e9lais fix\u00e9s par l\u2019inspecteur. Elles peuvent, si elles sont trop nombreuses ou trop importantes, retarder l\u2019\u00e9mission du permis de navigation et n\u00e9cessiter la r\u00e9alisation d\u2019une contre-visite.<\/span><\/p>\n<\/div><\/div><\/div><div class=\"fusion-panel panel-default panel-afd2199832db3a54d fusion-toggle-no-divider fusion-toggle-boxed-mode\" style=\"--awb-title-color:#366e8c;--awb-content-color:#000000;\"><div class=\"panel-heading\"><h4 class=\"panel-title toggle\" id=\"toggle_afd2199832db3a54d\"><a aria-expanded=\"false\" aria-controls=\"afd2199832db3a54d\" role=\"button\" data-toggle=\"collapse\" data-target=\"#afd2199832db3a54d\" href=\"#afd2199832db3a54d\"><span class=\"fusion-toggle-icon-wrapper\" aria-hidden=\"true\"><i class=\"fa-fusion-box active-icon fa-caret-down fas\" aria-hidden=\"true\"><\/i><i class=\"fa-fusion-box inactive-icon fa-caret-down fas\" aria-hidden=\"true\"><\/i><\/span><span class=\"fusion-toggle-heading\">5\u00e8me \u00e9tape<\/span><\/a><\/h4><\/div><div id=\"afd2199832db3a54d\" class=\"panel-collapse collapse \" aria-labelledby=\"toggle_afd2199832db3a54d\"><div class=\"panel-body toggle-content fusion-clearfix\">\n<p><span style=\"font-size: 12pt\">Votre navire est jug\u00e9 conforme, un permis de navigation vous a \u00e9t\u00e9 d\u00e9livr\u00e9 et vous avez achev\u00e9 l\u2019ensemble <a href=\"https:\/\/www.service-public.pf\/dpam\/navires\/\" target=\"_blank\" rel=\"noopener\"><u>des proc\u00e9dures d\u2019immatriculation<\/u> <\/a>aupr\u00e8s de la DPAM et d\u2019attribution <u><a href=\"https:\/\/www.ressources-marines.gov.pf\/\" target=\"_blank\" rel=\"noopener\">d\u2019une licence de p\u00eache<\/a> <\/u>aupr\u00e8s de la DRM, vous pouvez d\u00e9marrer votre activit\u00e9 de p\u00eache.<\/span><\/p>\n<\/div><\/div><\/div><div class=\"fusion-panel panel-default panel-f4b076af41a3237f4 fusion-toggle-no-divider fusion-toggle-boxed-mode\" style=\"--awb-title-color:#366e8c;--awb-content-color:#000000;\"><div class=\"panel-heading\"><h4 class=\"panel-title toggle\" id=\"toggle_f4b076af41a3237f4\"><a aria-expanded=\"false\" aria-controls=\"f4b076af41a3237f4\" role=\"button\" data-toggle=\"collapse\" data-target=\"#f4b076af41a3237f4\" href=\"#f4b076af41a3237f4\"><span class=\"fusion-toggle-icon-wrapper\" aria-hidden=\"true\"><i class=\"fa-fusion-box active-icon fa-caret-down fas\" aria-hidden=\"true\"><\/i><i class=\"fa-fusion-box inactive-icon fa-caret-down fas\" aria-hidden=\"true\"><\/i><\/span><span class=\"fusion-toggle-heading\">Rappels et Conseils<\/span><\/a><\/h4><\/div><div id=\"f4b076af41a3237f4\" class=\"panel-collapse collapse \" aria-labelledby=\"toggle_f4b076af41a3237f4\"><div class=\"panel-body toggle-content fusion-clearfix\">\n<p><span style=\"color: #ff0000;font-size: 14pt\"><strong>Quelques rappels et conseils\u00a0:<\/strong><\/span><\/p>\n<ul>\n<li><span style=\"font-size: 12pt\">Il est fortement conseill\u00e9 de constituer et fournir le dossier d\u2019\u00e9tude complet \u00e0 la DPAM avant l\u2019achat du navire ou d\u00e9marrage du chantier s\u2019il s\u2019agit d\u2019une nouvelle construction. En effet, l\u2019exp\u00e9rience prouve que la prise en compte tardive des contraintes impos\u00e9es par les r\u00e8glements s\u00e9curit\u00e9 peut \u00eatre \u00e0 l\u2019origine de surco\u00fbts, retards ou modifications qui peuvent \u00eatre difficiles mettre en \u0153uvre sur un navire d\u00e9j\u00e0 construit.<\/span><\/li>\n<\/ul>\n<ul>\n<li><span style=\"font-size: 12pt\">\u00a0Bien que la cellule s\u00e9curit\u00e9 fasse son possible pour traiter rapidement les nouvelles demandes, sa charge de travail reste importante. C\u2019est pourquoi le respect d\u2019<strong>un<\/strong> <strong>d\u00e9lai minimal de deux mois<\/strong> est souhaitable entre la d\u00e9pose du dossier et la date souhait\u00e9e de d\u00e9livrance du titre de s\u00e9curit\u00e9.<\/span><\/li>\n<\/ul>\n<ul>\n<li><span style=\"font-size: 12pt\">La dotation m\u00e9dicale des navires de p\u00eache exploit\u00e9s en 4\u00e8me ou 3\u00e8me cat\u00e9gorie et restant moins de 24 heures \u00e0 la mer est la <a href=\"https:\/\/www.service-public.pf\/dpam\/wp-content\/uploads\/sites\/20\/2021\/06\/Dotation-C-restreinte.pdf\"><u>dotation C restreinte<\/u><\/a>. Les navires exploit\u00e9s en 5\u00e8me cat\u00e9gorie (eaux abrit\u00e9es du lagon) sont \u00e9quip\u00e9s d\u2019une <a href=\"https:\/\/www.service-public.pf\/dpam\/wp-content\/uploads\/sites\/20\/2021\/06\/Dotation-me\u0301dicale-5e\u0300me-pro.pdf\"><u>dotation 5<sup>\u00e8me<\/sup> cat\u00e9gorie professionnelle<\/u><\/a>.<\/span><\/li>\n<\/ul>\n<ul>\n<li><span style=\"font-size: 12pt\">Votre permis de navigation est d\u00e9livr\u00e9 pour une dur\u00e9e d\u2019un an. <\/span><span style=\"font-size: 12pt\">Pour permettre son renouvellement, des missions sont organis\u00e9es chaque ann\u00e9e dans les 5 archipels afin de permettre \u00e0 tous les exploitants de pr\u00e9senter leur navire aux inspecteurs de la s\u00e9curit\u00e9 des navires. Il est imp\u00e9ratif de ne pas manquer notre passage qui est programm\u00e9, pour chaque \u00eele, \u00e0 la m\u00eame p\u00e9riode tous les ans. Votre mairie est inform\u00e9e de notre venue et pourra \u00eatre consult\u00e9e pour en conna\u00eetre les dates exactes. Le <u><a href=\"https:\/\/www.service-public.pf\/dpam\/wp-content\/uploads\/sites\/20\/2025\/01\/SITE-DPAM-Calendrier-Iles-Previsionnel-2025-.pdf\" target=\"_blank\" rel=\"noopener\">planning pr\u00e9visionnel<\/a><\/u>\u00a0est \u00e9galement consultable sur le site de la DPAM. <\/span><span style=\"font-size: 12pt\">Si vous manquez notre passage, il sera n\u00e9cessaire d\u2019organiser \u00e0 vos frais une nouvelle mission d\u2019inspection pour votre navire.<\/span><\/li>\n<\/ul>\n<ul>\n<li><span style=\"font-size: 12pt\">Votre navire doit \u00eatre correctement entretenu et les mat\u00e9riels et \u00e9quipements de s\u00e9curit\u00e9 maintenus en \u00e9tat de disponibilit\u00e9 permanente. Cet entretien peut inclure des essais r\u00e9guliers qu\u2019il vous appartient de r\u00e9aliser ainsi que des contr\u00f4les ou v\u00e9rifications r\u00e9alis\u00e9es par des organismes ext\u00e9rieurs (radeaux de sauvetage, extincteurs\u2026). Des \u00e9quipements sont soumis \u00e0 p\u00e9remption et doivent \u00eatre r\u00e9guli\u00e8rement remplac\u00e9s (fus\u00e9es de d\u00e9tresse, m\u00e9dicaments\u2026).<\/span><\/li>\n<\/ul>\n<\/div><\/div><\/div><\/div><\/div><\/div><\/div><div class=\"fusion-layout-column fusion_builder_column fusion-builder-column-1 fusion_builder_column_1_4 1_4 fusion-flex-column\" style=\"--awb-padding-right:10px;--awb-padding-bottom:70px;--awb-padding-left:10px;--awb-bg-color:#f5f5f5;--awb-bg-color-hover:#f5f5f5;--awb-bg-size:cover;--awb-width-large:25%;--awb-margin-top-large:0px;--awb-spacing-right-large:7.68%;--awb-margin-bottom-large:20px;--awb-spacing-left-large:7.68%;--awb-width-medium:100%;--awb-order-medium:0;--awb-spacing-right-medium:1.92%;--awb-spacing-left-medium:1.92%;--awb-width-small:100%;--awb-order-small:0;--awb-spacing-right-small:1.92%;--awb-spacing-left-small:1.92%;\"><div class=\"fusion-column-wrapper fusion-column-has-shadow fusion-flex-justify-content-flex-start fusion-content-layout-column\"><div class=\"fusion-text fusion-text-2\" style=\"--awb-font-size:13px;--awb-margin-top:20px;--awb-margin-right:0px;--awb-margin-left:0px;\"><p style=\"text-align: center\"><span style=\"color: #004b87\"><span style=\"font-size: 13.3333px\"><b><br \/>\nCELLULE SECURITE<br \/>\nDES NAVIRES<\/b><\/span><\/span><\/p>\n<p style=\"text-align: center\"><span style=\"font-size: 10pt\"><strong><span style=\"color: #004b87\">HORAIRES<\/span><\/strong><\/span><\/p>\n<p style=\"text-align: center\"><span style=\"color: #004b87;font-size: 10pt\">7h30-13h00<\/span><br \/>\n<span style=\"color: #004b87;font-size: 10pt\">(sans RDV)<\/span><br \/>\n<span style=\"color: #004b87;font-size: 10pt\">13h00-15h30<\/span><br \/>\n<span style=\"color: #004b87;font-size: 10pt\">(uniquement sur RDV)<\/span><\/p>\n<p style=\"text-align: center\"><span style=\"font-size: 10pt\"><strong><span style=\"color: #004b87\">CONTACT<\/span><\/strong><\/span><\/p>\n<p style=\"text-align: center\"><span style=\"color: #004b87;font-size: 10pt\">T\u00e9l : 40.54.45.51<\/span><br \/>\n<span style=\"font-size: 10pt\"><span style=\"color: #004b87\">securite.dpam@administr<\/span><span style=\"color: #004b87\">ation.gov.pf<\/span><\/span><\/p>\n<\/div><div style=\"text-align:center;\"><a class=\"fusion-button button-flat fusion-button-default-size button-custom fusion-button-default button-1 fusion-button-default-span \" style=\"--button_accent_color:#ffffff;--button_accent_hover_color:#ffffff;--button_border_hover_color:#ffffff;--button_gradient_top_color:#004b8e;--button_gradient_bottom_color:#004b8e;--button_gradient_top_color_hover:#527496;--button_gradient_bottom_color_hover:#527496;\" target=\"_self\" href=\"https:\/\/outlook.office365.com\/owa\/calendar\/DPAM1@administration.gov.pf\/bookings\/\"><span class=\"fusion-button-text awb-button__text awb-button__text--default\">CLIQUEZ ICI POUR PRENDRE RDV<\/span><\/a><\/div><\/div><\/div><\/div><\/div>\n","protected":false},"excerpt":{"rendered":"","protected":false},"author":275,"featured_media":0,"parent":0,"menu_order":0,"comment_status":"closed","ping_status":"closed","template":"","meta":{"_seopress_robots_primary_cat":"","_seopress_titles_title":"","_seopress_titles_desc":"P\u00e9cheur professionnel, vous souhaitez mettre en service un navire de p\u00eache de moins de 12 m (bonitier, poti marara ou autre embarcation de type CAPL).","_seopress_robots_index":"","footnotes":""},"class_list":["post-17607","page","type-page","status-publish","hentry"],"_links":{"self":[{"href":"https:\/\/www.service-public.pf\/dpam\/wp-json\/wp\/v2\/pages\/17607","targetHints":{"allow":["GET"]}}],"collection":[{"href":"https:\/\/www.service-public.pf\/dpam\/wp-json\/wp\/v2\/pages"}],"about":[{"href":"https:\/\/www.service-public.pf\/dpam\/wp-json\/wp\/v2\/types\/page"}],"author":[{"embeddable":true,"href":"https:\/\/www.service-public.pf\/dpam\/wp-json\/wp\/v2\/users\/275"}],"replies":[{"embeddable":true,"href":"https:\/\/www.service-public.pf\/dpam\/wp-json\/wp\/v2\/comments?post=17607"}],"version-history":[{"count":7,"href":"https:\/\/www.service-public.pf\/dpam\/wp-json\/wp\/v2\/pages\/17607\/revisions"}],"predecessor-version":[{"id":20824,"href":"https:\/\/www.service-public.pf\/dpam\/wp-json\/wp\/v2\/pages\/17607\/revisions\/20824"}],"wp:attachment":[{"href":"https:\/\/www.service-public.pf\/dpam\/wp-json\/wp\/v2\/media?parent=17607"}],"curies":[{"name":"wp","href":"https:\/\/api.w.org\/{rel}","templated":true}]}}