{"id":18697,"date":"2023-11-27T12:57:07","date_gmt":"2023-11-27T22:57:07","guid":{"rendered":"https:\/\/www.service-public.pf\/dpam\/?page_id=18697"},"modified":"2025-03-17T14:30:52","modified_gmt":"2025-03-18T00:30:52","slug":"forum-emploi-maritime","status":"publish","type":"page","link":"https:\/\/www.service-public.pf\/dpam\/forum-emploi-maritime\/","title":{"rendered":"Forum emploi maritime PF"},"content":{"rendered":"<div class=\"fusion-fullwidth fullwidth-box fusion-builder-row-1 nonhundred-percent-fullwidth non-hundred-percent-height-scrolling\" style=\"--awb-border-radius-top-left:0px;--awb-border-radius-top-right:0px;--awb-border-radius-bottom-right:0px;--awb-border-radius-bottom-left:0px;--awb-flex-wrap:wrap;\" ><div class=\"fusion-builder-row fusion-row\"><div class=\"fusion-layout-column fusion_builder_column fusion-builder-column-0 fusion_builder_column_1_1 1_1 fusion-one-full fusion-column-first fusion-column-last\" style=\"--awb-bg-size:cover;\"><div class=\"fusion-column-wrapper fusion-flex-column-wrapper-legacy\"><div class=\"fusion-title title fusion-title-1 fusion-sep-none fusion-title-center fusion-title-text fusion-title-size-one\" style=\"--awb-margin-top-small:0px;--awb-margin-right-small:0px;--awb-margin-bottom-small:20px;--awb-margin-left-small:0px;--awb-sep-color:#b39b00;\"><h1 class=\"fusion-title-heading title-heading-center\" style=\"margin:0;\"><p style=\"text-align: center\"><span style=\"color: #004b87\"><strong>FORUM DE L&rsquo;EMPLOI MARITIME<\/strong><\/span><\/p><\/h1><\/div><div class=\"fusion-sep-clear\"><\/div><div class=\"fusion-separator\" style=\"margin-left: auto;margin-right: auto;margin-top:-15px;margin-bottom:40px;width:100%;max-width:100px;\"><div class=\"fusion-separator-border sep-single\" style=\"--awb-height:20px;--awb-amount:20px;border-color:#b39b00;border-top-width:5px;\"><\/div><\/div><div class=\"fusion-sep-clear\"><\/div><div class=\"fusion-text fusion-text-1\"><div class=\"fusion-text fusion-text-1\">\n<p>Cette rubrique\u00a0<strong>FORUM DE L\u2019EMPLOI<\/strong>\u00a0est mise gracieusement \u00e0 votre disposition. Y seront r\u00e9pertori\u00e9es les offres et les demandes d\u2019emplois uniquement dans le secteur maritime en Polyn\u00e9sie fran\u00e7aise.<\/p>\n<p>La DPAM publiera sur son site web\u00a0:<\/p>\n<\/div>\n<ul class=\"fusion-checklist fusion-checklist-1 fusion-checklist-default type-icons\">\n<li class=\"fusion-li-item\"><i class=\"fusion-li-icon fa fa-play\" aria-hidden=\"true\"><\/i>\n<div class=\"fusion-li-item-content\">les fiches de demande d\u2019emploi avec le Curriculum Vitae (CV) des candidats.<\/div>\n<\/li>\n<li class=\"fusion-li-item\"><i class=\"fusion-li-icon fa fa-play\" aria-hidden=\"true\"><\/i>\n<div class=\"fusion-li-item-content\">les fiches d\u2019offre d\u2019emplois des soci\u00e9t\u00e9s avec leurs coordonn\u00e9es.<\/div>\n<\/li>\n<\/ul>\n<div class=\"fusion-text fusion-text-2\">\n<p>Les \u00e9ventuels employeurs et candidats pourront ainsi se contacter directement.<\/p>\n<\/div>\n<div class=\"fusion-text fusion-text-3\">\n<p><strong>Conditions d\u2019h\u00e9bergement des annonces<\/strong><\/p>\n<\/div>\n<div class=\"fusion-text fusion-text-4\">\n<p>Pour s\u2019inscrire et appara\u00eetre dans ce forum de l\u2019emploi maritime, veuillez remplir l\u2019un des formulaires ci-dessous et le retourner \u00e0 l\u2019adresse suivante\u00a0:<\/p>\n<h4 style=\"text-align: center\"><span style=\"color: #000080\"><strong>accueil.dpam@administration.gov.pf<\/strong><\/span><\/h4>\n<\/div>\n<ul class=\"fusion-checklist fusion-checklist-2 fusion-checklist-default type-icons\">\n<li class=\"fusion-li-item\"><i class=\"fusion-li-icon fa fa-play\" aria-hidden=\"true\"><\/i>\n<div class=\"fusion-li-item-content\">\n<p>La mise en ligne de l\u2019annonce est <strong>GRATUITE<\/strong>.<\/p>\n<\/div>\n<\/li>\n<li class=\"fusion-li-item\">\n<div class=\"fusion-li-item-content\">\n<p>Cette mise en ligne implique le fait de retrouver ces informations accessibles \u00e0 tous sur internet.<\/p>\n<\/div>\n<\/li>\n<li class=\"fusion-li-item\"><i class=\"fusion-li-icon fa fa-play\" aria-hidden=\"true\"><\/i>\n<div class=\"fusion-li-item-content\">La DPAM se r\u00e9serve le droit de refuser toute demande de diffusion ainsi que la possibilit\u00e9 de retirer toute annonce d\u00e9j\u00e0 pr\u00e9sente sur son site, sans pr\u00e9avis ou justification.<\/div>\n<\/li>\n<li class=\"fusion-li-item\"><i class=\"fusion-li-icon fa fa-play\" aria-hidden=\"true\"><\/i>\n<div class=\"fusion-li-item-content\">\n<p>L\u2019annonce sera visible pendant 6 mois. Ce d\u00e9lai d\u00e9pass\u00e9, elle sera retir\u00e9e et il conviendra d\u2019effectuer une nouvelle demande de publication.<\/p>\n<\/div>\n<\/li>\n<li class=\"fusion-li-item\"><i class=\"fusion-li-icon fa fa-play\" aria-hidden=\"true\"><\/i>\n<div class=\"fusion-li-item-content\">\n<p>Si l\u2019annonce a \u00e9t\u00e9 concluante, veuillez en informer la DPAM afin qu\u2019elle puisse \u00eatre retir\u00e9e du forum.<\/p>\n<\/div>\n<\/li>\n<\/ul>\n<\/div><div class=\"fusion-sep-clear\"><\/div><div class=\"fusion-separator fusion-full-width-sep\" style=\"margin-left: auto;margin-right: auto;width:100%;\"><div class=\"fusion-separator-border sep-single\" style=\"--awb-height:20px;--awb-amount:20px;--awb-sep-color:rgba(179,155,0,0);border-color:rgba(179,155,0,0);border-top-width:10px;\"><\/div><\/div><div class=\"fusion-sep-clear\"><\/div><div class=\"fusion-sep-clear\"><\/div><div class=\"fusion-separator fusion-full-width-sep\" style=\"margin-left: auto;margin-right: auto;width:100%;\"><div class=\"fusion-separator-border sep-single\" style=\"--awb-height:20px;--awb-amount:20px;--awb-sep-color:rgba(179,155,0,0);border-color:rgba(179,155,0,0);border-top-width:10px;\"><\/div><\/div><div class=\"fusion-sep-clear\"><\/div><div class=\"fusion-aligncenter\"><a class=\"fusion-button button-flat fusion-button-default-size button-custom fusion-button-default button-1 fusion-button-default-span \" style=\"--button_accent_color:#ffffff;--button_accent_hover_color:#ffffff;--button_border_hover_color:#ffffff;--button_gradient_top_color:#004b8e;--button_gradient_bottom_color:#004b8e;--button_gradient_top_color_hover:#527496;--button_gradient_bottom_color_hover:#527496;\" target=\"_self\" href=\"https:\/\/www.service-public.pf\/dpam\/wp-content\/uploads\/sites\/20\/2018\/03\/formulaire_inscription_forum_demande_emploi-2.pdf\"><span class=\"fusion-button-text awb-button__text awb-button__text--default\">DEMANDE D\u2019EMPLOI \u2013 FORMULAIRE D\u2019INSCRIPTION<\/span><\/a><\/div><div class=\"fusion-sep-clear\"><\/div><div class=\"fusion-separator fusion-full-width-sep\" style=\"margin-left: auto;margin-right: auto;width:100%;\"><div class=\"fusion-separator-border sep-single\" style=\"--awb-height:20px;--awb-amount:20px;--awb-sep-color:rgba(179,155,0,0);border-color:rgba(179,155,0,0);border-top-width:10px;\"><\/div><\/div><div class=\"fusion-sep-clear\"><\/div><div class=\"fusion-aligncenter\"><a class=\"fusion-button button-flat fusion-button-default-size button-custom fusion-button-default button-2 fusion-button-default-span \" style=\"--button_accent_color:#ffffff;--button_accent_hover_color:#ffffff;--button_border_hover_color:#ffffff;--button_gradient_top_color:#008e74;--button_gradient_bottom_color:#008e74;--button_gradient_top_color_hover:#527496;--button_gradient_bottom_color_hover:#527496;\" target=\"_self\" href=\"https:\/\/www.service-public.pf\/dpam\/wp-content\/uploads\/sites\/20\/2018\/03\/formulaire_inscription_forum_-_offre_emploi.pdf\"><span class=\"fusion-button-text awb-button__text awb-button__text--default\">OFFRE D\u2019EMPLOI \u2013 FORMULAIRE D\u2019INSCRIPTION<\/span><\/a><\/div><div class=\"fusion-sep-clear\"><\/div><div class=\"fusion-separator fusion-full-width-sep\" style=\"margin-left: auto;margin-right: auto;width:100%;\"><div class=\"fusion-separator-border sep-single\" style=\"--awb-height:20px;--awb-amount:20px;--awb-sep-color:rgba(179,155,0,0);border-color:rgba(179,155,0,0);border-top-width:10px;\"><\/div><\/div><div class=\"fusion-sep-clear\"><\/div><div class=\"fusion-aligncenter\"><a class=\"fusion-button button-flat fusion-button-default-size button-custom fusion-button-default button-3 fusion-button-default-span \" style=\"--button_accent_color:#ffffff;--button_accent_hover_color:#ffffff;--button_border_hover_color:#ffffff;--button_gradient_top_color:#008e74;--button_gradient_bottom_color:#008e74;--button_gradient_top_color_hover:#527496;--button_gradient_bottom_color_hover:#527496;\" target=\"_self\" href=\"https:\/\/www.service-public.pf\/dpam\/wp-content\/uploads\/sites\/20\/2021\/07\/FICHE-DOFFRE-DEMPLOI.pdf\"><span class=\"fusion-button-text awb-button__text awb-button__text--default\">FICHE OFFRE D\u2019EMPLOI TELECHARGEMENT<\/span><\/a><\/div><div class=\"fusion-sep-clear\"><\/div><div class=\"fusion-separator fusion-full-width-sep\" style=\"margin-left: auto;margin-right: auto;width:100%;\"><div class=\"fusion-separator-border sep-single\" style=\"--awb-height:20px;--awb-amount:20px;--awb-sep-color:rgba(179,155,0,0);border-color:rgba(179,155,0,0);border-top-width:10px;\"><\/div><\/div><div class=\"fusion-sep-clear\"><\/div><div class=\"fusion-sep-clear\"><\/div><div class=\"fusion-separator fusion-full-width-sep\" style=\"margin-left: auto;margin-right: auto;width:100%;\"><div class=\"fusion-separator-border sep-single\" style=\"--awb-height:20px;--awb-amount:20px;--awb-sep-color:rgba(179,155,0,0);border-color:rgba(179,155,0,0);border-top-width:10px;\"><\/div><\/div><div class=\"fusion-sep-clear\"><\/div><div class=\"fusion-sep-clear\"><\/div><div class=\"fusion-separator fusion-full-width-sep\" style=\"margin-left: auto;margin-right: auto;width:100%;\"><div class=\"fusion-separator-border sep-single\" style=\"--awb-height:20px;--awb-amount:20px;--awb-sep-color:rgba(179,155,0,0);border-color:rgba(179,155,0,0);border-top-width:10px;\"><\/div><\/div><div class=\"fusion-sep-clear\"><\/div><div class=\"fusion-recent-posts fusion-recent-posts-1 avada-container layout-default layout-columns-4\" style=\"--awb-margin-top:10px;--awb-margin-bottom:16px;--body_typography-font-family:-apple-system, BlinkMacSystemFont, &#039;Segoe UI&#039;, Roboto, Oxygen-Sans, Ubuntu, Cantarell, &#039;Helvetica Neue&#039; ,sans-serif;--body_typography-font-weight:400;--body_typography-font-style:normal;--body_typography-font-size:22;--body_typography-letter-spacing:2;\"><section class=\"fusion-columns columns fusion-columns-4 columns-4\"><article class=\"post fusion-column column col col-lg-3 col-md-3 col-sm-3\"><div class=\"fusion-flexslider fusion-flexslider-loading flexslider flexslider-hover-type-none\"><ul class=\"slides\"><li><a href=\"https:\/\/www.service-public.pf\/dpam\/2026\/02\/05\/recherche-un-emploi-de-capitaine-skipper-meautai-viritua-maruae\/\" aria-label=\"Recherche un emploi de capitaine\/skipper &#8211; MEAUTAI-VIRITUA Maruae\" class=\"hover-type-none\"><img decoding=\"async\" width=\"500\" height=\"360\" src=\"https:\/\/www.service-public.pf\/dpam\/wp-content\/uploads\/sites\/20\/2023\/11\/demande-emploi.png\" class=\"attachment-full size-full\" alt=\"\" srcset=\"https:\/\/www.service-public.pf\/dpam\/wp-content\/uploads\/sites\/20\/2023\/11\/demande-emploi-200x144.png 200w, https:\/\/www.service-public.pf\/dpam\/wp-content\/uploads\/sites\/20\/2023\/11\/demande-emploi-400x288.png 400w, https:\/\/www.service-public.pf\/dpam\/wp-content\/uploads\/sites\/20\/2023\/11\/demande-emploi.png 500w\" sizes=\"(min-width: 2200px) 100vw, (min-width: 856px) 253px, (min-width: 784px) 337px, (min-width: 712px) 505px, (min-width: 640px) 712px, \" \/><\/a><\/li><\/ul><\/div><div class=\"recent-posts-content\"><span class=\"vcard\" style=\"display: none;\"><span class=\"fn\"><a href=\"https:\/\/www.service-public.pf\/dpam\/author\/rdauphin\/\" title=\"Articles par rdauphin\" rel=\"author\">rdauphin<\/a><\/span><\/span><span class=\"updated\" style=\"display:none;\">2026-02-05T13:28:30-10:00<\/span><div class=\"entry-title\"><a href=\"https:\/\/www.service-public.pf\/dpam\/2026\/02\/05\/recherche-un-emploi-de-capitaine-skipper-meautai-viritua-maruae\/\">Recherche un emploi de capitaine\/skipper &#8211; MEAUTAI-VIRITUA Maruae<\/a><\/div><\/div><\/article><article class=\"post fusion-column column col col-lg-3 col-md-3 col-sm-3\"><div class=\"fusion-flexslider fusion-flexslider-loading flexslider flexslider-hover-type-none\"><ul class=\"slides\"><li><a href=\"https:\/\/www.service-public.pf\/dpam\/2025\/10\/23\/recherche-un-emploi-de-personnel-daccueil-sur-un-navire-a-passagers-navire-de-croisiere\/\" aria-label=\"Recherche un emploi de personnel d&rsquo;accueil sur un navire \u00e0 passagers, navire de croisi\u00e8re\" class=\"hover-type-none\"><img decoding=\"async\" width=\"500\" height=\"360\" src=\"https:\/\/www.service-public.pf\/dpam\/wp-content\/uploads\/sites\/20\/2023\/11\/demande-emploi.png\" class=\"attachment-full size-full\" alt=\"\" srcset=\"https:\/\/www.service-public.pf\/dpam\/wp-content\/uploads\/sites\/20\/2023\/11\/demande-emploi-200x144.png 200w, https:\/\/www.service-public.pf\/dpam\/wp-content\/uploads\/sites\/20\/2023\/11\/demande-emploi-400x288.png 400w, https:\/\/www.service-public.pf\/dpam\/wp-content\/uploads\/sites\/20\/2023\/11\/demande-emploi.png 500w\" sizes=\"(min-width: 2200px) 100vw, (min-width: 856px) 253px, (min-width: 784px) 337px, (min-width: 712px) 505px, (min-width: 640px) 712px, \" \/><\/a><\/li><\/ul><\/div><div class=\"recent-posts-content\"><span class=\"vcard\" style=\"display: none;\"><span class=\"fn\"><a href=\"https:\/\/www.service-public.pf\/dpam\/author\/hbertholon\/\" title=\"Articles par hbertholon\" rel=\"author\">hbertholon<\/a><\/span><\/span><span class=\"updated\" style=\"display:none;\">2026-02-05T12:44:22-10:00<\/span><div class=\"entry-title\"><a href=\"https:\/\/www.service-public.pf\/dpam\/2025\/10\/23\/recherche-un-emploi-de-personnel-daccueil-sur-un-navire-a-passagers-navire-de-croisiere\/\">Recherche un emploi de personnel d&rsquo;accueil sur un navire \u00e0 passagers, navire de croisi\u00e8re<\/a><\/div><\/div><\/article><\/section><\/div><div class=\"fusion-sep-clear\"><\/div><div class=\"fusion-separator fusion-full-width-sep\" style=\"margin-left: auto;margin-right: auto;width:100%;\"><div class=\"fusion-separator-border sep-single\" style=\"--awb-height:20px;--awb-amount:20px;--awb-sep-color:rgba(179,155,0,0);border-color:rgba(179,155,0,0);border-top-width:10px;\"><\/div><\/div><div class=\"fusion-sep-clear\"><\/div><div class=\"fusion-sep-clear\"><\/div><div class=\"fusion-separator fusion-full-width-sep\" style=\"margin-left: auto;margin-right: auto;width:100%;\"><div class=\"fusion-separator-border sep-single\" style=\"--awb-height:20px;--awb-amount:20px;--awb-sep-color:rgba(179,155,0,0);border-color:rgba(179,155,0,0);border-top-width:10px;\"><\/div><\/div><div class=\"fusion-sep-clear\"><\/div><div class=\"fusion-sep-clear\"><\/div><div class=\"fusion-separator fusion-full-width-sep\" style=\"margin-left: auto;margin-right: auto;width:100%;\"><div class=\"fusion-separator-border sep-single\" style=\"--awb-height:20px;--awb-amount:20px;--awb-sep-color:rgba(179,155,0,0);border-color:rgba(179,155,0,0);border-top-width:10px;\"><\/div><\/div><div class=\"fusion-sep-clear\"><\/div><div class=\"fusion-sep-clear\"><\/div><div class=\"fusion-separator fusion-full-width-sep\" style=\"margin-left: auto;margin-right: auto;width:100%;\"><div class=\"fusion-separator-border sep-single\" style=\"--awb-height:20px;--awb-amount:20px;--awb-sep-color:rgba(179,155,0,0);border-color:rgba(179,155,0,0);border-top-width:10px;\"><\/div><\/div><div class=\"fusion-sep-clear\"><\/div><div class=\"fusion-post-slider fusion-flexslider fusion-flexslider-loading flexslider-posts\"><ul class=\"slides\"><li><a href=\"https:\/\/www.service-public.pf\/dpam\/2026\/02\/05\/recherche-un-emploi-de-capitaine-skipper-meautai-viritua-maruae\/\" aria-label=\"Recherche un emploi de capitaine\/skipper &#8211; MEAUTAI-VIRITUA Maruae\"><img decoding=\"async\" width=\"500\" height=\"360\" class=\"wp-image-18706\" src=\"https:\/\/www.service-public.pf\/dpam\/wp-content\/uploads\/sites\/20\/2023\/11\/demande-emploi.png\" alt=\"\" srcset=\"https:\/\/www.service-public.pf\/dpam\/wp-content\/uploads\/sites\/20\/2023\/11\/demande-emploi-200x144.png 200w, https:\/\/www.service-public.pf\/dpam\/wp-content\/uploads\/sites\/20\/2023\/11\/demande-emploi-400x288.png 400w, https:\/\/www.service-public.pf\/dpam\/wp-content\/uploads\/sites\/20\/2023\/11\/demande-emploi.png 500w\" sizes=\"(max-width: 800px) 100vw, 500px\" \/><\/a><div class=\"slide-excerpt\"><h2><a href=\"https:\/\/www.service-public.pf\/dpam\/2026\/02\/05\/recherche-un-emploi-de-capitaine-skipper-meautai-viritua-maruae\/\">Recherche un emploi de capitaine\/skipper &#8211; MEAUTAI-VIRITUA Maruae<\/a><\/h2><\/div><\/li><li><a href=\"https:\/\/www.service-public.pf\/dpam\/2025\/10\/23\/recherche-un-emploi-de-personnel-daccueil-sur-un-navire-a-passagers-navire-de-croisiere\/\" aria-label=\"Recherche un emploi de personnel d&rsquo;accueil sur un navire \u00e0 passagers, navire de croisi\u00e8re\"><img decoding=\"async\" width=\"500\" height=\"360\" class=\"wp-image-18706\" src=\"https:\/\/www.service-public.pf\/dpam\/wp-content\/uploads\/sites\/20\/2023\/11\/demande-emploi.png\" alt=\"\" srcset=\"https:\/\/www.service-public.pf\/dpam\/wp-content\/uploads\/sites\/20\/2023\/11\/demande-emploi-200x144.png 200w, https:\/\/www.service-public.pf\/dpam\/wp-content\/uploads\/sites\/20\/2023\/11\/demande-emploi-400x288.png 400w, https:\/\/www.service-public.pf\/dpam\/wp-content\/uploads\/sites\/20\/2023\/11\/demande-emploi.png 500w\" sizes=\"(max-width: 800px) 100vw, 500px\" \/><\/a><div class=\"slide-excerpt\"><h2><a href=\"https:\/\/www.service-public.pf\/dpam\/2025\/10\/23\/recherche-un-emploi-de-personnel-daccueil-sur-un-navire-a-passagers-navire-de-croisiere\/\">Recherche un emploi de personnel d&rsquo;accueil sur un navire \u00e0 passagers, navire de croisi\u00e8re<\/a><\/h2><\/div><\/li><\/ul><\/div><div class=\"fusion-clearfix\"><\/div><\/div><\/div><\/div><\/div>\n","protected":false},"excerpt":{"rendered":"<p>yes<\/p>\n","protected":false},"author":275,"featured_media":18705,"parent":0,"menu_order":0,"comment_status":"closed","ping_status":"closed","template":"100-width.php","meta":{"_seopress_robots_primary_cat":"","_seopress_titles_title":"","_seopress_titles_desc":"Retrouver toute l'actualit\u00e9 ainsi que celle concernant la DPAM.","_seopress_robots_index":"","footnotes":""},"class_list":["post-18697","page","type-page","status-publish","has-post-thumbnail","hentry"],"_links":{"self":[{"href":"https:\/\/www.service-public.pf\/dpam\/wp-json\/wp\/v2\/pages\/18697","targetHints":{"allow":["GET"]}}],"collection":[{"href":"https:\/\/www.service-public.pf\/dpam\/wp-json\/wp\/v2\/pages"}],"about":[{"href":"https:\/\/www.service-public.pf\/dpam\/wp-json\/wp\/v2\/types\/page"}],"author":[{"embeddable":true,"href":"https:\/\/www.service-public.pf\/dpam\/wp-json\/wp\/v2\/users\/275"}],"replies":[{"embeddable":true,"href":"https:\/\/www.service-public.pf\/dpam\/wp-json\/wp\/v2\/comments?post=18697"}],"version-history":[{"count":1,"href":"https:\/\/www.service-public.pf\/dpam\/wp-json\/wp\/v2\/pages\/18697\/revisions"}],"predecessor-version":[{"id":20554,"href":"https:\/\/www.service-public.pf\/dpam\/wp-json\/wp\/v2\/pages\/18697\/revisions\/20554"}],"wp:featuredmedia":[{"embeddable":true,"href":"https:\/\/www.service-public.pf\/dpam\/wp-json\/wp\/v2\/media\/18705"}],"wp:attachment":[{"href":"https:\/\/www.service-public.pf\/dpam\/wp-json\/wp\/v2\/media?parent=18697"}],"curies":[{"name":"wp","href":"https:\/\/api.w.org\/{rel}","templated":true}]}}