{"id":18912,"date":"2024-01-11T10:31:20","date_gmt":"2024-01-11T20:31:20","guid":{"rendered":"https:\/\/www.service-public.pf\/dpam\/?page_id=18912"},"modified":"2024-02-29T09:34:57","modified_gmt":"2024-02-29T19:34:57","slug":"mouillage-societe","status":"publish","type":"page","link":"https:\/\/www.service-public.pf\/dpam\/mouillage-societe\/","title":{"rendered":"SOCIETE"},"content":{"rendered":"<div class=\"fusion-fullwidth fullwidth-box fusion-builder-row-1 fusion-flex-container nonhundred-percent-fullwidth non-hundred-percent-height-scrolling\" style=\"--awb-border-radius-top-left:0px;--awb-border-radius-top-right:0px;--awb-border-radius-bottom-right:0px;--awb-border-radius-bottom-left:0px;--awb-flex-wrap:wrap;\" ><div class=\"fusion-builder-row fusion-row fusion-flex-align-items-flex-start fusion-flex-content-wrap\" style=\"max-width:1144px;margin-left: calc(-4% \/ 2 );margin-right: calc(-4% \/ 2 );\"><div class=\"fusion-layout-column fusion_builder_column fusion-builder-column-0 fusion_builder_column_3_4 3_4 fusion-flex-column\" style=\"--awb-bg-size:cover;--awb-width-large:75%;--awb-margin-top-large:0px;--awb-spacing-right-large:2.56%;--awb-margin-bottom-large:20px;--awb-spacing-left-large:2.56%;--awb-width-medium:100%;--awb-order-medium:0;--awb-spacing-right-medium:1.92%;--awb-spacing-left-medium:1.92%;--awb-width-small:100%;--awb-order-small:0;--awb-spacing-right-small:1.92%;--awb-spacing-left-small:1.92%;\"><div class=\"fusion-column-wrapper fusion-column-has-shadow fusion-flex-justify-content-flex-start fusion-content-layout-column\"><div class=\"fusion-title title fusion-title-1 fusion-sep-none fusion-title-center fusion-title-text fusion-title-size-one\" style=\"--awb-margin-top-small:0px;--awb-margin-right-small:0px;--awb-margin-bottom-small:20px;--awb-margin-left-small:0px;--awb-sep-color:#b39b00;\"><h1 class=\"fusion-title-heading title-heading-center\" style=\"margin:0;\"><p style=\"text-align: center\"><span style=\"color: #004b87\"><strong>R\u00e8glementation des zones de mouillage<br \/>\nSOCIETE<\/strong><\/span><\/p><\/h1><\/div><div class=\"fusion-separator\" style=\"align-self: center;margin-left: auto;margin-right: auto;margin-top:-15px;margin-bottom:40px;width:100%;max-width:100px;\"><div class=\"fusion-separator-border sep-single\" style=\"--awb-height:20px;--awb-amount:20px;border-color:#b39b00;border-top-width:5px;\"><\/div><\/div><div class=\"fusion-separator fusion-full-width-sep\" style=\"align-self: center;margin-left: auto;margin-right: auto;margin-top:40px;width:100%;\"><\/div><div class=\"fusion-recent-posts fusion-recent-posts-1 avada-container layout-default layout-columns-3\"><section class=\"fusion-columns columns fusion-columns-3 columns-3\"><article class=\"post fusion-column column col col-lg-4 col-md-4 col-sm-4\"><div class=\"fusion-flexslider fusion-flexslider-loading flexslider flexslider-hover-type-none\"><ul class=\"slides\"><li><a href=\"https:\/\/www.service-public.pf\/dpam\/2024\/06\/20\/zone-mouillage-moorea\/\" class=\"hover-type-none\"><img decoding=\"async\" width=\"500\" height=\"360\" src=\"https:\/\/www.service-public.pf\/dpam\/wp-content\/uploads\/sites\/20\/2025\/07\/vignette-Moorea.png\" class=\"attachment-recent-posts size-recent-posts\" alt=\"\" srcset=\"https:\/\/www.service-public.pf\/dpam\/wp-content\/uploads\/sites\/20\/2025\/07\/vignette-Moorea-200x144.png 200w, https:\/\/www.service-public.pf\/dpam\/wp-content\/uploads\/sites\/20\/2025\/07\/vignette-Moorea-300x216.png 300w, https:\/\/www.service-public.pf\/dpam\/wp-content\/uploads\/sites\/20\/2025\/07\/vignette-Moorea-400x288.png 400w, https:\/\/www.service-public.pf\/dpam\/wp-content\/uploads\/sites\/20\/2025\/07\/vignette-Moorea.png 500w\" sizes=\"(max-width: 500px) 100vw, 500px\" \/><\/a><\/li><\/ul><\/div><div class=\"recent-posts-content\"><span class=\"entry-title\" style=\"display: none;\"><\/span><span class=\"vcard\" style=\"display: none;\"><span class=\"fn\"><a href=\"https:\/\/www.service-public.pf\/dpam\/author\/vmartin\/\" title=\"Articles par vmartin\" rel=\"author\">vmartin<\/a><\/span><\/span><span class=\"updated\" style=\"display:none;\">2025-07-10T12:00:35-10:00<\/span><p>Consultez l'arr\u00eat\u00e9 concernant les zones de mouillage autoris\u00e9es \u00e0 Moorea<\/p><\/div><\/article><article class=\"post fusion-column column col col-lg-4 col-md-4 col-sm-4\"><div class=\"fusion-flexslider fusion-flexslider-loading flexslider flexslider-hover-type-none\"><ul class=\"slides\"><li><a href=\"https:\/\/www.service-public.pf\/dpam\/2024\/02\/29\/19197\/\" class=\"hover-type-none\"><img decoding=\"async\" width=\"500\" height=\"360\" src=\"https:\/\/www.service-public.pf\/dpam\/wp-content\/uploads\/sites\/20\/2024\/02\/RAIATEA.png\" class=\"attachment-recent-posts size-recent-posts\" alt=\"\" srcset=\"https:\/\/www.service-public.pf\/dpam\/wp-content\/uploads\/sites\/20\/2024\/02\/RAIATEA-200x144.png 200w, https:\/\/www.service-public.pf\/dpam\/wp-content\/uploads\/sites\/20\/2024\/02\/RAIATEA-300x216.png 300w, https:\/\/www.service-public.pf\/dpam\/wp-content\/uploads\/sites\/20\/2024\/02\/RAIATEA-400x288.png 400w, https:\/\/www.service-public.pf\/dpam\/wp-content\/uploads\/sites\/20\/2024\/02\/RAIATEA.png 500w\" sizes=\"(max-width: 500px) 100vw, 500px\" \/><\/a><\/li><\/ul><\/div><div class=\"recent-posts-content\"><span class=\"entry-title\" style=\"display: none;\"><\/span><span class=\"vcard\" style=\"display: none;\"><span class=\"fn\"><a href=\"https:\/\/www.service-public.pf\/dpam\/author\/vmartin\/\" title=\"Articles par vmartin\" rel=\"author\">vmartin<\/a><\/span><\/span><span class=\"updated\" style=\"display:none;\">2025-07-10T13:04:24-10:00<\/span><p>Consultez l'arr\u00eat\u00e9 concernant les zones de mouillage autoris\u00e9es \u00e0 Raiatea<\/p><\/div><\/article><article class=\"post fusion-column column col col-lg-4 col-md-4 col-sm-4\"><div class=\"fusion-flexslider fusion-flexslider-loading flexslider flexslider-hover-type-none\"><ul class=\"slides\"><li><a href=\"https:\/\/www.service-public.pf\/dpam\/2024\/02\/29\/zone-mouillage-tahaa\/\" class=\"hover-type-none\"><img decoding=\"async\" width=\"500\" height=\"360\" src=\"https:\/\/www.service-public.pf\/dpam\/wp-content\/uploads\/sites\/20\/2024\/02\/TAHAA.png\" class=\"attachment-recent-posts size-recent-posts\" alt=\"\" srcset=\"https:\/\/www.service-public.pf\/dpam\/wp-content\/uploads\/sites\/20\/2024\/02\/TAHAA-200x144.png 200w, https:\/\/www.service-public.pf\/dpam\/wp-content\/uploads\/sites\/20\/2024\/02\/TAHAA-300x216.png 300w, https:\/\/www.service-public.pf\/dpam\/wp-content\/uploads\/sites\/20\/2024\/02\/TAHAA-400x288.png 400w, https:\/\/www.service-public.pf\/dpam\/wp-content\/uploads\/sites\/20\/2024\/02\/TAHAA.png 500w\" sizes=\"(max-width: 500px) 100vw, 500px\" \/><\/a><\/li><\/ul><\/div><div class=\"recent-posts-content\"><span class=\"entry-title\" style=\"display: none;\"><\/span><span class=\"vcard\" style=\"display: none;\"><span class=\"fn\"><a href=\"https:\/\/www.service-public.pf\/dpam\/author\/vmartin\/\" title=\"Articles par vmartin\" rel=\"author\">vmartin<\/a><\/span><\/span><span class=\"updated\" style=\"display:none;\">2025-07-10T13:13:28-10:00<\/span><p>Consultez l'arr\u00eat\u00e9 concernant les zones de mouillage autoris\u00e9es \u00e0 Taha'a<\/p><\/div><\/article><article class=\"post fusion-column column col col-lg-4 col-md-4 col-sm-4\"><div class=\"fusion-flexslider fusion-flexslider-loading flexslider flexslider-hover-type-none\"><ul class=\"slides\"><li><a href=\"https:\/\/www.service-public.pf\/dpam\/2024\/01\/12\/zone-mouillage-huahine\/\" class=\"hover-type-none\"><img decoding=\"async\" width=\"500\" height=\"360\" src=\"https:\/\/www.service-public.pf\/dpam\/wp-content\/uploads\/sites\/20\/2024\/01\/HUAHINE.png\" class=\"attachment-recent-posts size-recent-posts\" alt=\"\" srcset=\"https:\/\/www.service-public.pf\/dpam\/wp-content\/uploads\/sites\/20\/2024\/01\/HUAHINE-200x144.png 200w, https:\/\/www.service-public.pf\/dpam\/wp-content\/uploads\/sites\/20\/2024\/01\/HUAHINE-300x216.png 300w, https:\/\/www.service-public.pf\/dpam\/wp-content\/uploads\/sites\/20\/2024\/01\/HUAHINE-400x288.png 400w, https:\/\/www.service-public.pf\/dpam\/wp-content\/uploads\/sites\/20\/2024\/01\/HUAHINE.png 500w\" sizes=\"(max-width: 500px) 100vw, 500px\" \/><\/a><\/li><\/ul><\/div><div class=\"recent-posts-content\"><span class=\"entry-title\" style=\"display: none;\"><\/span><span class=\"vcard\" style=\"display: none;\"><span class=\"fn\"><a href=\"https:\/\/www.service-public.pf\/dpam\/author\/mricherd\/\" title=\"Articles par mricherd\" rel=\"author\">mricherd<\/a><\/span><\/span><span class=\"updated\" style=\"display:none;\">2025-07-10T13:25:44-10:00<\/span><p>Consultez l'arr\u00eat\u00e9 concernant les zones de mouillage autoris\u00e9es \u00e0 Huahine<\/p><\/div><\/article><article class=\"post fusion-column column col col-lg-4 col-md-4 col-sm-4\"><div class=\"fusion-flexslider fusion-flexslider-loading flexslider flexslider-hover-type-none\"><ul class=\"slides\"><li><a href=\"https:\/\/www.service-public.pf\/dpam\/2024\/01\/11\/zone-mouillage-bora-bora-paquebots\/\" class=\"hover-type-none\"><img decoding=\"async\" width=\"500\" height=\"360\" src=\"https:\/\/www.service-public.pf\/dpam\/wp-content\/uploads\/sites\/20\/2024\/01\/BORA-BORA-PAQUEBOTS-1.png\" class=\"attachment-recent-posts size-recent-posts\" alt=\"\" srcset=\"https:\/\/www.service-public.pf\/dpam\/wp-content\/uploads\/sites\/20\/2024\/01\/BORA-BORA-PAQUEBOTS-1-200x144.png 200w, https:\/\/www.service-public.pf\/dpam\/wp-content\/uploads\/sites\/20\/2024\/01\/BORA-BORA-PAQUEBOTS-1-300x216.png 300w, https:\/\/www.service-public.pf\/dpam\/wp-content\/uploads\/sites\/20\/2024\/01\/BORA-BORA-PAQUEBOTS-1-400x288.png 400w, https:\/\/www.service-public.pf\/dpam\/wp-content\/uploads\/sites\/20\/2024\/01\/BORA-BORA-PAQUEBOTS-1.png 500w\" sizes=\"(max-width: 500px) 100vw, 500px\" \/><\/a><\/li><\/ul><\/div><div class=\"recent-posts-content\"><span class=\"entry-title\" style=\"display: none;\"><\/span><span class=\"vcard\" style=\"display: none;\"><span class=\"fn\"><a href=\"https:\/\/www.service-public.pf\/dpam\/author\/mricherd\/\" title=\"Articles par mricherd\" rel=\"author\">mricherd<\/a><\/span><\/span><span class=\"updated\" style=\"display:none;\">2024-07-10T10:10:36-10:00<\/span><p>Consultez l'arr\u00eat\u00e9 concernant les zones de mouillage autoris\u00e9es \u00e0 Bora bora pour les navires sup\u00e9rieur ou \u00e9gal \u00e0 90m<\/p><\/div><\/article><article class=\"post fusion-column column col col-lg-4 col-md-4 col-sm-4\"><div class=\"fusion-flexslider fusion-flexslider-loading flexslider flexslider-hover-type-none\"><ul class=\"slides\"><li><a href=\"https:\/\/www.service-public.pf\/dpam\/2024\/01\/11\/zone-mouillage-bora-bora-lagon\/\" class=\"hover-type-none\"><img decoding=\"async\" width=\"500\" height=\"360\" src=\"https:\/\/www.service-public.pf\/dpam\/wp-content\/uploads\/sites\/20\/2024\/01\/BORA-BORA-LAGON-1.png\" class=\"attachment-recent-posts size-recent-posts\" alt=\"\" srcset=\"https:\/\/www.service-public.pf\/dpam\/wp-content\/uploads\/sites\/20\/2024\/01\/BORA-BORA-LAGON-1-200x144.png 200w, https:\/\/www.service-public.pf\/dpam\/wp-content\/uploads\/sites\/20\/2024\/01\/BORA-BORA-LAGON-1-300x216.png 300w, https:\/\/www.service-public.pf\/dpam\/wp-content\/uploads\/sites\/20\/2024\/01\/BORA-BORA-LAGON-1-400x288.png 400w, https:\/\/www.service-public.pf\/dpam\/wp-content\/uploads\/sites\/20\/2024\/01\/BORA-BORA-LAGON-1.png 500w\" sizes=\"(max-width: 500px) 100vw, 500px\" \/><\/a><\/li><\/ul><\/div><div class=\"recent-posts-content\"><span class=\"entry-title\" style=\"display: none;\"><\/span><span class=\"vcard\" style=\"display: none;\"><span class=\"fn\"><a href=\"https:\/\/www.service-public.pf\/dpam\/author\/mricherd\/\" title=\"Articles par mricherd\" rel=\"author\">mricherd<\/a><\/span><\/span><span class=\"updated\" style=\"display:none;\">2024-07-10T10:12:44-10:00<\/span><p>Consultez l'arr\u00eat\u00e9 concernant les zones de mouillage autoris\u00e9es \u00e0 Bora bora pour les navires de moins de 90m<\/p><\/div><\/article><article class=\"post fusion-column column col col-lg-4 col-md-4 col-sm-4\"><div class=\"fusion-flexslider fusion-flexslider-loading flexslider flexslider-hover-type-none\"><ul class=\"slides\"><li><a href=\"https:\/\/www.service-public.pf\/dpam\/2024\/01\/11\/zone-mouillage-taiarapu-ouest\/\" class=\"hover-type-none\"><img decoding=\"async\" width=\"500\" height=\"360\" src=\"https:\/\/www.service-public.pf\/dpam\/wp-content\/uploads\/sites\/20\/2024\/01\/TAIARAPU-OUEST.png\" class=\"attachment-recent-posts size-recent-posts\" alt=\"\" srcset=\"https:\/\/www.service-public.pf\/dpam\/wp-content\/uploads\/sites\/20\/2024\/01\/TAIARAPU-OUEST-200x144.png 200w, https:\/\/www.service-public.pf\/dpam\/wp-content\/uploads\/sites\/20\/2024\/01\/TAIARAPU-OUEST-300x216.png 300w, https:\/\/www.service-public.pf\/dpam\/wp-content\/uploads\/sites\/20\/2024\/01\/TAIARAPU-OUEST-400x288.png 400w, https:\/\/www.service-public.pf\/dpam\/wp-content\/uploads\/sites\/20\/2024\/01\/TAIARAPU-OUEST.png 500w\" sizes=\"(max-width: 500px) 100vw, 500px\" \/><\/a><\/li><\/ul><\/div><div class=\"recent-posts-content\"><span class=\"entry-title\" style=\"display: none;\"><\/span><span class=\"vcard\" style=\"display: none;\"><span class=\"fn\"><a href=\"https:\/\/www.service-public.pf\/dpam\/author\/mricherd\/\" title=\"Articles par mricherd\" rel=\"author\">mricherd<\/a><\/span><\/span><span class=\"updated\" style=\"display:none;\">2024-07-10T10:38:31-10:00<\/span><p>Consultez l'arr\u00eat\u00e9 concernant les zones de mouillage autoris\u00e9es \u00e0 Taiarapu Ouest<\/p><\/div><\/article><article class=\"post fusion-column column col col-lg-4 col-md-4 col-sm-4\"><div class=\"fusion-flexslider fusion-flexslider-loading flexslider flexslider-hover-type-none\"><ul class=\"slides\"><li><a href=\"https:\/\/www.service-public.pf\/dpam\/2024\/01\/11\/mouillage-faaa-punaauia\/\" aria-label=\"Zone mouillage &#8211; FAA&rsquo;A et PUNAAUIA\" class=\"hover-type-none\"><img decoding=\"async\" width=\"500\" height=\"360\" src=\"https:\/\/www.service-public.pf\/dpam\/wp-content\/uploads\/sites\/20\/2024\/01\/FAAA-PUNAAUIA.png\" class=\"attachment-recent-posts size-recent-posts\" alt=\"\" srcset=\"https:\/\/www.service-public.pf\/dpam\/wp-content\/uploads\/sites\/20\/2024\/01\/FAAA-PUNAAUIA-200x144.png 200w, https:\/\/www.service-public.pf\/dpam\/wp-content\/uploads\/sites\/20\/2024\/01\/FAAA-PUNAAUIA-300x216.png 300w, https:\/\/www.service-public.pf\/dpam\/wp-content\/uploads\/sites\/20\/2024\/01\/FAAA-PUNAAUIA-400x288.png 400w, https:\/\/www.service-public.pf\/dpam\/wp-content\/uploads\/sites\/20\/2024\/01\/FAAA-PUNAAUIA.png 500w\" sizes=\"(max-width: 500px) 100vw, 500px\" \/><\/a><\/li><\/ul><\/div><div class=\"recent-posts-content\"><span class=\"entry-title\" style=\"display: none;\">Zone mouillage &#8211; FAA&rsquo;A et PUNAAUIA<\/span><span class=\"vcard\" style=\"display: none;\"><span class=\"fn\"><a href=\"https:\/\/www.service-public.pf\/dpam\/author\/mricherd\/\" title=\"Articles par mricherd\" rel=\"author\">mricherd<\/a><\/span><\/span><span class=\"updated\" style=\"display:none;\">2024-07-18T15:29:14-10:00<\/span><p>Consultez l'arr\u00eat\u00e9 concernant les zones de mouillage autoris\u00e9es \u00e0 Faa'a et Punaauia<\/p><\/div><\/article><\/section><\/div><\/div><\/div><div class=\"fusion-layout-column fusion_builder_column fusion-builder-column-1 fusion_builder_column_1_4 1_4 fusion-flex-column\" style=\"--awb-padding-right:10px;--awb-padding-bottom:70px;--awb-padding-left:10px;--awb-bg-color:#f5f5f5;--awb-bg-color-hover:#f5f5f5;--awb-bg-size:cover;--awb-width-large:25%;--awb-margin-top-large:0px;--awb-spacing-right-large:7.68%;--awb-margin-bottom-large:20px;--awb-spacing-left-large:7.68%;--awb-width-medium:100%;--awb-order-medium:0;--awb-spacing-right-medium:1.92%;--awb-spacing-left-medium:1.92%;--awb-width-small:100%;--awb-order-small:0;--awb-spacing-right-small:1.92%;--awb-spacing-left-small:1.92%;\"><div class=\"fusion-column-wrapper fusion-column-has-shadow fusion-flex-justify-content-flex-start fusion-content-layout-column\"><div class=\"fusion-text fusion-text-1\" style=\"--awb-font-size:13px;--awb-margin-top:20px;--awb-margin-right:0px;--awb-margin-left:0px;\"><p style=\"text-align: center\"><span style=\"font-size: 10pt\"><strong><span style=\"color: #004b87\">CELLULE DE GESTION<br \/>\nDES ESCALES<\/span><\/strong><\/span><\/p>\n<p style=\"text-align: center\"><span style=\"font-size: 10pt\"><strong><span style=\"color: #004b87\">HORAIRES<\/span><\/strong><\/span><\/p>\n<p style=\"text-align: center\"><span style=\"color: #004b87;font-size: 10pt\">7h30-13h00<\/span><br \/>\n<span style=\"color: #004b87;font-size: 10pt\">(sans RDV)<\/span><br \/>\n<span style=\"color: #004b87;font-size: 10pt\">13h00-15h30<\/span><br \/>\n<span style=\"color: #004b87;font-size: 10pt\">(uniquement sur RDV)<\/span><\/p>\n<p style=\"text-align: center\"><span style=\"font-size: 10pt\"><strong><span style=\"color: #004b87\">CONTACT<\/span><\/strong><\/span><\/p>\n<p style=\"text-align: center\"><span style=\"color: #004b87;font-size: 10pt\">T\u00e9l : 40.54.45.30<\/span><br \/>\n<a href=\"mailto:escales.dpam@administration.gov.pf\">escales.dpam@administration.gov.pf<\/a><\/p>\n<\/div><div ><a class=\"fusion-button button-flat fusion-button-default-size button-custom fusion-button-default button-1 fusion-button-span-yes fusion-button-default-type\" style=\"--button_accent_color:#ffffff;--button_border_color:#004b87;--button_accent_hover_color:#ffffff;--button_border_hover_color:#004b87;--button_border_width-top:10px;--button_border_width-right:0px;--button_border_width-bottom:10px;--button_border_width-left:0px;--button_gradient_end:0%;--button_gradient_top_color:#004b87;--button_gradient_bottom_color:#004b87;--button_gradient_top_color_hover:#004b87;--button_gradient_bottom_color_hover:#004b87;--button_margin-top:0px;--button_margin-right:10px;--button_margin-bottom:0px;--button_margin-left:0px;width:calc(100% - 10px - 0px);\" target=\"_blank\" rel=\"noopener noreferrer\" href=\"mailto:transport.dpam@administration.gov.pf\"><span class=\"fusion-button-text awb-button__text awb-button__text--default\">CLIQUEZ ICI<\/span><\/a><\/div><\/div><\/div><\/div><\/div>\n","protected":false},"excerpt":{"rendered":"","protected":false},"author":275,"featured_media":0,"parent":0,"menu_order":0,"comment_status":"closed","ping_status":"closed","template":"","meta":{"_seopress_robots_primary_cat":"","_seopress_titles_title":"","_seopress_titles_desc":"La cellule du transport et du contr\u00f4le maritime est en charge de l\u2019instruction des demandes de licence d\u2019exploitation...\r\n\r\n\r\n   \r\n","_seopress_robots_index":"","footnotes":""},"class_list":["post-18912","page","type-page","status-publish","hentry"],"_links":{"self":[{"href":"https:\/\/www.service-public.pf\/dpam\/wp-json\/wp\/v2\/pages\/18912","targetHints":{"allow":["GET"]}}],"collection":[{"href":"https:\/\/www.service-public.pf\/dpam\/wp-json\/wp\/v2\/pages"}],"about":[{"href":"https:\/\/www.service-public.pf\/dpam\/wp-json\/wp\/v2\/types\/page"}],"author":[{"embeddable":true,"href":"https:\/\/www.service-public.pf\/dpam\/wp-json\/wp\/v2\/users\/275"}],"replies":[{"embeddable":true,"href":"https:\/\/www.service-public.pf\/dpam\/wp-json\/wp\/v2\/comments?post=18912"}],"version-history":[{"count":0,"href":"https:\/\/www.service-public.pf\/dpam\/wp-json\/wp\/v2\/pages\/18912\/revisions"}],"wp:attachment":[{"href":"https:\/\/www.service-public.pf\/dpam\/wp-json\/wp\/v2\/media?parent=18912"}],"curies":[{"name":"wp","href":"https:\/\/api.w.org\/{rel}","templated":true}]}}