{"id":18994,"date":"2024-01-12T14:10:40","date_gmt":"2024-01-13T00:10:40","guid":{"rendered":"https:\/\/www.service-public.pf\/dpam\/?page_id=18994"},"modified":"2025-06-17T12:00:56","modified_gmt":"2025-06-17T22:00:56","slug":"teleservice-escales","status":"publish","type":"page","link":"https:\/\/www.service-public.pf\/dpam\/teleservice-escales\/","title":{"rendered":"T\u00e9l\u00e9service ESCALES"},"content":{"rendered":"<div class=\"fusion-fullwidth fullwidth-box fusion-builder-row-1 nonhundred-percent-fullwidth non-hundred-percent-height-scrolling\" style=\"--awb-border-radius-top-left:0px;--awb-border-radius-top-right:0px;--awb-border-radius-bottom-right:0px;--awb-border-radius-bottom-left:0px;--awb-flex-wrap:wrap;\" ><div class=\"fusion-builder-row fusion-row\"><div class=\"fusion-layout-column fusion_builder_column fusion-builder-column-0 fusion_builder_column_3_4 3_4 fusion-three-fourth fusion-column-first\" style=\"--awb-bg-size:cover;width:75%;width:calc(75% - ( ( 4% ) * 0.75 ) );margin-right: 4%;\"><div class=\"fusion-column-wrapper fusion-column-has-shadow fusion-flex-column-wrapper-legacy\"><div class=\"fusion-title title fusion-title-1 fusion-sep-none fusion-title-center fusion-title-text fusion-title-size-one\" style=\"--awb-margin-top-small:0px;--awb-margin-right-small:0px;--awb-margin-bottom-small:20px;--awb-margin-left-small:0px;--awb-sep-color:#b39b00;\"><h1 class=\"fusion-title-heading title-heading-center\" style=\"margin:0;\"><p style=\"text-align: center\"><span style=\"color: #004b87\"><strong>T\u00e9l\u00e9service ESCALES<\/strong><\/span><\/p><\/h1><\/div><div class=\"fusion-sep-clear\"><\/div><div class=\"fusion-separator\" style=\"margin-left: auto;margin-right: auto;margin-top:-15px;margin-bottom:40px;width:100%;max-width:100px;\"><div class=\"fusion-separator-border sep-single\" style=\"--awb-height:20px;--awb-amount:20px;border-color:#b39b00;border-top-width:5px;\"><\/div><\/div><div class=\"fusion-sep-clear\"><\/div><div class=\"fusion-text fusion-text-1\"><table style=\"border-collapse: collapse;width: 100%\">\n<tbody>\n<tr>\n<td style=\"width: 49.3996%\">\n<p class=\"cvGsUA direction-ltr align-justify para-style-body\"><span class=\"OYPEnA text-decoration-none text-strikethrough-none\">Les navires d\u00e9sirant faire une escale en Polyn\u00e9sie fran\u00e7aise qui sont concern\u00e9s par l\u2019utilisation d\u2019Escales sont les<\/span> <span class=\"OYPEnA text-decoration-none text-strikethrough-none\">types suivants : Navires de croisi\u00e8res, Yachts, et les navires de plaisance (\u00e0 compter de d\u00e9but 2025).<\/span><\/p>\n<p class=\"cvGsUA direction-ltr align-justify para-style-body\"><span class=\"OYPEnA text-decoration-none text-strikethrough-none\">Pour savoir si vous \u00eates concern\u00e9s contactez la DPAM au +689 40 544 500<\/span><\/p>\n<p class=\"cvGsUA direction-ltr align-justify para-style-body\"><span class=\"OYPEnA text-decoration-none text-strikethrough-none\">envoyez un mail \u00e0 l\u2019adresse suivante :<\/span><\/p>\n<p class=\"cvGsUA direction-ltr align-justify para-style-body\"><span class=\"OYPEnA text-decoration-none text-strikethrough-none\">escales.dpam@administration.gov.pf<\/span><\/p>\n<p>Les \u00e9tapes cl\u00e9s :<\/p>\n<ol>\n<li><span class=\"OYPEnA text-decoration-none text-strikethrough-none\">Consulter les plannings de r\u00e9servation<\/span><\/li>\n<li><span class=\"OYPEnA text-decoration-none text-strikethrough-none\">Cr\u00e9er un compte en ligne<\/span><\/li>\n<li><span class=\"OYPEnA text-decoration-none text-strikethrough-none\">D\u00e9clarer mon navire et mon identit\u00e9 \/ entreprise<\/span><\/li>\n<li><span class=\"OYPEnA text-decoration-none text-strikethrough-none\">Faire une demande de r\u00e9servation en ligne<\/span><\/li>\n<li><span class=\"OYPEnA text-decoration-none text-strikethrough-none\">Demander ma clearance de sortie<\/span><\/li>\n<\/ol>\n<\/td>\n<td style=\"width: 50.6004%\">\n<p class=\"cvGsUA direction-ltr align-justify para-style-body\"><span class=\"OYPEnA text-decoration-none text-strikethrough-none\">All ships wishing to make a stopover in French Polynesia that are affected by the use of Escales are the following types: Cruise ships, Yachts, and pleasure vessels (applicable by the beginning of 2025)<\/span><\/p>\n<p class=\"cvGsUA direction-ltr align-justify para-style-body\"><span class=\"OYPEnA text-decoration-none text-strikethrough-none\">To find out if you are affected, contact the DPAM on +689 40 544 500 or by email on :<\/span><\/p>\n<p class=\"cvGsUA direction-ltr align-justify para-style-body\"><span class=\"OYPEnA text-decoration-none text-strikethrough-none\">escales.dpam@administration.gov.pf<\/span><\/p>\n<ol>\n<li><span class=\"OYPEnA text-decoration-none text-strikethrough-none\">Consult booking schedules<\/span><\/li>\n<li><span class=\"OYPEnA text-decoration-none text-strikethrough-none\">Create online account<\/span><\/li>\n<li><span class=\"OYPEnA text-decoration-none text-strikethrough-none\">Declare personal or professional identity<\/span><\/li>\n<li><span class=\"OYPEnA text-decoration-none text-strikethrough-none\">Make online booking<\/span><\/li>\n<li><span class=\"OYPEnA text-decoration-none text-strikethrough-none\">Request for exit clearance<\/span><\/li>\n<\/ol>\n<\/td>\n<\/tr>\n<\/tbody>\n<\/table>\n<\/div><div class=\"fusion-text fusion-text-2\"><p><span style=\"font-size: 14pt\"><strong><span style=\"color: #004b87\">LIEN VERS LE T\u00c9L\u00c9SERVICE<\/span><\/strong><\/span><\/p>\n<\/div><div class=\"fusion-sep-clear\"><\/div><div class=\"fusion-separator fusion-clearfix\" style=\"float:left;margin-top:-15px;margin-bottom:40px;width:100%;max-width:100px;\"><div class=\"fusion-separator-border sep-single\" style=\"--awb-height:20px;--awb-amount:20px;border-color:#b39b00;border-top-width:5px;\"><\/div><\/div><div class=\"fusion-sep-clear\"><\/div><div class=\"fusion-aligncenter\"><a class=\"fusion-button button-flat fusion-button-default-size button-custom fusion-button-default button-1 fusion-button-default-span \" style=\"--button_accent_color:#ffffff;--button_accent_hover_color:#ffffff;--button_border_hover_color:#ffffff;--button_gradient_top_color:#004b8e;--button_gradient_bottom_color:#004b8e;--button_gradient_top_color_hover:#527496;--button_gradient_bottom_color_hover:#527496;\" target=\"_self\" href=\"https:\/\/escales.gov.pf\/home\"><span class=\"fusion-button-text awb-button__text awb-button__text--default\">CLIQUEZ ICI POUR VOUS RENDRE SUR ESCALES<\/span><\/a><\/div><div class=\"fusion-sep-clear\"><\/div><div class=\"fusion-separator\" style=\"margin-left: auto;margin-right: auto;margin-top:-15px;margin-bottom:20px;width:100%;max-width:100px;\"><\/div><div class=\"fusion-sep-clear\"><\/div><div class=\"fusion-aligncenter\"><a class=\"fusion-button button-flat fusion-button-default-size button-custom fusion-button-default button-2 fusion-button-default-span \" style=\"--button_accent_color:#ffffff;--button_accent_hover_color:#ffffff;--button_border_hover_color:#ffffff;--button_gradient_top_color:#004b8e;--button_gradient_bottom_color:#004b8e;--button_gradient_top_color_hover:#527496;--button_gradient_bottom_color_hover:#527496;\" target=\"_self\" href=\"https:\/\/escales.gov.pf\/faq\"><span class=\"fusion-button-text awb-button__text awb-button__text--default\">FAQ Escales<\/span><\/a><\/div><div class=\"fusion-clearfix\"><\/div><\/div><\/div><div class=\"fusion-layout-column fusion_builder_column fusion-builder-column-1 fusion_builder_column_1_4 1_4 fusion-one-fourth fusion-column-last\" style=\"--awb-padding-right:10px;--awb-padding-bottom:70px;--awb-padding-left:10px;--awb-bg-color:#f5f5f5;--awb-bg-color-hover:#f5f5f5;--awb-bg-size:cover;width:25%;width:calc(25% - ( ( 4% ) * 0.25 ) );\"><div class=\"fusion-column-wrapper fusion-column-has-shadow fusion-flex-column-wrapper-legacy\"><div class=\"fusion-text fusion-text-3\" style=\"--awb-font-size:13px;--awb-margin-top:20px;--awb-margin-right:0px;--awb-margin-left:0px;\"><p style=\"text-align: center\"><span style=\"color: #004b87\"><span style=\"font-size: 13.3333px\"><b><br \/>\nCELLULE DE GESTION<br \/>\nDES ESCALES<\/b><\/span><\/span><\/p>\n<p style=\"text-align: center\"><span style=\"font-size: 10pt\"><strong><span style=\"color: #004b87\">HORAIRES<\/span><\/strong><\/span><\/p>\n<p style=\"text-align: center\"><span style=\"color: #004b87;font-size: 10pt\">7h30-13h00<\/span><br \/>\n<span style=\"color: #004b87;font-size: 10pt\">(sans RDV)<\/span><br \/>\n<span style=\"color: #004b87;font-size: 10pt\">13h00-15h30<\/span><br \/>\n<span style=\"color: #004b87;font-size: 10pt\">(uniquement sur RDV)<\/span><\/p>\n<p style=\"text-align: center\"><span style=\"font-size: 10pt\"><strong><span style=\"color: #004b87\">CONTACT<\/span><\/strong><\/span><\/p>\n<p style=\"text-align: center\"><span style=\"color: #004b87;font-size: 10pt\">T\u00e9l : 40.54.45.30<\/span><br \/>\n<a href=\"mailto:escales.dpam@administration.gov.pf\"><span style=\"font-size: 10pt\"><span style=\"color: #004b87\">escales.dpam@administr<\/span><span style=\"color: #004b87\">ation.gov.pf<\/span><\/span><\/a><\/p>\n<\/div><div class=\"fusion-aligncenter\"><a class=\"fusion-button button-flat fusion-button-default-size button-custom fusion-button-default button-3 fusion-button-default-span \" style=\"--button_accent_color:#ffffff;--button_accent_hover_color:#ffffff;--button_border_hover_color:#ffffff;--button_gradient_top_color:#004b8e;--button_gradient_bottom_color:#004b8e;--button_gradient_top_color_hover:#527496;--button_gradient_bottom_color_hover:#527496;\" target=\"_blank\" rel=\"noopener noreferrer\" href=\"https:\/\/rdv-pf.jefile.fr\/#\/embedded\/DPAM\/lines\/6a8de714-65b7-4e32-b53c-b7a906c9a019\"><span class=\"fusion-button-text awb-button__text awb-button__text--default\">CLIQUEZ ICI POUR PRENDRE RDV<\/span><\/a><\/div><div class=\"fusion-clearfix\"><\/div><\/div><\/div><\/div><\/div>\n","protected":false},"excerpt":{"rendered":"","protected":false},"author":275,"featured_media":0,"parent":0,"menu_order":0,"comment_status":"closed","ping_status":"closed","template":"","meta":{"_seopress_robots_primary_cat":"","_seopress_titles_title":"","_seopress_titles_desc":"Liste des mat\u00e9riels de s\u00e9curit\u00e9","_seopress_robots_index":"","footnotes":""},"class_list":["post-18994","page","type-page","status-publish","hentry"],"_links":{"self":[{"href":"https:\/\/www.service-public.pf\/dpam\/wp-json\/wp\/v2\/pages\/18994","targetHints":{"allow":["GET"]}}],"collection":[{"href":"https:\/\/www.service-public.pf\/dpam\/wp-json\/wp\/v2\/pages"}],"about":[{"href":"https:\/\/www.service-public.pf\/dpam\/wp-json\/wp\/v2\/types\/page"}],"author":[{"embeddable":true,"href":"https:\/\/www.service-public.pf\/dpam\/wp-json\/wp\/v2\/users\/275"}],"replies":[{"embeddable":true,"href":"https:\/\/www.service-public.pf\/dpam\/wp-json\/wp\/v2\/comments?post=18994"}],"version-history":[{"count":7,"href":"https:\/\/www.service-public.pf\/dpam\/wp-json\/wp\/v2\/pages\/18994\/revisions"}],"predecessor-version":[{"id":21067,"href":"https:\/\/www.service-public.pf\/dpam\/wp-json\/wp\/v2\/pages\/18994\/revisions\/21067"}],"wp:attachment":[{"href":"https:\/\/www.service-public.pf\/dpam\/wp-json\/wp\/v2\/media?parent=18994"}],"curies":[{"name":"wp","href":"https:\/\/api.w.org\/{rel}","templated":true}]}}