{"id":3182,"date":"2018-12-04T16:38:57","date_gmt":"2018-12-05T02:38:57","guid":{"rendered":"https:\/\/www.service-public.pf\/dpam\/?page_id=3182"},"modified":"2018-12-04T16:38:57","modified_gmt":"2018-12-05T02:38:57","slug":"modification-changement-immat-2","status":"publish","type":"page","link":"https:\/\/www.service-public.pf\/dpam\/modification-changement-immat-2\/","title":{"rendered":"Immatriculation &#8211; Changements de situation"},"content":{"rendered":"<p><div class=\"fusion-fullwidth fullwidth-box fusion-builder-row-1 nonhundred-percent-fullwidth non-hundred-percent-height-scrolling\" style=\"--awb-border-radius-top-left:0px;--awb-border-radius-top-right:0px;--awb-border-radius-bottom-right:0px;--awb-border-radius-bottom-left:0px;--awb-background-color:rgba(242,177,128,0);--awb-flex-wrap:wrap;\" ><div class=\"fusion-builder-row fusion-row\"><div class=\"fusion-layout-column fusion_builder_column fusion-builder-column-0 fusion_builder_column_1_1 1_1 fusion-one-full fusion-column-first fusion-column-last\" style=\"--awb-bg-size:cover;--awb-border-color:#00bcd4;--awb-border-style:solid;\"><div class=\"fusion-column-wrapper fusion-flex-column-wrapper-legacy\"><div class=\"fusion-text fusion-text-1\"><h1 style=\"text-align: center;\"><u>Vos demandes de modification<\/u><\/h1>\n<\/div><div class=\"fusion-clearfix\"><\/div><\/div><\/div><\/div><\/div><div class=\"fusion-fullwidth fullwidth-box fusion-builder-row-2 nonhundred-percent-fullwidth non-hundred-percent-height-scrolling\" style=\"--awb-border-radius-top-left:0px;--awb-border-radius-top-right:0px;--awb-border-radius-bottom-right:0px;--awb-border-radius-bottom-left:0px;--awb-flex-wrap:wrap;\" ><div class=\"fusion-builder-row fusion-row\"><div class=\"fusion-layout-column fusion_builder_column fusion-builder-column-1 fusion_builder_column_3_4 3_4 fusion-three-fourth fusion-column-first\" style=\"--awb-padding-top:5px;--awb-padding-right:5px;--awb-padding-bottom:5px;--awb-padding-left:5px;--awb-bg-color:rgba(0,0,0,0.3);--awb-bg-color-hover:rgba(0,0,0,0.3);--awb-bg-size:cover;--awb-border-color:#000000;--awb-border-top:2px;--awb-border-right:2px;--awb-border-bottom:2px;--awb-border-left:2px;--awb-border-style:solid;width:75%;width:calc(75% - ( ( 4% ) * 0.75 ) );margin-right: 4%;\"><div class=\"fusion-column-wrapper fusion-flex-column-wrapper-legacy\"><div class=\"fusion-text fusion-text-2\"><p><span style=\"color: #000000;\">Les changements de situation d&rsquo;un navire ou d&rsquo;un v\u00e9hicule nautique \u00e0 moteur doivent \u00eatre d\u00e9clar\u00e9s aupr\u00e8s de la Direction polyn\u00e9sienne des affaires maritimes (DPAM).<\/span><\/p>\n<p><span style=\"color: #000000;\">Sont notamment concern\u00e9s les changements :<\/span><\/p>\n<ul>\n<li><span style=\"color: #000000;\">de propri\u00e9t\u00e9 ;<\/span><\/li>\n<li><span style=\"color: #000000;\">de nom de navire ;<\/span><\/li>\n<li><span style=\"color: #000000;\">de lieu de mouillage ;<\/span><\/li>\n<li><span style=\"color: #000000;\">de motorisation ;<\/span><\/li>\n<li><span style=\"color: #000000;\">de cat\u00e9gorie de navigation<\/span><\/li>\n<li><span style=\"color: #000000;\">d&rsquo;activit\u00e9 ;<\/span><\/li>\n<li><span style=\"color: #000000;\">de quartier maritime ;<\/span><\/li>\n<li><span style=\"color: #000000;\">port attache ;<\/span><\/li>\n<\/ul>\n<\/div><div class=\"fusion-clearfix\"><\/div><\/div><\/div><div class=\"fusion-layout-column fusion_builder_column fusion-builder-column-2 fusion_builder_column_1_4 1_4 fusion-one-fourth fusion-column-last\" style=\"--awb-bg-size:cover;width:25%;width:calc(25% - ( ( 4% ) * 0.25 ) );\"><div class=\"fusion-column-wrapper fusion-flex-column-wrapper-legacy\"><div class=\"fusion-image-element in-legacy-container\" style=\"--awb-caption-title-font-family:var(--h2_typography-font-family);--awb-caption-title-font-weight:var(--h2_typography-font-weight);--awb-caption-title-font-style:var(--h2_typography-font-style);--awb-caption-title-size:var(--h2_typography-font-size);--awb-caption-title-transform:var(--h2_typography-text-transform);--awb-caption-title-line-height:var(--h2_typography-line-height);--awb-caption-title-letter-spacing:var(--h2_typography-letter-spacing);\"><span class=\" fusion-imageframe imageframe-none imageframe-1 hover-type-zoomin\" style=\"border:2px solid rgba(0,0,0,0.3);\"><a href=\"https:\/\/www.service-public.pf\/dpam\/wp-content\/uploads\/sites\/20\/2018\/04\/DSC_2543\u00a9JeanKape@Motutuga-300x199.jpg\" class=\"fusion-lightbox\" data-rel=\"iLightbox[d59466d53d9981197d2]\" data-caption=\"Motutunga\" data-title=\"Motutunga\" title=\"Motutunga\"><img decoding=\"async\" width=\"300\" height=\"199\" src=\"https:\/\/www.service-public.pf\/dpam\/wp-content\/uploads\/sites\/20\/2018\/04\/DSC_2543\u00a9JeanKape@Motutuga-300x199.jpg\" alt class=\"img-responsive wp-image-1125\" srcset=\"https:\/\/www.service-public.pf\/dpam\/wp-content\/uploads\/sites\/20\/2018\/04\/DSC_2543\u00a9JeanKape@Motutuga-200x132.jpg 200w, https:\/\/www.service-public.pf\/dpam\/wp-content\/uploads\/sites\/20\/2018\/04\/DSC_2543\u00a9JeanKape@Motutuga-400x265.jpg 400w, https:\/\/www.service-public.pf\/dpam\/wp-content\/uploads\/sites\/20\/2018\/04\/DSC_2543\u00a9JeanKape@Motutuga-600x397.jpg 600w, https:\/\/www.service-public.pf\/dpam\/wp-content\/uploads\/sites\/20\/2018\/04\/DSC_2543\u00a9JeanKape@Motutuga-800x530.jpg 800w, https:\/\/www.service-public.pf\/dpam\/wp-content\/uploads\/sites\/20\/2018\/04\/DSC_2543\u00a9JeanKape@Motutuga-1200x794.jpg 1200w\" sizes=\"(max-width: 800px) 100vw, 400px\" \/><\/a><\/span><\/div><div class=\"fusion-clearfix\"><\/div><\/div><\/div><\/div><\/div><div class=\"fusion-fullwidth fullwidth-box fusion-builder-row-3 nonhundred-percent-fullwidth non-hundred-percent-height-scrolling\" style=\"--awb-border-radius-top-left:0px;--awb-border-radius-top-right:0px;--awb-border-radius-bottom-right:0px;--awb-border-radius-bottom-left:0px;--awb-flex-wrap:wrap;\" ><div class=\"fusion-builder-row fusion-row\"><div class=\"fusion-layout-column fusion_builder_column fusion-builder-column-3 fusion_builder_column_1_1 1_1 fusion-one-full fusion-column-first fusion-column-last\" style=\"--awb-bg-size:cover;\"><div class=\"fusion-column-wrapper fusion-flex-column-wrapper-legacy\"><div class=\"fusion-tabs fusion-tabs-1 classic nav-is-justified horizontal-tabs icon-position-left mobile-mode-accordion\" style=\"--awb-title-border-radius-top-left:0px;--awb-title-border-radius-top-right:0px;--awb-title-border-radius-bottom-right:0px;--awb-title-border-radius-bottom-left:0px;--awb-inactive-color:#0a103a;--awb-background-color:rgba(0,0,0,0.3);--awb-border-color:#000000;--awb-active-border-color:#1a80b6;\"><div class=\"nav\"><ul class=\"nav-tabs nav-justified\" role=\"tablist\"><li class=\"active\" role=\"presentation\"><a class=\"tab-link\" data-toggle=\"tab\" role=\"tab\" aria-controls=\"tab-92de74fd254ed5f9a03\" aria-selected=\"true\" id=\"fusion-tab-modificationsadministratives\" href=\"#tab-92de74fd254ed5f9a03\"><h4 class=\"fusion-tab-heading\"><i class=\"fontawesome-icon fa fa-book\" aria-hidden=\"true\" style=\"font-size:13px;\"><\/i>Modifications administratives<\/h4><\/a><\/li><li role=\"presentation\"><a class=\"tab-link\" data-toggle=\"tab\" role=\"tab\" aria-controls=\"tab-5ef06e67998fb63667a\" aria-selected=\"false\" tabindex=\"-1\" id=\"fusion-tab-modificationstechniques\" href=\"#tab-5ef06e67998fb63667a\"><h4 class=\"fusion-tab-heading\"><i class=\"fontawesome-icon fa fa-book\" aria-hidden=\"true\" style=\"font-size:13px;\"><\/i>Modifications techniques<\/h4><\/a><\/li><\/ul><\/div><div class=\"tab-content\"><div class=\"nav fusion-mobile-tab-nav\"><ul class=\"nav-tabs nav-justified\" role=\"tablist\"><li class=\"active\" role=\"presentation\"><a class=\"tab-link\" data-toggle=\"tab\" role=\"tab\" aria-controls=\"tab-92de74fd254ed5f9a03\" aria-selected=\"true\" id=\"mobile-fusion-tab-modificationsadministratives\" href=\"#tab-92de74fd254ed5f9a03\"><h4 class=\"fusion-tab-heading\"><i class=\"fontawesome-icon fa fa-book\" aria-hidden=\"true\" style=\"font-size:13px;\"><\/i>Modifications administratives<\/h4><\/a><\/li><\/ul><\/div><div class=\"tab-pane fade fusion-clearfix in active\" role=\"tabpanel\" tabindex=\"0\" aria-labelledby=\"fusion-tab-modificationsadministratives\" id=\"tab-92de74fd254ed5f9a03\">\n<p><span style=\"color: #000000;\">Toute modification administrative (changement de nom de navire, de propri\u00e9taire ou d\u2019exploitant, de cat\u00e9gorie de navigation ou de quartier maritime) doit \u00eatre d\u00e9clar\u00e9e aupr\u00e8s de la DPAM.<\/span><\/p>\n<p><span style=\"color: #000000;\">Cela concerne \u00e9galement les ventes de navires et de VNM (Jet-ski).<\/span><\/p>\n<p><span style=\"color: #000000;\">Documents \u00e0 t\u00e9l\u00e9charger\u00a0:<\/span><\/p>\n<p><span style=\"color: #000000;\"><img decoding=\"async\" class=\"puce\" src=\"http:\/\/www.maritime.gov.pf\/squelettes-dist\/puce.gif\" alt=\"-\" width=\"8\" height=\"11\" \/>\u00a0<a style=\"color: #000000;\" href=\"https:\/\/www.service-public.pf\/dpam\/wp-content\/uploads\/sites\/20\/2018\/03\/notice_d_information_des_pieces_a_fournir_v._juillet_2014.pdf\" target=\"_blank\" rel=\"noopener\"><strong>Notice d\u2019information ;<\/strong><\/a><\/span><br \/>\n<span style=\"color: #000000;\"> <img decoding=\"async\" class=\"puce\" src=\"http:\/\/www.maritime.gov.pf\/squelettes-dist\/puce.gif\" alt=\"-\" width=\"8\" height=\"11\" \/>\u00a0<strong><a style=\"color: #000000;\" href=\"https:\/\/www.service-public.pf\/dpam\/wp-content\/uploads\/sites\/20\/2018\/04\/dde_changement-modification_tte_demande_v_juillet_2014.pdf\" target=\"_blank\" rel=\"noopener\">Formulaire de demande de changement\/modification<\/a> ;<\/strong><\/span><br \/>\n<span style=\"color: #000000;\"> <img decoding=\"async\" class=\"puce\" src=\"http:\/\/www.maritime.gov.pf\/squelettes-dist\/puce.gif\" alt=\"-\" width=\"8\" height=\"11\" \/>\u00a0<strong><a style=\"color: #000000;\" href=\"https:\/\/www.service-public.pf\/dpam\/wp-content\/uploads\/sites\/20\/2018\/04\/acte_de_vente_tout_navire_v_oct_2014-2.pdf\" target=\"_blank\" rel=\"noopener\">Mod\u00e8le d\u2019Acte de vente<\/a> ;<\/strong><\/span><\/p>\n<p><span style=\"color: #000000;\"><img decoding=\"async\" class=\"puce\" src=\"http:\/\/www.maritime.gov.pf\/squelettes-dist\/puce.gif\" alt=\"-\" width=\"8\" height=\"11\" \/>\u00a0Demande de changement de quartier maritime\u00a0:<\/span><br \/>\n<span style=\"color: #000000;\"> <img decoding=\"async\" class=\"puce\" src=\"http:\/\/www.maritime.gov.pf\/squelettes-dist\/puce.gif\" alt=\"-\" width=\"8\" height=\"11\" \/>\u00a0<a style=\"color: #000000;\" href=\"https:\/\/www.service-public.pf\/dpam\/wp-content\/uploads\/sites\/20\/2018\/04\/demande_de_changement_de_quartier_maritime_dpam_v_juillet_2014.pdf\" target=\"_blank\" rel=\"noopener\"><strong>vers la Polyn\u00e9sie fran\u00e7aise<\/strong><\/a><\/span><\/p>\n<p><span style=\"color: #000000;\">La demande devra \u00eatre accompagn\u00e9e des pi\u00e8ces justificatives indiqu\u00e9es dans la notice d\u2019information<\/span><\/p>\n<\/div><div class=\"nav fusion-mobile-tab-nav\"><ul class=\"nav-tabs nav-justified\" role=\"tablist\"><li role=\"presentation\"><a class=\"tab-link\" data-toggle=\"tab\" role=\"tab\" aria-controls=\"tab-5ef06e67998fb63667a\" aria-selected=\"false\" tabindex=\"-1\" id=\"mobile-fusion-tab-modificationstechniques\" href=\"#tab-5ef06e67998fb63667a\"><h4 class=\"fusion-tab-heading\"><i class=\"fontawesome-icon fa fa-book\" aria-hidden=\"true\" style=\"font-size:13px;\"><\/i>Modifications techniques<\/h4><\/a><\/li><\/ul><\/div><div class=\"tab-pane fade fusion-clearfix\" role=\"tabpanel\" tabindex=\"0\" aria-labelledby=\"fusion-tab-modificationstechniques\" id=\"tab-5ef06e67998fb63667a\">\n<p><span style=\"color: #000000;\">Toute modification technique (changement de moteur, modification de la structure ou r\u00e9novation importante) sur le navire doit\u00a0<strong>pr\u00e9alablement\u00a0<\/strong>\u00eatre d\u00e9clar\u00e9e et autoris\u00e9e par la DPAM.<\/span><\/p>\n<p><span style=\"color: #000000;\">Documents \u00e0 t\u00e9l\u00e9charger\u00a0:<\/span><\/p>\n<p><span style=\"color: #000000;\"><img decoding=\"async\" class=\"puce\" src=\"http:\/\/www.maritime.gov.pf\/squelettes-dist\/puce.gif\" alt=\"-\" width=\"8\" height=\"11\" \/>\u00a0<a style=\"color: #000000;\" href=\"https:\/\/www.service-public.pf\/dpam\/wp-content\/uploads\/sites\/20\/2018\/03\/notice_d_information_des_pieces_a_fournir_v._juillet_2014.pdf\" target=\"_blank\" rel=\"noopener\"><strong>Notice d\u2019information<\/strong><\/a><\/span><\/p>\n<p><span style=\"color: #000000;\"><img decoding=\"async\" class=\"puce\" src=\"http:\/\/www.maritime.gov.pf\/squelettes-dist\/puce.gif\" alt=\"-\" width=\"8\" height=\"11\" \/>\u00a0<a style=\"color: #000000;\" href=\"https:\/\/www.service-public.pf\/dpam\/wp-content\/uploads\/sites\/20\/2018\/04\/dde_changement-modification_tte_demande_v_juillet_2014.pdf\" target=\"_blank\" rel=\"noopener\"><strong>Formulaire de demande de changement\/modification<\/strong><\/a><\/span><\/p>\n<p><span style=\"color: #000000;\">La demande devra \u00eatre accompagn\u00e9e des pi\u00e8ces justificatives indiqu\u00e9es dans la notice d\u2019information<\/span><\/p>\n<\/div><\/div><\/div><div class=\"fusion-clearfix\"><\/div><\/div><\/div><\/div><\/div><\/p>\n","protected":false},"excerpt":{"rendered":"","protected":false},"author":98,"featured_media":0,"parent":0,"menu_order":0,"comment_status":"closed","ping_status":"closed","template":"","meta":{"_seopress_robots_primary_cat":"","_seopress_titles_title":"","_seopress_titles_desc":"","_seopress_robots_index":"","footnotes":""},"class_list":["post-3182","page","type-page","status-publish","hentry"],"_links":{"self":[{"href":"https:\/\/www.service-public.pf\/dpam\/wp-json\/wp\/v2\/pages\/3182","targetHints":{"allow":["GET"]}}],"collection":[{"href":"https:\/\/www.service-public.pf\/dpam\/wp-json\/wp\/v2\/pages"}],"about":[{"href":"https:\/\/www.service-public.pf\/dpam\/wp-json\/wp\/v2\/types\/page"}],"author":[{"embeddable":true,"href":"https:\/\/www.service-public.pf\/dpam\/wp-json\/wp\/v2\/users\/98"}],"replies":[{"embeddable":true,"href":"https:\/\/www.service-public.pf\/dpam\/wp-json\/wp\/v2\/comments?post=3182"}],"version-history":[{"count":0,"href":"https:\/\/www.service-public.pf\/dpam\/wp-json\/wp\/v2\/pages\/3182\/revisions"}],"wp:attachment":[{"href":"https:\/\/www.service-public.pf\/dpam\/wp-json\/wp\/v2\/media?parent=3182"}],"curies":[{"name":"wp","href":"https:\/\/api.w.org\/{rel}","templated":true}]}}