{"id":365,"date":"2017-09-13T02:18:59","date_gmt":"2017-09-13T00:18:59","guid":{"rendered":"https:\/\/www.service-public.pf\/dpam\/?page_id=365"},"modified":"2024-05-31T09:08:07","modified_gmt":"2024-05-31T19:08:07","slug":"notre-organisation","status":"publish","type":"page","link":"https:\/\/www.service-public.pf\/dpam\/presentation-de-la-dpam\/notre-organisation\/","title":{"rendered":"Notre organisation"},"content":{"rendered":"<p><div class=\"fusion-fullwidth fullwidth-box fusion-builder-row-1 nonhundred-percent-fullwidth non-hundred-percent-height-scrolling\" style=\"--awb-border-radius-top-left:0px;--awb-border-radius-top-right:0px;--awb-border-radius-bottom-right:0px;--awb-border-radius-bottom-left:0px;--awb-flex-wrap:wrap;\" ><div class=\"fusion-builder-row fusion-row\"><div class=\"fusion-layout-column fusion_builder_column fusion-builder-column-0 fusion_builder_column_1_1 1_1 fusion-one-full fusion-column-first fusion-column-last\" style=\"--awb-bg-size:cover;--awb-margin-bottom:0px;\"><div class=\"fusion-column-wrapper fusion-flex-column-wrapper-legacy\"><div class=\"fusion-title title fusion-title-1 fusion-sep-none fusion-title-center fusion-title-text fusion-title-size-one\" style=\"--awb-margin-top-small:0px;--awb-margin-right-small:0px;--awb-margin-bottom-small:20px;--awb-margin-left-small:0px;--awb-sep-color:#b39b00;\"><h1 class=\"fusion-title-heading title-heading-center\" style=\"margin:0;\"><p style=\"text-align: center\"><span style=\"color: #004b87\"><strong>Notre organisation<br \/>\n<\/strong><\/span><\/p><\/h1><\/div><div class=\"fusion-sep-clear\"><\/div><div class=\"fusion-separator\" style=\"margin-left: auto;margin-right: auto;margin-top:-15px;margin-bottom:40px;width:100%;max-width:100px;\"><div class=\"fusion-separator-border sep-single\" style=\"--awb-height:20px;--awb-amount:20px;border-color:#b39b00;border-top-width:5px;\"><\/div><\/div><div class=\"fusion-sep-clear\"><\/div><div class=\"fusion-text fusion-text-1\"><p>La Direction Polyn\u00e9sienne des Affaires Maritimes (DPAM) est organis\u00e9e pour r\u00e9pondre aux besoins des professionnels et des particuliers dans les domaines de la navigation et des transports maritimes.<\/p>\n<p>Elle s\u2019appuie, pour sa gestion administrative, sur un bureau administratif et financier et sur un bureau juridique et des \u00e9tudes.<\/p>\n<p>Pour l\u2019exercice des comp\u00e9tences du pays en mati\u00e8re de navigation et de transport maritime, la Direction dispose de cinq cellules techniques :<\/p>\n<\/div><ul style=\"--awb-size:16px;--awb-iconcolor:#0a103a;--awb-line-height:27.2px;--awb-icon-width:27.2px;--awb-icon-height:27.2px;--awb-icon-margin:11.2px;--awb-content-margin:38.4px;\" class=\"fusion-checklist fusion-checklist-1 fusion-checklist-default type-icons\"><li class=\"fusion-li-item\" style=\"\"><span class=\"icon-wrapper circle-no\"><i class=\"fusion-li-icon fa fa-play\" aria-hidden=\"true\"><\/i><\/span><div class=\"fusion-li-item-content\">\n<p><strong>la cellule \u00ab immatriculation \u00bb<\/strong>\u00a0qui a pour mission d\u2019instruire les demandes d\u2019immatriculations des navires.<\/p>\n<\/div><\/li><li class=\"fusion-li-item\" style=\"\"><span class=\"icon-wrapper circle-no\"><i class=\"fusion-li-icon fa fa-play\" aria-hidden=\"true\"><\/i><\/span><div class=\"fusion-li-item-content\">\n<p><strong>la cellule \u00ab s\u00e9curit\u00e9 des navires \u00bb<\/strong>\u00a0qui a pour mission de contr\u00f4ler les normes de s\u00e9curit\u00e9s des navires et de d\u00e9livrer les permis de navigation.<\/p>\n<\/div><\/li><li class=\"fusion-li-item\" style=\"\"><span class=\"icon-wrapper circle-no\"><i class=\"fusion-li-icon fa fa-play\" aria-hidden=\"true\"><\/i><\/span><div class=\"fusion-li-item-content\">\n<p><strong>la cellule de la \u00ab navigation, circulation maritime et de l\u2019espace maritime \u00bb<\/strong>, qui est en charge de la r\u00e9glementation relative \u00e0 la s\u00e9curit\u00e9 de la navigation et de la circulation maritime. Elle instruit les demandes li\u00e9es \u00e0 des activit\u00e9s nautiques, au pilotage maritime et \u00e0 l\u2019occupation de l\u2019espace maritime (zone r\u00e9glement\u00e9e d\u2019interdiction).<\/p>\n<\/div><\/li><li class=\"fusion-li-item\" style=\"\"><span class=\"icon-wrapper circle-no\"><i class=\"fusion-li-icon fa fa-play\" aria-hidden=\"true\"><\/i><\/span><div class=\"fusion-li-item-content\">\n<p><strong>la cellule des \u00ab formations maritimes \u00bb<\/strong>, qui est en charge de la r\u00e9glementation relative \u00e0 la formation professionnelle maritime et \u00e0 la conduite des navires. Elle organise les sessions d\u2019examens et assure la gestion des marins \u00e0 la p\u00eache.<\/p>\n<\/div><\/li><li class=\"fusion-li-item\" style=\"\"><span class=\"icon-wrapper circle-no\"><i class=\"fusion-li-icon fa fa-play\" aria-hidden=\"true\"><\/i><\/span><div class=\"fusion-li-item-content\">\n<p><strong>la cellule des \u00ab professions, du transport et du contr\u00f4le maritime \u00bb<\/strong>, qui est en charge du contr\u00f4le de la r\u00e9alisation du service public de desserte maritime interinsulaire par les armateurs. Elle instruit les demandes de licence d\u2019armateur et les demandes d\u2019autorisation exceptionnelle de desserte des navires.<\/p>\n<\/div><\/li><li class=\"fusion-li-item\" style=\"\"><span class=\"icon-wrapper circle-no\"><i class=\"fusion-li-icon fa fa-play\" aria-hidden=\"true\"><\/i><\/span><div class=\"fusion-li-item-content\">\n<p>D\u00e9tails dans l\u2019organigramme de la DPAM ci-dessous.<\/p>\n<\/div><\/li><\/ul><div class=\"fusion-clearfix\"><\/div><\/div><\/div><\/div><\/div><div class=\"fusion-fullwidth fullwidth-box fusion-builder-row-2 nonhundred-percent-fullwidth non-hundred-percent-height-scrolling\" style=\"--awb-border-radius-top-left:0px;--awb-border-radius-top-right:0px;--awb-border-radius-bottom-right:0px;--awb-border-radius-bottom-left:0px;--awb-flex-wrap:wrap;\" ><div class=\"fusion-builder-row fusion-row\"><div class=\"fusion-layout-column fusion_builder_column fusion-builder-column-1 fusion_builder_column_1_1 1_1 fusion-one-full fusion-column-first fusion-column-last\" style=\"--awb-bg-size:cover;\"><div class=\"fusion-column-wrapper fusion-flex-column-wrapper-legacy\"><div class=\"fusion-sep-clear\"><\/div><div class=\"fusion-separator fusion-full-width-sep\" style=\"margin-left: auto;margin-right: auto;margin-top:20px;width:100%;\"><\/div><div class=\"fusion-sep-clear\"><\/div><div><iframe width=\"100%\" height=\"800\" src=\"https:\/\/www.service-public.pf\/dpam\/wp-content\/plugins\/wp-media-folder\/class\/templates\/pdf-embed.php?file=https%3A%2F%2Fwww.service-public.pf%2Fdpam%2Fwp-content%2Fuploads%2Fsites%2F20%2F2024%2F05%2FOrganigramme-DPAM.pdf&#038;plugins_url=https%3A%2F%2Fwww.service-public.pf%2Fdpam%2Fwp-content%2Fplugins%2Fwp-media-folder%2F\" title=\"Embedded PDF\" class=\"wpmf-pdfjs-iframe\"><\/iframe><\/div><div class=\"fusion-sep-clear\"><\/div><div class=\"fusion-separator fusion-full-width-sep\" style=\"margin-left: auto;margin-right: auto;margin-top:20px;width:100%;\"><\/div><div class=\"fusion-sep-clear\"><\/div><div class=\"fusion-text fusion-text-2\"><p>Vous souhaitez nous rejoindre ? Consultez le <a href=\"https:\/\/dgrhpf-career.talent-soft.com\/accueil.aspx?LCID=1036\" target=\"_blank\" rel=\"noopener\"><strong>site d\u2019offres d\u2019emploi DGRH (talent-soft.com)<\/strong><\/a><\/p>\n<\/div><div class=\"fusion-clearfix\"><\/div><\/div><\/div><\/div><\/div><\/p>\n","protected":false},"excerpt":{"rendered":"","protected":false},"author":275,"featured_media":0,"parent":87,"menu_order":0,"comment_status":"closed","ping_status":"closed","template":"","meta":{"_seopress_robots_primary_cat":"","_seopress_titles_title":"","_seopress_titles_desc":"La Direction Polyn\u00e9sienne des Affaires Maritimes (DPAM) est organis\u00e9e pour r\u00e9pondre aux besoins des professionnels et des particuliers dans les domaines de la navigation et des transports maritimes.\r\n\r\nElle s\u2019appuie, pour sa gestion administrative, sur un bureau administratif et financier et sur un bureau juridique et des \u00e9tudes...","_seopress_robots_index":"","footnotes":""},"class_list":["post-365","page","type-page","status-publish","hentry"],"_links":{"self":[{"href":"https:\/\/www.service-public.pf\/dpam\/wp-json\/wp\/v2\/pages\/365","targetHints":{"allow":["GET"]}}],"collection":[{"href":"https:\/\/www.service-public.pf\/dpam\/wp-json\/wp\/v2\/pages"}],"about":[{"href":"https:\/\/www.service-public.pf\/dpam\/wp-json\/wp\/v2\/types\/page"}],"author":[{"embeddable":true,"href":"https:\/\/www.service-public.pf\/dpam\/wp-json\/wp\/v2\/users\/275"}],"replies":[{"embeddable":true,"href":"https:\/\/www.service-public.pf\/dpam\/wp-json\/wp\/v2\/comments?post=365"}],"version-history":[{"count":0,"href":"https:\/\/www.service-public.pf\/dpam\/wp-json\/wp\/v2\/pages\/365\/revisions"}],"up":[{"embeddable":true,"href":"https:\/\/www.service-public.pf\/dpam\/wp-json\/wp\/v2\/pages\/87"}],"wp:attachment":[{"href":"https:\/\/www.service-public.pf\/dpam\/wp-json\/wp\/v2\/media?parent=365"}],"curies":[{"name":"wp","href":"https:\/\/api.w.org\/{rel}","templated":true}]}}