{"id":862,"date":"2018-04-11T10:08:52","date_gmt":"2018-04-11T08:08:52","guid":{"rendered":"https:\/\/www.service-public.pf\/dpam\/?page_id=862"},"modified":"2025-03-28T16:07:12","modified_gmt":"2025-03-29T02:07:12","slug":"le-jetboard","status":"publish","type":"page","link":"https:\/\/www.service-public.pf\/dpam\/le-jetboard\/","title":{"rendered":"Le Jetboard"},"content":{"rendered":"<div class=\"fusion-fullwidth fullwidth-box fusion-builder-row-1 fusion-flex-container nonhundred-percent-fullwidth non-hundred-percent-height-scrolling\" style=\"--awb-border-radius-top-left:0px;--awb-border-radius-top-right:0px;--awb-border-radius-bottom-right:0px;--awb-border-radius-bottom-left:0px;--awb-flex-wrap:wrap;\" ><div class=\"fusion-builder-row fusion-row fusion-flex-align-items-flex-start fusion-flex-content-wrap\" style=\"max-width:1144px;margin-left: calc(-4% \/ 2 );margin-right: calc(-4% \/ 2 );\"><div class=\"fusion-layout-column fusion_builder_column fusion-builder-column-0 fusion_builder_column_3_4 3_4 fusion-flex-column\" style=\"--awb-bg-size:cover;--awb-width-large:75%;--awb-margin-top-large:0px;--awb-spacing-right-large:2.56%;--awb-margin-bottom-large:20px;--awb-spacing-left-large:2.56%;--awb-width-medium:100%;--awb-order-medium:0;--awb-spacing-right-medium:1.92%;--awb-spacing-left-medium:1.92%;--awb-width-small:100%;--awb-order-small:0;--awb-spacing-right-small:1.92%;--awb-spacing-left-small:1.92%;\"><div class=\"fusion-column-wrapper fusion-column-has-shadow fusion-flex-justify-content-flex-start fusion-content-layout-column\"><div class=\"fusion-title title fusion-title-1 fusion-sep-none fusion-title-center fusion-title-text fusion-title-size-one\" style=\"--awb-margin-top-small:0px;--awb-margin-right-small:0px;--awb-margin-bottom-small:20px;--awb-margin-left-small:0px;--awb-sep-color:#b39b00;\"><h1 class=\"fusion-title-heading title-heading-center\" style=\"margin:0;\"><span style=\"color: #004b87\"><strong>Le Jet board<\/strong><\/span><\/h1><\/div><div class=\"fusion-separator\" style=\"align-self: center;margin-left: auto;margin-right: auto;margin-top:-15px;margin-bottom:40px;width:100%;max-width:100px;\"><div class=\"fusion-separator-border sep-single\" style=\"--awb-height:20px;--awb-amount:20px;border-color:#b39b00;border-top-width:5px;\"><\/div><\/div><div class=\"fusion-separator fusion-full-width-sep\" style=\"align-self: center;margin-left: auto;margin-right: auto;margin-top:40px;width:100%;\"><\/div><div class=\"fusion-text fusion-text-1\"><p>Le Jetboard\u00a0 est une planche de longboard motoris\u00e9e et est con\u00e7u pour \u00eatre man\u0153uvr\u00e9 et pilot\u00e9 par un \u00e0 deux \u00e9quipiers debout en \u00e9quilibre dynamique ou \u00e0 califourchon sur la coque.<\/p>\n<p>La planche \u00e0 moteur dite \u201cjet board\u201d rentre dans la cat\u00e9gorie des v\u00e9hicules nautiques \u00e0 moteur (VNM). L\u2019engin est donc soumis \u00e0 l\u2019immatriculation et le pilote doit \u00eatre titulaire d\u2019un titre de conduite des navires de plaisance \u00e0 moteur.<\/p>\n<\/div><div class=\"fusion-text fusion-text-2\"><p><span style=\"font-size: 14pt\"><strong><span style=\"color: #004b87\">Infos +<\/span><\/strong><\/span><\/p>\n<\/div><div class=\"fusion-separator\" style=\"align-self: flex-start;margin-right:auto;margin-top:-15px;margin-bottom:40px;width:100%;max-width:100px;\"><div class=\"fusion-separator-border sep-single\" style=\"--awb-height:20px;--awb-amount:20px;border-color:#b39b00;border-top-width:5px;\"><\/div><\/div><div class=\"accordian fusion-accordian\" style=\"--awb-border-size:0px;--awb-icon-size:30px;--awb-content-font-size:15px;--awb-icon-alignment:right;--awb-hover-color:#f5f5f5;--awb-border-color:#070707;--awb-background-color:#f5f5f5;--awb-divider-color:#e0dede;--awb-divider-hover-color:#e0dede;--awb-icon-color:#ffffff;--awb-title-color:#366e8c;--awb-content-color:#004b87;--awb-icon-box-color:#f5f5f5;--awb-toggle-hover-accent-color:#0a103a;--awb-toggle-active-accent-color:#004b87;--awb-title-font-family:&quot;Oswald&quot;;--awb-title-font-weight:400;--awb-title-font-style:normal;--awb-title-font-size:15px;--awb-content-font-family:&quot;Roboto&quot;;--awb-content-font-style:normal;--awb-content-font-weight:400;\"><div class=\"panel-group fusion-toggle-icon-right fusion-toggle-icon-boxed\" id=\"accordion-862-1\"><div class=\"fusion-panel panel-default panel-aac635794cf26c585 fusion-toggle-no-divider fusion-toggle-boxed-mode\" style=\"--awb-title-color:#366e8c;--awb-content-color:#000000;\"><div class=\"panel-heading\"><h4 class=\"panel-title toggle\" id=\"toggle_aac635794cf26c585\"><a aria-expanded=\"false\" aria-controls=\"aac635794cf26c585\" role=\"button\" data-toggle=\"collapse\" data-target=\"#aac635794cf26c585\" href=\"#aac635794cf26c585\"><span class=\"fusion-toggle-icon-wrapper\" aria-hidden=\"true\"><i class=\"fa-fusion-box active-icon fa-caret-down fas\" aria-hidden=\"true\"><\/i><i class=\"fa-fusion-box inactive-icon fa-caret-down fas\" aria-hidden=\"true\"><\/i><\/span><span class=\"fusion-toggle-heading\">Importation en Polyn\u00e9sie fran\u00e7aise<\/span><\/a><\/h4><\/div><div id=\"aac635794cf26c585\" class=\"panel-collapse collapse \" aria-labelledby=\"toggle_aac635794cf26c585\"><div class=\"panel-body toggle-content fusion-clearfix\">\n<p>L\u2019importation en Polyn\u00e9sie fran\u00e7aise de Jetboard par des particulier s ou des professionnels est soumise \u00e0 l a pr\u00e9sentation pr\u00e9alable d\u2019une d\u00e9claration de conformit\u00e9 C E \u00e9tablie par le constructeur.<\/p>\n<\/div><\/div><\/div><div class=\"fusion-panel panel-default panel-efdf9eefba03d60e8 fusion-toggle-no-divider fusion-toggle-boxed-mode\" style=\"--awb-title-color:#366e8c;--awb-content-color:#000000;\"><div class=\"panel-heading\"><h4 class=\"panel-title toggle\" id=\"toggle_efdf9eefba03d60e8\"><a aria-expanded=\"false\" aria-controls=\"efdf9eefba03d60e8\" role=\"button\" data-toggle=\"collapse\" data-target=\"#efdf9eefba03d60e8\" href=\"#efdf9eefba03d60e8\"><span class=\"fusion-toggle-icon-wrapper\" aria-hidden=\"true\"><i class=\"fa-fusion-box active-icon fa-caret-down fas\" aria-hidden=\"true\"><\/i><i class=\"fa-fusion-box inactive-icon fa-caret-down fas\" aria-hidden=\"true\"><\/i><\/span><span class=\"fusion-toggle-heading\">Immatriculation<\/span><\/a><\/h4><\/div><div id=\"efdf9eefba03d60e8\" class=\"panel-collapse collapse \" aria-labelledby=\"toggle_efdf9eefba03d60e8\"><div class=\"panel-body toggle-content fusion-clearfix\">\n<p>L \u2018engin est soumis \u00e0 immatriculation aupr\u00e8s de la Direction Polyn\u00e9sienne des Affaires Maritimes sur la base de la d\u00e9claration de conformit\u00e9 CE \u00e9tablie par le constructeur.<\/p>\n<\/div><\/div><\/div><div class=\"fusion-panel panel-default panel-8cc950803084549bf fusion-toggle-no-divider fusion-toggle-boxed-mode\" style=\"--awb-title-color:#366e8c;--awb-content-color:#000000;\"><div class=\"panel-heading\"><h4 class=\"panel-title toggle\" id=\"toggle_8cc950803084549bf\"><a aria-expanded=\"false\" aria-controls=\"8cc950803084549bf\" role=\"button\" data-toggle=\"collapse\" data-target=\"#8cc950803084549bf\" href=\"#8cc950803084549bf\"><span class=\"fusion-toggle-icon-wrapper\" aria-hidden=\"true\"><i class=\"fa-fusion-box active-icon fa-caret-down fas\" aria-hidden=\"true\"><\/i><i class=\"fa-fusion-box inactive-icon fa-caret-down fas\" aria-hidden=\"true\"><\/i><\/span><span class=\"fusion-toggle-heading\">Conduite<\/span><\/a><\/h4><\/div><div id=\"8cc950803084549bf\" class=\"panel-collapse collapse \" aria-labelledby=\"toggle_8cc950803084549bf\"><div class=\"panel-body toggle-content fusion-clearfix\">\n<p>Le pilote doit \u00eatre \u00e2g\u00e9 de 18 ans r\u00e9volu et \u00eatre titulaire au minimum du permis de conduire en mer c\u00f4tier.<\/p>\n<\/div><\/div><\/div><div class=\"fusion-panel panel-default panel-e3c541a0e1d54ff9c fusion-toggle-no-divider fusion-toggle-boxed-mode\" style=\"--awb-title-color:#366e8c;--awb-content-color:#000000;\"><div class=\"panel-heading\"><h4 class=\"panel-title toggle\" id=\"toggle_e3c541a0e1d54ff9c\"><a aria-expanded=\"false\" aria-controls=\"e3c541a0e1d54ff9c\" role=\"button\" data-toggle=\"collapse\" data-target=\"#e3c541a0e1d54ff9c\" href=\"#e3c541a0e1d54ff9c\"><span class=\"fusion-toggle-icon-wrapper\" aria-hidden=\"true\"><i class=\"fa-fusion-box active-icon fa-caret-down fas\" aria-hidden=\"true\"><\/i><i class=\"fa-fusion-box inactive-icon fa-caret-down fas\" aria-hidden=\"true\"><\/i><\/span><span class=\"fusion-toggle-heading\">Equipement du pilote<\/span><\/a><\/h4><\/div><div id=\"e3c541a0e1d54ff9c\" class=\"panel-collapse collapse \" aria-labelledby=\"toggle_e3c541a0e1d54ff9c\"><div class=\"panel-body toggle-content fusion-clearfix\">\n<p>L\u2019utilisateur (et\/ou son \u00e9quipier) doit \u00eatre chacun muni d\u2019un \u00e9quipement individuel de flottabilit\u00e9 ou d\u2019une combinaison port\u00e9e.<\/p>\n<\/div><\/div><\/div><\/div><\/div><\/div><\/div><div class=\"fusion-layout-column fusion_builder_column fusion-builder-column-1 fusion_builder_column_1_4 1_4 fusion-flex-column\" style=\"--awb-padding-right:10px;--awb-padding-bottom:70px;--awb-padding-left:10px;--awb-bg-color:#f5f5f5;--awb-bg-color-hover:#f5f5f5;--awb-bg-size:cover;--awb-width-large:25%;--awb-margin-top-large:0px;--awb-spacing-right-large:7.68%;--awb-margin-bottom-large:20px;--awb-spacing-left-large:7.68%;--awb-width-medium:100%;--awb-order-medium:0;--awb-spacing-right-medium:1.92%;--awb-spacing-left-medium:1.92%;--awb-width-small:100%;--awb-order-small:0;--awb-spacing-right-small:1.92%;--awb-spacing-left-small:1.92%;\"><div class=\"fusion-column-wrapper fusion-column-has-shadow fusion-flex-justify-content-flex-start fusion-content-layout-column\"><div class=\"fusion-text fusion-text-3\" style=\"--awb-font-size:13px;--awb-margin-top:20px;--awb-margin-right:0px;--awb-margin-left:0px;\"><p style=\"text-align: center\"><span style=\"font-size: 10pt\"><strong><span style=\"color: #004b87\">CELLULE ACTIVITES NAUTIQUES\u00a0\u00a0<\/span><\/strong><\/span><\/p>\n<p style=\"text-align: center\"><span style=\"font-size: 10pt\"><strong><span style=\"color: #004b87\">HORAIRES<\/span><\/strong><\/span><\/p>\n<p style=\"text-align: center\"><span style=\"color: #004b87;font-size: 10pt\">7h30-13h00<\/span><br \/>\n<span style=\"color: #004b87;font-size: 10pt\">(sans RDV)<\/span><br \/>\n<span style=\"color: #004b87;font-size: 10pt\">13h00-15h30<\/span><br \/>\n<span style=\"color: #004b87;font-size: 10pt\">(uniquement sur RDV)<\/span><\/p>\n<p style=\"text-align: center\"><span style=\"font-size: 10pt\"><strong><span style=\"color: #004b87\">CONTACT<\/span><\/strong><\/span><\/p>\n<p style=\"text-align: center\"><span style=\"color: #004b87;font-size: 10pt\">T\u00e9l : 40.54.45.82<\/span><br \/>\n<a href=\"mailto:nautisme.dpam@administration.gov.pf\">nautisme.dpam@administration.gov.pf<\/a><\/p>\n<\/div><div ><a class=\"fusion-button button-flat fusion-button-default-size button-custom fusion-button-default button-1 fusion-button-span-yes fusion-button-default-type\" style=\"--awb-margin-top:0px;--awb-margin-right:10px;--awb-margin-bottom:0px;--awb-margin-left:0px;--button_accent_color:#ffffff;--button_border_color:#004b87;--button_accent_hover_color:#ffffff;--button_border_hover_color:#004b87;--button_border_width-top:10px;--button_border_width-right:0px;--button_border_width-bottom:10px;--button_border_width-left:0px;--button_gradient_end:0%;--button_gradient_top_color:#004b87;--button_gradient_bottom_color:#004b87;--button_gradient_top_color_hover:#004b87;--button_gradient_bottom_color_hover:#004b87;\" target=\"_blank\" rel=\"noopener noreferrer\" href=\"https:\/\/rdv-pf.jefile.fr\/#\/embedded\/DPAM\/lines\/6a8de714-65b7-4e32-b53c-b7a906c9a019%20\"><span class=\"fusion-button-text awb-button__text awb-button__text--default\">CLIQUEZ ICI<\/span><\/a><\/div><\/div><\/div><\/div><\/div>\n","protected":false},"excerpt":{"rendered":"","protected":false},"author":275,"featured_media":0,"parent":0,"menu_order":0,"comment_status":"closed","ping_status":"closed","template":"","meta":{"_seopress_robots_primary_cat":"","_seopress_titles_title":"","_seopress_titles_desc":"La planche \u00e0 moteur dite \u201cjet board\u201d rentre dans la cat\u00e9gorie des v\u00e9hicules nautiques \u00e0 moteur (VNM). L\u2019engin est donc soumis \u00e0 l\u2019immatriculation et le pilote doit \u00eatre titulaire d\u2019un titre de conduite des navires de plaisance \u00e0 moteur.","_seopress_robots_index":"","footnotes":""},"class_list":["post-862","page","type-page","status-publish","hentry"],"_links":{"self":[{"href":"https:\/\/www.service-public.pf\/dpam\/wp-json\/wp\/v2\/pages\/862","targetHints":{"allow":["GET"]}}],"collection":[{"href":"https:\/\/www.service-public.pf\/dpam\/wp-json\/wp\/v2\/pages"}],"about":[{"href":"https:\/\/www.service-public.pf\/dpam\/wp-json\/wp\/v2\/types\/page"}],"author":[{"embeddable":true,"href":"https:\/\/www.service-public.pf\/dpam\/wp-json\/wp\/v2\/users\/275"}],"replies":[{"embeddable":true,"href":"https:\/\/www.service-public.pf\/dpam\/wp-json\/wp\/v2\/comments?post=862"}],"version-history":[{"count":2,"href":"https:\/\/www.service-public.pf\/dpam\/wp-json\/wp\/v2\/pages\/862\/revisions"}],"predecessor-version":[{"id":20776,"href":"https:\/\/www.service-public.pf\/dpam\/wp-json\/wp\/v2\/pages\/862\/revisions\/20776"}],"wp:attachment":[{"href":"https:\/\/www.service-public.pf\/dpam\/wp-json\/wp\/v2\/media?parent=862"}],"curies":[{"name":"wp","href":"https:\/\/api.w.org\/{rel}","templated":true}]}}