{"id":290,"date":"2024-10-30T05:38:44","date_gmt":"2024-10-30T04:38:44","guid":{"rendered":"https:\/\/www.service-public.pf\/dscen\/?page_id=290"},"modified":"2025-08-08T23:22:53","modified_gmt":"2025-08-08T21:22:53","slug":"pu-mahara","status":"publish","type":"page","link":"https:\/\/www.service-public.pf\/dscen\/pu-mahara\/","title":{"rendered":"P\u016b Mahara"},"content":{"rendered":"<p><div class=\"fusion-fullwidth fullwidth-box fusion-builder-row-1 fusion-flex-container has-pattern-background has-mask-background nonhundred-percent-fullwidth non-hundred-percent-height-scrolling\" style=\"--awb-border-radius-top-left:0px;--awb-border-radius-top-right:0px;--awb-border-radius-bottom-right:0px;--awb-border-radius-bottom-left:0px;--awb-padding-left:0px;--awb-padding-left-medium:48px;--awb-background-color:var(--awb-color6);--awb-flex-wrap:wrap;\" ><div class=\"fusion-builder-row fusion-row fusion-flex-align-items-flex-start fusion-flex-content-wrap\" style=\"max-width:1144px;margin-left: calc(-4% \/ 2 );margin-right: calc(-4% \/ 2 );\"><div class=\"fusion-layout-column fusion_builder_column fusion-builder-column-0 fusion_builder_column_1_1 1_1 fusion-flex-column fusion-flex-align-self-stretch\" style=\"--awb-bg-color:var(--awb-color6);--awb-bg-color-hover:var(--awb-color6);--awb-bg-image:linear-gradient(180deg, var(--awb-color6) 0%,var(--awb-color6) 100%);--awb-bg-size:cover;--awb-width-large:100%;--awb-margin-top-large:0px;--awb-spacing-right-large:0%;--awb-margin-bottom-large:0px;--awb-spacing-left-large:4.8%;--awb-width-medium:100%;--awb-order-medium:0;--awb-spacing-right-medium:0%;--awb-spacing-left-medium:0%;--awb-width-small:100%;--awb-order-small:0;--awb-spacing-right-small:0%;--awb-spacing-left-small:0%;\"><div class=\"fusion-column-wrapper fusion-column-has-shadow fusion-flex-justify-content-space-between fusion-content-layout-row\"><div class=\"fusion-text fusion-text-1 fusion-text-no-margin\" style=\"--awb-content-alignment:justify;--awb-font-size:15px;--awb-text-color:var(--awb-color7);--awb-user-select:auto;--awb-margin-top:5px;--awb-margin-bottom:5px;\"><p><b><a href=\"https:\/\/www.service-public.pf\/dscen\/\">Accueil <\/a> \ufe65 Pu Mahara<\/b><\/p>\n<\/div><\/div><\/div><\/div><\/div><div class=\"fusion-fullwidth fullwidth-box fusion-builder-row-2 fusion-flex-container has-pattern-background has-mask-background fusion-parallax-fixed nonhundred-percent-fullwidth non-hundred-percent-height-scrolling\" style=\"--awb-border-radius-top-left:0px;--awb-border-radius-top-right:0px;--awb-border-radius-bottom-right:0px;--awb-border-radius-bottom-left:0px;--awb-padding-top:103.9813px;--awb-padding-bottom:50px;--awb-padding-top-small:75.969px;--awb-padding-bottom-small:29.987499999999997px;--awb-margin-top:0px;--awb-margin-bottom:0px;--awb-background-image:linear-gradient(180deg, rgba(85,125,159,0.75) 29%,var(--awb-color5) 100%),url(https:\/\/www.service-public.pf\/dscen\/wp-content\/uploads\/sites\/31\/2024\/11\/455066090_461963333480853_3391687207752890629_n.png);;--awb-background-size:cover;--awb-flex-wrap:wrap;background-attachment:fixed;\" ><div class=\"fusion-builder-row fusion-row fusion-flex-align-items-flex-start fusion-flex-content-wrap\" style=\"max-width:1144px;margin-left: calc(-4% \/ 2 );margin-right: calc(-4% \/ 2 );\"><div class=\"fusion-layout-column fusion_builder_column fusion-builder-column-1 fusion_builder_column_1_1 1_1 fusion-flex-column\" style=\"--awb-padding-right:150px;--awb-padding-bottom:50px;--awb-padding-left:150px;--awb-padding-top-small:0px;--awb-padding-right-small:23.987499999999997px;--awb-padding-bottom-small:44.9875px;--awb-padding-left-small:22.987499999999997px;--awb-bg-color:var(--awb-color4);--awb-bg-color-hover:var(--awb-color4);--awb-bg-image:url(&#039;https:\/\/www.service-public.pf\/dscen\/wp-content\/uploads\/sites\/31\/2024\/11\/ACTUALITE.png&#039;);--awb-bg-position:center bottom;--awb-bg-size:cover;--awb-width-large:100%;--awb-margin-top-large:0px;--awb-spacing-right-large:0%;--awb-margin-bottom-large:8.987499999999997px;--awb-spacing-left-large:0%;--awb-width-medium:100%;--awb-order-medium:0;--awb-spacing-right-medium:1.92%;--awb-spacing-left-medium:1.92%;--awb-width-small:100%;--awb-order-small:0;--awb-spacing-right-small:0%;--awb-spacing-left-small:0%;\"><div class=\"fusion-column-wrapper fusion-column-has-shadow fusion-flex-justify-content-flex-start fusion-content-layout-column fusion-column-has-bg-image\" data-bg-url=\"https:\/\/www.service-public.pf\/dscen\/wp-content\/uploads\/sites\/31\/2024\/11\/ACTUALITE.png\"><div class=\"fusion-image-element \" style=\"text-align:center;--awb-margin-top:-30px;--awb-max-width:150px;--awb-caption-title-font-family:var(--h2_typography-font-family);--awb-caption-title-font-weight:var(--h2_typography-font-weight);--awb-caption-title-font-style:var(--h2_typography-font-style);--awb-caption-title-size:var(--h2_typography-font-size);--awb-caption-title-transform:var(--h2_typography-text-transform);--awb-caption-title-line-height:var(--h2_typography-line-height);--awb-caption-title-letter-spacing:var(--h2_typography-letter-spacing);\"><span class=\" fusion-imageframe imageframe-none imageframe-1 hover-type-none\"><img decoding=\"async\" width=\"80\" height=\"80\" title=\"Icon Pu Mahara\" src=\"https:\/\/www.service-public.pf\/dscen\/wp-content\/uploads\/sites\/31\/2024\/11\/Icon-Pu-Mahara.png\" alt class=\"img-responsive wp-image-363\" srcset=\"https:\/\/www.service-public.pf\/dscen\/wp-content\/uploads\/sites\/31\/2024\/11\/Icon-Pu-Mahara-66x66.png 66w, https:\/\/www.service-public.pf\/dscen\/wp-content\/uploads\/sites\/31\/2024\/11\/Icon-Pu-Mahara.png 80w\" sizes=\"(max-width: 80px) 100vw, 80px\" \/><\/span><\/div><div class=\"fusion-title title fusion-title-1 fusion-sep-none fusion-title-center fusion-title-text fusion-title-size-one\" style=\"--awb-margin-top:20px;--awb-margin-top-small:0px;--awb-margin-right-small:0px;--awb-margin-bottom-small:20px;--awb-margin-left-small:0px;\"><h1 class=\"fusion-title-heading title-heading-center\" style=\"margin:0;text-transform:none;\">P\u016b Mahara<\/h1><\/div><div class=\"fusion-title title fusion-title-2 fusion-sep-none fusion-title-center fusion-title-text fusion-title-size-two\" style=\"--awb-margin-top-small:0px;--awb-margin-right-small:0px;--awb-margin-bottom-small:20px;--awb-margin-left-small:0px;\"><h2 class=\"fusion-title-heading title-heading-center\" style=\"margin:0;text-transform:none;\">Le centre de m\u00e9moires et d&rsquo;histoire des exp\u00e9rimentations nucl\u00e9aires fran\u00e7aises dans le Pacifique, est un outil culturel demand\u00e9 de longue date par les Polyn\u00e9siens<\/h2><\/div><div class=\"fusion-separator fusion-full-width-sep\" style=\"align-self: center;margin-left: auto;margin-right: auto;flex-grow:2;margin-top:-20px;margin-bottom:15px;width:100%;\"><div class=\"fusion-separator-border sep-single sep-solid\" style=\"--awb-height:20px;--awb-amount:20px;--awb-sep-color:var(--awb-color5);border-color:var(--awb-color5);border-top-width:1px;\"><\/div><\/div><div class=\"fusion-text fusion-text-2\" style=\"--awb-content-alignment:center;--awb-text-color:var(--awb-color5);--awb-margin-right:50px;--awb-margin-left:50px;\"><p><span style=\"color: var(--awb-text-color);font-family: var(--awb-text-font-family);font-size: var(--awb-font-size);letter-spacing: var(--awb-letter-spacing);text-align: var(--awb-content-alignment);text-transform: var(--awb-text-transform);background-color: var(--awb-bg-color-hover)\">P\u016b Mahara constituera le creuset de pr\u00e9sentation de l\u2019information relative au fait nucl\u00e9aire, non exclusif d\u2019autres lieux m\u00e9moriels. <\/span><span style=\"color: var(--awb-text-color);font-family: var(--awb-text-font-family);font-size: var(--awb-font-size);font-style: var(--awb-text-font-style);font-weight: var(--awb-text-font-weight);letter-spacing: var(--awb-letter-spacing);text-align: var(--awb-content-alignment);text-transform: var(--awb-text-transform);background-color: var(--awb-bg-color-hover)\">Transmettre l\u2019histoire et les m\u00e9moires au travers des axes comprendre, t\u00e9moigner et questionner est la vocation premi\u00e8re de ce centre d\u2019interpr\u00e9tation. <\/span><span style=\"color: var(--awb-text-color);font-family: var(--awb-text-font-family);font-size: var(--awb-font-size);font-style: var(--awb-text-font-style);font-weight: var(--awb-text-font-weight);letter-spacing: var(--awb-letter-spacing);text-align: var(--awb-content-alignment);text-transform: var(--awb-text-transform);background-color: var(--awb-bg-color-hover)\">Il sera un lieu vivant et cr\u00e9atif au sein duquel les publics disposeront d\u2019espaces o\u00f9 aborder toutes les questions relatives \u00e0 notre histoire commune.<\/span><\/p>\n<\/div><\/div><\/div><\/div><\/div><div class=\"fusion-fullwidth fullwidth-box fusion-builder-row-3 fusion-flex-container has-pattern-background has-mask-background nonhundred-percent-fullwidth non-hundred-percent-height-scrolling\" style=\"--awb-border-radius-top-left:0px;--awb-border-radius-top-right:0px;--awb-border-radius-bottom-right:0px;--awb-border-radius-bottom-left:0px;--awb-flex-wrap:wrap;\" ><div class=\"fusion-builder-row fusion-row fusion-flex-align-items-flex-start fusion-flex-content-wrap\" style=\"max-width:1144px;margin-left: calc(-4% \/ 2 );margin-right: calc(-4% \/ 2 );\"><div class=\"fusion-layout-column fusion_builder_column fusion-builder-column-2 fusion-flex-column\" style=\"--awb-bg-size:cover;--awb-width-large:100%;--awb-flex-grow:150;--awb-margin-top-large:0px;--awb-spacing-right-large:0%;--awb-margin-bottom-large:36px;--awb-spacing-left-large:0%;--awb-width-medium:100%;--awb-order-medium:0;--awb-spacing-right-medium:1.92%;--awb-spacing-left-medium:1.92%;--awb-width-small:100%;--awb-order-small:0;--awb-spacing-right-small:1.92%;--awb-spacing-left-small:1.92%;\"><div class=\"fusion-column-wrapper fusion-column-has-shadow fusion-flex-justify-content-flex-start fusion-content-layout-column\"><div class=\"fusion-separator fusion-full-width-sep\" style=\"align-self: center;margin-left: auto;margin-right: auto;margin-top:20px;margin-bottom:20px;width:100%;\"><\/div><div class=\"fusion-image-carousel fusion-image-carousel-auto fusion-image-carousel-1\"><div class=\"awb-carousel awb-swiper awb-swiper-carousel awb-carousel--carousel awb-swiper-dots-position-bottom\" data-layout=\"carousel\" data-autoplay=\"no\" data-autoplayspeed=\"2500\" data-autoplaypause=\"no\" data-columns=\"5\" data-columnsmedium=\"1\" data-columnssmall=\"1\" data-itemmargin=\"13\" data-itemwidth=\"180\" data-touchscroll=\"no\" data-freemode=\"no\" data-imagesize=\"auto\" data-scrollitems=\"0\" data-centeredslides=\"no\" data-rotationangle=\"50\" data-depth=\"100\" data-speed=\"500\" data-shadow=\"no\" data-pagination=\"bullets\" style=\"--awb-dots-align:center;\"><div class=\"swiper-wrapper awb-image-carousel-wrapper fusion-flex-align-items-center\"><div class=\"swiper-slide\"><div class=\"fusion-carousel-item-wrapper\"><div class=\"fusion-image-wrapper hover-type-none\"><img decoding=\"async\" width=\"1049\" height=\"508\" src=\"https:\/\/www.service-public.pf\/dscen\/wp-content\/uploads\/sites\/31\/2024\/11\/455066090_461963333480853_3391687207752890629_n.png\" class=\"attachment-full size-full\" alt=\"\" srcset=\"https:\/\/www.service-public.pf\/dscen\/wp-content\/uploads\/sites\/31\/2024\/11\/455066090_461963333480853_3391687207752890629_n-200x97.png 200w, https:\/\/www.service-public.pf\/dscen\/wp-content\/uploads\/sites\/31\/2024\/11\/455066090_461963333480853_3391687207752890629_n-300x145.png 300w, https:\/\/www.service-public.pf\/dscen\/wp-content\/uploads\/sites\/31\/2024\/11\/455066090_461963333480853_3391687207752890629_n-400x194.png 400w, https:\/\/www.service-public.pf\/dscen\/wp-content\/uploads\/sites\/31\/2024\/11\/455066090_461963333480853_3391687207752890629_n-600x291.png 600w, https:\/\/www.service-public.pf\/dscen\/wp-content\/uploads\/sites\/31\/2024\/11\/455066090_461963333480853_3391687207752890629_n-768x372.png 768w, https:\/\/www.service-public.pf\/dscen\/wp-content\/uploads\/sites\/31\/2024\/11\/455066090_461963333480853_3391687207752890629_n-800x387.png 800w, https:\/\/www.service-public.pf\/dscen\/wp-content\/uploads\/sites\/31\/2024\/11\/455066090_461963333480853_3391687207752890629_n-1024x496.png 1024w, https:\/\/www.service-public.pf\/dscen\/wp-content\/uploads\/sites\/31\/2024\/11\/455066090_461963333480853_3391687207752890629_n.png 1049w\" sizes=\"(max-width: 1049px) 100vw, 1049px\" \/><\/div><\/div><\/div><\/div><div class=\"awb-swiper-button awb-swiper-button-prev\"><i class=\"awb-icon-angle-left\" aria-hidden=\"true\"><\/i><\/div><div class=\"awb-swiper-button awb-swiper-button-next\"><i class=\"awb-icon-angle-right\" aria-hidden=\"true\"><\/i><\/div><\/div><\/div><\/div><\/div><\/div><\/div><div class=\"fusion-fullwidth fullwidth-box fusion-builder-row-4 fusion-flex-container has-pattern-background has-mask-background nonhundred-percent-fullwidth non-hundred-percent-height-scrolling\" style=\"--awb-border-radius-top-left:0px;--awb-border-radius-top-right:0px;--awb-border-radius-bottom-right:0px;--awb-border-radius-bottom-left:0px;--awb-background-color:rgba(42,57,68,0.15);--awb-flex-wrap:wrap;\" ><div class=\"fusion-builder-row fusion-row fusion-flex-align-items-flex-start fusion-flex-content-wrap\" style=\"max-width:1144px;margin-left: calc(-4% \/ 2 );margin-right: calc(-4% \/ 2 );\"><div class=\"fusion-layout-column fusion_builder_column fusion-builder-column-3 fusion_builder_column_1_1 1_1 fusion-flex-column\" style=\"--awb-bg-size:cover;--awb-width-large:100%;--awb-margin-top-large:0px;--awb-spacing-right-large:1.92%;--awb-margin-bottom-large:20px;--awb-spacing-left-large:1.92%;--awb-width-medium:100%;--awb-order-medium:0;--awb-spacing-right-medium:1.92%;--awb-spacing-left-medium:1.92%;--awb-width-small:100%;--awb-order-small:0;--awb-spacing-right-small:1.92%;--awb-spacing-left-small:1.92%;\"><div class=\"fusion-column-wrapper fusion-column-has-shadow fusion-flex-justify-content-flex-start fusion-content-layout-column\"><div class=\"fusion-separator fusion-full-width-sep\" style=\"align-self: center;margin-left: auto;margin-right: auto;margin-top:20px;margin-bottom:20px;width:100%;\"><div class=\"fusion-separator-border sep-double\" style=\"--awb-height:20px;--awb-amount:20px;--awb-sep-color:rgba(224,222,222,0);border-color:rgba(224,222,222,0);border-top-width:1px;border-bottom-width:1px;\"><\/div><\/div><div class=\"fusion-text fusion-text-3\"><p>\u00ab\u00a0<i>P\u016b Mahara, le centre de m\u00e9moires des essais nucl\u00e9aires fran\u00e7ais dans le Pacifique, est un outil culturel demand\u00e9 de longue date par les Polyn\u00e9siens. Il constituera le creuset de pr\u00e9sentation de l\u2019information relative au fait nucl\u00e9aire, non exclusif d\u2019autres lieux m\u00e9moriels<\/i><\/p>\n<p><i>Le Conseil scientifique et culturel de P\u016b Mahara mis en place en ao\u00fbt 2024 est charg\u00e9 de d\u00e9velopper son premier projet scientifique, culturel et \u00e9ducatif (PSCE).<\/i>\u00a0\u00bb<\/p>\n<p>PAP 2025<\/p>\n<\/div><\/div><\/div><\/div><\/div><div class=\"fusion-fullwidth fullwidth-box fusion-builder-row-5 fusion-flex-container has-pattern-background has-mask-background fusion-parallax-fixed nonhundred-percent-fullwidth non-hundred-percent-height-scrolling\" style=\"--awb-border-radius-top-left:0px;--awb-border-radius-top-right:0px;--awb-border-radius-bottom-right:0px;--awb-border-radius-bottom-left:0px;--awb-padding-top:103.9813px;--awb-padding-bottom:50px;--awb-padding-top-small:75.969px;--awb-padding-bottom-small:29.987499999999997px;--awb-margin-top:0px;--awb-margin-bottom:0px;--awb-background-image:linear-gradient(180deg, rgba(85,125,159,0.75) 29%,var(--awb-color5) 100%),url(https:\/\/www.service-public.pf\/dscen\/wp-content\/uploads\/sites\/31\/2024\/11\/455066090_461963333480853_3391687207752890629_n.png);;--awb-background-size:cover;--awb-flex-wrap:wrap;background-attachment:fixed;\" ><div class=\"fusion-builder-row fusion-row fusion-flex-align-items-flex-start fusion-flex-content-wrap\" style=\"max-width:1144px;margin-left: calc(-4% \/ 2 );margin-right: calc(-4% \/ 2 );\"><div class=\"fusion-layout-column fusion_builder_column fusion-builder-column-4 fusion_builder_column_1_1 1_1 fusion-flex-column\" style=\"--awb-padding-right:150px;--awb-padding-bottom:50px;--awb-padding-left:150px;--awb-padding-top-small:0px;--awb-padding-right-small:23.987499999999997px;--awb-padding-bottom-small:44.9875px;--awb-padding-left-small:22.987499999999997px;--awb-bg-color:rgba(226,241,255,0);--awb-bg-color-hover:rgba(226,241,255,0);--awb-bg-position:center bottom;--awb-bg-size:cover;--awb-width-large:100%;--awb-margin-top-large:0px;--awb-spacing-right-large:0%;--awb-margin-bottom-large:8.987499999999997px;--awb-spacing-left-large:0%;--awb-width-medium:100%;--awb-order-medium:0;--awb-spacing-right-medium:1.92%;--awb-spacing-left-medium:1.92%;--awb-width-small:100%;--awb-order-small:0;--awb-spacing-right-small:0%;--awb-spacing-left-small:0%;\" data-scroll-devices=\"small-visibility,medium-visibility,large-visibility\"><div class=\"fusion-column-wrapper fusion-column-has-shadow fusion-flex-justify-content-flex-start fusion-content-layout-column\"><div><iframe width=\"100%\" height=\"800\" src=\"https:\/\/www.service-public.pf\/dscen\/wp-content\/plugins\/wp-media-folder\/class\/templates\/pdf-embed.php?file=https%3A%2F%2Fwww.service-public.pf%2Fdscen%2Fwp-content%2Fuploads%2Fsites%2F31%2F2025%2F07%2FOrientationsPuMahara_versionCSC250131_validPR250204.pdf&#038;plugins_url=https%3A%2F%2Fwww.service-public.pf%2Fdscen%2Fwp-content%2Fplugins%2Fwp-media-folder%2F\" title=\"Embedded PDF\" class=\"wpmf-pdfjs-iframe\"><\/iframe><\/div><\/div><\/div><\/div><\/div><\/p>\n","protected":false},"excerpt":{"rendered":"","protected":false},"author":341,"featured_media":0,"parent":0,"menu_order":0,"comment_status":"closed","ping_status":"closed","template":"100-width.php","meta":{"_seopress_robots_primary_cat":"","_seopress_titles_title":"DSCEN PF - Pu Mahara","_seopress_titles_desc":"Le projet Pu Mahara, un centre destin\u00e9 aux m\u00e9moires des Essais Nucl\u00e9aires en Polyn\u00e9sie fran\u00e7aise.","_seopress_robots_index":"","footnotes":""},"class_list":["post-290","page","type-page","status-publish","hentry"],"_links":{"self":[{"href":"https:\/\/www.service-public.pf\/dscen\/wp-json\/wp\/v2\/pages\/290","targetHints":{"allow":["GET"]}}],"collection":[{"href":"https:\/\/www.service-public.pf\/dscen\/wp-json\/wp\/v2\/pages"}],"about":[{"href":"https:\/\/www.service-public.pf\/dscen\/wp-json\/wp\/v2\/types\/page"}],"author":[{"embeddable":true,"href":"https:\/\/www.service-public.pf\/dscen\/wp-json\/wp\/v2\/users\/341"}],"replies":[{"embeddable":true,"href":"https:\/\/www.service-public.pf\/dscen\/wp-json\/wp\/v2\/comments?post=290"}],"version-history":[{"count":41,"href":"https:\/\/www.service-public.pf\/dscen\/wp-json\/wp\/v2\/pages\/290\/revisions"}],"predecessor-version":[{"id":1593,"href":"https:\/\/www.service-public.pf\/dscen\/wp-json\/wp\/v2\/pages\/290\/revisions\/1593"}],"wp:attachment":[{"href":"https:\/\/www.service-public.pf\/dscen\/wp-json\/wp\/v2\/media?parent=290"}],"curies":[{"name":"wp","href":"https:\/\/api.w.org\/{rel}","templated":true}]}}