{"id":1050,"date":"2020-10-31T01:23:20","date_gmt":"2020-10-31T00:23:20","guid":{"rendered":"https:\/\/www.service-public.pf\/dsfe\/?page_id=1050"},"modified":"2025-02-11T02:12:07","modified_gmt":"2025-02-11T01:12:07","slug":"information-preoccupante-et-signalement-pour-les-mineurs-et-les-majeurs-vulnerables","status":"publish","type":"page","link":"https:\/\/www.service-public.pf\/dsfe\/information-preoccupante-et-signalement-pour-les-mineurs-et-les-majeurs-vulnerables\/","title":{"rendered":"Information Pr\u00e9occupante et Signalement pour les mineurs, les majeurs et personnes vuln\u00e9rables"},"content":{"rendered":"<p><div class=\"fusion-fullwidth fullwidth-box fusion-builder-row-1 nonhundred-percent-fullwidth non-hundred-percent-height-scrolling\" style=\"--awb-border-radius-top-left:0px;--awb-border-radius-top-right:0px;--awb-border-radius-bottom-right:0px;--awb-border-radius-bottom-left:0px;--awb-flex-wrap:wrap;\" ><div class=\"fusion-builder-row fusion-row\"><div class=\"fusion-layout-column fusion_builder_column fusion-builder-column-0 fusion_builder_column_1_1 1_1 fusion-one-full fusion-column-first fusion-column-last\" style=\"--awb-bg-size:cover;\"><div class=\"fusion-column-wrapper fusion-column-has-shadow fusion-flex-column-wrapper-legacy\"><div class=\"fusion-text fusion-text-1\" style=\"--awb-content-alignment:justify;\"><p>Pour les INFORMATIONS PR\u00c9OCCUPANTES uniquement \u00e0 la Cellule Signalement de la Direction des Solidarit\u00e9s, de la Famille et de l\u2019Egalit\u00e9 (DSFE) \u2013 Immeuble Te Hotu, rue du Prince Hino\u00ef, Papeete \u2013 BP 1707 \u2013 T\u00e9l 40 46 59 15 \u2013 40 46 58 36 \u2013 Fax 40 46 58 80 \u2013 E-mail:\u00a0 <span style=\"text-decoration: underline\"><strong><a href=\"mailto:signalement.dsfe@administration.gov.pf\">signalement.dsfe@administration.gov.pf<\/a><\/strong><\/span><\/p>\n<p>Pour les SIGNALEMENTS au Procureur de la R\u00e9publique \u2013 Par courrier postal au Procureur de la R\u00e9publique, Tribunal de Premi\u00e8re Instance -BP 101-98713 Papeete et \u00e0 la DSFE \u2013 Cellule Signalement \u2013 Immeuble Te Hotu, rue du Prince Hino\u00ef \u2013 PAPEETE \u2013 BP 1707 &#8211; T\u00e9l 40 46 59 15 \u2013 40 46 58 36 &#8211; E-mail: <strong><a href=\"mailto:signalement.dsfe@administration.gov.pf\">signalement.dsfe@administration.gov.pf<\/a><\/strong><\/p>\n<\/div><div class=\"fusion-text fusion-text-2\" style=\"--awb-content-alignment:justify;\"><p>Cette fiche doit \u00eatre transmise <span style=\"text-decoration: underline;color: #ff0000\">Y COMPRIS lorsque la personne NE souhaite PAS r\u00e9v\u00e9ler les faits<\/span> et ce, d\u00e8s lors qu&rsquo;elle est :<\/p>\n<ul>\n<li>Mineure<\/li>\n<li>Majeure mais <span style=\"text-decoration: underline\">vuln\u00e9rable<\/span> (C&rsquo;est \u00e0 dire hors d&rsquo;\u00e9tat d&rsquo;assurer elle-m\u00eame sa protection en raison d&rsquo;une pathologie, d&rsquo;une fragilit\u00e9 physique ou psychologique, d&rsquo;une situation d&#8217;emprise, peu importe qu&rsquo;elle b\u00e9n\u00e9ficie d&rsquo;une mesure de protection)<\/li>\n<\/ul>\n<p><span style=\"text-decoration: underline;color: #ff0000\">L&rsquo;information pr\u00e9occupante<\/span> concerne <strong>les <span style=\"text-decoration: underline\">indices<\/span> de danger NON AV\u00c9R\u00c9<\/strong> :<\/p>\n<p>Vous avez connaissance d&rsquo;une situation susceptible de mettre en danger un mineur ou un majeur vuln\u00e9rable.<\/p>\n<ul>\n<li>Comment je transmets l&rsquo;information pr\u00e9occupante<\/li>\n<\/ul>\n<p><span style=\"text-decoration: underline\">2 options sont possibles<\/span>:<\/p>\n<p>J&rsquo;adresse la fiche coch\u00e9e \u00ab\u00a0informations pr\u00e9occupantes \u00ab\u00a0<strong><a href=\"https:\/\/www.service-public.pf\/dsfe\/download\/1057\/\">(t\u00e9l\u00e9charger ici) <\/a><\/strong>dat\u00e9e et sign\u00e9e par mail ou d\u00e9p\u00f4t direct \u00e0 la Cellule signalement de la DSFE: <a href=\"mailto:signalement.dsfe@administration.gov.pf\"><strong><span style=\"text-decoration: underline\">signalement.dsfe@administration.gov.pf<\/span><\/strong><\/a> , cette structure se chargera d&rsquo;une enqu\u00eate sociale approfondie.<\/p>\n<p><span style=\"text-decoration: underline;color: #ff0000\">Le signalement <\/span>concerne les situations de danger <strong><span style=\"text-decoration: underline\">AV\u00c9R\u00c9:<\/span><\/strong><\/p>\n<p>Vous avez constat\u00e9 ou avez eu connaissance de privations ou de s\u00e9vices physiques, sexuels ou psychologiques inflig\u00e9es \u00e0 un mineur ou un majeur vuln\u00e9rable, vous avez l&rsquo;OBLIGATION DE SIGNALER. D\u2019une mani\u00e8re g\u00e9n\u00e9rale, la loi impose \u00e0 chacun de ne pas se taire et d\u2019agir lorsqu\u2019il a connaissance de la situation d\u2019un enfant en danger (Art 434-1, 434-3 et 223-6 du code p\u00e9nal).<\/p>\n<ul>\n<li>Comment je signale ? :<\/li>\n<\/ul>\n<p style=\"text-align: center\"><span style=\"text-decoration: underline\"><strong>En cas de danger imminent, j\u2019appelle les forces de l\u2019ordre en composant le 17<\/strong><\/span><\/p>\n<ul>\n<li>Dans les autres cas,<\/li>\n<\/ul>\n<p>&#8211; Je me rends \u00e0 la brigade de gendarmerie ou au commissariat de police le plus proche,<\/p>\n<p>Ou,<\/p>\n<p>-J&rsquo;adresse la fiche coch\u00e9e \u00ab signalement\u00bb dat\u00e9e et sign\u00e9e au Procureur de la R\u00e9publique par :<\/p>\n<ul>\n<li>courrier postal : Procureur de la R\u00e9publique BP 101-98713 PAPEETE ou<\/li>\n<li>d\u00e9p\u00f4t direct au Tribunal de Premi\u00e8re Instance de Papeete, avenue Pouvaana Oopa, ou<\/li>\n<li>e-mail : <span style=\"text-decoration: underline\"><strong><a href=\"mailto:violences-familiales.pr.tpi-papeete@justice.fr\">violences-familiales.pr.tpi-papeete@justice.fr<\/a><\/strong><\/span><\/li>\n<li>message \u00e9lectronique via la page d\u00e9di\u00e9e Facebook \u00abProcureur de la R\u00e9publique en Polyn\u00e9sie fran\u00e7aise. Violences familiales\u00bb<\/li>\n<\/ul>\n<p>Ou,<\/p>\n<ul>\n<li>J\u2019adresse la fiche \u00e0 la Cellule signalement de la Direction des Solidarit\u00e9s, de la famille et de l\u2019\u00e9galit\u00e9 (DSFE) \u2013 Cellule Signalement \u2013 Immeuble Te Hotu \u2013 Rue du Prince Hino\u00ef \u2013 PAPEETE \u2013 BP 1707 &#8211; <span style=\"text-decoration: underline\"><strong><a href=\"mailto:signalement.dsfe@administration.gov.pf\">signalement.dsfe@administration.gov.pf<\/a><\/strong><\/span><\/li>\n<\/ul>\n<h3><strong><span style=\"text-decoration: underline\">D\u00e9nonciation calomnieuse<\/span><br \/>\n<\/strong><\/h3>\n<div>\n<p id=\"LEGIARTI000034009375-1\" class=\"name-article\" data-anchor=\"LEGIARTI000034009375\"><em><strong>Article 226-10<\/strong><\/em><\/p>\n<p><a href=\"https:\/\/www.legifrance.gouv.fr\/loda\/id\/JORFARTI000033558775\/2999-01-01\/\"><strong>Modifi\u00e9 par D\u00e9cision n\u00b02016-741 DC du 8 d\u00e9cembre 2016 &#8211; art. 4, v. init.<\/strong><br \/>\n<\/a>La d\u00e9nonciation, effectu\u00e9e par tout moyen et dirig\u00e9e contre une personne d\u00e9termin\u00e9e, d&rsquo;un fait qui est de nature \u00e0 entra\u00eener des sanctions judiciaires, administratives ou disciplinaires et que l&rsquo;on sait totalement ou partiellement inexact, lorsqu&rsquo;elle est adress\u00e9e soit \u00e0 un officier de justice ou de police administrative ou judiciaire, soit \u00e0 une autorit\u00e9 ayant le pouvoir d&rsquo;y donner suite ou de saisir l&rsquo;autorit\u00e9 comp\u00e9tente, soit aux sup\u00e9rieurs hi\u00e9rarchiques ou \u00e0 l&#8217;employeur de la personne d\u00e9nonc\u00e9e est punie de cinq ans d&#8217;emprisonnement et de 45 000 euros d&rsquo;amende.<\/p>\n<\/div>\n<div class=\"content\">\n<p>La fausset\u00e9 du fait d\u00e9nonc\u00e9 r\u00e9sulte n\u00e9cessairement de la d\u00e9cision, devenue d\u00e9finitive, d&rsquo;acquittement, de relaxe ou de non-lieu, d\u00e9clarant que le fait n&rsquo;a pas \u00e9t\u00e9 commis ou que celui-ci n&rsquo;est pas imputable \u00e0 la personne d\u00e9nonc\u00e9e.<\/p>\n<p>En tout autre cas, le tribunal saisi des poursuites contre le d\u00e9nonciateur appr\u00e9cie la pertinence des accusations port\u00e9es par celui-ci.<\/p>\n<\/div>\n<\/div><div class=\"fusion-clearfix\"><\/div><\/div><\/div><\/div><\/div><div class=\"fusion-fullwidth fullwidth-box fusion-builder-row-2 nonhundred-percent-fullwidth non-hundred-percent-height-scrolling\" style=\"--awb-border-radius-top-left:0px;--awb-border-radius-top-right:0px;--awb-border-radius-bottom-right:0px;--awb-border-radius-bottom-left:0px;--awb-flex-wrap:wrap;\" ><div class=\"fusion-builder-row fusion-row\"><div class=\"fusion-layout-column fusion_builder_column fusion-builder-column-1 fusion_builder_column_1_1 1_1 fusion-one-full fusion-column-first fusion-column-last\" style=\"--awb-bg-size:cover;\"><div class=\"fusion-column-wrapper fusion-column-has-shadow fusion-flex-column-wrapper-legacy\"><div class=\"fusion-clearfix\"><\/div><\/div><\/div><\/div><\/div><\/p>\n","protected":false},"excerpt":{"rendered":"","protected":false},"author":209,"featured_media":0,"parent":0,"menu_order":0,"comment_status":"closed","ping_status":"closed","template":"","meta":{"_acf_changed":false,"_seopress_robots_primary_cat":"","_seopress_titles_title":"","_seopress_titles_desc":"","_seopress_robots_index":"","footnotes":""},"class_list":["post-1050","page","type-page","status-publish","hentry"],"acf":[],"_links":{"self":[{"href":"https:\/\/www.service-public.pf\/dsfe\/wp-json\/wp\/v2\/pages\/1050","targetHints":{"allow":["GET"]}}],"collection":[{"href":"https:\/\/www.service-public.pf\/dsfe\/wp-json\/wp\/v2\/pages"}],"about":[{"href":"https:\/\/www.service-public.pf\/dsfe\/wp-json\/wp\/v2\/types\/page"}],"author":[{"embeddable":true,"href":"https:\/\/www.service-public.pf\/dsfe\/wp-json\/wp\/v2\/users\/209"}],"replies":[{"embeddable":true,"href":"https:\/\/www.service-public.pf\/dsfe\/wp-json\/wp\/v2\/comments?post=1050"}],"version-history":[{"count":11,"href":"https:\/\/www.service-public.pf\/dsfe\/wp-json\/wp\/v2\/pages\/1050\/revisions"}],"predecessor-version":[{"id":2575,"href":"https:\/\/www.service-public.pf\/dsfe\/wp-json\/wp\/v2\/pages\/1050\/revisions\/2575"}],"wp:attachment":[{"href":"https:\/\/www.service-public.pf\/dsfe\/wp-json\/wp\/v2\/media?parent=1050"}],"curies":[{"name":"wp","href":"https:\/\/api.w.org\/{rel}","templated":true}]}}