{"id":470,"date":"2020-03-20T21:34:23","date_gmt":"2020-03-20T20:34:23","guid":{"rendered":"https:\/\/www.service-public.pf\/dsfe\/?page_id=470"},"modified":"2021-09-24T21:37:19","modified_gmt":"2021-09-24T19:37:19","slug":"moniteur-educateur","status":"publish","type":"page","link":"https:\/\/www.service-public.pf\/dsfe\/moniteur-educateur\/","title":{"rendered":"Moniteur \u00e9ducateur"},"content":{"rendered":"<p><div class=\"fusion-fullwidth fullwidth-box fusion-builder-row-1 nonhundred-percent-fullwidth non-hundred-percent-height-scrolling\" style=\"--awb-border-radius-top-left:0px;--awb-border-radius-top-right:0px;--awb-border-radius-bottom-right:0px;--awb-border-radius-bottom-left:0px;--awb-flex-wrap:wrap;\" ><div class=\"fusion-builder-row fusion-row\"><div class=\"fusion-layout-column fusion_builder_column fusion-builder-column-0 fusion_builder_column_2_3 2_3 fusion-two-third fusion-column-first\" style=\"--awb-bg-size:cover;width:66.666666666667%;width:calc(66.666666666667% - ( ( 4% ) * 0.66666666666667 ) );margin-right: 4%;\"><div class=\"fusion-column-wrapper fusion-column-has-shadow fusion-flex-column-wrapper-legacy\"><div class=\"fusion-text fusion-text-1\" style=\"--awb-content-alignment:justify;\"><p>Le moniteur \u00e9ducateur exerce sa fonction aupr\u00e8s d\u2019enfants, d\u2019adolescents ou d\u2019adultes en difficult\u00e9, handicap\u00e9s ou en situation de d\u00e9pendance.<\/p>\n<p>A travers un accompagnement particulier, le moniteur \u00e9ducateur aide quotidiennement \u00e0 instaurer, restaurer ou pr\u00e9server l\u2019adaptation sociale et l\u2019autonomie de ces personnes. Il participe ainsi \u00e0 l&rsquo;action \u00e9ducative, \u00e0 l&rsquo;animation et \u00e0 l&rsquo;organisation de la vie quotidienne en liaison avec les autres professionnels de l&rsquo;\u00e9ducation sp\u00e9cialis\u00e9e.<\/p>\n<p><span style=\"text-decoration: underline\"><strong>Soutien et attention<\/strong><\/span><\/p>\n<p>Les personnes confront\u00e9es \u00e0 des probl\u00e8mes sociaux, familiaux, comportementaux ou en situation de handicap physique ou mental b\u00e9n\u00e9ficient de l&rsquo;attention et du soutien du moniteur-\u00e9ducateur. Il veille \u00e0 leur \u00e9panouissement, d\u00e9veloppe leurs capacit\u00e9s d&rsquo;adaptation et les aide \u00e0 accomplir les gestes de la vie quotidienne.<\/p>\n<\/div><div class=\"fusion-clearfix\"><\/div><\/div><\/div><div class=\"fusion-layout-column fusion_builder_column fusion-builder-column-1 fusion_builder_column_1_3 1_3 fusion-one-third fusion-column-last\" style=\"--awb-bg-size:cover;width:33.333333333333%;width:calc(33.333333333333% - ( ( 4% ) * 0.33333333333333 ) );\"><div class=\"fusion-column-wrapper fusion-column-has-shadow fusion-flex-column-wrapper-legacy\"><div class=\"fusion-image-element in-legacy-container\" style=\"--awb-caption-title-font-family:var(--h2_typography-font-family);--awb-caption-title-font-weight:var(--h2_typography-font-weight);--awb-caption-title-font-style:var(--h2_typography-font-style);--awb-caption-title-size:var(--h2_typography-font-size);--awb-caption-title-transform:var(--h2_typography-text-transform);--awb-caption-title-line-height:var(--h2_typography-line-height);--awb-caption-title-letter-spacing:var(--h2_typography-letter-spacing);\"><span class=\" fusion-imageframe imageframe-none imageframe-1 hover-type-none\"><img decoding=\"async\" width=\"300\" height=\"200\" title=\"IMG 6231\" src=\"https:\/\/www.service-public.pf\/dsfe\/wp-content\/uploads\/sites\/50\/2020\/03\/IMG_6231-300x200.jpg\" alt class=\"img-responsive wp-image-443\" srcset=\"https:\/\/www.service-public.pf\/dsfe\/wp-content\/uploads\/sites\/50\/2020\/03\/IMG_6231-200x133.jpg 200w, https:\/\/www.service-public.pf\/dsfe\/wp-content\/uploads\/sites\/50\/2020\/03\/IMG_6231-400x267.jpg 400w, https:\/\/www.service-public.pf\/dsfe\/wp-content\/uploads\/sites\/50\/2020\/03\/IMG_6231-600x400.jpg 600w, https:\/\/www.service-public.pf\/dsfe\/wp-content\/uploads\/sites\/50\/2020\/03\/IMG_6231-800x533.jpg 800w, https:\/\/www.service-public.pf\/dsfe\/wp-content\/uploads\/sites\/50\/2020\/03\/IMG_6231-1200x800.jpg 1200w\" sizes=\"(max-width: 800px) 100vw, 400px\" \/><\/span><\/div><div class=\"fusion-clearfix\"><\/div><\/div><\/div><\/div><\/div><div class=\"fusion-fullwidth fullwidth-box fusion-builder-row-2 nonhundred-percent-fullwidth non-hundred-percent-height-scrolling\" style=\"--awb-border-radius-top-left:0px;--awb-border-radius-top-right:0px;--awb-border-radius-bottom-right:0px;--awb-border-radius-bottom-left:0px;--awb-flex-wrap:wrap;\" ><div class=\"fusion-builder-row fusion-row\"><div class=\"fusion-layout-column fusion_builder_column fusion-builder-column-2 fusion_builder_column_1_1 1_1 fusion-one-full fusion-column-first fusion-column-last\" style=\"--awb-bg-size:cover;\"><div class=\"fusion-column-wrapper fusion-column-has-shadow fusion-flex-column-wrapper-legacy\"><div class=\"accordian fusion-accordian\" style=\"--awb-border-size:1px;--awb-icon-size:13px;--awb-content-font-size:13px;--awb-icon-alignment:left;--awb-hover-color:#f9f9f9;--awb-border-color:#cccccc;--awb-background-color:#ffffff;--awb-divider-color:#e0dede;--awb-divider-hover-color:#e0dede;--awb-icon-color:#ffffff;--awb-title-color:#333333;--awb-content-color:#747474;--awb-icon-box-color:#333333;--awb-toggle-hover-accent-color:#65bc7b;--awb-title-font-family:&quot;Oswald&quot;;--awb-title-font-weight:400;--awb-title-font-style:normal;--awb-title-font-size:13px;--awb-content-font-family:&quot;Roboto&quot;;--awb-content-font-style:normal;--awb-content-font-weight:400;\"><div class=\"panel-group fusion-toggle-icon-boxed\" id=\"accordion-470-1\"><div class=\"fusion-panel panel-default panel-18d0fb459d535147c fusion-toggle-no-divider fusion-toggle-boxed-mode\"><div class=\"panel-heading\"><h4 class=\"panel-title toggle\" id=\"toggle_18d0fb459d535147c\"><a aria-expanded=\"false\" aria-controls=\"18d0fb459d535147c\" role=\"button\" data-toggle=\"collapse\" data-target=\"#18d0fb459d535147c\" href=\"#18d0fb459d535147c\"><span class=\"fusion-toggle-icon-wrapper\" aria-hidden=\"true\"><i class=\"fa-fusion-box active-icon awb-icon-minus\" aria-hidden=\"true\"><\/i><i class=\"fa-fusion-box inactive-icon awb-icon-plus\" aria-hidden=\"true\"><\/i><\/span><span class=\"fusion-toggle-heading\">Conditions d\u2019admission<\/span><\/a><\/h4><\/div><div id=\"18d0fb459d535147c\" class=\"panel-collapse collapse \" aria-labelledby=\"toggle_18d0fb459d535147c\"><div class=\"panel-body toggle-content fusion-clearfix\">\n<p>Aucun dipl\u00f4me n&rsquo;est exig\u00e9 pour acc\u00e9der \u00e0 la formation.<\/p>\n<p>Chaque \u00e9tablissement de formation organise des \u00e9preuves d&rsquo;admission comprenant :<\/p>\n<ul>\n<li>Une \u00e9preuve \u00e9crite pour appr\u00e9cier le niveau de formation g\u00e9n\u00e9ral;<\/li>\n<li>Une \u00e9preuve orale destin\u00e9e \u00e0 \u00e9valuer les motivations, la maturit\u00e9, le contr\u00f4le de soi&#8230;<\/li>\n<\/ul>\n<\/div><\/div><\/div><div class=\"fusion-panel panel-default panel-ed638e33fb0f10439 fusion-toggle-no-divider fusion-toggle-boxed-mode\"><div class=\"panel-heading\"><h4 class=\"panel-title toggle\" id=\"toggle_ed638e33fb0f10439\"><a aria-expanded=\"false\" aria-controls=\"ed638e33fb0f10439\" role=\"button\" data-toggle=\"collapse\" data-target=\"#ed638e33fb0f10439\" href=\"#ed638e33fb0f10439\"><span class=\"fusion-toggle-icon-wrapper\" aria-hidden=\"true\"><i class=\"fa-fusion-box active-icon awb-icon-minus\" aria-hidden=\"true\"><\/i><i class=\"fa-fusion-box inactive-icon awb-icon-plus\" aria-hidden=\"true\"><\/i><\/span><span class=\"fusion-toggle-heading\"> Dur\u00e9e et contenu de la formation<\/span><\/a><\/h4><\/div><div id=\"ed638e33fb0f10439\" class=\"panel-collapse collapse \" aria-labelledby=\"toggle_ed638e33fb0f10439\"><div class=\"panel-body toggle-content fusion-clearfix\">\n<p>La formation dure 2 ans et comprend, en alternance ;<\/p>\n<p>950 h de cours th\u00e9oriques :<\/p>\n<ul>\n<li>Accompagnement social et \u00e9ducatif sp\u00e9cialis\u00e9 : 400 h<\/li>\n<li>Participation \u00e0 l&rsquo;\u00e9laboration et \u00e0 la conduite du projet \u00e9ducatif sp\u00e9cialis\u00e9 : 300 h<\/li>\n<li>Travail en \u00e9quipe pluri-professionnelle : 1 25 h<\/li>\n<li>Implication dans les dynamiques institutionnelles : 125 h<\/li>\n<\/ul>\n<p>28 semaines de stage pratique<\/p>\n<p>L&rsquo;examen final comprend 4 \u00e9preuves :<\/p>\n<ul>\n<li>1 \u00e9preuve \u00e9crite ;<\/li>\n<li>3 \u00e9preuves orales : une sur la d\u00e9marche \u00e9ducative (note de r\u00e9flexion), une autre \u00e0 partir de l&rsquo;exp\u00e9rience de stages et la derni\u00e8re sur un dossier \u00e9labor\u00e9 par le candidat.<\/li>\n<\/ul>\n<p>La formation est sanctionn\u00e9e par le DEME (Dipl\u00f4me d&rsquo;\u00c9tat de moniteur-\u00e9ducateur), un dipl\u00f4me de niveau Bac d\u00e9livr\u00e9 par le minist\u00e8re de l&rsquo;\u00c9ducation nationale.<\/p>\n<\/div><\/div><\/div><div class=\"fusion-panel panel-default panel-9fe95ec15abfee754 fusion-toggle-no-divider fusion-toggle-boxed-mode\"><div class=\"panel-heading\"><h4 class=\"panel-title toggle\" id=\"toggle_9fe95ec15abfee754\"><a aria-expanded=\"false\" aria-controls=\"9fe95ec15abfee754\" role=\"button\" data-toggle=\"collapse\" data-target=\"#9fe95ec15abfee754\" href=\"#9fe95ec15abfee754\"><span class=\"fusion-toggle-icon-wrapper\" aria-hidden=\"true\"><i class=\"fa-fusion-box active-icon awb-icon-minus\" aria-hidden=\"true\"><\/i><i class=\"fa-fusion-box inactive-icon awb-icon-plus\" aria-hidden=\"true\"><\/i><\/span><span class=\"fusion-toggle-heading\">Vers qui dois-je me rapprocher pour tout renseignement concernant cette formation?<\/span><\/a><\/h4><\/div><div id=\"9fe95ec15abfee754\" class=\"panel-collapse collapse \" aria-labelledby=\"toggle_9fe95ec15abfee754\"><div class=\"panel-body toggle-content fusion-clearfix\">\n<ul>\n<li>Rapprochez-vous du P\u00f4le Formation &amp; Documentation de la Direction des Solidarit\u00e9s, de la Famille et de l\u2019\u00c9galit\u00e9 au <a href=\"tel:+68940465898\"> 40 46 58 98 <\/a> ou <a href=\"tel:+68940465875\"> 40 46 58 75 <\/a><\/li>\n<\/ul>\n<\/div><\/div><\/div><div class=\"fusion-panel panel-default panel-bd35013b200c1e77c fusion-toggle-no-divider fusion-toggle-boxed-mode\"><div class=\"panel-heading\"><h4 class=\"panel-title toggle\" id=\"toggle_bd35013b200c1e77c\"><a aria-expanded=\"false\" aria-controls=\"bd35013b200c1e77c\" role=\"button\" data-toggle=\"collapse\" data-target=\"#bd35013b200c1e77c\" href=\"#bd35013b200c1e77c\"><span class=\"fusion-toggle-icon-wrapper\" aria-hidden=\"true\"><i class=\"fa-fusion-box active-icon awb-icon-minus\" aria-hidden=\"true\"><\/i><i class=\"fa-fusion-box inactive-icon awb-icon-plus\" aria-hidden=\"true\"><\/i><\/span><span class=\"fusion-toggle-heading\">Quels sont les d\u00e9bouch\u00e9s ?<\/span><\/a><\/h4><\/div><div id=\"bd35013b200c1e77c\" class=\"panel-collapse collapse \" aria-labelledby=\"toggle_bd35013b200c1e77c\"><div class=\"panel-body toggle-content fusion-clearfix\">\n<p>Plus de 80 % des moniteurs -\u00e9ducateurs travaillent dans le secteur priv\u00e9 associatif. Toutefois le cadre de la fonction publique offre \u00e9gale ment des possibilit\u00e9s.<\/p>\n<\/div><\/div><\/div><div class=\"fusion-panel panel-default panel-abd7c3ef455e814db fusion-toggle-no-divider fusion-toggle-boxed-mode\"><div class=\"panel-heading\"><h4 class=\"panel-title toggle\" id=\"toggle_abd7c3ef455e814db\"><a aria-expanded=\"false\" aria-controls=\"abd7c3ef455e814db\" role=\"button\" data-toggle=\"collapse\" data-target=\"#abd7c3ef455e814db\" href=\"#abd7c3ef455e814db\"><span class=\"fusion-toggle-icon-wrapper\" aria-hidden=\"true\"><i class=\"fa-fusion-box active-icon awb-icon-minus\" aria-hidden=\"true\"><\/i><i class=\"fa-fusion-box inactive-icon awb-icon-plus\" aria-hidden=\"true\"><\/i><\/span><span class=\"fusion-toggle-heading\">\u00c9volution de carri\u00e8re<\/span><\/a><\/h4><\/div><div id=\"abd7c3ef455e814db\" class=\"panel-collapse collapse \" aria-labelledby=\"toggle_abd7c3ef455e814db\"><div class=\"panel-body toggle-content fusion-clearfix\">\n<p>Les moniteurs \u00e9ducateurs qui le souhaitent peuvent entamer une autre formation du secteur social en b\u00e9n\u00e9ficiant d&rsquo;importants all\u00e8gements de formation.<\/p>\n<p>Ainsi, les titulaires du DEME peuvent b\u00e9n\u00e9ficier :<\/p>\n<ul>\n<li>d&rsquo;all\u00e8gements de formation et de la dispense de o3 domaines de formation sur 6 ainsi que des \u00e9preuves de certification correspondantes pour la format ion pr\u00e9parant au DETISF;<\/li>\n<li>all\u00e8gement d&rsquo;l\/3 de la formation d&rsquo;\u00e9ducateur sp\u00e9cialis\u00e9, d&rsquo;\u00e9ducateur technique sp\u00e9cialis\u00e9, d&rsquo;\u00e9ducateur de jeunes enfants;<\/li>\n<li>pour les moniteurs \u00e9ducateurs justifiant de 2 ans d&rsquo;exp\u00e9rience professionnelle, la dispense du premier domaine de formation et des premi\u00e8res parties des second, troisi\u00e8me et quatri\u00e8me domaine de formation de la formation d&rsquo; \u00e9ducateur sp\u00e9cialis\u00e9 et des \u00e9preuves de certification correspondantes.<\/li>\n<\/ul>\n<\/div><\/div><\/div><\/div><\/div><div class=\"fusion-clearfix\"><\/div><\/div><\/div><\/div><\/div><\/p>\n","protected":false},"excerpt":{"rendered":"","protected":false},"author":202,"featured_media":0,"parent":0,"menu_order":0,"comment_status":"closed","ping_status":"closed","template":"","meta":{"_acf_changed":false,"_seopress_robots_primary_cat":"","_seopress_titles_title":"","_seopress_titles_desc":"","_seopress_robots_index":"","footnotes":""},"class_list":["post-470","page","type-page","status-publish","hentry"],"acf":[],"_links":{"self":[{"href":"https:\/\/www.service-public.pf\/dsfe\/wp-json\/wp\/v2\/pages\/470","targetHints":{"allow":["GET"]}}],"collection":[{"href":"https:\/\/www.service-public.pf\/dsfe\/wp-json\/wp\/v2\/pages"}],"about":[{"href":"https:\/\/www.service-public.pf\/dsfe\/wp-json\/wp\/v2\/types\/page"}],"author":[{"embeddable":true,"href":"https:\/\/www.service-public.pf\/dsfe\/wp-json\/wp\/v2\/users\/202"}],"replies":[{"embeddable":true,"href":"https:\/\/www.service-public.pf\/dsfe\/wp-json\/wp\/v2\/comments?post=470"}],"version-history":[{"count":0,"href":"https:\/\/www.service-public.pf\/dsfe\/wp-json\/wp\/v2\/pages\/470\/revisions"}],"wp:attachment":[{"href":"https:\/\/www.service-public.pf\/dsfe\/wp-json\/wp\/v2\/media?parent=470"}],"curies":[{"name":"wp","href":"https:\/\/api.w.org\/{rel}","templated":true}]}}