{"id":24864,"date":"2021-01-15T11:44:10","date_gmt":"2021-01-15T21:44:10","guid":{"rendered":"https:\/\/www.service-public.pf\/sipf\/?page_id=24864"},"modified":"2021-01-15T11:50:48","modified_gmt":"2021-01-15T21:50:48","slug":"consultation-pour-oini-cst-s","status":"publish","type":"page","link":"https:\/\/www.service-public.pf\/dsi\/marches-publics-du-sipf\/consultation-pour-oini-cst-s\/","title":{"rendered":"Consultation pour OINI CST-S"},"content":{"rendered":"<p><div class=\"fusion-fullwidth fullwidth-box fusion-builder-row-1 nonhundred-percent-fullwidth non-hundred-percent-height-scrolling\" style=\"--awb-border-radius-top-left:0px;--awb-border-radius-top-right:0px;--awb-border-radius-bottom-right:0px;--awb-border-radius-bottom-left:0px;--awb-padding-top:50px;--awb-flex-wrap:wrap;\" ><div class=\"fusion-builder-row fusion-row\"><div class=\"fusion-layout-column fusion_builder_column fusion-builder-column-0 fusion_builder_column_1_1 1_1 fusion-one-full fusion-column-first fusion-column-last\" style=\"--awb-bg-size:cover;\"><div class=\"fusion-column-wrapper fusion-flex-column-wrapper-legacy\"><div class=\"fusion-title title fusion-title-1 sep-underline sep-solid fusion-title-center fusion-title-text fusion-title-size-one\" style=\"--awb-margin-top-small:0px;--awb-margin-right-small:0px;--awb-margin-bottom-small:20px;--awb-margin-left-small:0px;\"><h1 class=\"fusion-title-heading title-heading-center fusion-responsive-typography-calculated\" style=\"margin:0;--fontSize:31;line-height:1.45;\"><h1 style=\"text-align: center;\">Consultation pour OINI CST-S<\/h1><\/h1><\/div><div class=\"fusion-text fusion-text-1\"><p><strong>Le Service de l&rsquo;Informatique de la Polyn\u00e9sie fran\u00e7aise (SIPf)<\/strong> r\u00e9alise et supervise le d\u00e9veloppement de tous les t\u00e9l\u00e9services et applications web\/mobiles (appel\u00e9s \u00ab\u00a0produits\u00a0\u00bb) destin\u00e9es aux agents et aux usagers de l&rsquo;administration. Tous ces d\u00e9veloppements doivent \u00eatre utiles, utilisables, accessibles, navigables, cr\u00e9dibles, trouvables, attractifs, robustes et s\u00fbrs. Le r\u00f4le de cette prestation est d&rsquo;assister le SIPf dans l&rsquo;optimisation de ces caract\u00e9ristiques attendues \u00e0 l&rsquo;occasion de la d\u00e9mat\u00e9rialisation de l&rsquo;administration.<\/p>\n<p><strong>L&rsquo;UX (exp\u00e9rience usager) est une approche m\u00e9thodologique pluridisciplinaire<\/strong> qui met l\u2019utilisateur au centre du processus cr\u00e9atif garantissant une concordance entre ses attentes et les objectifs strat\u00e9giques du fournisseur de service. Il permet de r\u00e9duire la frustration, d&rsquo;optimiser la gestion des erreurs, de faciliter l\u2019acc\u00e8s \u00e0 l\u2019information, d&rsquo;am\u00e9liorer l&rsquo;adh\u00e9sion, d&rsquo;augmenter la productivit\u00e9 et de s\u2019assurer que l\u2019application r\u00e9pond vraiment aux besoins de l\u2019utilisateur final en lui offrant une exp\u00e9rience logicielle r\u00e9ussit.<\/p>\n<\/div><div class=\"fusion-clearfix\"><\/div><\/div><\/div><\/div><\/div><div class=\"fusion-fullwidth fullwidth-box fusion-builder-row-2 nonhundred-percent-fullwidth non-hundred-percent-height-scrolling\" style=\"--awb-border-radius-top-left:0px;--awb-border-radius-top-right:0px;--awb-border-radius-bottom-right:0px;--awb-border-radius-bottom-left:0px;--awb-flex-wrap:wrap;\" ><div class=\"fusion-builder-row fusion-row\"><div class=\"fusion-layout-column fusion_builder_column fusion-builder-column-1 fusion_builder_column_1_1 1_1 fusion-one-full fusion-column-first fusion-column-last\" style=\"--awb-bg-size:cover;\"><div class=\"fusion-column-wrapper fusion-flex-column-wrapper-legacy\"><div class=\"fusion-section-separator section-separator clouds fusion-section-separator-1\" style=\"--awb-spacer-height:99px;--awb-svg-margin-left:0;--awb-svg-margin-right:0;--awb-divider-height:99px;--awb-spacer-padding-top:inherit;--awb-sep-padding:0;--awb-svg-padding:0;\"><div class=\"fusion-section-separator-svg\"><svg class=\"fusion-clouds-candy\" xmlns=\"http:\/\/www.w3.org\/2000\/svg\" version=\"1.1\" width=\"100%\" height=\"100\" viewBox=\"0 0 100 100\" preserveAspectRatio=\"none\" fill=\"rgba(246,246,246,1)\"><path d=\"M-5 100 Q 0 20 5 100 Z\"><\/path>\n\t\t\t\t\t\t\t\t<path d=\"M0 100 Q 5 0 10 100\"><\/path>\n\t\t\t\t\t\t\t\t<path d=\"M5 100 Q 10 30 15 100\"><\/path>\n\t\t\t\t\t\t\t\t<path d=\"M10 100 Q 15 10 20 100\"><\/path>\n\t\t\t\t\t\t\t\t<path d=\"M15 100 Q 20 30 25 100\"><\/path>\n\t\t\t\t\t\t\t\t<path d=\"M20 100 Q 25 -10 30 100\"><\/path>\n\t\t\t\t\t\t\t\t<path d=\"M25 100 Q 30 10 35 100\"><\/path>\n\t\t\t\t\t\t\t\t<path d=\"M30 100 Q 35 30 40 100\"><\/path>\n\t\t\t\t\t\t\t\t<path d=\"M35 100 Q 40 10 45 100\"><\/path>\n\t\t\t\t\t\t\t\t<path d=\"M40 100 Q 45 50 50 100\"><\/path>\n\t\t\t\t\t\t\t\t<path d=\"M45 100 Q 50 20 55 100\"><\/path>\n\t\t\t\t\t\t\t\t<path d=\"M50 100 Q 55 40 60 100\"><\/path>\n\t\t\t\t\t\t\t\t<path d=\"M55 100 Q 60 60 65 100\"><\/path>\n\t\t\t\t\t\t\t\t<path d=\"M60 100 Q 65 50 70 100\"><\/path>\n\t\t\t\t\t\t\t\t<path d=\"M65 100 Q 70 20 75 100\"><\/path>\n\t\t\t\t\t\t\t\t<path d=\"M70 100 Q 75 45 80 100\"><\/path>\n\t\t\t\t\t\t\t\t<path d=\"M75 100 Q 80 30 85 100\"><\/path>\n\t\t\t\t\t\t\t\t<path d=\"M80 100 Q 85 20 90 100\"><\/path>\n\t\t\t\t\t\t\t\t<path d=\"M85 100 Q 90 50 95 100\"><\/path>\n\t\t\t\t\t\t\t\t<path d=\"M90 100 Q 95 25 100 100\"><\/path>\n\t\t\t\t\t\t\t\t<path d=\"M95 100 Q 100 15 105 100 Z\"><\/path><\/svg><\/div><div class=\"fusion-section-separator-spacer\"><div class=\"fusion-section-separator-spacer-height\"><\/div><\/div><\/div><div class=\"fusion-clearfix\"><\/div><\/div><\/div><\/div><\/div><div class=\"fusion-fullwidth fullwidth-box fusion-builder-row-3 nonhundred-percent-fullwidth non-hundred-percent-height-scrolling\" style=\"--awb-border-radius-top-left:0px;--awb-border-radius-top-right:0px;--awb-border-radius-bottom-right:0px;--awb-border-radius-bottom-left:0px;--awb-flex-wrap:wrap;\" ><div class=\"fusion-builder-row fusion-row\"><div class=\"fusion-layout-column fusion_builder_column fusion-builder-column-2 fusion_builder_column_1_1 1_1 fusion-one-full fusion-column-first fusion-column-last\" style=\"--awb-bg-size:cover;\"><div class=\"fusion-column-wrapper fusion-flex-column-wrapper-legacy\"><div class=\"fusion-title title fusion-title-2 sep-underline sep-solid fusion-title-text fusion-title-size-one\" style=\"--awb-margin-top-small:0px;--awb-margin-right-small:0px;--awb-margin-bottom-small:20px;--awb-margin-left-small:0px;\"><h1 class=\"fusion-title-heading title-heading-left fusion-responsive-typography-calculated\" style=\"margin:0;--fontSize:31;line-height:1.45;\"><h1 style=\"text-align: center;\">Les conditions initiales et les r\u00e9ponses aux questions des candidats<\/h1><\/h1><\/div><div class=\"fusion-blog-shortcode fusion-blog-shortcode-1 fusion-blog-archive fusion-blog-layout-timeline-wrapper fusion-blog-pagination\"><div class=\"fusion-posts-container fusion-posts-container-pagination fusion-blog-rollover\" data-pages=\"1\"><div class=\"fusion-timeline-icon\"><i class=\"awb-icon-bubbles\" style=\"color:#ebeaea;\" aria-hidden=\"true\"><\/i><\/div><div class=\"fusion-blog-layout-timeline fusion-clearfix\"><div class=\"fusion-timeline-line\" style=\"border-left:1px solid #ebeaea;border-right:1px solid #ebeaea;\"><\/div><h3 class=\"fusion-timeline-date\" style=\"background-color:#ebeaea;\">janvier 2021<\/h3><div class=\"fusion-collapse-month\"><article id=\"blog-1-post-24855\" style=\"border-color:#ebeaea;\" class=\"fusion-post-timeline fusion-clearfix fusion-left-column post-24855 post type-post status-publish format-standard hentry category-consultation-pour-oini-cst-s category-marches\">\n<div class=\"fusion-post-wrapper\" style=\"background-color:rgba(255,255,255,0);\">\n\n<div class=\"fusion-post-content-wrapper\" style=\"padding:30px 25px 20px 25px;\"><div class=\"fusion-post-content post-content\"><div class=\"fusion-timeline-circle\" style=\"background-color:#ebeaea;\"><\/div><div class=\"fusion-timeline-arrow\" style=\"color:#ebeaea;\"><\/div><h2 class=\"blog-shortcode-post-title entry-title\"><a href=\"https:\/\/www.service-public.pf\/dsi\/2021\/01\/20\/marche-public-relatif-a-la-realisation-et-a-la-mise-en-production-de-la-teledeclaration-de-la-cst-s-dans-oini-e-services\/\">March\u00e9 public relatif \u00e0 la r\u00e9alisation et \u00e0 la mise en production de la t\u00e9l\u00e9d\u00e9claration de la CST-S dans \u2018O\u2019INI e-services<\/a><\/h2><p class=\"fusion-single-line-meta\">Par <span class=\"vcard\"><span class=\"fn\"><a href=\"https:\/\/www.service-public.pf\/dsi\/author\/sibma\/\" title=\"Articles par Matthieu Bosc\" rel=\"author\">Matthieu Bosc<\/a><\/span><\/span><span class=\"fusion-inline-sep\">|<\/span><span class=\"updated\" style=\"display:none;\">2021-01-20T08:10:12-10:00<\/span><span>janvier 20th, 2021<\/span><span class=\"fusion-inline-sep\">|<\/span>Cat\u00e9gories : <a href=\"https:\/\/www.service-public.pf\/dsi\/category\/consultation-pour-oini-cst-s\/\" rel=\"category tag\">Consultation pour OINI CST-S<\/a>, <a href=\"https:\/\/www.service-public.pf\/dsi\/category\/marches\/\" rel=\"category tag\">March\u00e9s<\/a><span class=\"fusion-inline-sep\">|<\/span><\/p><div class=\"fusion-content-sep sep-double sep-solid\"><\/div><div class=\"fusion-post-content-container\"><p>Date et heure limites de remise des offres : Vendredi 26 f\u00e9vrier 2021 1.\u00a0\u00a0\u00a0\u00a0 Informations relatives \u00e0 l\u2019acheteur public\u00a0: La Polyn\u00e9sie fran\u00e7aise, Direction des imp\u00f4ts et des contributions publiques 11 rue du Commandant Destremau B. P. 80 \u2013 [...]<\/p><\/div><\/div><div class=\"fusion-meta-info\"><div class=\"fusion-alignleft\"><a class=\"fusion-read-more\" href=\"https:\/\/www.service-public.pf\/dsi\/2021\/01\/20\/marche-public-relatif-a-la-realisation-et-a-la-mise-en-production-de-la-teledeclaration-de-la-cst-s-dans-oini-e-services\/\" aria-label=\"More on March\u00e9 public relatif \u00e0 la r\u00e9alisation et \u00e0 la mise en production de la t\u00e9l\u00e9d\u00e9claration de la CST-S dans \u2018O\u2019INI e-services\">Lire Plus<\/a><\/div><div class=\"fusion-alignright\"><span>Commentaires ferm\u00e9s<span class=\"screen-reader-text\"> sur March\u00e9 public relatif \u00e0 la r\u00e9alisation et \u00e0 la mise en production de la t\u00e9l\u00e9d\u00e9claration de la CST-S dans \u2018O\u2019INI e-services<\/span><\/span><\/div><\/div><\/div><div class=\"fusion-clearfix\"><\/div><\/div>\n<\/article>\n<\/div><\/div><\/div><\/div><div class=\"fusion-clearfix\"><\/div><\/div><\/div><\/div><\/div><div class=\"fusion-fullwidth fullwidth-box fusion-builder-row-4 has-pattern-background has-mask-background nonhundred-percent-fullwidth non-hundred-percent-height-scrolling fusion-equal-height-columns\" style=\"--awb-border-radius-top-left:0px;--awb-border-radius-top-right:0px;--awb-border-radius-bottom-right:0px;--awb-border-radius-bottom-left:0px;--awb-margin-bottom:-50px;--awb-background-image:linear-gradient(180deg, rgba(96,125,139,0.66) 0%,#3f5560 100%);--awb-flex-wrap:wrap;\" ><div class=\"fusion-builder-row fusion-row\"><div class=\"fusion-layout-column fusion_builder_column fusion-builder-column-3 fusion_builder_column_1_1 1_1 fusion-one-full fusion-column-first fusion-column-last\" style=\"--awb-padding-top:13px;--awb-padding-right:22px;--awb-padding-bottom:22px;--awb-padding-left:22px;--awb-bg-size:cover;--awb-margin-bottom:0px;\"><div class=\"fusion-column-wrapper fusion-column-has-shadow fusion-flex-column-wrapper-legacy\"><div class=\"fusion-content-boxes content-boxes columns row fusion-columns-5 fusion-columns-total-5 fusion-content-boxes-1 content-boxes-icon-on-side content-left fusion-delayed-animation\" style=\"--awb-body-color:#dde9f0;--awb-title-color:#000000;--awb-margin-top:0px;--awb-margin-bottom:0px;--awb-hover-accent-color:rgba(75,188,179,0.94);--awb-circle-hover-accent-color:rgba(75,188,179,0.94);\" data-animation-delay=\"300\" data-animationOffset=\"top-into-view\"><div style=\"--awb-backgroundcolor:rgba(255,255,255,0);--awb-content-padding-left:64px;\" class=\"fusion-column content-box-column content-box-column-1 col-lg-2 col-md-2 col-sm-2 fusion-content-box-hover content-box-column-first-in-row\"><div class=\"col content-box-wrapper content-wrapper link-area-box link-type-text icon-hover-animation-pulsate\" data-link=\"https:\/\/www.tefenua.gov.pf\/tefenua\/?center=-149.56772,-17.542727&amp;zoom=18&amp;layers=fond,service_public&amp;buttons=position,info,itineraire\" data-link-target=\"_self\" data-animationOffset=\"top-into-view\"><div class=\"heading heading-with-icon icon-left\"><a class=\"heading-link\" href=\"https:\/\/www.tefenua.gov.pf\/tefenua\/?center=-149.56772,-17.542727&amp;zoom=18&amp;layers=fond,service_public&amp;buttons=position,info,itineraire\" target=\"_self\"><div class=\"icon\" style=\"-webkit-animation-duration: 300ms;animation-duration: 300ms;\"><i style=\"border-color:transparent;border-width:0px;background-color:#3d5460;box-sizing:content-box;height:44px;width:44px;line-height:44px;border-radius:50%;font-size:22px;\" aria-hidden=\"true\" class=\"fontawesome-icon fa-map-marker-alt fas circle-yes\"><\/i><\/div><h2 class=\"content-box-heading fusion-responsive-typography-calculated\" style=\"--h2_typography-font-size:22px;--fontSize:22;line-height:1.5;padding-left:64px;\">Adresse<\/h2><\/a><\/div><div class=\"fusion-clearfix\"><\/div><div class=\"content-container\">BP 4574<br \/>\n<span style=\"color: var(--awb-body-color);text-align: var(--awb-content-text-align);background-color: var(--awb-bg-color-hover);font-family: var(--body_typography-font-family);font-size: var(--body_typography-font-size);font-style: var(--body_typography-font-style,normal);font-weight: var(--body_typography-font-weight);letter-spacing: var(--body_typography-letter-spacing)\">98713 Papeete Tahiti<\/span><\/div><\/div><\/div><div style=\"--awb-backgroundcolor:rgba(255,255,255,0);--awb-content-padding-left:64px;\" class=\"fusion-column content-box-column content-box-column-2 col-lg-2 col-md-2 col-sm-2 fusion-content-box-hover \"><div class=\"col content-box-wrapper content-wrapper link-area-box link-type-text icon-hover-animation-pulsate\" data-link=\"https:\/\/www.service-public.pf\/sipf\/formulaire-de-contact\/\" data-link-target=\"_self\" data-animationOffset=\"top-into-view\"><div class=\"heading heading-with-icon icon-left\"><a class=\"heading-link\" href=\"https:\/\/www.service-public.pf\/sipf\/formulaire-de-contact\/\" target=\"_self\"><div class=\"icon\" style=\"-webkit-animation-duration: 300ms;animation-duration: 300ms;\"><i style=\"border-color:transparent;border-width:0px;background-color:#3d5460;box-sizing:content-box;height:44px;width:44px;line-height:44px;border-radius:50%;font-size:22px;\" aria-hidden=\"true\" class=\"fontawesome-icon fa-envelope fas circle-yes\"><\/i><\/div><h2 class=\"content-box-heading fusion-responsive-typography-calculated\" style=\"--h2_typography-font-size:22px;--fontSize:22;line-height:1.5;padding-left:64px;\">Email<\/h2><\/a><\/div><div class=\"fusion-clearfix\"><\/div><div class=\"content-container\">\n<p>Contactez les<br \/>\ncellules de la DSI<\/p>\n<\/div><\/div><\/div><div style=\"--awb-backgroundcolor:rgba(255,255,255,0);--awb-content-padding-left:64px;\" class=\"fusion-column content-box-column content-box-column-3 col-lg-2 col-md-2 col-sm-2 fusion-content-box-hover \"><div class=\"col content-box-wrapper content-wrapper link-area-box link-type-text icon-hover-animation-pulsate\" data-link=\"https:\/\/www.tauturu.gov.pf\/\" data-link-target=\"_self\" data-animationOffset=\"top-into-view\"><div class=\"heading heading-with-icon icon-left\"><a class=\"heading-link\" href=\"https:\/\/www.tauturu.gov.pf\/\" target=\"_self\"><div class=\"icon\" style=\"-webkit-animation-duration: 300ms;animation-duration: 300ms;\"><i style=\"border-color:transparent;border-width:0px;background-color:#3d5460;box-sizing:content-box;height:44px;width:44px;line-height:44px;border-radius:50%;font-size:22px;\" aria-hidden=\"true\" class=\"fontawesome-icon fa-chalkboard-teacher fas circle-yes\"><\/i><\/div><h2 class=\"content-box-heading fusion-responsive-typography-calculated\" style=\"--h2_typography-font-size:22px;--fontSize:22;line-height:1.5;padding-left:64px;\">Site Tauturu<\/h2><\/a><\/div><div class=\"fusion-clearfix\"><\/div><div class=\"content-container\"><span style=\"color: #ffffff\"><a style=\"color: #dde9f0\" href=\"https:\/\/www.tauturu.gov.pf\/\" target=\"_blank\" rel=\"noopener noreferrer\">Cr\u00e9ez un ticket<\/a><\/span><br \/>\n<span style=\"color: #ffffff\"><a style=\"color: #dde9f0\" href=\"https:\/\/www.tauturu.gov.pf\/\">pour tout support<\/a><\/span><\/div><\/div><\/div><div style=\"--awb-backgroundcolor:rgba(255,255,255,0);--awb-content-padding-left:64px;\" class=\"fusion-column content-box-column content-box-column-4 col-lg-2 col-md-2 col-sm-2 fusion-content-box-hover \"><div class=\"col content-box-wrapper content-wrapper link-area-box link-type-text icon-hover-animation-pulsate\" data-link=\"tel:+68940544354\" data-link-target=\"_self\" data-animationOffset=\"top-into-view\"><div class=\"heading heading-with-icon icon-left\"><a class=\"heading-link\" href=\"tel:+68940544354\" target=\"_self\"><div class=\"icon\" style=\"-webkit-animation-duration: 300ms;animation-duration: 300ms;\"><i style=\"border-color:transparent;border-width:0px;background-color:#3d5460;box-sizing:content-box;height:44px;width:44px;line-height:44px;border-radius:50%;font-size:22px;\" aria-hidden=\"true\" class=\"fontawesome-icon fa-phone fas circle-yes\"><\/i><\/div><h2 class=\"content-box-heading fusion-responsive-typography-calculated\" style=\"--h2_typography-font-size:22px;--fontSize:22;line-height:1.5;padding-left:64px;\">T\u00e9l\u00e9phone<\/h2><\/a><\/div><div class=\"fusion-clearfix\"><\/div><div class=\"content-container\">\n+689 40 54 43 66<br \/>\nFax : 40 43 56 22<\/p>\n<\/div><\/div><\/div><div style=\"--awb-backgroundcolor:rgba(255,255,255,0);--awb-content-padding-left:64px;\" class=\"fusion-column content-box-column content-box-column-5 col-lg-2 col-md-2 col-sm-2 fusion-content-box-hover content-box-column-last content-box-column-last-in-row\"><div class=\"col content-box-wrapper content-wrapper link-area-box link-type-text icon-hover-animation-pulsate\" data-link=\"https:\/\/www.service-public.pf\/360\/SIPF-DGEN\/SIPF-DGEN.html\" data-link-target=\"_self\" data-animationOffset=\"top-into-view\"><div class=\"heading heading-with-icon icon-left\"><a class=\"heading-link\" href=\"https:\/\/www.service-public.pf\/360\/SIPF-DGEN\/SIPF-DGEN.html\" target=\"_self\"><div class=\"icon\" style=\"-webkit-animation-duration: 300ms;animation-duration: 300ms;\"><i style=\"border-color:transparent;border-width:0px;background-color:#3d5460;box-sizing:content-box;height:44px;width:44px;line-height:44px;border-radius:50%;font-size:22px;\" aria-hidden=\"true\" class=\"fontawesome-icon fa-clock far circle-yes\"><\/i><\/div><h2 class=\"content-box-heading fusion-responsive-typography-calculated\" style=\"--h2_typography-font-size:22px;--fontSize:22;line-height:1.5;padding-left:64px;\">Horaires<\/h2><\/a><\/div><div class=\"fusion-clearfix\"><\/div><div class=\"content-container\">Lundi au jeudi<br \/>\nDe 7h30 \u00e0 15h30<br \/>\nVendredi 14h30<\/div><\/div><\/div><div class=\"fusion-clearfix\"><\/div><\/div><div class=\"fusion-clearfix\"><\/div><\/div><\/div><\/div><\/div>\n<\/p>\n","protected":false},"excerpt":{"rendered":"","protected":false},"author":228,"featured_media":0,"parent":20514,"menu_order":0,"comment_status":"closed","ping_status":"closed","template":"","meta":{"_acf_changed":false,"_seopress_robots_primary_cat":"","_seopress_titles_title":"","_seopress_titles_desc":"","_seopress_robots_index":"","footnotes":""},"class_list":["post-24864","page","type-page","status-publish","hentry"],"acf":[],"_links":{"self":[{"href":"https:\/\/www.service-public.pf\/dsi\/wp-json\/wp\/v2\/pages\/24864","targetHints":{"allow":["GET"]}}],"collection":[{"href":"https:\/\/www.service-public.pf\/dsi\/wp-json\/wp\/v2\/pages"}],"about":[{"href":"https:\/\/www.service-public.pf\/dsi\/wp-json\/wp\/v2\/types\/page"}],"author":[{"embeddable":true,"href":"https:\/\/www.service-public.pf\/dsi\/wp-json\/wp\/v2\/users\/228"}],"replies":[{"embeddable":true,"href":"https:\/\/www.service-public.pf\/dsi\/wp-json\/wp\/v2\/comments?post=24864"}],"version-history":[{"count":0,"href":"https:\/\/www.service-public.pf\/dsi\/wp-json\/wp\/v2\/pages\/24864\/revisions"}],"up":[{"embeddable":true,"href":"https:\/\/www.service-public.pf\/dsi\/wp-json\/wp\/v2\/pages\/20514"}],"wp:attachment":[{"href":"https:\/\/www.service-public.pf\/dsi\/wp-json\/wp\/v2\/media?parent=24864"}],"curies":[{"name":"wp","href":"https:\/\/api.w.org\/{rel}","templated":true}]}}