{"id":33204,"date":"2025-03-07T17:47:31","date_gmt":"2025-03-08T03:47:31","guid":{"rendered":"https:\/\/www.service-public.pf\/dsi\/?page_id=33204"},"modified":"2025-03-12T09:26:55","modified_gmt":"2025-03-12T19:26:55","slug":"circulaire-budgetaire-dsi","status":"publish","type":"page","link":"https:\/\/www.service-public.pf\/dsi\/circulaire-budgetaire-dsi\/","title":{"rendered":"Circulaire d&rsquo;ex\u00e9cution budg\u00e9taire"},"content":{"rendered":"<p><div class=\"fusion-fullwidth fullwidth-box fusion-builder-row-1 has-pattern-background has-mask-background nonhundred-percent-fullwidth non-hundred-percent-height-scrolling\" style=\"--awb-border-radius-top-left:0px;--awb-border-radius-top-right:0px;--awb-border-radius-bottom-right:0px;--awb-border-radius-bottom-left:0px;--awb-padding-top:13%;--awb-padding-right:4%;--awb-padding-bottom:0%;--awb-padding-left:4%;--awb-margin-bottom:0px;--awb-background-color:#ff9696;--awb-flex-wrap:wrap;\" ><div class=\"fusion-builder-row fusion-row\"><div class=\"fusion-layout-column fusion_builder_column fusion-builder-column-0 fusion_builder_column_2_3 2_3 fusion-two-third fusion-column-first\" style=\"--awb-padding-top:4%;--awb-padding-right:4%;--awb-padding-bottom:4%;--awb-padding-left:4%;--awb-bg-size:cover;width:66.666666666667%;width:calc(66.666666666667% - ( ( 4% ) * 0.66666666666667 ) );margin-right: 4%;\"><div class=\"fusion-column-wrapper fusion-column-has-shadow fusion-flex-column-wrapper-legacy\"><div class=\"fusion-title title fusion-title-1 sep-underline sep-solid fusion-title-text fusion-title-size-one\" style=\"--awb-margin-top-small:0px;--awb-margin-right-small:0px;--awb-margin-bottom-small:20px;--awb-margin-left-small:0px;\"><h1 class=\"fusion-title-heading title-heading-left fusion-responsive-typography-calculated\" style=\"margin:0;--fontSize:31;line-height:1.45;\"><div class=\"page\" title=\"Page 1\">\n<div class=\"layoutArea\">\n<div class=\"column\">Circulaire d&rsquo;ex\u00e9cution budg\u00e9taire de la DSI pour l&rsquo;exercice 2024<\/div>\n<\/div>\n<\/div><\/h1><\/div><div class=\"fusion-alert alert error alert-danger fusion-alert-center fusion-alert-capitalize awb-alert-native-link-color alert-dismissable awb-alert-close-boxed\" role=\"alert\"><div class=\"fusion-alert-content-wrapper\"><span class=\"alert-icon\"><i class=\"awb-icon-exclamation-triangle\" aria-hidden=\"true\"><\/i><\/span><span class=\"fusion-alert-content\">CES DISPOSITIONS NE SONT PLUS APPLICABLES : VEUILLEZ VOUS REFERER A LA CIRCULAIRE 2025 DISPONIBLE A L&rsquo;ADRESSE CI DESSOUS<\/span><\/div><button type=\"button\" class=\"close toggle-alert\" data-dismiss=\"alert\" aria-label=\"Close\">&times;<\/button><\/div><a class=\"fusion-one-page-text-link\" href=\"https:\/\/www.service-public.pf\/dsi\/circulaire-execution-achats-informatiques\/\">https:\/\/www.service-public.pf\/dsi\/circulaire-execution-achats-informatiques\/<\/a><div class=\"fusion-sep-clear\"><\/div><div class=\"fusion-separator fusion-full-width-sep\" style=\"margin-left: auto;margin-right: auto;margin-top:5%;width:100%;\"><\/div><div class=\"fusion-sep-clear\"><\/div><div class=\"fusion-text fusion-text-1\"><p>&nbsp;<\/p>\n<\/div><div class=\"fusion-clearfix\"><\/div><\/div><\/div><div class=\"fusion-layout-column fusion_builder_column fusion-builder-column-1 fusion_builder_column_1_3 1_3 fusion-one-third fusion-column-last\" style=\"--awb-padding-top:5%;--awb-padding-right:5%;--awb-padding-bottom:5%;--awb-padding-left:5%;--awb-overflow:hidden;--awb-bg-color:#ccedf6;--awb-bg-color-hover:#ccedf6;--awb-bg-size:cover;--awb-border-radius:13px 13px 13px 13px;width:33.333333333333%;width:calc(33.333333333333% - ( ( 4% ) * 0.33333333333333 ) );\"><div class=\"fusion-column-wrapper fusion-column-has-shadow fusion-flex-column-wrapper-legacy\"><div class=\"fusion-text fusion-text-2\"><div id=\"attachment_33207\" style=\"width: 160px\" class=\"wp-caption aligncenter\"><img decoding=\"async\" aria-describedby=\"caption-attachment-33207\" class=\"wp-image-33207 size-thumbnail\" src=\"https:\/\/www.service-public.pf\/dsi\/wp-content\/uploads\/sites\/9\/2023\/02\/official-documents-150x150.png\" alt=\"\" width=\"150\" height=\"150\" srcset=\"https:\/\/www.service-public.pf\/dsi\/wp-content\/uploads\/sites\/9\/2023\/02\/official-documents-66x66.png 66w, https:\/\/www.service-public.pf\/dsi\/wp-content\/uploads\/sites\/9\/2023\/02\/official-documents-150x150.png 150w, https:\/\/www.service-public.pf\/dsi\/wp-content\/uploads\/sites\/9\/2023\/02\/official-documents-200x200.png 200w, https:\/\/www.service-public.pf\/dsi\/wp-content\/uploads\/sites\/9\/2023\/02\/official-documents-300x300.png 300w, https:\/\/www.service-public.pf\/dsi\/wp-content\/uploads\/sites\/9\/2023\/02\/official-documents-400x400.png 400w, https:\/\/www.service-public.pf\/dsi\/wp-content\/uploads\/sites\/9\/2023\/02\/official-documents.png 512w\" sizes=\"(max-width: 150px) 100vw, 150px\" \/><p id=\"caption-attachment-33207\" class=\"wp-caption-text\"><span style=\"font-size: 8pt\"><a title=\"document icons\" href=\"https:\/\/www.flaticon.com\/free-icons\/document\">Icon created by Freepik &#8211; Flaticon<\/a><\/span><\/p><\/div>\n<\/div><div class=\"fusion-title title fusion-title-2 sep-underline sep-solid fusion-title-text fusion-title-size-one\" style=\"--awb-margin-top-small:0px;--awb-margin-right-small:0px;--awb-margin-bottom-small:20px;--awb-margin-left-small:0px;\"><h1 class=\"fusion-title-heading title-heading-left fusion-responsive-typography-calculated\" style=\"margin:0;--fontSize:31;line-height:1.45;\"><h2><span class=\"NormalTextRun SCXW90302181 BCX9\" data-ccp-parastyle=\"- Lettre:Objet GEDA\">Proc\u00e9dures relatives \u00e0 l\u2019ex\u00e9cution du budget relevant des comp\u00e9tences d<\/span><span class=\"NormalTextRun SCXW90302181 BCX9\" data-ccp-parastyle=\"- Lettre:Objet GEDA\">e la direction du syst\u00e8me d\u2019information <\/span><span class=\"NormalTextRun SCXW90302181 BCX9\" data-ccp-parastyle=\"- Lettre:Objet GEDA\">de la Polyn\u00e9sie fran\u00e7aise<\/span><\/h2><\/h1><\/div><div class=\"fusion-text fusion-text-3\"><div class=\"page\" title=\"Page 6\">\n<div class=\"section\">\n<div class=\"layoutArea\">\n<div class=\"column\">\n<p><span data-contrast=\"auto\">La circulaire a pour objet de rappeler les proc\u00e9dures applicables dans les domaines qui rel\u00e8vent de la comp\u00e9tence de la direction du syst\u00e8me d\u2019information (DSI) afin d&rsquo;\u00e9viter tout rejet des services financiers et de la DSI.<\/span><span data-ccp-props=\"{\">\u00a0<\/span><\/p>\n<p><span data-contrast=\"auto\">Les acquisitions de mat\u00e9riels informatiques, les travaux et prestations informatiques r\u00e9alis\u00e9s en dehors des prescriptions expos\u00e9es ci-apr\u00e8s feront l&rsquo;objet d&rsquo;un rejet du Contr\u00f4le des d\u00e9penses engag\u00e9es (CDE) et de la Direction du budget et des finances (DBF).<\/span><span data-ccp-props=\"{\">\u00a0<\/span><\/p>\n<\/div>\n<\/div>\n<\/div>\n<\/div>\n<\/div><div class=\"fusion-clearfix\"><\/div><\/div><\/div><\/div><\/div><div class=\"fusion-fullwidth fullwidth-box fusion-builder-row-2 nonhundred-percent-fullwidth non-hundred-percent-height-scrolling\" style=\"--awb-border-radius-top-left:0px;--awb-border-radius-top-right:0px;--awb-border-radius-bottom-right:0px;--awb-border-radius-bottom-left:0px;--awb-flex-wrap:wrap;\" ><div class=\"fusion-builder-row fusion-row\"><div class=\"fusion-layout-column fusion_builder_column fusion-builder-column-2 fusion_builder_column_1_1 1_1 fusion-one-full fusion-column-first fusion-column-last\" style=\"--awb-bg-size:cover;\"><div class=\"fusion-column-wrapper fusion-column-has-shadow fusion-flex-column-wrapper-legacy\"><div class=\"fusion-sep-clear\"><\/div><div class=\"fusion-separator fusion-full-width-sep\" style=\"margin-left: auto;margin-right: auto;width:100%;\"><div class=\"fusion-separator-border sep-shadow\" style=\"--awb-height:20px;--awb-amount:20px;background:radial-gradient(ellipse at 50% -50% , #e0dede 0px, rgba(255, 255, 255, 0) 80%) repeat scroll 0 0 rgba(0, 0, 0, 0);background:-webkit-radial-gradient(ellipse at 50% -50% , #e0dede 0px, rgba(255, 255, 255, 0) 80%) repeat scroll 0 0 rgba(0, 0, 0, 0);background:-moz-radial-gradient(ellipse at 50% -50% , #e0dede 0px, rgba(255, 255, 255, 0) 80%) repeat scroll 0 0 rgba(0, 0, 0, 0);background:-o-radial-gradient(ellipse at 50% -50% , #e0dede 0px, rgba(255, 255, 255, 0) 80%) repeat scroll 0 0 rgba(0, 0, 0, 0);\"><\/div><\/div><div class=\"fusion-sep-clear\"><\/div><div class=\"fusion-clearfix\"><\/div><\/div><\/div><\/div><\/div><div class=\"fusion-fullwidth fullwidth-box fusion-builder-row-3 has-pattern-background has-mask-background nonhundred-percent-fullwidth non-hundred-percent-height-scrolling fusion-equal-height-columns\" style=\"--awb-border-radius-top-left:0px;--awb-border-radius-top-right:0px;--awb-border-radius-bottom-right:0px;--awb-border-radius-bottom-left:0px;--awb-margin-bottom:-50px;--awb-background-image:linear-gradient(180deg, rgba(96,125,139,0.66) 0%,#3f5560 100%);--awb-flex-wrap:wrap;\" ><div class=\"fusion-builder-row fusion-row\"><div class=\"fusion-layout-column fusion_builder_column fusion-builder-column-3 fusion_builder_column_1_1 1_1 fusion-one-full fusion-column-first fusion-column-last\" style=\"--awb-padding-top:13px;--awb-padding-right:22px;--awb-padding-bottom:22px;--awb-padding-left:22px;--awb-bg-size:cover;--awb-margin-bottom:0px;\"><div class=\"fusion-column-wrapper fusion-column-has-shadow fusion-flex-column-wrapper-legacy\"><div class=\"fusion-content-boxes content-boxes columns row fusion-columns-5 fusion-columns-total-5 fusion-content-boxes-1 content-boxes-icon-on-side content-left fusion-delayed-animation\" style=\"--awb-body-color:#dde9f0;--awb-title-color:#000000;--awb-margin-top:0px;--awb-margin-bottom:0px;--awb-hover-accent-color:rgba(75,188,179,0.94);--awb-circle-hover-accent-color:rgba(75,188,179,0.94);\" data-animation-delay=\"300\" data-animationOffset=\"top-into-view\"><div style=\"--awb-backgroundcolor:rgba(255,255,255,0);--awb-content-padding-left:64px;\" class=\"fusion-column content-box-column content-box-column-1 col-lg-2 col-md-2 col-sm-2 fusion-content-box-hover content-box-column-first-in-row\"><div class=\"col content-box-wrapper content-wrapper link-area-box link-type-text icon-hover-animation-pulsate\" data-link=\"https:\/\/www.tefenua.gov.pf\/tefenua\/?center=-149.56772,-17.542727&amp;zoom=18&amp;layers=fond,service_public&amp;buttons=position,info,itineraire\" data-link-target=\"_self\" data-animationOffset=\"top-into-view\"><div class=\"heading heading-with-icon icon-left\"><a class=\"heading-link\" href=\"https:\/\/www.tefenua.gov.pf\/tefenua\/?center=-149.56772,-17.542727&amp;zoom=18&amp;layers=fond,service_public&amp;buttons=position,info,itineraire\" target=\"_self\"><div class=\"icon\" style=\"-webkit-animation-duration: 300ms;animation-duration: 300ms;\"><i style=\"border-color:transparent;border-width:0px;background-color:#3d5460;box-sizing:content-box;height:44px;width:44px;line-height:44px;border-radius:50%;font-size:22px;\" aria-hidden=\"true\" class=\"fontawesome-icon fa-map-marker-alt fas circle-yes\"><\/i><\/div><h2 class=\"content-box-heading fusion-responsive-typography-calculated\" style=\"--h2_typography-font-size:22px;--fontSize:22;line-height:1.5;padding-left:64px;\">Adresse<\/h2><\/a><\/div><div class=\"fusion-clearfix\"><\/div><div class=\"content-container\">BP 4574<br \/>\n<span style=\"color: var(--awb-body-color);text-align: var(--awb-content-text-align);background-color: var(--awb-bg-color-hover);font-family: var(--body_typography-font-family);font-size: var(--body_typography-font-size);font-style: var(--body_typography-font-style,normal);font-weight: var(--body_typography-font-weight);letter-spacing: var(--body_typography-letter-spacing)\">98713 Papeete Tahiti<\/span><\/div><\/div><\/div><div style=\"--awb-backgroundcolor:rgba(255,255,255,0);--awb-content-padding-left:64px;\" class=\"fusion-column content-box-column content-box-column-2 col-lg-2 col-md-2 col-sm-2 fusion-content-box-hover \"><div class=\"col content-box-wrapper content-wrapper link-area-box link-type-text icon-hover-animation-pulsate\" data-link=\"https:\/\/www.service-public.pf\/sipf\/formulaire-de-contact\/\" data-link-target=\"_self\" data-animationOffset=\"top-into-view\"><div class=\"heading heading-with-icon icon-left\"><a class=\"heading-link\" href=\"https:\/\/www.service-public.pf\/sipf\/formulaire-de-contact\/\" target=\"_self\"><div class=\"icon\" style=\"-webkit-animation-duration: 300ms;animation-duration: 300ms;\"><i style=\"border-color:transparent;border-width:0px;background-color:#3d5460;box-sizing:content-box;height:44px;width:44px;line-height:44px;border-radius:50%;font-size:22px;\" aria-hidden=\"true\" class=\"fontawesome-icon fa-envelope fas circle-yes\"><\/i><\/div><h2 class=\"content-box-heading fusion-responsive-typography-calculated\" style=\"--h2_typography-font-size:22px;--fontSize:22;line-height:1.5;padding-left:64px;\">Email<\/h2><\/a><\/div><div class=\"fusion-clearfix\"><\/div><div class=\"content-container\">\n<p>Contactez les<br \/>\ncellules de la DSI<\/p>\n<\/div><\/div><\/div><div style=\"--awb-backgroundcolor:rgba(255,255,255,0);--awb-content-padding-left:64px;\" class=\"fusion-column content-box-column content-box-column-3 col-lg-2 col-md-2 col-sm-2 fusion-content-box-hover \"><div class=\"col content-box-wrapper content-wrapper link-area-box link-type-text icon-hover-animation-pulsate\" data-link=\"https:\/\/www.tauturu.gov.pf\/\" data-link-target=\"_self\" data-animationOffset=\"top-into-view\"><div class=\"heading heading-with-icon icon-left\"><a class=\"heading-link\" href=\"https:\/\/www.tauturu.gov.pf\/\" target=\"_self\"><div class=\"icon\" style=\"-webkit-animation-duration: 300ms;animation-duration: 300ms;\"><i style=\"border-color:transparent;border-width:0px;background-color:#3d5460;box-sizing:content-box;height:44px;width:44px;line-height:44px;border-radius:50%;font-size:22px;\" aria-hidden=\"true\" class=\"fontawesome-icon fa-chalkboard-teacher fas circle-yes\"><\/i><\/div><h2 class=\"content-box-heading fusion-responsive-typography-calculated\" style=\"--h2_typography-font-size:22px;--fontSize:22;line-height:1.5;padding-left:64px;\">Site Tauturu<\/h2><\/a><\/div><div class=\"fusion-clearfix\"><\/div><div class=\"content-container\"><span style=\"color: #ffffff\"><a style=\"color: #dde9f0\" href=\"https:\/\/www.tauturu.gov.pf\/\" target=\"_blank\" rel=\"noopener noreferrer\">Cr\u00e9ez un ticket<\/a><\/span><br \/>\n<span style=\"color: #ffffff\"><a style=\"color: #dde9f0\" href=\"https:\/\/www.tauturu.gov.pf\/\">pour tout support<\/a><\/span><\/div><\/div><\/div><div style=\"--awb-backgroundcolor:rgba(255,255,255,0);--awb-content-padding-left:64px;\" class=\"fusion-column content-box-column content-box-column-4 col-lg-2 col-md-2 col-sm-2 fusion-content-box-hover \"><div class=\"col content-box-wrapper content-wrapper link-area-box link-type-text icon-hover-animation-pulsate\" data-link=\"tel:+68940544354\" data-link-target=\"_self\" data-animationOffset=\"top-into-view\"><div class=\"heading heading-with-icon icon-left\"><a class=\"heading-link\" href=\"tel:+68940544354\" target=\"_self\"><div class=\"icon\" style=\"-webkit-animation-duration: 300ms;animation-duration: 300ms;\"><i style=\"border-color:transparent;border-width:0px;background-color:#3d5460;box-sizing:content-box;height:44px;width:44px;line-height:44px;border-radius:50%;font-size:22px;\" aria-hidden=\"true\" class=\"fontawesome-icon fa-phone fas circle-yes\"><\/i><\/div><h2 class=\"content-box-heading fusion-responsive-typography-calculated\" style=\"--h2_typography-font-size:22px;--fontSize:22;line-height:1.5;padding-left:64px;\">T\u00e9l\u00e9phone<\/h2><\/a><\/div><div class=\"fusion-clearfix\"><\/div><div class=\"content-container\">\n+689 40 54 43 66<br \/>\nFax : 40 43 56 22<\/p>\n<\/div><\/div><\/div><div style=\"--awb-backgroundcolor:rgba(255,255,255,0);--awb-content-padding-left:64px;\" class=\"fusion-column content-box-column content-box-column-5 col-lg-2 col-md-2 col-sm-2 fusion-content-box-hover content-box-column-last content-box-column-last-in-row\"><div class=\"col content-box-wrapper content-wrapper link-area-box link-type-text icon-hover-animation-pulsate\" data-link=\"https:\/\/www.service-public.pf\/360\/SIPF-DGEN\/SIPF-DGEN.html\" data-link-target=\"_self\" data-animationOffset=\"top-into-view\"><div class=\"heading heading-with-icon icon-left\"><a class=\"heading-link\" href=\"https:\/\/www.service-public.pf\/360\/SIPF-DGEN\/SIPF-DGEN.html\" target=\"_self\"><div class=\"icon\" style=\"-webkit-animation-duration: 300ms;animation-duration: 300ms;\"><i style=\"border-color:transparent;border-width:0px;background-color:#3d5460;box-sizing:content-box;height:44px;width:44px;line-height:44px;border-radius:50%;font-size:22px;\" aria-hidden=\"true\" class=\"fontawesome-icon fa-clock far circle-yes\"><\/i><\/div><h2 class=\"content-box-heading fusion-responsive-typography-calculated\" style=\"--h2_typography-font-size:22px;--fontSize:22;line-height:1.5;padding-left:64px;\">Horaires<\/h2><\/a><\/div><div class=\"fusion-clearfix\"><\/div><div class=\"content-container\">Lundi au jeudi<br \/>\nDe 7h30 \u00e0 15h30<br \/>\nVendredi 14h30<\/div><\/div><\/div><div class=\"fusion-clearfix\"><\/div><\/div><div class=\"fusion-clearfix\"><\/div><\/div><\/div><\/div><\/div>\n<\/p>\n","protected":false},"excerpt":{"rendered":"","protected":false},"author":228,"featured_media":0,"parent":0,"menu_order":0,"comment_status":"closed","ping_status":"closed","template":"","meta":{"_acf_changed":false,"_seopress_robots_primary_cat":"","_seopress_titles_title":"","_seopress_titles_desc":"","_seopress_robots_index":"","footnotes":""},"class_list":["post-33204","page","type-page","status-publish","hentry"],"acf":[],"_links":{"self":[{"href":"https:\/\/www.service-public.pf\/dsi\/wp-json\/wp\/v2\/pages\/33204","targetHints":{"allow":["GET"]}}],"collection":[{"href":"https:\/\/www.service-public.pf\/dsi\/wp-json\/wp\/v2\/pages"}],"about":[{"href":"https:\/\/www.service-public.pf\/dsi\/wp-json\/wp\/v2\/types\/page"}],"author":[{"embeddable":true,"href":"https:\/\/www.service-public.pf\/dsi\/wp-json\/wp\/v2\/users\/228"}],"replies":[{"embeddable":true,"href":"https:\/\/www.service-public.pf\/dsi\/wp-json\/wp\/v2\/comments?post=33204"}],"version-history":[{"count":7,"href":"https:\/\/www.service-public.pf\/dsi\/wp-json\/wp\/v2\/pages\/33204\/revisions"}],"predecessor-version":[{"id":38999,"href":"https:\/\/www.service-public.pf\/dsi\/wp-json\/wp\/v2\/pages\/33204\/revisions\/38999"}],"wp:attachment":[{"href":"https:\/\/www.service-public.pf\/dsi\/wp-json\/wp\/v2\/media?parent=33204"}],"curies":[{"name":"wp","href":"https:\/\/api.w.org\/{rel}","templated":true}]}}