{"id":59098,"date":"2026-03-12T14:38:37","date_gmt":"2026-03-13T00:38:37","guid":{"rendered":"https:\/\/www.service-public.pf\/dsp\/?page_id=59098"},"modified":"2026-03-13T14:18:23","modified_gmt":"2026-03-14T00:18:23","slug":"vos-donnees-personnelles","status":"publish","type":"page","link":"https:\/\/www.service-public.pf\/dsp\/vos-donnees-personnelles\/","title":{"rendered":"Vos donn\u00e9es personnelles"},"content":{"rendered":"<div class=\"fusion-fullwidth fullwidth-box fusion-builder-row-1 fusion-flex-container has-pattern-background has-mask-background nonhundred-percent-fullwidth non-hundred-percent-height-scrolling\" style=\"--awb-border-radius-top-left:0px;--awb-border-radius-top-right:0px;--awb-border-radius-bottom-right:0px;--awb-border-radius-bottom-left:0px;--awb-background-color:#ffffff;--awb-flex-wrap:wrap;\" ><div class=\"fusion-builder-row fusion-row fusion-flex-align-items-flex-start fusion-flex-content-wrap\" style=\"max-width:1144px;margin-left: calc(-4% \/ 2 );margin-right: calc(-4% \/ 2 );\"><div class=\"fusion-layout-column fusion_builder_column fusion-builder-column-0 fusion_builder_column_1_1 1_1 fusion-flex-column\" style=\"--awb-padding-top:25px;--awb-bg-color:rgba(120,197,211,0.44);--awb-bg-color-hover:rgba(120,197,211,0.44);--awb-bg-size:cover;--awb-width-large:100%;--awb-margin-top-large:25px;--awb-spacing-right-large:1.92%;--awb-margin-bottom-large:20px;--awb-spacing-left-large:1.92%;--awb-width-medium:100%;--awb-order-medium:0;--awb-spacing-right-medium:1.92%;--awb-spacing-left-medium:1.92%;--awb-width-small:100%;--awb-order-small:0;--awb-spacing-right-small:1.92%;--awb-spacing-left-small:1.92%;\"><div class=\"fusion-column-wrapper fusion-column-has-shadow fusion-flex-justify-content-flex-start fusion-content-layout-column\"><div class=\"fusion-title title fusion-title-1 fusion-sep-none fusion-title-center fusion-title-text fusion-title-size-three\" style=\"--awb-text-color:#000000;--awb-margin-top-small:0px;--awb-margin-right-small:0px;--awb-margin-bottom-small:20px;--awb-margin-left-small:0px;\"><h3 class=\"fusion-title-heading title-heading-center fusion-responsive-typography-calculated\" style=\"margin:0;--fontSize:24;--minFontSize:24;line-height:1.5;\"><strong>PROTECTION DE VOS DONN\u00c9ES PERSONNELLES (RGPD)<\/strong><\/h3><\/div><\/div><\/div><div class=\"fusion-layout-column fusion_builder_column fusion-builder-column-1 fusion_builder_column_1_2 1_2 fusion-flex-column\" style=\"--awb-bg-size:cover;--awb-width-large:50%;--awb-margin-top-large:0px;--awb-spacing-right-large:3.84%;--awb-margin-bottom-large:20px;--awb-spacing-left-large:3.84%;--awb-width-medium:100%;--awb-order-medium:0;--awb-spacing-right-medium:1.92%;--awb-spacing-left-medium:1.92%;--awb-width-small:100%;--awb-order-small:0;--awb-spacing-right-small:1.92%;--awb-spacing-left-small:1.92%;\"><div class=\"fusion-column-wrapper fusion-column-has-shadow fusion-flex-justify-content-flex-start fusion-content-layout-column\"><div class=\"fusion-text fusion-text-1\"><p>La Direction de la sant\u00e9 assure des missions d&rsquo;int\u00e9r\u00eat public de protection de la sant\u00e9 en faveur de la population.<\/p>\n<p>Lorsque vous \u00eates pris en charge par l&rsquo;une de ses structures, elle recueille et traite vos donn\u00e9es personnelles, en conformit\u00e9 avec le R\u00e8glement G\u00e9n\u00e9ral europ\u00e9en sur la Protection des Donn\u00e9es (RGPD).<\/p>\n<p>Veuillez consulter notre notice d&rsquo;information en cliquant sur l&rsquo;image ou en cliquant sur ce lien : <a href=\"https:\/\/www.service-public.pf\/dsp\/wp-content\/uploads\/sites\/12\/2026\/03\/DSI_DS_DONNEES_PERSONNELLES_A4_V03.pdf\">Notice sur vos donn\u00e9es personnelles.<\/a><\/p>\n<p data-pm-slice=\"1 1 &#091;&#093;\">&nbsp;<\/p>\n<\/div><div class=\"accordian fusion-accordian\" style=\"--awb-border-size:1px;--awb-icon-size:13px;--awb-content-font-size:18px;--awb-icon-alignment:left;--awb-hover-color:#f9f9f9;--awb-border-color:#cccccc;--awb-background-color:#ffffff;--awb-divider-color:#e0dede;--awb-divider-hover-color:#e0dede;--awb-icon-color:#ffffff;--awb-title-color:#1d9bac;--awb-content-color:#4a4e57;--awb-icon-box-color:#333333;--awb-toggle-hover-accent-color:#1a80b6;--awb-title-font-family:&quot;Roboto&quot;;--awb-title-font-weight:400;--awb-title-font-style:normal;--awb-content-font-family:&quot;Roboto&quot;;--awb-content-font-style:normal;--awb-content-font-weight:400;\"><div class=\"panel-group fusion-toggle-icon-boxed\" id=\"accordion-59098-1\"><div class=\"fusion-panel panel-default panel-fcc162a8d062590c7 fusion-toggle-has-divider\"><div class=\"panel-heading\"><h4 class=\"panel-title toggle\" id=\"toggle_fcc162a8d062590c7\"><a aria-expanded=\"false\" aria-controls=\"fcc162a8d062590c7\" role=\"button\" data-toggle=\"collapse\" data-parent=\"#accordion-59098-1\" data-target=\"#fcc162a8d062590c7\" href=\"#fcc162a8d062590c7\"><span class=\"fusion-toggle-icon-wrapper\" aria-hidden=\"true\"><i class=\"fa-fusion-box active-icon awb-icon-minus\" aria-hidden=\"true\"><\/i><i class=\"fa-fusion-box inactive-icon awb-icon-plus\" aria-hidden=\"true\"><\/i><\/span><span class=\"fusion-toggle-heading\">Quelles sont les donn\u00e9es trait\u00e9es ? <\/span><\/a><\/h4><\/div><div id=\"fcc162a8d062590c7\" class=\"panel-collapse collapse \" aria-labelledby=\"toggle_fcc162a8d062590c7\"><div class=\"panel-body toggle-content fusion-clearfix\">\n<p>La Direction de la sant\u00e9 traite vos donn\u00e9es personnelles strictement n\u00e9cessaire \u00e0 ses missions. Il s&rsquo;agit parfois de donn\u00e9es personnelles sensibles car elles touchent \u00e0 votre \u00e9tat de sant\u00e9.<\/p>\n<p>Ces donn\u00e9es trait\u00e9es sont :<\/p>\n<ul>\n<li><strong>Vos donn\u00e9es d&rsquo;identification<\/strong> : noms, pr\u00e9noms, date et lieu de naissance, \u00e2ge, sexe, coordonn\u00e9es, n\u00b0 de DN.<\/li>\n<li><strong>Des informations relatives \u00e0 votre vie familiale, socio-\u00e9conomique et au suivi social.<\/strong><\/li>\n<li><strong>Des informations relatives \u00e0 votre vie professionnelle ou scolaire<\/strong> : profession, niveau d&rsquo;\u00e9tudes, \u00e9tablissement scolaire, classe et ann\u00e9e d&rsquo;inscription.<\/li>\n<li><strong>Des donn\u00e9es relatives \u00e0 votre sant\u00e9<\/strong> : pathologies, ant\u00e9c\u00e9dents m\u00e9dicaux, examens m\u00e9dicaux, r\u00e9sultats d&rsquo;analyses, vaccination, hospitalisation, handicap et toute autre information de sant\u00e9 n\u00e9cessaire \u00e0 la prise en charge du patient.<\/li>\n<li><strong>Des donn\u00e9es relatives \u00e0 votre couverture sociale<\/strong> : r\u00e9gime social et taux de prise en charge.<\/li>\n<\/ul>\n<p>Dans la plupart des cas, la fourniture des donn\u00e9es est obligatoire. A d\u00e9faut, la Direction de la sant\u00e9 ne peut pas vous prendre en charge.<\/p>\n<\/div><\/div><\/div><div class=\"fusion-panel panel-default panel-ca96d957fbcbaab91 fusion-toggle-has-divider\"><div class=\"panel-heading\"><h4 class=\"panel-title toggle\" id=\"toggle_ca96d957fbcbaab91\"><a aria-expanded=\"false\" aria-controls=\"ca96d957fbcbaab91\" role=\"button\" data-toggle=\"collapse\" data-parent=\"#accordion-59098-1\" data-target=\"#ca96d957fbcbaab91\" href=\"#ca96d957fbcbaab91\"><span class=\"fusion-toggle-icon-wrapper\" aria-hidden=\"true\"><i class=\"fa-fusion-box active-icon awb-icon-minus\" aria-hidden=\"true\"><\/i><i class=\"fa-fusion-box inactive-icon awb-icon-plus\" aria-hidden=\"true\"><\/i><\/span><span class=\"fusion-toggle-heading\">A quelles fins vos donn\u00e9es sont-elles utilis\u00e9es ? <\/span><\/a><\/h4><\/div><div id=\"ca96d957fbcbaab91\" class=\"panel-collapse collapse \" aria-labelledby=\"toggle_ca96d957fbcbaab91\"><div class=\"panel-body toggle-content fusion-clearfix\">Vos donn\u00e9es personnelles sont trait\u00e9es pour des objectifs pr\u00e9cis, l\u00e9gitimes et proportionn\u00e9s.<\/p>\n<p>Ces traitements sont n\u00e9cessaires \u00e0 :<\/p>\n<ul>\n<li>La pr\u00e9vention en sant\u00e9 (campagnes d&rsquo;information et actions de d\u00e9pistage de certaines pathologies).<\/li>\n<li>L&rsquo;offre de soins de proximit\u00e9 (consultations m\u00e9dicales g\u00e9n\u00e9rales et sp\u00e9cialis\u00e9es, diagnostic, traitement et soins d&rsquo;urgence).<\/li>\n<li>La gestion de la vaccination.<\/li>\n<li>La protection de la sant\u00e9 des adolescentes et des femmes (consultation, suivi de grossesse et pr\u00e9vention des cancers f\u00e9minins).<\/li>\n<li>La prise en charge de la sant\u00e9 des enfant notamment la sant\u00e9 scolaire (pr\u00e9vention, d\u00e9pistage en mati\u00e8re m\u00e9dicale et dentaire, vaccinations obligatoires, suivi des maladies transmissibles survenant en milieu scolaire) ainsi que le suivi de la sant\u00e9 des enfants atteints d&rsquo;un handicap ou d&rsquo;un trouble du d\u00e9veloppement.<\/li>\n<li>La prise en charge m\u00e9dicale des patients atteints de maladies infectieuses et tropicales et de pathologies transmissibles.<\/li>\n<li>La protection des personnes vuln\u00e9rables (actions de rep\u00e9rage, de signalement de prise en charge).<\/li>\n<li>La gestion de la tra\u00e7abilit\u00e9 des m\u00e9dicaments d\u00e9riv\u00e9s du sang, des dispositifs m\u00e9dicaux implantables, des prescriptions des m\u00e9dicaments appartenant aux substances v\u00e9n\u00e9neuse.<\/li>\n<li>La gestion des demandes des usagers.<\/li>\n<\/ul>\n<\/div><\/div><\/div><div class=\"fusion-panel panel-default panel-2803a0642a63051f1 fusion-toggle-has-divider\"><div class=\"panel-heading\"><h4 class=\"panel-title toggle\" id=\"toggle_2803a0642a63051f1\"><a aria-expanded=\"false\" aria-controls=\"2803a0642a63051f1\" role=\"button\" data-toggle=\"collapse\" data-parent=\"#accordion-59098-1\" data-target=\"#2803a0642a63051f1\" href=\"#2803a0642a63051f1\"><span class=\"fusion-toggle-icon-wrapper\" aria-hidden=\"true\"><i class=\"fa-fusion-box active-icon awb-icon-minus\" aria-hidden=\"true\"><\/i><i class=\"fa-fusion-box inactive-icon awb-icon-plus\" aria-hidden=\"true\"><\/i><\/span><span class=\"fusion-toggle-heading\">Qui a acc\u00e8s \u00e0 vos donn\u00e9es ? <\/span><\/a><\/h4><\/div><div id=\"2803a0642a63051f1\" class=\"panel-collapse collapse \" aria-labelledby=\"toggle_2803a0642a63051f1\"><div class=\"panel-body toggle-content fusion-clearfix\">\n<p>Les agents de la Direction de la sant\u00e9 qui vous accueillent et prennent en charge ont acc\u00e8s \u00e0 vos donn\u00e9es. Ils sont soumis au secret professionnel et\/ou m\u00e9dical.<\/p>\n<p>Nos missions peuvent conduire \u00e0 des partages d&rsquo;informations avec nos partenaires externes, autoris\u00e9s \u00e0 les conna\u00eetre et soumis \u00e0 une obligation de confidentialit\u00e9 (m\u00e9decins traitants, m\u00e9decins sp\u00e9cialistes sollicit\u00e9s, m\u00e9decins des structures de soins, laboratoires d&rsquo;analyses m\u00e9dicales, Caisse de Pr\u00e9voyance Sociale, Centre Hospitalier de Polyn\u00e9sie fran\u00e7aise, Direction de la Famille, des solidarit\u00e9s et de l&rsquo;\u00e9galit\u00e9, infirmerie des coll\u00e8ges et lyc\u00e9es).<\/p>\n<p>Dans les conditions l\u00e9gales et r\u00e8glementaires, certaines autorit\u00e9s disposent, dans l&rsquo;exercice de leurs missions, d&rsquo;un droit d&rsquo;obtenir la communication de donn\u00e9es (autorit\u00e9s judiciaires, police, gendarmerie,&#8230;).<\/p>\n<p>La Direction de la sant\u00e9 vieille au respect du secret m\u00e9dical dans tous les cas o\u00f9 elle est sollicit\u00e9e.<\/p>\n<p>Ces diverses communications se font sur le fondement de textes les autorisant. A d\u00e9faut, votre consentement vous sera demand\u00e9.<\/p>\n<p>La Direction de la sant\u00e9 recourt \u00e0 des prestations de services informatiques et logiciels en sant\u00e9. Elle s&rsquo;assure qu&rsquo;ils pr\u00e9sentent des garanties suffisantes quant au respect du RGPD et des normes sur les donn\u00e9es de sant\u00e9, notamment sur leur h\u00e9bergement.<\/p>\n<\/div><\/div><\/div><div class=\"fusion-panel panel-default panel-4bfd3f1cb745c9a57 fusion-toggle-has-divider\"><div class=\"panel-heading\"><h4 class=\"panel-title toggle\" id=\"toggle_4bfd3f1cb745c9a57\"><a aria-expanded=\"false\" aria-controls=\"4bfd3f1cb745c9a57\" role=\"button\" data-toggle=\"collapse\" data-parent=\"#accordion-59098-1\" data-target=\"#4bfd3f1cb745c9a57\" href=\"#4bfd3f1cb745c9a57\"><span class=\"fusion-toggle-icon-wrapper\" aria-hidden=\"true\"><i class=\"fa-fusion-box active-icon awb-icon-minus\" aria-hidden=\"true\"><\/i><i class=\"fa-fusion-box inactive-icon awb-icon-plus\" aria-hidden=\"true\"><\/i><\/span><span class=\"fusion-toggle-heading\">Quels sont mes droits ? <\/span><\/a><\/h4><\/div><div id=\"4bfd3f1cb745c9a57\" class=\"panel-collapse collapse \" aria-labelledby=\"toggle_4bfd3f1cb745c9a57\"><div class=\"panel-body toggle-content fusion-clearfix\">\n<ul>\n<li>Droit d&rsquo;acc\u00e8s aux donn\u00e9es : vous avez le droit de demander si des donn\u00e9es vous concernant sont d\u00e9tenues et de savoir comment elles sont trait\u00e9es.<\/li>\n<li>Droit de rectification des donn\u00e9es : vous avez le droit de demander la rectification de vos donn\u00e9es, si elles sont inexactes ou incompl\u00e8tes.<\/li>\n<li>Droit \u00e0 l&rsquo;effacement de donn\u00e9es : vous avez le droit de demander l&rsquo;effacement de vos donn\u00e9es, si elles sont devenues inutiles ou si leur traitement ne se justifie pas.<\/li>\n<li>Droit d&rsquo;opposition au traitement : Vous avez le droit de vous opposer \u00e0 un traitement si votre situation particuli\u00e8re le justifie.<\/li>\n<li>Droit \u00e0 la limitation du traitement : Vous avez le droit de demander de geler temporairement l&rsquo;utilisation de certaines de vos donn\u00e9es, dans l&rsquo;attente qu&rsquo;il soit fait droit \u00e0 votre demande de rectification ou d&rsquo;opposition.<\/li>\n<li>Droit \u00e0 la portabilit\u00e9 des donn\u00e9es : Vous avez le droit de d\u00e9finir des directives relatives \u00e0 la conservation, \u00e0 l&rsquo;effacement et \u00e0 la communication de vos donn\u00e9es \u00e0 caract\u00e8re personnel apr\u00e8s votre d\u00e9c\u00e8s.<\/li>\n<\/ul>\n<p>Les droits d&rsquo;acc\u00e8s et de rectification s&rsquo;appliquent syst\u00e9matiquement, \u00e0 l&rsquo;inverse du droit \u00e0 la limitation, du droit \u00e0 l&rsquo;effacement, du droit d&rsquo;opposition ou du droit \u00e0 la portabilit\u00e9 qui ne peuvent \u00eatre satisfaits que dans certaines situations. Par exemple, sauf situation particuli\u00e8re, vous ne pouvez pas vous opposer \u00e0 ce que la Direction de la sant\u00e9 utilise vos donn\u00e9es dans le cadre de ses missions fix\u00e9es par arr\u00eat\u00e9 ou Conseil des Ministres ou pour des motifs de sant\u00e9 publique.<\/p>\n<\/div><\/div><\/div><div class=\"fusion-panel panel-default panel-5ca9a0ba571d9c012 fusion-toggle-has-divider\"><div class=\"panel-heading\"><h4 class=\"panel-title toggle\" id=\"toggle_5ca9a0ba571d9c012\"><a aria-expanded=\"false\" aria-controls=\"5ca9a0ba571d9c012\" role=\"button\" data-toggle=\"collapse\" data-parent=\"#accordion-59098-1\" data-target=\"#5ca9a0ba571d9c012\" href=\"#5ca9a0ba571d9c012\"><span class=\"fusion-toggle-icon-wrapper\" aria-hidden=\"true\"><i class=\"fa-fusion-box active-icon awb-icon-minus\" aria-hidden=\"true\"><\/i><i class=\"fa-fusion-box inactive-icon awb-icon-plus\" aria-hidden=\"true\"><\/i><\/span><span class=\"fusion-toggle-heading\">Comment exercer mes droits sur mes donn\u00e9es ? <\/span><\/a><\/h4><\/div><div id=\"5ca9a0ba571d9c012\" class=\"panel-collapse collapse \" aria-labelledby=\"toggle_5ca9a0ba571d9c012\"><div class=\"panel-body toggle-content fusion-clearfix\">\n<p>Vous pouvez exercer vos droits en \u00e9crivant \u00e0 : rgpd.dsp@administration.gov.pf<\/p>\n<p>Un justificatif d&rsquo;identit\u00e9 pourra vous \u00eatre demand\u00e9.<\/p>\n<p>Pour toute information ou r\u00e9clamation, vous pouvez contacter la D\u00e9l\u00e9gu\u00e9e \u00e0 la Protection des Donn\u00e9es du Gouvernement de la Polyn\u00e9sie fran\u00e7aise (DSI) :<\/p>\n<p>BP 4574, 98713 Papeete<\/p>\n<p>dpo@administration.gov.pf<\/p>\n<p><a href=\"https:\/\/api.dastra.eu\/v1\/client\/data-subject-request\/page?id=1354&amp;key=9C2yjQRSM2lGliz14I0r746ZKnGsHjLcEba2YV99Exj\">Faire une demande de droit ou poser une question sur l&rsquo;utilisation de mes donn\u00e9es.&nbsp;<\/a><\/p>\n<\/div><\/div><\/div><\/div><\/div><\/div><\/div><div class=\"fusion-layout-column fusion_builder_column fusion-builder-column-2 fusion_builder_column_1_2 1_2 fusion-flex-column\" style=\"--awb-bg-size:cover;--awb-width-large:50%;--awb-margin-top-large:0px;--awb-spacing-right-large:3.84%;--awb-margin-bottom-large:20px;--awb-spacing-left-large:3.84%;--awb-width-medium:100%;--awb-order-medium:0;--awb-spacing-right-medium:1.92%;--awb-spacing-left-medium:1.92%;--awb-width-small:100%;--awb-order-small:0;--awb-spacing-right-small:1.92%;--awb-spacing-left-small:1.92%;\"><div class=\"fusion-column-wrapper fusion-column-has-shadow fusion-flex-justify-content-flex-start fusion-content-layout-column\"><div class=\"fusion-image-element \" style=\"--awb-max-width:400px;--awb-caption-title-font-family:var(--h2_typography-font-family);--awb-caption-title-font-weight:var(--h2_typography-font-weight);--awb-caption-title-font-style:var(--h2_typography-font-style);--awb-caption-title-size:var(--h2_typography-font-size);--awb-caption-title-transform:var(--h2_typography-text-transform);--awb-caption-title-line-height:var(--h2_typography-line-height);--awb-caption-title-letter-spacing:var(--h2_typography-letter-spacing);\"><span class=\" fusion-imageframe imageframe-none imageframe-1 hover-type-none\"><a class=\"fusion-no-lightbox\" href=\"https:\/\/www.service-public.pf\/dsp\/wp-content\/uploads\/sites\/12\/2026\/03\/DSI_DS_DONNEES_PERSONNELLES_A4_V03.pdf\" target=\"_self\" aria-label=\"RGPD\"><img decoding=\"async\" width=\"649\" height=\"909\" src=\"https:\/\/www.service-public.pf\/dsp\/wp-content\/uploads\/sites\/12\/2026\/03\/RGPD.jpg\" alt class=\"img-responsive wp-image-59116\" srcset=\"https:\/\/www.service-public.pf\/dsp\/wp-content\/uploads\/sites\/12\/2026\/03\/RGPD-200x280.jpg 200w, https:\/\/www.service-public.pf\/dsp\/wp-content\/uploads\/sites\/12\/2026\/03\/RGPD-400x560.jpg 400w, https:\/\/www.service-public.pf\/dsp\/wp-content\/uploads\/sites\/12\/2026\/03\/RGPD-600x840.jpg 600w, https:\/\/www.service-public.pf\/dsp\/wp-content\/uploads\/sites\/12\/2026\/03\/RGPD.jpg 649w\" sizes=\"(max-width: 1200px) 100vw, (max-width: 640px) 100vw, 600px\" \/><\/a><\/span><\/div><\/div><\/div><\/div><\/div>\n","protected":false},"excerpt":{"rendered":"","protected":false},"author":263,"featured_media":0,"parent":0,"menu_order":0,"comment_status":"closed","ping_status":"closed","template":"","meta":{"_seopress_robots_primary_cat":"","_seopress_titles_title":"","_seopress_titles_desc":"","_seopress_robots_index":"","footnotes":""},"class_list":["post-59098","page","type-page","status-publish","hentry"],"_links":{"self":[{"href":"https:\/\/www.service-public.pf\/dsp\/wp-json\/wp\/v2\/pages\/59098","targetHints":{"allow":["GET"]}}],"collection":[{"href":"https:\/\/www.service-public.pf\/dsp\/wp-json\/wp\/v2\/pages"}],"about":[{"href":"https:\/\/www.service-public.pf\/dsp\/wp-json\/wp\/v2\/types\/page"}],"author":[{"embeddable":true,"href":"https:\/\/www.service-public.pf\/dsp\/wp-json\/wp\/v2\/users\/263"}],"replies":[{"embeddable":true,"href":"https:\/\/www.service-public.pf\/dsp\/wp-json\/wp\/v2\/comments?post=59098"}],"version-history":[{"count":13,"href":"https:\/\/www.service-public.pf\/dsp\/wp-json\/wp\/v2\/pages\/59098\/revisions"}],"predecessor-version":[{"id":59130,"href":"https:\/\/www.service-public.pf\/dsp\/wp-json\/wp\/v2\/pages\/59098\/revisions\/59130"}],"wp:attachment":[{"href":"https:\/\/www.service-public.pf\/dsp\/wp-json\/wp\/v2\/media?parent=59098"}],"curies":[{"name":"wp","href":"https:\/\/api.w.org\/{rel}","templated":true}]}}