{"id":1762,"date":"2022-09-17T17:06:04","date_gmt":"2022-09-18T03:06:04","guid":{"rendered":"https:\/\/www.service-public.pf\/dtt\/?page_id=1762"},"modified":"2022-10-01T10:35:57","modified_gmt":"2022-10-01T20:35:57","slug":"eco-conduite","status":"publish","type":"page","link":"https:\/\/www.service-public.pf\/dtt\/eco-conduite\/","title":{"rendered":"L&rsquo;\u00e9co-conduite"},"content":{"rendered":"<p><div class=\"fusion-fullwidth fullwidth-box fusion-builder-row-1 nonhundred-percent-fullwidth non-hundred-percent-height-scrolling\" style=\"--awb-border-radius-top-left:0px;--awb-border-radius-top-right:0px;--awb-border-radius-bottom-right:0px;--awb-border-radius-bottom-left:0px;--awb-flex-wrap:wrap;\" ><div class=\"fusion-builder-row fusion-row\"><div class=\"fusion-layout-column fusion_builder_column fusion-builder-column-0 fusion_builder_column_1_1 1_1 fusion-one-full fusion-column-first fusion-column-last\" style=\"--awb-bg-size:cover;\"><div class=\"fusion-column-wrapper fusion-column-has-shadow fusion-flex-column-wrapper-legacy\"><div class=\"fusion-text fusion-text-1\" style=\"--awb-margin-right:5px;--awb-margin-left:5px;\"><h1 style=\"text-align: center\"><span style=\"color: #ff6600;font-size: 36pt\">L&rsquo;\u00e9co-conduite en Polyn\u00e9sie fran\u00e7aise<\/span><\/h1>\n<\/div><div class=\"fusion-text fusion-text-2\" style=\"--awb-margin-left:10px;\"><h1><span style=\"color: #339966\"><span style=\"color: #ff6600\">Le choix du v\u00e9hicule<\/span><br \/>\n<\/span><\/h1>\n<\/div><div class=\"fusion-text fusion-text-3\" style=\"--awb-margin-left:10px;\"><p>Le co\u00fbt d&rsquo;un v\u00e9hicule ne d\u00e9pend pas uniquement du plein de carburant (v\u00e9hicule thermique) ou de la recharge \u00e9lectrique (hybride rechargeable ou 100% \u00e9lectrique). Plusieurs param\u00e8tres concernant le v\u00e9hicule sont \u00e0 prendre en compte :<\/p>\n<ul style=\"list-style-type: square\">\n<li>Le co\u00fbt d&rsquo;achat (on parle d&rsquo;amortissement si vous avez achet\u00e9 votre v\u00e9hicule) ou de location du v\u00e9hicule ;<\/li>\n<li>Le co\u00fbt d&rsquo;assurance ;<\/li>\n<li>L&rsquo;\u00e9quipement du v\u00e9hicule ;<\/li>\n<li>La taille, le poids et le type de v\u00e9hicule et sa motorisation influent sur la consommation d&rsquo;\u00e9nergie ;<\/li>\n<li>L&rsquo;entretien, la maintenance, le co\u00fbt et la disponibilit\u00e9 des pi\u00e8ces de rechanges sur le territoire.<\/li>\n<\/ul>\n<\/div><div class=\"fusion-sep-clear\"><\/div><div class=\"fusion-separator fusion-full-width-sep\" style=\"margin-left: auto;margin-right: auto;margin-top:40px;width:100%;\"><\/div><div class=\"fusion-sep-clear\"><\/div><div class=\"fusion-text fusion-text-4\" style=\"--awb-margin-left:10px;\"><h1><span style=\"color: #ff6600\">Comment r\u00e9duire sa consommation d&rsquo;\u00e9nergie de 20 \u00e0 30% en conduisant ?<\/span><span style=\"color: #339966\"><br \/>\n<\/span><\/h1>\n<\/div><div class=\"fusion-text fusion-text-5\"><ol>\n<li>\n<blockquote>\n<p><span style=\"font-size: 14pt\">Pour les trajets courts, e\u0301viter la voiture, pre\u0301fe\u0301rer la marche, le ve\u0301lo&#8230;<\/span><\/p>\n<\/blockquote>\n<\/li>\n<li>\n<blockquote>\n<p><span style=\"font-size: 14pt\">Alle\u0301ger le ve\u0301hicule en enlevant les masses inutiles dans le coffre, sur le toit..<\/span><\/p>\n<\/blockquote>\n<\/li>\n<li>\n<blockquote>\n<p><span style=\"font-size: 14pt\">Passer le rapport de vitesse supe\u0301rieur de\u0300s 2500 tours\/mn ;<\/span><\/p>\n<\/blockquote>\n<\/li>\n<li>\n<blockquote>\n<p><span style=\"font-size: 14pt\">Stopper le moteur pour tous les arre\u0302ts courts (&gt; 20 s) ;<\/span><\/p>\n<\/blockquote>\n<\/li>\n<li>\n<blockquote>\n<p><span style=\"font-size: 14pt\">Ve\u0301rifier le gonflage des pneus une fois par mois ;<\/span><\/p>\n<\/blockquote>\n<\/li>\n<li>\n<blockquote>\n<p><span style=\"font-size: 14pt\">En descente ou pour ralentir : utiliser le frein moteur ;<\/span><\/p>\n<\/blockquote>\n<\/li>\n<li>\n<blockquote>\n<p><span style=\"font-size: 14pt\">Utiliser la climatisation de fac\u0327on mode\u0301re\u0301e, en mode recyclage de l\u2019air,\u00a0re\u0301gle\u0301e a\u0300 5\u00b0C en dessous de la tempe\u0301rature exte\u0301rieure ;<\/span><\/p>\n<\/blockquote>\n<\/li>\n<li>\n<blockquote>\n<p><span style=\"font-size: 14pt\">Au de\u0301marrage, rouler vitres ouvertes pendant quelques minutes avant de les fermer\u00a0et de mettre la climatisation ;<\/span><\/p>\n<\/blockquote>\n<\/li>\n<li>\n<blockquote>\n<p><span style=\"font-size: 14pt\">5 minutes avant d\u2019arriver a\u0300 destination, couper la climatisation en laissant la ventilation.<\/span><\/p>\n<\/blockquote>\n<\/li>\n<\/ol>\n<\/div><div class=\"fusion-sep-clear\"><\/div><div class=\"fusion-separator fusion-full-width-sep\" style=\"margin-left: auto;margin-right: auto;margin-top:40px;width:100%;\"><\/div><div class=\"fusion-sep-clear\"><\/div><div class=\"fusion-image-element in-legacy-container\" style=\"--awb-aspect-ratio:1 \/ 1;--awb-caption-title-font-family:var(--h2_typography-font-family);--awb-caption-title-font-weight:var(--h2_typography-font-weight);--awb-caption-title-font-style:var(--h2_typography-font-style);--awb-caption-title-size:var(--h2_typography-font-size);--awb-caption-title-transform:var(--h2_typography-text-transform);--awb-caption-title-line-height:var(--h2_typography-line-height);--awb-caption-title-letter-spacing:var(--h2_typography-letter-spacing);\"><span class=\" fusion-imageframe imageframe-none imageframe-1 hover-type-none has-aspect-ratio\"><img decoding=\"async\" width=\"300\" height=\"300\" title=\"Eco Conduite\" src=\"https:\/\/www.service-public.pf\/dtt\/wp-content\/uploads\/sites\/47\/2022\/10\/Eco-conduite.jpeg\" data-orig-src=\"https:\/\/www.service-public.pf\/dtt\/wp-content\/uploads\/sites\/47\/2022\/10\/Eco-conduite-300x300.jpeg\" class=\"lazyload img-responsive wp-image-2120 img-with-aspect-ratio\" data-parent-fit=\"cover\" data-parent-container=\".fusion-image-element\" alt srcset=\"data:image\/svg+xml,%3Csvg%20xmlns%3D%27http%3A%2F%2Fwww.w3.org%2F2000%2Fsvg%27%20width%3D%272048%27%20height%3D%272048%27%20viewBox%3D%270%200%202048%202048%27%3E%3Crect%20width%3D%272048%27%20height%3D%272048%27%20fill-opacity%3D%220%22%2F%3E%3C%2Fsvg%3E\" data-srcset=\"https:\/\/www.service-public.pf\/dtt\/wp-content\/uploads\/sites\/47\/2022\/10\/Eco-conduite-200x200.jpeg 200w, https:\/\/www.service-public.pf\/dtt\/wp-content\/uploads\/sites\/47\/2022\/10\/Eco-conduite-400x400.jpeg 400w, https:\/\/www.service-public.pf\/dtt\/wp-content\/uploads\/sites\/47\/2022\/10\/Eco-conduite-600x600.jpeg 600w, https:\/\/www.service-public.pf\/dtt\/wp-content\/uploads\/sites\/47\/2022\/10\/Eco-conduite-800x800.jpeg 800w, https:\/\/www.service-public.pf\/dtt\/wp-content\/uploads\/sites\/47\/2022\/10\/Eco-conduite-1200x1200.jpeg 1200w\" data-sizes=\"auto\" data-orig-sizes=\"(max-width: 800px) 100vw, 300px\" \/><\/span><\/div><div class=\"fusion-sep-clear\"><\/div><div class=\"fusion-separator fusion-full-width-sep\" style=\"margin-left: auto;margin-right: auto;margin-top:40px;width:100%;\"><\/div><div class=\"fusion-sep-clear\"><\/div><div class=\"fusion-text fusion-text-6\" style=\"--awb-margin-left:10px;\"><h1><span style=\"color: #339966\"><span style=\"color: #ff6600\">Pourquoi ne pas essayer le co-voiturage ?<\/span><br \/>\n<\/span><\/h1>\n<\/div><div class=\"fusion-flip-boxes flip-boxes row fusion-columns-1 flip-effect-classic\" style=\"--awb-flip-duration:1.4s;\"><div class=\"fusion-flip-box-wrapper fusion-column col-lg-12 col-md-12 col-sm-12\"><div class=\"fusion-flip-box flip-right\" tabindex=\"0\"><div class=\"flip-box-inner-wrapper\"><div class=\"flip-box-front\" style=\"--awb-background-color-front:rgba(219,181,94,0.84);--awb-background-image-front:url(&#039;https:\/\/www.service-public.pf\/dtt\/wp-content\/uploads\/sites\/47\/2022\/09\/Ecomob-covoiturage-300x300.png&#039;);--awb-background-front-blend-mode:overlay;\"><div class=\"flip-box-front-inner\"><div class=\"flip-box-grafix flip-box-circle\"><i aria-hidden=\"true\" class=\"fa-car fas\"><\/i><\/div><\/div><\/div><div class=\"flip-box-back\" style=\"--awb-background-color-back:#e5e1b0;\"><div class=\"flip-box-back-inner\">\n<div class=\"page\" title=\"Page 1\">\n<div class=\"section\">\n<div class=\"layoutArea\">\n<div class=\"column\">\n<p><span style=\"color: #ff6600\">Le covoiturage est un mode de de\u0301placement alternatif a\u0300 la voiture individuelle. Il correspond au partage d\u2019un moyen de transport par un conducteur et un ou des passagers au cours d\u2019un me\u0302me trajet. Il peut donc e\u0302tre effectue\u0301 entre membres de la famille, amis, colle\u0300gues de travail ou avec des inconnus.<\/span><\/p>\n<div class=\"page\" title=\"Page 1\">\n<div class=\"section\">\n<div class=\"layoutArea\">\n<div class=\"column\">\n<p><span style=\"color: #ff6600\"><strong>Les avantages du covoiturage<\/strong><\/span><\/p>\n<p><span style=\"color: #ff6600\">Il existe plusieurs bonnes raisons de faire du covoiturage :<\/span><br \/>\n<span style=\"color: #ff6600\">\u25cb <strong>De\u0301sencombrer les routes<\/strong> et permettre un gain de temps en re\u0301duisant les embouteillages aux heures de\u00a0pointe ;<\/span><\/p>\n<p><span style=\"color: #ff6600\">\u25cb <strong>Faire des e\u0301conomies :<\/strong> l\u2019entretien d\u2019une voiture, l\u2019essence, les places de parking, tout cela a un cou\u0302t qui pourrait e\u0302tre divise\u0301 avec les covoiture\u0301s ;<\/span><\/p>\n<p><span style=\"color: #ff6600\">\u25cb <strong>Moins de pollution :<\/strong> utiliser un ve\u0301hicule commun pluto\u0302t qu\u2019un ve\u0301hicule par personne ge\u0301ne\u0300re moins de pollution ;<\/span><\/p>\n<p><span style=\"color: #ff6600\">\u25cb<strong> Plus de convivialite\u0301 :<\/strong> c\u2019est l\u2019occasion d\u2019e\u0301changer avec de nouvelles personnes ou bien d\u2019apprendre a\u0300 mieux connai\u0302tre votre entourage !<\/span><\/p>\n<\/div>\n<\/div>\n<\/div>\n<\/div>\n<\/div>\n<\/div>\n<\/div>\n<\/div>\n<\/div><\/div><\/div><\/div><\/div><\/div><div class=\"clearfix\"><\/div><div class=\"fusion-clearfix\"><\/div><\/div><\/div><\/div><\/div><div class=\"fusion-fullwidth fullwidth-box fusion-builder-row-2 nonhundred-percent-fullwidth non-hundred-percent-height-scrolling\" style=\"--awb-border-radius-top-left:0px;--awb-border-radius-top-right:0px;--awb-border-radius-bottom-right:0px;--awb-border-radius-bottom-left:0px;--awb-flex-wrap:wrap;\" ><div class=\"fusion-builder-row fusion-row\"><div class=\"fusion-layout-column fusion_builder_column fusion-builder-column-1 fusion_builder_column_1_1 1_1 fusion-one-full fusion-column-first fusion-column-last\" style=\"--awb-overflow:hidden;--awb-bg-position:right top;--awb-bg-blend:screen;--awb-bg-size:cover;--awb-border-radius:5px 5px 5px 5px;\"><div class=\"fusion-column-wrapper lazyload fusion-column-has-shadow fusion-flex-column-wrapper-legacy fusion-column-has-bg-image\" data-bg-url=\"https:\/\/www.service-public.pf\/dtt\/wp-content\/uploads\/sites\/47\/2022\/09\/fond-200x300.png\" data-bg=\"https:\/\/www.service-public.pf\/dtt\/wp-content\/uploads\/sites\/47\/2022\/09\/fond-200x300.png\"><div class=\"fusion-text fusion-text-7\" style=\"--awb-margin-right:5%;--awb-margin-left:28%;\"><h1 style=\"text-align: left\"><strong><span style=\"color: #000080;font-size: 36pt\">Quelques conseils pour une \u00e9co-conduite<\/span><\/strong><\/h1>\n<\/div><div class=\"fusion-text fusion-text-8\" style=\"--awb-margin-right:5px;--awb-margin-left:5px;\"><h2 style=\"text-align: center\"><span style=\"color: #000080;font-size: 24pt\">Avant le d\u00e9part<\/span><\/h2>\n<\/div><div class=\"fusion-text fusion-text-9\" style=\"--awb-margin-right:5%;--awb-margin-left:28%;\"><div class=\"page\" title=\"Page 26\">\n<div class=\"section\">\n<div class=\"layoutArea\">\n<div class=\"column\">\n<ul style=\"list-style-type: circle\">\n<li>Pre\u0301voir son itine\u0301raire et son heure de de\u0301part pour e\u0301viter les de\u0301tours inutiles et embouteillages<\/li>\n<li>E\u0301viter la voiture pour les trajets courts, pre\u0301fe\u0301rer la marche, le ve\u0301lo&#8230;<\/li>\n<li>Alle\u0301ger le ve\u0301hicule en enlevant les masses inutiles :<\/li>\n<li>100kg de charge inutile dans le coffre : jusqu\u2019a + 6,7%<\/li>\n<li>galerie \/ barre de toit vide : jusqu\u2019a\u0300 + 8% de consommation<\/li>\n<li>galeries \/ barres de toit avec chargement : jusqu\u2019a\u0300 + 40% de consommation<\/li>\n<li>Ve\u0301rifier le gonflage des pneus une fois par mois. Pneus sous gonfle\u0301s : jusqu\u2019a\u0300 + 8% de consommation<\/li>\n<\/ul>\n<\/div>\n<\/div>\n<\/div>\n<\/div>\n<\/div><div class=\"fusion-text fusion-text-10\" style=\"--awb-margin-right:5px;--awb-margin-left:5px;\"><h2 style=\"text-align: center\"><span style=\"color: #000080;font-size: 24pt\">Au d\u00e9part d&rsquo;un trajet<\/span><\/h2>\n<\/div><div class=\"fusion-text fusion-text-11\" style=\"--awb-margin-right:5%;--awb-margin-left:28%;\"><div class=\"page\" title=\"Page 26\">\n<div class=\"section\">\n<div class=\"layoutArea\">\n<div class=\"column\">\n<ul style=\"list-style-type: circle\">\n<li>De\u0301marrer le moteur juste avant le de\u0301part sans acce\u0301le\u0301rer<\/li>\n<li>De\u0300s le moteur de\u0301marre\u0301, commencer a\u0300 rouler a\u0300 allure mode\u0301re\u0301e sans faire pre\u0301chauffer le moteur<\/li>\n<\/ul>\n<\/div>\n<\/div>\n<\/div>\n<\/div>\n<\/div><div class=\"fusion-text fusion-text-12\" style=\"--awb-margin-right:5px;--awb-margin-left:5px;\"><h2 style=\"text-align: center\"><span style=\"color: #000080;font-size: 24pt\">La conduite \u00e9conome<\/span><\/h2>\n<\/div><div class=\"fusion-text fusion-text-13\" style=\"--awb-margin-right:5%;--awb-margin-left:28%;\"><div class=\"page\" title=\"Page 26\">\n<div class=\"section\">\n<div class=\"layoutArea\">\n<div class=\"column\">\n<ul style=\"list-style-type: circle\">\n<li>Lors de l\u2019acce\u0301le\u0301ration : passer le rapport de vitesse supe\u0301rieure de\u0300s 2500 tours\/mn (ve\u0301hicule essence) ou 2000 tr\/mn (ve\u0301hicule diesel)<\/li>\n<li>Regarder au loin et anticiper la circulation : e\u0301viter les freinages et acce\u0301le\u0301rations brusques<\/li>\n<li>Pour ralentir ou en descente utiliser le frein moteur<\/li>\n<li>Pour les virages, ne pas re\u0301trograder : ralentir a\u0300 l\u2019entre\u0301e du virage\u00a0et acce\u0301le\u0301rer a\u0300 la sortie du virage sans changer de rapport de vitesse<\/li>\n<li>Surveiller les instruments de bord : compte tour, e\u0301conome\u0300tre indiquant la consommation instantane\u0301e de carburant<\/li>\n<\/ul>\n<\/div>\n<\/div>\n<\/div>\n<\/div>\n<\/div><div class=\"fusion-text fusion-text-14\" style=\"--awb-margin-right:5px;--awb-margin-left:5px;\"><h2 style=\"text-align: center\"><span style=\"color: #000080;font-size: 24pt\">Les arr\u00eats<\/span><\/h2>\n<\/div><div class=\"fusion-text fusion-text-15\" style=\"--awb-margin-right:5%;--awb-margin-left:28%;\"><div class=\"page\" title=\"Page 26\">\n<div class=\"section\">\n<div class=\"layoutArea\">\n<div class=\"column\">\n<ul style=\"list-style-type: circle\">\n<li>Stopper le moteur pour tous les arre\u0302ts courts (&gt; 20 secondes) : arre\u0302t temporaire, feu rouge, embouteillage&#8230;<\/li>\n<li>Stopper si possible le ve\u0301hicule a\u0300 l\u2019ombre et vitres ouvertes.<\/li>\n<\/ul>\n<\/div>\n<\/div>\n<\/div>\n<\/div>\n<\/div><div class=\"fusion-text fusion-text-16\" style=\"--awb-margin-right:5px;--awb-margin-left:5px;\"><h2 style=\"text-align: center\"><span style=\"color: #000080;font-size: 24pt\">La climatisation<\/span><\/h2>\n<\/div><div class=\"fusion-text fusion-text-17\" style=\"--awb-margin-right:5%;--awb-margin-left:28%;\"><div class=\"page\" title=\"Page 26\">\n<div class=\"section\">\n<div class=\"layoutArea\">\n<div class=\"column\">\n<ul style=\"list-style-type: circle\">\n<li>La climatisation utilise\u0301e en permanence repre\u0301sente une surconsommation moyenne de 31% pour une circulation en ville<\/li>\n<\/ul>\n<\/div>\n<\/div>\n<\/div>\n<\/div>\n<\/div><div class=\"fusion-text fusion-text-18\" style=\"--awb-margin-right:5px;--awb-margin-left:5px;\"><h2 style=\"text-align: center\"><span style=\"color: #000080;font-size: 24pt\">L&rsquo;entretien<\/span><\/h2>\n<\/div><div class=\"fusion-text fusion-text-19\" style=\"--awb-margin-right:5%;--awb-margin-left:28%;\"><div class=\"page\" title=\"Page 26\">\n<div class=\"section\">\n<div class=\"layoutArea\">\n<div class=\"column\">\n<ul style=\"list-style-type: circle\">\n<li>Faire l&rsquo;entretien re\u0301gulier : vidange, climatisation, e\u0301clairage, paralle\u0301lisme, filtre a\u0300 air, pression des pneus&#8230;<\/li>\n<\/ul>\n<\/div>\n<\/div>\n<\/div>\n<\/div>\n<\/div><div class=\"fusion-clearfix\"><\/div><\/div><\/div><\/div><\/div><\/p>\n","protected":false},"excerpt":{"rendered":"","protected":false},"author":270,"featured_media":0,"parent":0,"menu_order":0,"comment_status":"closed","ping_status":"closed","template":"","meta":{"_acf_changed":false,"_seopress_robots_primary_cat":"","_seopress_titles_title":"","_seopress_titles_desc":"","_seopress_robots_index":"","footnotes":""},"class_list":["post-1762","page","type-page","status-publish","hentry"],"acf":[],"_links":{"self":[{"href":"https:\/\/www.service-public.pf\/dtt\/wp-json\/wp\/v2\/pages\/1762","targetHints":{"allow":["GET"]}}],"collection":[{"href":"https:\/\/www.service-public.pf\/dtt\/wp-json\/wp\/v2\/pages"}],"about":[{"href":"https:\/\/www.service-public.pf\/dtt\/wp-json\/wp\/v2\/types\/page"}],"author":[{"embeddable":true,"href":"https:\/\/www.service-public.pf\/dtt\/wp-json\/wp\/v2\/users\/270"}],"replies":[{"embeddable":true,"href":"https:\/\/www.service-public.pf\/dtt\/wp-json\/wp\/v2\/comments?post=1762"}],"version-history":[{"count":0,"href":"https:\/\/www.service-public.pf\/dtt\/wp-json\/wp\/v2\/pages\/1762\/revisions"}],"wp:attachment":[{"href":"https:\/\/www.service-public.pf\/dtt\/wp-json\/wp\/v2\/media?parent=1762"}],"curies":[{"name":"wp","href":"https:\/\/api.w.org\/{rel}","templated":true}]}}